{"id":19031,"date":"2021-10-28T13:36:27","date_gmt":"2021-10-28T11:36:27","guid":{"rendered":"https:\/\/dev.galagar.com\/soudage-mma\/"},"modified":"2021-10-28T13:36:27","modified_gmt":"2021-10-28T11:36:27","slug":"soudage-mma","status":"publish","type":"page","link":"https:\/\/galagar.com\/fr\/soudage-mma\/","title":{"rendered":"Soudage MMA"},"content":{"rendered":"<h2>Soudage MMA<br \/>\n(soudage \u00e0 l&#8217;\u00e9lectrode)<\/h2>\n<h3>1. Processus de soudage \u00e0 l&#8217;\u00e9lectrode en b\u00e2ton<\/h3>\n<p>L&#8217;arc \u00e9lectrique provoque la fusion du m\u00e9tal de base et du m\u00e9tal d&#8217;apport, r\u00e9alisant un transfert de m\u00e9tal en fusion au moyen de ce que l&#8217;on appelle la colonne de plasma, qui n&#8217;est rien d&#8217;autre qu&#8217;une atmosph\u00e8re ionis\u00e9e caus\u00e9e par une partie de l&#8217;air environnant et par les gaz provenant de la fusion des \u00e9l\u00e9ments de scorification de l&#8217;\u00e9lectrode elle-m\u00eame.<\/p>\n<p>En outre, certains \u00e9l\u00e9ments chimiques m\u00e9talliques peuvent \u00e9galement \u00eatre ajout\u00e9s au flux pour compl\u00e9ter ou enrichir le nouveau m\u00e9tal obtenu dans le cordon de soudure, en apportant \u00e0 leur tour une partie des \u00e9l\u00e9ments vaporis\u00e9s sous l&#8217;action de la temp\u00e9rature. Il est recouvert en permanence par le laitier en fusion qui contribue \u00e0 achever le processus de soudage, en refroidissant et en prot\u00e9geant le cordon de soudure \u00e0 tout moment.<\/p>\n<h3>Gala Gar dispose de diff\u00e9rents types d&#8217;\u00e9quipements pour le soudage \u00e0 l&#8217;\u00e9lectrode.<\/h3>\n<h4>Transformateurs<\/h4>\n<p>Sa fonction de base est de modifier les valeurs du courant et de la tension du r\u00e9seau. Cet \u00e9quipement est constitu\u00e9 d&#8217;un noyau magn\u00e9tique entre deux fils formant deux bobines, l&#8217;une primaire et l&#8217;autre secondaire.<\/p>\n<p>Ces dispositifs sont toujours \u00e0 courant alternatif et donc sans polarit\u00e9.<\/p>\n<p>Ils sont recommand\u00e9s pour les grandes \u00e9paisseurs, mais offrent un arc \u00e9lectrique l\u00e9g\u00e8rement instable.<\/p>\n<h4>Redresseurs<\/h4>\n<p>Ils sont constitu\u00e9s d&#8217;un transformateur, qui fait ensuite passer le courant \u00e0 travers un \u00e9l\u00e9ment \u00e9lectrique appel\u00e9 diode, modifiant ainsi le courant alternatif du r\u00e9seau en courant continu, en s\u00e9parant la polarit\u00e9 et en choisissant, \u00e0 volont\u00e9, sa connexion.<\/p>\n<h4>\u00c9quipement d&#8217;onduleur<\/h4>\n<p>Il s&#8217;agit d&#8217;un appareil de soudage ou de coupage dont la puissance de sortie est r\u00e9gl\u00e9e au moyen d&#8217;un syst\u00e8me de contr\u00f4le \u00e9lectronique capable de convertir la fr\u00e9quence du r\u00e9seau de 50 Hz en un signal d&#8217;une fr\u00e9quence comprise entre 50 et 100 kHz, ce qui permet de r\u00e9duire consid\u00e9rablement la taille de l&#8217;appareil.<\/p>\n<h3>3. Fonctions sp\u00e9ciales dans le soudage \u00e0 l&#8217;\u00e9lectrode<\/h3>\n<p><strong>HOT START<\/strong><\/p>\n<p>Amplificateur de courant qui assiste l&#8217;allumage au moyen d&#8217;une induction \u00e9lectrique qui facilite l&#8217;allumage de l&#8217;\u00e9lectrode.<\/p>\n<p><strong>ARC FORCE<\/strong><\/p>\n<p>Syst\u00e8me de contr\u00f4le qui lit la tension de soudage et r\u00e9gule la force de l&#8217;arc pour r\u00e9duire ou augmenter la taille de la fusion, ce qui permet de maintenir l&#8217;arc \u00e9lectrique plus stable.<\/p>\n<p><strong>ANTI-STICK<\/strong><\/p>\n<p>En cas de contact, il emp\u00eache l&#8217;\u00e9lectrode de coller et r\u00e9duit le courant de l&#8217;\u00e9quipement.<\/p>\n<h3>4. TYPE D&#8217;\u00c9LECTRODES<\/h3>\n<p><strong>GALA B50 Electrodes de base E-7018-1<\/strong><\/p>\n<p>Il s&#8217;agit d&#8217;un type d&#8217;\u00e9lectrode basique de haute qualit\u00e9, contenant une teneur \u00e9lev\u00e9e en mangan\u00e8se, qui la rend excellente pour toutes les applications de soudage soumises \u00e0 une r\u00e9sistance \u00e9lev\u00e9e et \u00e0 des charges dynamiques, et pour lesquelles un mat\u00e9riau d\u00e9pos\u00e9 de haute performance de l&#8217;assemblage soud\u00e9 est n\u00e9cessaire.<\/p>\n<p>Il offre un rendement de 115 % et convient \u00e0 tous les types de travaux dans les secteurs de l&#8217;ing\u00e9nierie, des travaux publics, des chantiers navals, de la chaudronnerie lourde, des ponts roulants, des r\u00e9servoirs, des machines lourdes et de terrassement, de l&#8217;exploitation mini\u00e8re, des chariots, de l&#8217;entretien, etc.<\/p>\n<p>Convient aux aciers faiblement alli\u00e9s et aux aciers \u00e0 haute teneur en carbone.<\/p>\n<p>Valable dans toutes les positions, sauf \u00e0 la verticale vers le bas.<\/p>\n<p>La temp\u00e9rature de s\u00e9chage recommand\u00e9e est d&#8217;environ 300\u00ba. 2 heures.<\/p>\n<p><strong>  \u00c9lectrodes en rutile GALA 46 E-6013<\/strong><\/p>\n<p>Il s&#8217;agit d&#8217;un type d&#8217;\u00e9lectrode universel, avec une excellente soudabilit\u00e9, adapt\u00e9 aux travaux g\u00e9n\u00e9riques, dans l&#8217;acier au carbone de toute \u00e9paisseur, la menuiserie m\u00e9tallique, la serrurerie, la chaudronnerie, etc.<\/p>\n<p>Particuli\u00e8rement utile pour le soudage en position verticale vers le bas o\u00f9 la plupart des \u00e9lectrodes rutiles n&#8217;ont pas de soudabilit\u00e9, celle-ci au contraire peut donner la sensation de plus de projections, et d&#8217;un possible \u00e9chauffement de l&#8217;\u00e9lectrode \u00e0 des intensit\u00e9s \u00e9lev\u00e9es.<\/p>\n<p>Comme pour tous les types d&#8217;\u00e9lectrodes, il est recommand\u00e9 d&#8217;entretenir le produit de mani\u00e8re logique et de le s\u00e9cher si n\u00e9cessaire \u00e0 des temp\u00e9ratures d&#8217;environ 150-250\u00ba. 30-90 min.<\/p>\n<p><strong>\u00c9lectrodes en acier inoxydable GALA INOX E-316L-16<\/strong><\/p>\n<p>Electrode en acier inoxydable de type rutile pour un usage universel avec une excellente soudabilit\u00e9, peu de fum\u00e9es et de projections. Outre les aciers inoxydables, il peut \u00eatre utilis\u00e9 avec des aciers au carbone faiblement alli\u00e9s et des aciers contenant du chrome, du nickel et du molybd\u00e8ne.<\/p>\n<p>Convient aussi bien pour des travaux g\u00e9n\u00e9riques que pour des joints et\/ou des r\u00e9parations de qualit\u00e9 extr\u00eame dans des applications telles que : r\u00e9servoirs, tuyauterie, industrie textile, industrie chimique, peintures, traitement de l&#8217;eau, usines de recyclage, fours, etc.<\/p>\n<p>Le m\u00e9tal d\u00e9pos\u00e9, outre d&#8217;excellentes propri\u00e9t\u00e9s m\u00e9caniques, est inalt\u00e9rable et parfaitement r\u00e9sistant \u00e0 l&#8217;attaque des acides et des \u00e9l\u00e9ments corrosifs, m\u00eame \u00e0 des temp\u00e9ratures sup\u00e9rieures \u00e0 +400\u00baC.<\/p>\n<p>Il est important d&#8217;\u00e9liminer toute trace d&#8217;humidit\u00e9 de votre rev\u00eatement en le s\u00e9chant \u00e0 300\u00b0C pendant 2 heures.<\/p>\n<h3>5. Ex\u00e9cution du soudage \u00e0 l&#8217;\u00e9lectrode<\/h3>\n<ol class=\"gal-color-list-o\">\n<li>Choix et s\u00e9chage de l&#8217;\u00e9lectrode.<\/li>\n<li>Pr\u00e9-nettoyage et contr\u00f4le du mat\u00e9riel \u00e0 souder.<\/li>\n<li>R\u00e9glage de l&#8217;\u00e9quipement de soudage.<\/li>\n<li>Test d&#8217;intensit\u00e9 sur la plaque de montage.<\/li>\n<li>Souder l&#8217;\u00e9chantillon en position.<\/li>\n<li>Nettoyage final.<\/li>\n<\/ol>\n<h4>5.1. Choix et s\u00e9chage de l&#8217;\u00e9lectrode.<\/h4>\n<p>L&#8217;\u00e9lectrode est choisie en fonction du mat\u00e9riau \u00e0 souder et, selon le type d&#8217;\u00e9lectrode, il est conseill\u00e9 de la pr\u00e9-s\u00e9cher dans un four.<\/p>\n<p>Une humidit\u00e9 excessive dans le rev\u00eatement peut entra\u00eener la formation de pores dans la soudure, et l&#8217;hydrog\u00e8ne provenant de l&#8217;humidit\u00e9 peut entra\u00eener une fissuration \u00e0 froid. Par cons\u00e9quent, selon le type d&#8217;\u00e9lectrodes, un pr\u00e9-s\u00e9chage dans une \u00e9tuve ou un four de s\u00e9chage doit \u00eatre effectu\u00e9.<\/p>\n<p><strong>Quelles \u00e9lectrodes doivent \u00eatre s\u00e9ch\u00e9es ?<\/strong><\/p>\n<p>Les \u00e9lectrodes de base doivent \u00eatre s\u00e9ch\u00e9es avant d&#8217;\u00eatre utilis\u00e9es lorsqu&#8217;il y a des exigences m\u00e9caniques concernant l&#8217;entr\u00e9e du m\u00e9tal et\/ou la qualit\u00e9 radiographique dans les applications.<\/p>\n<p>Les \u00e9lectrodes pour aciers inoxydables de type rutile-acide et tous les types basiques peuvent produire des pores si elles n&#8217;ont pas \u00e9t\u00e9 stock\u00e9es dans de bonnes conditions. En s\u00e9chant les \u00e9lectrodes, nous les r\u00e9cup\u00e9rons pour les utiliser.<\/p>\n<p>Les \u00e9lectrodes pour les aciers au carbone de type rutile et acide ne n\u00e9cessitent normalement pas de re-s\u00e9chage.<\/p>\n<p>Les \u00e9lectrodes cellulosiques ne doivent pas se dess\u00e9cher.<\/p>\n<p>Les \u00e9lectrodes fortement endommag\u00e9es par l&#8217;humidit\u00e9 ne donneront pas de r\u00e9sultats optimaux, m\u00eame apr\u00e8s s\u00e9chage. Il convient donc de les \u00e9carter.<\/p>\n<h4>5.2. Pr\u00e9-nettoyage et contr\u00f4le du mat\u00e9riel \u00e0 souder.<\/h4>\n<p>Nous \u00e9liminons les traces de rouille, de peinture, etc. afin d&#8217;\u00e9viter la contamination de l&#8217;\u00e9prouvette.<\/p>\n<h4>5.3. R\u00e9glage de l&#8217;\u00e9quipement de soudage.<\/h4>\n<p>En fonction du diam\u00e8tre et du type d&#8217;\u00e9lectrode, nous ajusterons l&#8217;intensit\u00e9 de l&#8217;\u00e9quipement.<\/p>\n<p>&nbsp;<\/p>\n<div class=\"table-2\">\n<table width=\"100%\">\n<thead>\n<tr>\n<th colspan=\"2\" rowspan=\"2\" align=\"center\"><strong>TYPE<\/strong><\/th>\n<th rowspan=\"2\" align=\"center\"><strong>DIAM\u00c8TRE<\/strong><\/th>\n<th colspan=\"3\" align=\"center\"><strong>INTENSIT\u00c9<\/strong><\/th>\n<\/tr>\n<tr>\n<th class=\"col-plano\" align=\"center\"><strong>Carte<\/strong><\/th>\n<th class=\"col-angulo\" align=\"center\"><strong>Angle<\/strong><\/th>\n<th class=\"col-ascendente\" align=\"center\"><strong>Ascendant<\/strong><\/th>\n<\/tr>\n<\/thead>\n<tbody>\n<tr>\n<td rowspan=\"6\" align=\"center\">RUTILO<\/td>\n<td rowspan=\"6\" align=\"center\">E-6013<\/td>\n<td align=\"center\">2,0<\/td>\n<td class=\"col-plano\" align=\"center\">50<\/td>\n<td class=\"col-angulo\" align=\"center\">65<\/td>\n<td class=\"col-ascendente\" align=\"center\">38<\/td>\n<\/tr>\n<tr>\n<td align=\"center\">2,5<\/td>\n<td class=\"col-plano\" align=\"center\">75<\/td>\n<td class=\"col-angulo\" align=\"center\">97<\/td>\n<td class=\"col-ascendente\" align=\"center\">58<\/td>\n<\/tr>\n<tr>\n<td align=\"center\">3,25<\/td>\n<td class=\"col-plano\" align=\"center\">113<\/td>\n<td class=\"col-angulo\" align=\"center\">146<\/td>\n<td class=\"col-ascendente\" align=\"center\">87<\/td>\n<\/tr>\n<tr>\n<td align=\"center\">4,0<\/td>\n<td class=\"col-plano\" align=\"center\">150<\/td>\n<td class=\"col-angulo\" align=\"center\">195<\/td>\n<td class=\"col-ascendente\" align=\"center\">115<\/td>\n<\/tr>\n<tr>\n<td align=\"center\">5,0<\/td>\n<td class=\"col-plano\" align=\"center\">200<\/td>\n<td class=\"col-angulo\" align=\"center\"><\/td>\n<td class=\"col-ascendente\" align=\"center\">154<\/td>\n<\/tr>\n<tr>\n<td align=\"center\">6,0<\/td>\n<td class=\"col-plano\" align=\"center\"><\/td>\n<td class=\"col-angulo\" align=\"center\"><\/td>\n<td class=\"col-ascendente\" align=\"center\">192<\/td>\n<\/tr>\n<tr>\n<td rowspan=\"5\" align=\"center\">BASIC<\/td>\n<td rowspan=\"5\" align=\"center\">E-7016<br \/>\nE-7018<\/td>\n<td align=\"center\">2,0<\/td>\n<td class=\"col-plano\" align=\"center\">60<\/td>\n<td class=\"col-angulo\" align=\"center\">78<\/td>\n<td class=\"col-ascendente\" align=\"center\">46<\/td>\n<\/tr>\n<tr>\n<td align=\"center\">2,5<\/td>\n<td class=\"col-plano\" align=\"center\">90<\/td>\n<td class=\"col-angulo\" align=\"center\">117<\/td>\n<td class=\"col-ascendente\" align=\"center\">69<\/td>\n<\/tr>\n<tr>\n<td align=\"center\">3,25<\/td>\n<td class=\"col-plano\" align=\"center\">135<\/td>\n<td class=\"col-angulo\" align=\"center\">176<\/td>\n<td class=\"col-ascendente\" align=\"center\">104<\/td>\n<\/tr>\n<tr>\n<td align=\"center\">4,0<\/td>\n<td class=\"col-plano\" align=\"center\">180<\/td>\n<td class=\"col-angulo\" align=\"center\"><\/td>\n<td class=\"col-ascendente\" align=\"center\">138<\/td>\n<\/tr>\n<tr>\n<td align=\"center\">5,0<\/td>\n<td class=\"col-plano\" align=\"center\"><\/td>\n<td class=\"col-angulo\" align=\"center\"><\/td>\n<td class=\"col-ascendente\" align=\"center\">185<\/td>\n<\/tr>\n<tr>\n<td rowspan=\"6\" align=\"center\">CELLULOSE<\/td>\n<td rowspan=\"6\" align=\"center\">E-6010<br \/>\nE-7010<br \/>\nE-8010<\/td>\n<td align=\"center\">2,0<\/td>\n<td class=\"col-plano\" align=\"center\">45<\/td>\n<td class=\"col-angulo\" align=\"center\">59<\/td>\n<td class=\"col-ascendente\" align=\"center\">35<\/td>\n<\/tr>\n<tr>\n<td align=\"center\">2,5<\/td>\n<td class=\"col-plano\" align=\"center\">68<\/td>\n<td class=\"col-angulo\" align=\"center\">88<\/td>\n<td class=\"col-ascendente\" align=\"center\">52<\/td>\n<\/tr>\n<tr>\n<td align=\"center\">3,25<\/td>\n<td class=\"col-plano\" align=\"center\">101<\/td>\n<td class=\"col-angulo\" align=\"center\">132<\/td>\n<td class=\"col-ascendente\" align=\"center\">78<\/td>\n<\/tr>\n<tr>\n<td align=\"center\">4,0<\/td>\n<td class=\"col-plano\" align=\"center\">135<\/td>\n<td class=\"col-angulo\" align=\"center\">176<\/td>\n<td class=\"col-ascendente\" align=\"center\">104<\/td>\n<\/tr>\n<tr>\n<td align=\"center\">5,0<\/td>\n<td class=\"col-plano\" align=\"center\">180<\/td>\n<td class=\"col-angulo\" align=\"center\"><\/td>\n<td class=\"col-ascendente\" align=\"center\">138<\/td>\n<\/tr>\n<tr>\n<td align=\"center\">6,0<\/td>\n<td class=\"col-plano\" align=\"center\"><\/td>\n<td class=\"col-angulo\" align=\"center\"><\/td>\n<td class=\"col-ascendente\" align=\"center\">173<\/td>\n<\/tr>\n<tr>\n<td rowspan=\"4\" align=\"center\">ACIER INOXYDABLE<\/td>\n<td rowspan=\"4\" align=\"center\">E-308L<br \/>\nE-316L<\/td>\n<td align=\"center\">2,0<\/td>\n<td class=\"col-plano\" align=\"center\">50<\/td>\n<td class=\"col-angulo\" align=\"center\">65<\/td>\n<td class=\"col-ascendente\" align=\"center\">38<\/td>\n<\/tr>\n<tr>\n<td align=\"center\">2,5<\/td>\n<td class=\"col-plano\" align=\"center\">75<\/td>\n<td class=\"col-angulo\" align=\"center\">97<\/td>\n<td class=\"col-ascendente\" align=\"center\">58<\/td>\n<\/tr>\n<tr>\n<td align=\"center\">3,25<\/td>\n<td class=\"col-plano\" align=\"center\">113<\/td>\n<td class=\"col-angulo\" align=\"center\">146<\/td>\n<td class=\"col-ascendente\" align=\"center\">87<\/td>\n<\/tr>\n<tr>\n<td align=\"center\">4,0<\/td>\n<td class=\"col-plano\" align=\"center\">150<\/td>\n<td class=\"col-angulo\" align=\"center\">195<\/td>\n<td class=\"col-ascendente\" align=\"center\">115<\/td>\n<\/tr>\n<tr>\n<td rowspan=\"3\" align=\"center\">ALUMINIUM<\/td>\n<td rowspan=\"3\" align=\"center\">E-12<\/td>\n<td align=\"center\">2,0<\/td>\n<td class=\"col-plano\" align=\"center\">75<\/td>\n<td class=\"col-angulo\" align=\"center\">97<\/td>\n<td class=\"col-ascendente\" align=\"center\">58<\/td>\n<\/tr>\n<tr>\n<td align=\"center\">3,25<\/td>\n<td class=\"col-plano\" align=\"center\">95<\/td>\n<td class=\"col-angulo\" align=\"center\">146<\/td>\n<td class=\"col-ascendente\" align=\"center\">87<\/td>\n<\/tr>\n<tr>\n<td align=\"center\">4,0<\/td>\n<td class=\"col-plano\" align=\"center\">120<\/td>\n<td class=\"col-angulo\" align=\"center\">195<\/td>\n<td class=\"col-ascendente\" align=\"center\">115<\/td>\n<\/tr>\n<\/tbody>\n<\/table>\n<\/div>\n<p>&nbsp;<\/p>\n<p style=\"text-align: center;\">* Valeurs estim\u00e9es<\/p>\n<p>&nbsp;<\/p>\n<p>Nous r\u00e9gulons l&#8217;intensit\u00e9, plus l&#8217;intensit\u00e9 est \u00e9lev\u00e9e, plus la p\u00e9n\u00e9tration est importante.<\/p>\n<p>R\u00e9gler l&#8217;intensit\u00e9 en fonction de la position de soudage, 20% plus haut dans les angles int\u00e9rieurs et 15% plus bas dans les angles ascendants.<\/p>\n<p>La longueur de l&#8217;arc doit \u00eatre \u00e9gale \u00e0 la moiti\u00e9 du diam\u00e8tre de l&#8217;\u00e9lectrode. Il est conseill\u00e9 de maintenir la m\u00eame longueur d&#8217;arc, en \u00e9vitant les oscillations de tension et d&#8217;intensit\u00e9 qui g\u00e9n\u00e8rent une p\u00e9n\u00e9tration in\u00e9gale.<\/p>\n<p>La vitesse de d\u00e9placement doit \u00eatre r\u00e9gl\u00e9e de mani\u00e8re \u00e0 ce que l&#8217;arc \u00e9lectrique soit l\u00e9g\u00e8rement en avance sur le bain de fusion.<\/p>\n<h4>5.4. Test d&#8217;intensit\u00e9 sur la plaque de montage.<\/h4>\n<p>Pr\u00e9-soudage sur une plaque martyre pour ajuster l&#8217;arc \u00e9lectrique en fonction de la position de soudage.<\/p>\n<p>Proc\u00e9der aux r\u00e9glages du courant et r\u00e9p\u00e9ter l&#8217;essai de soudage jusqu&#8217;\u00e0 ce que le r\u00e9glage souhait\u00e9 soit atteint.<\/p>\n<h4>5.5. Souder l&#8217;\u00e9chantillon en position.<\/h4>\n<p>Ex\u00e9cuter le soudage des \u00e9chantillons dans les positions convenues.<\/p>\n<h4>5.6. Nettoyage final.<\/h4>\n<p>Enlever les r\u00e9sidus de scories \u00e0 l&#8217;aide de la pioche renforc\u00e9e et nettoyer la surface du bourrelet \u00e0 l&#8217;aide de la brosse m\u00e9tallique.<\/p>\n<p>&nbsp;<\/p>\n<h3>6. Applications du soudage \u00e0 l&#8217;\u00e9lectrode<\/h3>\n<p>Particuli\u00e8rement recommand\u00e9 pour les soudures courtes :<\/p>\n<ol class=\"gal-color-list-o\">\n<li>la r\u00e9paration et l&#8217;entretien,<\/li>\n<li>la fabrication et l&#8217;installation de tuyaux,<\/li>\n<li>ainsi que des travaux d&#8217;assemblage en ext\u00e9rieur.<\/li>\n<\/ol>\n<h3>7. Conclusion<\/h3>\n<p>Les principales caract\u00e9ristiques du proc\u00e9d\u00e9 sont sa simplicit\u00e9 et son faible co\u00fbt, ce qui en fait une proc\u00e9dure pratique et excellente pour les travaux de construction, les structures m\u00e9talliques, la maintenance et tout type de tuyauterie.<\/p>\n<p>Cependant, le proc\u00e9d\u00e9 de soudage au b\u00e2ton ne se pr\u00eate pas \u00e0 l&#8217;automatisation ou \u00e0 la semi-automatisation ; son application est essentiellement manuelle.<\/p>\n","protected":false},"excerpt":{"rendered":"<p>Soudage MMA (soudage \u00e0 l&#8217;\u00e9lectrode) 1. Processus de soudage \u00e0 l&#8217;\u00e9lectrode en b\u00e2ton L&#8217;arc \u00e9lectrique provoque la fusion du m\u00e9tal de base et du m\u00e9tal d&#8217;apport, r\u00e9alisant un transfert de m\u00e9tal en fusion au moyen de ce que l&#8217;on appelle la colonne de plasma, qui n&#8217;est rien d&#8217;autre qu&#8217;une atmosph\u00e8re ionis\u00e9e caus\u00e9e par une partie [&hellip;]<\/p>\n","protected":false},"author":1,"featured_media":0,"parent":0,"menu_order":0,"comment_status":"closed","ping_status":"closed","template":"","meta":{"_acf_changed":false,"content-type":"","inline_featured_image":false,"_monsterinsights_skip_tracking":false,"_monsterinsights_sitenote_active":false,"_monsterinsights_sitenote_note":"","_monsterinsights_sitenote_category":0,"_joinchat":[],"footnotes":""},"class_list":["post-19031","page","type-page","status-publish","hentry"],"acf":[],"yoast_head":"<!-- This site is optimized with the Yoast SEO plugin v26.4 - https:\/\/yoast.com\/wordpress\/plugins\/seo\/ -->\n<title>Soudage MMA | GALA GAR - Productos de soldadura y reguladores de gas - Gas y soldadura<\/title>\n<meta name=\"robots\" content=\"index, follow, max-snippet:-1, max-image-preview:large, max-video-preview:-1\" \/>\n<link rel=\"canonical\" href=\"https:\/\/galagar.com\/fr\/soudage-mma\/\" \/>\n<meta property=\"og:locale\" content=\"fr_FR\" \/>\n<meta property=\"og:type\" content=\"article\" \/>\n<meta property=\"og:title\" content=\"Soudage MMA | GALA GAR - Productos de soldadura y reguladores de gas - Gas y soldadura\" \/>\n<meta property=\"og:description\" content=\"Soudage MMA (soudage \u00e0 l&#8217;\u00e9lectrode) 1. Processus de soudage \u00e0 l&#8217;\u00e9lectrode en b\u00e2ton L&#8217;arc \u00e9lectrique provoque la fusion du m\u00e9tal de base et du m\u00e9tal d&#8217;apport, r\u00e9alisant un transfert de m\u00e9tal en fusion au moyen de ce que l&#8217;on appelle la colonne de plasma, qui n&#8217;est rien d&#8217;autre qu&#8217;une atmosph\u00e8re ionis\u00e9e caus\u00e9e par une partie [&hellip;]\" \/>\n<meta property=\"og:url\" content=\"https:\/\/galagar.com\/fr\/soudage-mma\/\" \/>\n<meta property=\"og:site_name\" content=\"GALA GAR - Productos de soldadura y reguladores de gas - Gas y soldadura\" \/>\n<meta property=\"article:publisher\" content=\"https:\/\/www.facebook.com\/galagarsoldadura\/\" \/>\n<meta name=\"twitter:card\" content=\"summary_large_image\" \/>\n<meta name=\"twitter:label1\" content=\"Dur\u00e9e de lecture estim\u00e9e\" \/>\n\t<meta name=\"twitter:data1\" content=\"7 minutes\" \/>\n<script type=\"application\/ld+json\" class=\"yoast-schema-graph\">{\"@context\":\"https:\/\/schema.org\",\"@graph\":[{\"@type\":\"WebPage\",\"@id\":\"https:\/\/galagar.com\/fr\/soudage-mma\/\",\"url\":\"https:\/\/galagar.com\/fr\/soudage-mma\/\",\"name\":\"Soudage MMA | GALA GAR - Productos de soldadura y reguladores de gas - Gas y soldadura\",\"isPartOf\":{\"@id\":\"https:\/\/galagar.com\/fr\/#website\"},\"datePublished\":\"2021-10-28T11:36:27+00:00\",\"breadcrumb\":{\"@id\":\"https:\/\/galagar.com\/fr\/soudage-mma\/#breadcrumb\"},\"inLanguage\":\"fr-FR\",\"potentialAction\":[{\"@type\":\"ReadAction\",\"target\":[\"https:\/\/galagar.com\/fr\/soudage-mma\/\"]}]},{\"@type\":\"BreadcrumbList\",\"@id\":\"https:\/\/galagar.com\/fr\/soudage-mma\/#breadcrumb\",\"itemListElement\":[{\"@type\":\"ListItem\",\"position\":1,\"name\":\"Inicio\",\"item\":\"https:\/\/galagar.com\/fr\/accueil\/\"},{\"@type\":\"ListItem\",\"position\":2,\"name\":\"Soudage MMA\"}]},{\"@type\":\"WebSite\",\"@id\":\"https:\/\/galagar.com\/fr\/#website\",\"url\":\"https:\/\/galagar.com\/fr\/\",\"name\":\"GALA GAR - Productos de soldadura y reguladores de gas - Gas y soldadura\",\"description\":\"Gala Gar es fabricante de tecnolog\u00eda competitiva para soldadura (MMA-TIG-MIG\/MAG-CORTE POR PLASMA), regulaci\u00f3n de gases, y para soldadura y corte por gas.\",\"publisher\":{\"@id\":\"https:\/\/galagar.com\/fr\/#organization\"},\"potentialAction\":[{\"@type\":\"SearchAction\",\"target\":{\"@type\":\"EntryPoint\",\"urlTemplate\":\"https:\/\/galagar.com\/fr\/?s={search_term_string}\"},\"query-input\":{\"@type\":\"PropertyValueSpecification\",\"valueRequired\":true,\"valueName\":\"search_term_string\"}}],\"inLanguage\":\"fr-FR\"},{\"@type\":\"Organization\",\"@id\":\"https:\/\/galagar.com\/fr\/#organization\",\"name\":\"GALA GAR welding\",\"url\":\"https:\/\/galagar.com\/fr\/\",\"logo\":{\"@type\":\"ImageObject\",\"inLanguage\":\"fr-FR\",\"@id\":\"https:\/\/galagar.com\/fr\/#\/schema\/logo\/image\/\",\"url\":\"\",\"contentUrl\":\"\",\"caption\":\"GALA GAR welding\"},\"image\":{\"@id\":\"https:\/\/galagar.com\/fr\/#\/schema\/logo\/image\/\"},\"sameAs\":[\"https:\/\/www.facebook.com\/galagarsoldadura\/\",\"https:\/\/www.linkedin.com\/company\/gala-gar-sl\/?trk=biz-companies-cym\",\"https:\/\/www.youtube.com\/user\/galagarsp\",\"https:\/\/www.instagram.com\/galagar_soldadura\/?hl=es\"]}]}<\/script>\n<!-- \/ Yoast SEO plugin. -->","yoast_head_json":{"title":"Soudage MMA | GALA GAR - Productos de soldadura y reguladores de gas - Gas y soldadura","robots":{"index":"index","follow":"follow","max-snippet":"max-snippet:-1","max-image-preview":"max-image-preview:large","max-video-preview":"max-video-preview:-1"},"canonical":"https:\/\/galagar.com\/fr\/soudage-mma\/","og_locale":"fr_FR","og_type":"article","og_title":"Soudage MMA | GALA GAR - Productos de soldadura y reguladores de gas - Gas y soldadura","og_description":"Soudage MMA (soudage \u00e0 l&#8217;\u00e9lectrode) 1. Processus de soudage \u00e0 l&#8217;\u00e9lectrode en b\u00e2ton L&#8217;arc \u00e9lectrique provoque la fusion du m\u00e9tal de base et du m\u00e9tal d&#8217;apport, r\u00e9alisant un transfert de m\u00e9tal en fusion au moyen de ce que l&#8217;on appelle la colonne de plasma, qui n&#8217;est rien d&#8217;autre qu&#8217;une atmosph\u00e8re ionis\u00e9e caus\u00e9e par une partie [&hellip;]","og_url":"https:\/\/galagar.com\/fr\/soudage-mma\/","og_site_name":"GALA GAR - Productos de soldadura y reguladores de gas - Gas y soldadura","article_publisher":"https:\/\/www.facebook.com\/galagarsoldadura\/","twitter_card":"summary_large_image","twitter_misc":{"Dur\u00e9e de lecture estim\u00e9e":"7 minutes"},"schema":{"@context":"https:\/\/schema.org","@graph":[{"@type":"WebPage","@id":"https:\/\/galagar.com\/fr\/soudage-mma\/","url":"https:\/\/galagar.com\/fr\/soudage-mma\/","name":"Soudage MMA | GALA GAR - Productos de soldadura y reguladores de gas - Gas y soldadura","isPartOf":{"@id":"https:\/\/galagar.com\/fr\/#website"},"datePublished":"2021-10-28T11:36:27+00:00","breadcrumb":{"@id":"https:\/\/galagar.com\/fr\/soudage-mma\/#breadcrumb"},"inLanguage":"fr-FR","potentialAction":[{"@type":"ReadAction","target":["https:\/\/galagar.com\/fr\/soudage-mma\/"]}]},{"@type":"BreadcrumbList","@id":"https:\/\/galagar.com\/fr\/soudage-mma\/#breadcrumb","itemListElement":[{"@type":"ListItem","position":1,"name":"Inicio","item":"https:\/\/galagar.com\/fr\/accueil\/"},{"@type":"ListItem","position":2,"name":"Soudage MMA"}]},{"@type":"WebSite","@id":"https:\/\/galagar.com\/fr\/#website","url":"https:\/\/galagar.com\/fr\/","name":"GALA GAR - Productos de soldadura y reguladores de gas - Gas y soldadura","description":"Gala Gar es fabricante de tecnolog\u00eda competitiva para soldadura (MMA-TIG-MIG\/MAG-CORTE POR PLASMA), regulaci\u00f3n de gases, y para soldadura y corte por gas.","publisher":{"@id":"https:\/\/galagar.com\/fr\/#organization"},"potentialAction":[{"@type":"SearchAction","target":{"@type":"EntryPoint","urlTemplate":"https:\/\/galagar.com\/fr\/?s={search_term_string}"},"query-input":{"@type":"PropertyValueSpecification","valueRequired":true,"valueName":"search_term_string"}}],"inLanguage":"fr-FR"},{"@type":"Organization","@id":"https:\/\/galagar.com\/fr\/#organization","name":"GALA GAR welding","url":"https:\/\/galagar.com\/fr\/","logo":{"@type":"ImageObject","inLanguage":"fr-FR","@id":"https:\/\/galagar.com\/fr\/#\/schema\/logo\/image\/","url":"","contentUrl":"","caption":"GALA GAR welding"},"image":{"@id":"https:\/\/galagar.com\/fr\/#\/schema\/logo\/image\/"},"sameAs":["https:\/\/www.facebook.com\/galagarsoldadura\/","https:\/\/www.linkedin.com\/company\/gala-gar-sl\/?trk=biz-companies-cym","https:\/\/www.youtube.com\/user\/galagarsp","https:\/\/www.instagram.com\/galagar_soldadura\/?hl=es"]}]}},"_links":{"self":[{"href":"https:\/\/galagar.com\/fr\/wp-json\/wp\/v2\/pages\/19031","targetHints":{"allow":["GET"]}}],"collection":[{"href":"https:\/\/galagar.com\/fr\/wp-json\/wp\/v2\/pages"}],"about":[{"href":"https:\/\/galagar.com\/fr\/wp-json\/wp\/v2\/types\/page"}],"author":[{"embeddable":true,"href":"https:\/\/galagar.com\/fr\/wp-json\/wp\/v2\/users\/1"}],"replies":[{"embeddable":true,"href":"https:\/\/galagar.com\/fr\/wp-json\/wp\/v2\/comments?post=19031"}],"version-history":[{"count":0,"href":"https:\/\/galagar.com\/fr\/wp-json\/wp\/v2\/pages\/19031\/revisions"}],"wp:attachment":[{"href":"https:\/\/galagar.com\/fr\/wp-json\/wp\/v2\/media?parent=19031"}],"curies":[{"name":"wp","href":"https:\/\/api.w.org\/{rel}","templated":true}]}}