{"id":19049,"date":"2021-10-28T13:36:00","date_gmt":"2021-10-28T11:36:00","guid":{"rendered":"https:\/\/dev.galagar.com\/soudage-mig-mag\/"},"modified":"2021-10-28T13:36:00","modified_gmt":"2021-10-28T11:36:00","slug":"soudage-mig-mag","status":"publish","type":"page","link":"https:\/\/galagar.com\/fr\/soudage-mig-mag\/","title":{"rendered":"Soudage MIG MAG"},"content":{"rendered":"<h2>Soudage MIG-MAG<\/h2>\n<p>Dans ce processus, l&#8217;arc \u00e9lectrique est maintenu entre un fil solide qui fait office d&#8217;\u00e9lectrode continue et la pi\u00e8ce \u00e0 usiner. L&#8217;arc et la soudure en fusion sont prot\u00e9g\u00e9s par une atmosph\u00e8re de gaz inerte ou actif.<\/p>\n<p>Le blindage au gaz garantit un cordon de soudure continu et uniforme, exempt d&#8217;impuret\u00e9s et de scories.<\/p>\n<p>Le soudage MIG est plus productif que le soudage MMA, o\u00f9 les pertes de productivit\u00e9 sont beaucoup plus fr\u00e9quentes, et plus rentable, car pour chaque kilogramme d&#8217;\u00e9lectrode, environ 35 % sont gaspill\u00e9s, alors que pour le fil plein et le fil fourr\u00e9, seuls 5 % sont gaspill\u00e9s.<\/p>\n<p>&nbsp;<\/p>\n<h3>Gaz activ\u00e9s par les m\u00e9taux (MAG)<\/h3>\n<ul class=\"gal-color-list\">\n<li>Dans cette proc\u00e9dure, le gaz d&#8217;apport utilis\u00e9 est le CO2, le dioxyde de carbone, pur ou m\u00e9lang\u00e9 \u00e0 de l&#8217;argon dans diff\u00e9rentes proportions, qui r\u00e9agit thermochimiquement avec la soudure.<\/li>\n<li>L&#8217;utilisation de chauffages au gaz en cas d&#8217;utilisation de CO2 pur a pour but d&#8217;\u00e9viter le gel du d\u00e9tendeur.<\/li>\n<li>Caract\u00e9ristiques du processus : vitesses de soudage et p\u00e9n\u00e9trations plus \u00e9lev\u00e9es, apport de chaleur plus important, plus de fum\u00e9es et d&#8217;\u00e9claboussures, aspect esth\u00e9tique moins bon.<\/li>\n<li>CE PROC\u00c9D\u00c9 NE DOIT JAMAIS \u00caTRE UTILIS\u00c9 POUR LE SOUDAGE DE :\n<ul class=\"gal-color-list-x\">\n<li>ACIER INOXYDABLE.<\/li>\n<li>ALUMINIUM.<\/li>\n<\/ul>\n<\/li>\n<\/ul>\n<p>&nbsp;<\/p>\n<h3>Gaz inerte m\u00e9tallique (MIG)<\/h3>\n<ul class=\"gal-color-list\">\n<li>Dans cette proc\u00e9dure, le gaz d&#8217;alimentation utilis\u00e9 est inerte, ARGON ou des m\u00e9langes d&#8217;Argon avec de petites quantit\u00e9s de CO2, d&#8217;Oxyg\u00e8ne, d&#8217;Azote, etc&#8230;.. Offrant une protection et une ionisation parfaites.<\/li>\n<li>Caract\u00e9ristiques du proc\u00e9d\u00e9 : apport de chaleur contr\u00f4l\u00e9 et r\u00e9duction des fum\u00e9es et des \u00e9claboussures, avec un excellent aspect esth\u00e9tique.<\/li>\n<\/ul>\n<p>&nbsp;<\/p>\n<h3>M\u00e9tal Inerte GAS-MIG Tubulaire<\/h3>\n<p>Le soudage par fil fourr\u00e9 est tr\u00e8s similaire au soudage MIG\/MAG en termes de manipulation et d&#8217;\u00e9quipement. Cependant, l&#8217;\u00e9lectrode continue n&#8217;est pas solide mais consiste en un tube m\u00e9tallique creux entourant l&#8217;\u00e2me remplie de flux.<\/p>\n<p>L&#8217;\u00e9lectrode est form\u00e9e \u00e0 partir d&#8217;une bande m\u00e9tallique qui, dans un premier temps, prend la forme d&#8217;un U dans lequel sont d\u00e9pos\u00e9s le flux et les \u00e9l\u00e9ments d&#8217;alliage, et qui est ensuite ferm\u00e9e par une s\u00e9rie de rouleaux de formage.<\/p>\n<p>Cela facilite la cr\u00e9ation d&#8217;un mat\u00e9riau de soudure sans provoquer l&#8217;appauvrissement des alliages m\u00e9tallo-chimiques dans le joint, ce qui rend ce proc\u00e9d\u00e9 polyvalent pour presque tous les m\u00e9taux de base.<\/p>\n<p>Types d&#8217;arc :<\/p>\n<ul class=\"gal-color-list\">\n<li>Arc court.<\/li>\n<li>Arche de transition.<\/li>\n<li>Vaporisation d&#8217;arc.<\/li>\n<li>Arc globulaire.<\/li>\n<li>Arc puls\u00e9.<\/li>\n<\/ul>\n<h4>Description Arc puls\u00e9<\/h4>\n<p><strong>En quoi consiste-t-il ?<\/strong><\/p>\n<p>Atomisation des gouttelettes (type spray) en utilisant une intensit\u00e9 moyenne de courant inf\u00e9rieure \u00e0 celle utilis\u00e9e pour r\u00e9aliser ce type de transfert.<\/p>\n<p>L&#8217;intensit\u00e9 de fond sert \u00e0 pr\u00e9chauffer et \u00e0 conditionner le fil, tandis que l&#8217;intensit\u00e9 de pointe produit le d\u00e9tachement des gouttelettes.<\/p>\n<p>L&#8217;application du courant puls\u00e9 permet d&#8217;adapter l&#8217;apport de chaleur aux exigences de soudage de la position, du type de joint et de l&#8217;\u00e9paisseur de la soudure.<\/p>\n<p><strong>Quels sont les avantages du soudage MIG\/MAG \u00e0 l&#8217;arc puls\u00e9 ?<\/strong><\/p>\n<ol class=\"gal-color-list-o\">\n<li>R\u00e9duction du nombre de d\u00e9pistages.<\/li>\n<li>Possibilit\u00e9 de travailler avec des fils de \u00d8 sup\u00e9rieur dans des gammes d&#8217;intensit\u00e9 inf\u00e9rieure, ce qui permet de r\u00e9duire les co\u00fbts de production.<\/li>\n<li>Apport de chaleur plus faible pour les applications minces et le soudage en position.<\/li>\n<li>P\u00e9n\u00e9tration et aspect de surface plus uniformes.<\/li>\n<li>Moins de d\u00e9formation du mat\u00e9riau de base.<\/li>\n<\/ol>\n<p>&nbsp;<\/p>\n<div class=\"table-2\">\n<table width=\"100%\">\n<thead>\n<tr>\n<th align=\"center\"><strong>Court-circuit<\/strong><\/th>\n<th align=\"center\"><strong>Arc puls\u00e9<\/strong><\/th>\n<\/tr>\n<\/thead>\n<tbody>\n<tr>\n<td class=\"padding1\" align=\"left\" valign=\"top\">Transfert de gouttes au contact du m\u00e9tal.<\/td>\n<td class=\"padding1\" align=\"left\" valign=\"top\">Transfert de gouttes contr\u00f4l\u00e9 par impulsion.<\/td>\n<\/tr>\n<tr>\n<td class=\"padding1\" align=\"left\" valign=\"top\">Courant nominal : 50 &#8211; 150A.<\/td>\n<td class=\"padding1\" align=\"left\" valign=\"top\">Courant nominal : 15 &#8211; 200A.<\/td>\n<\/tr>\n<tr>\n<td class=\"padding1\" align=\"left\" valign=\"top\">Tension : 16 &#8211; 22V.<\/td>\n<td class=\"padding1\" align=\"left\" valign=\"top\">Tension : 16 &#8211; 26V.<\/td>\n<\/tr>\n<tr>\n<td class=\"padding1\" align=\"left\" valign=\"top\">Soudage recommand\u00e9 PF, PD, PE, H-L 045.<\/td>\n<td class=\"padding1\" align=\"left\" valign=\"top\">Soudage recommand\u00e9 dans toutes les positions.<\/td>\n<\/tr>\n<tr>\n<td class=\"padding1\" align=\"left\" valign=\"top\">Soudure fine.<\/td>\n<td class=\"padding1\" align=\"left\" valign=\"top\">Epaisseurs jusqu&#8217;\u00e0 6 mm.<\/td>\n<\/tr>\n<tr>\n<td class=\"padding1\" align=\"left\" valign=\"top\">Soudage d&#8217;un grand espace entre les racines.<\/td>\n<td class=\"padding1\" align=\"left\" valign=\"top\">Soudures d&#8217;angle int\u00e9rieures.<\/td>\n<\/tr>\n<tr>\n<td class=\"padding1\" align=\"left\" valign=\"top\">Arc court.<\/td>\n<td class=\"padding1\" align=\"left\" valign=\"top\">Arche moyenne.<\/td>\n<\/tr>\n<tr>\n<td class=\"padding1\" align=\"left\" valign=\"top\">Nombre de projections : moyen.<\/td>\n<td class=\"padding1\" align=\"left\" valign=\"top\">Nombre de projections : faible.<\/td>\n<\/tr>\n<tr>\n<td class=\"padding1\" align=\"left\" valign=\"top\">Son : cr\u00e9pitement.<\/td>\n<td class=\"padding1\" align=\"left\" valign=\"top\">Son : bourdonnement.<\/td>\n<\/tr>\n<tr>\n<td class=\"padding1\" align=\"left\" valign=\"top\">Gaz recommand\u00e9 :<sub>CO2<\/sub> en pourcentage \u00e9lev\u00e9.<\/td>\n<td class=\"padding1\" align=\"left\" valign=\"top\">Gaz recommand\u00e9 : m\u00e9langes de<sub>CO2<\/sub> &lt; 18%.<\/td>\n<\/tr>\n<\/tbody>\n<\/table>\n<\/div>\n<p>&nbsp;<\/p>\n<h3>Applications<\/h3>\n<p>Ce proc\u00e9d\u00e9 de soudage peut \u00eatre utilis\u00e9 sur la plupart des m\u00e9taux et la gamme de fils dans diff\u00e9rents alliages. Sa flexibilit\u00e9 est la caract\u00e9ristique la plus repr\u00e9sentative de la m\u00e9thode MIG \/ MAG car elle permet de souder des aciers faiblement alli\u00e9s, des aciers inoxydables, de l&#8217;aluminium et du cuivre, dans des \u00e9paisseurs \u00e0 partir de 0,5 mm et dans toutes les positions.<\/p>\n<p>Sa productivit\u00e9 \u00e9lev\u00e9e et sa facilit\u00e9 d&#8217;automatisation le placent d&#8217;embl\u00e9e dans le secteur automobile.<\/p>\n<p>Ce proc\u00e9d\u00e9 est largement utilis\u00e9 pour les \u00e9paisseurs fines et moyennes, dans les fabrications en acier et les structures en alliage d&#8217;aluminium, en particulier lorsqu&#8217;un pourcentage \u00e9lev\u00e9 de travail manuel est requis. L&#8217;introduction des fils fourr\u00e9s trouve de plus en plus son application dans les fortes \u00e9paisseurs que l&#8217;on trouve dans les structures en acier lourd.<\/p>\n<h4>Structures et b\u00e2timents en acier<\/h4>\n<p>Le programme de soudage de l&#8217;acier au carbone, avec du CO2 comme gaz de protection, est recommand\u00e9 pour le soudage des aciers au carbone dans les applications \u00e0 forte p\u00e9n\u00e9tration et \u00e0 grande vitesse d&#8217;apport.<\/p>\n<h4>Charpente m\u00e9tallique<\/h4>\n<p>Le soudage de l&#8217;acier au carbone (sans cuivre) se caract\u00e9rise par la stabilit\u00e9 de l&#8217;arc et la r\u00e9duction des projections, l&#8217;am\u00e9lioration de la propret\u00e9 et l&#8217;augmentation de la dur\u00e9e de vie des consommables et des syst\u00e8mes d&#8217;entra\u00eenement (jusqu&#8217;\u00e0 trois fois plus longue), la r\u00e9duction des temps d&#8217;arr\u00eat et de la maintenance et l&#8217;am\u00e9lioration de la productivit\u00e9.<\/p>\n<p>Particuli\u00e8rement recommand\u00e9 pour les processus automatis\u00e9s ou robotis\u00e9s.<\/p>\n<h4>Industrie automobile et production de produits galvanis\u00e9s<\/h4>\n<p>Le brasage CuSi 3 permet de r\u00e9aliser des brasages conjoints sur des alliages cuivreux identiques ou similaires. Il pr\u00e9sente une bonne r\u00e9sistance \u00e0 la corrosion et est facile \u00e0 appliquer.<\/p>\n<p>L&#8217;apport \u00e9nerg\u00e9tique de ce proc\u00e9d\u00e9 de soudage est inf\u00e9rieur de 20 % \u00e0 celui du soudage MAG, ce qui permet d&#8217;\u00e9conomiser de l&#8217;\u00e9nergie lors de la fabrication.<\/p>\n<p>Particuli\u00e8rement recommand\u00e9 pour la fabrication et la r\u00e9paration de carrosseries de voitures, de tuyaux d&#8217;\u00e9chappement, de r\u00e9servoirs d&#8217;eau de machines \u00e0 caf\u00e9, de joints d&#8217;installations galvanis\u00e9es.<\/p>\n<h4>Produits chimiques, produits laitiers, produits alimentaires, produits pharmaceutiques, produits chimiques, papier, p\u00e9trole, acier, biotechnologie, biotechnologie et architecture.<\/h4>\n<p>Le soudage de l&#8217;acier inoxydable est utilis\u00e9 pour sa r\u00e9sistance \u00e0 la corrosion, sa duret\u00e9 \u00e0 basse temp\u00e9rature et ses bonnes propri\u00e9t\u00e9s \u00e0 haute temp\u00e9rature.<\/p>\n<p>Les aciers inoxydables 308 Lsi ont des perles plus propres, des vitesses d&#8217;application plus \u00e9lev\u00e9es et un haut degr\u00e9 de r\u00e9sistance \u00e0 la corrosion atmosph\u00e9rique.<\/p>\n<p>L&#8217;acier inoxydable 316 Lsi offre une meilleure r\u00e9sistance \u00e0 la corrosion dans les milieux acides et les solutions chlorhydriques.<\/p>\n<h4>Fabrication de carrosseries, construction navale et industrie ferroviaire, industrie automobile et industrie du papier<\/h4>\n<p>ALSi 5 est excellent pour la r\u00e9paration et la construction de valves, de tuyaux et de raccords, ainsi que pour la fabrication d&#8217;\u00e9changeurs de chaleur, de condenseurs et d&#8217;\u00e9vaporateurs.<\/p>\n<p>Id\u00e9al pour l&#8217;entretien des tuyaux et des rouleaux dans l&#8217;industrie du papier.<\/p>\n<p>Cependant, l&#8217;ALSi 12 offre une meilleure r\u00e9sistance \u00e0 la corrosion et est sp\u00e9cialement con\u00e7u pour les applications dans les buses, les t\u00eates et les couvercles de moteur, les r\u00e9servoirs, les vannes, etc.<\/p>\n<p>L&#8217;ALMg 5 augmente la r\u00e9sistance \u00e0 la corrosion. Appliqu\u00e9 \u00e0 la charpenterie m\u00e9tallique, \u00e0 la carrosserie et \u00e0 la construction automobile.<\/p>\n<p>&nbsp;<\/p>\n<h3>Ex\u00e9cution des travaux de soudage<\/h3>\n<p>La longueur de l&#8217;arc (distance entre le m\u00e9tal de base et l&#8217;extr\u00e9mit\u00e9 non fondue du mat\u00e9riau d&#8217;apport) doit \u00eatre contr\u00f4l\u00e9e \u00e0 tout moment.<\/p>\n<p>Plus l&#8217;\u00e9cart entre les \u00e9lectrodes est important pour une intensit\u00e9 donn\u00e9e, plus la vitesse de d\u00e9p\u00f4t est \u00e9lev\u00e9e et plus la p\u00e9n\u00e9tration est faible.<\/p>\n<p>Environ 90 % de l&#8217;\u00e9nergie est concentr\u00e9e dans l&#8217;arc et 10 % dans le fil, de sorte que plus l&#8217;arc est long, plus la tension est \u00e9lev\u00e9e.<\/p>\n<p>Plus l&#8217;extr\u00e9mit\u00e9 du fil est grande, plus la p\u00e9n\u00e9tration est faible, ce qui augmente l&#8217;occurrence des projections.<\/p>\n<p>Nous r\u00e9gulons l&#8217;intensit\u00e9, plus l&#8217;intensit\u00e9 est \u00e9lev\u00e9e, plus la p\u00e9n\u00e9tration est importante.<\/p>\n<p>R\u00e9gler l&#8217;intensit\u00e9 en fonction de la position de soudage, 20% plus haut dans les angles int\u00e9rieurs et 15% plus bas dans les angles ascendants.<\/p>\n<p>Il est conseill\u00e9 de maintenir la m\u00eame longueur d&#8217;arc, en \u00e9vitant les oscillations de tension et d&#8217;intensit\u00e9 qui g\u00e9n\u00e8rent une p\u00e9n\u00e9tration in\u00e9gale.<\/p>\n<p>La vitesse de d\u00e9placement doit \u00eatre r\u00e9gl\u00e9e de mani\u00e8re \u00e0 ce que l&#8217;arc \u00e9lectrique soit l\u00e9g\u00e8rement en avance sur le bain de fusion.<\/p>\n","protected":false},"excerpt":{"rendered":"<p>Soudage MIG-MAG Dans ce processus, l&#8217;arc \u00e9lectrique est maintenu entre un fil solide qui fait office d&#8217;\u00e9lectrode continue et la pi\u00e8ce \u00e0 usiner. L&#8217;arc et la soudure en fusion sont prot\u00e9g\u00e9s par une atmosph\u00e8re de gaz inerte ou actif. Le blindage au gaz garantit un cordon de soudure continu et uniforme, exempt d&#8217;impuret\u00e9s et de [&hellip;]<\/p>\n","protected":false},"author":1,"featured_media":0,"parent":0,"menu_order":0,"comment_status":"closed","ping_status":"closed","template":"","meta":{"_acf_changed":false,"content-type":"","inline_featured_image":false,"_monsterinsights_skip_tracking":false,"_monsterinsights_sitenote_active":false,"_monsterinsights_sitenote_note":"","_monsterinsights_sitenote_category":0,"_joinchat":[],"footnotes":""},"class_list":["post-19049","page","type-page","status-publish","hentry"],"acf":[],"yoast_head":"<!-- This site is optimized with the Yoast SEO plugin v26.4 - https:\/\/yoast.com\/wordpress\/plugins\/seo\/ -->\n<title>Soudage MIG MAG | GALA GAR - Productos de soldadura y reguladores de gas - Gas y soldadura<\/title>\n<meta name=\"robots\" content=\"index, follow, max-snippet:-1, max-image-preview:large, max-video-preview:-1\" \/>\n<link rel=\"canonical\" href=\"https:\/\/galagar.com\/fr\/soudage-mig-mag\/\" \/>\n<meta property=\"og:locale\" content=\"fr_FR\" \/>\n<meta property=\"og:type\" content=\"article\" \/>\n<meta property=\"og:title\" content=\"Soudage MIG MAG | GALA GAR - Productos de soldadura y reguladores de gas - Gas y soldadura\" \/>\n<meta property=\"og:description\" content=\"Soudage MIG-MAG Dans ce processus, l&#8217;arc \u00e9lectrique est maintenu entre un fil solide qui fait office d&#8217;\u00e9lectrode continue et la pi\u00e8ce \u00e0 usiner. L&#8217;arc et la soudure en fusion sont prot\u00e9g\u00e9s par une atmosph\u00e8re de gaz inerte ou actif. Le blindage au gaz garantit un cordon de soudure continu et uniforme, exempt d&#8217;impuret\u00e9s et de [&hellip;]\" \/>\n<meta property=\"og:url\" content=\"https:\/\/galagar.com\/fr\/soudage-mig-mag\/\" \/>\n<meta property=\"og:site_name\" content=\"GALA GAR - Productos de soldadura y reguladores de gas - Gas y soldadura\" \/>\n<meta property=\"article:publisher\" content=\"https:\/\/www.facebook.com\/galagarsoldadura\/\" \/>\n<meta name=\"twitter:card\" content=\"summary_large_image\" \/>\n<meta name=\"twitter:label1\" content=\"Dur\u00e9e de lecture estim\u00e9e\" \/>\n\t<meta name=\"twitter:data1\" content=\"7 minutes\" \/>\n<script type=\"application\/ld+json\" class=\"yoast-schema-graph\">{\"@context\":\"https:\/\/schema.org\",\"@graph\":[{\"@type\":\"WebPage\",\"@id\":\"https:\/\/galagar.com\/fr\/soudage-mig-mag\/\",\"url\":\"https:\/\/galagar.com\/fr\/soudage-mig-mag\/\",\"name\":\"Soudage MIG MAG | GALA GAR - Productos de soldadura y reguladores de gas - Gas y soldadura\",\"isPartOf\":{\"@id\":\"https:\/\/galagar.com\/fr\/#website\"},\"datePublished\":\"2021-10-28T11:36:00+00:00\",\"breadcrumb\":{\"@id\":\"https:\/\/galagar.com\/fr\/soudage-mig-mag\/#breadcrumb\"},\"inLanguage\":\"fr-FR\",\"potentialAction\":[{\"@type\":\"ReadAction\",\"target\":[\"https:\/\/galagar.com\/fr\/soudage-mig-mag\/\"]}]},{\"@type\":\"BreadcrumbList\",\"@id\":\"https:\/\/galagar.com\/fr\/soudage-mig-mag\/#breadcrumb\",\"itemListElement\":[{\"@type\":\"ListItem\",\"position\":1,\"name\":\"Inicio\",\"item\":\"https:\/\/galagar.com\/fr\/accueil\/\"},{\"@type\":\"ListItem\",\"position\":2,\"name\":\"Soudage MIG MAG\"}]},{\"@type\":\"WebSite\",\"@id\":\"https:\/\/galagar.com\/fr\/#website\",\"url\":\"https:\/\/galagar.com\/fr\/\",\"name\":\"GALA GAR - Productos de soldadura y reguladores de gas - Gas y soldadura\",\"description\":\"Gala Gar es fabricante de tecnolog\u00eda competitiva para soldadura (MMA-TIG-MIG\/MAG-CORTE POR PLASMA), regulaci\u00f3n de gases, y para soldadura y corte por gas.\",\"publisher\":{\"@id\":\"https:\/\/galagar.com\/fr\/#organization\"},\"potentialAction\":[{\"@type\":\"SearchAction\",\"target\":{\"@type\":\"EntryPoint\",\"urlTemplate\":\"https:\/\/galagar.com\/fr\/?s={search_term_string}\"},\"query-input\":{\"@type\":\"PropertyValueSpecification\",\"valueRequired\":true,\"valueName\":\"search_term_string\"}}],\"inLanguage\":\"fr-FR\"},{\"@type\":\"Organization\",\"@id\":\"https:\/\/galagar.com\/fr\/#organization\",\"name\":\"GALA GAR welding\",\"url\":\"https:\/\/galagar.com\/fr\/\",\"logo\":{\"@type\":\"ImageObject\",\"inLanguage\":\"fr-FR\",\"@id\":\"https:\/\/galagar.com\/fr\/#\/schema\/logo\/image\/\",\"url\":\"\",\"contentUrl\":\"\",\"caption\":\"GALA GAR welding\"},\"image\":{\"@id\":\"https:\/\/galagar.com\/fr\/#\/schema\/logo\/image\/\"},\"sameAs\":[\"https:\/\/www.facebook.com\/galagarsoldadura\/\",\"https:\/\/www.linkedin.com\/company\/gala-gar-sl\/?trk=biz-companies-cym\",\"https:\/\/www.youtube.com\/user\/galagarsp\",\"https:\/\/www.instagram.com\/galagar_soldadura\/?hl=es\"]}]}<\/script>\n<!-- \/ Yoast SEO plugin. -->","yoast_head_json":{"title":"Soudage MIG MAG | GALA GAR - Productos de soldadura y reguladores de gas - Gas y soldadura","robots":{"index":"index","follow":"follow","max-snippet":"max-snippet:-1","max-image-preview":"max-image-preview:large","max-video-preview":"max-video-preview:-1"},"canonical":"https:\/\/galagar.com\/fr\/soudage-mig-mag\/","og_locale":"fr_FR","og_type":"article","og_title":"Soudage MIG MAG | GALA GAR - Productos de soldadura y reguladores de gas - Gas y soldadura","og_description":"Soudage MIG-MAG Dans ce processus, l&#8217;arc \u00e9lectrique est maintenu entre un fil solide qui fait office d&#8217;\u00e9lectrode continue et la pi\u00e8ce \u00e0 usiner. L&#8217;arc et la soudure en fusion sont prot\u00e9g\u00e9s par une atmosph\u00e8re de gaz inerte ou actif. Le blindage au gaz garantit un cordon de soudure continu et uniforme, exempt d&#8217;impuret\u00e9s et de [&hellip;]","og_url":"https:\/\/galagar.com\/fr\/soudage-mig-mag\/","og_site_name":"GALA GAR - Productos de soldadura y reguladores de gas - Gas y soldadura","article_publisher":"https:\/\/www.facebook.com\/galagarsoldadura\/","twitter_card":"summary_large_image","twitter_misc":{"Dur\u00e9e de lecture estim\u00e9e":"7 minutes"},"schema":{"@context":"https:\/\/schema.org","@graph":[{"@type":"WebPage","@id":"https:\/\/galagar.com\/fr\/soudage-mig-mag\/","url":"https:\/\/galagar.com\/fr\/soudage-mig-mag\/","name":"Soudage MIG MAG | GALA GAR - Productos de soldadura y reguladores de gas - Gas y soldadura","isPartOf":{"@id":"https:\/\/galagar.com\/fr\/#website"},"datePublished":"2021-10-28T11:36:00+00:00","breadcrumb":{"@id":"https:\/\/galagar.com\/fr\/soudage-mig-mag\/#breadcrumb"},"inLanguage":"fr-FR","potentialAction":[{"@type":"ReadAction","target":["https:\/\/galagar.com\/fr\/soudage-mig-mag\/"]}]},{"@type":"BreadcrumbList","@id":"https:\/\/galagar.com\/fr\/soudage-mig-mag\/#breadcrumb","itemListElement":[{"@type":"ListItem","position":1,"name":"Inicio","item":"https:\/\/galagar.com\/fr\/accueil\/"},{"@type":"ListItem","position":2,"name":"Soudage MIG MAG"}]},{"@type":"WebSite","@id":"https:\/\/galagar.com\/fr\/#website","url":"https:\/\/galagar.com\/fr\/","name":"GALA GAR - Productos de soldadura y reguladores de gas - Gas y soldadura","description":"Gala Gar es fabricante de tecnolog\u00eda competitiva para soldadura (MMA-TIG-MIG\/MAG-CORTE POR PLASMA), regulaci\u00f3n de gases, y para soldadura y corte por gas.","publisher":{"@id":"https:\/\/galagar.com\/fr\/#organization"},"potentialAction":[{"@type":"SearchAction","target":{"@type":"EntryPoint","urlTemplate":"https:\/\/galagar.com\/fr\/?s={search_term_string}"},"query-input":{"@type":"PropertyValueSpecification","valueRequired":true,"valueName":"search_term_string"}}],"inLanguage":"fr-FR"},{"@type":"Organization","@id":"https:\/\/galagar.com\/fr\/#organization","name":"GALA GAR welding","url":"https:\/\/galagar.com\/fr\/","logo":{"@type":"ImageObject","inLanguage":"fr-FR","@id":"https:\/\/galagar.com\/fr\/#\/schema\/logo\/image\/","url":"","contentUrl":"","caption":"GALA GAR welding"},"image":{"@id":"https:\/\/galagar.com\/fr\/#\/schema\/logo\/image\/"},"sameAs":["https:\/\/www.facebook.com\/galagarsoldadura\/","https:\/\/www.linkedin.com\/company\/gala-gar-sl\/?trk=biz-companies-cym","https:\/\/www.youtube.com\/user\/galagarsp","https:\/\/www.instagram.com\/galagar_soldadura\/?hl=es"]}]}},"_links":{"self":[{"href":"https:\/\/galagar.com\/fr\/wp-json\/wp\/v2\/pages\/19049","targetHints":{"allow":["GET"]}}],"collection":[{"href":"https:\/\/galagar.com\/fr\/wp-json\/wp\/v2\/pages"}],"about":[{"href":"https:\/\/galagar.com\/fr\/wp-json\/wp\/v2\/types\/page"}],"author":[{"embeddable":true,"href":"https:\/\/galagar.com\/fr\/wp-json\/wp\/v2\/users\/1"}],"replies":[{"embeddable":true,"href":"https:\/\/galagar.com\/fr\/wp-json\/wp\/v2\/comments?post=19049"}],"version-history":[{"count":0,"href":"https:\/\/galagar.com\/fr\/wp-json\/wp\/v2\/pages\/19049\/revisions"}],"wp:attachment":[{"href":"https:\/\/galagar.com\/fr\/wp-json\/wp\/v2\/media?parent=19049"}],"curies":[{"name":"wp","href":"https:\/\/api.w.org\/{rel}","templated":true}]}}