{"id":19058,"date":"2021-10-28T13:43:17","date_gmt":"2021-10-28T11:43:17","guid":{"rendered":"https:\/\/dev.galagar.com\/decoupe-au-plasma\/"},"modified":"2021-10-28T13:43:17","modified_gmt":"2021-10-28T11:43:17","slug":"decoupe-au-plasma","status":"publish","type":"page","link":"https:\/\/galagar.com\/fr\/decoupe-au-plasma\/","title":{"rendered":"D\u00e9coupe au plasma"},"content":{"rendered":"<h2>D\u00e9coupe au plasma<\/h2>\n<p>L&#8217;\u00e9quipement de d\u00e9coupe au plasma a rendu le processus accessible et courant dans l&#8217;industrie. Les besoins suivants sont pris en compte dans sa conception :<\/p>\n<ul class=\"gal-color-list\">\n<li>Simplicit\u00e9 et facilit\u00e9 d&#8217;installation.<\/li>\n<li>Simplicit\u00e9, utilisation et entretien de l&#8217;\u00e9quipement.<\/li>\n<li>Mobilit\u00e9 et polyvalence de l&#8217;\u00e9quipement, pour diff\u00e9rents lieux et mat\u00e9riaux.<\/li>\n<li>Remplacement facile et rapide des composants sans l&#8217;utilisation d&#8217;outils sp\u00e9ciaux ou de cl\u00e9s.<\/li>\n<li>Bonne qualit\u00e9 de coupe m\u00eame dans des conditions difficiles.<\/li>\n<li>Faible co\u00fbt de production et de r\u00e9paration des \u00e9quipements.<\/li>\n<\/ul>\n<p>&nbsp;<\/p>\n<h3>Fonctionnement<\/h3>\n<p>Dans la torche \u00e0 plasma, l&#8217;air circule autour de l&#8217;\u00e9lectrode de coupe, puis une ionisation partielle se produit lorsque l&#8217;arc chauffe l&#8217;air, ce qui produit une colonne de plasma qui quitte la torche avec l&#8217;arc en suivant la trajectoire de l&#8217;arc transf\u00e9r\u00e9.<\/p>\n<p>En for\u00e7ant le gaz plasma et l&#8217;arc \u00e9lectrique \u00e0 travers un petit orifice, la torche subit un \u00e9chauffement important \u00e0 la fois dans la pi\u00e8ce elle-m\u00eame, qui g\u00e9n\u00e8re la coupure, et dans la torche de soudage, d&#8217;o\u00f9 la n\u00e9cessit\u00e9 d&#8217;augmenter le degr\u00e9 de refroidissement.<\/p>\n<p>Lorsque la torche est allum\u00e9e, un arc s&#8217;\u00e9tablit entre l&#8217;\u00e9lectrode (-) et la buse (+), cet arc est appel\u00e9 &#8220;pilote&#8221;, il dure environ 2 secondes et a pour but de commencer la coupe \u00e0 une extr\u00e9mit\u00e9 de la pi\u00e8ce.<\/p>\n<p>&nbsp;<\/p>\n<h3>Gaz protecteurs<\/h3>\n<p>La coupure est effectu\u00e9e par l&#8217;un de ces cinq gaz :<\/p>\n<ul class=\"gal-color-list\">\n<li>Air<\/li>\n<li>M\u00e9lange d&#8217;azote et de dioxyde de carbone<\/li>\n<li>M\u00e9lange d&#8217;azote avec de l&#8217;oxyg\u00e8ne ou de l&#8217;air<\/li>\n<li>Ternaire mixte<\/li>\n<li>Oxyg\u00e8ne<\/li>\n<\/ul>\n<p><strong>NITROG\u00c8NE :<\/strong><br \/>\nGaz ininflammable et inerte qui permet son utilisation comme gaz de coupage plasma.<br \/>\nSa grande puret\u00e9 permet d&#8217;obtenir des coupes d&#8217;excellente qualit\u00e9.<\/p>\n<p><strong>ARGON :<\/strong><br \/>\nGaz utilis\u00e9 comme gaz de coupe, notamment dans l&#8217;aluminium.<\/p>\n<p><strong>AIR :<\/strong><br \/>\nGaz universellement utilis\u00e9 pour le d\u00e9coupage au plasma, l&#8217;oxyg\u00e8ne de l&#8217;air fournit une \u00e9nergie suppl\u00e9mentaire pour le d\u00e9coupage, mais oxyde la zone de d\u00e9coupage.<\/p>\n<p><strong>MIXTURES :<\/strong><br \/>\nD\u00e9signe le m\u00e9lange d&#8217;azote avec l&#8217;hydrog\u00e8ne et d&#8217;argon avec l&#8217;hydrog\u00e8ne.<br \/>\nIl s&#8217;agit de gaz de protection pour le d\u00e9coupage au plasma.<\/p>\n<p>&nbsp;<\/p>\n<h3>Caract\u00e9ristiques de coupe<\/h3>\n<ul class=\"gal-color-list\">\n<li>Feuilles jusqu&#8217;\u00e0 40 mm d&#8217;\u00e9paisseur.<\/li>\n<li>La rainure est large de 2 \u00e0 4 mm.<\/li>\n<li>Il a tendance \u00e0 laisser des bords obliques.<\/li>\n<li>Le faisceau est normalement d&#8217;environ 5 mm.<\/li>\n<li>Vitesse de coupe \u00e9lev\u00e9e.<\/li>\n<li>Ce proc\u00e9d\u00e9 permet de d\u00e9couper n&#8217;importe quel m\u00e9tal conducteur d&#8217;\u00e9lectricit\u00e9, \u00e0 condition que son \u00e9paisseur et sa forme permettent au jet de plasma de le traverser compl\u00e8tement.<\/li>\n<\/ul>\n<p>&nbsp;<\/p>\n<h3>Avantages par rapport \u00e0 l&#8217;oxycombustion<\/h3>\n<ul class=\"gal-color-list\">\n<li>L&#8217;apport de chaleur est moins important que pour l&#8217;oxycoupage, ce qui signifie que la zone affect\u00e9e par la chaleur est moins importante et que la pi\u00e8ce est moins d\u00e9form\u00e9e.<\/li>\n<li>R\u00e9duction de la sensibilit\u00e9 aux conditions de surface du mat\u00e9riau de base (\u00e9caillage ou peinture).<\/li>\n<li>Possibilit\u00e9 de m\u00e9canisation et de robotisation.<\/li>\n<li>Tous les m\u00e9taux peuvent \u00eatre d\u00e9coup\u00e9s par ce proc\u00e9d\u00e9.<\/li>\n<li>Meilleure qualit\u00e9 de coupe.<\/li>\n<li>R\u00e9duction de la consommation d&#8217;\u00e9lectricit\u00e9.<\/li>\n<li>R\u00e9duction des fum\u00e9es et du bruit.<\/li>\n<li>Vitesse de coupe plus \u00e9lev\u00e9e que l&#8217;oxycombustion pour les \u00e9paisseurs moyennes et fines.<\/li>\n<li>En raison de sa rapidit\u00e9, elle est consid\u00e9r\u00e9e comme la m\u00e9thode de coupe la plus productive.<\/li>\n<li>Le ZAT est plus \u00e9lev\u00e9 que le d\u00e9coupage au laser et moins \u00e9lev\u00e9 que le d\u00e9coupage \u00e0 l&#8217;oxygaz.<\/li>\n<\/ul>\n<p>&nbsp;<\/p>\n<h3>Avantages du plasma par rapport au laser<\/h3>\n<ul class=\"gal-color-list\">\n<li>Flexibilit\u00e9 accrue pour la coupe automatis\u00e9e et manuelle.<\/li>\n<li>Des co\u00fbts d&#8217;investissement, d&#8217;exploitation et de maintenance nettement inf\u00e9rieurs.<\/li>\n<\/ul>\n<p>&nbsp;<\/p>\n<div class=\"table-2\">\n<table width=\"100%\">\n<thead>\n<tr>\n<th align=\"center\"><strong>MAT\u00c9RIAU<\/strong><\/th>\n<th align=\"center\"><strong>\u00c9PAISSEUR<\/strong><\/th>\n<th align=\"center\"><strong>PLASMA<\/strong><\/th>\n<th align=\"center\"><strong>OXICORTE<\/strong><\/th>\n<\/tr>\n<\/thead>\n<tbody>\n<tr>\n<td rowspan=\"5\" align=\"center\">ACIER AL<br \/>\nCARBONE<\/td>\n<td align=\"center\">JUSQU&#8217;\u00c0 2<\/td>\n<td align=\"center\"><gal-v>E<\/gal-v><\/td>\n<td align=\"center\"><gal-m>I<\/gal-m><\/td>\n<\/tr>\n<tr>\n<td align=\"center\">3 a 15<\/td>\n<td align=\"center\"><gal-v>E<\/gal-v><\/td>\n<td align=\"center\"><gal-v>E<\/gal-v><\/td>\n<\/tr>\n<tr>\n<td align=\"center\">15 a 50<\/td>\n<td align=\"center\"><gal-r>P<\/gal-r><\/td>\n<td align=\"center\"><gal-v>E<\/gal-v><\/td>\n<\/tr>\n<tr>\n<td align=\"center\">50 a 90<\/td>\n<td align=\"center\"><gal-m>I<\/gal-m><\/td>\n<td align=\"center\"><gal-v>E<\/gal-v><\/td>\n<\/tr>\n<tr>\n<td align=\"center\">90 a 300<\/td>\n<td align=\"center\"><gal-m>I<\/gal-m><\/td>\n<td align=\"center\"><gal-v>E<\/gal-v><\/td>\n<\/tr>\n<tr>\n<td rowspan=\"4\" align=\"center\">ACIER<br \/>\nACIER INOXYDABLE<\/td>\n<td align=\"center\">JUSQU&#8217;\u00c0 5<\/td>\n<td align=\"center\"><gal-v>E<\/gal-v><\/td>\n<td align=\"center\"><gal-m>I<\/gal-m><\/td>\n<\/tr>\n<tr>\n<td align=\"center\">5 a 10<\/td>\n<td align=\"center\"><gal-v>E<\/gal-v><\/td>\n<td align=\"center\"><gal-m>I<\/gal-m><\/td>\n<\/tr>\n<tr>\n<td align=\"center\">10 a 50<\/td>\n<td align=\"center\"><gal-v>E<\/gal-v><\/td>\n<td align=\"center\"><gal-m>I<\/gal-m><\/td>\n<\/tr>\n<tr>\n<td align=\"center\">50 a 90<\/td>\n<td align=\"center\"><gal-m>I<\/gal-m><\/td>\n<td align=\"center\"><gal-m>I<\/gal-m><\/td>\n<\/tr>\n<tr>\n<td rowspan=\"3\" align=\"center\">ALUMINIUM<\/td>\n<td align=\"center\">JUSQU&#8217;\u00c0 8<\/td>\n<td align=\"center\"><gal-v>E<\/gal-v><\/td>\n<td align=\"center\"><gal-m>I<\/gal-m><\/td>\n<\/tr>\n<tr>\n<td align=\"center\">8 a 50<\/td>\n<td align=\"center\"><gal-v>E<\/gal-v><\/td>\n<td align=\"center\"><gal-m>I<\/gal-m><\/td>\n<\/tr>\n<tr>\n<td align=\"center\">50 a 90<\/td>\n<td align=\"center\"><gal-m>I<\/gal-m><\/td>\n<td align=\"center\"><gal-m>I<\/gal-m><\/td>\n<\/tr>\n<tr>\n<td rowspan=\"3\" align=\"center\">CUIVRE<\/td>\n<td align=\"center\">JUSQU&#8217;\u00c0 9<\/td>\n<td align=\"center\"><gal-v>E<\/gal-v><\/td>\n<td align=\"center\"><gal-m>I<\/gal-m><\/td>\n<\/tr>\n<tr>\n<td align=\"center\">10 a 40<\/td>\n<td align=\"center\"><gal-r>P<\/gal-r><\/td>\n<td align=\"center\"><gal-m>I<\/gal-m><\/td>\n<\/tr>\n<tr>\n<td align=\"center\">40 a 80<\/td>\n<td align=\"center\"><gal-m>I<\/gal-m><\/td>\n<td align=\"center\"><gal-m>I<\/gal-m><\/td>\n<\/tr>\n<\/tbody>\n<\/table>\n<\/div>\n<p>&nbsp;<\/p>\n<p style=\"text-align: center;\"><gal-v>E<\/gal-v> Excellent <gal-r>P<\/gal-r> Possible <gal-m>I<\/gal-m> Impossible<\/p>\n<p>&nbsp;<\/p>\n<p>&nbsp;<\/p>\n<div class=\"table-2\">\n<table width=\"100%\">\n<thead>\n<tr>\n<th align=\"center\"><strong> <\/strong><\/th>\n<th align=\"center\"><strong>OXICORTE<\/strong><\/th>\n<th align=\"center\"><strong>PLASMA<\/strong><\/th>\n<\/tr>\n<\/thead>\n<tbody>\n<tr>\n<td class=\"padding1\" align=\"center\">QUALIT\u00c9<br \/>\nCOUPE<\/td>\n<td class=\"padding1\" align=\"left\" valign=\"top\">Bonne angulation.<br \/>\nUne vaste zone est touch\u00e9e par la chaleur.<br \/>\nNiveaux de scories n\u00e9cessitant une finition ult\u00e9rieure.<br \/>\nN&#8217;est pas efficace sur l&#8217;acier inoxydable ou l&#8217;aluminium.<\/td>\n<td class=\"padding1\" align=\"left\" valign=\"top\">Excellente angulation.<br \/>\nUne petite zone affect\u00e9e par la chaleur.<br \/>\nIl n&#8217;y a pratiquement pas de d\u00e9chets.<br \/>\nParage fin de bonne \u00e0 excellente qualit\u00e9.<\/td>\n<\/tr>\n<tr>\n<td class=\"padding1\" align=\"center\">PRODUCTION<\/td>\n<td class=\"padding1\" align=\"left\" valign=\"top\">Vitesses de coupe lentes.<br \/>\nLe temps de pr\u00e9chauffage augmente le temps de forage.<\/td>\n<td class=\"padding1\" align=\"left\" valign=\"top\">Vitesses de coupe tr\u00e8s rapides dans toutes les \u00e9paisseurs.<br \/>\nTemps de forage tr\u00e8s rapide.<br \/>\nLes torches \u00e0 connexion rapide optimisent la productivit\u00e9.<\/td>\n<\/tr>\n<tr>\n<td class=\"padding1\" align=\"center\">CO\u00dbT DE<br \/>\nFONCTIONNEMENT<\/td>\n<td class=\"padding1\" align=\"left\" valign=\"top\">La faible productivit\u00e9 et les finitions ult\u00e9rieures n\u00e9cessaires font que le co\u00fbt par pi\u00e8ce est plus \u00e9lev\u00e9 que le co\u00fbt du plasma.<\/td>\n<td class=\"padding1\" align=\"left\" valign=\"top\">La longue dur\u00e9e de vie des consommables, la bonne productivit\u00e9 et l&#8217;excellente qualit\u00e9 de coupe font que le co\u00fbt par pi\u00e8ce est inf\u00e9rieur \u00e0 celui des autres technologies.<\/td>\n<\/tr>\n<tr>\n<td class=\"padding1\" align=\"center\">ENTRETIEN<\/td>\n<td class=\"padding1\" align=\"left\" valign=\"top\">Les op\u00e9rations de maintenance simples peuvent souvent \u00eatre effectu\u00e9es par le groupe de maintenance interne de l&#8217;installation.<\/td>\n<td class=\"padding1\" align=\"left\" valign=\"top\">Exigences mod\u00e9r\u00e9es en mati\u00e8re d&#8217;entretien :<br \/>\nDe nombreux composants peuvent \u00eatre entretenus par le groupe de maintenance interne de l&#8217;installation.<\/td>\n<\/tr>\n<\/tbody>\n<\/table>\n<\/div>\n<p>&nbsp;<\/p>\n<h3>Secteurs d&#8217;application<\/h3>\n<ul class=\"gal-color-list\">\n<li>Industries de la climatisation et de la ventilation.<\/li>\n<li>Maintenance sur site.<\/li>\n<li>Installations en g\u00e9n\u00e9ral.<\/li>\n<li>Charpente m\u00e9tallique.<\/li>\n<li>Construction d&#8217;appareils, de r\u00e9cipients et de conduits tubulaires.<\/li>\n<li>Organes.<\/li>\n<li>Les secteurs de l&#8217;artisanat et de la quincaillerie.<\/li>\n<li>Ateliers de moyenne et petite production.<\/li>\n<\/ul>\n","protected":false},"excerpt":{"rendered":"<p>D\u00e9coupe au plasma L&#8217;\u00e9quipement de d\u00e9coupe au plasma a rendu le processus accessible et courant dans l&#8217;industrie. Les besoins suivants sont pris en compte dans sa conception : Simplicit\u00e9 et facilit\u00e9 d&#8217;installation. Simplicit\u00e9, utilisation et entretien de l&#8217;\u00e9quipement. Mobilit\u00e9 et polyvalence de l&#8217;\u00e9quipement, pour diff\u00e9rents lieux et mat\u00e9riaux. Remplacement facile et rapide des composants sans [&hellip;]<\/p>\n","protected":false},"author":1,"featured_media":0,"parent":0,"menu_order":0,"comment_status":"closed","ping_status":"closed","template":"","meta":{"_acf_changed":false,"content-type":"","inline_featured_image":false,"_monsterinsights_skip_tracking":false,"_monsterinsights_sitenote_active":false,"_monsterinsights_sitenote_note":"","_monsterinsights_sitenote_category":0,"_joinchat":[],"footnotes":""},"class_list":["post-19058","page","type-page","status-publish","hentry"],"acf":[],"yoast_head":"<!-- This site is optimized with the Yoast SEO plugin v26.4 - https:\/\/yoast.com\/wordpress\/plugins\/seo\/ -->\n<title>D\u00e9coupe au plasma | GALA GAR - Productos de soldadura y reguladores de gas - Gas y soldadura<\/title>\n<meta name=\"robots\" content=\"index, follow, max-snippet:-1, max-image-preview:large, max-video-preview:-1\" \/>\n<link rel=\"canonical\" href=\"https:\/\/galagar.com\/fr\/decoupe-au-plasma\/\" \/>\n<meta property=\"og:locale\" content=\"fr_FR\" \/>\n<meta property=\"og:type\" content=\"article\" \/>\n<meta property=\"og:title\" content=\"D\u00e9coupe au plasma | GALA GAR - Productos de soldadura y reguladores de gas - Gas y soldadura\" \/>\n<meta property=\"og:description\" content=\"D\u00e9coupe au plasma L&#8217;\u00e9quipement de d\u00e9coupe au plasma a rendu le processus accessible et courant dans l&#8217;industrie. Les besoins suivants sont pris en compte dans sa conception : Simplicit\u00e9 et facilit\u00e9 d&#8217;installation. Simplicit\u00e9, utilisation et entretien de l&#8217;\u00e9quipement. Mobilit\u00e9 et polyvalence de l&#8217;\u00e9quipement, pour diff\u00e9rents lieux et mat\u00e9riaux. Remplacement facile et rapide des composants sans [&hellip;]\" \/>\n<meta property=\"og:url\" content=\"https:\/\/galagar.com\/fr\/decoupe-au-plasma\/\" \/>\n<meta property=\"og:site_name\" content=\"GALA GAR - Productos de soldadura y reguladores de gas - Gas y soldadura\" \/>\n<meta property=\"article:publisher\" content=\"https:\/\/www.facebook.com\/galagarsoldadura\/\" \/>\n<meta name=\"twitter:card\" content=\"summary_large_image\" \/>\n<meta name=\"twitter:label1\" content=\"Dur\u00e9e de lecture estim\u00e9e\" \/>\n\t<meta name=\"twitter:data1\" content=\"5 minutes\" \/>\n<script type=\"application\/ld+json\" class=\"yoast-schema-graph\">{\"@context\":\"https:\/\/schema.org\",\"@graph\":[{\"@type\":\"WebPage\",\"@id\":\"https:\/\/galagar.com\/fr\/decoupe-au-plasma\/\",\"url\":\"https:\/\/galagar.com\/fr\/decoupe-au-plasma\/\",\"name\":\"D\u00e9coupe au plasma | GALA GAR - Productos de soldadura y reguladores de gas - Gas y soldadura\",\"isPartOf\":{\"@id\":\"https:\/\/galagar.com\/fr\/#website\"},\"datePublished\":\"2021-10-28T11:43:17+00:00\",\"breadcrumb\":{\"@id\":\"https:\/\/galagar.com\/fr\/decoupe-au-plasma\/#breadcrumb\"},\"inLanguage\":\"fr-FR\",\"potentialAction\":[{\"@type\":\"ReadAction\",\"target\":[\"https:\/\/galagar.com\/fr\/decoupe-au-plasma\/\"]}]},{\"@type\":\"BreadcrumbList\",\"@id\":\"https:\/\/galagar.com\/fr\/decoupe-au-plasma\/#breadcrumb\",\"itemListElement\":[{\"@type\":\"ListItem\",\"position\":1,\"name\":\"Inicio\",\"item\":\"https:\/\/galagar.com\/fr\/accueil\/\"},{\"@type\":\"ListItem\",\"position\":2,\"name\":\"D\u00e9coupe au plasma\"}]},{\"@type\":\"WebSite\",\"@id\":\"https:\/\/galagar.com\/fr\/#website\",\"url\":\"https:\/\/galagar.com\/fr\/\",\"name\":\"GALA GAR - Productos de soldadura y reguladores de gas - Gas y soldadura\",\"description\":\"Gala Gar es fabricante de tecnolog\u00eda competitiva para soldadura (MMA-TIG-MIG\/MAG-CORTE POR PLASMA), regulaci\u00f3n de gases, y para soldadura y corte por gas.\",\"publisher\":{\"@id\":\"https:\/\/galagar.com\/fr\/#organization\"},\"potentialAction\":[{\"@type\":\"SearchAction\",\"target\":{\"@type\":\"EntryPoint\",\"urlTemplate\":\"https:\/\/galagar.com\/fr\/?s={search_term_string}\"},\"query-input\":{\"@type\":\"PropertyValueSpecification\",\"valueRequired\":true,\"valueName\":\"search_term_string\"}}],\"inLanguage\":\"fr-FR\"},{\"@type\":\"Organization\",\"@id\":\"https:\/\/galagar.com\/fr\/#organization\",\"name\":\"GALA GAR welding\",\"url\":\"https:\/\/galagar.com\/fr\/\",\"logo\":{\"@type\":\"ImageObject\",\"inLanguage\":\"fr-FR\",\"@id\":\"https:\/\/galagar.com\/fr\/#\/schema\/logo\/image\/\",\"url\":\"\",\"contentUrl\":\"\",\"caption\":\"GALA GAR welding\"},\"image\":{\"@id\":\"https:\/\/galagar.com\/fr\/#\/schema\/logo\/image\/\"},\"sameAs\":[\"https:\/\/www.facebook.com\/galagarsoldadura\/\",\"https:\/\/www.linkedin.com\/company\/gala-gar-sl\/?trk=biz-companies-cym\",\"https:\/\/www.youtube.com\/user\/galagarsp\",\"https:\/\/www.instagram.com\/galagar_soldadura\/?hl=es\"]}]}<\/script>\n<!-- \/ Yoast SEO plugin. -->","yoast_head_json":{"title":"D\u00e9coupe au plasma | GALA GAR - Productos de soldadura y reguladores de gas - Gas y soldadura","robots":{"index":"index","follow":"follow","max-snippet":"max-snippet:-1","max-image-preview":"max-image-preview:large","max-video-preview":"max-video-preview:-1"},"canonical":"https:\/\/galagar.com\/fr\/decoupe-au-plasma\/","og_locale":"fr_FR","og_type":"article","og_title":"D\u00e9coupe au plasma | GALA GAR - Productos de soldadura y reguladores de gas - Gas y soldadura","og_description":"D\u00e9coupe au plasma L&#8217;\u00e9quipement de d\u00e9coupe au plasma a rendu le processus accessible et courant dans l&#8217;industrie. Les besoins suivants sont pris en compte dans sa conception : Simplicit\u00e9 et facilit\u00e9 d&#8217;installation. Simplicit\u00e9, utilisation et entretien de l&#8217;\u00e9quipement. Mobilit\u00e9 et polyvalence de l&#8217;\u00e9quipement, pour diff\u00e9rents lieux et mat\u00e9riaux. Remplacement facile et rapide des composants sans [&hellip;]","og_url":"https:\/\/galagar.com\/fr\/decoupe-au-plasma\/","og_site_name":"GALA GAR - Productos de soldadura y reguladores de gas - Gas y soldadura","article_publisher":"https:\/\/www.facebook.com\/galagarsoldadura\/","twitter_card":"summary_large_image","twitter_misc":{"Dur\u00e9e de lecture estim\u00e9e":"5 minutes"},"schema":{"@context":"https:\/\/schema.org","@graph":[{"@type":"WebPage","@id":"https:\/\/galagar.com\/fr\/decoupe-au-plasma\/","url":"https:\/\/galagar.com\/fr\/decoupe-au-plasma\/","name":"D\u00e9coupe au plasma | GALA GAR - Productos de soldadura y reguladores de gas - Gas y soldadura","isPartOf":{"@id":"https:\/\/galagar.com\/fr\/#website"},"datePublished":"2021-10-28T11:43:17+00:00","breadcrumb":{"@id":"https:\/\/galagar.com\/fr\/decoupe-au-plasma\/#breadcrumb"},"inLanguage":"fr-FR","potentialAction":[{"@type":"ReadAction","target":["https:\/\/galagar.com\/fr\/decoupe-au-plasma\/"]}]},{"@type":"BreadcrumbList","@id":"https:\/\/galagar.com\/fr\/decoupe-au-plasma\/#breadcrumb","itemListElement":[{"@type":"ListItem","position":1,"name":"Inicio","item":"https:\/\/galagar.com\/fr\/accueil\/"},{"@type":"ListItem","position":2,"name":"D\u00e9coupe au plasma"}]},{"@type":"WebSite","@id":"https:\/\/galagar.com\/fr\/#website","url":"https:\/\/galagar.com\/fr\/","name":"GALA GAR - Productos de soldadura y reguladores de gas - Gas y soldadura","description":"Gala Gar es fabricante de tecnolog\u00eda competitiva para soldadura (MMA-TIG-MIG\/MAG-CORTE POR PLASMA), regulaci\u00f3n de gases, y para soldadura y corte por gas.","publisher":{"@id":"https:\/\/galagar.com\/fr\/#organization"},"potentialAction":[{"@type":"SearchAction","target":{"@type":"EntryPoint","urlTemplate":"https:\/\/galagar.com\/fr\/?s={search_term_string}"},"query-input":{"@type":"PropertyValueSpecification","valueRequired":true,"valueName":"search_term_string"}}],"inLanguage":"fr-FR"},{"@type":"Organization","@id":"https:\/\/galagar.com\/fr\/#organization","name":"GALA GAR welding","url":"https:\/\/galagar.com\/fr\/","logo":{"@type":"ImageObject","inLanguage":"fr-FR","@id":"https:\/\/galagar.com\/fr\/#\/schema\/logo\/image\/","url":"","contentUrl":"","caption":"GALA GAR welding"},"image":{"@id":"https:\/\/galagar.com\/fr\/#\/schema\/logo\/image\/"},"sameAs":["https:\/\/www.facebook.com\/galagarsoldadura\/","https:\/\/www.linkedin.com\/company\/gala-gar-sl\/?trk=biz-companies-cym","https:\/\/www.youtube.com\/user\/galagarsp","https:\/\/www.instagram.com\/galagar_soldadura\/?hl=es"]}]}},"_links":{"self":[{"href":"https:\/\/galagar.com\/fr\/wp-json\/wp\/v2\/pages\/19058","targetHints":{"allow":["GET"]}}],"collection":[{"href":"https:\/\/galagar.com\/fr\/wp-json\/wp\/v2\/pages"}],"about":[{"href":"https:\/\/galagar.com\/fr\/wp-json\/wp\/v2\/types\/page"}],"author":[{"embeddable":true,"href":"https:\/\/galagar.com\/fr\/wp-json\/wp\/v2\/users\/1"}],"replies":[{"embeddable":true,"href":"https:\/\/galagar.com\/fr\/wp-json\/wp\/v2\/comments?post=19058"}],"version-history":[{"count":0,"href":"https:\/\/galagar.com\/fr\/wp-json\/wp\/v2\/pages\/19058\/revisions"}],"wp:attachment":[{"href":"https:\/\/galagar.com\/fr\/wp-json\/wp\/v2\/media?parent=19058"}],"curies":[{"name":"wp","href":"https:\/\/api.w.org\/{rel}","templated":true}]}}