{"id":19491,"date":"2022-02-01T19:32:23","date_gmt":"2022-02-01T18:32:23","guid":{"rendered":"https:\/\/dev.galagar.com\/politique-de-qualite\/"},"modified":"2023-05-02T19:13:33","modified_gmt":"2023-05-02T17:13:33","slug":"politique-de-qualite","status":"publish","type":"page","link":"https:\/\/galagar.com\/fr\/politique-de-qualite\/","title":{"rendered":"Politique de qualit\u00e9"},"content":{"rendered":"<div class=\"fusion-fullwidth fullwidth-box fusion-builder-row-1 fusion-flex-container nonhundred-percent-fullwidth non-hundred-percent-height-scrolling\" style=\"--awb-border-radius-top-left:0px;--awb-border-radius-top-right:0px;--awb-border-radius-bottom-right:0px;--awb-border-radius-bottom-left:0px;--awb-flex-wrap:wrap;\" ><div class=\"fusion-builder-row fusion-row fusion-flex-align-items-flex-start fusion-flex-content-wrap\" style=\"max-width:1216.8px;margin-left: calc(-4% \/ 2 );margin-right: calc(-4% \/ 2 );\"><div class=\"fusion-layout-column fusion_builder_column fusion-builder-column-0 fusion_builder_column_1_1 1_1 fusion-flex-column\" style=\"--awb-bg-size:cover;--awb-width-large:100%;--awb-margin-top-large:0px;--awb-spacing-right-large:1.92%;--awb-margin-bottom-large:0px;--awb-spacing-left-large:1.92%;--awb-width-medium:100%;--awb-spacing-right-medium:1.92%;--awb-spacing-left-medium:1.92%;--awb-width-small:100%;--awb-spacing-right-small:1.92%;--awb-spacing-left-small:1.92%;\"><div class=\"fusion-column-wrapper fusion-flex-justify-content-flex-start fusion-content-layout-column\"><div class=\"fusion-text fusion-text-1\" style=\"--awb-text-transform:none;\"><h1>Politique de qualit\u00e9<\/h1>\n<\/div><div class=\"fusion-separator fusion-full-width-sep\" style=\"align-self: center;margin-left: auto;margin-right: auto;margin-top:21px;width:100%;\"><\/div><div class=\"fusion-text fusion-text-2\" style=\"--awb-text-transform:none;\"><p>Gala Gar est une entreprise qui se consacre \u00e0 la conception, \u00e0 la fabrication, \u00e0 la commercialisation et \u00e0 l&#8217;assistance technique de machines de soudage \u00e9lectriques et \u00e9lectroniques, d&#8217;\u00e9quipements de coupage au plasma, de soudage et de coupage au gaz et de proc\u00e9d\u00e9s connexes, de machines \u00e9lectrom\u00e9caniques et industrielles et d&#8217;accessoires de soudage. Conception et mise en service d&#8217;automatismes et d&#8217;installations robotis\u00e9es.<\/p>\n<p>Les principaux points sur lesquels repose le syst\u00e8me de qualit\u00e9 sont les suivants :<\/p>\n<ul>\n<li><strong>Satisfaire les clients<\/strong>  dans toutes les activit\u00e9s, qu&#8217;il s&#8217;agisse de clients externes ou internes, en mettant sur le march\u00e9 des produits qui r\u00e9pondent aux attentes des clients ainsi qu&#8217;aux exigences l\u00e9gales et r\u00e9glementaires et en les aidant techniquement \u00e0 d\u00e9finir leurs besoins et \u00e0 atteindre une plus grande efficacit\u00e9 dans l&#8217;utilisation des \u00e9quipements.<\/li>\n<li><strong>Pr\u00e9venir les erreurs<\/strong> afin d&#8217;atteindre un niveau de qualit\u00e9 \u00e9lev\u00e9. La gestion des processus devrait \u00eatre l&#8217;outil cl\u00e9 \u00e0 cet \u00e9gard et sera bas\u00e9e sur des mesures et des objectifs concrets.<\/li>\n<li>\u00c9liminer le travail et les actions qui n&#8217;am\u00e9liorent pas le service et la satisfaction du client, c&#8217;est-\u00e0-dire qui n&#8217;ajoutent pas de valeur \u00e0 notre relation avec le client.<\/li>\n<li>L&#8217;<strong>am\u00e9lioration continue<\/strong> est un engagement pour tous et en particulier pour les personnes ayant les plus grandes responsabilit\u00e9s au sein de l&#8217;entreprise. L&#8217;am\u00e9lioration doit s&#8217;appuyer sur une \u00e9quipe de personnes form\u00e9es et pr\u00e9par\u00e9es \u00e0 la r\u00e9alisation d&#8217;un produit de qualit\u00e9, ainsi que sur les fournisseurs et les collaborateurs qui doivent y \u00eatre associ\u00e9s.<\/li>\n<li>D\u00e9montrer, documents \u00e0 l&#8217;appui, la conformit\u00e9 aux exigences d\u00e9finies dans le syst\u00e8me de gestion de la qualit\u00e9 d\u00e9crit dans le manuel de qualit\u00e9.<\/li>\n<\/ul>\n<p>Le directeur g\u00e9n\u00e9ral de Gala Gar ainsi que les directeurs de chacune des unit\u00e9s organisationnelles s&#8217;engagent \u00e0 ce que cette politique de qualit\u00e9 approuv\u00e9e par la direction g\u00e9n\u00e9rale soit mise en \u0153uvre \u00e0 travers l&#8217;application des outils sp\u00e9cifi\u00e9s dans le syst\u00e8me de gestion de la qualit\u00e9 d\u00e9crit dans le manuel de qualit\u00e9.<\/p>\n<p style=\"text-align: right;\"><strong>D. Luis Gardeta Guinda<\/strong><br \/>\nDirecteur g\u00e9n\u00e9ral<br \/>\n10\/09\/18<\/p>\n<\/div><\/div><\/div><\/div><\/div>\n","protected":false},"excerpt":{"rendered":"","protected":false},"author":1,"featured_media":0,"parent":0,"menu_order":0,"comment_status":"closed","ping_status":"closed","template":"","meta":{"_acf_changed":false,"content-type":"","inline_featured_image":false,"_monsterinsights_skip_tracking":false,"_monsterinsights_sitenote_active":false,"_monsterinsights_sitenote_note":"","_monsterinsights_sitenote_category":0,"_joinchat":[],"footnotes":""},"class_list":["post-19491","page","type-page","status-publish","hentry"],"acf":[],"yoast_head":"<!-- This site is optimized with the Yoast SEO plugin v26.4 - https:\/\/yoast.com\/wordpress\/plugins\/seo\/ -->\n<title>Politique de qualit\u00e9 | GALA GAR - Productos de soldadura y reguladores de gas - Gas y soldadura<\/title>\n<meta name=\"robots\" content=\"index, follow, max-snippet:-1, max-image-preview:large, max-video-preview:-1\" \/>\n<link rel=\"canonical\" href=\"https:\/\/galagar.com\/fr\/politique-de-qualite\/\" \/>\n<meta property=\"og:locale\" content=\"fr_FR\" \/>\n<meta property=\"og:type\" content=\"article\" \/>\n<meta property=\"og:title\" content=\"Politique de qualit\u00e9 | GALA GAR - Productos de soldadura y reguladores de gas - Gas y soldadura\" \/>\n<meta property=\"og:url\" content=\"https:\/\/galagar.com\/fr\/politique-de-qualite\/\" \/>\n<meta property=\"og:site_name\" content=\"GALA GAR - Productos de soldadura y reguladores de gas - Gas y soldadura\" \/>\n<meta property=\"article:publisher\" content=\"https:\/\/www.facebook.com\/galagarsoldadura\/\" \/>\n<meta property=\"article:modified_time\" content=\"2023-05-02T17:13:33+00:00\" \/>\n<meta name=\"twitter:card\" content=\"summary_large_image\" \/>\n<meta name=\"twitter:label1\" content=\"Dur\u00e9e de lecture estim\u00e9e\" \/>\n\t<meta name=\"twitter:data1\" content=\"4 minutes\" \/>\n<script type=\"application\/ld+json\" class=\"yoast-schema-graph\">{\"@context\":\"https:\/\/schema.org\",\"@graph\":[{\"@type\":\"WebPage\",\"@id\":\"https:\/\/galagar.com\/fr\/politique-de-qualite\/\",\"url\":\"https:\/\/galagar.com\/fr\/politique-de-qualite\/\",\"name\":\"Politique de qualit\u00e9 | GALA GAR - Productos de soldadura y reguladores de gas - Gas y soldadura\",\"isPartOf\":{\"@id\":\"https:\/\/galagar.com\/fr\/#website\"},\"datePublished\":\"2022-02-01T18:32:23+00:00\",\"dateModified\":\"2023-05-02T17:13:33+00:00\",\"breadcrumb\":{\"@id\":\"https:\/\/galagar.com\/fr\/politique-de-qualite\/#breadcrumb\"},\"inLanguage\":\"fr-FR\",\"potentialAction\":[{\"@type\":\"ReadAction\",\"target\":[\"https:\/\/galagar.com\/fr\/politique-de-qualite\/\"]}]},{\"@type\":\"BreadcrumbList\",\"@id\":\"https:\/\/galagar.com\/fr\/politique-de-qualite\/#breadcrumb\",\"itemListElement\":[{\"@type\":\"ListItem\",\"position\":1,\"name\":\"Inicio\",\"item\":\"https:\/\/galagar.com\/fr\/accueil\/\"},{\"@type\":\"ListItem\",\"position\":2,\"name\":\"Politique de qualit\u00e9\"}]},{\"@type\":\"WebSite\",\"@id\":\"https:\/\/galagar.com\/fr\/#website\",\"url\":\"https:\/\/galagar.com\/fr\/\",\"name\":\"GALA GAR - Productos de soldadura y reguladores de gas - Gas y soldadura\",\"description\":\"Gala Gar es fabricante de tecnolog\u00eda competitiva para soldadura (MMA-TIG-MIG\/MAG-CORTE POR PLASMA), regulaci\u00f3n de gases, y para soldadura y corte por gas.\",\"publisher\":{\"@id\":\"https:\/\/galagar.com\/fr\/#organization\"},\"potentialAction\":[{\"@type\":\"SearchAction\",\"target\":{\"@type\":\"EntryPoint\",\"urlTemplate\":\"https:\/\/galagar.com\/fr\/?s={search_term_string}\"},\"query-input\":{\"@type\":\"PropertyValueSpecification\",\"valueRequired\":true,\"valueName\":\"search_term_string\"}}],\"inLanguage\":\"fr-FR\"},{\"@type\":\"Organization\",\"@id\":\"https:\/\/galagar.com\/fr\/#organization\",\"name\":\"GALA GAR welding\",\"url\":\"https:\/\/galagar.com\/fr\/\",\"logo\":{\"@type\":\"ImageObject\",\"inLanguage\":\"fr-FR\",\"@id\":\"https:\/\/galagar.com\/fr\/#\/schema\/logo\/image\/\",\"url\":\"\",\"contentUrl\":\"\",\"caption\":\"GALA GAR welding\"},\"image\":{\"@id\":\"https:\/\/galagar.com\/fr\/#\/schema\/logo\/image\/\"},\"sameAs\":[\"https:\/\/www.facebook.com\/galagarsoldadura\/\",\"https:\/\/www.linkedin.com\/company\/gala-gar-sl\/?trk=biz-companies-cym\",\"https:\/\/www.youtube.com\/user\/galagarsp\",\"https:\/\/www.instagram.com\/galagar_soldadura\/?hl=es\"]}]}<\/script>\n<!-- \/ Yoast SEO plugin. -->","yoast_head_json":{"title":"Politique de qualit\u00e9 | GALA GAR - Productos de soldadura y reguladores de gas - Gas y soldadura","robots":{"index":"index","follow":"follow","max-snippet":"max-snippet:-1","max-image-preview":"max-image-preview:large","max-video-preview":"max-video-preview:-1"},"canonical":"https:\/\/galagar.com\/fr\/politique-de-qualite\/","og_locale":"fr_FR","og_type":"article","og_title":"Politique de qualit\u00e9 | GALA GAR - Productos de soldadura y reguladores de gas - Gas y soldadura","og_url":"https:\/\/galagar.com\/fr\/politique-de-qualite\/","og_site_name":"GALA GAR - Productos de soldadura y reguladores de gas - Gas y soldadura","article_publisher":"https:\/\/www.facebook.com\/galagarsoldadura\/","article_modified_time":"2023-05-02T17:13:33+00:00","twitter_card":"summary_large_image","twitter_misc":{"Dur\u00e9e de lecture estim\u00e9e":"4 minutes"},"schema":{"@context":"https:\/\/schema.org","@graph":[{"@type":"WebPage","@id":"https:\/\/galagar.com\/fr\/politique-de-qualite\/","url":"https:\/\/galagar.com\/fr\/politique-de-qualite\/","name":"Politique de qualit\u00e9 | GALA GAR - Productos de soldadura y reguladores de gas - Gas y soldadura","isPartOf":{"@id":"https:\/\/galagar.com\/fr\/#website"},"datePublished":"2022-02-01T18:32:23+00:00","dateModified":"2023-05-02T17:13:33+00:00","breadcrumb":{"@id":"https:\/\/galagar.com\/fr\/politique-de-qualite\/#breadcrumb"},"inLanguage":"fr-FR","potentialAction":[{"@type":"ReadAction","target":["https:\/\/galagar.com\/fr\/politique-de-qualite\/"]}]},{"@type":"BreadcrumbList","@id":"https:\/\/galagar.com\/fr\/politique-de-qualite\/#breadcrumb","itemListElement":[{"@type":"ListItem","position":1,"name":"Inicio","item":"https:\/\/galagar.com\/fr\/accueil\/"},{"@type":"ListItem","position":2,"name":"Politique de qualit\u00e9"}]},{"@type":"WebSite","@id":"https:\/\/galagar.com\/fr\/#website","url":"https:\/\/galagar.com\/fr\/","name":"GALA GAR - Productos de soldadura y reguladores de gas - Gas y soldadura","description":"Gala Gar es fabricante de tecnolog\u00eda competitiva para soldadura (MMA-TIG-MIG\/MAG-CORTE POR PLASMA), regulaci\u00f3n de gases, y para soldadura y corte por gas.","publisher":{"@id":"https:\/\/galagar.com\/fr\/#organization"},"potentialAction":[{"@type":"SearchAction","target":{"@type":"EntryPoint","urlTemplate":"https:\/\/galagar.com\/fr\/?s={search_term_string}"},"query-input":{"@type":"PropertyValueSpecification","valueRequired":true,"valueName":"search_term_string"}}],"inLanguage":"fr-FR"},{"@type":"Organization","@id":"https:\/\/galagar.com\/fr\/#organization","name":"GALA GAR welding","url":"https:\/\/galagar.com\/fr\/","logo":{"@type":"ImageObject","inLanguage":"fr-FR","@id":"https:\/\/galagar.com\/fr\/#\/schema\/logo\/image\/","url":"","contentUrl":"","caption":"GALA GAR welding"},"image":{"@id":"https:\/\/galagar.com\/fr\/#\/schema\/logo\/image\/"},"sameAs":["https:\/\/www.facebook.com\/galagarsoldadura\/","https:\/\/www.linkedin.com\/company\/gala-gar-sl\/?trk=biz-companies-cym","https:\/\/www.youtube.com\/user\/galagarsp","https:\/\/www.instagram.com\/galagar_soldadura\/?hl=es"]}]}},"_links":{"self":[{"href":"https:\/\/galagar.com\/fr\/wp-json\/wp\/v2\/pages\/19491","targetHints":{"allow":["GET"]}}],"collection":[{"href":"https:\/\/galagar.com\/fr\/wp-json\/wp\/v2\/pages"}],"about":[{"href":"https:\/\/galagar.com\/fr\/wp-json\/wp\/v2\/types\/page"}],"author":[{"embeddable":true,"href":"https:\/\/galagar.com\/fr\/wp-json\/wp\/v2\/users\/1"}],"replies":[{"embeddable":true,"href":"https:\/\/galagar.com\/fr\/wp-json\/wp\/v2\/comments?post=19491"}],"version-history":[{"count":2,"href":"https:\/\/galagar.com\/fr\/wp-json\/wp\/v2\/pages\/19491\/revisions"}],"predecessor-version":[{"id":19493,"href":"https:\/\/galagar.com\/fr\/wp-json\/wp\/v2\/pages\/19491\/revisions\/19493"}],"wp:attachment":[{"href":"https:\/\/galagar.com\/fr\/wp-json\/wp\/v2\/media?parent=19491"}],"curies":[{"name":"wp","href":"https:\/\/api.w.org\/{rel}","templated":true}]}}