{"id":16432,"date":"2023-03-27T08:50:30","date_gmt":"2023-03-27T06:50:30","guid":{"rendered":"https:\/\/dev.galagar.com\/producto\/chariot-de-soudage-gecko-hs\/"},"modified":"2023-04-28T12:27:05","modified_gmt":"2023-04-28T10:27:05","slug":"chariot-de-soudage-gecko-hs","status":"publish","type":"product","link":"https:\/\/galagar.com\/fr\/produit\/chariot-de-soudage-gecko-hs\/","title":{"rendered":"Chariot de soudage Gecko HS"},"content":{"rendered":"<div class=\"fusion-fullwidth fullwidth-box fusion-builder-row-1 fusion-flex-container has-pattern-background has-mask-background nonhundred-percent-fullwidth non-hundred-percent-height-scrolling\" style=\"--awb-border-radius-top-left:0px;--awb-border-radius-top-right:0px;--awb-border-radius-bottom-right:0px;--awb-border-radius-bottom-left:0px;--awb-flex-wrap:wrap;\" ><div class=\"fusion-builder-row fusion-row fusion-flex-align-items-flex-start fusion-flex-content-wrap\" style=\"max-width:1216.8px;margin-left: calc(-4% \/ 2 );margin-right: calc(-4% \/ 2 );\"><div class=\"fusion-layout-column fusion_builder_column fusion-builder-column-0 fusion_builder_column_3_5 3_5 fusion-flex-column\" style=\"--awb-bg-size:cover;--awb-width-large:60%;--awb-margin-top-large:0px;--awb-spacing-right-large:3.2%;--awb-margin-bottom-large:20px;--awb-spacing-left-large:3.2%;--awb-width-medium:100%;--awb-order-medium:0;--awb-spacing-right-medium:1.92%;--awb-spacing-left-medium:1.92%;--awb-width-small:100%;--awb-order-small:0;--awb-spacing-right-small:1.92%;--awb-spacing-left-small:1.92%;\"><div class=\"fusion-column-wrapper fusion-column-has-shadow fusion-flex-justify-content-flex-start fusion-content-layout-column\">\n<div class=\"table-2\">\n<table width=\"100%\">\n<thead>\n<tr>\n<th align=\"left\">Caract\u00e9ristiques techniques de base<\/th>\n<th align=\"left\"><\/th>\n<\/tr>\n<\/thead>\n<tbody>\n<tr>\n<td align=\"left\">Tension d&#8217;alimentation<\/td>\n<td align=\"left\">3 Ph 230V 50\/60 Hs.<\/td>\n<\/tr>\n<tr>\n<td align=\"left\">Vitesse de la carotte (Horiz.\/Vert.)<\/td>\n<td align=\"left\">110 cm. x Min.<\/td>\n<\/tr>\n<tr>\n<td align=\"left\">Poids<\/td>\n<td align=\"left\">8 Kg.<\/td>\n<\/tr>\n<\/tbody>\n<\/table>\n<\/div>\n<\/div><\/div><\/div><\/div>\n","protected":false},"excerpt":{"rendered":"<p>Solutions de soudage standard<br \/>\nPossibilit\u00e9 d&#8217;\u00e9quipement en batteries<br \/>\nSoudage continu non programmable<br \/>\nContr\u00f4le de l&#8217;allumage et simulation de mouvement sans soudure<br \/>\nPossibilit\u00e9 de double feu dans la m\u00eame direction<br \/>\nConvient aux petits espaces<br \/>\nUniquement pour les soudures d&#8217;angle plates et internes, horizontales et verticales.<\/p>\n<p><strong>Applications :<\/strong><\/p>\n<p>\u25aa Fabrication de remorques.<br \/>\n\u25aa R\u00e9servoirs de camions.<br \/>\n\u25aa D\u00e9p\u00f4ts.<br \/>\n\u25aa Chaudronnerie moyenne\/lourde.<br \/>\n\u25aa Transformers.<br \/>\n\u25aa Chantiers navals.<br \/>\nToute application n\u00e9cessitant des perles continues.<\/p>\n<p><strong>Options :<br \/>\n<\/strong>Grand nombre d&#8217;options permettant d&#8217;augmenter les performances de l&#8217;\u00e9quipement.<\/p>\n<h4><a href=\"https:\/\/galagar.com\/contacto\/\" target=\"_blank\" rel=\"noopener\"><span style=\"color: #008000;\">Veuillez nous contacter.<\/span><\/a><\/h4>\n","protected":false},"featured_media":16435,"template":"","meta":{"_acf_changed":false,"content-type":"","inline_featured_image":false,"_monsterinsights_skip_tracking":false,"_monsterinsights_sitenote_active":false,"_monsterinsights_sitenote_note":"","_monsterinsights_sitenote_category":0,"_joinchat":[]},"product_brand":[],"product_cat":[937,1215],"product_tag":[],"class_list":{"0":"post-16432","1":"product","2":"type-product","3":"status-publish","4":"has-post-thumbnail","6":"product_cat-produits","7":"product_cat-semi-automatisation","9":"first","10":"instock","11":"product-type-simple"},"acf":[],"yoast_head":"<!-- This site is optimized with the Yoast SEO plugin v26.4 - https:\/\/yoast.com\/wordpress\/plugins\/seo\/ -->\n<title>Chariot de soudage Gecko HS | GALA GAR - Productos de soldadura y reguladores de gas - Gas y soldadura<\/title>\n<meta name=\"robots\" content=\"index, follow, max-snippet:-1, max-image-preview:large, max-video-preview:-1\" \/>\n<link rel=\"canonical\" href=\"https:\/\/galagar.com\/fr\/produit\/chariot-de-soudage-gecko-hs\/\" \/>\n<meta property=\"og:locale\" content=\"fr_FR\" \/>\n<meta property=\"og:type\" content=\"article\" \/>\n<meta property=\"og:title\" content=\"Chariot de soudage Gecko HS | GALA GAR - Productos de soldadura y reguladores de gas - Gas y soldadura\" \/>\n<meta property=\"og:description\" content=\"Solutions de soudage standard Possibilit\u00e9 d&#039;\u00e9quipement en batteries Soudage continu non programmable Contr\u00f4le de l&#039;allumage et simulation de mouvement sans soudure Possibilit\u00e9 de double feu dans la m\u00eame direction Convient aux petits espaces Uniquement pour les soudures d&#039;angle plates et internes, horizontales et verticales. Applications : \u25aa Fabrication de remorques. \u25aa R\u00e9servoirs de camions. \u25aa D\u00e9p\u00f4ts. \u25aa Chaudronnerie moyenne\/lourde. \u25aa Transformers. \u25aa Chantiers navals. Toute application n\u00e9cessitant des perles continues. Options : Grand nombre d&#039;options permettant d&#039;augmenter les performances de l&#039;\u00e9quipement. Veuillez nous contacter.\" \/>\n<meta property=\"og:url\" content=\"https:\/\/galagar.com\/fr\/produit\/chariot-de-soudage-gecko-hs\/\" \/>\n<meta property=\"og:site_name\" content=\"GALA GAR - Productos de soldadura y reguladores de gas - Gas y soldadura\" \/>\n<meta property=\"article:publisher\" content=\"https:\/\/www.facebook.com\/galagarsoldadura\/\" \/>\n<meta property=\"article:modified_time\" content=\"2023-04-28T10:27:05+00:00\" \/>\n<meta property=\"og:image\" content=\"https:\/\/galagar.com\/wp-content\/uploads\/2023\/03\/Gecko.jpg\" \/>\n\t<meta property=\"og:image:width\" content=\"640\" \/>\n\t<meta property=\"og:image:height\" content=\"800\" \/>\n\t<meta property=\"og:image:type\" content=\"image\/jpeg\" \/>\n<meta name=\"twitter:card\" content=\"summary_large_image\" \/>\n<meta name=\"twitter:label1\" content=\"Dur\u00e9e de lecture estim\u00e9e\" \/>\n\t<meta name=\"twitter:data1\" content=\"2 minutes\" \/>\n<script type=\"application\/ld+json\" class=\"yoast-schema-graph\">{\"@context\":\"https:\/\/schema.org\",\"@graph\":[{\"@type\":\"WebPage\",\"@id\":\"https:\/\/galagar.com\/fr\/produit\/chariot-de-soudage-gecko-hs\/\",\"url\":\"https:\/\/galagar.com\/fr\/produit\/chariot-de-soudage-gecko-hs\/\",\"name\":\"Chariot de soudage Gecko HS | GALA GAR - Productos de soldadura y reguladores de gas - Gas y soldadura\",\"isPartOf\":{\"@id\":\"https:\/\/galagar.com\/fr\/#website\"},\"primaryImageOfPage\":{\"@id\":\"https:\/\/galagar.com\/fr\/produit\/chariot-de-soudage-gecko-hs\/#primaryimage\"},\"image\":{\"@id\":\"https:\/\/galagar.com\/fr\/produit\/chariot-de-soudage-gecko-hs\/#primaryimage\"},\"thumbnailUrl\":\"https:\/\/galagar.com\/wp-content\/uploads\/2023\/03\/Gecko.jpg\",\"datePublished\":\"2023-03-27T06:50:30+00:00\",\"dateModified\":\"2023-04-28T10:27:05+00:00\",\"breadcrumb\":{\"@id\":\"https:\/\/galagar.com\/fr\/produit\/chariot-de-soudage-gecko-hs\/#breadcrumb\"},\"inLanguage\":\"fr-FR\",\"potentialAction\":[{\"@type\":\"ReadAction\",\"target\":[\"https:\/\/galagar.com\/fr\/produit\/chariot-de-soudage-gecko-hs\/\"]}]},{\"@type\":\"ImageObject\",\"inLanguage\":\"fr-FR\",\"@id\":\"https:\/\/galagar.com\/fr\/produit\/chariot-de-soudage-gecko-hs\/#primaryimage\",\"url\":\"https:\/\/galagar.com\/wp-content\/uploads\/2023\/03\/Gecko.jpg\",\"contentUrl\":\"https:\/\/galagar.com\/wp-content\/uploads\/2023\/03\/Gecko.jpg\",\"width\":640,\"height\":800},{\"@type\":\"BreadcrumbList\",\"@id\":\"https:\/\/galagar.com\/fr\/produit\/chariot-de-soudage-gecko-hs\/#breadcrumb\",\"itemListElement\":[{\"@type\":\"ListItem\",\"position\":1,\"name\":\"Inicio\",\"item\":\"https:\/\/galagar.com\/fr\/accueil\/\"},{\"@type\":\"ListItem\",\"position\":2,\"name\":\"Boutique\",\"item\":\"https:\/\/galagar.com\/fr\/boutique\/\"},{\"@type\":\"ListItem\",\"position\":3,\"name\":\"Produits\",\"item\":\"https:\/\/galagar.com\/fr\/tienda-online\/produits\/\"},{\"@type\":\"ListItem\",\"position\":4,\"name\":\"Chariot de soudage Gecko HS\"}]},{\"@type\":\"WebSite\",\"@id\":\"https:\/\/galagar.com\/fr\/#website\",\"url\":\"https:\/\/galagar.com\/fr\/\",\"name\":\"GALA GAR - Productos de soldadura y reguladores de gas - Gas y soldadura\",\"description\":\"Gala Gar es fabricante de tecnolog\u00eda competitiva para soldadura (MMA-TIG-MIG\/MAG-CORTE POR PLASMA), regulaci\u00f3n de gases, y para soldadura y corte por gas.\",\"publisher\":{\"@id\":\"https:\/\/galagar.com\/fr\/#organization\"},\"potentialAction\":[{\"@type\":\"SearchAction\",\"target\":{\"@type\":\"EntryPoint\",\"urlTemplate\":\"https:\/\/galagar.com\/fr\/?s={search_term_string}\"},\"query-input\":{\"@type\":\"PropertyValueSpecification\",\"valueRequired\":true,\"valueName\":\"search_term_string\"}}],\"inLanguage\":\"fr-FR\"},{\"@type\":\"Organization\",\"@id\":\"https:\/\/galagar.com\/fr\/#organization\",\"name\":\"GALA GAR welding\",\"url\":\"https:\/\/galagar.com\/fr\/\",\"logo\":{\"@type\":\"ImageObject\",\"inLanguage\":\"fr-FR\",\"@id\":\"https:\/\/galagar.com\/fr\/#\/schema\/logo\/image\/\",\"url\":\"\",\"contentUrl\":\"\",\"caption\":\"GALA GAR welding\"},\"image\":{\"@id\":\"https:\/\/galagar.com\/fr\/#\/schema\/logo\/image\/\"},\"sameAs\":[\"https:\/\/www.facebook.com\/galagarsoldadura\/\",\"https:\/\/www.linkedin.com\/company\/gala-gar-sl\/?trk=biz-companies-cym\",\"https:\/\/www.youtube.com\/user\/galagarsp\",\"https:\/\/www.instagram.com\/galagar_soldadura\/?hl=es\"]}]}<\/script>\n<!-- \/ Yoast SEO plugin. -->","yoast_head_json":{"title":"Chariot de soudage Gecko HS | GALA GAR - Productos de soldadura y reguladores de gas - Gas y soldadura","robots":{"index":"index","follow":"follow","max-snippet":"max-snippet:-1","max-image-preview":"max-image-preview:large","max-video-preview":"max-video-preview:-1"},"canonical":"https:\/\/galagar.com\/fr\/produit\/chariot-de-soudage-gecko-hs\/","og_locale":"fr_FR","og_type":"article","og_title":"Chariot de soudage Gecko HS | GALA GAR - Productos de soldadura y reguladores de gas - Gas y soldadura","og_description":"Solutions de soudage standard Possibilit\u00e9 d'\u00e9quipement en batteries Soudage continu non programmable Contr\u00f4le de l'allumage et simulation de mouvement sans soudure Possibilit\u00e9 de double feu dans la m\u00eame direction Convient aux petits espaces Uniquement pour les soudures d'angle plates et internes, horizontales et verticales. Applications : \u25aa Fabrication de remorques. \u25aa R\u00e9servoirs de camions. \u25aa D\u00e9p\u00f4ts. \u25aa Chaudronnerie moyenne\/lourde. \u25aa Transformers. \u25aa Chantiers navals. Toute application n\u00e9cessitant des perles continues. Options : Grand nombre d'options permettant d'augmenter les performances de l'\u00e9quipement. Veuillez nous contacter.","og_url":"https:\/\/galagar.com\/fr\/produit\/chariot-de-soudage-gecko-hs\/","og_site_name":"GALA GAR - Productos de soldadura y reguladores de gas - Gas y soldadura","article_publisher":"https:\/\/www.facebook.com\/galagarsoldadura\/","article_modified_time":"2023-04-28T10:27:05+00:00","og_image":[{"width":640,"height":800,"url":"https:\/\/galagar.com\/wp-content\/uploads\/2023\/03\/Gecko.jpg","type":"image\/jpeg"}],"twitter_card":"summary_large_image","twitter_misc":{"Dur\u00e9e de lecture estim\u00e9e":"2 minutes"},"schema":{"@context":"https:\/\/schema.org","@graph":[{"@type":"WebPage","@id":"https:\/\/galagar.com\/fr\/produit\/chariot-de-soudage-gecko-hs\/","url":"https:\/\/galagar.com\/fr\/produit\/chariot-de-soudage-gecko-hs\/","name":"Chariot de soudage Gecko HS | GALA GAR - Productos de soldadura y reguladores de gas - Gas y soldadura","isPartOf":{"@id":"https:\/\/galagar.com\/fr\/#website"},"primaryImageOfPage":{"@id":"https:\/\/galagar.com\/fr\/produit\/chariot-de-soudage-gecko-hs\/#primaryimage"},"image":{"@id":"https:\/\/galagar.com\/fr\/produit\/chariot-de-soudage-gecko-hs\/#primaryimage"},"thumbnailUrl":"https:\/\/galagar.com\/wp-content\/uploads\/2023\/03\/Gecko.jpg","datePublished":"2023-03-27T06:50:30+00:00","dateModified":"2023-04-28T10:27:05+00:00","breadcrumb":{"@id":"https:\/\/galagar.com\/fr\/produit\/chariot-de-soudage-gecko-hs\/#breadcrumb"},"inLanguage":"fr-FR","potentialAction":[{"@type":"ReadAction","target":["https:\/\/galagar.com\/fr\/produit\/chariot-de-soudage-gecko-hs\/"]}]},{"@type":"ImageObject","inLanguage":"fr-FR","@id":"https:\/\/galagar.com\/fr\/produit\/chariot-de-soudage-gecko-hs\/#primaryimage","url":"https:\/\/galagar.com\/wp-content\/uploads\/2023\/03\/Gecko.jpg","contentUrl":"https:\/\/galagar.com\/wp-content\/uploads\/2023\/03\/Gecko.jpg","width":640,"height":800},{"@type":"BreadcrumbList","@id":"https:\/\/galagar.com\/fr\/produit\/chariot-de-soudage-gecko-hs\/#breadcrumb","itemListElement":[{"@type":"ListItem","position":1,"name":"Inicio","item":"https:\/\/galagar.com\/fr\/accueil\/"},{"@type":"ListItem","position":2,"name":"Boutique","item":"https:\/\/galagar.com\/fr\/boutique\/"},{"@type":"ListItem","position":3,"name":"Produits","item":"https:\/\/galagar.com\/fr\/tienda-online\/produits\/"},{"@type":"ListItem","position":4,"name":"Chariot de soudage Gecko HS"}]},{"@type":"WebSite","@id":"https:\/\/galagar.com\/fr\/#website","url":"https:\/\/galagar.com\/fr\/","name":"GALA GAR - Productos de soldadura y reguladores de gas - Gas y soldadura","description":"Gala Gar es fabricante de tecnolog\u00eda competitiva para soldadura (MMA-TIG-MIG\/MAG-CORTE POR PLASMA), regulaci\u00f3n de gases, y para soldadura y corte por gas.","publisher":{"@id":"https:\/\/galagar.com\/fr\/#organization"},"potentialAction":[{"@type":"SearchAction","target":{"@type":"EntryPoint","urlTemplate":"https:\/\/galagar.com\/fr\/?s={search_term_string}"},"query-input":{"@type":"PropertyValueSpecification","valueRequired":true,"valueName":"search_term_string"}}],"inLanguage":"fr-FR"},{"@type":"Organization","@id":"https:\/\/galagar.com\/fr\/#organization","name":"GALA GAR welding","url":"https:\/\/galagar.com\/fr\/","logo":{"@type":"ImageObject","inLanguage":"fr-FR","@id":"https:\/\/galagar.com\/fr\/#\/schema\/logo\/image\/","url":"","contentUrl":"","caption":"GALA GAR welding"},"image":{"@id":"https:\/\/galagar.com\/fr\/#\/schema\/logo\/image\/"},"sameAs":["https:\/\/www.facebook.com\/galagarsoldadura\/","https:\/\/www.linkedin.com\/company\/gala-gar-sl\/?trk=biz-companies-cym","https:\/\/www.youtube.com\/user\/galagarsp","https:\/\/www.instagram.com\/galagar_soldadura\/?hl=es"]}]}},"_links":{"self":[{"href":"https:\/\/galagar.com\/fr\/wp-json\/wp\/v2\/product\/16432","targetHints":{"allow":["GET"]}}],"collection":[{"href":"https:\/\/galagar.com\/fr\/wp-json\/wp\/v2\/product"}],"about":[{"href":"https:\/\/galagar.com\/fr\/wp-json\/wp\/v2\/types\/product"}],"wp:featuredmedia":[{"embeddable":true,"href":"https:\/\/galagar.com\/fr\/wp-json\/wp\/v2\/media\/16435"}],"wp:attachment":[{"href":"https:\/\/galagar.com\/fr\/wp-json\/wp\/v2\/media?parent=16432"}],"wp:term":[{"taxonomy":"product_brand","embeddable":true,"href":"https:\/\/galagar.com\/fr\/wp-json\/wp\/v2\/product_brand?post=16432"},{"taxonomy":"product_cat","embeddable":true,"href":"https:\/\/galagar.com\/fr\/wp-json\/wp\/v2\/product_cat?post=16432"},{"taxonomy":"product_tag","embeddable":true,"href":"https:\/\/galagar.com\/fr\/wp-json\/wp\/v2\/product_tag?post=16432"}],"curies":[{"name":"wp","href":"https:\/\/api.w.org\/{rel}","templated":true}]}}