{"id":16455,"date":"2023-03-27T08:50:32","date_gmt":"2023-03-27T06:50:32","guid":{"rendered":"https:\/\/dev.galagar.com\/producto\/chariot-de-soudage-dragon-hs\/"},"modified":"2023-04-28T12:27:55","modified_gmt":"2023-04-28T10:27:55","slug":"chariot-de-soudage-dragon-hs","status":"publish","type":"product","link":"https:\/\/galagar.com\/fr\/produit\/chariot-de-soudage-dragon-hs\/","title":{"rendered":"Chariot de soudage Dragon HS"},"content":{"rendered":"<div class=\"fusion-fullwidth fullwidth-box fusion-builder-row-1 fusion-flex-container has-pattern-background has-mask-background nonhundred-percent-fullwidth non-hundred-percent-height-scrolling\" style=\"--awb-border-radius-top-left:0px;--awb-border-radius-top-right:0px;--awb-border-radius-bottom-right:0px;--awb-border-radius-bottom-left:0px;--awb-flex-wrap:wrap;\" ><div class=\"fusion-builder-row fusion-row fusion-flex-align-items-flex-start fusion-flex-content-wrap\" style=\"max-width:1216.8px;margin-left: calc(-4% \/ 2 );margin-right: calc(-4% \/ 2 );\"><div class=\"fusion-layout-column fusion_builder_column fusion-builder-column-0 fusion_builder_column_3_5 3_5 fusion-flex-column\" style=\"--awb-bg-size:cover;--awb-width-large:60%;--awb-margin-top-large:0px;--awb-spacing-right-large:3.2%;--awb-margin-bottom-large:20px;--awb-spacing-left-large:3.2%;--awb-width-medium:100%;--awb-order-medium:0;--awb-spacing-right-medium:1.92%;--awb-spacing-left-medium:1.92%;--awb-width-small:100%;--awb-order-small:0;--awb-spacing-right-small:1.92%;--awb-spacing-left-small:1.92%;\"><div class=\"fusion-column-wrapper fusion-column-has-shadow fusion-flex-justify-content-flex-start fusion-content-layout-column\">\n<div class=\"table-2\">\n<table width=\"100%\">\n<thead>\n<tr>\n<th align=\"left\">Caract\u00e9ristiques techniques de base<\/th>\n<th align=\"left\"><\/th>\n<\/tr>\n<\/thead>\n<tbody>\n<tr>\n<td align=\"left\">Tension d&#8217;alimentation<\/td>\n<td align=\"left\">3 Ph 230V 50\/60 Hs.<\/td>\n<\/tr>\n<tr>\n<td align=\"left\">Vitesse de la carotte (Horiz.\/Vert.)<\/td>\n<td align=\"left\">10\/300<\/td>\n<\/tr>\n<tr>\n<td align=\"left\">Poids<\/td>\n<td align=\"left\">17 Kg.<\/td>\n<\/tr>\n<\/tbody>\n<\/table>\n<\/div>\n<\/div><\/div><div class=\"fusion-layout-column fusion_builder_column fusion-builder-column-1 fusion_builder_column_2_5 2_5 fusion-flex-column\" style=\"--awb-bg-size:cover;--awb-width-large:40%;--awb-margin-top-large:0px;--awb-spacing-right-large:4.8%;--awb-margin-bottom-large:20px;--awb-spacing-left-large:4.8%;--awb-width-medium:100%;--awb-order-medium:0;--awb-spacing-right-medium:1.92%;--awb-spacing-left-medium:1.92%;--awb-width-small:100%;--awb-order-small:0;--awb-spacing-right-small:1.92%;--awb-spacing-left-small:1.92%;\"><div class=\"fusion-column-wrapper fusion-column-has-shadow fusion-flex-justify-content-flex-start fusion-content-layout-column\"><div class=\"fusion-text fusion-text-1\"><div class=\"textosubtitulosficha margintop5\"><strong>Principales caract\u00e9ristiques et avantages :<\/strong><\/div>\n<div class=\"textodescripcionproductos\">\n<ul>\n<li>Technologie de pointe, torche motoris\u00e9e \u00e0 commande num\u00e9rique<\/li>\n<li>Coupe et chanfreinage jusqu&#8217;\u00e0 45\u00b0 (\u00e9galement en parall\u00e8le \u00e0 l&#8217;aide de deux torches)<\/li>\n<li>Support de torche \u00e0 fixation rapide pour torches de 28 \u00e0 35 mm de diam\u00e8tre<\/li>\n<li>Syst\u00e8me avanc\u00e9 de contr\u00f4le de la vitesse avec contr\u00f4leur num\u00e9rique PID int\u00e9gr\u00e9<\/li>\n<li>Affichage LED avec lecture de la vitesse r\u00e9elle et de la vitesse r\u00e9gl\u00e9e et messages d&#8217;information\/\u00e9tat.<\/li>\n<li>Conception solide et r\u00e9sistante \u00e0 la chaleur<\/li>\n<li>2 roues motrices avec dispositif d&#8217;autofreinage de l&#8217;unit\u00e9 d&#8217;entra\u00eenement<\/li>\n<li>Interrupteur permettant de lib\u00e9rer rapidement l&#8217;unit\u00e9 pour la repositionner facilement.<\/li>\n<li>D\u00e9placement sur un rail de guidage ou directement sur la pi\u00e8ce \u00e0 usiner<\/li>\n<li>Permet la connexion des rails pour former des sections multiples<\/li>\n<li>Large gamme d&#8217;accessoires optionnels, par exemple porte-torches automatiques \u00e0 tambour, distributeurs, dispositif de coupe circulaire, etc.<\/li>\n<\/ul>\n<\/div>\n<\/div><\/div><\/div><\/div><\/div>\n","protected":false},"excerpt":{"rendered":"<p>Le mod\u00e8le DRAGON a \u00e9t\u00e9 con\u00e7u pour transporter diff\u00e9rents types de torches de coupe oxygaz avec un diam\u00e8tre de manche de 28-35 mm. pour des processus de coupe et de biseautage automatiques de qualit\u00e9 dans une large gamme d&#8217;applications.<\/p>\n<p><strong>Description :<\/strong><br \/>\nConvient au travail direct par ses 2 roues motrices ou au moyen de rails.<br \/>\nSp\u00e9cialement con\u00e7u pour la d\u00e9coupe au gaz ou au plasma<br \/>\nEn cas d&#8217;utilisation de plasma, un accessoire d&#8217;allumage \u00e0 l&#8217;arc est disponible.<br \/>\nCoupe circulaire dans le plan avec la fixation du compas<br \/>\nTravail \u00e0 vitesse continue<br \/>\nContr\u00f4le de l&#8217;allumage et simulation d&#8217;arc \u00e9lectrique<\/p>\n<p><strong>Programmation des param\u00e8tres \u00e0 l&#8217;aide d&#8217;une t\u00e9l\u00e9commande :<\/strong><br \/>\nVitesse de d\u00e9placement &#8211; Temps de soudage<br \/>\nD\u00e9marrage et arr\u00eat de l&#8217;\u00e9quipement &#8211; D\u00e9marrage et arr\u00eat de l&#8217;arc \u00e9lectrique<\/p>\n<p><strong>En option :<\/strong><br \/>\nUn grand nombre d&#8217;options pour augmenter les performances de l&#8217;\u00e9quipement.<\/p>\n<h4><a href=\"https:\/\/galagar.com\/contacto\/\" target=\"_blank\" rel=\"noopener\"><span style=\"color: #008000;\">Veuillez nous contacter.<\/span><\/a><\/h4>\n<p>&nbsp;<\/p>\n","protected":false},"featured_media":16457,"template":"","meta":{"_acf_changed":false,"content-type":"","inline_featured_image":false,"_monsterinsights_skip_tracking":false,"_monsterinsights_sitenote_active":false,"_monsterinsights_sitenote_note":"","_monsterinsights_sitenote_category":0,"_joinchat":[]},"product_brand":[],"product_cat":[1215,937],"product_tag":[],"class_list":{"0":"post-16455","1":"product","2":"type-product","3":"status-publish","4":"has-post-thumbnail","6":"product_cat-semi-automatisation","7":"product_cat-produits","9":"first","10":"instock","11":"product-type-simple"},"acf":[],"yoast_head":"<!-- This site is optimized with the Yoast SEO plugin v26.4 - https:\/\/yoast.com\/wordpress\/plugins\/seo\/ -->\n<title>Chariot de soudage Dragon HS | GALA GAR - Productos de soldadura y reguladores de gas - Gas y soldadura<\/title>\n<meta name=\"robots\" content=\"index, follow, max-snippet:-1, max-image-preview:large, max-video-preview:-1\" \/>\n<link rel=\"canonical\" href=\"https:\/\/galagar.com\/fr\/produit\/chariot-de-soudage-dragon-hs\/\" \/>\n<meta property=\"og:locale\" content=\"fr_FR\" \/>\n<meta property=\"og:type\" content=\"article\" \/>\n<meta property=\"og:title\" content=\"Chariot de soudage Dragon HS | GALA GAR - Productos de soldadura y reguladores de gas - Gas y soldadura\" \/>\n<meta property=\"og:description\" content=\"Le mod\u00e8le DRAGON a \u00e9t\u00e9 con\u00e7u pour transporter diff\u00e9rents types de torches de coupe oxygaz avec un diam\u00e8tre de manche de 28-35 mm. pour des processus de coupe et de biseautage automatiques de qualit\u00e9 dans une large gamme d&#039;applications. Description : Convient au travail direct par ses 2 roues motrices ou au moyen de rails. Sp\u00e9cialement con\u00e7u pour la d\u00e9coupe au gaz ou au plasma En cas d&#039;utilisation de plasma, un accessoire d&#039;allumage \u00e0 l&#039;arc est disponible. Coupe circulaire dans le plan avec la fixation du compas Travail \u00e0 vitesse continue Contr\u00f4le de l&#039;allumage et simulation d&#039;arc \u00e9lectrique Programmation des param\u00e8tres \u00e0 l&#039;aide d&#039;une t\u00e9l\u00e9commande : Vitesse de d\u00e9placement - Temps de soudage D\u00e9marrage et arr\u00eat de l&#039;\u00e9quipement - D\u00e9marrage et arr\u00eat de l&#039;arc \u00e9lectrique En option : Un grand nombre d&#039;options pour augmenter les performances de l&#039;\u00e9quipement. Veuillez nous contacter. &nbsp;\" \/>\n<meta property=\"og:url\" content=\"https:\/\/galagar.com\/fr\/produit\/chariot-de-soudage-dragon-hs\/\" \/>\n<meta property=\"og:site_name\" content=\"GALA GAR - Productos de soldadura y reguladores de gas - Gas y soldadura\" \/>\n<meta property=\"article:publisher\" content=\"https:\/\/www.facebook.com\/galagarsoldadura\/\" \/>\n<meta property=\"article:modified_time\" content=\"2023-04-28T10:27:55+00:00\" \/>\n<meta property=\"og:image\" content=\"https:\/\/galagar.com\/wp-content\/uploads\/2023\/03\/Dragon-HS.jpg\" \/>\n\t<meta property=\"og:image:width\" content=\"640\" \/>\n\t<meta property=\"og:image:height\" content=\"800\" \/>\n\t<meta property=\"og:image:type\" content=\"image\/jpeg\" \/>\n<meta name=\"twitter:card\" content=\"summary_large_image\" \/>\n<meta name=\"twitter:label1\" content=\"Dur\u00e9e de lecture estim\u00e9e\" \/>\n\t<meta name=\"twitter:data1\" content=\"3 minutes\" \/>\n<script type=\"application\/ld+json\" class=\"yoast-schema-graph\">{\"@context\":\"https:\/\/schema.org\",\"@graph\":[{\"@type\":\"WebPage\",\"@id\":\"https:\/\/galagar.com\/fr\/produit\/chariot-de-soudage-dragon-hs\/\",\"url\":\"https:\/\/galagar.com\/fr\/produit\/chariot-de-soudage-dragon-hs\/\",\"name\":\"Chariot de soudage Dragon HS | GALA GAR - Productos de soldadura y reguladores de gas - Gas y soldadura\",\"isPartOf\":{\"@id\":\"https:\/\/galagar.com\/fr\/#website\"},\"primaryImageOfPage\":{\"@id\":\"https:\/\/galagar.com\/fr\/produit\/chariot-de-soudage-dragon-hs\/#primaryimage\"},\"image\":{\"@id\":\"https:\/\/galagar.com\/fr\/produit\/chariot-de-soudage-dragon-hs\/#primaryimage\"},\"thumbnailUrl\":\"https:\/\/galagar.com\/wp-content\/uploads\/2023\/03\/Dragon-HS.jpg\",\"datePublished\":\"2023-03-27T06:50:32+00:00\",\"dateModified\":\"2023-04-28T10:27:55+00:00\",\"breadcrumb\":{\"@id\":\"https:\/\/galagar.com\/fr\/produit\/chariot-de-soudage-dragon-hs\/#breadcrumb\"},\"inLanguage\":\"fr-FR\",\"potentialAction\":[{\"@type\":\"ReadAction\",\"target\":[\"https:\/\/galagar.com\/fr\/produit\/chariot-de-soudage-dragon-hs\/\"]}]},{\"@type\":\"ImageObject\",\"inLanguage\":\"fr-FR\",\"@id\":\"https:\/\/galagar.com\/fr\/produit\/chariot-de-soudage-dragon-hs\/#primaryimage\",\"url\":\"https:\/\/galagar.com\/wp-content\/uploads\/2023\/03\/Dragon-HS.jpg\",\"contentUrl\":\"https:\/\/galagar.com\/wp-content\/uploads\/2023\/03\/Dragon-HS.jpg\",\"width\":640,\"height\":800},{\"@type\":\"BreadcrumbList\",\"@id\":\"https:\/\/galagar.com\/fr\/produit\/chariot-de-soudage-dragon-hs\/#breadcrumb\",\"itemListElement\":[{\"@type\":\"ListItem\",\"position\":1,\"name\":\"Inicio\",\"item\":\"https:\/\/galagar.com\/fr\/accueil\/\"},{\"@type\":\"ListItem\",\"position\":2,\"name\":\"Boutique\",\"item\":\"https:\/\/galagar.com\/fr\/boutique\/\"},{\"@type\":\"ListItem\",\"position\":3,\"name\":\"Produits\",\"item\":\"https:\/\/galagar.com\/fr\/tienda-online\/produits\/\"},{\"@type\":\"ListItem\",\"position\":4,\"name\":\"Chariot de soudage Dragon HS\"}]},{\"@type\":\"WebSite\",\"@id\":\"https:\/\/galagar.com\/fr\/#website\",\"url\":\"https:\/\/galagar.com\/fr\/\",\"name\":\"GALA GAR - Productos de soldadura y reguladores de gas - Gas y soldadura\",\"description\":\"Gala Gar es fabricante de tecnolog\u00eda competitiva para soldadura (MMA-TIG-MIG\/MAG-CORTE POR PLASMA), regulaci\u00f3n de gases, y para soldadura y corte por gas.\",\"publisher\":{\"@id\":\"https:\/\/galagar.com\/fr\/#organization\"},\"potentialAction\":[{\"@type\":\"SearchAction\",\"target\":{\"@type\":\"EntryPoint\",\"urlTemplate\":\"https:\/\/galagar.com\/fr\/?s={search_term_string}\"},\"query-input\":{\"@type\":\"PropertyValueSpecification\",\"valueRequired\":true,\"valueName\":\"search_term_string\"}}],\"inLanguage\":\"fr-FR\"},{\"@type\":\"Organization\",\"@id\":\"https:\/\/galagar.com\/fr\/#organization\",\"name\":\"GALA GAR welding\",\"url\":\"https:\/\/galagar.com\/fr\/\",\"logo\":{\"@type\":\"ImageObject\",\"inLanguage\":\"fr-FR\",\"@id\":\"https:\/\/galagar.com\/fr\/#\/schema\/logo\/image\/\",\"url\":\"\",\"contentUrl\":\"\",\"caption\":\"GALA GAR welding\"},\"image\":{\"@id\":\"https:\/\/galagar.com\/fr\/#\/schema\/logo\/image\/\"},\"sameAs\":[\"https:\/\/www.facebook.com\/galagarsoldadura\/\",\"https:\/\/www.linkedin.com\/company\/gala-gar-sl\/?trk=biz-companies-cym\",\"https:\/\/www.youtube.com\/user\/galagarsp\",\"https:\/\/www.instagram.com\/galagar_soldadura\/?hl=es\"]}]}<\/script>\n<!-- \/ Yoast SEO plugin. -->","yoast_head_json":{"title":"Chariot de soudage Dragon HS | GALA GAR - Productos de soldadura y reguladores de gas - Gas y soldadura","robots":{"index":"index","follow":"follow","max-snippet":"max-snippet:-1","max-image-preview":"max-image-preview:large","max-video-preview":"max-video-preview:-1"},"canonical":"https:\/\/galagar.com\/fr\/produit\/chariot-de-soudage-dragon-hs\/","og_locale":"fr_FR","og_type":"article","og_title":"Chariot de soudage Dragon HS | GALA GAR - Productos de soldadura y reguladores de gas - Gas y soldadura","og_description":"Le mod\u00e8le DRAGON a \u00e9t\u00e9 con\u00e7u pour transporter diff\u00e9rents types de torches de coupe oxygaz avec un diam\u00e8tre de manche de 28-35 mm. pour des processus de coupe et de biseautage automatiques de qualit\u00e9 dans une large gamme d'applications. Description : Convient au travail direct par ses 2 roues motrices ou au moyen de rails. Sp\u00e9cialement con\u00e7u pour la d\u00e9coupe au gaz ou au plasma En cas d'utilisation de plasma, un accessoire d'allumage \u00e0 l'arc est disponible. Coupe circulaire dans le plan avec la fixation du compas Travail \u00e0 vitesse continue Contr\u00f4le de l'allumage et simulation d'arc \u00e9lectrique Programmation des param\u00e8tres \u00e0 l'aide d'une t\u00e9l\u00e9commande : Vitesse de d\u00e9placement - Temps de soudage D\u00e9marrage et arr\u00eat de l'\u00e9quipement - D\u00e9marrage et arr\u00eat de l'arc \u00e9lectrique En option : Un grand nombre d'options pour augmenter les performances de l'\u00e9quipement. Veuillez nous contacter. &nbsp;","og_url":"https:\/\/galagar.com\/fr\/produit\/chariot-de-soudage-dragon-hs\/","og_site_name":"GALA GAR - Productos de soldadura y reguladores de gas - Gas y soldadura","article_publisher":"https:\/\/www.facebook.com\/galagarsoldadura\/","article_modified_time":"2023-04-28T10:27:55+00:00","og_image":[{"width":640,"height":800,"url":"https:\/\/galagar.com\/wp-content\/uploads\/2023\/03\/Dragon-HS.jpg","type":"image\/jpeg"}],"twitter_card":"summary_large_image","twitter_misc":{"Dur\u00e9e de lecture estim\u00e9e":"3 minutes"},"schema":{"@context":"https:\/\/schema.org","@graph":[{"@type":"WebPage","@id":"https:\/\/galagar.com\/fr\/produit\/chariot-de-soudage-dragon-hs\/","url":"https:\/\/galagar.com\/fr\/produit\/chariot-de-soudage-dragon-hs\/","name":"Chariot de soudage Dragon HS | GALA GAR - Productos de soldadura y reguladores de gas - Gas y soldadura","isPartOf":{"@id":"https:\/\/galagar.com\/fr\/#website"},"primaryImageOfPage":{"@id":"https:\/\/galagar.com\/fr\/produit\/chariot-de-soudage-dragon-hs\/#primaryimage"},"image":{"@id":"https:\/\/galagar.com\/fr\/produit\/chariot-de-soudage-dragon-hs\/#primaryimage"},"thumbnailUrl":"https:\/\/galagar.com\/wp-content\/uploads\/2023\/03\/Dragon-HS.jpg","datePublished":"2023-03-27T06:50:32+00:00","dateModified":"2023-04-28T10:27:55+00:00","breadcrumb":{"@id":"https:\/\/galagar.com\/fr\/produit\/chariot-de-soudage-dragon-hs\/#breadcrumb"},"inLanguage":"fr-FR","potentialAction":[{"@type":"ReadAction","target":["https:\/\/galagar.com\/fr\/produit\/chariot-de-soudage-dragon-hs\/"]}]},{"@type":"ImageObject","inLanguage":"fr-FR","@id":"https:\/\/galagar.com\/fr\/produit\/chariot-de-soudage-dragon-hs\/#primaryimage","url":"https:\/\/galagar.com\/wp-content\/uploads\/2023\/03\/Dragon-HS.jpg","contentUrl":"https:\/\/galagar.com\/wp-content\/uploads\/2023\/03\/Dragon-HS.jpg","width":640,"height":800},{"@type":"BreadcrumbList","@id":"https:\/\/galagar.com\/fr\/produit\/chariot-de-soudage-dragon-hs\/#breadcrumb","itemListElement":[{"@type":"ListItem","position":1,"name":"Inicio","item":"https:\/\/galagar.com\/fr\/accueil\/"},{"@type":"ListItem","position":2,"name":"Boutique","item":"https:\/\/galagar.com\/fr\/boutique\/"},{"@type":"ListItem","position":3,"name":"Produits","item":"https:\/\/galagar.com\/fr\/tienda-online\/produits\/"},{"@type":"ListItem","position":4,"name":"Chariot de soudage Dragon HS"}]},{"@type":"WebSite","@id":"https:\/\/galagar.com\/fr\/#website","url":"https:\/\/galagar.com\/fr\/","name":"GALA GAR - Productos de soldadura y reguladores de gas - Gas y soldadura","description":"Gala Gar es fabricante de tecnolog\u00eda competitiva para soldadura (MMA-TIG-MIG\/MAG-CORTE POR PLASMA), regulaci\u00f3n de gases, y para soldadura y corte por gas.","publisher":{"@id":"https:\/\/galagar.com\/fr\/#organization"},"potentialAction":[{"@type":"SearchAction","target":{"@type":"EntryPoint","urlTemplate":"https:\/\/galagar.com\/fr\/?s={search_term_string}"},"query-input":{"@type":"PropertyValueSpecification","valueRequired":true,"valueName":"search_term_string"}}],"inLanguage":"fr-FR"},{"@type":"Organization","@id":"https:\/\/galagar.com\/fr\/#organization","name":"GALA GAR welding","url":"https:\/\/galagar.com\/fr\/","logo":{"@type":"ImageObject","inLanguage":"fr-FR","@id":"https:\/\/galagar.com\/fr\/#\/schema\/logo\/image\/","url":"","contentUrl":"","caption":"GALA GAR welding"},"image":{"@id":"https:\/\/galagar.com\/fr\/#\/schema\/logo\/image\/"},"sameAs":["https:\/\/www.facebook.com\/galagarsoldadura\/","https:\/\/www.linkedin.com\/company\/gala-gar-sl\/?trk=biz-companies-cym","https:\/\/www.youtube.com\/user\/galagarsp","https:\/\/www.instagram.com\/galagar_soldadura\/?hl=es"]}]}},"_links":{"self":[{"href":"https:\/\/galagar.com\/fr\/wp-json\/wp\/v2\/product\/16455","targetHints":{"allow":["GET"]}}],"collection":[{"href":"https:\/\/galagar.com\/fr\/wp-json\/wp\/v2\/product"}],"about":[{"href":"https:\/\/galagar.com\/fr\/wp-json\/wp\/v2\/types\/product"}],"wp:featuredmedia":[{"embeddable":true,"href":"https:\/\/galagar.com\/fr\/wp-json\/wp\/v2\/media\/16457"}],"wp:attachment":[{"href":"https:\/\/galagar.com\/fr\/wp-json\/wp\/v2\/media?parent=16455"}],"wp:term":[{"taxonomy":"product_brand","embeddable":true,"href":"https:\/\/galagar.com\/fr\/wp-json\/wp\/v2\/product_brand?post=16455"},{"taxonomy":"product_cat","embeddable":true,"href":"https:\/\/galagar.com\/fr\/wp-json\/wp\/v2\/product_cat?post=16455"},{"taxonomy":"product_tag","embeddable":true,"href":"https:\/\/galagar.com\/fr\/wp-json\/wp\/v2\/product_tag?post=16455"}],"curies":[{"name":"wp","href":"https:\/\/api.w.org\/{rel}","templated":true}]}}