{"id":16468,"date":"2023-03-27T08:50:11","date_gmt":"2023-03-27T06:50:11","guid":{"rendered":"https:\/\/dev.galagar.com\/producto\/chariots-de-soudage-rail-bull\/"},"modified":"2023-04-28T12:27:19","modified_gmt":"2023-04-28T10:27:19","slug":"chariots-de-soudage-rail-bull","status":"publish","type":"product","link":"https:\/\/galagar.com\/fr\/produit\/chariots-de-soudage-rail-bull\/","title":{"rendered":"Chariots de soudage Rail Bull"},"content":{"rendered":"<div class=\"fusion-fullwidth fullwidth-box fusion-builder-row-1 fusion-flex-container has-pattern-background has-mask-background nonhundred-percent-fullwidth non-hundred-percent-height-scrolling\" style=\"--awb-border-radius-top-left:0px;--awb-border-radius-top-right:0px;--awb-border-radius-bottom-right:0px;--awb-border-radius-bottom-left:0px;--awb-flex-wrap:wrap;\" ><div class=\"fusion-builder-row fusion-row fusion-flex-align-items-flex-start fusion-flex-content-wrap\" style=\"max-width:1216.8px;margin-left: calc(-4% \/ 2 );margin-right: calc(-4% \/ 2 );\"><div class=\"fusion-layout-column fusion_builder_column fusion-builder-column-0 fusion_builder_column_3_5 3_5 fusion-flex-column\" style=\"--awb-bg-size:cover;--awb-width-large:60%;--awb-margin-top-large:0px;--awb-spacing-right-large:3.2%;--awb-margin-bottom-large:20px;--awb-spacing-left-large:3.2%;--awb-width-medium:100%;--awb-order-medium:0;--awb-spacing-right-medium:1.92%;--awb-spacing-left-medium:1.92%;--awb-width-small:100%;--awb-order-small:0;--awb-spacing-right-small:1.92%;--awb-spacing-left-small:1.92%;\"><div class=\"fusion-column-wrapper fusion-column-has-shadow fusion-flex-justify-content-flex-start fusion-content-layout-column\">\n<div class=\"table-2\">\n<table width=\"100%\">\n<thead>\n<tr>\n<th align=\"left\">Caract\u00e9ristiques techniques de base<\/th>\n<th align=\"left\"><\/th>\n<\/tr>\n<\/thead>\n<tbody>\n<tr>\n<td align=\"left\">Tension d&#8217;alimentation<\/td>\n<td align=\"left\">3 Ph 230V 50\/60 Hs.<\/td>\n<\/tr>\n<tr>\n<td align=\"left\">Vitesse de la carotte (Horiz.\/Vert.)<\/td>\n<td align=\"left\">10-300 cm. x Min.<\/td>\n<\/tr>\n<tr>\n<td align=\"left\">Poids<\/td>\n<td align=\"left\">14 Kg.<\/td>\n<\/tr>\n<\/tbody>\n<\/table>\n<\/div>\n<\/div><\/div><div class=\"fusion-layout-column fusion_builder_column fusion-builder-column-1 fusion_builder_column_2_5 2_5 fusion-flex-column\" style=\"--awb-bg-size:cover;--awb-width-large:40%;--awb-margin-top-large:0px;--awb-spacing-right-large:4.8%;--awb-margin-bottom-large:20px;--awb-spacing-left-large:4.8%;--awb-width-medium:100%;--awb-order-medium:0;--awb-spacing-right-medium:1.92%;--awb-spacing-left-medium:1.92%;--awb-width-small:100%;--awb-order-small:0;--awb-spacing-right-small:1.92%;--awb-spacing-left-small:1.92%;\"><div class=\"fusion-column-wrapper fusion-column-has-shadow fusion-flex-justify-content-flex-start fusion-content-layout-column\"><div class=\"fusion-text fusion-text-1\"><p><strong>Applications :<\/strong><\/p>\n<ul>\n<li>Fabrication de remorques articul\u00e9es<\/li>\n<li>R\u00e9servoirs pour camions<\/li>\n<li>R\u00e9servoirs d&#8217;huile<\/li>\n<li>R\u00e9servoirs de stockage d&#8217;eau<\/li>\n<li>R\u00e9servoirs sous pression<\/li>\n<li>Blindage \/ rev\u00eatement des r\u00e9servoirs<\/li>\n<li>Poutres de pont<\/li>\n<li>Structures m\u00e9talliques<\/li>\n<li>Tours\/structures de b\u00e2timents<\/li>\n<li>Soudage de t\u00f4les<\/li>\n<li>Transformateurs<\/li>\n<li>Chantiers navals<\/li>\n<li>Toute application n\u00e9cessitant un soudage<\/li>\n<\/ul>\n<\/div><\/div><\/div><\/div><\/div>\n","protected":false},"excerpt":{"rendered":"<p>Le Rail Bull est un chariot de soudage sur rail con\u00e7u pour effectuer des soudures bout \u00e0 bout et des soudures d&#8217;angle avec ou sans oscillation.<br \/>\nLe chariot peut adopter les positions de soudage suivantes : PA (plat), PB (vertical horizontal), PF (vertical vers le haut), PG (vertical vers le bas) et PC (horizontal).<\/p>\n<p>Convient pour le soudage MIG\/MAG sur rails<br \/>\nSoudage continu programmable, avec la possibilit\u00e9 de g\u00e9rer jusqu&#8217;\u00e0 40 travaux.<br \/>\nOscillateur d&#8217;\u00e9ruption int\u00e9gr\u00e9<br \/>\nT\u00e9l\u00e9commande avec contr\u00f4le total des <strong> param\u00e8tres de soudage*<\/strong>.<br \/>\nContr\u00f4le de l&#8217;allumage et simulation d&#8217;arc \u00e9lectrique<br \/>\nDouble flamb\u00e9e possible<br \/>\nConvient pour le soudage dans toutes les positions de travail<\/p>\n<p><strong>*Contr\u00f4les \u00e0 distance<\/strong><br \/>\n<em>Vitesse de d\u00e9placement entre les brins<\/em><br \/>\n<em>Mouvements et temps de soudage  <\/em><br \/>\n<em>D\u00e9marrage et arr\u00eat automatique de l&#8217;arc \u00e9lectrique<\/em><br \/>\n<em>Possibilit\u00e9 d&#8217;utiliser l&#8217;oscillateur Flare<\/em><\/p>\n<p><strong>En option :<\/strong><br \/>\nUn grand nombre d&#8217;options pour augmenter les performances de l&#8217;\u00e9quipement.<\/p>\n<h4><a href=\"https:\/\/galagar.com\/contacto\/\" target=\"_blank\" rel=\"noopener\"><span style=\"color: #008000;\">Veuillez nous contacter.<\/span><\/a><\/h4>\n","protected":false},"featured_media":27047,"template":"","meta":{"_acf_changed":false,"content-type":"","inline_featured_image":false,"_monsterinsights_skip_tracking":false,"_monsterinsights_sitenote_active":false,"_monsterinsights_sitenote_note":"","_monsterinsights_sitenote_category":0,"_joinchat":[]},"product_brand":[],"product_cat":[937,1215],"product_tag":[],"class_list":{"0":"post-16468","1":"product","2":"type-product","3":"status-publish","4":"has-post-thumbnail","6":"product_cat-produits","7":"product_cat-semi-automatisation","9":"first","10":"instock","11":"product-type-variable"},"acf":[],"yoast_head":"<!-- This site is optimized with the Yoast SEO plugin v26.4 - https:\/\/yoast.com\/wordpress\/plugins\/seo\/ -->\n<title>Chariots de soudage Rail Bull | GALA GAR - Productos de soldadura y reguladores de gas - Gas y soldadura<\/title>\n<meta name=\"robots\" content=\"index, follow, max-snippet:-1, max-image-preview:large, max-video-preview:-1\" \/>\n<link rel=\"canonical\" href=\"https:\/\/galagar.com\/fr\/produit\/chariots-de-soudage-rail-bull\/\" \/>\n<meta property=\"og:locale\" content=\"fr_FR\" \/>\n<meta property=\"og:type\" content=\"article\" \/>\n<meta property=\"og:title\" content=\"Chariots de soudage Rail Bull | GALA GAR - Productos de soldadura y reguladores de gas - Gas y soldadura\" \/>\n<meta property=\"og:description\" content=\"Le Rail Bull est un chariot de soudage sur rail con\u00e7u pour effectuer des soudures bout \u00e0 bout et des soudures d&#039;angle avec ou sans oscillation. Le chariot peut adopter les positions de soudage suivantes : PA (plat), PB (vertical horizontal), PF (vertical vers le haut), PG (vertical vers le bas) et PC (horizontal). Convient pour le soudage MIG\/MAG sur rails Soudage continu programmable, avec la possibilit\u00e9 de g\u00e9rer jusqu&#039;\u00e0 40 travaux. Oscillateur d&#039;\u00e9ruption int\u00e9gr\u00e9 T\u00e9l\u00e9commande avec contr\u00f4le total des param\u00e8tres de soudage*. Contr\u00f4le de l&#039;allumage et simulation d&#039;arc \u00e9lectrique Double flamb\u00e9e possible Convient pour le soudage dans toutes les positions de travail *Contr\u00f4les \u00e0 distance Vitesse de d\u00e9placement entre les brins Mouvements et temps de soudage  D\u00e9marrage et arr\u00eat automatique de l&#039;arc \u00e9lectrique Possibilit\u00e9 d&#039;utiliser l&#039;oscillateur Flare En option : Un grand nombre d&#039;options pour augmenter les performances de l&#039;\u00e9quipement. Veuillez nous contacter.\" \/>\n<meta property=\"og:url\" content=\"https:\/\/galagar.com\/fr\/produit\/chariots-de-soudage-rail-bull\/\" \/>\n<meta property=\"og:site_name\" content=\"GALA GAR - Productos de soldadura y reguladores de gas - Gas y soldadura\" \/>\n<meta property=\"article:publisher\" content=\"https:\/\/www.facebook.com\/galagarsoldadura\/\" \/>\n<meta property=\"article:modified_time\" content=\"2023-04-28T10:27:19+00:00\" \/>\n<meta property=\"og:image\" content=\"https:\/\/galagar.com\/wp-content\/uploads\/2023\/03\/RailBull.jpg\" \/>\n\t<meta property=\"og:image:width\" content=\"640\" \/>\n\t<meta property=\"og:image:height\" content=\"800\" \/>\n\t<meta property=\"og:image:type\" content=\"image\/jpeg\" \/>\n<meta name=\"twitter:card\" content=\"summary_large_image\" \/>\n<meta name=\"twitter:label1\" content=\"Dur\u00e9e de lecture estim\u00e9e\" \/>\n\t<meta name=\"twitter:data1\" content=\"3 minutes\" \/>\n<script type=\"application\/ld+json\" class=\"yoast-schema-graph\">{\"@context\":\"https:\/\/schema.org\",\"@graph\":[{\"@type\":\"WebPage\",\"@id\":\"https:\/\/galagar.com\/fr\/produit\/chariots-de-soudage-rail-bull\/\",\"url\":\"https:\/\/galagar.com\/fr\/produit\/chariots-de-soudage-rail-bull\/\",\"name\":\"Chariots de soudage Rail Bull | GALA GAR - Productos de soldadura y reguladores de gas - Gas y soldadura\",\"isPartOf\":{\"@id\":\"https:\/\/galagar.com\/fr\/#website\"},\"primaryImageOfPage\":{\"@id\":\"https:\/\/galagar.com\/fr\/produit\/chariots-de-soudage-rail-bull\/#primaryimage\"},\"image\":{\"@id\":\"https:\/\/galagar.com\/fr\/produit\/chariots-de-soudage-rail-bull\/#primaryimage\"},\"thumbnailUrl\":\"https:\/\/galagar.com\/wp-content\/uploads\/2023\/03\/Rail-Bull-A23-1.jpg\",\"datePublished\":\"2023-03-27T06:50:11+00:00\",\"dateModified\":\"2023-04-28T10:27:19+00:00\",\"breadcrumb\":{\"@id\":\"https:\/\/galagar.com\/fr\/produit\/chariots-de-soudage-rail-bull\/#breadcrumb\"},\"inLanguage\":\"fr-FR\",\"potentialAction\":[{\"@type\":\"ReadAction\",\"target\":[\"https:\/\/galagar.com\/fr\/produit\/chariots-de-soudage-rail-bull\/\"]}]},{\"@type\":\"ImageObject\",\"inLanguage\":\"fr-FR\",\"@id\":\"https:\/\/galagar.com\/fr\/produit\/chariots-de-soudage-rail-bull\/#primaryimage\",\"url\":\"https:\/\/galagar.com\/wp-content\/uploads\/2023\/03\/Rail-Bull-A23-1.jpg\",\"contentUrl\":\"https:\/\/galagar.com\/wp-content\/uploads\/2023\/03\/Rail-Bull-A23-1.jpg\",\"width\":640,\"height\":800},{\"@type\":\"BreadcrumbList\",\"@id\":\"https:\/\/galagar.com\/fr\/produit\/chariots-de-soudage-rail-bull\/#breadcrumb\",\"itemListElement\":[{\"@type\":\"ListItem\",\"position\":1,\"name\":\"Inicio\",\"item\":\"https:\/\/galagar.com\/fr\/accueil\/\"},{\"@type\":\"ListItem\",\"position\":2,\"name\":\"Boutique\",\"item\":\"https:\/\/galagar.com\/fr\/boutique\/\"},{\"@type\":\"ListItem\",\"position\":3,\"name\":\"Produits\",\"item\":\"https:\/\/galagar.com\/fr\/tienda-online\/produits\/\"},{\"@type\":\"ListItem\",\"position\":4,\"name\":\"Chariots de soudage Rail Bull\"}]},{\"@type\":\"WebSite\",\"@id\":\"https:\/\/galagar.com\/fr\/#website\",\"url\":\"https:\/\/galagar.com\/fr\/\",\"name\":\"GALA GAR - Productos de soldadura y reguladores de gas - Gas y soldadura\",\"description\":\"Gala Gar es fabricante de tecnolog\u00eda competitiva para soldadura (MMA-TIG-MIG\/MAG-CORTE POR PLASMA), regulaci\u00f3n de gases, y para soldadura y corte por gas.\",\"publisher\":{\"@id\":\"https:\/\/galagar.com\/fr\/#organization\"},\"potentialAction\":[{\"@type\":\"SearchAction\",\"target\":{\"@type\":\"EntryPoint\",\"urlTemplate\":\"https:\/\/galagar.com\/fr\/?s={search_term_string}\"},\"query-input\":{\"@type\":\"PropertyValueSpecification\",\"valueRequired\":true,\"valueName\":\"search_term_string\"}}],\"inLanguage\":\"fr-FR\"},{\"@type\":\"Organization\",\"@id\":\"https:\/\/galagar.com\/fr\/#organization\",\"name\":\"GALA GAR welding\",\"url\":\"https:\/\/galagar.com\/fr\/\",\"logo\":{\"@type\":\"ImageObject\",\"inLanguage\":\"fr-FR\",\"@id\":\"https:\/\/galagar.com\/fr\/#\/schema\/logo\/image\/\",\"url\":\"\",\"contentUrl\":\"\",\"caption\":\"GALA GAR welding\"},\"image\":{\"@id\":\"https:\/\/galagar.com\/fr\/#\/schema\/logo\/image\/\"},\"sameAs\":[\"https:\/\/www.facebook.com\/galagarsoldadura\/\",\"https:\/\/www.linkedin.com\/company\/gala-gar-sl\/?trk=biz-companies-cym\",\"https:\/\/www.youtube.com\/user\/galagarsp\",\"https:\/\/www.instagram.com\/galagar_soldadura\/?hl=es\"]}]}<\/script>\n<!-- \/ Yoast SEO plugin. -->","yoast_head_json":{"title":"Chariots de soudage Rail Bull | GALA GAR - Productos de soldadura y reguladores de gas - Gas y soldadura","robots":{"index":"index","follow":"follow","max-snippet":"max-snippet:-1","max-image-preview":"max-image-preview:large","max-video-preview":"max-video-preview:-1"},"canonical":"https:\/\/galagar.com\/fr\/produit\/chariots-de-soudage-rail-bull\/","og_locale":"fr_FR","og_type":"article","og_title":"Chariots de soudage Rail Bull | GALA GAR - Productos de soldadura y reguladores de gas - Gas y soldadura","og_description":"Le Rail Bull est un chariot de soudage sur rail con\u00e7u pour effectuer des soudures bout \u00e0 bout et des soudures d'angle avec ou sans oscillation. Le chariot peut adopter les positions de soudage suivantes : PA (plat), PB (vertical horizontal), PF (vertical vers le haut), PG (vertical vers le bas) et PC (horizontal). Convient pour le soudage MIG\/MAG sur rails Soudage continu programmable, avec la possibilit\u00e9 de g\u00e9rer jusqu'\u00e0 40 travaux. Oscillateur d'\u00e9ruption int\u00e9gr\u00e9 T\u00e9l\u00e9commande avec contr\u00f4le total des param\u00e8tres de soudage*. Contr\u00f4le de l'allumage et simulation d'arc \u00e9lectrique Double flamb\u00e9e possible Convient pour le soudage dans toutes les positions de travail *Contr\u00f4les \u00e0 distance Vitesse de d\u00e9placement entre les brins Mouvements et temps de soudage  D\u00e9marrage et arr\u00eat automatique de l'arc \u00e9lectrique Possibilit\u00e9 d'utiliser l'oscillateur Flare En option : Un grand nombre d'options pour augmenter les performances de l'\u00e9quipement. Veuillez nous contacter.","og_url":"https:\/\/galagar.com\/fr\/produit\/chariots-de-soudage-rail-bull\/","og_site_name":"GALA GAR - Productos de soldadura y reguladores de gas - Gas y soldadura","article_publisher":"https:\/\/www.facebook.com\/galagarsoldadura\/","article_modified_time":"2023-04-28T10:27:19+00:00","og_image":[{"width":640,"height":800,"url":"https:\/\/galagar.com\/wp-content\/uploads\/2023\/03\/RailBull.jpg","type":"image\/jpeg"}],"twitter_card":"summary_large_image","twitter_misc":{"Dur\u00e9e de lecture estim\u00e9e":"3 minutes"},"schema":{"@context":"https:\/\/schema.org","@graph":[{"@type":"WebPage","@id":"https:\/\/galagar.com\/fr\/produit\/chariots-de-soudage-rail-bull\/","url":"https:\/\/galagar.com\/fr\/produit\/chariots-de-soudage-rail-bull\/","name":"Chariots de soudage Rail Bull | GALA GAR - Productos de soldadura y reguladores de gas - Gas y soldadura","isPartOf":{"@id":"https:\/\/galagar.com\/fr\/#website"},"primaryImageOfPage":{"@id":"https:\/\/galagar.com\/fr\/produit\/chariots-de-soudage-rail-bull\/#primaryimage"},"image":{"@id":"https:\/\/galagar.com\/fr\/produit\/chariots-de-soudage-rail-bull\/#primaryimage"},"thumbnailUrl":"https:\/\/galagar.com\/wp-content\/uploads\/2023\/03\/Rail-Bull-A23-1.jpg","datePublished":"2023-03-27T06:50:11+00:00","dateModified":"2023-04-28T10:27:19+00:00","breadcrumb":{"@id":"https:\/\/galagar.com\/fr\/produit\/chariots-de-soudage-rail-bull\/#breadcrumb"},"inLanguage":"fr-FR","potentialAction":[{"@type":"ReadAction","target":["https:\/\/galagar.com\/fr\/produit\/chariots-de-soudage-rail-bull\/"]}]},{"@type":"ImageObject","inLanguage":"fr-FR","@id":"https:\/\/galagar.com\/fr\/produit\/chariots-de-soudage-rail-bull\/#primaryimage","url":"https:\/\/galagar.com\/wp-content\/uploads\/2023\/03\/Rail-Bull-A23-1.jpg","contentUrl":"https:\/\/galagar.com\/wp-content\/uploads\/2023\/03\/Rail-Bull-A23-1.jpg","width":640,"height":800},{"@type":"BreadcrumbList","@id":"https:\/\/galagar.com\/fr\/produit\/chariots-de-soudage-rail-bull\/#breadcrumb","itemListElement":[{"@type":"ListItem","position":1,"name":"Inicio","item":"https:\/\/galagar.com\/fr\/accueil\/"},{"@type":"ListItem","position":2,"name":"Boutique","item":"https:\/\/galagar.com\/fr\/boutique\/"},{"@type":"ListItem","position":3,"name":"Produits","item":"https:\/\/galagar.com\/fr\/tienda-online\/produits\/"},{"@type":"ListItem","position":4,"name":"Chariots de soudage Rail Bull"}]},{"@type":"WebSite","@id":"https:\/\/galagar.com\/fr\/#website","url":"https:\/\/galagar.com\/fr\/","name":"GALA GAR - Productos de soldadura y reguladores de gas - Gas y soldadura","description":"Gala Gar es fabricante de tecnolog\u00eda competitiva para soldadura (MMA-TIG-MIG\/MAG-CORTE POR PLASMA), regulaci\u00f3n de gases, y para soldadura y corte por gas.","publisher":{"@id":"https:\/\/galagar.com\/fr\/#organization"},"potentialAction":[{"@type":"SearchAction","target":{"@type":"EntryPoint","urlTemplate":"https:\/\/galagar.com\/fr\/?s={search_term_string}"},"query-input":{"@type":"PropertyValueSpecification","valueRequired":true,"valueName":"search_term_string"}}],"inLanguage":"fr-FR"},{"@type":"Organization","@id":"https:\/\/galagar.com\/fr\/#organization","name":"GALA GAR welding","url":"https:\/\/galagar.com\/fr\/","logo":{"@type":"ImageObject","inLanguage":"fr-FR","@id":"https:\/\/galagar.com\/fr\/#\/schema\/logo\/image\/","url":"","contentUrl":"","caption":"GALA GAR welding"},"image":{"@id":"https:\/\/galagar.com\/fr\/#\/schema\/logo\/image\/"},"sameAs":["https:\/\/www.facebook.com\/galagarsoldadura\/","https:\/\/www.linkedin.com\/company\/gala-gar-sl\/?trk=biz-companies-cym","https:\/\/www.youtube.com\/user\/galagarsp","https:\/\/www.instagram.com\/galagar_soldadura\/?hl=es"]}]}},"_links":{"self":[{"href":"https:\/\/galagar.com\/fr\/wp-json\/wp\/v2\/product\/16468","targetHints":{"allow":["GET"]}}],"collection":[{"href":"https:\/\/galagar.com\/fr\/wp-json\/wp\/v2\/product"}],"about":[{"href":"https:\/\/galagar.com\/fr\/wp-json\/wp\/v2\/types\/product"}],"wp:featuredmedia":[{"embeddable":true,"href":"https:\/\/galagar.com\/fr\/wp-json\/wp\/v2\/media\/27047"}],"wp:attachment":[{"href":"https:\/\/galagar.com\/fr\/wp-json\/wp\/v2\/media?parent=16468"}],"wp:term":[{"taxonomy":"product_brand","embeddable":true,"href":"https:\/\/galagar.com\/fr\/wp-json\/wp\/v2\/product_brand?post=16468"},{"taxonomy":"product_cat","embeddable":true,"href":"https:\/\/galagar.com\/fr\/wp-json\/wp\/v2\/product_cat?post=16468"},{"taxonomy":"product_tag","embeddable":true,"href":"https:\/\/galagar.com\/fr\/wp-json\/wp\/v2\/product_tag?post=16468"}],"curies":[{"name":"wp","href":"https:\/\/api.w.org\/{rel}","templated":true}]}}