{"id":16487,"date":"2022-11-17T09:32:17","date_gmt":"2022-11-17T08:32:17","guid":{"rendered":"https:\/\/dev.galagar.com\/producto\/ecran-gasweld-dark\/"},"modified":"2023-06-20T12:24:48","modified_gmt":"2023-06-20T10:24:48","slug":"ecran-gasweld-dark","status":"publish","type":"product","link":"https:\/\/galagar.com\/fr\/produit\/ecran-gasweld-dark\/","title":{"rendered":"\u00c9cran Gasweld DARK"},"content":{"rendered":"<div class=\"fusion-fullwidth fullwidth-box fusion-builder-row-1 fusion-flex-container has-pattern-background has-mask-background nonhundred-percent-fullwidth non-hundred-percent-height-scrolling\" style=\"--awb-border-radius-top-left:0px;--awb-border-radius-top-right:0px;--awb-border-radius-bottom-right:0px;--awb-border-radius-bottom-left:0px;--awb-flex-wrap:wrap;\" ><div class=\"fusion-builder-row fusion-row fusion-flex-align-items-flex-start fusion-flex-content-wrap\" style=\"max-width:1216.8px;margin-left: calc(-4% \/ 2 );margin-right: calc(-4% \/ 2 );\"><div class=\"fusion-layout-column fusion_builder_column fusion-builder-column-0 fusion_builder_column_3_5 3_5 fusion-flex-column\" style=\"--awb-bg-size:cover;--awb-width-large:60%;--awb-margin-top-large:0px;--awb-spacing-right-large:3.2%;--awb-margin-bottom-large:20px;--awb-spacing-left-large:3.2%;--awb-width-medium:100%;--awb-order-medium:0;--awb-spacing-right-medium:1.92%;--awb-spacing-left-medium:1.92%;--awb-width-small:100%;--awb-order-small:0;--awb-spacing-right-small:1.92%;--awb-spacing-left-small:1.92%;\"><div class=\"fusion-column-wrapper fusion-column-has-shadow fusion-flex-justify-content-flex-start fusion-content-layout-column\">\n<div class=\"table-2\">\n<table width=\"100%\">\n<thead>\n<tr>\n<th align=\"left\">Caract\u00e9ristiques techniques<\/th>\n<th align=\"left\"><\/th>\n<\/tr>\n<\/thead>\n<tbody>\n<tr>\n<td align=\"left\">Taille de la cartouche<\/td>\n<td align=\"left\">110 x 90 mm.<\/td>\n<\/tr>\n<tr>\n<td align=\"left\">Processeur<\/td>\n<td align=\"left\">CX10<\/td>\n<\/tr>\n<tr>\n<td align=\"left\">Amp\u00e9rage minimum<\/td>\n<td align=\"left\">4 A<\/td>\n<\/tr>\n<tr>\n<td align=\"left\">Type de courant<\/td>\n<td align=\"left\">AC ET DC<\/td>\n<\/tr>\n<tr>\n<td align=\"left\">Protection IR \/ UV<\/td>\n<td align=\"left\">Jusqu&#8217;\u00e0 DIN 16 &#8211; 98%.<\/td>\n<\/tr>\n<tr>\n<td align=\"left\">Mat\u00e9riau Coque<\/td>\n<td align=\"left\">ABS renforc\u00e9<\/td>\n<\/tr>\n<tr>\n<td align=\"left\">R\u00e9gulation du menton<\/td>\n<td align=\"left\">Externe<\/td>\n<\/tr>\n<tr>\n<td align=\"left\">Raterdo<\/td>\n<td align=\"left\">Automatique<\/td>\n<\/tr>\n<tr>\n<td align=\"left\">Sensibilit\u00e9<\/td>\n<td align=\"left\">Automatique<\/td>\n<\/tr>\n<tr>\n<td align=\"left\">ON \/ OF<\/td>\n<td align=\"left\">Automatique<\/td>\n<\/tr>\n<tr>\n<td align=\"left\">Classe optique<\/td>\n<td align=\"left\">1\/1\/1\/2<\/td>\n<\/tr>\n<tr>\n<td align=\"left\">Certifications<\/td>\n<td align=\"left\">EN 175 &#8211; EN 379 \/ CE2<\/td>\n<\/tr>\n<\/tbody>\n<\/table>\n<\/div>\n<\/div><\/div><div class=\"fusion-layout-column fusion_builder_column fusion-builder-column-1 fusion_builder_column_2_5 2_5 fusion-flex-column\" style=\"--awb-bg-size:cover;--awb-width-large:40%;--awb-margin-top-large:0px;--awb-spacing-right-large:4.8%;--awb-margin-bottom-large:20px;--awb-spacing-left-large:4.8%;--awb-width-medium:100%;--awb-order-medium:0;--awb-spacing-right-medium:1.92%;--awb-spacing-left-medium:1.92%;--awb-width-small:100%;--awb-order-small:0;--awb-spacing-right-small:1.92%;--awb-spacing-left-small:1.92%;\"><div class=\"fusion-column-wrapper fusion-column-has-shadow fusion-flex-justify-content-flex-start fusion-content-layout-column\"><div class=\"fusion-video fusion-selfhosted-video\" style=\"max-width:100%;\"><div class=\"video-wrapper\"><video playsinline=\"true\" width=\"100%\" style=\"object-fit: cover;\" autoplay=\"true\" loop=\"true\" poster=\"https:\/\/galagar.com\/wp-content\/uploads\/2023\/05\/Miniatura-GasweldDARK.jpg\" preload=\"auto\" controls=\"1\"><source src=\"https:\/\/galagar.com\/wp-content\/uploads\/2023\/05\/GasweldDARK-Web.mp4\" type=\"video\/mp4\">Sorry, your browser doesn&#039;t support embedded videos.<\/video><\/div><\/div><\/div><\/div><\/div><\/div>\n","protected":false},"excerpt":{"rendered":"<div class=\"textodescripcionproductos\">\n<p><img decoding=\"async\" class=\"alignnone wp-image-25377\" src=\"https:\/\/galagar.com\/wp-content\/uploads\/2023\/06\/Nuevo_FR.jpg\" alt=\"\" width=\"206\" height=\"127\" srcset=\"https:\/\/galagar.com\/wp-content\/uploads\/2023\/06\/Nuevo_FR-200x124.jpg 200w, https:\/\/galagar.com\/wp-content\/uploads\/2023\/06\/Nuevo_FR-300x186.jpg 300w, https:\/\/galagar.com\/wp-content\/uploads\/2023\/06\/Nuevo_FR-400x248.jpg 400w, https:\/\/galagar.com\/wp-content\/uploads\/2023\/06\/Nuevo_FR.jpg 433w\" sizes=\"(max-width: 206px) 100vw, 206px\" \/><\/p>\n<p>\u00c9cran pr\u00e9par\u00e9 pour fournir au soudeur une excellente qualit\u00e9 d&#8217;image. <strong><span style=\"color: #008000;\">VISION<\/span> <span style=\"color: #ff0000;\">DE<\/span> <span style=\"color: #0000ff;\">COULEUR<\/span><\/strong> et un haut degr\u00e9 de protection contre les rayons UV et IR g\u00e9n\u00e9r\u00e9s par l&#8217;arc dans les processus de soudage et de d\u00e9coupe au plasma. Il ne convient pas pour les \u00e9quipements laser.<\/p>\n<p>Il est disponible en 2 mod\u00e8les avec coque ABS renforc\u00e9e en Noir (Ref. : 5998F) et Skull Fire (Ref. : 5998FC).<br \/>\nEN 175 EN 379 Certifi\u00e9 CE, type optique 1\/1\/1\/2. avec une garantie de 2 ans contre les d\u00e9fauts de fabrication. (voir les conditions de garantie de cet article dans le manuel d&#8217;instructions).<\/p>\n<\/div>\n<div class=\"textosubtitulosficha margintop5\"><strong>Caract\u00e9ristiques<br \/>\n<\/strong>Le mod\u00e8le GasWeld-DARK pr\u00e9sente les caract\u00e9ristiques suivantes par rapport aux autres mod\u00e8les du march\u00e9 :<\/div>\n<h3 class=\"textosubtitulosficha margintop5\"><span style=\"color: #ff0000;\"><strong><span style=\"color: #0000ff;\">VisionTrueColor<\/span><\/strong><\/span><\/h3>\n<p class=\"textosubtitulosficha margintop5\"><strong>Zone de visualisation 92&#215;43 mm.<\/strong><br \/>\n<strong>2 capteurs num\u00e9riques<\/strong><br \/>\n<strong>Pile au lithium 3V rempla\u00e7able (CR 2032) + lecteur solaire<\/strong><br \/>\n<strong>Temps de r\u00e9ponse ultra rapide 1\/25000s<\/strong><\/p>\n","protected":false},"featured_media":16490,"template":"","meta":{"_acf_changed":false,"content-type":"","inline_featured_image":false,"_monsterinsights_skip_tracking":false,"_monsterinsights_sitenote_active":false,"_monsterinsights_sitenote_note":"","_monsterinsights_sitenote_category":0,"_joinchat":[]},"product_brand":[],"product_cat":[1225,1226,937,1224],"product_tag":[],"class_list":{"0":"post-16487","1":"product","2":"type-product","3":"status-publish","4":"has-post-thumbnail","6":"product_cat-masques-de-soudage","7":"product_cat-masques-electroniques","8":"product_cat-produits","9":"product_cat-protection","11":"first","12":"instock","13":"taxable","14":"shipping-taxable","15":"product-type-variable"},"acf":[],"yoast_head":"<!-- This site is optimized with the Yoast SEO plugin v26.4 - https:\/\/yoast.com\/wordpress\/plugins\/seo\/ -->\n<title>\u00c9cran Gasweld DARK | GALA GAR - Productos de soldadura y reguladores de gas - Gas y soldadura<\/title>\n<meta name=\"robots\" content=\"index, follow, max-snippet:-1, max-image-preview:large, max-video-preview:-1\" \/>\n<link rel=\"canonical\" href=\"https:\/\/galagar.com\/fr\/produit\/ecran-gasweld-dark\/\" \/>\n<meta property=\"og:locale\" content=\"fr_FR\" \/>\n<meta property=\"og:type\" content=\"article\" \/>\n<meta property=\"og:title\" content=\"\u00c9cran Gasweld DARK | GALA GAR - Productos de soldadura y reguladores de gas - Gas y soldadura\" \/>\n<meta property=\"og:description\" content=\"\u00c9cran pr\u00e9par\u00e9 pour fournir au soudeur une excellente qualit\u00e9 d&#039;image. VISION DE COULEUR et un haut degr\u00e9 de protection contre les rayons UV et IR g\u00e9n\u00e9r\u00e9s par l&#039;arc dans les processus de soudage et de d\u00e9coupe au plasma. Il ne convient pas pour les \u00e9quipements laser.  Il est disponible en 2 mod\u00e8les avec coque ABS renforc\u00e9e en Noir (Ref. : 5998F) et Skull Fire (Ref. : 5998FC). EN 175 EN 379 Certifi\u00e9 CE, type optique 1\/1\/1\/2. avec une garantie de 2 ans contre les d\u00e9fauts de fabrication. (voir les conditions de garantie de cet article dans le manuel d&#039;instructions).   Caract\u00e9ristiques Le mod\u00e8le GasWeld-DARK pr\u00e9sente les caract\u00e9ristiques suivantes par rapport aux autres mod\u00e8les du march\u00e9 : VisionTrueColor Zone de visualisation 92x43 mm. 2 capteurs num\u00e9riques Pile au lithium 3V rempla\u00e7able (CR 2032) + lecteur solaire Temps de r\u00e9ponse ultra rapide 1\/25000s\" \/>\n<meta property=\"og:url\" content=\"https:\/\/galagar.com\/fr\/produit\/ecran-gasweld-dark\/\" \/>\n<meta property=\"og:site_name\" content=\"GALA GAR - Productos de soldadura y reguladores de gas - Gas y soldadura\" \/>\n<meta property=\"article:publisher\" content=\"https:\/\/www.facebook.com\/galagarsoldadura\/\" \/>\n<meta property=\"article:modified_time\" content=\"2023-06-20T10:24:48+00:00\" \/>\n<meta property=\"og:image\" content=\"https:\/\/galagar.com\/wp-content\/uploads\/2022\/11\/Gasweld-DARK.jpg\" \/>\n\t<meta property=\"og:image:width\" content=\"640\" \/>\n\t<meta property=\"og:image:height\" content=\"800\" \/>\n\t<meta property=\"og:image:type\" content=\"image\/jpeg\" \/>\n<meta name=\"twitter:card\" content=\"summary_large_image\" \/>\n<meta name=\"twitter:label1\" content=\"Dur\u00e9e de lecture estim\u00e9e\" \/>\n\t<meta name=\"twitter:data1\" content=\"1 minute\" \/>\n<script type=\"application\/ld+json\" class=\"yoast-schema-graph\">{\"@context\":\"https:\/\/schema.org\",\"@graph\":[{\"@type\":\"WebPage\",\"@id\":\"https:\/\/galagar.com\/fr\/produit\/ecran-gasweld-dark\/\",\"url\":\"https:\/\/galagar.com\/fr\/produit\/ecran-gasweld-dark\/\",\"name\":\"\u00c9cran Gasweld DARK | GALA GAR - Productos de soldadura y reguladores de gas - Gas y soldadura\",\"isPartOf\":{\"@id\":\"https:\/\/galagar.com\/fr\/#website\"},\"primaryImageOfPage\":{\"@id\":\"https:\/\/galagar.com\/fr\/produit\/ecran-gasweld-dark\/#primaryimage\"},\"image\":{\"@id\":\"https:\/\/galagar.com\/fr\/produit\/ecran-gasweld-dark\/#primaryimage\"},\"thumbnailUrl\":\"https:\/\/galagar.com\/wp-content\/uploads\/2022\/11\/Gasweld-DARK.jpg\",\"datePublished\":\"2022-11-17T08:32:17+00:00\",\"dateModified\":\"2023-06-20T10:24:48+00:00\",\"breadcrumb\":{\"@id\":\"https:\/\/galagar.com\/fr\/produit\/ecran-gasweld-dark\/#breadcrumb\"},\"inLanguage\":\"fr-FR\",\"potentialAction\":[{\"@type\":\"ReadAction\",\"target\":[\"https:\/\/galagar.com\/fr\/produit\/ecran-gasweld-dark\/\"]}]},{\"@type\":\"ImageObject\",\"inLanguage\":\"fr-FR\",\"@id\":\"https:\/\/galagar.com\/fr\/produit\/ecran-gasweld-dark\/#primaryimage\",\"url\":\"https:\/\/galagar.com\/wp-content\/uploads\/2022\/11\/Gasweld-DARK.jpg\",\"contentUrl\":\"https:\/\/galagar.com\/wp-content\/uploads\/2022\/11\/Gasweld-DARK.jpg\",\"width\":640,\"height\":800},{\"@type\":\"BreadcrumbList\",\"@id\":\"https:\/\/galagar.com\/fr\/produit\/ecran-gasweld-dark\/#breadcrumb\",\"itemListElement\":[{\"@type\":\"ListItem\",\"position\":1,\"name\":\"Inicio\",\"item\":\"https:\/\/galagar.com\/fr\/accueil\/\"},{\"@type\":\"ListItem\",\"position\":2,\"name\":\"Boutique\",\"item\":\"https:\/\/galagar.com\/fr\/boutique\/\"},{\"@type\":\"ListItem\",\"position\":3,\"name\":\"Produits\",\"item\":\"https:\/\/galagar.com\/fr\/tienda-online\/produits\/\"},{\"@type\":\"ListItem\",\"position\":4,\"name\":\"\u00c9cran Gasweld DARK\"}]},{\"@type\":\"WebSite\",\"@id\":\"https:\/\/galagar.com\/fr\/#website\",\"url\":\"https:\/\/galagar.com\/fr\/\",\"name\":\"GALA GAR - Productos de soldadura y reguladores de gas - Gas y soldadura\",\"description\":\"Gala Gar es fabricante de tecnolog\u00eda competitiva para soldadura (MMA-TIG-MIG\/MAG-CORTE POR PLASMA), regulaci\u00f3n de gases, y para soldadura y corte por gas.\",\"publisher\":{\"@id\":\"https:\/\/galagar.com\/fr\/#organization\"},\"potentialAction\":[{\"@type\":\"SearchAction\",\"target\":{\"@type\":\"EntryPoint\",\"urlTemplate\":\"https:\/\/galagar.com\/fr\/?s={search_term_string}\"},\"query-input\":{\"@type\":\"PropertyValueSpecification\",\"valueRequired\":true,\"valueName\":\"search_term_string\"}}],\"inLanguage\":\"fr-FR\"},{\"@type\":\"Organization\",\"@id\":\"https:\/\/galagar.com\/fr\/#organization\",\"name\":\"GALA GAR welding\",\"url\":\"https:\/\/galagar.com\/fr\/\",\"logo\":{\"@type\":\"ImageObject\",\"inLanguage\":\"fr-FR\",\"@id\":\"https:\/\/galagar.com\/fr\/#\/schema\/logo\/image\/\",\"url\":\"\",\"contentUrl\":\"\",\"caption\":\"GALA GAR welding\"},\"image\":{\"@id\":\"https:\/\/galagar.com\/fr\/#\/schema\/logo\/image\/\"},\"sameAs\":[\"https:\/\/www.facebook.com\/galagarsoldadura\/\",\"https:\/\/www.linkedin.com\/company\/gala-gar-sl\/?trk=biz-companies-cym\",\"https:\/\/www.youtube.com\/user\/galagarsp\",\"https:\/\/www.instagram.com\/galagar_soldadura\/?hl=es\"]}]}<\/script>\n<!-- \/ Yoast SEO plugin. -->","yoast_head_json":{"title":"\u00c9cran Gasweld DARK | GALA GAR - Productos de soldadura y reguladores de gas - Gas y soldadura","robots":{"index":"index","follow":"follow","max-snippet":"max-snippet:-1","max-image-preview":"max-image-preview:large","max-video-preview":"max-video-preview:-1"},"canonical":"https:\/\/galagar.com\/fr\/produit\/ecran-gasweld-dark\/","og_locale":"fr_FR","og_type":"article","og_title":"\u00c9cran Gasweld DARK | GALA GAR - Productos de soldadura y reguladores de gas - Gas y soldadura","og_description":"\u00c9cran pr\u00e9par\u00e9 pour fournir au soudeur une excellente qualit\u00e9 d'image. VISION DE COULEUR et un haut degr\u00e9 de protection contre les rayons UV et IR g\u00e9n\u00e9r\u00e9s par l'arc dans les processus de soudage et de d\u00e9coupe au plasma. Il ne convient pas pour les \u00e9quipements laser.  Il est disponible en 2 mod\u00e8les avec coque ABS renforc\u00e9e en Noir (Ref. : 5998F) et Skull Fire (Ref. : 5998FC). EN 175 EN 379 Certifi\u00e9 CE, type optique 1\/1\/1\/2. avec une garantie de 2 ans contre les d\u00e9fauts de fabrication. (voir les conditions de garantie de cet article dans le manuel d'instructions).   Caract\u00e9ristiques Le mod\u00e8le GasWeld-DARK pr\u00e9sente les caract\u00e9ristiques suivantes par rapport aux autres mod\u00e8les du march\u00e9 : VisionTrueColor Zone de visualisation 92x43 mm. 2 capteurs num\u00e9riques Pile au lithium 3V rempla\u00e7able (CR 2032) + lecteur solaire Temps de r\u00e9ponse ultra rapide 1\/25000s","og_url":"https:\/\/galagar.com\/fr\/produit\/ecran-gasweld-dark\/","og_site_name":"GALA GAR - Productos de soldadura y reguladores de gas - Gas y soldadura","article_publisher":"https:\/\/www.facebook.com\/galagarsoldadura\/","article_modified_time":"2023-06-20T10:24:48+00:00","og_image":[{"width":640,"height":800,"url":"https:\/\/galagar.com\/wp-content\/uploads\/2022\/11\/Gasweld-DARK.jpg","type":"image\/jpeg"}],"twitter_card":"summary_large_image","twitter_misc":{"Dur\u00e9e de lecture estim\u00e9e":"1 minute"},"schema":{"@context":"https:\/\/schema.org","@graph":[{"@type":"WebPage","@id":"https:\/\/galagar.com\/fr\/produit\/ecran-gasweld-dark\/","url":"https:\/\/galagar.com\/fr\/produit\/ecran-gasweld-dark\/","name":"\u00c9cran Gasweld DARK | GALA GAR - Productos de soldadura y reguladores de gas - Gas y soldadura","isPartOf":{"@id":"https:\/\/galagar.com\/fr\/#website"},"primaryImageOfPage":{"@id":"https:\/\/galagar.com\/fr\/produit\/ecran-gasweld-dark\/#primaryimage"},"image":{"@id":"https:\/\/galagar.com\/fr\/produit\/ecran-gasweld-dark\/#primaryimage"},"thumbnailUrl":"https:\/\/galagar.com\/wp-content\/uploads\/2022\/11\/Gasweld-DARK.jpg","datePublished":"2022-11-17T08:32:17+00:00","dateModified":"2023-06-20T10:24:48+00:00","breadcrumb":{"@id":"https:\/\/galagar.com\/fr\/produit\/ecran-gasweld-dark\/#breadcrumb"},"inLanguage":"fr-FR","potentialAction":[{"@type":"ReadAction","target":["https:\/\/galagar.com\/fr\/produit\/ecran-gasweld-dark\/"]}]},{"@type":"ImageObject","inLanguage":"fr-FR","@id":"https:\/\/galagar.com\/fr\/produit\/ecran-gasweld-dark\/#primaryimage","url":"https:\/\/galagar.com\/wp-content\/uploads\/2022\/11\/Gasweld-DARK.jpg","contentUrl":"https:\/\/galagar.com\/wp-content\/uploads\/2022\/11\/Gasweld-DARK.jpg","width":640,"height":800},{"@type":"BreadcrumbList","@id":"https:\/\/galagar.com\/fr\/produit\/ecran-gasweld-dark\/#breadcrumb","itemListElement":[{"@type":"ListItem","position":1,"name":"Inicio","item":"https:\/\/galagar.com\/fr\/accueil\/"},{"@type":"ListItem","position":2,"name":"Boutique","item":"https:\/\/galagar.com\/fr\/boutique\/"},{"@type":"ListItem","position":3,"name":"Produits","item":"https:\/\/galagar.com\/fr\/tienda-online\/produits\/"},{"@type":"ListItem","position":4,"name":"\u00c9cran Gasweld DARK"}]},{"@type":"WebSite","@id":"https:\/\/galagar.com\/fr\/#website","url":"https:\/\/galagar.com\/fr\/","name":"GALA GAR - Productos de soldadura y reguladores de gas - Gas y soldadura","description":"Gala Gar es fabricante de tecnolog\u00eda competitiva para soldadura (MMA-TIG-MIG\/MAG-CORTE POR PLASMA), regulaci\u00f3n de gases, y para soldadura y corte por gas.","publisher":{"@id":"https:\/\/galagar.com\/fr\/#organization"},"potentialAction":[{"@type":"SearchAction","target":{"@type":"EntryPoint","urlTemplate":"https:\/\/galagar.com\/fr\/?s={search_term_string}"},"query-input":{"@type":"PropertyValueSpecification","valueRequired":true,"valueName":"search_term_string"}}],"inLanguage":"fr-FR"},{"@type":"Organization","@id":"https:\/\/galagar.com\/fr\/#organization","name":"GALA GAR welding","url":"https:\/\/galagar.com\/fr\/","logo":{"@type":"ImageObject","inLanguage":"fr-FR","@id":"https:\/\/galagar.com\/fr\/#\/schema\/logo\/image\/","url":"","contentUrl":"","caption":"GALA GAR welding"},"image":{"@id":"https:\/\/galagar.com\/fr\/#\/schema\/logo\/image\/"},"sameAs":["https:\/\/www.facebook.com\/galagarsoldadura\/","https:\/\/www.linkedin.com\/company\/gala-gar-sl\/?trk=biz-companies-cym","https:\/\/www.youtube.com\/user\/galagarsp","https:\/\/www.instagram.com\/galagar_soldadura\/?hl=es"]}]}},"_links":{"self":[{"href":"https:\/\/galagar.com\/fr\/wp-json\/wp\/v2\/product\/16487","targetHints":{"allow":["GET"]}}],"collection":[{"href":"https:\/\/galagar.com\/fr\/wp-json\/wp\/v2\/product"}],"about":[{"href":"https:\/\/galagar.com\/fr\/wp-json\/wp\/v2\/types\/product"}],"wp:featuredmedia":[{"embeddable":true,"href":"https:\/\/galagar.com\/fr\/wp-json\/wp\/v2\/media\/16490"}],"wp:attachment":[{"href":"https:\/\/galagar.com\/fr\/wp-json\/wp\/v2\/media?parent=16487"}],"wp:term":[{"taxonomy":"product_brand","embeddable":true,"href":"https:\/\/galagar.com\/fr\/wp-json\/wp\/v2\/product_brand?post=16487"},{"taxonomy":"product_cat","embeddable":true,"href":"https:\/\/galagar.com\/fr\/wp-json\/wp\/v2\/product_cat?post=16487"},{"taxonomy":"product_tag","embeddable":true,"href":"https:\/\/galagar.com\/fr\/wp-json\/wp\/v2\/product_tag?post=16487"}],"curies":[{"name":"wp","href":"https:\/\/api.w.org\/{rel}","templated":true}]}}