{"id":16585,"date":"2022-11-17T09:30:34","date_gmt":"2022-11-17T08:30:34","guid":{"rendered":"https:\/\/dev.galagar.com\/producto\/nettoyeur-gala-800\/"},"modified":"2024-04-05T13:29:46","modified_gmt":"2024-04-05T11:29:46","slug":"nettoyeur-gala-800","status":"publish","type":"product","link":"https:\/\/galagar.com\/fr\/produit\/nettoyeur-gala-800\/","title":{"rendered":"Gala Cleaner 800"},"content":{"rendered":"<div class=\"fusion-fullwidth fullwidth-box fusion-builder-row-1 fusion-flex-container has-pattern-background has-mask-background nonhundred-percent-fullwidth non-hundred-percent-height-scrolling\" style=\"--awb-border-radius-top-left:0px;--awb-border-radius-top-right:0px;--awb-border-radius-bottom-right:0px;--awb-border-radius-bottom-left:0px;--awb-flex-wrap:wrap;\" ><div class=\"fusion-builder-row fusion-row fusion-flex-align-items-flex-start fusion-flex-content-wrap\" style=\"max-width:1216.8px;margin-left: calc(-4% \/ 2 );margin-right: calc(-4% \/ 2 );\"><div class=\"fusion-layout-column fusion_builder_column fusion-builder-column-0 fusion_builder_column_3_4 3_4 fusion-flex-column\" style=\"--awb-bg-size:cover;--awb-width-large:75%;--awb-margin-top-large:0px;--awb-spacing-right-large:2.56%;--awb-margin-bottom-large:20px;--awb-spacing-left-large:2.56%;--awb-width-medium:100%;--awb-order-medium:0;--awb-spacing-right-medium:1.92%;--awb-spacing-left-medium:1.92%;--awb-width-small:100%;--awb-order-small:0;--awb-spacing-right-small:1.92%;--awb-spacing-left-small:1.92%;\"><div class=\"fusion-column-wrapper fusion-column-has-shadow fusion-flex-justify-content-flex-start fusion-content-layout-column\">\n<div class=\"table-2 gal-textos-menores\">\n<table width=\"100%\">\n<thead>\n<tr>\n<th align=\"left\">Caract\u00e9ristiques techniques de base<\/th>\n<th align=\"left\"><\/th>\n<\/tr>\n<\/thead>\n<tbody>\n<tr>\n<td>Tension d&#8217;alimentation<\/td>\n<td>1 Ph. 230V &#8211; 50\/60 Hz. \u00b115%<\/td>\n<\/tr>\n<tr>\n<td>Tension de sortie marquage<\/td>\n<td>12 V<\/td>\n<\/tr>\n<tr>\n<td>Tension de sortie nettoyage<\/td>\n<td>9 V<\/td>\n<\/tr>\n<tr>\n<td align=\"left\">Puissance maximale marquage<\/td>\n<td align=\"left\">150W<\/td>\n<\/tr>\n<tr>\n<td align=\"left\">Puissance maximale nettoyage<\/td>\n<td align=\"left\">800W<\/td>\n<\/tr>\n<tr>\n<td align=\"left\">Puissance maximale machine<\/td>\n<td align=\"left\">800W<\/td>\n<\/tr>\n<tr>\n<td align=\"left\">Indice de protection m\u00e9canique (IP)<\/td>\n<td align=\"left\">IP21<\/td>\n<\/tr>\n<tr>\n<td align=\"left\">Dimensions (largeur x hauteur x longueur)<\/td>\n<td align=\"left\">187 x 196 x 289 mm.<\/td>\n<\/tr>\n<tr>\n<td align=\"left\">Poids sans c\u00e2bles<\/td>\n<td align=\"left\">10,5 Kg.<\/td>\n<\/tr>\n<\/tbody>\n<\/table>\n<\/div>\n<\/div><\/div><\/div><\/div>\n","protected":false},"excerpt":{"rendered":"<p><strong><br \/>\n<span style=\"color: #ff0000;\">800W<br \/>\n<\/span><br \/>\n<\/strong><strong>Description de l&#8217;appareil<\/strong><br \/>\n\u00c9quipement portable simple et s\u00fbr \u00e0 utiliser pour nettoyer les surfaces soud\u00e9es en appliquant des acides et de l&#8217;hydrolyse sur les cordons de soudure.<br \/>\nIl int\u00e8gre \u00e9galement un syst\u00e8me de marquage \u00e9lectrochimique \u00e0 usage industriel (en option).<\/p>\n<p><strong>Utiliser :<\/strong><br \/>\nUsage professionnel. Nettoyage de toutes les surfaces soud\u00e9es, en particulier pour le soudage TIG\/MIG sur les aciers inoxydables.<br \/>\nMarquage des surfaces en acier inoxydable (noir) et en aluminium (blanc). (optionnel)<\/p>\n<p><strong>Principaux avantages :<\/strong><br \/>\n<strong><em>Propret\u00e9 :<\/em> <\/strong>Pratique et facile \u00e0 utiliser. Gain de temps dans le nettoyage des billes d&#8217;acier inoxydable par rapport aux syst\u00e8mes traditionnels.<br \/>\n\u00c9conomise les consommables par rapport aux syst\u00e8mes traditionnels.<br \/>\nAvec une seule machine, il est possible de nettoyer le bourrelet en acier inoxydable et de marquer la pi\u00e8ce.<br \/>\n<em><strong>Marquage<\/strong> (facultatif) :<\/em> simple et permanent. Plus \u00e9conomique que le laser et la s\u00e9rigraphie. Respecter la surface grav\u00e9e.<\/p>\n","protected":false},"featured_media":22971,"template":"","meta":{"_acf_changed":false,"content-type":"","inline_featured_image":false,"_monsterinsights_skip_tracking":false,"_monsterinsights_sitenote_active":false,"_monsterinsights_sitenote_note":"","_monsterinsights_sitenote_category":0,"_joinchat":[]},"product_brand":[],"product_cat":[937,1251,1252],"product_tag":[],"class_list":{"0":"post-16585","1":"product","2":"type-product","3":"status-publish","4":"has-post-thumbnail","6":"product_cat-produits","7":"product_cat-soudage-electrique","8":"product_cat-nettoyage-de-lacier-inoxydable","10":"first","11":"instock","12":"taxable","13":"shipping-taxable","14":"product-type-simple"},"acf":[],"yoast_head":"<!-- This site is optimized with the Yoast SEO plugin v26.4 - https:\/\/yoast.com\/wordpress\/plugins\/seo\/ -->\n<title>Gala Cleaner 800 | GALA GAR - Productos de soldadura y reguladores de gas - Gas y soldadura<\/title>\n<meta name=\"robots\" content=\"index, follow, max-snippet:-1, max-image-preview:large, max-video-preview:-1\" \/>\n<link rel=\"canonical\" href=\"https:\/\/galagar.com\/fr\/produit\/nettoyeur-gala-800\/\" \/>\n<meta property=\"og:locale\" content=\"fr_FR\" \/>\n<meta property=\"og:type\" content=\"article\" \/>\n<meta property=\"og:title\" content=\"Gala Cleaner 800 | GALA GAR - Productos de soldadura y reguladores de gas - Gas y soldadura\" \/>\n<meta property=\"og:description\" content=\"800W  Description de l&#039;appareil \u00c9quipement portable simple et s\u00fbr \u00e0 utiliser pour nettoyer les surfaces soud\u00e9es en appliquant des acides et de l&#039;hydrolyse sur les cordons de soudure. Il int\u00e8gre \u00e9galement un syst\u00e8me de marquage \u00e9lectrochimique \u00e0 usage industriel (en option).  Utiliser : Usage professionnel. Nettoyage de toutes les surfaces soud\u00e9es, en particulier pour le soudage TIG\/MIG sur les aciers inoxydables. Marquage des surfaces en acier inoxydable (noir) et en aluminium (blanc). (optionnel)  Principaux avantages : Propret\u00e9 : Pratique et facile \u00e0 utiliser. Gain de temps dans le nettoyage des billes d&#039;acier inoxydable par rapport aux syst\u00e8mes traditionnels. \u00c9conomise les consommables par rapport aux syst\u00e8mes traditionnels. Avec une seule machine, il est possible de nettoyer le bourrelet en acier inoxydable et de marquer la pi\u00e8ce. Marquage (facultatif) : simple et permanent. Plus \u00e9conomique que le laser et la s\u00e9rigraphie. Respecter la surface grav\u00e9e.\" \/>\n<meta property=\"og:url\" content=\"https:\/\/galagar.com\/fr\/produit\/nettoyeur-gala-800\/\" \/>\n<meta property=\"og:site_name\" content=\"GALA GAR - Productos de soldadura y reguladores de gas - Gas y soldadura\" \/>\n<meta property=\"article:publisher\" content=\"https:\/\/www.facebook.com\/galagarsoldadura\/\" \/>\n<meta property=\"article:modified_time\" content=\"2024-04-05T11:29:46+00:00\" \/>\n<meta property=\"og:image\" content=\"https:\/\/galagar.com\/wp-content\/uploads\/2022\/11\/GalaCleaner-800-1.jpg\" \/>\n\t<meta property=\"og:image:width\" content=\"640\" \/>\n\t<meta property=\"og:image:height\" content=\"800\" \/>\n\t<meta property=\"og:image:type\" content=\"image\/jpeg\" \/>\n<meta name=\"twitter:card\" content=\"summary_large_image\" \/>\n<meta name=\"twitter:label1\" content=\"Dur\u00e9e de lecture estim\u00e9e\" \/>\n\t<meta name=\"twitter:data1\" content=\"1 minute\" \/>\n<script type=\"application\/ld+json\" class=\"yoast-schema-graph\">{\"@context\":\"https:\/\/schema.org\",\"@graph\":[{\"@type\":\"WebPage\",\"@id\":\"https:\/\/galagar.com\/fr\/produit\/nettoyeur-gala-800\/\",\"url\":\"https:\/\/galagar.com\/fr\/produit\/nettoyeur-gala-800\/\",\"name\":\"Gala Cleaner 800 | GALA GAR - Productos de soldadura y reguladores de gas - Gas y soldadura\",\"isPartOf\":{\"@id\":\"https:\/\/galagar.com\/fr\/#website\"},\"primaryImageOfPage\":{\"@id\":\"https:\/\/galagar.com\/fr\/produit\/nettoyeur-gala-800\/#primaryimage\"},\"image\":{\"@id\":\"https:\/\/galagar.com\/fr\/produit\/nettoyeur-gala-800\/#primaryimage\"},\"thumbnailUrl\":\"https:\/\/galagar.com\/wp-content\/uploads\/2022\/11\/GalaCleaner-800-1.jpg\",\"datePublished\":\"2022-11-17T08:30:34+00:00\",\"dateModified\":\"2024-04-05T11:29:46+00:00\",\"breadcrumb\":{\"@id\":\"https:\/\/galagar.com\/fr\/produit\/nettoyeur-gala-800\/#breadcrumb\"},\"inLanguage\":\"fr-FR\",\"potentialAction\":[{\"@type\":\"ReadAction\",\"target\":[\"https:\/\/galagar.com\/fr\/produit\/nettoyeur-gala-800\/\"]}]},{\"@type\":\"ImageObject\",\"inLanguage\":\"fr-FR\",\"@id\":\"https:\/\/galagar.com\/fr\/produit\/nettoyeur-gala-800\/#primaryimage\",\"url\":\"https:\/\/galagar.com\/wp-content\/uploads\/2022\/11\/GalaCleaner-800-1.jpg\",\"contentUrl\":\"https:\/\/galagar.com\/wp-content\/uploads\/2022\/11\/GalaCleaner-800-1.jpg\",\"width\":640,\"height\":800},{\"@type\":\"BreadcrumbList\",\"@id\":\"https:\/\/galagar.com\/fr\/produit\/nettoyeur-gala-800\/#breadcrumb\",\"itemListElement\":[{\"@type\":\"ListItem\",\"position\":1,\"name\":\"Inicio\",\"item\":\"https:\/\/galagar.com\/fr\/accueil\/\"},{\"@type\":\"ListItem\",\"position\":2,\"name\":\"Boutique\",\"item\":\"https:\/\/galagar.com\/fr\/boutique\/\"},{\"@type\":\"ListItem\",\"position\":3,\"name\":\"Produits\",\"item\":\"https:\/\/galagar.com\/fr\/tienda-online\/produits\/\"},{\"@type\":\"ListItem\",\"position\":4,\"name\":\"Soudage \u00e9lectrique\",\"item\":\"https:\/\/galagar.com\/fr\/tienda-online\/produits\/soudage-electrique\/\"},{\"@type\":\"ListItem\",\"position\":5,\"name\":\"Nettoyage de l'acier inoxydable\",\"item\":\"https:\/\/galagar.com\/fr\/tienda-online\/produits\/soudage-electrique\/nettoyage-de-lacier-inoxydable\/\"},{\"@type\":\"ListItem\",\"position\":6,\"name\":\"Gala Cleaner 800\"}]},{\"@type\":\"WebSite\",\"@id\":\"https:\/\/galagar.com\/fr\/#website\",\"url\":\"https:\/\/galagar.com\/fr\/\",\"name\":\"GALA GAR - Productos de soldadura y reguladores de gas - Gas y soldadura\",\"description\":\"Gala Gar es fabricante de tecnolog\u00eda competitiva para soldadura (MMA-TIG-MIG\/MAG-CORTE POR PLASMA), regulaci\u00f3n de gases, y para soldadura y corte por gas.\",\"publisher\":{\"@id\":\"https:\/\/galagar.com\/fr\/#organization\"},\"potentialAction\":[{\"@type\":\"SearchAction\",\"target\":{\"@type\":\"EntryPoint\",\"urlTemplate\":\"https:\/\/galagar.com\/fr\/?s={search_term_string}\"},\"query-input\":{\"@type\":\"PropertyValueSpecification\",\"valueRequired\":true,\"valueName\":\"search_term_string\"}}],\"inLanguage\":\"fr-FR\"},{\"@type\":\"Organization\",\"@id\":\"https:\/\/galagar.com\/fr\/#organization\",\"name\":\"GALA GAR welding\",\"url\":\"https:\/\/galagar.com\/fr\/\",\"logo\":{\"@type\":\"ImageObject\",\"inLanguage\":\"fr-FR\",\"@id\":\"https:\/\/galagar.com\/fr\/#\/schema\/logo\/image\/\",\"url\":\"\",\"contentUrl\":\"\",\"caption\":\"GALA GAR welding\"},\"image\":{\"@id\":\"https:\/\/galagar.com\/fr\/#\/schema\/logo\/image\/\"},\"sameAs\":[\"https:\/\/www.facebook.com\/galagarsoldadura\/\",\"https:\/\/www.linkedin.com\/company\/gala-gar-sl\/?trk=biz-companies-cym\",\"https:\/\/www.youtube.com\/user\/galagarsp\",\"https:\/\/www.instagram.com\/galagar_soldadura\/?hl=es\"]}]}<\/script>\n<!-- \/ Yoast SEO plugin. -->","yoast_head_json":{"title":"Gala Cleaner 800 | GALA GAR - Productos de soldadura y reguladores de gas - Gas y soldadura","robots":{"index":"index","follow":"follow","max-snippet":"max-snippet:-1","max-image-preview":"max-image-preview:large","max-video-preview":"max-video-preview:-1"},"canonical":"https:\/\/galagar.com\/fr\/produit\/nettoyeur-gala-800\/","og_locale":"fr_FR","og_type":"article","og_title":"Gala Cleaner 800 | GALA GAR - Productos de soldadura y reguladores de gas - Gas y soldadura","og_description":"800W  Description de l'appareil \u00c9quipement portable simple et s\u00fbr \u00e0 utiliser pour nettoyer les surfaces soud\u00e9es en appliquant des acides et de l'hydrolyse sur les cordons de soudure. Il int\u00e8gre \u00e9galement un syst\u00e8me de marquage \u00e9lectrochimique \u00e0 usage industriel (en option).  Utiliser : Usage professionnel. Nettoyage de toutes les surfaces soud\u00e9es, en particulier pour le soudage TIG\/MIG sur les aciers inoxydables. Marquage des surfaces en acier inoxydable (noir) et en aluminium (blanc). (optionnel)  Principaux avantages : Propret\u00e9 : Pratique et facile \u00e0 utiliser. Gain de temps dans le nettoyage des billes d'acier inoxydable par rapport aux syst\u00e8mes traditionnels. \u00c9conomise les consommables par rapport aux syst\u00e8mes traditionnels. Avec une seule machine, il est possible de nettoyer le bourrelet en acier inoxydable et de marquer la pi\u00e8ce. Marquage (facultatif) : simple et permanent. Plus \u00e9conomique que le laser et la s\u00e9rigraphie. Respecter la surface grav\u00e9e.","og_url":"https:\/\/galagar.com\/fr\/produit\/nettoyeur-gala-800\/","og_site_name":"GALA GAR - Productos de soldadura y reguladores de gas - Gas y soldadura","article_publisher":"https:\/\/www.facebook.com\/galagarsoldadura\/","article_modified_time":"2024-04-05T11:29:46+00:00","og_image":[{"width":640,"height":800,"url":"https:\/\/galagar.com\/wp-content\/uploads\/2022\/11\/GalaCleaner-800-1.jpg","type":"image\/jpeg"}],"twitter_card":"summary_large_image","twitter_misc":{"Dur\u00e9e de lecture estim\u00e9e":"1 minute"},"schema":{"@context":"https:\/\/schema.org","@graph":[{"@type":"WebPage","@id":"https:\/\/galagar.com\/fr\/produit\/nettoyeur-gala-800\/","url":"https:\/\/galagar.com\/fr\/produit\/nettoyeur-gala-800\/","name":"Gala Cleaner 800 | GALA GAR - Productos de soldadura y reguladores de gas - Gas y soldadura","isPartOf":{"@id":"https:\/\/galagar.com\/fr\/#website"},"primaryImageOfPage":{"@id":"https:\/\/galagar.com\/fr\/produit\/nettoyeur-gala-800\/#primaryimage"},"image":{"@id":"https:\/\/galagar.com\/fr\/produit\/nettoyeur-gala-800\/#primaryimage"},"thumbnailUrl":"https:\/\/galagar.com\/wp-content\/uploads\/2022\/11\/GalaCleaner-800-1.jpg","datePublished":"2022-11-17T08:30:34+00:00","dateModified":"2024-04-05T11:29:46+00:00","breadcrumb":{"@id":"https:\/\/galagar.com\/fr\/produit\/nettoyeur-gala-800\/#breadcrumb"},"inLanguage":"fr-FR","potentialAction":[{"@type":"ReadAction","target":["https:\/\/galagar.com\/fr\/produit\/nettoyeur-gala-800\/"]}]},{"@type":"ImageObject","inLanguage":"fr-FR","@id":"https:\/\/galagar.com\/fr\/produit\/nettoyeur-gala-800\/#primaryimage","url":"https:\/\/galagar.com\/wp-content\/uploads\/2022\/11\/GalaCleaner-800-1.jpg","contentUrl":"https:\/\/galagar.com\/wp-content\/uploads\/2022\/11\/GalaCleaner-800-1.jpg","width":640,"height":800},{"@type":"BreadcrumbList","@id":"https:\/\/galagar.com\/fr\/produit\/nettoyeur-gala-800\/#breadcrumb","itemListElement":[{"@type":"ListItem","position":1,"name":"Inicio","item":"https:\/\/galagar.com\/fr\/accueil\/"},{"@type":"ListItem","position":2,"name":"Boutique","item":"https:\/\/galagar.com\/fr\/boutique\/"},{"@type":"ListItem","position":3,"name":"Produits","item":"https:\/\/galagar.com\/fr\/tienda-online\/produits\/"},{"@type":"ListItem","position":4,"name":"Soudage \u00e9lectrique","item":"https:\/\/galagar.com\/fr\/tienda-online\/produits\/soudage-electrique\/"},{"@type":"ListItem","position":5,"name":"Nettoyage de l'acier inoxydable","item":"https:\/\/galagar.com\/fr\/tienda-online\/produits\/soudage-electrique\/nettoyage-de-lacier-inoxydable\/"},{"@type":"ListItem","position":6,"name":"Gala Cleaner 800"}]},{"@type":"WebSite","@id":"https:\/\/galagar.com\/fr\/#website","url":"https:\/\/galagar.com\/fr\/","name":"GALA GAR - Productos de soldadura y reguladores de gas - Gas y soldadura","description":"Gala Gar es fabricante de tecnolog\u00eda competitiva para soldadura (MMA-TIG-MIG\/MAG-CORTE POR PLASMA), regulaci\u00f3n de gases, y para soldadura y corte por gas.","publisher":{"@id":"https:\/\/galagar.com\/fr\/#organization"},"potentialAction":[{"@type":"SearchAction","target":{"@type":"EntryPoint","urlTemplate":"https:\/\/galagar.com\/fr\/?s={search_term_string}"},"query-input":{"@type":"PropertyValueSpecification","valueRequired":true,"valueName":"search_term_string"}}],"inLanguage":"fr-FR"},{"@type":"Organization","@id":"https:\/\/galagar.com\/fr\/#organization","name":"GALA GAR welding","url":"https:\/\/galagar.com\/fr\/","logo":{"@type":"ImageObject","inLanguage":"fr-FR","@id":"https:\/\/galagar.com\/fr\/#\/schema\/logo\/image\/","url":"","contentUrl":"","caption":"GALA GAR welding"},"image":{"@id":"https:\/\/galagar.com\/fr\/#\/schema\/logo\/image\/"},"sameAs":["https:\/\/www.facebook.com\/galagarsoldadura\/","https:\/\/www.linkedin.com\/company\/gala-gar-sl\/?trk=biz-companies-cym","https:\/\/www.youtube.com\/user\/galagarsp","https:\/\/www.instagram.com\/galagar_soldadura\/?hl=es"]}]}},"_links":{"self":[{"href":"https:\/\/galagar.com\/fr\/wp-json\/wp\/v2\/product\/16585","targetHints":{"allow":["GET"]}}],"collection":[{"href":"https:\/\/galagar.com\/fr\/wp-json\/wp\/v2\/product"}],"about":[{"href":"https:\/\/galagar.com\/fr\/wp-json\/wp\/v2\/types\/product"}],"wp:featuredmedia":[{"embeddable":true,"href":"https:\/\/galagar.com\/fr\/wp-json\/wp\/v2\/media\/22971"}],"wp:attachment":[{"href":"https:\/\/galagar.com\/fr\/wp-json\/wp\/v2\/media?parent=16585"}],"wp:term":[{"taxonomy":"product_brand","embeddable":true,"href":"https:\/\/galagar.com\/fr\/wp-json\/wp\/v2\/product_brand?post=16585"},{"taxonomy":"product_cat","embeddable":true,"href":"https:\/\/galagar.com\/fr\/wp-json\/wp\/v2\/product_cat?post=16585"},{"taxonomy":"product_tag","embeddable":true,"href":"https:\/\/galagar.com\/fr\/wp-json\/wp\/v2\/product_tag?post=16585"}],"curies":[{"name":"wp","href":"https:\/\/api.w.org\/{rel}","templated":true}]}}