{"id":16747,"date":"2022-01-27T19:43:16","date_gmt":"2022-01-27T18:43:16","guid":{"rendered":"https:\/\/dev.galagar.com\/producto\/cable-coaxial-pour-torches-mig\/"},"modified":"2022-01-27T19:43:16","modified_gmt":"2022-01-27T18:43:16","slug":"cable-coaxial-pour-mig-antorchas-mig","status":"publish","type":"product","link":"https:\/\/galagar.com\/fr\/produit\/cable-coaxial-pour-mig-antorchas-mig\/","title":{"rendered":"C\u00e2ble coaxial pour torches MIG"},"content":{"rendered":"","protected":false},"excerpt":{"rendered":"<div class=\"fusion-builder-row fusion-builder-row-inner fusion-row fusion-flex-align-items-flex-start\">\n<div class=\"fusion-layout-column fusion_builder_column_inner fusion-builder-nested-column-3 fusion_builder_column_inner_1_1 1_1 fusion-flex-column fusion-animated\" data-animationtype=\"fadeInLeft\" data-animationduration=\"0.4\" data-animationoffset=\"top-into-view\">\n<div class=\"fusion-column-wrapper fusion-flex-justify-content-flex-start fusion-content-layout-row\">\n<div class=\"post-content woocommerce-product-details__short-description\">\n<p>Pi\u00e8ces de rechange d&#8217;origine, fabriqu\u00e9es \u00e0 partir de mat\u00e9riaux de haute qualit\u00e9 pour des r\u00e9sultats de soudage optimaux.<\/p>\n<h6><strong>Choisissez le c\u00e2ble dont les caract\u00e9ristiques et les dimensions sont adapt\u00e9es \u00e0 votre torche.<\/strong><\/h6>\n<\/div>\n<\/div>\n<\/div>\n<\/div>\n","protected":false},"featured_media":16748,"template":"","meta":{"_acf_changed":false,"content-type":"","inline_featured_image":false,"_monsterinsights_skip_tracking":false,"_monsterinsights_sitenote_active":false,"_monsterinsights_sitenote_note":"","_monsterinsights_sitenote_category":0,"_joinchat":[]},"product_brand":[],"product_cat":[937,1269],"product_tag":[],"class_list":{"0":"post-16747","1":"product","2":"type-product","3":"status-publish","4":"has-post-thumbnail","6":"product_cat-produits","7":"product_cat-pieces-detachees-pour-torches-mig","9":"first","10":"instock","11":"taxable","12":"shipping-taxable","13":"product-type-variable"},"acf":[],"yoast_head":"<!-- This site is optimized with the Yoast SEO plugin v26.4 - https:\/\/yoast.com\/wordpress\/plugins\/seo\/ -->\n<title>C\u00e2ble coaxial pour torches MIG | GALA GAR - Productos de soldadura y reguladores de gas - Gas y soldadura<\/title>\n<meta name=\"robots\" content=\"index, follow, max-snippet:-1, max-image-preview:large, max-video-preview:-1\" \/>\n<link rel=\"canonical\" href=\"https:\/\/galagar.com\/fr\/produit\/cable-coaxial-pour-mig-antorchas-mig\/\" \/>\n<meta property=\"og:locale\" content=\"fr_FR\" \/>\n<meta property=\"og:type\" content=\"article\" \/>\n<meta property=\"og:title\" content=\"C\u00e2ble coaxial pour torches MIG | GALA GAR - Productos de soldadura y reguladores de gas - Gas y soldadura\" \/>\n<meta property=\"og:description\" content=\"Pi\u00e8ces de rechange d&#039;origine, fabriqu\u00e9es \u00e0 partir de mat\u00e9riaux de haute qualit\u00e9 pour des r\u00e9sultats de soudage optimaux. Choisissez le c\u00e2ble dont les caract\u00e9ristiques et les dimensions sont adapt\u00e9es \u00e0 votre torche.\" \/>\n<meta property=\"og:url\" content=\"https:\/\/galagar.com\/fr\/produit\/cable-coaxial-pour-mig-antorchas-mig\/\" \/>\n<meta property=\"og:site_name\" content=\"GALA GAR - Productos de soldadura y reguladores de gas - Gas y soldadura\" \/>\n<meta property=\"article:publisher\" content=\"https:\/\/www.facebook.com\/galagarsoldadura\/\" \/>\n<meta property=\"og:image\" content=\"https:\/\/galagar.com\/wp-content\/uploads\/2022\/01\/Coaxial_4.jpg\" \/>\n\t<meta property=\"og:image:width\" content=\"640\" \/>\n\t<meta property=\"og:image:height\" content=\"800\" \/>\n\t<meta property=\"og:image:type\" content=\"image\/jpeg\" \/>\n<meta name=\"twitter:card\" content=\"summary_large_image\" \/>\n<meta name=\"twitter:label1\" content=\"Dur\u00e9e de lecture estim\u00e9e\" \/>\n\t<meta name=\"twitter:data1\" content=\"1 minute\" \/>\n<script type=\"application\/ld+json\" class=\"yoast-schema-graph\">{\"@context\":\"https:\/\/schema.org\",\"@graph\":[{\"@type\":\"WebPage\",\"@id\":\"https:\/\/galagar.com\/fr\/produit\/cable-coaxial-pour-mig-antorchas-mig\/\",\"url\":\"https:\/\/galagar.com\/fr\/produit\/cable-coaxial-pour-mig-antorchas-mig\/\",\"name\":\"C\u00e2ble coaxial pour torches MIG | GALA GAR - Productos de soldadura y reguladores de gas - Gas y soldadura\",\"isPartOf\":{\"@id\":\"https:\/\/galagar.com\/fr\/#website\"},\"primaryImageOfPage\":{\"@id\":\"https:\/\/galagar.com\/fr\/produit\/cable-coaxial-pour-mig-antorchas-mig\/#primaryimage\"},\"image\":{\"@id\":\"https:\/\/galagar.com\/fr\/produit\/cable-coaxial-pour-mig-antorchas-mig\/#primaryimage\"},\"thumbnailUrl\":\"https:\/\/galagar.com\/wp-content\/uploads\/2022\/01\/Coaxial_4.jpg\",\"datePublished\":\"2022-01-27T18:43:16+00:00\",\"breadcrumb\":{\"@id\":\"https:\/\/galagar.com\/fr\/produit\/cable-coaxial-pour-mig-antorchas-mig\/#breadcrumb\"},\"inLanguage\":\"fr-FR\",\"potentialAction\":[{\"@type\":\"ReadAction\",\"target\":[\"https:\/\/galagar.com\/fr\/produit\/cable-coaxial-pour-mig-antorchas-mig\/\"]}]},{\"@type\":\"ImageObject\",\"inLanguage\":\"fr-FR\",\"@id\":\"https:\/\/galagar.com\/fr\/produit\/cable-coaxial-pour-mig-antorchas-mig\/#primaryimage\",\"url\":\"https:\/\/galagar.com\/wp-content\/uploads\/2022\/01\/Coaxial_4.jpg\",\"contentUrl\":\"https:\/\/galagar.com\/wp-content\/uploads\/2022\/01\/Coaxial_4.jpg\",\"width\":640,\"height\":800},{\"@type\":\"BreadcrumbList\",\"@id\":\"https:\/\/galagar.com\/fr\/produit\/cable-coaxial-pour-mig-antorchas-mig\/#breadcrumb\",\"itemListElement\":[{\"@type\":\"ListItem\",\"position\":1,\"name\":\"Inicio\",\"item\":\"https:\/\/galagar.com\/fr\/accueil\/\"},{\"@type\":\"ListItem\",\"position\":2,\"name\":\"Boutique\",\"item\":\"https:\/\/galagar.com\/fr\/boutique\/\"},{\"@type\":\"ListItem\",\"position\":3,\"name\":\"Produits\",\"item\":\"https:\/\/galagar.com\/fr\/tienda-online\/produits\/\"},{\"@type\":\"ListItem\",\"position\":4,\"name\":\"Torches et accessoires\",\"item\":\"https:\/\/galagar.com\/fr\/tienda-online\/produits\/torches-et-accessoires\/\"},{\"@type\":\"ListItem\",\"position\":5,\"name\":\"Torches MIG\",\"item\":\"https:\/\/galagar.com\/fr\/tienda-online\/produits\/torches-et-accessoires\/torches-mig\/\"},{\"@type\":\"ListItem\",\"position\":6,\"name\":\"Pi\u00e8ces d\u00e9tach\u00e9es pour torches MIG\",\"item\":\"https:\/\/galagar.com\/fr\/tienda-online\/produits\/torches-et-accessoires\/torches-mig\/pieces-detachees-pour-torches-mig\/\"},{\"@type\":\"ListItem\",\"position\":7,\"name\":\"C\u00e2ble coaxial pour torches MIG\"}]},{\"@type\":\"WebSite\",\"@id\":\"https:\/\/galagar.com\/fr\/#website\",\"url\":\"https:\/\/galagar.com\/fr\/\",\"name\":\"GALA GAR - Productos de soldadura y reguladores de gas - Gas y soldadura\",\"description\":\"Gala Gar es fabricante de tecnolog\u00eda competitiva para soldadura (MMA-TIG-MIG\/MAG-CORTE POR PLASMA), regulaci\u00f3n de gases, y para soldadura y corte por gas.\",\"publisher\":{\"@id\":\"https:\/\/galagar.com\/fr\/#organization\"},\"potentialAction\":[{\"@type\":\"SearchAction\",\"target\":{\"@type\":\"EntryPoint\",\"urlTemplate\":\"https:\/\/galagar.com\/fr\/?s={search_term_string}\"},\"query-input\":{\"@type\":\"PropertyValueSpecification\",\"valueRequired\":true,\"valueName\":\"search_term_string\"}}],\"inLanguage\":\"fr-FR\"},{\"@type\":\"Organization\",\"@id\":\"https:\/\/galagar.com\/fr\/#organization\",\"name\":\"GALA GAR welding\",\"url\":\"https:\/\/galagar.com\/fr\/\",\"logo\":{\"@type\":\"ImageObject\",\"inLanguage\":\"fr-FR\",\"@id\":\"https:\/\/galagar.com\/fr\/#\/schema\/logo\/image\/\",\"url\":\"\",\"contentUrl\":\"\",\"caption\":\"GALA GAR welding\"},\"image\":{\"@id\":\"https:\/\/galagar.com\/fr\/#\/schema\/logo\/image\/\"},\"sameAs\":[\"https:\/\/www.facebook.com\/galagarsoldadura\/\",\"https:\/\/www.linkedin.com\/company\/gala-gar-sl\/?trk=biz-companies-cym\",\"https:\/\/www.youtube.com\/user\/galagarsp\",\"https:\/\/www.instagram.com\/galagar_soldadura\/?hl=es\"]}]}<\/script>\n<!-- \/ Yoast SEO plugin. -->","yoast_head_json":{"title":"C\u00e2ble coaxial pour torches MIG | GALA GAR - Productos de soldadura y reguladores de gas - Gas y soldadura","robots":{"index":"index","follow":"follow","max-snippet":"max-snippet:-1","max-image-preview":"max-image-preview:large","max-video-preview":"max-video-preview:-1"},"canonical":"https:\/\/galagar.com\/fr\/produit\/cable-coaxial-pour-mig-antorchas-mig\/","og_locale":"fr_FR","og_type":"article","og_title":"C\u00e2ble coaxial pour torches MIG | GALA GAR - Productos de soldadura y reguladores de gas - Gas y soldadura","og_description":"Pi\u00e8ces de rechange d'origine, fabriqu\u00e9es \u00e0 partir de mat\u00e9riaux de haute qualit\u00e9 pour des r\u00e9sultats de soudage optimaux. Choisissez le c\u00e2ble dont les caract\u00e9ristiques et les dimensions sont adapt\u00e9es \u00e0 votre torche.","og_url":"https:\/\/galagar.com\/fr\/produit\/cable-coaxial-pour-mig-antorchas-mig\/","og_site_name":"GALA GAR - Productos de soldadura y reguladores de gas - Gas y soldadura","article_publisher":"https:\/\/www.facebook.com\/galagarsoldadura\/","og_image":[{"width":640,"height":800,"url":"https:\/\/galagar.com\/wp-content\/uploads\/2022\/01\/Coaxial_4.jpg","type":"image\/jpeg"}],"twitter_card":"summary_large_image","twitter_misc":{"Dur\u00e9e de lecture estim\u00e9e":"1 minute"},"schema":{"@context":"https:\/\/schema.org","@graph":[{"@type":"WebPage","@id":"https:\/\/galagar.com\/fr\/produit\/cable-coaxial-pour-mig-antorchas-mig\/","url":"https:\/\/galagar.com\/fr\/produit\/cable-coaxial-pour-mig-antorchas-mig\/","name":"C\u00e2ble coaxial pour torches MIG | GALA GAR - Productos de soldadura y reguladores de gas - Gas y soldadura","isPartOf":{"@id":"https:\/\/galagar.com\/fr\/#website"},"primaryImageOfPage":{"@id":"https:\/\/galagar.com\/fr\/produit\/cable-coaxial-pour-mig-antorchas-mig\/#primaryimage"},"image":{"@id":"https:\/\/galagar.com\/fr\/produit\/cable-coaxial-pour-mig-antorchas-mig\/#primaryimage"},"thumbnailUrl":"https:\/\/galagar.com\/wp-content\/uploads\/2022\/01\/Coaxial_4.jpg","datePublished":"2022-01-27T18:43:16+00:00","breadcrumb":{"@id":"https:\/\/galagar.com\/fr\/produit\/cable-coaxial-pour-mig-antorchas-mig\/#breadcrumb"},"inLanguage":"fr-FR","potentialAction":[{"@type":"ReadAction","target":["https:\/\/galagar.com\/fr\/produit\/cable-coaxial-pour-mig-antorchas-mig\/"]}]},{"@type":"ImageObject","inLanguage":"fr-FR","@id":"https:\/\/galagar.com\/fr\/produit\/cable-coaxial-pour-mig-antorchas-mig\/#primaryimage","url":"https:\/\/galagar.com\/wp-content\/uploads\/2022\/01\/Coaxial_4.jpg","contentUrl":"https:\/\/galagar.com\/wp-content\/uploads\/2022\/01\/Coaxial_4.jpg","width":640,"height":800},{"@type":"BreadcrumbList","@id":"https:\/\/galagar.com\/fr\/produit\/cable-coaxial-pour-mig-antorchas-mig\/#breadcrumb","itemListElement":[{"@type":"ListItem","position":1,"name":"Inicio","item":"https:\/\/galagar.com\/fr\/accueil\/"},{"@type":"ListItem","position":2,"name":"Boutique","item":"https:\/\/galagar.com\/fr\/boutique\/"},{"@type":"ListItem","position":3,"name":"Produits","item":"https:\/\/galagar.com\/fr\/tienda-online\/produits\/"},{"@type":"ListItem","position":4,"name":"Torches et accessoires","item":"https:\/\/galagar.com\/fr\/tienda-online\/produits\/torches-et-accessoires\/"},{"@type":"ListItem","position":5,"name":"Torches MIG","item":"https:\/\/galagar.com\/fr\/tienda-online\/produits\/torches-et-accessoires\/torches-mig\/"},{"@type":"ListItem","position":6,"name":"Pi\u00e8ces d\u00e9tach\u00e9es pour torches MIG","item":"https:\/\/galagar.com\/fr\/tienda-online\/produits\/torches-et-accessoires\/torches-mig\/pieces-detachees-pour-torches-mig\/"},{"@type":"ListItem","position":7,"name":"C\u00e2ble coaxial pour torches MIG"}]},{"@type":"WebSite","@id":"https:\/\/galagar.com\/fr\/#website","url":"https:\/\/galagar.com\/fr\/","name":"GALA GAR - Productos de soldadura y reguladores de gas - Gas y soldadura","description":"Gala Gar es fabricante de tecnolog\u00eda competitiva para soldadura (MMA-TIG-MIG\/MAG-CORTE POR PLASMA), regulaci\u00f3n de gases, y para soldadura y corte por gas.","publisher":{"@id":"https:\/\/galagar.com\/fr\/#organization"},"potentialAction":[{"@type":"SearchAction","target":{"@type":"EntryPoint","urlTemplate":"https:\/\/galagar.com\/fr\/?s={search_term_string}"},"query-input":{"@type":"PropertyValueSpecification","valueRequired":true,"valueName":"search_term_string"}}],"inLanguage":"fr-FR"},{"@type":"Organization","@id":"https:\/\/galagar.com\/fr\/#organization","name":"GALA GAR welding","url":"https:\/\/galagar.com\/fr\/","logo":{"@type":"ImageObject","inLanguage":"fr-FR","@id":"https:\/\/galagar.com\/fr\/#\/schema\/logo\/image\/","url":"","contentUrl":"","caption":"GALA GAR welding"},"image":{"@id":"https:\/\/galagar.com\/fr\/#\/schema\/logo\/image\/"},"sameAs":["https:\/\/www.facebook.com\/galagarsoldadura\/","https:\/\/www.linkedin.com\/company\/gala-gar-sl\/?trk=biz-companies-cym","https:\/\/www.youtube.com\/user\/galagarsp","https:\/\/www.instagram.com\/galagar_soldadura\/?hl=es"]}]}},"_links":{"self":[{"href":"https:\/\/galagar.com\/fr\/wp-json\/wp\/v2\/product\/16747","targetHints":{"allow":["GET"]}}],"collection":[{"href":"https:\/\/galagar.com\/fr\/wp-json\/wp\/v2\/product"}],"about":[{"href":"https:\/\/galagar.com\/fr\/wp-json\/wp\/v2\/types\/product"}],"wp:featuredmedia":[{"embeddable":true,"href":"https:\/\/galagar.com\/fr\/wp-json\/wp\/v2\/media\/16748"}],"wp:attachment":[{"href":"https:\/\/galagar.com\/fr\/wp-json\/wp\/v2\/media?parent=16747"}],"wp:term":[{"taxonomy":"product_brand","embeddable":true,"href":"https:\/\/galagar.com\/fr\/wp-json\/wp\/v2\/product_brand?post=16747"},{"taxonomy":"product_cat","embeddable":true,"href":"https:\/\/galagar.com\/fr\/wp-json\/wp\/v2\/product_cat?post=16747"},{"taxonomy":"product_tag","embeddable":true,"href":"https:\/\/galagar.com\/fr\/wp-json\/wp\/v2\/product_tag?post=16747"}],"curies":[{"name":"wp","href":"https:\/\/api.w.org\/{rel}","templated":true}]}}