{"id":16848,"date":"2022-01-27T19:45:48","date_gmt":"2022-01-27T18:45:48","guid":{"rendered":"https:\/\/dev.galagar.com\/producto\/moteur-complet-pour-lequipement-modulema\/"},"modified":"2023-04-28T12:29:05","modified_gmt":"2023-04-28T10:29:05","slug":"moteur-complet-pour-lequipement-modulema","status":"publish","type":"product","link":"https:\/\/galagar.com\/fr\/produit\/moteur-complet-pour-lequipement-modulema\/","title":{"rendered":"Moteur complet pour l&#8217;\u00e9quipement Modulema"},"content":{"rendered":"<div class=\"fusion-fullwidth fullwidth-box fusion-builder-row-1 fusion-flex-container has-pattern-background has-mask-background nonhundred-percent-fullwidth non-hundred-percent-height-scrolling\" style=\"--awb-border-radius-top-left:0px;--awb-border-radius-top-right:0px;--awb-border-radius-bottom-right:0px;--awb-border-radius-bottom-left:0px;--awb-flex-wrap:wrap;\" ><div class=\"fusion-builder-row fusion-row fusion-flex-align-items-flex-start fusion-flex-content-wrap\" style=\"max-width:1216.8px;margin-left: calc(-4% \/ 2 );margin-right: calc(-4% \/ 2 );\"><div class=\"fusion-layout-column fusion_builder_column fusion-builder-column-0 fusion_builder_column_3_5 3_5 fusion-flex-column\" style=\"--awb-bg-size:cover;--awb-width-large:60%;--awb-margin-top-large:0px;--awb-spacing-right-large:3.2%;--awb-margin-bottom-large:20px;--awb-spacing-left-large:3.2%;--awb-width-medium:100%;--awb-order-medium:0;--awb-spacing-right-medium:1.92%;--awb-spacing-left-medium:1.92%;--awb-width-small:100%;--awb-order-small:0;--awb-spacing-right-small:1.92%;--awb-spacing-left-small:1.92%;\"><div class=\"fusion-column-wrapper fusion-column-has-shadow fusion-flex-justify-content-flex-start fusion-content-layout-column\">\n<div class=\"table-2\">\n<table width=\"100%\">\n<thead>\n<tr>\n<th align=\"left\">Caract\u00e9ristiques techniques de base du moteur<\/th>\n<th align=\"left\"><\/th>\n<\/tr>\n<\/thead>\n<tbody>\n<tr>\n<td align=\"left\">Tension d&#8217;alimentation<\/td>\n<td align=\"left\">3Ph 230\/400V &#8211; 50\/60 Hz.<\/td>\n<\/tr>\n<tr>\n<td align=\"left\">Puissance<\/td>\n<td align=\"left\">2 C.V.<\/td>\n<\/tr>\n<tr>\n<td align=\"left\">R.P.M.<\/td>\n<td align=\"left\">2.800<\/td>\n<\/tr>\n<tr>\n<td align=\"left\">\u00d8 Essieu<\/td>\n<td align=\"left\">25 mm.<\/td>\n<\/tr>\n<tr>\n<td align=\"left\">Mesures<\/td>\n<td align=\"left\">545 x 225 x 529 mm.<\/td>\n<\/tr>\n<tr>\n<td align=\"left\">Poids<\/td>\n<td align=\"left\">25 kg.<\/td>\n<\/tr>\n<\/tbody>\n<\/table>\n<\/div>\n<\/div><\/div><\/div><\/div>\n","protected":false},"excerpt":{"rendered":"<p><strong>Machines \u00e0 meuler, machines \u00e0 poncer, machines \u00e0 polir ou \u00e9quipements combin\u00e9s :<\/strong><br \/>\nSur cette page, vous trouverez les composants n\u00e9cessaires pour configurer l&#8217;\u00e9quipement en fonction de vos besoins. Une fois que vous aurez fait votre choix, Gala Gar l&#8217;assemblera, le testera et vous l&#8217;enverra pr\u00eat \u00e0 l&#8217;emploi.<\/p>\n<h6><strong><span style=\"color: #008000;\">Configurez votre \u00e9quipement selon vos besoins \u00e0 partir de ce moteur 2 hp. option &#8220;a&#8221; et choisissez 2 \u00e9l\u00e9ments abrasifs, un pour chaque essieu, parmi les diff\u00e9rentes options que vous trouverez dans le menu d\u00e9roulant des composants.<\/span><br \/>\n<\/strong><\/h6>\n","protected":false},"featured_media":16850,"template":"","meta":{"_acf_changed":false,"content-type":"","inline_featured_image":false,"_monsterinsights_skip_tracking":false,"_monsterinsights_sitenote_active":false,"_monsterinsights_sitenote_note":"","_monsterinsights_sitenote_category":0,"_joinchat":[]},"product_brand":[],"product_cat":[937,1298],"product_tag":[],"class_list":{"0":"post-16848","1":"product","2":"type-product","3":"status-publish","4":"has-post-thumbnail","6":"product_cat-produits","7":"product_cat-equipement-modulaire","9":"first","10":"instock","11":"taxable","12":"shipping-taxable","13":"product-type-simple"},"acf":[],"yoast_head":"<!-- This site is optimized with the Yoast SEO plugin v26.4 - https:\/\/yoast.com\/wordpress\/plugins\/seo\/ -->\n<title>Moteur complet pour l&#039;\u00e9quipement Modulema | GALA GAR - Productos de soldadura y reguladores de gas - Gas y soldadura<\/title>\n<meta name=\"robots\" content=\"index, follow, max-snippet:-1, max-image-preview:large, max-video-preview:-1\" \/>\n<link rel=\"canonical\" href=\"https:\/\/galagar.com\/fr\/produit\/moteur-complet-pour-lequipement-modulema\/\" \/>\n<meta property=\"og:locale\" content=\"fr_FR\" \/>\n<meta property=\"og:type\" content=\"article\" \/>\n<meta property=\"og:title\" content=\"Moteur complet pour l&#039;\u00e9quipement Modulema | GALA GAR - Productos de soldadura y reguladores de gas - Gas y soldadura\" \/>\n<meta property=\"og:description\" content=\"Machines \u00e0 meuler, machines \u00e0 poncer, machines \u00e0 polir ou \u00e9quipements combin\u00e9s : Sur cette page, vous trouverez les composants n\u00e9cessaires pour configurer l&#039;\u00e9quipement en fonction de vos besoins. Une fois que vous aurez fait votre choix, Gala Gar l&#039;assemblera, le testera et vous l&#039;enverra pr\u00eat \u00e0 l&#039;emploi. Configurez votre \u00e9quipement selon vos besoins \u00e0 partir de ce moteur 2 hp. option &quot;a&quot; et choisissez 2 \u00e9l\u00e9ments abrasifs, un pour chaque essieu, parmi les diff\u00e9rentes options que vous trouverez dans le menu d\u00e9roulant des composants.\" \/>\n<meta property=\"og:url\" content=\"https:\/\/galagar.com\/fr\/produit\/moteur-complet-pour-lequipement-modulema\/\" \/>\n<meta property=\"og:site_name\" content=\"GALA GAR - Productos de soldadura y reguladores de gas - Gas y soldadura\" \/>\n<meta property=\"article:publisher\" content=\"https:\/\/www.facebook.com\/galagarsoldadura\/\" \/>\n<meta property=\"article:modified_time\" content=\"2023-04-28T10:29:05+00:00\" \/>\n<meta property=\"og:image\" content=\"https:\/\/galagar.com\/wp-content\/uploads\/2022\/02\/Motor-Modulema.jpg\" \/>\n\t<meta property=\"og:image:width\" content=\"640\" \/>\n\t<meta property=\"og:image:height\" content=\"800\" \/>\n\t<meta property=\"og:image:type\" content=\"image\/jpeg\" \/>\n<meta name=\"twitter:card\" content=\"summary_large_image\" \/>\n<meta name=\"twitter:label1\" content=\"Dur\u00e9e de lecture estim\u00e9e\" \/>\n\t<meta name=\"twitter:data1\" content=\"2 minutes\" \/>\n<script type=\"application\/ld+json\" class=\"yoast-schema-graph\">{\"@context\":\"https:\/\/schema.org\",\"@graph\":[{\"@type\":\"WebPage\",\"@id\":\"https:\/\/galagar.com\/fr\/produit\/moteur-complet-pour-lequipement-modulema\/\",\"url\":\"https:\/\/galagar.com\/fr\/produit\/moteur-complet-pour-lequipement-modulema\/\",\"name\":\"Moteur complet pour l'\u00e9quipement Modulema | GALA GAR - Productos de soldadura y reguladores de gas - Gas y soldadura\",\"isPartOf\":{\"@id\":\"https:\/\/galagar.com\/fr\/#website\"},\"primaryImageOfPage\":{\"@id\":\"https:\/\/galagar.com\/fr\/produit\/moteur-complet-pour-lequipement-modulema\/#primaryimage\"},\"image\":{\"@id\":\"https:\/\/galagar.com\/fr\/produit\/moteur-complet-pour-lequipement-modulema\/#primaryimage\"},\"thumbnailUrl\":\"https:\/\/galagar.com\/wp-content\/uploads\/2022\/02\/Motor-Modulema.jpg\",\"datePublished\":\"2022-01-27T18:45:48+00:00\",\"dateModified\":\"2023-04-28T10:29:05+00:00\",\"breadcrumb\":{\"@id\":\"https:\/\/galagar.com\/fr\/produit\/moteur-complet-pour-lequipement-modulema\/#breadcrumb\"},\"inLanguage\":\"fr-FR\",\"potentialAction\":[{\"@type\":\"ReadAction\",\"target\":[\"https:\/\/galagar.com\/fr\/produit\/moteur-complet-pour-lequipement-modulema\/\"]}]},{\"@type\":\"ImageObject\",\"inLanguage\":\"fr-FR\",\"@id\":\"https:\/\/galagar.com\/fr\/produit\/moteur-complet-pour-lequipement-modulema\/#primaryimage\",\"url\":\"https:\/\/galagar.com\/wp-content\/uploads\/2022\/02\/Motor-Modulema.jpg\",\"contentUrl\":\"https:\/\/galagar.com\/wp-content\/uploads\/2022\/02\/Motor-Modulema.jpg\",\"width\":640,\"height\":800},{\"@type\":\"BreadcrumbList\",\"@id\":\"https:\/\/galagar.com\/fr\/produit\/moteur-complet-pour-lequipement-modulema\/#breadcrumb\",\"itemListElement\":[{\"@type\":\"ListItem\",\"position\":1,\"name\":\"Inicio\",\"item\":\"https:\/\/galagar.com\/fr\/accueil\/\"},{\"@type\":\"ListItem\",\"position\":2,\"name\":\"Boutique\",\"item\":\"https:\/\/galagar.com\/fr\/boutique\/\"},{\"@type\":\"ListItem\",\"position\":3,\"name\":\"Produits\",\"item\":\"https:\/\/galagar.com\/fr\/tienda-online\/produits\/\"},{\"@type\":\"ListItem\",\"position\":4,\"name\":\"Mat\u00e9riel abrasif\",\"item\":\"https:\/\/galagar.com\/fr\/tienda-online\/produits\/materiel-abrasif\/\"},{\"@type\":\"ListItem\",\"position\":5,\"name\":\"\u00c9quipement modulaire\",\"item\":\"https:\/\/galagar.com\/fr\/tienda-online\/produits\/materiel-abrasif\/equipement-modulaire\/\"},{\"@type\":\"ListItem\",\"position\":6,\"name\":\"Moteur complet pour l&#8217;\u00e9quipement Modulema\"}]},{\"@type\":\"WebSite\",\"@id\":\"https:\/\/galagar.com\/fr\/#website\",\"url\":\"https:\/\/galagar.com\/fr\/\",\"name\":\"GALA GAR - Productos de soldadura y reguladores de gas - Gas y soldadura\",\"description\":\"Gala Gar es fabricante de tecnolog\u00eda competitiva para soldadura (MMA-TIG-MIG\/MAG-CORTE POR PLASMA), regulaci\u00f3n de gases, y para soldadura y corte por gas.\",\"publisher\":{\"@id\":\"https:\/\/galagar.com\/fr\/#organization\"},\"potentialAction\":[{\"@type\":\"SearchAction\",\"target\":{\"@type\":\"EntryPoint\",\"urlTemplate\":\"https:\/\/galagar.com\/fr\/?s={search_term_string}\"},\"query-input\":{\"@type\":\"PropertyValueSpecification\",\"valueRequired\":true,\"valueName\":\"search_term_string\"}}],\"inLanguage\":\"fr-FR\"},{\"@type\":\"Organization\",\"@id\":\"https:\/\/galagar.com\/fr\/#organization\",\"name\":\"GALA GAR welding\",\"url\":\"https:\/\/galagar.com\/fr\/\",\"logo\":{\"@type\":\"ImageObject\",\"inLanguage\":\"fr-FR\",\"@id\":\"https:\/\/galagar.com\/fr\/#\/schema\/logo\/image\/\",\"url\":\"\",\"contentUrl\":\"\",\"caption\":\"GALA GAR welding\"},\"image\":{\"@id\":\"https:\/\/galagar.com\/fr\/#\/schema\/logo\/image\/\"},\"sameAs\":[\"https:\/\/www.facebook.com\/galagarsoldadura\/\",\"https:\/\/www.linkedin.com\/company\/gala-gar-sl\/?trk=biz-companies-cym\",\"https:\/\/www.youtube.com\/user\/galagarsp\",\"https:\/\/www.instagram.com\/galagar_soldadura\/?hl=es\"]}]}<\/script>\n<!-- \/ Yoast SEO plugin. -->","yoast_head_json":{"title":"Moteur complet pour l'\u00e9quipement Modulema | GALA GAR - Productos de soldadura y reguladores de gas - Gas y soldadura","robots":{"index":"index","follow":"follow","max-snippet":"max-snippet:-1","max-image-preview":"max-image-preview:large","max-video-preview":"max-video-preview:-1"},"canonical":"https:\/\/galagar.com\/fr\/produit\/moteur-complet-pour-lequipement-modulema\/","og_locale":"fr_FR","og_type":"article","og_title":"Moteur complet pour l'\u00e9quipement Modulema | GALA GAR - Productos de soldadura y reguladores de gas - Gas y soldadura","og_description":"Machines \u00e0 meuler, machines \u00e0 poncer, machines \u00e0 polir ou \u00e9quipements combin\u00e9s : Sur cette page, vous trouverez les composants n\u00e9cessaires pour configurer l'\u00e9quipement en fonction de vos besoins. Une fois que vous aurez fait votre choix, Gala Gar l'assemblera, le testera et vous l'enverra pr\u00eat \u00e0 l'emploi. Configurez votre \u00e9quipement selon vos besoins \u00e0 partir de ce moteur 2 hp. option \"a\" et choisissez 2 \u00e9l\u00e9ments abrasifs, un pour chaque essieu, parmi les diff\u00e9rentes options que vous trouverez dans le menu d\u00e9roulant des composants.","og_url":"https:\/\/galagar.com\/fr\/produit\/moteur-complet-pour-lequipement-modulema\/","og_site_name":"GALA GAR - Productos de soldadura y reguladores de gas - Gas y soldadura","article_publisher":"https:\/\/www.facebook.com\/galagarsoldadura\/","article_modified_time":"2023-04-28T10:29:05+00:00","og_image":[{"width":640,"height":800,"url":"https:\/\/galagar.com\/wp-content\/uploads\/2022\/02\/Motor-Modulema.jpg","type":"image\/jpeg"}],"twitter_card":"summary_large_image","twitter_misc":{"Dur\u00e9e de lecture estim\u00e9e":"2 minutes"},"schema":{"@context":"https:\/\/schema.org","@graph":[{"@type":"WebPage","@id":"https:\/\/galagar.com\/fr\/produit\/moteur-complet-pour-lequipement-modulema\/","url":"https:\/\/galagar.com\/fr\/produit\/moteur-complet-pour-lequipement-modulema\/","name":"Moteur complet pour l'\u00e9quipement Modulema | GALA GAR - Productos de soldadura y reguladores de gas - Gas y soldadura","isPartOf":{"@id":"https:\/\/galagar.com\/fr\/#website"},"primaryImageOfPage":{"@id":"https:\/\/galagar.com\/fr\/produit\/moteur-complet-pour-lequipement-modulema\/#primaryimage"},"image":{"@id":"https:\/\/galagar.com\/fr\/produit\/moteur-complet-pour-lequipement-modulema\/#primaryimage"},"thumbnailUrl":"https:\/\/galagar.com\/wp-content\/uploads\/2022\/02\/Motor-Modulema.jpg","datePublished":"2022-01-27T18:45:48+00:00","dateModified":"2023-04-28T10:29:05+00:00","breadcrumb":{"@id":"https:\/\/galagar.com\/fr\/produit\/moteur-complet-pour-lequipement-modulema\/#breadcrumb"},"inLanguage":"fr-FR","potentialAction":[{"@type":"ReadAction","target":["https:\/\/galagar.com\/fr\/produit\/moteur-complet-pour-lequipement-modulema\/"]}]},{"@type":"ImageObject","inLanguage":"fr-FR","@id":"https:\/\/galagar.com\/fr\/produit\/moteur-complet-pour-lequipement-modulema\/#primaryimage","url":"https:\/\/galagar.com\/wp-content\/uploads\/2022\/02\/Motor-Modulema.jpg","contentUrl":"https:\/\/galagar.com\/wp-content\/uploads\/2022\/02\/Motor-Modulema.jpg","width":640,"height":800},{"@type":"BreadcrumbList","@id":"https:\/\/galagar.com\/fr\/produit\/moteur-complet-pour-lequipement-modulema\/#breadcrumb","itemListElement":[{"@type":"ListItem","position":1,"name":"Inicio","item":"https:\/\/galagar.com\/fr\/accueil\/"},{"@type":"ListItem","position":2,"name":"Boutique","item":"https:\/\/galagar.com\/fr\/boutique\/"},{"@type":"ListItem","position":3,"name":"Produits","item":"https:\/\/galagar.com\/fr\/tienda-online\/produits\/"},{"@type":"ListItem","position":4,"name":"Mat\u00e9riel abrasif","item":"https:\/\/galagar.com\/fr\/tienda-online\/produits\/materiel-abrasif\/"},{"@type":"ListItem","position":5,"name":"\u00c9quipement modulaire","item":"https:\/\/galagar.com\/fr\/tienda-online\/produits\/materiel-abrasif\/equipement-modulaire\/"},{"@type":"ListItem","position":6,"name":"Moteur complet pour l&#8217;\u00e9quipement Modulema"}]},{"@type":"WebSite","@id":"https:\/\/galagar.com\/fr\/#website","url":"https:\/\/galagar.com\/fr\/","name":"GALA GAR - Productos de soldadura y reguladores de gas - Gas y soldadura","description":"Gala Gar es fabricante de tecnolog\u00eda competitiva para soldadura (MMA-TIG-MIG\/MAG-CORTE POR PLASMA), regulaci\u00f3n de gases, y para soldadura y corte por gas.","publisher":{"@id":"https:\/\/galagar.com\/fr\/#organization"},"potentialAction":[{"@type":"SearchAction","target":{"@type":"EntryPoint","urlTemplate":"https:\/\/galagar.com\/fr\/?s={search_term_string}"},"query-input":{"@type":"PropertyValueSpecification","valueRequired":true,"valueName":"search_term_string"}}],"inLanguage":"fr-FR"},{"@type":"Organization","@id":"https:\/\/galagar.com\/fr\/#organization","name":"GALA GAR welding","url":"https:\/\/galagar.com\/fr\/","logo":{"@type":"ImageObject","inLanguage":"fr-FR","@id":"https:\/\/galagar.com\/fr\/#\/schema\/logo\/image\/","url":"","contentUrl":"","caption":"GALA GAR welding"},"image":{"@id":"https:\/\/galagar.com\/fr\/#\/schema\/logo\/image\/"},"sameAs":["https:\/\/www.facebook.com\/galagarsoldadura\/","https:\/\/www.linkedin.com\/company\/gala-gar-sl\/?trk=biz-companies-cym","https:\/\/www.youtube.com\/user\/galagarsp","https:\/\/www.instagram.com\/galagar_soldadura\/?hl=es"]}]}},"_links":{"self":[{"href":"https:\/\/galagar.com\/fr\/wp-json\/wp\/v2\/product\/16848","targetHints":{"allow":["GET"]}}],"collection":[{"href":"https:\/\/galagar.com\/fr\/wp-json\/wp\/v2\/product"}],"about":[{"href":"https:\/\/galagar.com\/fr\/wp-json\/wp\/v2\/types\/product"}],"wp:featuredmedia":[{"embeddable":true,"href":"https:\/\/galagar.com\/fr\/wp-json\/wp\/v2\/media\/16850"}],"wp:attachment":[{"href":"https:\/\/galagar.com\/fr\/wp-json\/wp\/v2\/media?parent=16848"}],"wp:term":[{"taxonomy":"product_brand","embeddable":true,"href":"https:\/\/galagar.com\/fr\/wp-json\/wp\/v2\/product_brand?post=16848"},{"taxonomy":"product_cat","embeddable":true,"href":"https:\/\/galagar.com\/fr\/wp-json\/wp\/v2\/product_cat?post=16848"},{"taxonomy":"product_tag","embeddable":true,"href":"https:\/\/galagar.com\/fr\/wp-json\/wp\/v2\/product_tag?post=16848"}],"curies":[{"name":"wp","href":"https:\/\/api.w.org\/{rel}","templated":true}]}}