{"id":16877,"date":"2022-03-23T11:05:13","date_gmt":"2022-03-23T10:05:13","guid":{"rendered":"https:\/\/dev.galagar.com\/producto\/modele-a-haut-debit-gpr-2hf\/"},"modified":"2022-03-23T11:05:13","modified_gmt":"2022-03-23T10:05:13","slug":"modele-grand-debit-gpr-2hf","status":"publish","type":"product","link":"https:\/\/galagar.com\/fr\/produit\/modele-grand-debit-gpr-2hf\/","title":{"rendered":"Mod\u00e8le \u00e0 haut d\u00e9bit GPR-2HF"},"content":{"rendered":"<p><strong>Caract\u00e9ristiques techniques<\/strong><br \/>\n&#8211; Corps en laiton nickel\u00e9 pour GPR 2N-HF<br \/>\n&#8211; Corps en acier inoxydable AISI-316 pour GPR 2S-HF<br \/>\n&#8211; Membrane en acier inoxydable<br \/>\n&#8211; Filtre d&#8217;entr\u00e9e en acier inoxydable<br \/>\n&#8211; Joint d&#8217;\u00e9tanch\u00e9it\u00e9 PVDF (Fluoropolydivinylid\u00e8ne)<br \/>\n&#8211; Soupape de surpression gainable avec filetage interne \u00bd&#8221;BSP.<br \/>\n&#8211; Connexions aux cylindres selon les diff\u00e9rentes normes europ\u00e9ennes et am\u00e9ricaines.<br \/>\n&#8211; Raccords de sortie 1\/4 &#8220;BSP ou 3\/8 &#8220;BSP, sortie de tube<br \/>\n&#8211; Manom\u00e8tres EN-5171 classe 2.5<br \/>\n&#8211; Plage de temp\u00e9rature de travail -20\u00ba+60\u00baC<br \/>\n&#8211; Poids net 2,7 kgs.<\/p>\n","protected":false},"excerpt":{"rendered":"<p><strong>Notes techniques :<\/strong><br \/>\nL&#8217;utilisation de clapets anti-retour de flamme dans les d\u00e9tendeurs pour gaz inflammables et inflammables conform\u00e9ment \u00e0 l&#8217;ITC-005 est obligatoire.<\/p>\n<p><strong>Applications :<\/strong><br \/>\nLaboratoire d&#8217;analyse, installations, chromatographie<br \/>\nIndustrie alimentaire<br \/>\nGaz corrosifs et puret\u00e9 6.0 (ammoniac, acides)<\/p>\n<p><strong>Le type de gaz, la pression de sortie et les raccordements doivent \u00eatre sp\u00e9cifi\u00e9s dans la commande.<\/strong><\/p>\n","protected":false},"featured_media":16866,"template":"","meta":{"_acf_changed":false,"content-type":"","inline_featured_image":false,"_monsterinsights_skip_tracking":false,"_monsterinsights_sitenote_active":false,"_monsterinsights_sitenote_note":"","_monsterinsights_sitenote_category":0,"_joinchat":[]},"product_brand":[],"product_cat":[1300],"product_tag":[],"class_list":{"0":"post-16877","1":"product","2":"type-product","3":"status-publish","4":"has-post-thumbnail","6":"product_cat-detendeurs-de-gaz-pur","8":"first","9":"instock","10":"taxable","11":"shipping-taxable","12":"product-type-simple"},"acf":[],"yoast_head":"<!-- This site is optimized with the Yoast SEO plugin v26.4 - https:\/\/yoast.com\/wordpress\/plugins\/seo\/ -->\n<title>Mod\u00e8le \u00e0 haut d\u00e9bit GPR-2HF | GALA GAR - Productos de soldadura y reguladores de gas - Gas y soldadura<\/title>\n<meta name=\"robots\" content=\"index, follow, max-snippet:-1, max-image-preview:large, max-video-preview:-1\" \/>\n<link rel=\"canonical\" href=\"https:\/\/galagar.com\/fr\/produit\/modele-grand-debit-gpr-2hf\/\" \/>\n<meta property=\"og:locale\" content=\"fr_FR\" \/>\n<meta property=\"og:type\" content=\"article\" \/>\n<meta property=\"og:title\" content=\"Mod\u00e8le \u00e0 haut d\u00e9bit GPR-2HF | GALA GAR - Productos de soldadura y reguladores de gas - Gas y soldadura\" \/>\n<meta property=\"og:description\" content=\"Notes techniques : L&#039;utilisation de clapets anti-retour de flamme dans les d\u00e9tendeurs pour gaz inflammables et inflammables conform\u00e9ment \u00e0 l&#039;ITC-005 est obligatoire. Applications : Laboratoire d&#039;analyse, installations, chromatographie Industrie alimentaire Gaz corrosifs et puret\u00e9 6.0 (ammoniac, acides) Le type de gaz, la pression de sortie et les raccordements doivent \u00eatre sp\u00e9cifi\u00e9s dans la commande.\" \/>\n<meta property=\"og:url\" content=\"https:\/\/galagar.com\/fr\/produit\/modele-grand-debit-gpr-2hf\/\" \/>\n<meta property=\"og:site_name\" content=\"GALA GAR - Productos de soldadura y reguladores de gas - Gas y soldadura\" \/>\n<meta property=\"article:publisher\" content=\"https:\/\/www.facebook.com\/galagarsoldadura\/\" \/>\n<meta property=\"og:image\" content=\"https:\/\/galagar.com\/wp-content\/uploads\/2022\/01\/GasPuro-GPR-2HF.jpg\" \/>\n\t<meta property=\"og:image:width\" content=\"640\" \/>\n\t<meta property=\"og:image:height\" content=\"800\" \/>\n\t<meta property=\"og:image:type\" content=\"image\/jpeg\" \/>\n<meta name=\"twitter:card\" content=\"summary_large_image\" \/>\n<meta name=\"twitter:label1\" content=\"Dur\u00e9e de lecture estim\u00e9e\" \/>\n\t<meta name=\"twitter:data1\" content=\"1 minute\" \/>\n<script type=\"application\/ld+json\" class=\"yoast-schema-graph\">{\"@context\":\"https:\/\/schema.org\",\"@graph\":[{\"@type\":\"WebPage\",\"@id\":\"https:\/\/galagar.com\/fr\/produit\/modele-grand-debit-gpr-2hf\/\",\"url\":\"https:\/\/galagar.com\/fr\/produit\/modele-grand-debit-gpr-2hf\/\",\"name\":\"Mod\u00e8le \u00e0 haut d\u00e9bit GPR-2HF | GALA GAR - Productos de soldadura y reguladores de gas - Gas y soldadura\",\"isPartOf\":{\"@id\":\"https:\/\/galagar.com\/fr\/#website\"},\"primaryImageOfPage\":{\"@id\":\"https:\/\/galagar.com\/fr\/produit\/modele-grand-debit-gpr-2hf\/#primaryimage\"},\"image\":{\"@id\":\"https:\/\/galagar.com\/fr\/produit\/modele-grand-debit-gpr-2hf\/#primaryimage\"},\"thumbnailUrl\":\"https:\/\/galagar.com\/wp-content\/uploads\/2022\/01\/GasPuro-GPR-2HF.jpg\",\"datePublished\":\"2022-03-23T10:05:13+00:00\",\"breadcrumb\":{\"@id\":\"https:\/\/galagar.com\/fr\/produit\/modele-grand-debit-gpr-2hf\/#breadcrumb\"},\"inLanguage\":\"fr-FR\",\"potentialAction\":[{\"@type\":\"ReadAction\",\"target\":[\"https:\/\/galagar.com\/fr\/produit\/modele-grand-debit-gpr-2hf\/\"]}]},{\"@type\":\"ImageObject\",\"inLanguage\":\"fr-FR\",\"@id\":\"https:\/\/galagar.com\/fr\/produit\/modele-grand-debit-gpr-2hf\/#primaryimage\",\"url\":\"https:\/\/galagar.com\/wp-content\/uploads\/2022\/01\/GasPuro-GPR-2HF.jpg\",\"contentUrl\":\"https:\/\/galagar.com\/wp-content\/uploads\/2022\/01\/GasPuro-GPR-2HF.jpg\",\"width\":640,\"height\":800},{\"@type\":\"BreadcrumbList\",\"@id\":\"https:\/\/galagar.com\/fr\/produit\/modele-grand-debit-gpr-2hf\/#breadcrumb\",\"itemListElement\":[{\"@type\":\"ListItem\",\"position\":1,\"name\":\"Inicio\",\"item\":\"https:\/\/galagar.com\/fr\/accueil\/\"},{\"@type\":\"ListItem\",\"position\":2,\"name\":\"Boutique\",\"item\":\"https:\/\/galagar.com\/fr\/boutique\/\"},{\"@type\":\"ListItem\",\"position\":3,\"name\":\"Produits\",\"item\":\"https:\/\/galagar.com\/fr\/tienda-online\/produits\/\"},{\"@type\":\"ListItem\",\"position\":4,\"name\":\"R\u00e9gulation des gaz\",\"item\":\"https:\/\/galagar.com\/fr\/tienda-online\/produits\/regulation-des-gaz\/\"},{\"@type\":\"ListItem\",\"position\":5,\"name\":\"D\u00e9tendeurs de gaz pur\",\"item\":\"https:\/\/galagar.com\/fr\/tienda-online\/produits\/regulation-des-gaz\/detendeurs-de-gaz-pur\/\"},{\"@type\":\"ListItem\",\"position\":6,\"name\":\"Mod\u00e8le \u00e0 haut d\u00e9bit GPR-2HF\"}]},{\"@type\":\"WebSite\",\"@id\":\"https:\/\/galagar.com\/fr\/#website\",\"url\":\"https:\/\/galagar.com\/fr\/\",\"name\":\"GALA GAR - Productos de soldadura y reguladores de gas - Gas y soldadura\",\"description\":\"Gala Gar es fabricante de tecnolog\u00eda competitiva para soldadura (MMA-TIG-MIG\/MAG-CORTE POR PLASMA), regulaci\u00f3n de gases, y para soldadura y corte por gas.\",\"publisher\":{\"@id\":\"https:\/\/galagar.com\/fr\/#organization\"},\"potentialAction\":[{\"@type\":\"SearchAction\",\"target\":{\"@type\":\"EntryPoint\",\"urlTemplate\":\"https:\/\/galagar.com\/fr\/?s={search_term_string}\"},\"query-input\":{\"@type\":\"PropertyValueSpecification\",\"valueRequired\":true,\"valueName\":\"search_term_string\"}}],\"inLanguage\":\"fr-FR\"},{\"@type\":\"Organization\",\"@id\":\"https:\/\/galagar.com\/fr\/#organization\",\"name\":\"GALA GAR welding\",\"url\":\"https:\/\/galagar.com\/fr\/\",\"logo\":{\"@type\":\"ImageObject\",\"inLanguage\":\"fr-FR\",\"@id\":\"https:\/\/galagar.com\/fr\/#\/schema\/logo\/image\/\",\"url\":\"\",\"contentUrl\":\"\",\"caption\":\"GALA GAR welding\"},\"image\":{\"@id\":\"https:\/\/galagar.com\/fr\/#\/schema\/logo\/image\/\"},\"sameAs\":[\"https:\/\/www.facebook.com\/galagarsoldadura\/\",\"https:\/\/www.linkedin.com\/company\/gala-gar-sl\/?trk=biz-companies-cym\",\"https:\/\/www.youtube.com\/user\/galagarsp\",\"https:\/\/www.instagram.com\/galagar_soldadura\/?hl=es\"]}]}<\/script>\n<!-- \/ Yoast SEO plugin. -->","yoast_head_json":{"title":"Mod\u00e8le \u00e0 haut d\u00e9bit GPR-2HF | GALA GAR - Productos de soldadura y reguladores de gas - Gas y soldadura","robots":{"index":"index","follow":"follow","max-snippet":"max-snippet:-1","max-image-preview":"max-image-preview:large","max-video-preview":"max-video-preview:-1"},"canonical":"https:\/\/galagar.com\/fr\/produit\/modele-grand-debit-gpr-2hf\/","og_locale":"fr_FR","og_type":"article","og_title":"Mod\u00e8le \u00e0 haut d\u00e9bit GPR-2HF | GALA GAR - Productos de soldadura y reguladores de gas - Gas y soldadura","og_description":"Notes techniques : L'utilisation de clapets anti-retour de flamme dans les d\u00e9tendeurs pour gaz inflammables et inflammables conform\u00e9ment \u00e0 l'ITC-005 est obligatoire. Applications : Laboratoire d'analyse, installations, chromatographie Industrie alimentaire Gaz corrosifs et puret\u00e9 6.0 (ammoniac, acides) Le type de gaz, la pression de sortie et les raccordements doivent \u00eatre sp\u00e9cifi\u00e9s dans la commande.","og_url":"https:\/\/galagar.com\/fr\/produit\/modele-grand-debit-gpr-2hf\/","og_site_name":"GALA GAR - Productos de soldadura y reguladores de gas - Gas y soldadura","article_publisher":"https:\/\/www.facebook.com\/galagarsoldadura\/","og_image":[{"width":640,"height":800,"url":"https:\/\/galagar.com\/wp-content\/uploads\/2022\/01\/GasPuro-GPR-2HF.jpg","type":"image\/jpeg"}],"twitter_card":"summary_large_image","twitter_misc":{"Dur\u00e9e de lecture estim\u00e9e":"1 minute"},"schema":{"@context":"https:\/\/schema.org","@graph":[{"@type":"WebPage","@id":"https:\/\/galagar.com\/fr\/produit\/modele-grand-debit-gpr-2hf\/","url":"https:\/\/galagar.com\/fr\/produit\/modele-grand-debit-gpr-2hf\/","name":"Mod\u00e8le \u00e0 haut d\u00e9bit GPR-2HF | GALA GAR - Productos de soldadura y reguladores de gas - Gas y soldadura","isPartOf":{"@id":"https:\/\/galagar.com\/fr\/#website"},"primaryImageOfPage":{"@id":"https:\/\/galagar.com\/fr\/produit\/modele-grand-debit-gpr-2hf\/#primaryimage"},"image":{"@id":"https:\/\/galagar.com\/fr\/produit\/modele-grand-debit-gpr-2hf\/#primaryimage"},"thumbnailUrl":"https:\/\/galagar.com\/wp-content\/uploads\/2022\/01\/GasPuro-GPR-2HF.jpg","datePublished":"2022-03-23T10:05:13+00:00","breadcrumb":{"@id":"https:\/\/galagar.com\/fr\/produit\/modele-grand-debit-gpr-2hf\/#breadcrumb"},"inLanguage":"fr-FR","potentialAction":[{"@type":"ReadAction","target":["https:\/\/galagar.com\/fr\/produit\/modele-grand-debit-gpr-2hf\/"]}]},{"@type":"ImageObject","inLanguage":"fr-FR","@id":"https:\/\/galagar.com\/fr\/produit\/modele-grand-debit-gpr-2hf\/#primaryimage","url":"https:\/\/galagar.com\/wp-content\/uploads\/2022\/01\/GasPuro-GPR-2HF.jpg","contentUrl":"https:\/\/galagar.com\/wp-content\/uploads\/2022\/01\/GasPuro-GPR-2HF.jpg","width":640,"height":800},{"@type":"BreadcrumbList","@id":"https:\/\/galagar.com\/fr\/produit\/modele-grand-debit-gpr-2hf\/#breadcrumb","itemListElement":[{"@type":"ListItem","position":1,"name":"Inicio","item":"https:\/\/galagar.com\/fr\/accueil\/"},{"@type":"ListItem","position":2,"name":"Boutique","item":"https:\/\/galagar.com\/fr\/boutique\/"},{"@type":"ListItem","position":3,"name":"Produits","item":"https:\/\/galagar.com\/fr\/tienda-online\/produits\/"},{"@type":"ListItem","position":4,"name":"R\u00e9gulation des gaz","item":"https:\/\/galagar.com\/fr\/tienda-online\/produits\/regulation-des-gaz\/"},{"@type":"ListItem","position":5,"name":"D\u00e9tendeurs de gaz pur","item":"https:\/\/galagar.com\/fr\/tienda-online\/produits\/regulation-des-gaz\/detendeurs-de-gaz-pur\/"},{"@type":"ListItem","position":6,"name":"Mod\u00e8le \u00e0 haut d\u00e9bit GPR-2HF"}]},{"@type":"WebSite","@id":"https:\/\/galagar.com\/fr\/#website","url":"https:\/\/galagar.com\/fr\/","name":"GALA GAR - Productos de soldadura y reguladores de gas - Gas y soldadura","description":"Gala Gar es fabricante de tecnolog\u00eda competitiva para soldadura (MMA-TIG-MIG\/MAG-CORTE POR PLASMA), regulaci\u00f3n de gases, y para soldadura y corte por gas.","publisher":{"@id":"https:\/\/galagar.com\/fr\/#organization"},"potentialAction":[{"@type":"SearchAction","target":{"@type":"EntryPoint","urlTemplate":"https:\/\/galagar.com\/fr\/?s={search_term_string}"},"query-input":{"@type":"PropertyValueSpecification","valueRequired":true,"valueName":"search_term_string"}}],"inLanguage":"fr-FR"},{"@type":"Organization","@id":"https:\/\/galagar.com\/fr\/#organization","name":"GALA GAR welding","url":"https:\/\/galagar.com\/fr\/","logo":{"@type":"ImageObject","inLanguage":"fr-FR","@id":"https:\/\/galagar.com\/fr\/#\/schema\/logo\/image\/","url":"","contentUrl":"","caption":"GALA GAR welding"},"image":{"@id":"https:\/\/galagar.com\/fr\/#\/schema\/logo\/image\/"},"sameAs":["https:\/\/www.facebook.com\/galagarsoldadura\/","https:\/\/www.linkedin.com\/company\/gala-gar-sl\/?trk=biz-companies-cym","https:\/\/www.youtube.com\/user\/galagarsp","https:\/\/www.instagram.com\/galagar_soldadura\/?hl=es"]}]}},"_links":{"self":[{"href":"https:\/\/galagar.com\/fr\/wp-json\/wp\/v2\/product\/16877","targetHints":{"allow":["GET"]}}],"collection":[{"href":"https:\/\/galagar.com\/fr\/wp-json\/wp\/v2\/product"}],"about":[{"href":"https:\/\/galagar.com\/fr\/wp-json\/wp\/v2\/types\/product"}],"wp:featuredmedia":[{"embeddable":true,"href":"https:\/\/galagar.com\/fr\/wp-json\/wp\/v2\/media\/16866"}],"wp:attachment":[{"href":"https:\/\/galagar.com\/fr\/wp-json\/wp\/v2\/media?parent=16877"}],"wp:term":[{"taxonomy":"product_brand","embeddable":true,"href":"https:\/\/galagar.com\/fr\/wp-json\/wp\/v2\/product_brand?post=16877"},{"taxonomy":"product_cat","embeddable":true,"href":"https:\/\/galagar.com\/fr\/wp-json\/wp\/v2\/product_cat?post=16877"},{"taxonomy":"product_tag","embeddable":true,"href":"https:\/\/galagar.com\/fr\/wp-json\/wp\/v2\/product_tag?post=16877"}],"curies":[{"name":"wp","href":"https:\/\/api.w.org\/{rel}","templated":true}]}}