{"id":17091,"date":"2022-01-27T19:44:09","date_gmt":"2022-01-27T18:44:09","guid":{"rendered":"https:\/\/dev.galagar.com\/producto\/vannes-deconomie-de-gaz\/"},"modified":"2023-06-19T08:10:45","modified_gmt":"2023-06-19T06:10:45","slug":"economiseur-de-gaz","status":"publish","type":"product","link":"https:\/\/galagar.com\/fr\/produit\/economiseur-de-gaz\/","title":{"rendered":"\u00c9conomiseur de gaz"},"content":{"rendered":"<p><div class=\"fusion-fullwidth fullwidth-box fusion-builder-row-1 fusion-flex-container nonhundred-percent-fullwidth non-hundred-percent-height-scrolling\" style=\"--awb-border-radius-top-left:0px;--awb-border-radius-top-right:0px;--awb-border-radius-bottom-right:0px;--awb-border-radius-bottom-left:0px;--awb-padding-right:0px;--awb-padding-left:0px;--awb-flex-wrap:wrap;\" ><div class=\"fusion-builder-row fusion-row fusion-flex-align-items-flex-start fusion-flex-content-wrap\" style=\"max-width:1216.8px;margin-left: calc(-4% \/ 2 );margin-right: calc(-4% \/ 2 );\"><div class=\"fusion-layout-column fusion_builder_column fusion-builder-column-0 fusion_builder_column_3_4 3_4 fusion-flex-column\" style=\"--awb-bg-size:cover;--awb-width-large:75%;--awb-margin-top-large:0px;--awb-spacing-right-large:2.56%;--awb-margin-bottom-large:20px;--awb-spacing-left-large:2.56%;--awb-width-medium:100%;--awb-order-medium:0;--awb-spacing-right-medium:1.92%;--awb-spacing-left-medium:1.92%;--awb-width-small:100%;--awb-order-small:0;--awb-spacing-right-small:1.92%;--awb-spacing-left-small:1.92%;\"><div class=\"fusion-column-wrapper fusion-column-has-shadow fusion-flex-justify-content-flex-start fusion-content-layout-column\">\n<div class=\"table-2 gal-textos-menores\">\n<table width=\"100%\">\n<thead>\n<tr>\n<th align=\"left\">Vannes d&#8217;\u00e9conomiseur<\/th>\n<th align=\"left\"><\/th>\n<th align=\"left\"><\/th>\n<th align=\"left\"><\/th>\n<th align=\"left\"><\/th>\n<\/tr>\n<\/thead>\n<tbody>\n<tr>\n<td>R\u00e9f\u00e9rence<\/td>\n<td>Gaz<\/td>\n<td align=\"left\">Pression d&#8217;entr\u00e9e<\/td>\n<td align=\"left\">Pression de sortie<\/td>\n<td align=\"left\">D\u00e9bit nominal<\/td>\n<\/tr>\n<tr>\n<td>35500050<\/td>\n<td>Ar-Co2<\/td>\n<td align=\"left\">10 bars<\/td>\n<td align=\"left\">0-2,5 bar<\/td>\n<td align=\"left\">25 L\/m.<\/td>\n<\/tr>\n<tr>\n<td>35500000<\/td>\n<td>Ar-Co2<\/td>\n<td align=\"left\">10 bars<\/td>\n<td align=\"left\">1 bar<\/td>\n<td align=\"left\">25 L\/m.<\/td>\n<\/tr>\n<\/tbody>\n<\/table>\n<\/div>\n<\/div><\/div><\/div><\/div><div class=\"fusion-fullwidth fullwidth-box fusion-builder-row-2 fusion-flex-container hundred-percent-fullwidth non-hundred-percent-height-scrolling\" style=\"--awb-border-radius-top-left:0px;--awb-border-radius-top-right:0px;--awb-border-radius-bottom-right:0px;--awb-border-radius-bottom-left:0px;--awb-flex-wrap:wrap;\" ><div class=\"fusion-builder-row fusion-row fusion-flex-align-items-flex-start fusion-flex-content-wrap\" style=\"width:104% !important;max-width:104% !important;margin-left: calc(-4% \/ 2 );margin-right: calc(-4% \/ 2 );\"><div class=\"fusion-layout-column fusion_builder_column fusion-builder-column-1 fusion_builder_column_3_4 3_4 fusion-flex-column\" style=\"--awb-bg-size:cover;--awb-width-large:75%;--awb-margin-top-large:0px;--awb-spacing-right-large:2.56%;--awb-margin-bottom-large:20px;--awb-spacing-left-large:2.56%;--awb-width-medium:100%;--awb-order-medium:0;--awb-spacing-right-medium:1.92%;--awb-spacing-left-medium:1.92%;--awb-width-small:100%;--awb-order-small:0;--awb-spacing-right-small:1.92%;--awb-spacing-left-small:1.92%;\"><div class=\"fusion-column-wrapper fusion-column-has-shadow fusion-flex-justify-content-flex-start fusion-content-layout-column\"><div class=\"fusion-image-element \" style=\"text-align:left;--awb-max-width:800px;--awb-caption-title-font-family:var(--h2_typography-font-family);--awb-caption-title-font-weight:var(--h2_typography-font-weight);--awb-caption-title-font-style:var(--h2_typography-font-style);--awb-caption-title-size:var(--h2_typography-font-size);--awb-caption-title-transform:var(--h2_typography-text-transform);--awb-caption-title-line-height:var(--h2_typography-line-height);--awb-caption-title-letter-spacing:var(--h2_typography-letter-spacing);\"><span class=\" fusion-imageframe imageframe-none imageframe-1 hover-type-zoomin\"><img decoding=\"async\" width=\"1024\" height=\"308\" title=\"Fabrica-Reguladores\" src=\"https:\/\/galagar.com\/wp-content\/uploads\/2022\/01\/Fabrica-Reguladores.jpg\" data-orig-src=\"https:\/\/galagar.com\/wp-content\/uploads\/2022\/01\/Fabrica-Reguladores-1024x308.jpg\" alt class=\"lazyload img-responsive wp-image-17102\" srcset=\"data:image\/svg+xml,%3Csvg%20xmlns%3D%27http%3A%2F%2Fwww.w3.org%2F2000%2Fsvg%27%20width%3D%272214%27%20height%3D%27667%27%20viewBox%3D%270%200%202214%20667%27%3E%3Crect%20width%3D%272214%27%20height%3D%27667%27%20fill-opacity%3D%220%22%2F%3E%3C%2Fsvg%3E\" data-srcset=\"https:\/\/galagar.com\/wp-content\/uploads\/2022\/01\/Fabrica-Reguladores-200x60.jpg 200w, https:\/\/galagar.com\/wp-content\/uploads\/2022\/01\/Fabrica-Reguladores-400x121.jpg 400w, https:\/\/galagar.com\/wp-content\/uploads\/2022\/01\/Fabrica-Reguladores-600x181.jpg 600w, https:\/\/galagar.com\/wp-content\/uploads\/2022\/01\/Fabrica-Reguladores-800x241.jpg 800w, https:\/\/galagar.com\/wp-content\/uploads\/2022\/01\/Fabrica-Reguladores-1200x362.jpg 1200w\" data-sizes=\"auto\" data-orig-sizes=\"(max-width: 1024px) 100vw, (max-width: 640px) 100vw, 1200px\" \/><\/span><\/div><\/div><\/div><\/div><\/div><\/p>\n","protected":false},"excerpt":{"rendered":"<p><strong>Fonctions principales :<\/strong><br \/>\nDispositif \u00e0 installer \u00e0 la sortie des d\u00e9tendeurs centraux pour le soudage \u00e0 l&#8217;arc afin de r\u00e9duire la pression de soudage pour \u00e9viter les coups de b\u00e9lier \u00e0 l&#8217;amor\u00e7age. Ceci permet d&#8217;\u00e9conomiser jusqu&#8217;\u00e0 50% de la consommation de gaz notamment en pointage.<\/p>\n<p>Version avec ou sans r\u00e9gulation.<\/p>\n<h6>S\u00e9curit\u00e9 et fiabilit\u00e9 totales. Tous nos r\u00e9gulateurs sont test\u00e9s en termes d&#8217;\u00e9tanch\u00e9it\u00e9 et de fonctionnement.<\/h6>\n<p>&nbsp;<\/p>\n","protected":false},"featured_media":17098,"template":"","meta":{"_acf_changed":false,"content-type":"","inline_featured_image":false,"_monsterinsights_skip_tracking":false,"_monsterinsights_sitenote_active":false,"_monsterinsights_sitenote_note":"","_monsterinsights_sitenote_category":0,"_joinchat":[]},"product_brand":[],"product_cat":[937,1330],"product_tag":[],"class_list":{"0":"post-17091","1":"product","2":"type-product","3":"status-publish","4":"has-post-thumbnail","6":"product_cat-produits","7":"product_cat-accessoires-de-regulation","9":"first","10":"instock","11":"taxable","12":"shipping-taxable","13":"product-type-variable"},"acf":[],"yoast_head":"<!-- This site is optimized with the Yoast SEO plugin v26.4 - https:\/\/yoast.com\/wordpress\/plugins\/seo\/ -->\n<title>\u00c9conomiseur de gaz | GALA GAR - Productos de soldadura y reguladores de gas - Gas y soldadura<\/title>\n<meta name=\"robots\" content=\"index, follow, max-snippet:-1, max-image-preview:large, max-video-preview:-1\" \/>\n<link rel=\"canonical\" href=\"https:\/\/galagar.com\/fr\/produit\/economiseur-de-gaz\/\" \/>\n<meta property=\"og:locale\" content=\"fr_FR\" \/>\n<meta property=\"og:type\" content=\"article\" \/>\n<meta property=\"og:title\" content=\"\u00c9conomiseur de gaz | GALA GAR - Productos de soldadura y reguladores de gas - Gas y soldadura\" \/>\n<meta property=\"og:description\" content=\"Fonctions principales : Dispositif \u00e0 installer \u00e0 la sortie des d\u00e9tendeurs centraux pour le soudage \u00e0 l&#039;arc afin de r\u00e9duire la pression de soudage pour \u00e9viter les coups de b\u00e9lier \u00e0 l&#039;amor\u00e7age. Ceci permet d&#039;\u00e9conomiser jusqu&#039;\u00e0 50% de la consommation de gaz notamment en pointage.  Version avec ou sans r\u00e9gulation. S\u00e9curit\u00e9 et fiabilit\u00e9 totales. Tous nos r\u00e9gulateurs sont test\u00e9s en termes d&#039;\u00e9tanch\u00e9it\u00e9 et de fonctionnement. &nbsp;\" \/>\n<meta property=\"og:url\" content=\"https:\/\/galagar.com\/fr\/produit\/economiseur-de-gaz\/\" \/>\n<meta property=\"og:site_name\" content=\"GALA GAR - Productos de soldadura y reguladores de gas - Gas y soldadura\" \/>\n<meta property=\"article:publisher\" content=\"https:\/\/www.facebook.com\/galagarsoldadura\/\" \/>\n<meta property=\"article:modified_time\" content=\"2023-06-19T06:10:45+00:00\" \/>\n<meta property=\"og:image\" content=\"https:\/\/galagar.com\/wp-content\/uploads\/2022\/01\/Valvula-ECO-Regulable.jpg\" \/>\n\t<meta property=\"og:image:width\" content=\"640\" \/>\n\t<meta property=\"og:image:height\" content=\"800\" \/>\n\t<meta property=\"og:image:type\" content=\"image\/jpeg\" \/>\n<meta name=\"twitter:card\" content=\"summary_large_image\" \/>\n<meta name=\"twitter:label1\" content=\"Dur\u00e9e de lecture estim\u00e9e\" \/>\n\t<meta name=\"twitter:data1\" content=\"3 minutes\" \/>\n<script type=\"application\/ld+json\" class=\"yoast-schema-graph\">{\"@context\":\"https:\/\/schema.org\",\"@graph\":[{\"@type\":\"WebPage\",\"@id\":\"https:\/\/galagar.com\/fr\/produit\/economiseur-de-gaz\/\",\"url\":\"https:\/\/galagar.com\/fr\/produit\/economiseur-de-gaz\/\",\"name\":\"\u00c9conomiseur de gaz | GALA GAR - Productos de soldadura y reguladores de gas - Gas y soldadura\",\"isPartOf\":{\"@id\":\"https:\/\/galagar.com\/fr\/#website\"},\"primaryImageOfPage\":{\"@id\":\"https:\/\/galagar.com\/fr\/produit\/economiseur-de-gaz\/#primaryimage\"},\"image\":{\"@id\":\"https:\/\/galagar.com\/fr\/produit\/economiseur-de-gaz\/#primaryimage\"},\"thumbnailUrl\":\"https:\/\/galagar.com\/wp-content\/uploads\/2022\/01\/Valvula-ECO-Regulable.jpg\",\"datePublished\":\"2022-01-27T18:44:09+00:00\",\"dateModified\":\"2023-06-19T06:10:45+00:00\",\"breadcrumb\":{\"@id\":\"https:\/\/galagar.com\/fr\/produit\/economiseur-de-gaz\/#breadcrumb\"},\"inLanguage\":\"fr-FR\",\"potentialAction\":[{\"@type\":\"ReadAction\",\"target\":[\"https:\/\/galagar.com\/fr\/produit\/economiseur-de-gaz\/\"]}]},{\"@type\":\"ImageObject\",\"inLanguage\":\"fr-FR\",\"@id\":\"https:\/\/galagar.com\/fr\/produit\/economiseur-de-gaz\/#primaryimage\",\"url\":\"https:\/\/galagar.com\/wp-content\/uploads\/2022\/01\/Valvula-ECO-Regulable.jpg\",\"contentUrl\":\"https:\/\/galagar.com\/wp-content\/uploads\/2022\/01\/Valvula-ECO-Regulable.jpg\",\"width\":640,\"height\":800},{\"@type\":\"BreadcrumbList\",\"@id\":\"https:\/\/galagar.com\/fr\/produit\/economiseur-de-gaz\/#breadcrumb\",\"itemListElement\":[{\"@type\":\"ListItem\",\"position\":1,\"name\":\"Inicio\",\"item\":\"https:\/\/galagar.com\/fr\/accueil\/\"},{\"@type\":\"ListItem\",\"position\":2,\"name\":\"Boutique\",\"item\":\"https:\/\/galagar.com\/fr\/boutique\/\"},{\"@type\":\"ListItem\",\"position\":3,\"name\":\"Produits\",\"item\":\"https:\/\/galagar.com\/fr\/tienda-online\/produits\/\"},{\"@type\":\"ListItem\",\"position\":4,\"name\":\"R\u00e9gulation des gaz\",\"item\":\"https:\/\/galagar.com\/fr\/tienda-online\/produits\/regulation-des-gaz\/\"},{\"@type\":\"ListItem\",\"position\":5,\"name\":\"Accessoires de r\u00e9gulation\",\"item\":\"https:\/\/galagar.com\/fr\/tienda-online\/produits\/regulation-des-gaz\/accessoires-de-regulation\/\"},{\"@type\":\"ListItem\",\"position\":6,\"name\":\"\u00c9conomiseur de gaz\"}]},{\"@type\":\"WebSite\",\"@id\":\"https:\/\/galagar.com\/fr\/#website\",\"url\":\"https:\/\/galagar.com\/fr\/\",\"name\":\"GALA GAR - Productos de soldadura y reguladores de gas - Gas y soldadura\",\"description\":\"Gala Gar es fabricante de tecnolog\u00eda competitiva para soldadura (MMA-TIG-MIG\/MAG-CORTE POR PLASMA), regulaci\u00f3n de gases, y para soldadura y corte por gas.\",\"publisher\":{\"@id\":\"https:\/\/galagar.com\/fr\/#organization\"},\"potentialAction\":[{\"@type\":\"SearchAction\",\"target\":{\"@type\":\"EntryPoint\",\"urlTemplate\":\"https:\/\/galagar.com\/fr\/?s={search_term_string}\"},\"query-input\":{\"@type\":\"PropertyValueSpecification\",\"valueRequired\":true,\"valueName\":\"search_term_string\"}}],\"inLanguage\":\"fr-FR\"},{\"@type\":\"Organization\",\"@id\":\"https:\/\/galagar.com\/fr\/#organization\",\"name\":\"GALA GAR welding\",\"url\":\"https:\/\/galagar.com\/fr\/\",\"logo\":{\"@type\":\"ImageObject\",\"inLanguage\":\"fr-FR\",\"@id\":\"https:\/\/galagar.com\/fr\/#\/schema\/logo\/image\/\",\"url\":\"\",\"contentUrl\":\"\",\"caption\":\"GALA GAR welding\"},\"image\":{\"@id\":\"https:\/\/galagar.com\/fr\/#\/schema\/logo\/image\/\"},\"sameAs\":[\"https:\/\/www.facebook.com\/galagarsoldadura\/\",\"https:\/\/www.linkedin.com\/company\/gala-gar-sl\/?trk=biz-companies-cym\",\"https:\/\/www.youtube.com\/user\/galagarsp\",\"https:\/\/www.instagram.com\/galagar_soldadura\/?hl=es\"]}]}<\/script>\n<!-- \/ Yoast SEO plugin. -->","yoast_head_json":{"title":"\u00c9conomiseur de gaz | GALA GAR - Productos de soldadura y reguladores de gas - Gas y soldadura","robots":{"index":"index","follow":"follow","max-snippet":"max-snippet:-1","max-image-preview":"max-image-preview:large","max-video-preview":"max-video-preview:-1"},"canonical":"https:\/\/galagar.com\/fr\/produit\/economiseur-de-gaz\/","og_locale":"fr_FR","og_type":"article","og_title":"\u00c9conomiseur de gaz | GALA GAR - Productos de soldadura y reguladores de gas - Gas y soldadura","og_description":"Fonctions principales : Dispositif \u00e0 installer \u00e0 la sortie des d\u00e9tendeurs centraux pour le soudage \u00e0 l'arc afin de r\u00e9duire la pression de soudage pour \u00e9viter les coups de b\u00e9lier \u00e0 l'amor\u00e7age. Ceci permet d'\u00e9conomiser jusqu'\u00e0 50% de la consommation de gaz notamment en pointage.  Version avec ou sans r\u00e9gulation. S\u00e9curit\u00e9 et fiabilit\u00e9 totales. Tous nos r\u00e9gulateurs sont test\u00e9s en termes d'\u00e9tanch\u00e9it\u00e9 et de fonctionnement. &nbsp;","og_url":"https:\/\/galagar.com\/fr\/produit\/economiseur-de-gaz\/","og_site_name":"GALA GAR - Productos de soldadura y reguladores de gas - Gas y soldadura","article_publisher":"https:\/\/www.facebook.com\/galagarsoldadura\/","article_modified_time":"2023-06-19T06:10:45+00:00","og_image":[{"width":640,"height":800,"url":"https:\/\/galagar.com\/wp-content\/uploads\/2022\/01\/Valvula-ECO-Regulable.jpg","type":"image\/jpeg"}],"twitter_card":"summary_large_image","twitter_misc":{"Dur\u00e9e de lecture estim\u00e9e":"3 minutes"},"schema":{"@context":"https:\/\/schema.org","@graph":[{"@type":"WebPage","@id":"https:\/\/galagar.com\/fr\/produit\/economiseur-de-gaz\/","url":"https:\/\/galagar.com\/fr\/produit\/economiseur-de-gaz\/","name":"\u00c9conomiseur de gaz | GALA GAR - Productos de soldadura y reguladores de gas - Gas y soldadura","isPartOf":{"@id":"https:\/\/galagar.com\/fr\/#website"},"primaryImageOfPage":{"@id":"https:\/\/galagar.com\/fr\/produit\/economiseur-de-gaz\/#primaryimage"},"image":{"@id":"https:\/\/galagar.com\/fr\/produit\/economiseur-de-gaz\/#primaryimage"},"thumbnailUrl":"https:\/\/galagar.com\/wp-content\/uploads\/2022\/01\/Valvula-ECO-Regulable.jpg","datePublished":"2022-01-27T18:44:09+00:00","dateModified":"2023-06-19T06:10:45+00:00","breadcrumb":{"@id":"https:\/\/galagar.com\/fr\/produit\/economiseur-de-gaz\/#breadcrumb"},"inLanguage":"fr-FR","potentialAction":[{"@type":"ReadAction","target":["https:\/\/galagar.com\/fr\/produit\/economiseur-de-gaz\/"]}]},{"@type":"ImageObject","inLanguage":"fr-FR","@id":"https:\/\/galagar.com\/fr\/produit\/economiseur-de-gaz\/#primaryimage","url":"https:\/\/galagar.com\/wp-content\/uploads\/2022\/01\/Valvula-ECO-Regulable.jpg","contentUrl":"https:\/\/galagar.com\/wp-content\/uploads\/2022\/01\/Valvula-ECO-Regulable.jpg","width":640,"height":800},{"@type":"BreadcrumbList","@id":"https:\/\/galagar.com\/fr\/produit\/economiseur-de-gaz\/#breadcrumb","itemListElement":[{"@type":"ListItem","position":1,"name":"Inicio","item":"https:\/\/galagar.com\/fr\/accueil\/"},{"@type":"ListItem","position":2,"name":"Boutique","item":"https:\/\/galagar.com\/fr\/boutique\/"},{"@type":"ListItem","position":3,"name":"Produits","item":"https:\/\/galagar.com\/fr\/tienda-online\/produits\/"},{"@type":"ListItem","position":4,"name":"R\u00e9gulation des gaz","item":"https:\/\/galagar.com\/fr\/tienda-online\/produits\/regulation-des-gaz\/"},{"@type":"ListItem","position":5,"name":"Accessoires de r\u00e9gulation","item":"https:\/\/galagar.com\/fr\/tienda-online\/produits\/regulation-des-gaz\/accessoires-de-regulation\/"},{"@type":"ListItem","position":6,"name":"\u00c9conomiseur de gaz"}]},{"@type":"WebSite","@id":"https:\/\/galagar.com\/fr\/#website","url":"https:\/\/galagar.com\/fr\/","name":"GALA GAR - Productos de soldadura y reguladores de gas - Gas y soldadura","description":"Gala Gar es fabricante de tecnolog\u00eda competitiva para soldadura (MMA-TIG-MIG\/MAG-CORTE POR PLASMA), regulaci\u00f3n de gases, y para soldadura y corte por gas.","publisher":{"@id":"https:\/\/galagar.com\/fr\/#organization"},"potentialAction":[{"@type":"SearchAction","target":{"@type":"EntryPoint","urlTemplate":"https:\/\/galagar.com\/fr\/?s={search_term_string}"},"query-input":{"@type":"PropertyValueSpecification","valueRequired":true,"valueName":"search_term_string"}}],"inLanguage":"fr-FR"},{"@type":"Organization","@id":"https:\/\/galagar.com\/fr\/#organization","name":"GALA GAR welding","url":"https:\/\/galagar.com\/fr\/","logo":{"@type":"ImageObject","inLanguage":"fr-FR","@id":"https:\/\/galagar.com\/fr\/#\/schema\/logo\/image\/","url":"","contentUrl":"","caption":"GALA GAR welding"},"image":{"@id":"https:\/\/galagar.com\/fr\/#\/schema\/logo\/image\/"},"sameAs":["https:\/\/www.facebook.com\/galagarsoldadura\/","https:\/\/www.linkedin.com\/company\/gala-gar-sl\/?trk=biz-companies-cym","https:\/\/www.youtube.com\/user\/galagarsp","https:\/\/www.instagram.com\/galagar_soldadura\/?hl=es"]}]}},"_links":{"self":[{"href":"https:\/\/galagar.com\/fr\/wp-json\/wp\/v2\/product\/17091","targetHints":{"allow":["GET"]}}],"collection":[{"href":"https:\/\/galagar.com\/fr\/wp-json\/wp\/v2\/product"}],"about":[{"href":"https:\/\/galagar.com\/fr\/wp-json\/wp\/v2\/types\/product"}],"wp:featuredmedia":[{"embeddable":true,"href":"https:\/\/galagar.com\/fr\/wp-json\/wp\/v2\/media\/17098"}],"wp:attachment":[{"href":"https:\/\/galagar.com\/fr\/wp-json\/wp\/v2\/media?parent=17091"}],"wp:term":[{"taxonomy":"product_brand","embeddable":true,"href":"https:\/\/galagar.com\/fr\/wp-json\/wp\/v2\/product_brand?post=17091"},{"taxonomy":"product_cat","embeddable":true,"href":"https:\/\/galagar.com\/fr\/wp-json\/wp\/v2\/product_cat?post=17091"},{"taxonomy":"product_tag","embeddable":true,"href":"https:\/\/galagar.com\/fr\/wp-json\/wp\/v2\/product_tag?post=17091"}],"curies":[{"name":"wp","href":"https:\/\/api.w.org\/{rel}","templated":true}]}}