{"id":17274,"date":"2022-01-27T19:44:39","date_gmt":"2022-01-27T18:44:39","guid":{"rendered":"https:\/\/dev.galagar.com\/producto\/enrouleur-d-20-a\/"},"modified":"2024-04-08T08:06:53","modified_gmt":"2024-04-08T06:06:53","slug":"enrouleur-d-20-a","status":"publish","type":"product","link":"https:\/\/galagar.com\/fr\/produit\/enrouleur-d-20-a\/","title":{"rendered":"D\u00e9vidoir D-20 A"},"content":{"rendered":"<div class=\"fusion-fullwidth fullwidth-box fusion-builder-row-1 fusion-flex-container nonhundred-percent-fullwidth non-hundred-percent-height-scrolling\" style=\"--awb-border-radius-top-left:0px;--awb-border-radius-top-right:0px;--awb-border-radius-bottom-right:0px;--awb-border-radius-bottom-left:0px;--awb-padding-right:0px;--awb-padding-left:0px;--awb-flex-wrap:wrap;\" ><div class=\"fusion-builder-row fusion-row fusion-flex-align-items-flex-start fusion-flex-content-wrap\" style=\"max-width:1216.8px;margin-left: calc(-4% \/ 2 );margin-right: calc(-4% \/ 2 );\"><div class=\"fusion-layout-column fusion_builder_column fusion-builder-column-0 fusion_builder_column_1_2 1_2 fusion-flex-column\" style=\"--awb-bg-size:cover;--awb-width-large:50%;--awb-margin-top-large:0px;--awb-spacing-right-large:3.84%;--awb-margin-bottom-large:20px;--awb-spacing-left-large:3.84%;--awb-width-medium:100%;--awb-order-medium:0;--awb-spacing-right-medium:1.92%;--awb-spacing-left-medium:1.92%;--awb-width-small:100%;--awb-order-small:0;--awb-spacing-right-small:1.92%;--awb-spacing-left-small:1.92%;\"><div class=\"fusion-column-wrapper fusion-column-has-shadow fusion-flex-justify-content-flex-start fusion-content-layout-column\">\n<div class=\"table-2 gal-textos-menores\">\n<table width=\"100%\">\n<thead>\n<tr>\n<th align=\"left\">Caract\u00e9ristiques<\/th>\n<th align=\"left\"><\/th>\n<\/tr>\n<\/thead>\n<tbody>\n<tr>\n<td>Tension d&#8217;alimentation<\/td>\n<td>3 Ph 400V \u00b1 10 % &#8211; 50\/60 Hz.<\/td>\n<\/tr>\n<tr>\n<td>Marge de r\u00e9gulation<\/td>\n<td>30 A \u00f7 400 A<\/td>\n<\/tr>\n<tr>\n<td>Facteur de marche MIG\/MAG 40\u00baC<\/td>\n<td>400 A \/ 45 %<\/td>\n<\/tr>\n<tr>\n<td>Facteur de marche TIG 40\u00baC<\/td>\n<td>400 A \/ 40 %<\/td>\n<\/tr>\n<tr>\n<td>Facteur de marche MMA 40\u00baC<\/td>\n<td>400 A \/ 40 %<\/td>\n<\/tr>\n<tr>\n<td>Puissance maximale absorb\u00e9e<\/td>\n<td>24 Kva<\/td>\n<\/tr>\n<tr>\n<td>Vitesse maximale du fil<\/td>\n<td>24 m\/min.<\/td>\n<\/tr>\n<tr>\n<td>Dimensions<\/td>\n<td>345 x 541 x 660 mm.<\/td>\n<\/tr>\n<tr>\n<td>Poids<\/td>\n<td>45 Kg.<\/td>\n<\/tr>\n<\/tbody>\n<\/table>\n<\/div>\n<\/div><\/div><div class=\"fusion-layout-column fusion_builder_column fusion-builder-column-1 fusion_builder_column_1_2 1_2 fusion-flex-column\" style=\"--awb-bg-size:cover;--awb-width-large:50%;--awb-margin-top-large:0px;--awb-spacing-right-large:3.84%;--awb-margin-bottom-large:20px;--awb-spacing-left-large:3.84%;--awb-width-medium:100%;--awb-order-medium:0;--awb-spacing-right-medium:1.92%;--awb-spacing-left-medium:1.92%;--awb-width-small:100%;--awb-order-small:0;--awb-spacing-right-small:1.92%;--awb-spacing-left-small:1.92%;\"><div class=\"fusion-column-wrapper fusion-column-has-shadow fusion-flex-justify-content-flex-start fusion-content-layout-column\">\n<div class=\"table-2 gal-textos-menores\">\n<table width=\"100%\">\n<thead>\n<tr>\n<th align=\"left\">Accessoires<\/th>\n<th align=\"left\"><\/th>\n<\/tr>\n<\/thead>\n<tbody>\n<tr>\n<td>PK555040<\/td>\n<td>Torche MIG \u00e0 double circuit -500A<\/td>\n<\/tr>\n<tr>\n<td>PK4012<\/td>\n<td>TR 400 A- Torche 4m<\/td>\n<\/tr>\n<tr>\n<td>PK5012<\/td>\n<td>Torche TR 500 A- 4m<\/td>\n<\/tr>\n<tr>\n<td>19052634<\/td>\n<td>Torche TIG 26 E &#8211; 4m<\/td>\n<\/tr>\n<tr>\n<td>19051834<\/td>\n<td>Torche TIG 18 E &#8211; 4m R<\/td>\n<\/tr>\n<tr>\n<td>37600000<\/td>\n<td>R\u00e9ducteur de pression EN-2000 AR-CO2<\/td>\n<\/tr>\n<\/tbody>\n<\/table>\n<\/div>\n<\/div><\/div><\/div><\/div>\n","protected":false},"excerpt":{"rendered":"<div class=\"textodescripcionproductos\">\n<p>D\u00e9vidoir de fil pour le soudage MIG\/MAG des aciers normaux, des aciers inoxydables et de l&#8217;aluminium.<\/p>\n<p><strong>Principaux avantages :<\/strong><br \/>\nEnrouleur ouvert (bobine de 15 kg) avec couvercle de bobine.<br \/>\nMoteur d&#8217;entra\u00eenement avec 4 galets de 30 mm.<br \/>\nContr\u00f4le de la vitesse du fil et de la tension de soudage<br \/>\nConvient \u00e0 tous les \u00e9quipements de la gamme GALA INDUSTRIAL.<br \/>\nContr\u00f4le 2T\/4T.<br \/>\nPurge des gaz et des fils.<br \/>\nContr\u00f4le de la rampe initiale de d\u00e9marrage du fil. Syst\u00e8me anti-projection.<br \/>\nContr\u00f4le de la longueur du filetage.<br \/>\nConnecteurs filet\u00e9s industriels &#8220;anti-corrosion&#8221;.<\/p>\n<\/div>\n","protected":false},"featured_media":17278,"template":"","meta":{"_acf_changed":false,"content-type":"","inline_featured_image":false,"_monsterinsights_skip_tracking":false,"_monsterinsights_sitenote_active":false,"_monsterinsights_sitenote_note":"","_monsterinsights_sitenote_category":0,"_joinchat":[]},"product_brand":[],"product_cat":[937,1375,1376],"product_tag":[],"class_list":{"0":"post-17274","1":"product","2":"type-product","3":"status-publish","4":"has-post-thumbnail","6":"product_cat-produits","7":"product_cat-peripheriques","8":"product_cat-enrouleurs","10":"first","11":"instock","12":"taxable","13":"shipping-taxable","14":"product-type-simple"},"acf":[],"yoast_head":"<!-- This site is optimized with the Yoast SEO plugin v26.4 - https:\/\/yoast.com\/wordpress\/plugins\/seo\/ -->\n<title>D\u00e9vidoir D-20 A | GALA GAR - Productos de soldadura y reguladores de gas - Gas y soldadura<\/title>\n<meta name=\"robots\" content=\"index, follow, max-snippet:-1, max-image-preview:large, max-video-preview:-1\" \/>\n<link rel=\"canonical\" href=\"https:\/\/galagar.com\/fr\/produit\/enrouleur-d-20-a\/\" \/>\n<meta property=\"og:locale\" content=\"fr_FR\" \/>\n<meta property=\"og:type\" content=\"article\" \/>\n<meta property=\"og:title\" content=\"D\u00e9vidoir D-20 A | GALA GAR - Productos de soldadura y reguladores de gas - Gas y soldadura\" \/>\n<meta property=\"og:description\" content=\"D\u00e9vidoir de fil pour le soudage MIG\/MAG des aciers normaux, des aciers inoxydables et de l&#039;aluminium.  Principaux avantages : Enrouleur ouvert (bobine de 15 kg) avec couvercle de bobine. Moteur d&#039;entra\u00eenement avec 4 galets de 30 mm. Contr\u00f4le de la vitesse du fil et de la tension de soudage Convient \u00e0 tous les \u00e9quipements de la gamme GALA INDUSTRIAL. Contr\u00f4le 2T\/4T. Purge des gaz et des fils. Contr\u00f4le de la rampe initiale de d\u00e9marrage du fil. Syst\u00e8me anti-projection. Contr\u00f4le de la longueur du filetage. Connecteurs filet\u00e9s industriels &quot;anti-corrosion&quot;.\" \/>\n<meta property=\"og:url\" content=\"https:\/\/galagar.com\/fr\/produit\/enrouleur-d-20-a\/\" \/>\n<meta property=\"og:site_name\" content=\"GALA GAR - Productos de soldadura y reguladores de gas - Gas y soldadura\" \/>\n<meta property=\"article:publisher\" content=\"https:\/\/www.facebook.com\/galagarsoldadura\/\" \/>\n<meta property=\"article:modified_time\" content=\"2024-04-08T06:06:53+00:00\" \/>\n<meta property=\"og:image\" content=\"https:\/\/galagar.com\/wp-content\/uploads\/2022\/01\/Devanadora-D20-A.jpg\" \/>\n\t<meta property=\"og:image:width\" content=\"640\" \/>\n\t<meta property=\"og:image:height\" content=\"800\" \/>\n\t<meta property=\"og:image:type\" content=\"image\/jpeg\" \/>\n<meta name=\"twitter:card\" content=\"summary_large_image\" \/>\n<meta name=\"twitter:label1\" content=\"Dur\u00e9e de lecture estim\u00e9e\" \/>\n\t<meta name=\"twitter:data1\" content=\"2 minutes\" \/>\n<script type=\"application\/ld+json\" class=\"yoast-schema-graph\">{\"@context\":\"https:\/\/schema.org\",\"@graph\":[{\"@type\":\"WebPage\",\"@id\":\"https:\/\/galagar.com\/fr\/produit\/enrouleur-d-20-a\/\",\"url\":\"https:\/\/galagar.com\/fr\/produit\/enrouleur-d-20-a\/\",\"name\":\"D\u00e9vidoir D-20 A | GALA GAR - Productos de soldadura y reguladores de gas - Gas y soldadura\",\"isPartOf\":{\"@id\":\"https:\/\/galagar.com\/fr\/#website\"},\"primaryImageOfPage\":{\"@id\":\"https:\/\/galagar.com\/fr\/produit\/enrouleur-d-20-a\/#primaryimage\"},\"image\":{\"@id\":\"https:\/\/galagar.com\/fr\/produit\/enrouleur-d-20-a\/#primaryimage\"},\"thumbnailUrl\":\"https:\/\/galagar.com\/wp-content\/uploads\/2022\/01\/Devanadora-D20-A.jpg\",\"datePublished\":\"2022-01-27T18:44:39+00:00\",\"dateModified\":\"2024-04-08T06:06:53+00:00\",\"breadcrumb\":{\"@id\":\"https:\/\/galagar.com\/fr\/produit\/enrouleur-d-20-a\/#breadcrumb\"},\"inLanguage\":\"fr-FR\",\"potentialAction\":[{\"@type\":\"ReadAction\",\"target\":[\"https:\/\/galagar.com\/fr\/produit\/enrouleur-d-20-a\/\"]}]},{\"@type\":\"ImageObject\",\"inLanguage\":\"fr-FR\",\"@id\":\"https:\/\/galagar.com\/fr\/produit\/enrouleur-d-20-a\/#primaryimage\",\"url\":\"https:\/\/galagar.com\/wp-content\/uploads\/2022\/01\/Devanadora-D20-A.jpg\",\"contentUrl\":\"https:\/\/galagar.com\/wp-content\/uploads\/2022\/01\/Devanadora-D20-A.jpg\",\"width\":640,\"height\":800},{\"@type\":\"BreadcrumbList\",\"@id\":\"https:\/\/galagar.com\/fr\/produit\/enrouleur-d-20-a\/#breadcrumb\",\"itemListElement\":[{\"@type\":\"ListItem\",\"position\":1,\"name\":\"Inicio\",\"item\":\"https:\/\/galagar.com\/fr\/accueil\/\"},{\"@type\":\"ListItem\",\"position\":2,\"name\":\"Boutique\",\"item\":\"https:\/\/galagar.com\/fr\/boutique\/\"},{\"@type\":\"ListItem\",\"position\":3,\"name\":\"Produits\",\"item\":\"https:\/\/galagar.com\/fr\/tienda-online\/produits\/\"},{\"@type\":\"ListItem\",\"position\":4,\"name\":\"Soudage \u00e9lectrique\",\"item\":\"https:\/\/galagar.com\/fr\/tienda-online\/produits\/soudage-electrique\/\"},{\"@type\":\"ListItem\",\"position\":5,\"name\":\"P\u00e9riph\u00e9riques\",\"item\":\"https:\/\/galagar.com\/fr\/tienda-online\/produits\/soudage-electrique\/peripheriques\/\"},{\"@type\":\"ListItem\",\"position\":6,\"name\":\"D\u00e9vidoirs\",\"item\":\"https:\/\/galagar.com\/fr\/tienda-online\/produits\/soudage-electrique\/peripheriques\/enrouleurs\/\"},{\"@type\":\"ListItem\",\"position\":7,\"name\":\"D\u00e9vidoir D-20 A\"}]},{\"@type\":\"WebSite\",\"@id\":\"https:\/\/galagar.com\/fr\/#website\",\"url\":\"https:\/\/galagar.com\/fr\/\",\"name\":\"GALA GAR - Productos de soldadura y reguladores de gas - Gas y soldadura\",\"description\":\"Gala Gar es fabricante de tecnolog\u00eda competitiva para soldadura (MMA-TIG-MIG\/MAG-CORTE POR PLASMA), regulaci\u00f3n de gases, y para soldadura y corte por gas.\",\"publisher\":{\"@id\":\"https:\/\/galagar.com\/fr\/#organization\"},\"potentialAction\":[{\"@type\":\"SearchAction\",\"target\":{\"@type\":\"EntryPoint\",\"urlTemplate\":\"https:\/\/galagar.com\/fr\/?s={search_term_string}\"},\"query-input\":{\"@type\":\"PropertyValueSpecification\",\"valueRequired\":true,\"valueName\":\"search_term_string\"}}],\"inLanguage\":\"fr-FR\"},{\"@type\":\"Organization\",\"@id\":\"https:\/\/galagar.com\/fr\/#organization\",\"name\":\"GALA GAR welding\",\"url\":\"https:\/\/galagar.com\/fr\/\",\"logo\":{\"@type\":\"ImageObject\",\"inLanguage\":\"fr-FR\",\"@id\":\"https:\/\/galagar.com\/fr\/#\/schema\/logo\/image\/\",\"url\":\"\",\"contentUrl\":\"\",\"caption\":\"GALA GAR welding\"},\"image\":{\"@id\":\"https:\/\/galagar.com\/fr\/#\/schema\/logo\/image\/\"},\"sameAs\":[\"https:\/\/www.facebook.com\/galagarsoldadura\/\",\"https:\/\/www.linkedin.com\/company\/gala-gar-sl\/?trk=biz-companies-cym\",\"https:\/\/www.youtube.com\/user\/galagarsp\",\"https:\/\/www.instagram.com\/galagar_soldadura\/?hl=es\"]}]}<\/script>\n<!-- \/ Yoast SEO plugin. -->","yoast_head_json":{"title":"D\u00e9vidoir D-20 A | GALA GAR - Productos de soldadura y reguladores de gas - Gas y soldadura","robots":{"index":"index","follow":"follow","max-snippet":"max-snippet:-1","max-image-preview":"max-image-preview:large","max-video-preview":"max-video-preview:-1"},"canonical":"https:\/\/galagar.com\/fr\/produit\/enrouleur-d-20-a\/","og_locale":"fr_FR","og_type":"article","og_title":"D\u00e9vidoir D-20 A | GALA GAR - Productos de soldadura y reguladores de gas - Gas y soldadura","og_description":"D\u00e9vidoir de fil pour le soudage MIG\/MAG des aciers normaux, des aciers inoxydables et de l'aluminium.  Principaux avantages : Enrouleur ouvert (bobine de 15 kg) avec couvercle de bobine. Moteur d'entra\u00eenement avec 4 galets de 30 mm. Contr\u00f4le de la vitesse du fil et de la tension de soudage Convient \u00e0 tous les \u00e9quipements de la gamme GALA INDUSTRIAL. Contr\u00f4le 2T\/4T. Purge des gaz et des fils. Contr\u00f4le de la rampe initiale de d\u00e9marrage du fil. Syst\u00e8me anti-projection. Contr\u00f4le de la longueur du filetage. Connecteurs filet\u00e9s industriels \"anti-corrosion\".","og_url":"https:\/\/galagar.com\/fr\/produit\/enrouleur-d-20-a\/","og_site_name":"GALA GAR - Productos de soldadura y reguladores de gas - Gas y soldadura","article_publisher":"https:\/\/www.facebook.com\/galagarsoldadura\/","article_modified_time":"2024-04-08T06:06:53+00:00","og_image":[{"width":640,"height":800,"url":"https:\/\/galagar.com\/wp-content\/uploads\/2022\/01\/Devanadora-D20-A.jpg","type":"image\/jpeg"}],"twitter_card":"summary_large_image","twitter_misc":{"Dur\u00e9e de lecture estim\u00e9e":"2 minutes"},"schema":{"@context":"https:\/\/schema.org","@graph":[{"@type":"WebPage","@id":"https:\/\/galagar.com\/fr\/produit\/enrouleur-d-20-a\/","url":"https:\/\/galagar.com\/fr\/produit\/enrouleur-d-20-a\/","name":"D\u00e9vidoir D-20 A | GALA GAR - Productos de soldadura y reguladores de gas - Gas y soldadura","isPartOf":{"@id":"https:\/\/galagar.com\/fr\/#website"},"primaryImageOfPage":{"@id":"https:\/\/galagar.com\/fr\/produit\/enrouleur-d-20-a\/#primaryimage"},"image":{"@id":"https:\/\/galagar.com\/fr\/produit\/enrouleur-d-20-a\/#primaryimage"},"thumbnailUrl":"https:\/\/galagar.com\/wp-content\/uploads\/2022\/01\/Devanadora-D20-A.jpg","datePublished":"2022-01-27T18:44:39+00:00","dateModified":"2024-04-08T06:06:53+00:00","breadcrumb":{"@id":"https:\/\/galagar.com\/fr\/produit\/enrouleur-d-20-a\/#breadcrumb"},"inLanguage":"fr-FR","potentialAction":[{"@type":"ReadAction","target":["https:\/\/galagar.com\/fr\/produit\/enrouleur-d-20-a\/"]}]},{"@type":"ImageObject","inLanguage":"fr-FR","@id":"https:\/\/galagar.com\/fr\/produit\/enrouleur-d-20-a\/#primaryimage","url":"https:\/\/galagar.com\/wp-content\/uploads\/2022\/01\/Devanadora-D20-A.jpg","contentUrl":"https:\/\/galagar.com\/wp-content\/uploads\/2022\/01\/Devanadora-D20-A.jpg","width":640,"height":800},{"@type":"BreadcrumbList","@id":"https:\/\/galagar.com\/fr\/produit\/enrouleur-d-20-a\/#breadcrumb","itemListElement":[{"@type":"ListItem","position":1,"name":"Inicio","item":"https:\/\/galagar.com\/fr\/accueil\/"},{"@type":"ListItem","position":2,"name":"Boutique","item":"https:\/\/galagar.com\/fr\/boutique\/"},{"@type":"ListItem","position":3,"name":"Produits","item":"https:\/\/galagar.com\/fr\/tienda-online\/produits\/"},{"@type":"ListItem","position":4,"name":"Soudage \u00e9lectrique","item":"https:\/\/galagar.com\/fr\/tienda-online\/produits\/soudage-electrique\/"},{"@type":"ListItem","position":5,"name":"P\u00e9riph\u00e9riques","item":"https:\/\/galagar.com\/fr\/tienda-online\/produits\/soudage-electrique\/peripheriques\/"},{"@type":"ListItem","position":6,"name":"D\u00e9vidoirs","item":"https:\/\/galagar.com\/fr\/tienda-online\/produits\/soudage-electrique\/peripheriques\/enrouleurs\/"},{"@type":"ListItem","position":7,"name":"D\u00e9vidoir D-20 A"}]},{"@type":"WebSite","@id":"https:\/\/galagar.com\/fr\/#website","url":"https:\/\/galagar.com\/fr\/","name":"GALA GAR - Productos de soldadura y reguladores de gas - Gas y soldadura","description":"Gala Gar es fabricante de tecnolog\u00eda competitiva para soldadura (MMA-TIG-MIG\/MAG-CORTE POR PLASMA), regulaci\u00f3n de gases, y para soldadura y corte por gas.","publisher":{"@id":"https:\/\/galagar.com\/fr\/#organization"},"potentialAction":[{"@type":"SearchAction","target":{"@type":"EntryPoint","urlTemplate":"https:\/\/galagar.com\/fr\/?s={search_term_string}"},"query-input":{"@type":"PropertyValueSpecification","valueRequired":true,"valueName":"search_term_string"}}],"inLanguage":"fr-FR"},{"@type":"Organization","@id":"https:\/\/galagar.com\/fr\/#organization","name":"GALA GAR welding","url":"https:\/\/galagar.com\/fr\/","logo":{"@type":"ImageObject","inLanguage":"fr-FR","@id":"https:\/\/galagar.com\/fr\/#\/schema\/logo\/image\/","url":"","contentUrl":"","caption":"GALA GAR welding"},"image":{"@id":"https:\/\/galagar.com\/fr\/#\/schema\/logo\/image\/"},"sameAs":["https:\/\/www.facebook.com\/galagarsoldadura\/","https:\/\/www.linkedin.com\/company\/gala-gar-sl\/?trk=biz-companies-cym","https:\/\/www.youtube.com\/user\/galagarsp","https:\/\/www.instagram.com\/galagar_soldadura\/?hl=es"]}]}},"_links":{"self":[{"href":"https:\/\/galagar.com\/fr\/wp-json\/wp\/v2\/product\/17274","targetHints":{"allow":["GET"]}}],"collection":[{"href":"https:\/\/galagar.com\/fr\/wp-json\/wp\/v2\/product"}],"about":[{"href":"https:\/\/galagar.com\/fr\/wp-json\/wp\/v2\/types\/product"}],"wp:featuredmedia":[{"embeddable":true,"href":"https:\/\/galagar.com\/fr\/wp-json\/wp\/v2\/media\/17278"}],"wp:attachment":[{"href":"https:\/\/galagar.com\/fr\/wp-json\/wp\/v2\/media?parent=17274"}],"wp:term":[{"taxonomy":"product_brand","embeddable":true,"href":"https:\/\/galagar.com\/fr\/wp-json\/wp\/v2\/product_brand?post=17274"},{"taxonomy":"product_cat","embeddable":true,"href":"https:\/\/galagar.com\/fr\/wp-json\/wp\/v2\/product_cat?post=17274"},{"taxonomy":"product_tag","embeddable":true,"href":"https:\/\/galagar.com\/fr\/wp-json\/wp\/v2\/product_tag?post=17274"}],"curies":[{"name":"wp","href":"https:\/\/api.w.org\/{rel}","templated":true}]}}