{"id":17282,"date":"2022-01-27T19:44:14","date_gmt":"2022-01-27T18:44:14","guid":{"rendered":"https:\/\/dev.galagar.com\/producto\/regulateurs-modele-en-2000\/"},"modified":"2023-06-16T09:13:10","modified_gmt":"2023-06-16T07:13:10","slug":"regulateurs-modele-en-2000","status":"publish","type":"product","link":"https:\/\/galagar.com\/fr\/produit\/regulateurs-modele-en-2000\/","title":{"rendered":"D\u00e9tendeurs mod\u00e8le EN-2000"},"content":{"rendered":"<div class=\"fusion-fullwidth fullwidth-box fusion-builder-row-1 fusion-flex-container nonhundred-percent-fullwidth non-hundred-percent-height-scrolling\" style=\"--awb-border-radius-top-left:0px;--awb-border-radius-top-right:0px;--awb-border-radius-bottom-right:0px;--awb-border-radius-bottom-left:0px;--awb-padding-right:0px;--awb-padding-left:0px;--awb-flex-wrap:wrap;\" ><div class=\"fusion-builder-row fusion-row fusion-flex-align-items-flex-start fusion-flex-content-wrap\" style=\"max-width:1216.8px;margin-left: calc(-4% \/ 2 );margin-right: calc(-4% \/ 2 );\"><div class=\"fusion-layout-column fusion_builder_column fusion-builder-column-0 fusion_builder_column_4_5 4_5 fusion-flex-column\" style=\"--awb-bg-size:cover;--awb-width-large:80%;--awb-margin-top-large:0px;--awb-spacing-right-large:2.4%;--awb-margin-bottom-large:20px;--awb-spacing-left-large:2.4%;--awb-width-medium:100%;--awb-order-medium:0;--awb-spacing-right-medium:1.92%;--awb-spacing-left-medium:1.92%;--awb-width-small:100%;--awb-order-small:0;--awb-spacing-right-small:1.92%;--awb-spacing-left-small:1.92%;\"><div class=\"fusion-column-wrapper fusion-column-has-shadow fusion-flex-justify-content-flex-start fusion-content-layout-column\">\n<div class=\"table-2 gal-textos-menores\">\n<table width=\"100%\">\n<thead>\n<tr>\n<th align=\"left\">Mod\u00e8les EN-2000<\/th>\n<th align=\"left\"><\/th>\n<th align=\"left\"><\/th>\n<th align=\"left\"><\/th>\n<th align=\"left\"><\/th>\n<\/tr>\n<\/thead>\n<tbody>\n<tr>\n<td>R\u00e9f\u00e9rence<\/td>\n<td>Gaz<\/td>\n<td align=\"left\">Pression d&#8217;entr\u00e9e<\/td>\n<td align=\"left\">Pression de sortie<\/td>\n<td align=\"left\">D\u00e9bit nominal<\/td>\n<\/tr>\n<tr>\n<td>37000000<\/td>\n<td>Oxyg\u00e8ne<\/td>\n<td align=\"left\">200<\/td>\n<td align=\"left\">10<\/td>\n<td align=\"left\">30 m3\/h.<\/td>\n<\/tr>\n<tr>\n<td>37500000<\/td>\n<td>Ac\u00e9tyl\u00e8ne<\/td>\n<td align=\"left\">25<\/td>\n<td align=\"left\">1,5<\/td>\n<td align=\"left\">5 m3\/h.<\/td>\n<\/tr>\n<tr>\n<td>37500004<\/td>\n<td>Ac\u00e9tyl\u00e8ne Bride<\/td>\n<td align=\"left\">25<\/td>\n<td align=\"left\">1,5<\/td>\n<td align=\"left\">5 m3\/h.<\/td>\n<\/tr>\n<tr>\n<td>37600000<\/td>\n<td>Argon-CO2<\/td>\n<td align=\"left\">200<\/td>\n<td align=\"left\">8<\/td>\n<td align=\"left\">25 m3\/h.<\/td>\n<\/tr>\n<tr>\n<td>37600500<\/td>\n<td>Argon-CO2 Rotam\u00e8tre<\/td>\n<td align=\"left\">200<\/td>\n<td align=\"left\">2,5<\/td>\n<td align=\"left\">30 m3\/h.<\/td>\n<\/tr>\n<tr>\n<td>37600510<\/td>\n<td>Argon-Helium<\/td>\n<td align=\"left\">200<\/td>\n<td align=\"left\">2,5<\/td>\n<td align=\"left\">30 m3\/h.<\/td>\n<\/tr>\n<tr>\n<td>37100500<\/td>\n<td>Azote<\/td>\n<td align=\"left\">200<\/td>\n<td align=\"left\">10<\/td>\n<td align=\"left\">30 m3\/h.<\/td>\n<\/tr>\n<tr>\n<td align=\"left\">37300000<\/td>\n<td align=\"left\">Butane\/Propane<\/td>\n<td align=\"left\">25<\/td>\n<td align=\"left\">1,5<\/td>\n<td align=\"left\">5 m3\/h.<\/td>\n<\/tr>\n<tr>\n<td align=\"left\">37100020<\/td>\n<td align=\"left\">Helium<\/td>\n<td align=\"left\">200<\/td>\n<td align=\"left\">10<\/td>\n<td align=\"left\">50 m3\/h.<\/td>\n<\/tr>\n<\/tbody>\n<\/table>\n<\/div>\n<\/div><\/div><\/div><\/div>\n","protected":false},"excerpt":{"rendered":"<p><strong>Fonctions principales :<\/strong><br \/>\nRemplissage de r\u00e9servoirs, pressurisation et balayage de conduits et toute r\u00e9gulation de pression de gaz combustibles ou inertes.<br \/>\nD\u00e9compression des gaz industriels pour le soudage, le d\u00e9coupage et les proc\u00e9d\u00e9s connexes.<\/p>\n<p><strong>Applications :<\/strong><br \/>\nProc\u00e9d\u00e9s de soudage : MIG\/MAG &#8211; TIG<br \/>\nChauffage &#8211; Soudage \u00e0 la flamme &#8211; D\u00e9coupage \u00e0 la flamme<\/p>\n<p>S\u00e9curit\u00e9 et fiabilit\u00e9 totales. Tous nos r\u00e9gulateurs sont test\u00e9s en termes d&#8217;\u00e9tanch\u00e9it\u00e9 et de fonctionnement.<\/p>\n","protected":false},"featured_media":17286,"template":"","meta":{"_acf_changed":false,"content-type":"","inline_featured_image":false,"_monsterinsights_skip_tracking":false,"_monsterinsights_sitenote_active":false,"_monsterinsights_sitenote_note":"","_monsterinsights_sitenote_category":0,"_joinchat":[]},"product_brand":[],"product_cat":[937,1303,1387],"product_tag":[],"class_list":{"0":"post-17282","1":"product","2":"type-product","3":"status-publish","4":"has-post-thumbnail","6":"product_cat-produits","7":"product_cat-regulation-des-gaz","8":"product_cat-detendeurs","10":"first","11":"instock","12":"taxable","13":"shipping-taxable","14":"product-type-variable"},"acf":[],"yoast_head":"<!-- This site is optimized with the Yoast SEO plugin v26.4 - https:\/\/yoast.com\/wordpress\/plugins\/seo\/ -->\n<title>D\u00e9tendeurs mod\u00e8le EN-2000 | GALA GAR - Productos de soldadura y reguladores de gas - Gas y soldadura<\/title>\n<meta name=\"description\" content=\"Mod\u00e8le phare de d\u00e9tendeur\/d\u00e9bilitre pour tous les gaz industriels. Fabrication espagnole pour une qualit\u00e9 maximum.\" \/>\n<meta name=\"robots\" content=\"index, follow, max-snippet:-1, max-image-preview:large, max-video-preview:-1\" \/>\n<link rel=\"canonical\" href=\"https:\/\/galagar.com\/fr\/produit\/regulateurs-modele-en-2000\/\" \/>\n<meta property=\"og:locale\" content=\"fr_FR\" \/>\n<meta property=\"og:type\" content=\"article\" \/>\n<meta property=\"og:title\" content=\"D\u00e9tendeurs mod\u00e8le EN-2000 | GALA GAR - Productos de soldadura y reguladores de gas - Gas y soldadura\" \/>\n<meta property=\"og:description\" content=\"Mod\u00e8le phare de d\u00e9tendeur\/d\u00e9bilitre pour tous les gaz industriels. Fabrication espagnole pour une qualit\u00e9 maximum.\" \/>\n<meta property=\"og:url\" content=\"https:\/\/galagar.com\/fr\/produit\/regulateurs-modele-en-2000\/\" \/>\n<meta property=\"og:site_name\" content=\"GALA GAR - Productos de soldadura y reguladores de gas - Gas y soldadura\" \/>\n<meta property=\"article:publisher\" content=\"https:\/\/www.facebook.com\/galagarsoldadura\/\" \/>\n<meta property=\"article:modified_time\" content=\"2023-06-16T07:13:10+00:00\" \/>\n<meta property=\"og:image\" content=\"https:\/\/galagar.com\/wp-content\/uploads\/2022\/01\/EN2000-ARg.jpg\" \/>\n\t<meta property=\"og:image:width\" content=\"640\" \/>\n\t<meta property=\"og:image:height\" content=\"800\" \/>\n\t<meta property=\"og:image:type\" content=\"image\/jpeg\" \/>\n<meta name=\"twitter:card\" content=\"summary_large_image\" \/>\n<meta name=\"twitter:label1\" content=\"Dur\u00e9e de lecture estim\u00e9e\" \/>\n\t<meta name=\"twitter:data1\" content=\"2 minutes\" \/>\n<script type=\"application\/ld+json\" class=\"yoast-schema-graph\">{\"@context\":\"https:\/\/schema.org\",\"@graph\":[{\"@type\":\"WebPage\",\"@id\":\"https:\/\/galagar.com\/fr\/produit\/regulateurs-modele-en-2000\/\",\"url\":\"https:\/\/galagar.com\/fr\/produit\/regulateurs-modele-en-2000\/\",\"name\":\"D\u00e9tendeurs mod\u00e8le EN-2000 | GALA GAR - Productos de soldadura y reguladores de gas - Gas y soldadura\",\"isPartOf\":{\"@id\":\"https:\/\/galagar.com\/fr\/#website\"},\"primaryImageOfPage\":{\"@id\":\"https:\/\/galagar.com\/fr\/produit\/regulateurs-modele-en-2000\/#primaryimage\"},\"image\":{\"@id\":\"https:\/\/galagar.com\/fr\/produit\/regulateurs-modele-en-2000\/#primaryimage\"},\"thumbnailUrl\":\"https:\/\/galagar.com\/wp-content\/uploads\/2022\/01\/EN2000-ARg.jpg\",\"datePublished\":\"2022-01-27T18:44:14+00:00\",\"dateModified\":\"2023-06-16T07:13:10+00:00\",\"description\":\"Mod\u00e8le phare de d\u00e9tendeur\/d\u00e9bilitre pour tous les gaz industriels. Fabrication espagnole pour une qualit\u00e9 maximum.\",\"breadcrumb\":{\"@id\":\"https:\/\/galagar.com\/fr\/produit\/regulateurs-modele-en-2000\/#breadcrumb\"},\"inLanguage\":\"fr-FR\",\"potentialAction\":[{\"@type\":\"ReadAction\",\"target\":[\"https:\/\/galagar.com\/fr\/produit\/regulateurs-modele-en-2000\/\"]}]},{\"@type\":\"ImageObject\",\"inLanguage\":\"fr-FR\",\"@id\":\"https:\/\/galagar.com\/fr\/produit\/regulateurs-modele-en-2000\/#primaryimage\",\"url\":\"https:\/\/galagar.com\/wp-content\/uploads\/2022\/01\/EN2000-ARg.jpg\",\"contentUrl\":\"https:\/\/galagar.com\/wp-content\/uploads\/2022\/01\/EN2000-ARg.jpg\",\"width\":640,\"height\":800},{\"@type\":\"BreadcrumbList\",\"@id\":\"https:\/\/galagar.com\/fr\/produit\/regulateurs-modele-en-2000\/#breadcrumb\",\"itemListElement\":[{\"@type\":\"ListItem\",\"position\":1,\"name\":\"Inicio\",\"item\":\"https:\/\/galagar.com\/fr\/accueil\/\"},{\"@type\":\"ListItem\",\"position\":2,\"name\":\"Boutique\",\"item\":\"https:\/\/galagar.com\/fr\/boutique\/\"},{\"@type\":\"ListItem\",\"position\":3,\"name\":\"Produits\",\"item\":\"https:\/\/galagar.com\/fr\/tienda-online\/produits\/\"},{\"@type\":\"ListItem\",\"position\":4,\"name\":\"R\u00e9gulation des gaz\",\"item\":\"https:\/\/galagar.com\/fr\/tienda-online\/produits\/regulation-des-gaz\/\"},{\"@type\":\"ListItem\",\"position\":5,\"name\":\"D\u00e9tendeurs\",\"item\":\"https:\/\/galagar.com\/fr\/tienda-online\/produits\/regulation-des-gaz\/detendeurs\/\"},{\"@type\":\"ListItem\",\"position\":6,\"name\":\"D\u00e9tendeurs mod\u00e8le EN-2000\"}]},{\"@type\":\"WebSite\",\"@id\":\"https:\/\/galagar.com\/fr\/#website\",\"url\":\"https:\/\/galagar.com\/fr\/\",\"name\":\"GALA GAR - Productos de soldadura y reguladores de gas - Gas y soldadura\",\"description\":\"Gala Gar es fabricante de tecnolog\u00eda competitiva para soldadura (MMA-TIG-MIG\/MAG-CORTE POR PLASMA), regulaci\u00f3n de gases, y para soldadura y corte por gas.\",\"publisher\":{\"@id\":\"https:\/\/galagar.com\/fr\/#organization\"},\"potentialAction\":[{\"@type\":\"SearchAction\",\"target\":{\"@type\":\"EntryPoint\",\"urlTemplate\":\"https:\/\/galagar.com\/fr\/?s={search_term_string}\"},\"query-input\":{\"@type\":\"PropertyValueSpecification\",\"valueRequired\":true,\"valueName\":\"search_term_string\"}}],\"inLanguage\":\"fr-FR\"},{\"@type\":\"Organization\",\"@id\":\"https:\/\/galagar.com\/fr\/#organization\",\"name\":\"GALA GAR welding\",\"url\":\"https:\/\/galagar.com\/fr\/\",\"logo\":{\"@type\":\"ImageObject\",\"inLanguage\":\"fr-FR\",\"@id\":\"https:\/\/galagar.com\/fr\/#\/schema\/logo\/image\/\",\"url\":\"\",\"contentUrl\":\"\",\"caption\":\"GALA GAR welding\"},\"image\":{\"@id\":\"https:\/\/galagar.com\/fr\/#\/schema\/logo\/image\/\"},\"sameAs\":[\"https:\/\/www.facebook.com\/galagarsoldadura\/\",\"https:\/\/www.linkedin.com\/company\/gala-gar-sl\/?trk=biz-companies-cym\",\"https:\/\/www.youtube.com\/user\/galagarsp\",\"https:\/\/www.instagram.com\/galagar_soldadura\/?hl=es\"]}]}<\/script>\n<!-- \/ Yoast SEO plugin. -->","yoast_head_json":{"title":"D\u00e9tendeurs mod\u00e8le EN-2000 | GALA GAR - Productos de soldadura y reguladores de gas - Gas y soldadura","description":"Mod\u00e8le phare de d\u00e9tendeur\/d\u00e9bilitre pour tous les gaz industriels. Fabrication espagnole pour une qualit\u00e9 maximum.","robots":{"index":"index","follow":"follow","max-snippet":"max-snippet:-1","max-image-preview":"max-image-preview:large","max-video-preview":"max-video-preview:-1"},"canonical":"https:\/\/galagar.com\/fr\/produit\/regulateurs-modele-en-2000\/","og_locale":"fr_FR","og_type":"article","og_title":"D\u00e9tendeurs mod\u00e8le EN-2000 | GALA GAR - Productos de soldadura y reguladores de gas - Gas y soldadura","og_description":"Mod\u00e8le phare de d\u00e9tendeur\/d\u00e9bilitre pour tous les gaz industriels. Fabrication espagnole pour une qualit\u00e9 maximum.","og_url":"https:\/\/galagar.com\/fr\/produit\/regulateurs-modele-en-2000\/","og_site_name":"GALA GAR - Productos de soldadura y reguladores de gas - Gas y soldadura","article_publisher":"https:\/\/www.facebook.com\/galagarsoldadura\/","article_modified_time":"2023-06-16T07:13:10+00:00","og_image":[{"width":640,"height":800,"url":"https:\/\/galagar.com\/wp-content\/uploads\/2022\/01\/EN2000-ARg.jpg","type":"image\/jpeg"}],"twitter_card":"summary_large_image","twitter_misc":{"Dur\u00e9e de lecture estim\u00e9e":"2 minutes"},"schema":{"@context":"https:\/\/schema.org","@graph":[{"@type":"WebPage","@id":"https:\/\/galagar.com\/fr\/produit\/regulateurs-modele-en-2000\/","url":"https:\/\/galagar.com\/fr\/produit\/regulateurs-modele-en-2000\/","name":"D\u00e9tendeurs mod\u00e8le EN-2000 | GALA GAR - Productos de soldadura y reguladores de gas - Gas y soldadura","isPartOf":{"@id":"https:\/\/galagar.com\/fr\/#website"},"primaryImageOfPage":{"@id":"https:\/\/galagar.com\/fr\/produit\/regulateurs-modele-en-2000\/#primaryimage"},"image":{"@id":"https:\/\/galagar.com\/fr\/produit\/regulateurs-modele-en-2000\/#primaryimage"},"thumbnailUrl":"https:\/\/galagar.com\/wp-content\/uploads\/2022\/01\/EN2000-ARg.jpg","datePublished":"2022-01-27T18:44:14+00:00","dateModified":"2023-06-16T07:13:10+00:00","description":"Mod\u00e8le phare de d\u00e9tendeur\/d\u00e9bilitre pour tous les gaz industriels. Fabrication espagnole pour une qualit\u00e9 maximum.","breadcrumb":{"@id":"https:\/\/galagar.com\/fr\/produit\/regulateurs-modele-en-2000\/#breadcrumb"},"inLanguage":"fr-FR","potentialAction":[{"@type":"ReadAction","target":["https:\/\/galagar.com\/fr\/produit\/regulateurs-modele-en-2000\/"]}]},{"@type":"ImageObject","inLanguage":"fr-FR","@id":"https:\/\/galagar.com\/fr\/produit\/regulateurs-modele-en-2000\/#primaryimage","url":"https:\/\/galagar.com\/wp-content\/uploads\/2022\/01\/EN2000-ARg.jpg","contentUrl":"https:\/\/galagar.com\/wp-content\/uploads\/2022\/01\/EN2000-ARg.jpg","width":640,"height":800},{"@type":"BreadcrumbList","@id":"https:\/\/galagar.com\/fr\/produit\/regulateurs-modele-en-2000\/#breadcrumb","itemListElement":[{"@type":"ListItem","position":1,"name":"Inicio","item":"https:\/\/galagar.com\/fr\/accueil\/"},{"@type":"ListItem","position":2,"name":"Boutique","item":"https:\/\/galagar.com\/fr\/boutique\/"},{"@type":"ListItem","position":3,"name":"Produits","item":"https:\/\/galagar.com\/fr\/tienda-online\/produits\/"},{"@type":"ListItem","position":4,"name":"R\u00e9gulation des gaz","item":"https:\/\/galagar.com\/fr\/tienda-online\/produits\/regulation-des-gaz\/"},{"@type":"ListItem","position":5,"name":"D\u00e9tendeurs","item":"https:\/\/galagar.com\/fr\/tienda-online\/produits\/regulation-des-gaz\/detendeurs\/"},{"@type":"ListItem","position":6,"name":"D\u00e9tendeurs mod\u00e8le EN-2000"}]},{"@type":"WebSite","@id":"https:\/\/galagar.com\/fr\/#website","url":"https:\/\/galagar.com\/fr\/","name":"GALA GAR - Productos de soldadura y reguladores de gas - Gas y soldadura","description":"Gala Gar es fabricante de tecnolog\u00eda competitiva para soldadura (MMA-TIG-MIG\/MAG-CORTE POR PLASMA), regulaci\u00f3n de gases, y para soldadura y corte por gas.","publisher":{"@id":"https:\/\/galagar.com\/fr\/#organization"},"potentialAction":[{"@type":"SearchAction","target":{"@type":"EntryPoint","urlTemplate":"https:\/\/galagar.com\/fr\/?s={search_term_string}"},"query-input":{"@type":"PropertyValueSpecification","valueRequired":true,"valueName":"search_term_string"}}],"inLanguage":"fr-FR"},{"@type":"Organization","@id":"https:\/\/galagar.com\/fr\/#organization","name":"GALA GAR welding","url":"https:\/\/galagar.com\/fr\/","logo":{"@type":"ImageObject","inLanguage":"fr-FR","@id":"https:\/\/galagar.com\/fr\/#\/schema\/logo\/image\/","url":"","contentUrl":"","caption":"GALA GAR welding"},"image":{"@id":"https:\/\/galagar.com\/fr\/#\/schema\/logo\/image\/"},"sameAs":["https:\/\/www.facebook.com\/galagarsoldadura\/","https:\/\/www.linkedin.com\/company\/gala-gar-sl\/?trk=biz-companies-cym","https:\/\/www.youtube.com\/user\/galagarsp","https:\/\/www.instagram.com\/galagar_soldadura\/?hl=es"]}]}},"_links":{"self":[{"href":"https:\/\/galagar.com\/fr\/wp-json\/wp\/v2\/product\/17282","targetHints":{"allow":["GET"]}}],"collection":[{"href":"https:\/\/galagar.com\/fr\/wp-json\/wp\/v2\/product"}],"about":[{"href":"https:\/\/galagar.com\/fr\/wp-json\/wp\/v2\/types\/product"}],"wp:featuredmedia":[{"embeddable":true,"href":"https:\/\/galagar.com\/fr\/wp-json\/wp\/v2\/media\/17286"}],"wp:attachment":[{"href":"https:\/\/galagar.com\/fr\/wp-json\/wp\/v2\/media?parent=17282"}],"wp:term":[{"taxonomy":"product_brand","embeddable":true,"href":"https:\/\/galagar.com\/fr\/wp-json\/wp\/v2\/product_brand?post=17282"},{"taxonomy":"product_cat","embeddable":true,"href":"https:\/\/galagar.com\/fr\/wp-json\/wp\/v2\/product_cat?post=17282"},{"taxonomy":"product_tag","embeddable":true,"href":"https:\/\/galagar.com\/fr\/wp-json\/wp\/v2\/product_tag?post=17282"}],"curies":[{"name":"wp","href":"https:\/\/api.w.org\/{rel}","templated":true}]}}