{"id":17302,"date":"2022-01-27T19:45:53","date_gmt":"2022-01-27T18:45:53","guid":{"rendered":"https:\/\/dev.galagar.com\/producto\/lunettes-modele-basic\/"},"modified":"2023-04-28T12:43:19","modified_gmt":"2023-04-28T10:43:19","slug":"lunettes-modele-basic","status":"publish","type":"product","link":"https:\/\/galagar.com\/fr\/produit\/lunettes-modele-basic\/","title":{"rendered":"Lunettes Mod\u00e8le Basic"},"content":{"rendered":"<div class=\"fusion-fullwidth fullwidth-box fusion-builder-row-1 fusion-flex-container nonhundred-percent-fullwidth non-hundred-percent-height-scrolling\" style=\"--awb-border-radius-top-left:0px;--awb-border-radius-top-right:0px;--awb-border-radius-bottom-right:0px;--awb-border-radius-bottom-left:0px;--awb-padding-right:0px;--awb-padding-left:0px;--awb-flex-wrap:wrap;\" ><div class=\"fusion-builder-row fusion-row fusion-flex-align-items-flex-start fusion-flex-content-wrap\" style=\"max-width:1216.8px;margin-left: calc(-4% \/ 2 );margin-right: calc(-4% \/ 2 );\"><div class=\"fusion-layout-column fusion_builder_column fusion-builder-column-0 fusion_builder_column_3_5 3_5 fusion-flex-column\" style=\"--awb-bg-size:cover;--awb-width-large:60%;--awb-margin-top-large:0px;--awb-spacing-right-large:3.2%;--awb-margin-bottom-large:20px;--awb-spacing-left-large:3.2%;--awb-width-medium:100%;--awb-order-medium:0;--awb-spacing-right-medium:1.92%;--awb-spacing-left-medium:1.92%;--awb-width-small:100%;--awb-order-small:0;--awb-spacing-right-small:1.92%;--awb-spacing-left-small:1.92%;\"><div class=\"fusion-column-wrapper fusion-column-has-shadow fusion-flex-justify-content-flex-start fusion-content-layout-column\">\n<div class=\"table-2 gal-textos-menores\">\n<table width=\"100%\">\n<thead>\n<tr>\n<th align=\"left\">Caract\u00e9ristiques<\/th>\n<th align=\"left\"><\/th>\n<\/tr>\n<\/thead>\n<tbody>\n<tr>\n<td>Champ de vision<\/td>\n<td>98 x 43 mm<\/td>\n<\/tr>\n<tr>\n<td>Dimensions de la cassette<\/td>\n<td>110 x 90 x 9 mm<\/td>\n<\/tr>\n<tr>\n<td>Protection UV \/ IR<\/td>\n<td>permanent jusqu&#8217;au niveau DIN 16<\/td>\n<\/tr>\n<tr>\n<td>Protection contre les ombres l\u00e9g\u00e8res<\/td>\n<td>DIN 4<\/td>\n<\/tr>\n<tr>\n<td>Protection des tons fonc\u00e9s<\/td>\n<td>DIN 9-13<\/td>\n<\/tr>\n<tr>\n<td>Mat\u00e9riau de la coque<\/td>\n<td>Plastique polyamide r\u00e9sistant aux chocs<\/td>\n<\/tr>\n<tr>\n<td>Poids<\/td>\n<td>435 &#8211; 450 gr<\/td>\n<\/tr>\n<\/tbody>\n<\/table>\n<\/div>\n<\/div><\/div><\/div><\/div>\n","protected":false},"excerpt":{"rendered":"<p><strong>Description :<\/strong><br \/>\nLes premi\u00e8res lunettes de soudage \u00e0 assombrissement automatique au monde.<br \/>\nSuper l\u00e9ger, petit et facile \u00e0 transporter, mais avec une protection et une flexibilit\u00e9 maximales.<br \/>\nLunettes de soudage avec assombrissement automatique et \u00e9cran anti-\u00e9claboussures.<br \/>\nLes concepts multifonctionnels et polyvalents pr\u00e9sent\u00e9s sont id\u00e9aux pour les travaux dans des espaces confin\u00e9s, le soudage de tuyaux, le soudage de ressorts, l&#8217;inspection et l&#8217;instruction des soudures, etc.<\/p>\n<p><strong>Utiliser :<\/strong><br \/>\nMeulage : DIN 3 | Gaz \/ Plasma : DIN 5 \/ 7<br \/>\nMIG\/TIG : DIN 5 \u00e0 13<\/p>\n<p><strong>Comprend.<br \/>\n<\/strong>Lunettes de protection \u00e9lectroniques.<br \/>\n\u00c9cran facial anti-projections.<br \/>\nAdaptateur pour lunettes de vue et 2 protections frontales.<br \/>\nSac de transport.<\/p>\n","protected":false},"featured_media":27384,"template":"","meta":{"_acf_changed":false,"content-type":"","inline_featured_image":false,"_monsterinsights_skip_tracking":false,"_monsterinsights_sitenote_active":false,"_monsterinsights_sitenote_note":"","_monsterinsights_sitenote_category":0,"_joinchat":[]},"product_brand":[],"product_cat":[937,1224,1225,1388],"product_tag":[],"class_list":{"0":"post-17302","1":"product","2":"type-product","3":"status-publish","4":"has-post-thumbnail","6":"product_cat-produits","7":"product_cat-protection","8":"product_cat-masques-de-soudage","9":"product_cat-lunettes-automatiques","11":"first","12":"instock","13":"taxable","14":"shipping-taxable","15":"product-type-simple"},"acf":[],"yoast_head":"<!-- This site is optimized with the Yoast SEO plugin v26.4 - https:\/\/yoast.com\/wordpress\/plugins\/seo\/ -->\n<title>Lunettes Mod\u00e8le Basic | GALA GAR - Productos de soldadura y reguladores de gas - Gas y soldadura<\/title>\n<meta name=\"robots\" content=\"index, follow, max-snippet:-1, max-image-preview:large, max-video-preview:-1\" \/>\n<link rel=\"canonical\" href=\"https:\/\/galagar.com\/fr\/produit\/lunettes-modele-basic\/\" \/>\n<meta property=\"og:locale\" content=\"fr_FR\" \/>\n<meta property=\"og:type\" content=\"article\" \/>\n<meta property=\"og:title\" content=\"Lunettes Mod\u00e8le Basic | GALA GAR - Productos de soldadura y reguladores de gas - Gas y soldadura\" \/>\n<meta property=\"og:description\" content=\"Description : Les premi\u00e8res lunettes de soudage \u00e0 assombrissement automatique au monde. Super l\u00e9ger, petit et facile \u00e0 transporter, mais avec une protection et une flexibilit\u00e9 maximales. Lunettes de soudage avec assombrissement automatique et \u00e9cran anti-\u00e9claboussures. Les concepts multifonctionnels et polyvalents pr\u00e9sent\u00e9s sont id\u00e9aux pour les travaux dans des espaces confin\u00e9s, le soudage de tuyaux, le soudage de ressorts, l&#039;inspection et l&#039;instruction des soudures, etc. Utiliser : Meulage : DIN 3 | Gaz \/ Plasma : DIN 5 \/ 7 MIG\/TIG : DIN 5 \u00e0 13 Comprend. Lunettes de protection \u00e9lectroniques. \u00c9cran facial anti-projections. Adaptateur pour lunettes de vue et 2 protections frontales. Sac de transport.\" \/>\n<meta property=\"og:url\" content=\"https:\/\/galagar.com\/fr\/produit\/lunettes-modele-basic\/\" \/>\n<meta property=\"og:site_name\" content=\"GALA GAR - Productos de soldadura y reguladores de gas - Gas y soldadura\" \/>\n<meta property=\"article:publisher\" content=\"https:\/\/www.facebook.com\/galagarsoldadura\/\" \/>\n<meta property=\"article:modified_time\" content=\"2023-04-28T10:43:19+00:00\" \/>\n<meta property=\"og:image\" content=\"https:\/\/galagar.com\/wp-content\/uploads\/2022\/01\/Gafas-Basic-1.jpg\" \/>\n\t<meta property=\"og:image:width\" content=\"640\" \/>\n\t<meta property=\"og:image:height\" content=\"800\" \/>\n\t<meta property=\"og:image:type\" content=\"image\/jpeg\" \/>\n<meta name=\"twitter:card\" content=\"summary_large_image\" \/>\n<meta name=\"twitter:label1\" content=\"Dur\u00e9e de lecture estim\u00e9e\" \/>\n\t<meta name=\"twitter:data1\" content=\"1 minute\" \/>\n<script type=\"application\/ld+json\" class=\"yoast-schema-graph\">{\"@context\":\"https:\/\/schema.org\",\"@graph\":[{\"@type\":\"WebPage\",\"@id\":\"https:\/\/galagar.com\/fr\/produit\/lunettes-modele-basic\/\",\"url\":\"https:\/\/galagar.com\/fr\/produit\/lunettes-modele-basic\/\",\"name\":\"Lunettes Mod\u00e8le Basic | GALA GAR - Productos de soldadura y reguladores de gas - Gas y soldadura\",\"isPartOf\":{\"@id\":\"https:\/\/galagar.com\/fr\/#website\"},\"primaryImageOfPage\":{\"@id\":\"https:\/\/galagar.com\/fr\/produit\/lunettes-modele-basic\/#primaryimage\"},\"image\":{\"@id\":\"https:\/\/galagar.com\/fr\/produit\/lunettes-modele-basic\/#primaryimage\"},\"thumbnailUrl\":\"https:\/\/galagar.com\/wp-content\/uploads\/2022\/01\/Gafas-Basic-1.jpg\",\"datePublished\":\"2022-01-27T18:45:53+00:00\",\"dateModified\":\"2023-04-28T10:43:19+00:00\",\"breadcrumb\":{\"@id\":\"https:\/\/galagar.com\/fr\/produit\/lunettes-modele-basic\/#breadcrumb\"},\"inLanguage\":\"fr-FR\",\"potentialAction\":[{\"@type\":\"ReadAction\",\"target\":[\"https:\/\/galagar.com\/fr\/produit\/lunettes-modele-basic\/\"]}]},{\"@type\":\"ImageObject\",\"inLanguage\":\"fr-FR\",\"@id\":\"https:\/\/galagar.com\/fr\/produit\/lunettes-modele-basic\/#primaryimage\",\"url\":\"https:\/\/galagar.com\/wp-content\/uploads\/2022\/01\/Gafas-Basic-1.jpg\",\"contentUrl\":\"https:\/\/galagar.com\/wp-content\/uploads\/2022\/01\/Gafas-Basic-1.jpg\",\"width\":640,\"height\":800},{\"@type\":\"BreadcrumbList\",\"@id\":\"https:\/\/galagar.com\/fr\/produit\/lunettes-modele-basic\/#breadcrumb\",\"itemListElement\":[{\"@type\":\"ListItem\",\"position\":1,\"name\":\"Inicio\",\"item\":\"https:\/\/galagar.com\/fr\/accueil\/\"},{\"@type\":\"ListItem\",\"position\":2,\"name\":\"Boutique\",\"item\":\"https:\/\/galagar.com\/fr\/boutique\/\"},{\"@type\":\"ListItem\",\"position\":3,\"name\":\"Produits\",\"item\":\"https:\/\/galagar.com\/fr\/tienda-online\/produits\/\"},{\"@type\":\"ListItem\",\"position\":4,\"name\":\"Protection\",\"item\":\"https:\/\/galagar.com\/fr\/tienda-online\/produits\/protection\/\"},{\"@type\":\"ListItem\",\"position\":5,\"name\":\"Masques de soudage\",\"item\":\"https:\/\/galagar.com\/fr\/tienda-online\/produits\/protection\/masques-de-soudage\/\"},{\"@type\":\"ListItem\",\"position\":6,\"name\":\"Lunettes automatiques\",\"item\":\"https:\/\/galagar.com\/fr\/tienda-online\/produits\/protection\/masques-de-soudage\/lunettes-automatiques\/\"},{\"@type\":\"ListItem\",\"position\":7,\"name\":\"Lunettes Mod\u00e8le Basic\"}]},{\"@type\":\"WebSite\",\"@id\":\"https:\/\/galagar.com\/fr\/#website\",\"url\":\"https:\/\/galagar.com\/fr\/\",\"name\":\"GALA GAR - Productos de soldadura y reguladores de gas - Gas y soldadura\",\"description\":\"Gala Gar es fabricante de tecnolog\u00eda competitiva para soldadura (MMA-TIG-MIG\/MAG-CORTE POR PLASMA), regulaci\u00f3n de gases, y para soldadura y corte por gas.\",\"publisher\":{\"@id\":\"https:\/\/galagar.com\/fr\/#organization\"},\"potentialAction\":[{\"@type\":\"SearchAction\",\"target\":{\"@type\":\"EntryPoint\",\"urlTemplate\":\"https:\/\/galagar.com\/fr\/?s={search_term_string}\"},\"query-input\":{\"@type\":\"PropertyValueSpecification\",\"valueRequired\":true,\"valueName\":\"search_term_string\"}}],\"inLanguage\":\"fr-FR\"},{\"@type\":\"Organization\",\"@id\":\"https:\/\/galagar.com\/fr\/#organization\",\"name\":\"GALA GAR welding\",\"url\":\"https:\/\/galagar.com\/fr\/\",\"logo\":{\"@type\":\"ImageObject\",\"inLanguage\":\"fr-FR\",\"@id\":\"https:\/\/galagar.com\/fr\/#\/schema\/logo\/image\/\",\"url\":\"\",\"contentUrl\":\"\",\"caption\":\"GALA GAR welding\"},\"image\":{\"@id\":\"https:\/\/galagar.com\/fr\/#\/schema\/logo\/image\/\"},\"sameAs\":[\"https:\/\/www.facebook.com\/galagarsoldadura\/\",\"https:\/\/www.linkedin.com\/company\/gala-gar-sl\/?trk=biz-companies-cym\",\"https:\/\/www.youtube.com\/user\/galagarsp\",\"https:\/\/www.instagram.com\/galagar_soldadura\/?hl=es\"]}]}<\/script>\n<!-- \/ Yoast SEO plugin. -->","yoast_head_json":{"title":"Lunettes Mod\u00e8le Basic | GALA GAR - Productos de soldadura y reguladores de gas - Gas y soldadura","robots":{"index":"index","follow":"follow","max-snippet":"max-snippet:-1","max-image-preview":"max-image-preview:large","max-video-preview":"max-video-preview:-1"},"canonical":"https:\/\/galagar.com\/fr\/produit\/lunettes-modele-basic\/","og_locale":"fr_FR","og_type":"article","og_title":"Lunettes Mod\u00e8le Basic | GALA GAR - Productos de soldadura y reguladores de gas - Gas y soldadura","og_description":"Description : Les premi\u00e8res lunettes de soudage \u00e0 assombrissement automatique au monde. Super l\u00e9ger, petit et facile \u00e0 transporter, mais avec une protection et une flexibilit\u00e9 maximales. Lunettes de soudage avec assombrissement automatique et \u00e9cran anti-\u00e9claboussures. Les concepts multifonctionnels et polyvalents pr\u00e9sent\u00e9s sont id\u00e9aux pour les travaux dans des espaces confin\u00e9s, le soudage de tuyaux, le soudage de ressorts, l'inspection et l'instruction des soudures, etc. Utiliser : Meulage : DIN 3 | Gaz \/ Plasma : DIN 5 \/ 7 MIG\/TIG : DIN 5 \u00e0 13 Comprend. Lunettes de protection \u00e9lectroniques. \u00c9cran facial anti-projections. Adaptateur pour lunettes de vue et 2 protections frontales. Sac de transport.","og_url":"https:\/\/galagar.com\/fr\/produit\/lunettes-modele-basic\/","og_site_name":"GALA GAR - Productos de soldadura y reguladores de gas - Gas y soldadura","article_publisher":"https:\/\/www.facebook.com\/galagarsoldadura\/","article_modified_time":"2023-04-28T10:43:19+00:00","og_image":[{"width":640,"height":800,"url":"https:\/\/galagar.com\/wp-content\/uploads\/2022\/01\/Gafas-Basic-1.jpg","type":"image\/jpeg"}],"twitter_card":"summary_large_image","twitter_misc":{"Dur\u00e9e de lecture estim\u00e9e":"1 minute"},"schema":{"@context":"https:\/\/schema.org","@graph":[{"@type":"WebPage","@id":"https:\/\/galagar.com\/fr\/produit\/lunettes-modele-basic\/","url":"https:\/\/galagar.com\/fr\/produit\/lunettes-modele-basic\/","name":"Lunettes Mod\u00e8le Basic | GALA GAR - Productos de soldadura y reguladores de gas - Gas y soldadura","isPartOf":{"@id":"https:\/\/galagar.com\/fr\/#website"},"primaryImageOfPage":{"@id":"https:\/\/galagar.com\/fr\/produit\/lunettes-modele-basic\/#primaryimage"},"image":{"@id":"https:\/\/galagar.com\/fr\/produit\/lunettes-modele-basic\/#primaryimage"},"thumbnailUrl":"https:\/\/galagar.com\/wp-content\/uploads\/2022\/01\/Gafas-Basic-1.jpg","datePublished":"2022-01-27T18:45:53+00:00","dateModified":"2023-04-28T10:43:19+00:00","breadcrumb":{"@id":"https:\/\/galagar.com\/fr\/produit\/lunettes-modele-basic\/#breadcrumb"},"inLanguage":"fr-FR","potentialAction":[{"@type":"ReadAction","target":["https:\/\/galagar.com\/fr\/produit\/lunettes-modele-basic\/"]}]},{"@type":"ImageObject","inLanguage":"fr-FR","@id":"https:\/\/galagar.com\/fr\/produit\/lunettes-modele-basic\/#primaryimage","url":"https:\/\/galagar.com\/wp-content\/uploads\/2022\/01\/Gafas-Basic-1.jpg","contentUrl":"https:\/\/galagar.com\/wp-content\/uploads\/2022\/01\/Gafas-Basic-1.jpg","width":640,"height":800},{"@type":"BreadcrumbList","@id":"https:\/\/galagar.com\/fr\/produit\/lunettes-modele-basic\/#breadcrumb","itemListElement":[{"@type":"ListItem","position":1,"name":"Inicio","item":"https:\/\/galagar.com\/fr\/accueil\/"},{"@type":"ListItem","position":2,"name":"Boutique","item":"https:\/\/galagar.com\/fr\/boutique\/"},{"@type":"ListItem","position":3,"name":"Produits","item":"https:\/\/galagar.com\/fr\/tienda-online\/produits\/"},{"@type":"ListItem","position":4,"name":"Protection","item":"https:\/\/galagar.com\/fr\/tienda-online\/produits\/protection\/"},{"@type":"ListItem","position":5,"name":"Masques de soudage","item":"https:\/\/galagar.com\/fr\/tienda-online\/produits\/protection\/masques-de-soudage\/"},{"@type":"ListItem","position":6,"name":"Lunettes automatiques","item":"https:\/\/galagar.com\/fr\/tienda-online\/produits\/protection\/masques-de-soudage\/lunettes-automatiques\/"},{"@type":"ListItem","position":7,"name":"Lunettes Mod\u00e8le Basic"}]},{"@type":"WebSite","@id":"https:\/\/galagar.com\/fr\/#website","url":"https:\/\/galagar.com\/fr\/","name":"GALA GAR - Productos de soldadura y reguladores de gas - Gas y soldadura","description":"Gala Gar es fabricante de tecnolog\u00eda competitiva para soldadura (MMA-TIG-MIG\/MAG-CORTE POR PLASMA), regulaci\u00f3n de gases, y para soldadura y corte por gas.","publisher":{"@id":"https:\/\/galagar.com\/fr\/#organization"},"potentialAction":[{"@type":"SearchAction","target":{"@type":"EntryPoint","urlTemplate":"https:\/\/galagar.com\/fr\/?s={search_term_string}"},"query-input":{"@type":"PropertyValueSpecification","valueRequired":true,"valueName":"search_term_string"}}],"inLanguage":"fr-FR"},{"@type":"Organization","@id":"https:\/\/galagar.com\/fr\/#organization","name":"GALA GAR welding","url":"https:\/\/galagar.com\/fr\/","logo":{"@type":"ImageObject","inLanguage":"fr-FR","@id":"https:\/\/galagar.com\/fr\/#\/schema\/logo\/image\/","url":"","contentUrl":"","caption":"GALA GAR welding"},"image":{"@id":"https:\/\/galagar.com\/fr\/#\/schema\/logo\/image\/"},"sameAs":["https:\/\/www.facebook.com\/galagarsoldadura\/","https:\/\/www.linkedin.com\/company\/gala-gar-sl\/?trk=biz-companies-cym","https:\/\/www.youtube.com\/user\/galagarsp","https:\/\/www.instagram.com\/galagar_soldadura\/?hl=es"]}]}},"_links":{"self":[{"href":"https:\/\/galagar.com\/fr\/wp-json\/wp\/v2\/product\/17302","targetHints":{"allow":["GET"]}}],"collection":[{"href":"https:\/\/galagar.com\/fr\/wp-json\/wp\/v2\/product"}],"about":[{"href":"https:\/\/galagar.com\/fr\/wp-json\/wp\/v2\/types\/product"}],"wp:featuredmedia":[{"embeddable":true,"href":"https:\/\/galagar.com\/fr\/wp-json\/wp\/v2\/media\/27384"}],"wp:attachment":[{"href":"https:\/\/galagar.com\/fr\/wp-json\/wp\/v2\/media?parent=17302"}],"wp:term":[{"taxonomy":"product_brand","embeddable":true,"href":"https:\/\/galagar.com\/fr\/wp-json\/wp\/v2\/product_brand?post=17302"},{"taxonomy":"product_cat","embeddable":true,"href":"https:\/\/galagar.com\/fr\/wp-json\/wp\/v2\/product_cat?post=17302"},{"taxonomy":"product_tag","embeddable":true,"href":"https:\/\/galagar.com\/fr\/wp-json\/wp\/v2\/product_tag?post=17302"}],"curies":[{"name":"wp","href":"https:\/\/api.w.org\/{rel}","templated":true}]}}