{"id":17350,"date":"2022-01-27T19:46:41","date_gmt":"2022-01-27T18:46:41","guid":{"rendered":"https:\/\/dev.galagar.com\/producto\/masques-galaxy-pro\/"},"modified":"2023-04-28T12:43:20","modified_gmt":"2023-04-28T10:43:20","slug":"masques-galaxy-pro","status":"publish","type":"product","link":"https:\/\/galagar.com\/fr\/produit\/masques-galaxy-pro\/","title":{"rendered":"Masques Galaxy PRO"},"content":{"rendered":"<div class=\"fusion-fullwidth fullwidth-box fusion-builder-row-1 fusion-flex-container has-pattern-background has-mask-background nonhundred-percent-fullwidth non-hundred-percent-height-scrolling\" style=\"--awb-border-radius-top-left:0px;--awb-border-radius-top-right:0px;--awb-border-radius-bottom-right:0px;--awb-border-radius-bottom-left:0px;--awb-flex-wrap:wrap;\" ><div class=\"fusion-builder-row fusion-row fusion-flex-align-items-flex-start fusion-flex-content-wrap\" style=\"max-width:1216.8px;margin-left: calc(-4% \/ 2 );margin-right: calc(-4% \/ 2 );\"><div class=\"fusion-layout-column fusion_builder_column fusion-builder-column-0 fusion_builder_column_3_5 3_5 fusion-flex-column\" style=\"--awb-bg-size:cover;--awb-width-large:60%;--awb-margin-top-large:0px;--awb-spacing-right-large:3.2%;--awb-margin-bottom-large:20px;--awb-spacing-left-large:3.2%;--awb-width-medium:100%;--awb-order-medium:0;--awb-spacing-right-medium:1.92%;--awb-spacing-left-medium:1.92%;--awb-width-small:100%;--awb-order-small:0;--awb-spacing-right-small:1.92%;--awb-spacing-left-small:1.92%;\"><div class=\"fusion-column-wrapper fusion-column-has-shadow fusion-flex-justify-content-flex-start fusion-content-layout-column\">\n<div class=\"table-2\">\n<table width=\"100%\">\n<thead>\n<tr>\n<th align=\"left\">Caract\u00e9ristiques selon le mod\u00e8le<\/th>\n<th align=\"left\"><\/th>\n<th align=\"left\"><\/th>\n<th align=\"left\"><\/th>\n<\/tr>\n<\/thead>\n<tbody>\n<tr>\n<td align=\"left\">Description<\/td>\n<td align=\"left\">Applications<\/td>\n<td align=\"left\">Extras<\/td>\n<td align=\"left\">R\u00e9f\u00e9rence<\/td>\n<\/tr>\n<tr>\n<td align=\"left\">Mod\u00e8le Casette 100&#215;67 mm.<\/td>\n<td align=\"left\">Soudage et meulage<\/td>\n<td align=\"left\">Pliage<\/td>\n<td align=\"left\">30058S13<\/td>\n<\/tr>\n<tr>\n<td align=\"left\">Mod\u00e8le de casette 93&#215;43 mm.<\/td>\n<td align=\"left\">Soudage et meulage<\/td>\n<td align=\"left\">Pliage<\/td>\n<td align=\"left\">30058S4<\/td>\n<\/tr>\n<tr>\n<td align=\"left\">Mod\u00e8le Tone DIN 5<\/td>\n<td align=\"left\">Plasma\/autog\u00e8ne<\/td>\n<td align=\"left\"><\/td>\n<td align=\"left\">3007705<\/td>\n<\/tr>\n<tr>\n<td align=\"left\">Mod\u00e8le Tonalit\u00e9 transparente<\/td>\n<td align=\"left\">Broyage<\/td>\n<td align=\"left\"><\/td>\n<td align=\"left\">3007700<\/td>\n<\/tr>\n<\/tbody>\n<\/table>\n<\/div>\n<\/div><\/div><div class=\"fusion-layout-column fusion_builder_column fusion-builder-column-1 fusion_builder_column_2_5 2_5 fusion-flex-column\" style=\"--awb-bg-size:cover;--awb-width-large:40%;--awb-margin-top-large:0px;--awb-spacing-right-large:4.8%;--awb-margin-bottom-large:20px;--awb-spacing-left-large:4.8%;--awb-width-medium:100%;--awb-order-medium:0;--awb-spacing-right-medium:1.92%;--awb-spacing-left-medium:1.92%;--awb-width-small:100%;--awb-order-small:0;--awb-spacing-right-small:1.92%;--awb-spacing-left-small:1.92%;\"><div class=\"fusion-column-wrapper fusion-column-has-shadow fusion-flex-justify-content-flex-start fusion-content-layout-column\"><div class=\"fusion-image-element \" style=\"--awb-caption-title-font-family:var(--h2_typography-font-family);--awb-caption-title-font-weight:var(--h2_typography-font-weight);--awb-caption-title-font-style:var(--h2_typography-font-style);--awb-caption-title-size:var(--h2_typography-font-size);--awb-caption-title-transform:var(--h2_typography-text-transform);--awb-caption-title-line-height:var(--h2_typography-line-height);--awb-caption-title-letter-spacing:var(--h2_typography-letter-spacing);\"><span class=\" fusion-imageframe imageframe-none imageframe-1 hover-type-none\"><img decoding=\"async\" width=\"905\" height=\"571\" title=\"Vsion-Periferic-PQ\" src=\"https:\/\/galagar.com\/wp-content\/uploads\/2022\/01\/Vsion-Periferic-PQ.jpg\" data-orig-src=\"https:\/\/galagar.com\/wp-content\/uploads\/2022\/01\/Vsion-Periferic-PQ.jpg\" alt class=\"lazyload img-responsive wp-image-17372\" srcset=\"data:image\/svg+xml,%3Csvg%20xmlns%3D%27http%3A%2F%2Fwww.w3.org%2F2000%2Fsvg%27%20width%3D%27905%27%20height%3D%27571%27%20viewBox%3D%270%200%20905%20571%27%3E%3Crect%20width%3D%27905%27%20height%3D%27571%27%20fill-opacity%3D%220%22%2F%3E%3C%2Fsvg%3E\" data-srcset=\"https:\/\/galagar.com\/wp-content\/uploads\/2022\/01\/Vsion-Periferic-PQ-200x126.jpg 200w, https:\/\/galagar.com\/wp-content\/uploads\/2022\/01\/Vsion-Periferic-PQ-400x252.jpg 400w, https:\/\/galagar.com\/wp-content\/uploads\/2022\/01\/Vsion-Periferic-PQ-600x379.jpg 600w, https:\/\/galagar.com\/wp-content\/uploads\/2022\/01\/Vsion-Periferic-PQ-800x505.jpg 800w, https:\/\/galagar.com\/wp-content\/uploads\/2022\/01\/Vsion-Periferic-PQ.jpg 905w\" data-sizes=\"auto\" data-orig-sizes=\"(max-width: 1024px) 100vw, (max-width: 640px) 100vw, 600px\" \/><\/span><\/div><div class=\"fusion-separator fusion-full-width-sep\" style=\"align-self: center;margin-left: auto;margin-right: auto;flex-grow:1;margin-top:20px;width:100%;\"><div class=\"fusion-separator-border sep-single\" style=\"--awb-height:20px;--awb-amount:20px;border-color:#e2e3e3;border-top-width:0px;\"><\/div><\/div><div class=\"fusion-text fusion-text-1\"><p><strong>Vision p\u00e9riph\u00e9rique et couleurs naturelles<\/strong><br \/>\nCouleur = vision naturelle<br \/>\nQualit\u00e9 optique : 1 \/ 1 \/ 1 \/ 1 \/ 2<br \/>\n2 tailles : 93&#215;43 mm. et 100&#215;67 mm.<br \/>\n4 capteurs ind\u00e9pendants<br \/>\nSolaire, avec des piles au lithium rempla\u00e7ables.<br \/>\nR\u00e8glement DIN 9-13<br \/>\nTonalit\u00e9 fixe DIN 5 (Plasma \/ Autog\u00e8ne)<br \/>\nR\u00e8glement : sensibilit\u00e9 et d\u00e9lai<\/p>\n<\/div><\/div><\/div><\/div><\/div>\n","protected":false},"excerpt":{"rendered":"<p>Parfait pour une utilisation sur des postes de travail fixes permettant une mobilit\u00e9 totale du soudeur.<\/p>\n<p><strong>Caract\u00e9ristiques :<\/strong><br \/>\nPliable, permet le travail de meulage, ombre transparente avec protection respiratoire.<br \/>\nVue lat\u00e9rale de 160\u00b0 en standard.<br \/>\nR\u00e9glage de la hauteur, de la largeur, de l&#8217;inclinaison et de la longueur (utilisation avec des lunettes).<br \/>\nBatterie au lithium rempla\u00e7able et rechargeable (8 heures d&#8217;autonomie) avec alarme visuelle et sonore de batterie faible.<br \/>\n2 d\u00e9bits d&#8217;air : 180 et 220 l\/m. &#8211; Niveau sonore : 65 db.<br \/>\nPr\u00e9filtre et filtre TH2 PRSL.<\/p>\n<p><strong>Applications :<\/strong><br \/>\nParfait pour une utilisation sur des postes de travail fixes permettant une mobilit\u00e9 totale du soudeur.<br \/>\nG\u00e9n\u00e9rateur d&#8217;air \/ filtre \/ Alarme visuelle et sonore en cas de d\u00e9bit insuffisant ou de colmatage.<br \/>\nUtilisation individuelle.<\/p>\n<h4><span style=\"color: #008000;\"><strong>LA VISION P\u00c9RIPH\u00c9RIQUE ET LES COULEURS NATURELLES<\/strong><\/span><\/h4>\n<h6><span style=\"color: #999999;\">Standard Ecran facial : EN 175 -B Polycarbonate : EN 166-B Casette : EN 379 1\/1\/1\/2  <\/span><br \/>\n<span style=\"color: #999999;\">Certification : EN12941 TH2 PRSL \/ CE \/ ANSI CSA AS \/ NZS<\/span><\/h6>\n","protected":false},"featured_media":17355,"template":"","meta":{"_acf_changed":false,"content-type":"","inline_featured_image":false,"_monsterinsights_skip_tracking":false,"_monsterinsights_sitenote_active":false,"_monsterinsights_sitenote_note":"","_monsterinsights_sitenote_category":0,"_joinchat":[]},"product_brand":[],"product_cat":[937,1224,1225,1394],"product_tag":[],"class_list":{"0":"post-17350","1":"product","2":"type-product","3":"status-publish","4":"has-post-thumbnail","6":"product_cat-produits","7":"product_cat-protection","8":"product_cat-masques-de-soudage","9":"product_cat-respiration-autonome","11":"first","12":"instock","13":"taxable","14":"shipping-taxable","15":"product-type-variable"},"acf":[],"yoast_head":"<!-- This site is optimized with the Yoast SEO plugin v26.4 - https:\/\/yoast.com\/wordpress\/plugins\/seo\/ -->\n<title>Masques Galaxy PRO | GALA GAR - Productos de soldadura y reguladores de gas - Gas y soldadura<\/title>\n<meta name=\"robots\" content=\"index, follow, max-snippet:-1, max-image-preview:large, max-video-preview:-1\" \/>\n<link rel=\"canonical\" href=\"https:\/\/galagar.com\/fr\/produit\/masques-galaxy-pro\/\" \/>\n<meta property=\"og:locale\" content=\"fr_FR\" \/>\n<meta property=\"og:type\" content=\"article\" \/>\n<meta property=\"og:title\" content=\"Masques Galaxy PRO | GALA GAR - Productos de soldadura y reguladores de gas - Gas y soldadura\" \/>\n<meta property=\"og:description\" content=\"Parfait pour une utilisation sur des postes de travail fixes permettant une mobilit\u00e9 totale du soudeur. Caract\u00e9ristiques : Pliable, permet le travail de meulage, ombre transparente avec protection respiratoire. Vue lat\u00e9rale de 160\u00b0 en standard. R\u00e9glage de la hauteur, de la largeur, de l&#039;inclinaison et de la longueur (utilisation avec des lunettes). Batterie au lithium rempla\u00e7able et rechargeable (8 heures d&#039;autonomie) avec alarme visuelle et sonore de batterie faible. 2 d\u00e9bits d&#039;air : 180 et 220 l\/m. - Niveau sonore : 65 db. Pr\u00e9filtre et filtre TH2 PRSL. Applications : Parfait pour une utilisation sur des postes de travail fixes permettant une mobilit\u00e9 totale du soudeur. G\u00e9n\u00e9rateur d&#039;air \/ filtre \/ Alarme visuelle et sonore en cas de d\u00e9bit insuffisant ou de colmatage. Utilisation individuelle. LA VISION P\u00c9RIPH\u00c9RIQUE ET LES COULEURS NATURELLES Standard Ecran facial : EN 175 -B Polycarbonate : EN 166-B Casette : EN 379 1\/1\/1\/2  Certification : EN12941 TH2 PRSL \/ CE \/ ANSI CSA AS \/ NZS\" \/>\n<meta property=\"og:url\" content=\"https:\/\/galagar.com\/fr\/produit\/masques-galaxy-pro\/\" \/>\n<meta property=\"og:site_name\" content=\"GALA GAR - Productos de soldadura y reguladores de gas - Gas y soldadura\" \/>\n<meta property=\"article:publisher\" content=\"https:\/\/www.facebook.com\/galagarsoldadura\/\" \/>\n<meta property=\"article:modified_time\" content=\"2023-04-28T10:43:20+00:00\" \/>\n<meta property=\"og:image\" content=\"https:\/\/galagar.com\/wp-content\/uploads\/2022\/01\/Galaxy-PRO-2.jpg\" \/>\n\t<meta property=\"og:image:width\" content=\"640\" \/>\n\t<meta property=\"og:image:height\" content=\"800\" \/>\n\t<meta property=\"og:image:type\" content=\"image\/jpeg\" \/>\n<meta name=\"twitter:card\" content=\"summary_large_image\" \/>\n<meta name=\"twitter:label1\" content=\"Dur\u00e9e de lecture estim\u00e9e\" \/>\n\t<meta name=\"twitter:data1\" content=\"3 minutes\" \/>\n<script type=\"application\/ld+json\" class=\"yoast-schema-graph\">{\"@context\":\"https:\/\/schema.org\",\"@graph\":[{\"@type\":\"WebPage\",\"@id\":\"https:\/\/galagar.com\/fr\/produit\/masques-galaxy-pro\/\",\"url\":\"https:\/\/galagar.com\/fr\/produit\/masques-galaxy-pro\/\",\"name\":\"Masques Galaxy PRO | GALA GAR - Productos de soldadura y reguladores de gas - Gas y soldadura\",\"isPartOf\":{\"@id\":\"https:\/\/galagar.com\/fr\/#website\"},\"primaryImageOfPage\":{\"@id\":\"https:\/\/galagar.com\/fr\/produit\/masques-galaxy-pro\/#primaryimage\"},\"image\":{\"@id\":\"https:\/\/galagar.com\/fr\/produit\/masques-galaxy-pro\/#primaryimage\"},\"thumbnailUrl\":\"https:\/\/galagar.com\/wp-content\/uploads\/2022\/01\/Galaxy-PRO-2.jpg\",\"datePublished\":\"2022-01-27T18:46:41+00:00\",\"dateModified\":\"2023-04-28T10:43:20+00:00\",\"breadcrumb\":{\"@id\":\"https:\/\/galagar.com\/fr\/produit\/masques-galaxy-pro\/#breadcrumb\"},\"inLanguage\":\"fr-FR\",\"potentialAction\":[{\"@type\":\"ReadAction\",\"target\":[\"https:\/\/galagar.com\/fr\/produit\/masques-galaxy-pro\/\"]}]},{\"@type\":\"ImageObject\",\"inLanguage\":\"fr-FR\",\"@id\":\"https:\/\/galagar.com\/fr\/produit\/masques-galaxy-pro\/#primaryimage\",\"url\":\"https:\/\/galagar.com\/wp-content\/uploads\/2022\/01\/Galaxy-PRO-2.jpg\",\"contentUrl\":\"https:\/\/galagar.com\/wp-content\/uploads\/2022\/01\/Galaxy-PRO-2.jpg\",\"width\":640,\"height\":800},{\"@type\":\"BreadcrumbList\",\"@id\":\"https:\/\/galagar.com\/fr\/produit\/masques-galaxy-pro\/#breadcrumb\",\"itemListElement\":[{\"@type\":\"ListItem\",\"position\":1,\"name\":\"Inicio\",\"item\":\"https:\/\/galagar.com\/fr\/accueil\/\"},{\"@type\":\"ListItem\",\"position\":2,\"name\":\"Boutique\",\"item\":\"https:\/\/galagar.com\/fr\/boutique\/\"},{\"@type\":\"ListItem\",\"position\":3,\"name\":\"Produits\",\"item\":\"https:\/\/galagar.com\/fr\/tienda-online\/produits\/\"},{\"@type\":\"ListItem\",\"position\":4,\"name\":\"Protection\",\"item\":\"https:\/\/galagar.com\/fr\/tienda-online\/produits\/protection\/\"},{\"@type\":\"ListItem\",\"position\":5,\"name\":\"Masques de soudage\",\"item\":\"https:\/\/galagar.com\/fr\/tienda-online\/produits\/protection\/masques-de-soudage\/\"},{\"@type\":\"ListItem\",\"position\":6,\"name\":\"Respiration autonome\",\"item\":\"https:\/\/galagar.com\/fr\/tienda-online\/produits\/protection\/masques-de-soudage\/respiration-autonome\/\"},{\"@type\":\"ListItem\",\"position\":7,\"name\":\"Masques Galaxy PRO\"}]},{\"@type\":\"WebSite\",\"@id\":\"https:\/\/galagar.com\/fr\/#website\",\"url\":\"https:\/\/galagar.com\/fr\/\",\"name\":\"GALA GAR - Productos de soldadura y reguladores de gas - Gas y soldadura\",\"description\":\"Gala Gar es fabricante de tecnolog\u00eda competitiva para soldadura (MMA-TIG-MIG\/MAG-CORTE POR PLASMA), regulaci\u00f3n de gases, y para soldadura y corte por gas.\",\"publisher\":{\"@id\":\"https:\/\/galagar.com\/fr\/#organization\"},\"potentialAction\":[{\"@type\":\"SearchAction\",\"target\":{\"@type\":\"EntryPoint\",\"urlTemplate\":\"https:\/\/galagar.com\/fr\/?s={search_term_string}\"},\"query-input\":{\"@type\":\"PropertyValueSpecification\",\"valueRequired\":true,\"valueName\":\"search_term_string\"}}],\"inLanguage\":\"fr-FR\"},{\"@type\":\"Organization\",\"@id\":\"https:\/\/galagar.com\/fr\/#organization\",\"name\":\"GALA GAR welding\",\"url\":\"https:\/\/galagar.com\/fr\/\",\"logo\":{\"@type\":\"ImageObject\",\"inLanguage\":\"fr-FR\",\"@id\":\"https:\/\/galagar.com\/fr\/#\/schema\/logo\/image\/\",\"url\":\"\",\"contentUrl\":\"\",\"caption\":\"GALA GAR welding\"},\"image\":{\"@id\":\"https:\/\/galagar.com\/fr\/#\/schema\/logo\/image\/\"},\"sameAs\":[\"https:\/\/www.facebook.com\/galagarsoldadura\/\",\"https:\/\/www.linkedin.com\/company\/gala-gar-sl\/?trk=biz-companies-cym\",\"https:\/\/www.youtube.com\/user\/galagarsp\",\"https:\/\/www.instagram.com\/galagar_soldadura\/?hl=es\"]}]}<\/script>\n<!-- \/ Yoast SEO plugin. -->","yoast_head_json":{"title":"Masques Galaxy PRO | GALA GAR - Productos de soldadura y reguladores de gas - Gas y soldadura","robots":{"index":"index","follow":"follow","max-snippet":"max-snippet:-1","max-image-preview":"max-image-preview:large","max-video-preview":"max-video-preview:-1"},"canonical":"https:\/\/galagar.com\/fr\/produit\/masques-galaxy-pro\/","og_locale":"fr_FR","og_type":"article","og_title":"Masques Galaxy PRO | GALA GAR - Productos de soldadura y reguladores de gas - Gas y soldadura","og_description":"Parfait pour une utilisation sur des postes de travail fixes permettant une mobilit\u00e9 totale du soudeur. Caract\u00e9ristiques : Pliable, permet le travail de meulage, ombre transparente avec protection respiratoire. Vue lat\u00e9rale de 160\u00b0 en standard. R\u00e9glage de la hauteur, de la largeur, de l'inclinaison et de la longueur (utilisation avec des lunettes). Batterie au lithium rempla\u00e7able et rechargeable (8 heures d'autonomie) avec alarme visuelle et sonore de batterie faible. 2 d\u00e9bits d'air : 180 et 220 l\/m. - Niveau sonore : 65 db. Pr\u00e9filtre et filtre TH2 PRSL. Applications : Parfait pour une utilisation sur des postes de travail fixes permettant une mobilit\u00e9 totale du soudeur. G\u00e9n\u00e9rateur d'air \/ filtre \/ Alarme visuelle et sonore en cas de d\u00e9bit insuffisant ou de colmatage. Utilisation individuelle. LA VISION P\u00c9RIPH\u00c9RIQUE ET LES COULEURS NATURELLES Standard Ecran facial : EN 175 -B Polycarbonate : EN 166-B Casette : EN 379 1\/1\/1\/2  Certification : EN12941 TH2 PRSL \/ CE \/ ANSI CSA AS \/ NZS","og_url":"https:\/\/galagar.com\/fr\/produit\/masques-galaxy-pro\/","og_site_name":"GALA GAR - Productos de soldadura y reguladores de gas - Gas y soldadura","article_publisher":"https:\/\/www.facebook.com\/galagarsoldadura\/","article_modified_time":"2023-04-28T10:43:20+00:00","og_image":[{"width":640,"height":800,"url":"https:\/\/galagar.com\/wp-content\/uploads\/2022\/01\/Galaxy-PRO-2.jpg","type":"image\/jpeg"}],"twitter_card":"summary_large_image","twitter_misc":{"Dur\u00e9e de lecture estim\u00e9e":"3 minutes"},"schema":{"@context":"https:\/\/schema.org","@graph":[{"@type":"WebPage","@id":"https:\/\/galagar.com\/fr\/produit\/masques-galaxy-pro\/","url":"https:\/\/galagar.com\/fr\/produit\/masques-galaxy-pro\/","name":"Masques Galaxy PRO | GALA GAR - Productos de soldadura y reguladores de gas - Gas y soldadura","isPartOf":{"@id":"https:\/\/galagar.com\/fr\/#website"},"primaryImageOfPage":{"@id":"https:\/\/galagar.com\/fr\/produit\/masques-galaxy-pro\/#primaryimage"},"image":{"@id":"https:\/\/galagar.com\/fr\/produit\/masques-galaxy-pro\/#primaryimage"},"thumbnailUrl":"https:\/\/galagar.com\/wp-content\/uploads\/2022\/01\/Galaxy-PRO-2.jpg","datePublished":"2022-01-27T18:46:41+00:00","dateModified":"2023-04-28T10:43:20+00:00","breadcrumb":{"@id":"https:\/\/galagar.com\/fr\/produit\/masques-galaxy-pro\/#breadcrumb"},"inLanguage":"fr-FR","potentialAction":[{"@type":"ReadAction","target":["https:\/\/galagar.com\/fr\/produit\/masques-galaxy-pro\/"]}]},{"@type":"ImageObject","inLanguage":"fr-FR","@id":"https:\/\/galagar.com\/fr\/produit\/masques-galaxy-pro\/#primaryimage","url":"https:\/\/galagar.com\/wp-content\/uploads\/2022\/01\/Galaxy-PRO-2.jpg","contentUrl":"https:\/\/galagar.com\/wp-content\/uploads\/2022\/01\/Galaxy-PRO-2.jpg","width":640,"height":800},{"@type":"BreadcrumbList","@id":"https:\/\/galagar.com\/fr\/produit\/masques-galaxy-pro\/#breadcrumb","itemListElement":[{"@type":"ListItem","position":1,"name":"Inicio","item":"https:\/\/galagar.com\/fr\/accueil\/"},{"@type":"ListItem","position":2,"name":"Boutique","item":"https:\/\/galagar.com\/fr\/boutique\/"},{"@type":"ListItem","position":3,"name":"Produits","item":"https:\/\/galagar.com\/fr\/tienda-online\/produits\/"},{"@type":"ListItem","position":4,"name":"Protection","item":"https:\/\/galagar.com\/fr\/tienda-online\/produits\/protection\/"},{"@type":"ListItem","position":5,"name":"Masques de soudage","item":"https:\/\/galagar.com\/fr\/tienda-online\/produits\/protection\/masques-de-soudage\/"},{"@type":"ListItem","position":6,"name":"Respiration autonome","item":"https:\/\/galagar.com\/fr\/tienda-online\/produits\/protection\/masques-de-soudage\/respiration-autonome\/"},{"@type":"ListItem","position":7,"name":"Masques Galaxy PRO"}]},{"@type":"WebSite","@id":"https:\/\/galagar.com\/fr\/#website","url":"https:\/\/galagar.com\/fr\/","name":"GALA GAR - Productos de soldadura y reguladores de gas - Gas y soldadura","description":"Gala Gar es fabricante de tecnolog\u00eda competitiva para soldadura (MMA-TIG-MIG\/MAG-CORTE POR PLASMA), regulaci\u00f3n de gases, y para soldadura y corte por gas.","publisher":{"@id":"https:\/\/galagar.com\/fr\/#organization"},"potentialAction":[{"@type":"SearchAction","target":{"@type":"EntryPoint","urlTemplate":"https:\/\/galagar.com\/fr\/?s={search_term_string}"},"query-input":{"@type":"PropertyValueSpecification","valueRequired":true,"valueName":"search_term_string"}}],"inLanguage":"fr-FR"},{"@type":"Organization","@id":"https:\/\/galagar.com\/fr\/#organization","name":"GALA GAR welding","url":"https:\/\/galagar.com\/fr\/","logo":{"@type":"ImageObject","inLanguage":"fr-FR","@id":"https:\/\/galagar.com\/fr\/#\/schema\/logo\/image\/","url":"","contentUrl":"","caption":"GALA GAR welding"},"image":{"@id":"https:\/\/galagar.com\/fr\/#\/schema\/logo\/image\/"},"sameAs":["https:\/\/www.facebook.com\/galagarsoldadura\/","https:\/\/www.linkedin.com\/company\/gala-gar-sl\/?trk=biz-companies-cym","https:\/\/www.youtube.com\/user\/galagarsp","https:\/\/www.instagram.com\/galagar_soldadura\/?hl=es"]}]}},"_links":{"self":[{"href":"https:\/\/galagar.com\/fr\/wp-json\/wp\/v2\/product\/17350","targetHints":{"allow":["GET"]}}],"collection":[{"href":"https:\/\/galagar.com\/fr\/wp-json\/wp\/v2\/product"}],"about":[{"href":"https:\/\/galagar.com\/fr\/wp-json\/wp\/v2\/types\/product"}],"wp:featuredmedia":[{"embeddable":true,"href":"https:\/\/galagar.com\/fr\/wp-json\/wp\/v2\/media\/17355"}],"wp:attachment":[{"href":"https:\/\/galagar.com\/fr\/wp-json\/wp\/v2\/media?parent=17350"}],"wp:term":[{"taxonomy":"product_brand","embeddable":true,"href":"https:\/\/galagar.com\/fr\/wp-json\/wp\/v2\/product_brand?post=17350"},{"taxonomy":"product_cat","embeddable":true,"href":"https:\/\/galagar.com\/fr\/wp-json\/wp\/v2\/product_cat?post=17350"},{"taxonomy":"product_tag","embeddable":true,"href":"https:\/\/galagar.com\/fr\/wp-json\/wp\/v2\/product_tag?post=17350"}],"curies":[{"name":"wp","href":"https:\/\/api.w.org\/{rel}","templated":true}]}}