{"id":17399,"date":"2022-01-27T19:47:25","date_gmt":"2022-01-27T18:47:25","guid":{"rendered":"https:\/\/dev.galagar.com\/producto\/masque-clean-space-ex\/"},"modified":"2022-01-27T19:47:25","modified_gmt":"2022-01-27T18:47:25","slug":"clean-space-ex","status":"publish","type":"product","link":"https:\/\/galagar.com\/fr\/produit\/clean-space-ex\/","title":{"rendered":"Masque Clean Space EX"},"content":{"rendered":"","protected":false},"excerpt":{"rendered":"<p><strong>Description :<\/strong><br \/>\nTravaillez confortablement et sans effort gr\u00e2ce \u00e0 la filtration des particules HEPA (P3\/TM3).<br \/>\nClean Space est la seule option de masques de protection qui garantit la conformit\u00e9 aux exigences, gr\u00e2ce \u00e0 sa commodit\u00e9 et \u00e0 sa simplicit\u00e9 d&#8217;utilisation.<\/p>\n<p><strong>Caract\u00e9ristiques :<\/strong><br \/>\nEfficacit\u00e9 de filtration de 99,97 % pour les particules de 0,3 micron et plus.<br \/>\nProt\u00e8ge contre les poussi\u00e8res, les vapeurs, les fum\u00e9es et les radionucl\u00e9ides.<br \/>\nId\u00e9al pour le plomb, l&#8217;amiante, la silice et les risques biologiques.<br \/>\nDes filtres \u00e0 gaz combin\u00e9s sont \u00e9galement disponibles.<\/p>\n<p><strong>Charbon souterrain<\/strong><br \/>\n<strong>P\u00e9trole et gaz<\/strong><br \/>\n<strong>P\u00e9trochimie<\/strong><br \/>\n<strong>Manipulation de produits chimiques<\/strong><\/p>\n<p><strong>Convient pour :<\/strong><br \/>\nGaz et vapeurs organiques dont le point d&#8217;\u00e9bullition est &gt; 65\u00baC.<br \/>\nDioxyde de soufre, autres gaz acides, ammoniac et ses d\u00e9riv\u00e9s, particules, solvants organiques et inorganiques.<strong><br \/>\n<\/strong><\/p>\n","protected":false},"featured_media":17412,"template":"","meta":{"_acf_changed":false,"content-type":"","inline_featured_image":false,"_monsterinsights_skip_tracking":false,"_monsterinsights_sitenote_active":false,"_monsterinsights_sitenote_note":"","_monsterinsights_sitenote_category":0,"_joinchat":[]},"product_brand":[],"product_cat":[80],"product_tag":[],"class_list":{"0":"post-17399","1":"product","2":"type-product","3":"status-publish","4":"has-post-thumbnail","6":"product_cat-productos-de-soldadura-gala-gar","8":"first","9":"instock","10":"taxable","11":"shipping-taxable","12":"product-type-simple"},"acf":[],"yoast_head":"<!-- This site is optimized with the Yoast SEO plugin v26.4 - https:\/\/yoast.com\/wordpress\/plugins\/seo\/ -->\n<title>Masque Clean Space EX | GALA GAR - Productos de soldadura y reguladores de gas - Gas y soldadura<\/title>\n<meta name=\"robots\" content=\"index, follow, max-snippet:-1, max-image-preview:large, max-video-preview:-1\" \/>\n<link rel=\"canonical\" href=\"https:\/\/galagar.com\/fr\/produit\/clean-space-ex\/\" \/>\n<meta property=\"og:locale\" content=\"fr_FR\" \/>\n<meta property=\"og:type\" content=\"article\" \/>\n<meta property=\"og:title\" content=\"Masque Clean Space EX | GALA GAR - Productos de soldadura y reguladores de gas - Gas y soldadura\" \/>\n<meta property=\"og:description\" content=\"Description : Travaillez confortablement et sans effort gr\u00e2ce \u00e0 la filtration des particules HEPA (P3\/TM3). Clean Space est la seule option de masques de protection qui garantit la conformit\u00e9 aux exigences, gr\u00e2ce \u00e0 sa commodit\u00e9 et \u00e0 sa simplicit\u00e9 d&#039;utilisation. Caract\u00e9ristiques : Efficacit\u00e9 de filtration de 99,97 % pour les particules de 0,3 micron et plus. Prot\u00e8ge contre les poussi\u00e8res, les vapeurs, les fum\u00e9es et les radionucl\u00e9ides. Id\u00e9al pour le plomb, l&#039;amiante, la silice et les risques biologiques. Des filtres \u00e0 gaz combin\u00e9s sont \u00e9galement disponibles. Charbon souterrain P\u00e9trole et gaz P\u00e9trochimie Manipulation de produits chimiques Convient pour : Gaz et vapeurs organiques dont le point d&#039;\u00e9bullition est &gt; 65\u00baC. Dioxyde de soufre, autres gaz acides, ammoniac et ses d\u00e9riv\u00e9s, particules, solvants organiques et inorganiques.\" \/>\n<meta property=\"og:url\" content=\"https:\/\/galagar.com\/fr\/produit\/clean-space-ex\/\" \/>\n<meta property=\"og:site_name\" content=\"GALA GAR - Productos de soldadura y reguladores de gas - Gas y soldadura\" \/>\n<meta property=\"article:publisher\" content=\"https:\/\/www.facebook.com\/galagarsoldadura\/\" \/>\n<meta property=\"og:image\" content=\"https:\/\/galagar.com\/wp-content\/uploads\/2022\/01\/cleanspaceex.jpg\" \/>\n\t<meta property=\"og:image:width\" content=\"640\" \/>\n\t<meta property=\"og:image:height\" content=\"800\" \/>\n\t<meta property=\"og:image:type\" content=\"image\/jpeg\" \/>\n<meta name=\"twitter:card\" content=\"summary_large_image\" \/>\n<script type=\"application\/ld+json\" class=\"yoast-schema-graph\">{\"@context\":\"https:\/\/schema.org\",\"@graph\":[{\"@type\":\"WebPage\",\"@id\":\"https:\/\/galagar.com\/fr\/produit\/clean-space-ex\/\",\"url\":\"https:\/\/galagar.com\/fr\/produit\/clean-space-ex\/\",\"name\":\"Masque Clean Space EX | GALA GAR - Productos de soldadura y reguladores de gas - Gas y soldadura\",\"isPartOf\":{\"@id\":\"https:\/\/galagar.com\/fr\/#website\"},\"primaryImageOfPage\":{\"@id\":\"https:\/\/galagar.com\/fr\/produit\/clean-space-ex\/#primaryimage\"},\"image\":{\"@id\":\"https:\/\/galagar.com\/fr\/produit\/clean-space-ex\/#primaryimage\"},\"thumbnailUrl\":\"https:\/\/galagar.com\/wp-content\/uploads\/2022\/01\/cleanspaceex.jpg\",\"datePublished\":\"2022-01-27T18:47:25+00:00\",\"breadcrumb\":{\"@id\":\"https:\/\/galagar.com\/fr\/produit\/clean-space-ex\/#breadcrumb\"},\"inLanguage\":\"fr-FR\",\"potentialAction\":[{\"@type\":\"ReadAction\",\"target\":[\"https:\/\/galagar.com\/fr\/produit\/clean-space-ex\/\"]}]},{\"@type\":\"ImageObject\",\"inLanguage\":\"fr-FR\",\"@id\":\"https:\/\/galagar.com\/fr\/produit\/clean-space-ex\/#primaryimage\",\"url\":\"https:\/\/galagar.com\/wp-content\/uploads\/2022\/01\/cleanspaceex.jpg\",\"contentUrl\":\"https:\/\/galagar.com\/wp-content\/uploads\/2022\/01\/cleanspaceex.jpg\",\"width\":640,\"height\":800},{\"@type\":\"BreadcrumbList\",\"@id\":\"https:\/\/galagar.com\/fr\/produit\/clean-space-ex\/#breadcrumb\",\"itemListElement\":[{\"@type\":\"ListItem\",\"position\":1,\"name\":\"Inicio\",\"item\":\"https:\/\/galagar.com\/fr\/accueil\/\"},{\"@type\":\"ListItem\",\"position\":2,\"name\":\"Boutique\",\"item\":\"https:\/\/galagar.com\/fr\/boutique\/\"},{\"@type\":\"ListItem\",\"position\":3,\"name\":\"Produits\",\"item\":\"https:\/\/galagar.com\/fr\/tienda-online\/produits\/\"},{\"@type\":\"ListItem\",\"position\":4,\"name\":\"Protection\",\"item\":\"https:\/\/galagar.com\/fr\/tienda-online\/produits\/protection\/\"},{\"@type\":\"ListItem\",\"position\":5,\"name\":\"Masques de soudage\",\"item\":\"https:\/\/galagar.com\/fr\/tienda-online\/produits\/protection\/masques-de-soudage\/\"},{\"@type\":\"ListItem\",\"position\":6,\"name\":\"Respiration autonome\",\"item\":\"https:\/\/galagar.com\/fr\/tienda-online\/produits\/protection\/masques-de-soudage\/respiration-autonome\/\"},{\"@type\":\"ListItem\",\"position\":7,\"name\":\"Masque Clean Space EX\"}]},{\"@type\":\"WebSite\",\"@id\":\"https:\/\/galagar.com\/fr\/#website\",\"url\":\"https:\/\/galagar.com\/fr\/\",\"name\":\"GALA GAR - Productos de soldadura y reguladores de gas - Gas y soldadura\",\"description\":\"Gala Gar es fabricante de tecnolog\u00eda competitiva para soldadura (MMA-TIG-MIG\/MAG-CORTE POR PLASMA), regulaci\u00f3n de gases, y para soldadura y corte por gas.\",\"publisher\":{\"@id\":\"https:\/\/galagar.com\/fr\/#organization\"},\"potentialAction\":[{\"@type\":\"SearchAction\",\"target\":{\"@type\":\"EntryPoint\",\"urlTemplate\":\"https:\/\/galagar.com\/fr\/?s={search_term_string}\"},\"query-input\":{\"@type\":\"PropertyValueSpecification\",\"valueRequired\":true,\"valueName\":\"search_term_string\"}}],\"inLanguage\":\"fr-FR\"},{\"@type\":\"Organization\",\"@id\":\"https:\/\/galagar.com\/fr\/#organization\",\"name\":\"GALA GAR welding\",\"url\":\"https:\/\/galagar.com\/fr\/\",\"logo\":{\"@type\":\"ImageObject\",\"inLanguage\":\"fr-FR\",\"@id\":\"https:\/\/galagar.com\/fr\/#\/schema\/logo\/image\/\",\"url\":\"\",\"contentUrl\":\"\",\"caption\":\"GALA GAR welding\"},\"image\":{\"@id\":\"https:\/\/galagar.com\/fr\/#\/schema\/logo\/image\/\"},\"sameAs\":[\"https:\/\/www.facebook.com\/galagarsoldadura\/\",\"https:\/\/www.linkedin.com\/company\/gala-gar-sl\/?trk=biz-companies-cym\",\"https:\/\/www.youtube.com\/user\/galagarsp\",\"https:\/\/www.instagram.com\/galagar_soldadura\/?hl=es\"]}]}<\/script>\n<!-- \/ Yoast SEO plugin. -->","yoast_head_json":{"title":"Masque Clean Space EX | GALA GAR - Productos de soldadura y reguladores de gas - Gas y soldadura","robots":{"index":"index","follow":"follow","max-snippet":"max-snippet:-1","max-image-preview":"max-image-preview:large","max-video-preview":"max-video-preview:-1"},"canonical":"https:\/\/galagar.com\/fr\/produit\/clean-space-ex\/","og_locale":"fr_FR","og_type":"article","og_title":"Masque Clean Space EX | GALA GAR - Productos de soldadura y reguladores de gas - Gas y soldadura","og_description":"Description : Travaillez confortablement et sans effort gr\u00e2ce \u00e0 la filtration des particules HEPA (P3\/TM3). Clean Space est la seule option de masques de protection qui garantit la conformit\u00e9 aux exigences, gr\u00e2ce \u00e0 sa commodit\u00e9 et \u00e0 sa simplicit\u00e9 d'utilisation. Caract\u00e9ristiques : Efficacit\u00e9 de filtration de 99,97 % pour les particules de 0,3 micron et plus. Prot\u00e8ge contre les poussi\u00e8res, les vapeurs, les fum\u00e9es et les radionucl\u00e9ides. Id\u00e9al pour le plomb, l'amiante, la silice et les risques biologiques. Des filtres \u00e0 gaz combin\u00e9s sont \u00e9galement disponibles. Charbon souterrain P\u00e9trole et gaz P\u00e9trochimie Manipulation de produits chimiques Convient pour : Gaz et vapeurs organiques dont le point d'\u00e9bullition est &gt; 65\u00baC. Dioxyde de soufre, autres gaz acides, ammoniac et ses d\u00e9riv\u00e9s, particules, solvants organiques et inorganiques.","og_url":"https:\/\/galagar.com\/fr\/produit\/clean-space-ex\/","og_site_name":"GALA GAR - Productos de soldadura y reguladores de gas - Gas y soldadura","article_publisher":"https:\/\/www.facebook.com\/galagarsoldadura\/","og_image":[{"width":640,"height":800,"url":"https:\/\/galagar.com\/wp-content\/uploads\/2022\/01\/cleanspaceex.jpg","type":"image\/jpeg"}],"twitter_card":"summary_large_image","schema":{"@context":"https:\/\/schema.org","@graph":[{"@type":"WebPage","@id":"https:\/\/galagar.com\/fr\/produit\/clean-space-ex\/","url":"https:\/\/galagar.com\/fr\/produit\/clean-space-ex\/","name":"Masque Clean Space EX | GALA GAR - Productos de soldadura y reguladores de gas - Gas y soldadura","isPartOf":{"@id":"https:\/\/galagar.com\/fr\/#website"},"primaryImageOfPage":{"@id":"https:\/\/galagar.com\/fr\/produit\/clean-space-ex\/#primaryimage"},"image":{"@id":"https:\/\/galagar.com\/fr\/produit\/clean-space-ex\/#primaryimage"},"thumbnailUrl":"https:\/\/galagar.com\/wp-content\/uploads\/2022\/01\/cleanspaceex.jpg","datePublished":"2022-01-27T18:47:25+00:00","breadcrumb":{"@id":"https:\/\/galagar.com\/fr\/produit\/clean-space-ex\/#breadcrumb"},"inLanguage":"fr-FR","potentialAction":[{"@type":"ReadAction","target":["https:\/\/galagar.com\/fr\/produit\/clean-space-ex\/"]}]},{"@type":"ImageObject","inLanguage":"fr-FR","@id":"https:\/\/galagar.com\/fr\/produit\/clean-space-ex\/#primaryimage","url":"https:\/\/galagar.com\/wp-content\/uploads\/2022\/01\/cleanspaceex.jpg","contentUrl":"https:\/\/galagar.com\/wp-content\/uploads\/2022\/01\/cleanspaceex.jpg","width":640,"height":800},{"@type":"BreadcrumbList","@id":"https:\/\/galagar.com\/fr\/produit\/clean-space-ex\/#breadcrumb","itemListElement":[{"@type":"ListItem","position":1,"name":"Inicio","item":"https:\/\/galagar.com\/fr\/accueil\/"},{"@type":"ListItem","position":2,"name":"Boutique","item":"https:\/\/galagar.com\/fr\/boutique\/"},{"@type":"ListItem","position":3,"name":"Produits","item":"https:\/\/galagar.com\/fr\/tienda-online\/produits\/"},{"@type":"ListItem","position":4,"name":"Protection","item":"https:\/\/galagar.com\/fr\/tienda-online\/produits\/protection\/"},{"@type":"ListItem","position":5,"name":"Masques de soudage","item":"https:\/\/galagar.com\/fr\/tienda-online\/produits\/protection\/masques-de-soudage\/"},{"@type":"ListItem","position":6,"name":"Respiration autonome","item":"https:\/\/galagar.com\/fr\/tienda-online\/produits\/protection\/masques-de-soudage\/respiration-autonome\/"},{"@type":"ListItem","position":7,"name":"Masque Clean Space EX"}]},{"@type":"WebSite","@id":"https:\/\/galagar.com\/fr\/#website","url":"https:\/\/galagar.com\/fr\/","name":"GALA GAR - Productos de soldadura y reguladores de gas - Gas y soldadura","description":"Gala Gar es fabricante de tecnolog\u00eda competitiva para soldadura (MMA-TIG-MIG\/MAG-CORTE POR PLASMA), regulaci\u00f3n de gases, y para soldadura y corte por gas.","publisher":{"@id":"https:\/\/galagar.com\/fr\/#organization"},"potentialAction":[{"@type":"SearchAction","target":{"@type":"EntryPoint","urlTemplate":"https:\/\/galagar.com\/fr\/?s={search_term_string}"},"query-input":{"@type":"PropertyValueSpecification","valueRequired":true,"valueName":"search_term_string"}}],"inLanguage":"fr-FR"},{"@type":"Organization","@id":"https:\/\/galagar.com\/fr\/#organization","name":"GALA GAR welding","url":"https:\/\/galagar.com\/fr\/","logo":{"@type":"ImageObject","inLanguage":"fr-FR","@id":"https:\/\/galagar.com\/fr\/#\/schema\/logo\/image\/","url":"","contentUrl":"","caption":"GALA GAR welding"},"image":{"@id":"https:\/\/galagar.com\/fr\/#\/schema\/logo\/image\/"},"sameAs":["https:\/\/www.facebook.com\/galagarsoldadura\/","https:\/\/www.linkedin.com\/company\/gala-gar-sl\/?trk=biz-companies-cym","https:\/\/www.youtube.com\/user\/galagarsp","https:\/\/www.instagram.com\/galagar_soldadura\/?hl=es"]}]}},"_links":{"self":[{"href":"https:\/\/galagar.com\/fr\/wp-json\/wp\/v2\/product\/17399","targetHints":{"allow":["GET"]}}],"collection":[{"href":"https:\/\/galagar.com\/fr\/wp-json\/wp\/v2\/product"}],"about":[{"href":"https:\/\/galagar.com\/fr\/wp-json\/wp\/v2\/types\/product"}],"wp:featuredmedia":[{"embeddable":true,"href":"https:\/\/galagar.com\/fr\/wp-json\/wp\/v2\/media\/17412"}],"wp:attachment":[{"href":"https:\/\/galagar.com\/fr\/wp-json\/wp\/v2\/media?parent=17399"}],"wp:term":[{"taxonomy":"product_brand","embeddable":true,"href":"https:\/\/galagar.com\/fr\/wp-json\/wp\/v2\/product_brand?post=17399"},{"taxonomy":"product_cat","embeddable":true,"href":"https:\/\/galagar.com\/fr\/wp-json\/wp\/v2\/product_cat?post=17399"},{"taxonomy":"product_tag","embeddable":true,"href":"https:\/\/galagar.com\/fr\/wp-json\/wp\/v2\/product_tag?post=17399"}],"curies":[{"name":"wp","href":"https:\/\/api.w.org\/{rel}","templated":true}]}}