{"id":17416,"date":"2022-01-27T19:47:25","date_gmt":"2022-01-27T18:47:25","guid":{"rendered":"https:\/\/dev.galagar.com\/producto\/masque-clean-space-2\/"},"modified":"2022-01-27T19:47:25","modified_gmt":"2022-01-27T18:47:25","slug":"espace-propre-2","status":"publish","type":"product","link":"https:\/\/galagar.com\/fr\/produit\/espace-propre-2\/","title":{"rendered":"Masque Clean Space 2"},"content":{"rendered":"","protected":false},"excerpt":{"rendered":"<p><strong>Description :<\/strong><br \/>\n\u00c9quipement de protection des voies respiratoires, facile \u00e0 utiliser, compatible avec tous les casques de soudure du march\u00e9, les lunettes de protection, les lunettes de vue, etc.<br \/>\nIl fournit un d\u00e9bit d&#8217;air allant jusqu&#8217;\u00e0 200 l\/min, d\u00e9livrant intelligemment l&#8217;air en fonction des besoins et de la fr\u00e9quence respiratoire.<br \/>\nL\u00e9ger et compact, SANS C\u00c2BLE, ergonomique, r\u00e9glable, avec valve d&#8217;expiration facilitant la respiration et la communication avec l&#8217;utilisateur.<\/p>\n<p><strong>Caract\u00e9ristiques :<\/strong><br \/>\n<em>Clean Space 2<\/em> est un ensemble d&#8217;extraction des fum\u00e9es dot\u00e9 d&#8217;une technologie innovante pour maximiser le confort de l&#8217;utilisateur.<br \/>\nLe ventilateur surveille en permanence la pression \u00e0 l&#8217;int\u00e9rieur du masque et, lorsque l&#8217;utilisateur respire, il envoie automatiquement de l&#8217;air filtr\u00e9.<br \/>\nLe <em>Clean Space 2<\/em> est con\u00e7u selon les normes d&#8217;ing\u00e9nierie les plus strictes, ce qui garantit un produit robuste, adapt\u00e9 \u00e0 la majorit\u00e9 des applications.<br \/>\ndes environnements industriels. Compact, l\u00e9ger, sans tube, sans fil et sans sac \u00e0 dos, confortable et facile \u00e0 utiliser, masque souple \u00e0 profil bas, fournit de l&#8217;air lorsque c&#8217;est n\u00e9cessaire, grande compatibilit\u00e9.<\/p>\n<p><strong>Convient pour :<\/strong><br \/>\nSoudage de l&#8217;acier au carbone.<br \/>\nAciers galvanis\u00e9s.<br \/>\nAciers inoxydables en MIG \/ TIG \/ MMA dans des environnements \u00e0 ventilation forc\u00e9e.<\/p>\n","protected":false},"featured_media":17433,"template":"","meta":{"_acf_changed":false,"content-type":"","inline_featured_image":false,"_monsterinsights_skip_tracking":false,"_monsterinsights_sitenote_active":false,"_monsterinsights_sitenote_note":"","_monsterinsights_sitenote_category":0,"_joinchat":[]},"product_brand":[],"product_cat":[80],"product_tag":[],"class_list":{"0":"post-17416","1":"product","2":"type-product","3":"status-publish","4":"has-post-thumbnail","6":"product_cat-productos-de-soldadura-gala-gar","8":"first","9":"instock","10":"taxable","11":"shipping-taxable","12":"product-type-simple"},"acf":[],"yoast_head":"<!-- This site is optimized with the Yoast SEO plugin v26.4 - https:\/\/yoast.com\/wordpress\/plugins\/seo\/ -->\n<title>Masque Clean Space 2 | GALA GAR - Productos de soldadura y reguladores de gas - Gas y soldadura<\/title>\n<meta name=\"robots\" content=\"index, follow, max-snippet:-1, max-image-preview:large, max-video-preview:-1\" \/>\n<link rel=\"canonical\" href=\"https:\/\/galagar.com\/fr\/produit\/espace-propre-2\/\" \/>\n<meta property=\"og:locale\" content=\"fr_FR\" \/>\n<meta property=\"og:type\" content=\"article\" \/>\n<meta property=\"og:title\" content=\"Masque Clean Space 2 | GALA GAR - Productos de soldadura y reguladores de gas - Gas y soldadura\" \/>\n<meta property=\"og:description\" content=\"Description : \u00c9quipement de protection des voies respiratoires, facile \u00e0 utiliser, compatible avec tous les casques de soudure du march\u00e9, les lunettes de protection, les lunettes de vue, etc. Il fournit un d\u00e9bit d&#039;air allant jusqu&#039;\u00e0 200 l\/min, d\u00e9livrant intelligemment l&#039;air en fonction des besoins et de la fr\u00e9quence respiratoire. L\u00e9ger et compact, SANS C\u00c2BLE, ergonomique, r\u00e9glable, avec valve d&#039;expiration facilitant la respiration et la communication avec l&#039;utilisateur. Caract\u00e9ristiques : Clean Space 2 est un ensemble d&#039;extraction des fum\u00e9es dot\u00e9 d&#039;une technologie innovante pour maximiser le confort de l&#039;utilisateur. Le ventilateur surveille en permanence la pression \u00e0 l&#039;int\u00e9rieur du masque et, lorsque l&#039;utilisateur respire, il envoie automatiquement de l&#039;air filtr\u00e9. Le Clean Space 2 est con\u00e7u selon les normes d&#039;ing\u00e9nierie les plus strictes, ce qui garantit un produit robuste, adapt\u00e9 \u00e0 la majorit\u00e9 des applications. des environnements industriels. Compact, l\u00e9ger, sans tube, sans fil et sans sac \u00e0 dos, confortable et facile \u00e0 utiliser, masque souple \u00e0 profil bas, fournit de l&#039;air lorsque c&#039;est n\u00e9cessaire, grande compatibilit\u00e9. Convient pour : Soudage de l&#039;acier au carbone. Aciers galvanis\u00e9s. Aciers inoxydables en MIG \/ TIG \/ MMA dans des environnements \u00e0 ventilation forc\u00e9e.\" \/>\n<meta property=\"og:url\" content=\"https:\/\/galagar.com\/fr\/produit\/espace-propre-2\/\" \/>\n<meta property=\"og:site_name\" content=\"GALA GAR - Productos de soldadura y reguladores de gas - Gas y soldadura\" \/>\n<meta property=\"article:publisher\" content=\"https:\/\/www.facebook.com\/galagarsoldadura\/\" \/>\n<meta property=\"og:image\" content=\"https:\/\/galagar.com\/wp-content\/uploads\/2022\/01\/CS-2-1.jpg\" \/>\n\t<meta property=\"og:image:width\" content=\"640\" \/>\n\t<meta property=\"og:image:height\" content=\"800\" \/>\n\t<meta property=\"og:image:type\" content=\"image\/jpeg\" \/>\n<meta name=\"twitter:card\" content=\"summary_large_image\" \/>\n<script type=\"application\/ld+json\" class=\"yoast-schema-graph\">{\"@context\":\"https:\/\/schema.org\",\"@graph\":[{\"@type\":\"WebPage\",\"@id\":\"https:\/\/galagar.com\/fr\/produit\/espace-propre-2\/\",\"url\":\"https:\/\/galagar.com\/fr\/produit\/espace-propre-2\/\",\"name\":\"Masque Clean Space 2 | GALA GAR - Productos de soldadura y reguladores de gas - Gas y soldadura\",\"isPartOf\":{\"@id\":\"https:\/\/galagar.com\/fr\/#website\"},\"primaryImageOfPage\":{\"@id\":\"https:\/\/galagar.com\/fr\/produit\/espace-propre-2\/#primaryimage\"},\"image\":{\"@id\":\"https:\/\/galagar.com\/fr\/produit\/espace-propre-2\/#primaryimage\"},\"thumbnailUrl\":\"https:\/\/galagar.com\/wp-content\/uploads\/2022\/01\/CS-2-1.jpg\",\"datePublished\":\"2022-01-27T18:47:25+00:00\",\"breadcrumb\":{\"@id\":\"https:\/\/galagar.com\/fr\/produit\/espace-propre-2\/#breadcrumb\"},\"inLanguage\":\"fr-FR\",\"potentialAction\":[{\"@type\":\"ReadAction\",\"target\":[\"https:\/\/galagar.com\/fr\/produit\/espace-propre-2\/\"]}]},{\"@type\":\"ImageObject\",\"inLanguage\":\"fr-FR\",\"@id\":\"https:\/\/galagar.com\/fr\/produit\/espace-propre-2\/#primaryimage\",\"url\":\"https:\/\/galagar.com\/wp-content\/uploads\/2022\/01\/CS-2-1.jpg\",\"contentUrl\":\"https:\/\/galagar.com\/wp-content\/uploads\/2022\/01\/CS-2-1.jpg\",\"width\":640,\"height\":800},{\"@type\":\"BreadcrumbList\",\"@id\":\"https:\/\/galagar.com\/fr\/produit\/espace-propre-2\/#breadcrumb\",\"itemListElement\":[{\"@type\":\"ListItem\",\"position\":1,\"name\":\"Inicio\",\"item\":\"https:\/\/galagar.com\/fr\/accueil\/\"},{\"@type\":\"ListItem\",\"position\":2,\"name\":\"Boutique\",\"item\":\"https:\/\/galagar.com\/fr\/boutique\/\"},{\"@type\":\"ListItem\",\"position\":3,\"name\":\"Produits\",\"item\":\"https:\/\/galagar.com\/fr\/tienda-online\/produits\/\"},{\"@type\":\"ListItem\",\"position\":4,\"name\":\"Protection\",\"item\":\"https:\/\/galagar.com\/fr\/tienda-online\/produits\/protection\/\"},{\"@type\":\"ListItem\",\"position\":5,\"name\":\"Masques de soudage\",\"item\":\"https:\/\/galagar.com\/fr\/tienda-online\/produits\/protection\/masques-de-soudage\/\"},{\"@type\":\"ListItem\",\"position\":6,\"name\":\"Respiration autonome\",\"item\":\"https:\/\/galagar.com\/fr\/tienda-online\/produits\/protection\/masques-de-soudage\/respiration-autonome\/\"},{\"@type\":\"ListItem\",\"position\":7,\"name\":\"Masque Clean Space 2\"}]},{\"@type\":\"WebSite\",\"@id\":\"https:\/\/galagar.com\/fr\/#website\",\"url\":\"https:\/\/galagar.com\/fr\/\",\"name\":\"GALA GAR - Productos de soldadura y reguladores de gas - Gas y soldadura\",\"description\":\"Gala Gar es fabricante de tecnolog\u00eda competitiva para soldadura (MMA-TIG-MIG\/MAG-CORTE POR PLASMA), regulaci\u00f3n de gases, y para soldadura y corte por gas.\",\"publisher\":{\"@id\":\"https:\/\/galagar.com\/fr\/#organization\"},\"potentialAction\":[{\"@type\":\"SearchAction\",\"target\":{\"@type\":\"EntryPoint\",\"urlTemplate\":\"https:\/\/galagar.com\/fr\/?s={search_term_string}\"},\"query-input\":{\"@type\":\"PropertyValueSpecification\",\"valueRequired\":true,\"valueName\":\"search_term_string\"}}],\"inLanguage\":\"fr-FR\"},{\"@type\":\"Organization\",\"@id\":\"https:\/\/galagar.com\/fr\/#organization\",\"name\":\"GALA GAR welding\",\"url\":\"https:\/\/galagar.com\/fr\/\",\"logo\":{\"@type\":\"ImageObject\",\"inLanguage\":\"fr-FR\",\"@id\":\"https:\/\/galagar.com\/fr\/#\/schema\/logo\/image\/\",\"url\":\"\",\"contentUrl\":\"\",\"caption\":\"GALA GAR welding\"},\"image\":{\"@id\":\"https:\/\/galagar.com\/fr\/#\/schema\/logo\/image\/\"},\"sameAs\":[\"https:\/\/www.facebook.com\/galagarsoldadura\/\",\"https:\/\/www.linkedin.com\/company\/gala-gar-sl\/?trk=biz-companies-cym\",\"https:\/\/www.youtube.com\/user\/galagarsp\",\"https:\/\/www.instagram.com\/galagar_soldadura\/?hl=es\"]}]}<\/script>\n<!-- \/ Yoast SEO plugin. -->","yoast_head_json":{"title":"Masque Clean Space 2 | GALA GAR - Productos de soldadura y reguladores de gas - Gas y soldadura","robots":{"index":"index","follow":"follow","max-snippet":"max-snippet:-1","max-image-preview":"max-image-preview:large","max-video-preview":"max-video-preview:-1"},"canonical":"https:\/\/galagar.com\/fr\/produit\/espace-propre-2\/","og_locale":"fr_FR","og_type":"article","og_title":"Masque Clean Space 2 | GALA GAR - Productos de soldadura y reguladores de gas - Gas y soldadura","og_description":"Description : \u00c9quipement de protection des voies respiratoires, facile \u00e0 utiliser, compatible avec tous les casques de soudure du march\u00e9, les lunettes de protection, les lunettes de vue, etc. Il fournit un d\u00e9bit d'air allant jusqu'\u00e0 200 l\/min, d\u00e9livrant intelligemment l'air en fonction des besoins et de la fr\u00e9quence respiratoire. L\u00e9ger et compact, SANS C\u00c2BLE, ergonomique, r\u00e9glable, avec valve d'expiration facilitant la respiration et la communication avec l'utilisateur. Caract\u00e9ristiques : Clean Space 2 est un ensemble d'extraction des fum\u00e9es dot\u00e9 d'une technologie innovante pour maximiser le confort de l'utilisateur. Le ventilateur surveille en permanence la pression \u00e0 l'int\u00e9rieur du masque et, lorsque l'utilisateur respire, il envoie automatiquement de l'air filtr\u00e9. Le Clean Space 2 est con\u00e7u selon les normes d'ing\u00e9nierie les plus strictes, ce qui garantit un produit robuste, adapt\u00e9 \u00e0 la majorit\u00e9 des applications. des environnements industriels. Compact, l\u00e9ger, sans tube, sans fil et sans sac \u00e0 dos, confortable et facile \u00e0 utiliser, masque souple \u00e0 profil bas, fournit de l'air lorsque c'est n\u00e9cessaire, grande compatibilit\u00e9. Convient pour : Soudage de l'acier au carbone. Aciers galvanis\u00e9s. Aciers inoxydables en MIG \/ TIG \/ MMA dans des environnements \u00e0 ventilation forc\u00e9e.","og_url":"https:\/\/galagar.com\/fr\/produit\/espace-propre-2\/","og_site_name":"GALA GAR - Productos de soldadura y reguladores de gas - Gas y soldadura","article_publisher":"https:\/\/www.facebook.com\/galagarsoldadura\/","og_image":[{"width":640,"height":800,"url":"https:\/\/galagar.com\/wp-content\/uploads\/2022\/01\/CS-2-1.jpg","type":"image\/jpeg"}],"twitter_card":"summary_large_image","schema":{"@context":"https:\/\/schema.org","@graph":[{"@type":"WebPage","@id":"https:\/\/galagar.com\/fr\/produit\/espace-propre-2\/","url":"https:\/\/galagar.com\/fr\/produit\/espace-propre-2\/","name":"Masque Clean Space 2 | GALA GAR - Productos de soldadura y reguladores de gas - Gas y soldadura","isPartOf":{"@id":"https:\/\/galagar.com\/fr\/#website"},"primaryImageOfPage":{"@id":"https:\/\/galagar.com\/fr\/produit\/espace-propre-2\/#primaryimage"},"image":{"@id":"https:\/\/galagar.com\/fr\/produit\/espace-propre-2\/#primaryimage"},"thumbnailUrl":"https:\/\/galagar.com\/wp-content\/uploads\/2022\/01\/CS-2-1.jpg","datePublished":"2022-01-27T18:47:25+00:00","breadcrumb":{"@id":"https:\/\/galagar.com\/fr\/produit\/espace-propre-2\/#breadcrumb"},"inLanguage":"fr-FR","potentialAction":[{"@type":"ReadAction","target":["https:\/\/galagar.com\/fr\/produit\/espace-propre-2\/"]}]},{"@type":"ImageObject","inLanguage":"fr-FR","@id":"https:\/\/galagar.com\/fr\/produit\/espace-propre-2\/#primaryimage","url":"https:\/\/galagar.com\/wp-content\/uploads\/2022\/01\/CS-2-1.jpg","contentUrl":"https:\/\/galagar.com\/wp-content\/uploads\/2022\/01\/CS-2-1.jpg","width":640,"height":800},{"@type":"BreadcrumbList","@id":"https:\/\/galagar.com\/fr\/produit\/espace-propre-2\/#breadcrumb","itemListElement":[{"@type":"ListItem","position":1,"name":"Inicio","item":"https:\/\/galagar.com\/fr\/accueil\/"},{"@type":"ListItem","position":2,"name":"Boutique","item":"https:\/\/galagar.com\/fr\/boutique\/"},{"@type":"ListItem","position":3,"name":"Produits","item":"https:\/\/galagar.com\/fr\/tienda-online\/produits\/"},{"@type":"ListItem","position":4,"name":"Protection","item":"https:\/\/galagar.com\/fr\/tienda-online\/produits\/protection\/"},{"@type":"ListItem","position":5,"name":"Masques de soudage","item":"https:\/\/galagar.com\/fr\/tienda-online\/produits\/protection\/masques-de-soudage\/"},{"@type":"ListItem","position":6,"name":"Respiration autonome","item":"https:\/\/galagar.com\/fr\/tienda-online\/produits\/protection\/masques-de-soudage\/respiration-autonome\/"},{"@type":"ListItem","position":7,"name":"Masque Clean Space 2"}]},{"@type":"WebSite","@id":"https:\/\/galagar.com\/fr\/#website","url":"https:\/\/galagar.com\/fr\/","name":"GALA GAR - Productos de soldadura y reguladores de gas - Gas y soldadura","description":"Gala Gar es fabricante de tecnolog\u00eda competitiva para soldadura (MMA-TIG-MIG\/MAG-CORTE POR PLASMA), regulaci\u00f3n de gases, y para soldadura y corte por gas.","publisher":{"@id":"https:\/\/galagar.com\/fr\/#organization"},"potentialAction":[{"@type":"SearchAction","target":{"@type":"EntryPoint","urlTemplate":"https:\/\/galagar.com\/fr\/?s={search_term_string}"},"query-input":{"@type":"PropertyValueSpecification","valueRequired":true,"valueName":"search_term_string"}}],"inLanguage":"fr-FR"},{"@type":"Organization","@id":"https:\/\/galagar.com\/fr\/#organization","name":"GALA GAR welding","url":"https:\/\/galagar.com\/fr\/","logo":{"@type":"ImageObject","inLanguage":"fr-FR","@id":"https:\/\/galagar.com\/fr\/#\/schema\/logo\/image\/","url":"","contentUrl":"","caption":"GALA GAR welding"},"image":{"@id":"https:\/\/galagar.com\/fr\/#\/schema\/logo\/image\/"},"sameAs":["https:\/\/www.facebook.com\/galagarsoldadura\/","https:\/\/www.linkedin.com\/company\/gala-gar-sl\/?trk=biz-companies-cym","https:\/\/www.youtube.com\/user\/galagarsp","https:\/\/www.instagram.com\/galagar_soldadura\/?hl=es"]}]}},"_links":{"self":[{"href":"https:\/\/galagar.com\/fr\/wp-json\/wp\/v2\/product\/17416","targetHints":{"allow":["GET"]}}],"collection":[{"href":"https:\/\/galagar.com\/fr\/wp-json\/wp\/v2\/product"}],"about":[{"href":"https:\/\/galagar.com\/fr\/wp-json\/wp\/v2\/types\/product"}],"wp:featuredmedia":[{"embeddable":true,"href":"https:\/\/galagar.com\/fr\/wp-json\/wp\/v2\/media\/17433"}],"wp:attachment":[{"href":"https:\/\/galagar.com\/fr\/wp-json\/wp\/v2\/media?parent=17416"}],"wp:term":[{"taxonomy":"product_brand","embeddable":true,"href":"https:\/\/galagar.com\/fr\/wp-json\/wp\/v2\/product_brand?post=17416"},{"taxonomy":"product_cat","embeddable":true,"href":"https:\/\/galagar.com\/fr\/wp-json\/wp\/v2\/product_cat?post=17416"},{"taxonomy":"product_tag","embeddable":true,"href":"https:\/\/galagar.com\/fr\/wp-json\/wp\/v2\/product_tag?post=17416"}],"curies":[{"name":"wp","href":"https:\/\/api.w.org\/{rel}","templated":true}]}}