{"id":17555,"date":"2022-01-27T19:46:55","date_gmt":"2022-01-27T18:46:55","guid":{"rendered":"https:\/\/dev.galagar.com\/producto\/electrodes-en-tungstene\/"},"modified":"2022-01-27T19:46:55","modified_gmt":"2022-01-27T18:46:55","slug":"electrodes-en-tungstene","status":"publish","type":"product","link":"https:\/\/galagar.com\/fr\/produit\/electrodes-en-tungstene\/","title":{"rendered":"Electrodes en tungst\u00e8ne"},"content":{"rendered":"","protected":false},"excerpt":{"rendered":"<div role=\"heading\" aria-level=\"3\">Le choix de ce mat\u00e9riau comme <b>\u00e9lectrode<\/b> pour le soudage TIG est d\u00fb au fait qu&#8217;il s&#8217;agit du m\u00e9tal ayant le point de fusion le plus \u00e9lev\u00e9 (3410\u00b0), compar\u00e9 au fer (1536\u00b0), au cuivre (1038\u00b0) ou \u00e0 l&#8217;aluminium (660\u00b0).<\/div>\n<div role=\"heading\" aria-level=\"3\"><\/div>\n<div role=\"heading\" aria-level=\"3\"><b>Utilisation de chaque \u00e9lectrode<\/b><\/div>\n<div class=\"RqBzHd\">\n<ul class=\"i8Z77e\">\n<li class=\"TrT0Xe\">Pointe verte &#8211; Pure (le plus souvent utilis\u00e9e pour le soudage en courant alternatif)<\/li>\n<li class=\"TrT0Xe\">Pointe rouge 2% TH &#8211; Thorium<\/li>\n<li>Pointe grise &#8211; 2 % de c\u00e9rium &#8211; CE<\/li>\n<li class=\"TrT0Xe\">Pointe noire &#8211; 1% Lanthane &#8211; LTH<\/li>\n<li class=\"TrT0Xe\">Pointe d&#8217;or &#8211; 1,5% Lanthane &#8211; LTH<\/li>\n<\/ul>\n<\/div>\n","protected":false},"featured_media":27633,"template":"","meta":{"_acf_changed":false,"content-type":"","inline_featured_image":false,"_monsterinsights_skip_tracking":false,"_monsterinsights_sitenote_active":false,"_monsterinsights_sitenote_note":"","_monsterinsights_sitenote_category":0,"_joinchat":[]},"product_brand":[],"product_cat":[937,1270],"product_tag":[],"class_list":{"0":"post-17555","1":"product","2":"type-product","3":"status-publish","4":"has-post-thumbnail","6":"product_cat-produits","7":"product_cat-consommables-pour-torche-tig","9":"first","10":"instock","11":"taxable","12":"shipping-taxable","13":"product-type-variable","14":"has-default-attributes"},"acf":[],"yoast_head":"<!-- This site is optimized with the Yoast SEO plugin v26.4 - https:\/\/yoast.com\/wordpress\/plugins\/seo\/ -->\n<title>Electrodes en tungst\u00e8ne | GALA GAR - Productos de soldadura y reguladores de gas - Gas y soldadura<\/title>\n<meta name=\"robots\" content=\"index, follow, max-snippet:-1, max-image-preview:large, max-video-preview:-1\" \/>\n<link rel=\"canonical\" href=\"https:\/\/galagar.com\/fr\/produit\/electrodes-en-tungstene\/\" \/>\n<meta property=\"og:locale\" content=\"fr_FR\" \/>\n<meta property=\"og:type\" content=\"article\" \/>\n<meta property=\"og:title\" content=\"Electrodes en tungst\u00e8ne | GALA GAR - Productos de soldadura y reguladores de gas - Gas y soldadura\" \/>\n<meta property=\"og:description\" content=\"Le choix de ce mat\u00e9riau comme \u00e9lectrode pour le soudage TIG est d\u00fb au fait qu&#039;il s&#039;agit du m\u00e9tal ayant le point de fusion le plus \u00e9lev\u00e9 (3410\u00b0), compar\u00e9 au fer (1536\u00b0), au cuivre (1038\u00b0) ou \u00e0 l&#039;aluminium (660\u00b0). Utilisation de chaque \u00e9lectrode   Pointe verte - Pure (le plus souvent utilis\u00e9e pour le soudage en courant alternatif)  Pointe rouge 2% TH - Thorium  Pointe grise - 2 % de c\u00e9rium - CE  Pointe noire - 1% Lanthane - LTH  Pointe d&#039;or - 1,5% Lanthane - LTH\" \/>\n<meta property=\"og:url\" content=\"https:\/\/galagar.com\/fr\/produit\/electrodes-en-tungstene\/\" \/>\n<meta property=\"og:site_name\" content=\"GALA GAR - Productos de soldadura y reguladores de gas - Gas y soldadura\" \/>\n<meta property=\"article:publisher\" content=\"https:\/\/www.facebook.com\/galagarsoldadura\/\" \/>\n<meta property=\"og:image\" content=\"https:\/\/galagar.com\/wp-content\/uploads\/2022\/01\/Tungstenos-Verde.jpg\" \/>\n\t<meta property=\"og:image:width\" content=\"640\" \/>\n\t<meta property=\"og:image:height\" content=\"800\" \/>\n\t<meta property=\"og:image:type\" content=\"image\/jpeg\" \/>\n<meta name=\"twitter:card\" content=\"summary_large_image\" \/>\n<meta name=\"twitter:label1\" content=\"Dur\u00e9e de lecture estim\u00e9e\" \/>\n\t<meta name=\"twitter:data1\" content=\"1 minute\" \/>\n<script type=\"application\/ld+json\" class=\"yoast-schema-graph\">{\"@context\":\"https:\/\/schema.org\",\"@graph\":[{\"@type\":\"WebPage\",\"@id\":\"https:\/\/galagar.com\/fr\/produit\/electrodes-en-tungstene\/\",\"url\":\"https:\/\/galagar.com\/fr\/produit\/electrodes-en-tungstene\/\",\"name\":\"Electrodes en tungst\u00e8ne | GALA GAR - Productos de soldadura y reguladores de gas - Gas y soldadura\",\"isPartOf\":{\"@id\":\"https:\/\/galagar.com\/fr\/#website\"},\"primaryImageOfPage\":{\"@id\":\"https:\/\/galagar.com\/fr\/produit\/electrodes-en-tungstene\/#primaryimage\"},\"image\":{\"@id\":\"https:\/\/galagar.com\/fr\/produit\/electrodes-en-tungstene\/#primaryimage\"},\"thumbnailUrl\":\"https:\/\/galagar.com\/wp-content\/uploads\/2022\/01\/Tungstenos-Verde.jpg\",\"datePublished\":\"2022-01-27T18:46:55+00:00\",\"breadcrumb\":{\"@id\":\"https:\/\/galagar.com\/fr\/produit\/electrodes-en-tungstene\/#breadcrumb\"},\"inLanguage\":\"fr-FR\",\"potentialAction\":[{\"@type\":\"ReadAction\",\"target\":[\"https:\/\/galagar.com\/fr\/produit\/electrodes-en-tungstene\/\"]}]},{\"@type\":\"ImageObject\",\"inLanguage\":\"fr-FR\",\"@id\":\"https:\/\/galagar.com\/fr\/produit\/electrodes-en-tungstene\/#primaryimage\",\"url\":\"https:\/\/galagar.com\/wp-content\/uploads\/2022\/01\/Tungstenos-Verde.jpg\",\"contentUrl\":\"https:\/\/galagar.com\/wp-content\/uploads\/2022\/01\/Tungstenos-Verde.jpg\",\"width\":640,\"height\":800},{\"@type\":\"BreadcrumbList\",\"@id\":\"https:\/\/galagar.com\/fr\/produit\/electrodes-en-tungstene\/#breadcrumb\",\"itemListElement\":[{\"@type\":\"ListItem\",\"position\":1,\"name\":\"Inicio\",\"item\":\"https:\/\/galagar.com\/fr\/accueil\/\"},{\"@type\":\"ListItem\",\"position\":2,\"name\":\"Boutique\",\"item\":\"https:\/\/galagar.com\/fr\/boutique\/\"},{\"@type\":\"ListItem\",\"position\":3,\"name\":\"Produits\",\"item\":\"https:\/\/galagar.com\/fr\/tienda-online\/produits\/\"},{\"@type\":\"ListItem\",\"position\":4,\"name\":\"Torches et accessoires\",\"item\":\"https:\/\/galagar.com\/fr\/tienda-online\/produits\/torches-et-accessoires\/\"},{\"@type\":\"ListItem\",\"position\":5,\"name\":\"Torches TIG\",\"item\":\"https:\/\/galagar.com\/fr\/tienda-online\/produits\/torches-et-accessoires\/torches-tig\/\"},{\"@type\":\"ListItem\",\"position\":6,\"name\":\"Consommables pour torche TIG\",\"item\":\"https:\/\/galagar.com\/fr\/tienda-online\/produits\/torches-et-accessoires\/torches-tig\/consommables-pour-torche-tig\/\"},{\"@type\":\"ListItem\",\"position\":7,\"name\":\"Electrodes en tungst\u00e8ne\"}]},{\"@type\":\"WebSite\",\"@id\":\"https:\/\/galagar.com\/fr\/#website\",\"url\":\"https:\/\/galagar.com\/fr\/\",\"name\":\"GALA GAR - Productos de soldadura y reguladores de gas - Gas y soldadura\",\"description\":\"Gala Gar es fabricante de tecnolog\u00eda competitiva para soldadura (MMA-TIG-MIG\/MAG-CORTE POR PLASMA), regulaci\u00f3n de gases, y para soldadura y corte por gas.\",\"publisher\":{\"@id\":\"https:\/\/galagar.com\/fr\/#organization\"},\"potentialAction\":[{\"@type\":\"SearchAction\",\"target\":{\"@type\":\"EntryPoint\",\"urlTemplate\":\"https:\/\/galagar.com\/fr\/?s={search_term_string}\"},\"query-input\":{\"@type\":\"PropertyValueSpecification\",\"valueRequired\":true,\"valueName\":\"search_term_string\"}}],\"inLanguage\":\"fr-FR\"},{\"@type\":\"Organization\",\"@id\":\"https:\/\/galagar.com\/fr\/#organization\",\"name\":\"GALA GAR welding\",\"url\":\"https:\/\/galagar.com\/fr\/\",\"logo\":{\"@type\":\"ImageObject\",\"inLanguage\":\"fr-FR\",\"@id\":\"https:\/\/galagar.com\/fr\/#\/schema\/logo\/image\/\",\"url\":\"\",\"contentUrl\":\"\",\"caption\":\"GALA GAR welding\"},\"image\":{\"@id\":\"https:\/\/galagar.com\/fr\/#\/schema\/logo\/image\/\"},\"sameAs\":[\"https:\/\/www.facebook.com\/galagarsoldadura\/\",\"https:\/\/www.linkedin.com\/company\/gala-gar-sl\/?trk=biz-companies-cym\",\"https:\/\/www.youtube.com\/user\/galagarsp\",\"https:\/\/www.instagram.com\/galagar_soldadura\/?hl=es\"]}]}<\/script>\n<!-- \/ Yoast SEO plugin. -->","yoast_head_json":{"title":"Electrodes en tungst\u00e8ne | GALA GAR - Productos de soldadura y reguladores de gas - Gas y soldadura","robots":{"index":"index","follow":"follow","max-snippet":"max-snippet:-1","max-image-preview":"max-image-preview:large","max-video-preview":"max-video-preview:-1"},"canonical":"https:\/\/galagar.com\/fr\/produit\/electrodes-en-tungstene\/","og_locale":"fr_FR","og_type":"article","og_title":"Electrodes en tungst\u00e8ne | GALA GAR - Productos de soldadura y reguladores de gas - Gas y soldadura","og_description":"Le choix de ce mat\u00e9riau comme \u00e9lectrode pour le soudage TIG est d\u00fb au fait qu'il s'agit du m\u00e9tal ayant le point de fusion le plus \u00e9lev\u00e9 (3410\u00b0), compar\u00e9 au fer (1536\u00b0), au cuivre (1038\u00b0) ou \u00e0 l'aluminium (660\u00b0). Utilisation de chaque \u00e9lectrode   Pointe verte - Pure (le plus souvent utilis\u00e9e pour le soudage en courant alternatif)  Pointe rouge 2% TH - Thorium  Pointe grise - 2 % de c\u00e9rium - CE  Pointe noire - 1% Lanthane - LTH  Pointe d'or - 1,5% Lanthane - LTH","og_url":"https:\/\/galagar.com\/fr\/produit\/electrodes-en-tungstene\/","og_site_name":"GALA GAR - Productos de soldadura y reguladores de gas - Gas y soldadura","article_publisher":"https:\/\/www.facebook.com\/galagarsoldadura\/","og_image":[{"width":640,"height":800,"url":"https:\/\/galagar.com\/wp-content\/uploads\/2022\/01\/Tungstenos-Verde.jpg","type":"image\/jpeg"}],"twitter_card":"summary_large_image","twitter_misc":{"Dur\u00e9e de lecture estim\u00e9e":"1 minute"},"schema":{"@context":"https:\/\/schema.org","@graph":[{"@type":"WebPage","@id":"https:\/\/galagar.com\/fr\/produit\/electrodes-en-tungstene\/","url":"https:\/\/galagar.com\/fr\/produit\/electrodes-en-tungstene\/","name":"Electrodes en tungst\u00e8ne | GALA GAR - Productos de soldadura y reguladores de gas - Gas y soldadura","isPartOf":{"@id":"https:\/\/galagar.com\/fr\/#website"},"primaryImageOfPage":{"@id":"https:\/\/galagar.com\/fr\/produit\/electrodes-en-tungstene\/#primaryimage"},"image":{"@id":"https:\/\/galagar.com\/fr\/produit\/electrodes-en-tungstene\/#primaryimage"},"thumbnailUrl":"https:\/\/galagar.com\/wp-content\/uploads\/2022\/01\/Tungstenos-Verde.jpg","datePublished":"2022-01-27T18:46:55+00:00","breadcrumb":{"@id":"https:\/\/galagar.com\/fr\/produit\/electrodes-en-tungstene\/#breadcrumb"},"inLanguage":"fr-FR","potentialAction":[{"@type":"ReadAction","target":["https:\/\/galagar.com\/fr\/produit\/electrodes-en-tungstene\/"]}]},{"@type":"ImageObject","inLanguage":"fr-FR","@id":"https:\/\/galagar.com\/fr\/produit\/electrodes-en-tungstene\/#primaryimage","url":"https:\/\/galagar.com\/wp-content\/uploads\/2022\/01\/Tungstenos-Verde.jpg","contentUrl":"https:\/\/galagar.com\/wp-content\/uploads\/2022\/01\/Tungstenos-Verde.jpg","width":640,"height":800},{"@type":"BreadcrumbList","@id":"https:\/\/galagar.com\/fr\/produit\/electrodes-en-tungstene\/#breadcrumb","itemListElement":[{"@type":"ListItem","position":1,"name":"Inicio","item":"https:\/\/galagar.com\/fr\/accueil\/"},{"@type":"ListItem","position":2,"name":"Boutique","item":"https:\/\/galagar.com\/fr\/boutique\/"},{"@type":"ListItem","position":3,"name":"Produits","item":"https:\/\/galagar.com\/fr\/tienda-online\/produits\/"},{"@type":"ListItem","position":4,"name":"Torches et accessoires","item":"https:\/\/galagar.com\/fr\/tienda-online\/produits\/torches-et-accessoires\/"},{"@type":"ListItem","position":5,"name":"Torches TIG","item":"https:\/\/galagar.com\/fr\/tienda-online\/produits\/torches-et-accessoires\/torches-tig\/"},{"@type":"ListItem","position":6,"name":"Consommables pour torche TIG","item":"https:\/\/galagar.com\/fr\/tienda-online\/produits\/torches-et-accessoires\/torches-tig\/consommables-pour-torche-tig\/"},{"@type":"ListItem","position":7,"name":"Electrodes en tungst\u00e8ne"}]},{"@type":"WebSite","@id":"https:\/\/galagar.com\/fr\/#website","url":"https:\/\/galagar.com\/fr\/","name":"GALA GAR - Productos de soldadura y reguladores de gas - Gas y soldadura","description":"Gala Gar es fabricante de tecnolog\u00eda competitiva para soldadura (MMA-TIG-MIG\/MAG-CORTE POR PLASMA), regulaci\u00f3n de gases, y para soldadura y corte por gas.","publisher":{"@id":"https:\/\/galagar.com\/fr\/#organization"},"potentialAction":[{"@type":"SearchAction","target":{"@type":"EntryPoint","urlTemplate":"https:\/\/galagar.com\/fr\/?s={search_term_string}"},"query-input":{"@type":"PropertyValueSpecification","valueRequired":true,"valueName":"search_term_string"}}],"inLanguage":"fr-FR"},{"@type":"Organization","@id":"https:\/\/galagar.com\/fr\/#organization","name":"GALA GAR welding","url":"https:\/\/galagar.com\/fr\/","logo":{"@type":"ImageObject","inLanguage":"fr-FR","@id":"https:\/\/galagar.com\/fr\/#\/schema\/logo\/image\/","url":"","contentUrl":"","caption":"GALA GAR welding"},"image":{"@id":"https:\/\/galagar.com\/fr\/#\/schema\/logo\/image\/"},"sameAs":["https:\/\/www.facebook.com\/galagarsoldadura\/","https:\/\/www.linkedin.com\/company\/gala-gar-sl\/?trk=biz-companies-cym","https:\/\/www.youtube.com\/user\/galagarsp","https:\/\/www.instagram.com\/galagar_soldadura\/?hl=es"]}]}},"_links":{"self":[{"href":"https:\/\/galagar.com\/fr\/wp-json\/wp\/v2\/product\/17555","targetHints":{"allow":["GET"]}}],"collection":[{"href":"https:\/\/galagar.com\/fr\/wp-json\/wp\/v2\/product"}],"about":[{"href":"https:\/\/galagar.com\/fr\/wp-json\/wp\/v2\/types\/product"}],"wp:featuredmedia":[{"embeddable":true,"href":"https:\/\/galagar.com\/fr\/wp-json\/wp\/v2\/media\/27633"}],"wp:attachment":[{"href":"https:\/\/galagar.com\/fr\/wp-json\/wp\/v2\/media?parent=17555"}],"wp:term":[{"taxonomy":"product_brand","embeddable":true,"href":"https:\/\/galagar.com\/fr\/wp-json\/wp\/v2\/product_brand?post=17555"},{"taxonomy":"product_cat","embeddable":true,"href":"https:\/\/galagar.com\/fr\/wp-json\/wp\/v2\/product_cat?post=17555"},{"taxonomy":"product_tag","embeddable":true,"href":"https:\/\/galagar.com\/fr\/wp-json\/wp\/v2\/product_tag?post=17555"}],"curies":[{"name":"wp","href":"https:\/\/api.w.org\/{rel}","templated":true}]}}