{"id":17681,"date":"2022-01-27T19:46:30","date_gmt":"2022-01-27T18:46:30","guid":{"rendered":"https:\/\/dev.galagar.com\/producto\/smart-160-pfc\/"},"modified":"2024-03-04T07:54:25","modified_gmt":"2024-03-04T06:54:25","slug":"smart-160-pfc","status":"publish","type":"product","link":"https:\/\/galagar.com\/fr\/produit\/smart-160-pfc\/","title":{"rendered":"Smart 160 PFC"},"content":{"rendered":"<div class=\"fusion-fullwidth fullwidth-box fusion-builder-row-1 fusion-flex-container nonhundred-percent-fullwidth non-hundred-percent-height-scrolling\" style=\"--awb-border-radius-top-left:0px;--awb-border-radius-top-right:0px;--awb-border-radius-bottom-right:0px;--awb-border-radius-bottom-left:0px;--awb-padding-right:0px;--awb-padding-left:0px;--awb-flex-wrap:wrap;\" ><div class=\"fusion-builder-row fusion-row fusion-flex-align-items-flex-start fusion-flex-content-wrap\" style=\"max-width:1216.8px;margin-left: calc(-4% \/ 2 );margin-right: calc(-4% \/ 2 );\"><div class=\"fusion-layout-column fusion_builder_column fusion-builder-column-0 fusion_builder_column_3_5 3_5 fusion-flex-column\" style=\"--awb-bg-size:cover;--awb-width-large:60%;--awb-margin-top-large:0px;--awb-spacing-right-large:3.2%;--awb-margin-bottom-large:20px;--awb-spacing-left-large:3.2%;--awb-width-medium:100%;--awb-order-medium:0;--awb-spacing-right-medium:1.92%;--awb-spacing-left-medium:1.92%;--awb-width-small:100%;--awb-order-small:0;--awb-spacing-right-small:1.92%;--awb-spacing-left-small:1.92%;\"><div class=\"fusion-column-wrapper fusion-column-has-shadow fusion-flex-justify-content-flex-start fusion-content-layout-column\">\n<div class=\"table-2 gal-textos-menores\">\n<table width=\"100%\">\n<thead>\n<tr>\n<th align=\"left\">Caract\u00e9ristiques<\/th>\n<th align=\"left\"><\/th>\n<\/tr>\n<\/thead>\n<tbody>\n<tr>\n<td>Tension d&#8217;alimentation<\/td>\n<td>1 Ph 230V \u00b1 10 % &#8211; 50\/60 Hz.<\/td>\n<\/tr>\n<tr>\n<td>Marge r\u00e9glementaire<\/td>\n<td>10 A \u00f7 160 A<\/td>\n<\/tr>\n<tr>\n<td>Facteur de marche MMA 40\u00baC<\/td>\n<td>160 A \/ 35 %<\/td>\n<\/tr>\n<tr>\n<td>Facteur de service TIG 40\u00baC<\/td>\n<td>160 A \/ 35 %<\/td>\n<\/tr>\n<tr>\n<td>Puissance maximale absorb\u00e9e<\/td>\n<td>8 Kva<\/td>\n<\/tr>\n<tr>\n<td>Tension \u00e0 vide<\/td>\n<td>68 V.<\/td>\n<\/tr>\n<tr>\n<td>Dimensions (largeur x hauteur x longueur)<\/td>\n<td>135 x 277 x 365 mm.<\/td>\n<\/tr>\n<tr>\n<td>Poids<\/td>\n<td>6.4 Kg.<\/td>\n<\/tr>\n<\/tbody>\n<\/table>\n<\/div>\n<\/div><\/div><div class=\"fusion-layout-column fusion_builder_column fusion-builder-column-1 fusion_builder_column_2_5 2_5 fusion-flex-column\" style=\"--awb-bg-size:cover;--awb-width-large:40%;--awb-margin-top-large:0px;--awb-spacing-right-large:4.8%;--awb-margin-bottom-large:20px;--awb-spacing-left-large:4.8%;--awb-width-medium:100%;--awb-order-medium:0;--awb-spacing-right-medium:1.92%;--awb-spacing-left-medium:1.92%;--awb-width-small:100%;--awb-order-small:0;--awb-spacing-right-small:1.92%;--awb-spacing-left-small:1.92%;\"><div class=\"fusion-column-wrapper fusion-column-has-shadow fusion-flex-justify-content-flex-start fusion-content-layout-column\">\n<div class=\"table-2 gal-textos-menores\">\n<table width=\"100%\">\n<thead>\n<tr>\n<th align=\"left\">Option recommand\u00e9e TIG<\/th>\n<th align=\"left\">R\u00e9f\u00e9rence<\/th>\n<\/tr>\n<\/thead>\n<tbody>\n<tr>\n<td>R\u00e9gulateur Argon Co2<\/td>\n<td>36500001<\/td>\n<\/tr>\n<tr>\n<td>SR26V Torche TIG &#8211; 4 m.<\/td>\n<td>19052604P<\/td>\n<\/tr>\n<tr>\n<td>\u00c9lectrodes en tungst\u00e8ne noir \u00d8 2,4<\/td>\n<td>750244C<\/td>\n<\/tr>\n<\/tbody>\n<\/table>\n<\/div>\n<\/div><\/div><\/div><\/div>\n","protected":false},"excerpt":{"rendered":"<p><strong>Description :<\/strong><br \/>\n\u00c9quipement portable \u00e0 technologie inverter pour le soudage MMA \u00e0 \u00e9lectrode en b\u00e2ton et TIG \u00e0 courant continu.<br \/>\nTechnologie PFC pour une efficacit\u00e9 \u00e9nerg\u00e9tique maximale.<\/p>\n<p><strong>Principaux avantages :<\/strong><br \/>\n&#8211; Efficacit\u00e9 \u00e9nerg\u00e9tique maximale. Consommation minimale (-30%).<br \/>\n&#8211; Large plage de tension d&#8217;alimentation 184 V &#8211; 276 V.<br \/>\n&#8211; De longues extensions de connexion sont possibles (&gt;50 m)<br \/>\n&#8211; Soudage MMA jusqu&#8217;\u00e0 3,25-4,0 mm de diam\u00e8tre.<br \/>\n&#8211; Fonctions Hot Start, Arc Force et Anti-Sticking<br \/>\n&#8211; Soudage d&#8217;\u00e9lectrodes rutiles et basiques.<br \/>\n&#8211; Soudage TIG DC. Amor\u00e7age Lift-Arc<\/p>\n<p><strong>Proc\u00e9d\u00e9s : <\/strong>MMA &#8211; TIG DC Lift<br \/>\n<strong>\u00c9lectrodes : <\/strong>Rutile &#8211; Basic &#8211; Inox &#8211; Sp\u00e9cial<br \/>\n<strong>Applications :<\/strong> Charpente m\u00e9tallique et chaudronnerie &#8211; Entretien &#8211; R\u00e9paration &#8211; Agriculture<\/p>\n<p><strong>Inclus : <\/strong>C\u00e2ble de mise \u00e0 la terre &#8211; Pince d&#8217;\u00e9lectrodes &#8211; Pince d&#8217;\u00e9lectrodes<strong><br \/>\n<\/strong><\/p>\n<p><strong><br \/>\n<span style=\"color: #ff0000;\">Qu&#8217;est-ce que le PFC ? 3 avantages :<\/span><\/strong><\/p>\n<p><em>&#8211; R\u00e9duction de la consommation, jusqu&#8217;\u00e0 30 % d&#8217;\u00e9conomies.<\/em><br \/>\n<em>&#8211; Utilisation dans les r\u00e9seaux domestiques.<\/em><br \/>\n<em>&#8211; Utilisation de l&#8217;appareil avec des rallonges jusqu&#8217;\u00e0 50 m. sans chute de tension.<\/em><\/p>\n","protected":false},"featured_media":17686,"template":"","meta":{"_acf_changed":false,"content-type":"","inline_featured_image":false,"_monsterinsights_skip_tracking":false,"_monsterinsights_sitenote_active":false,"_monsterinsights_sitenote_note":"","_monsterinsights_sitenote_category":0,"_joinchat":[]},"product_brand":[],"product_cat":[937,1329],"product_tag":[],"class_list":{"0":"post-17681","1":"product","2":"type-product","3":"status-publish","4":"has-post-thumbnail","6":"product_cat-produits","7":"product_cat-electrode-mma","9":"first","10":"instock","11":"taxable","12":"shipping-taxable","13":"product-type-simple"},"acf":[],"yoast_head":"<!-- This site is optimized with the Yoast SEO plugin v26.4 - https:\/\/yoast.com\/wordpress\/plugins\/seo\/ -->\n<title>Smart 160 PFC | GALA GAR - Productos de soldadura y reguladores de gas - Gas y soldadura<\/title>\n<meta name=\"robots\" content=\"index, follow, max-snippet:-1, max-image-preview:large, max-video-preview:-1\" \/>\n<link rel=\"canonical\" href=\"https:\/\/galagar.com\/fr\/produit\/smart-160-pfc\/\" \/>\n<meta property=\"og:locale\" content=\"fr_FR\" \/>\n<meta property=\"og:type\" content=\"article\" \/>\n<meta property=\"og:title\" content=\"Smart 160 PFC | GALA GAR - Productos de soldadura y reguladores de gas - Gas y soldadura\" \/>\n<meta property=\"og:description\" content=\"Description : \u00c9quipement portable \u00e0 technologie inverter pour le soudage MMA \u00e0 \u00e9lectrode en b\u00e2ton et TIG \u00e0 courant continu. Technologie PFC pour une efficacit\u00e9 \u00e9nerg\u00e9tique maximale.  Principaux avantages : - Efficacit\u00e9 \u00e9nerg\u00e9tique maximale. Consommation minimale (-30%). - Large plage de tension d&#039;alimentation 184 V - 276 V. - De longues extensions de connexion sont possibles (&gt;50 m) - Soudage MMA jusqu&#039;\u00e0 3,25-4,0 mm de diam\u00e8tre. - Fonctions Hot Start, Arc Force et Anti-Sticking - Soudage d&#039;\u00e9lectrodes rutiles et basiques. - Soudage TIG DC. Amor\u00e7age Lift-Arc  Proc\u00e9d\u00e9s : MMA - TIG DC Lift \u00c9lectrodes : Rutile - Basic - Inox - Sp\u00e9cial Applications : Charpente m\u00e9tallique et chaudronnerie - Entretien - R\u00e9paration - Agriculture  Inclus : C\u00e2ble de mise \u00e0 la terre - Pince d&#039;\u00e9lectrodes - Pince d&#039;\u00e9lectrodes    Qu&#039;est-ce que le PFC ? 3 avantages :  - R\u00e9duction de la consommation, jusqu&#039;\u00e0 30 % d&#039;\u00e9conomies. - Utilisation dans les r\u00e9seaux domestiques. - Utilisation de l&#039;appareil avec des rallonges jusqu&#039;\u00e0 50 m. sans chute de tension.\" \/>\n<meta property=\"og:url\" content=\"https:\/\/galagar.com\/fr\/produit\/smart-160-pfc\/\" \/>\n<meta property=\"og:site_name\" content=\"GALA GAR - Productos de soldadura y reguladores de gas - Gas y soldadura\" \/>\n<meta property=\"article:publisher\" content=\"https:\/\/www.facebook.com\/galagarsoldadura\/\" \/>\n<meta property=\"article:modified_time\" content=\"2024-03-04T06:54:25+00:00\" \/>\n<meta property=\"og:image\" content=\"https:\/\/galagar.com\/wp-content\/uploads\/2022\/01\/Smart-160PFC.jpg\" \/>\n\t<meta property=\"og:image:width\" content=\"640\" \/>\n\t<meta property=\"og:image:height\" content=\"800\" \/>\n\t<meta property=\"og:image:type\" content=\"image\/jpeg\" \/>\n<meta name=\"twitter:card\" content=\"summary_large_image\" \/>\n<meta name=\"twitter:label1\" content=\"Dur\u00e9e de lecture estim\u00e9e\" \/>\n\t<meta name=\"twitter:data1\" content=\"2 minutes\" \/>\n<script type=\"application\/ld+json\" class=\"yoast-schema-graph\">{\"@context\":\"https:\/\/schema.org\",\"@graph\":[{\"@type\":\"WebPage\",\"@id\":\"https:\/\/galagar.com\/fr\/produit\/smart-160-pfc\/\",\"url\":\"https:\/\/galagar.com\/fr\/produit\/smart-160-pfc\/\",\"name\":\"Smart 160 PFC | GALA GAR - Productos de soldadura y reguladores de gas - Gas y soldadura\",\"isPartOf\":{\"@id\":\"https:\/\/galagar.com\/fr\/#website\"},\"primaryImageOfPage\":{\"@id\":\"https:\/\/galagar.com\/fr\/produit\/smart-160-pfc\/#primaryimage\"},\"image\":{\"@id\":\"https:\/\/galagar.com\/fr\/produit\/smart-160-pfc\/#primaryimage\"},\"thumbnailUrl\":\"https:\/\/galagar.com\/wp-content\/uploads\/2022\/01\/Smart-160PFC.jpg\",\"datePublished\":\"2022-01-27T18:46:30+00:00\",\"dateModified\":\"2024-03-04T06:54:25+00:00\",\"breadcrumb\":{\"@id\":\"https:\/\/galagar.com\/fr\/produit\/smart-160-pfc\/#breadcrumb\"},\"inLanguage\":\"fr-FR\",\"potentialAction\":[{\"@type\":\"ReadAction\",\"target\":[\"https:\/\/galagar.com\/fr\/produit\/smart-160-pfc\/\"]}]},{\"@type\":\"ImageObject\",\"inLanguage\":\"fr-FR\",\"@id\":\"https:\/\/galagar.com\/fr\/produit\/smart-160-pfc\/#primaryimage\",\"url\":\"https:\/\/galagar.com\/wp-content\/uploads\/2022\/01\/Smart-160PFC.jpg\",\"contentUrl\":\"https:\/\/galagar.com\/wp-content\/uploads\/2022\/01\/Smart-160PFC.jpg\",\"width\":640,\"height\":800},{\"@type\":\"BreadcrumbList\",\"@id\":\"https:\/\/galagar.com\/fr\/produit\/smart-160-pfc\/#breadcrumb\",\"itemListElement\":[{\"@type\":\"ListItem\",\"position\":1,\"name\":\"Inicio\",\"item\":\"https:\/\/galagar.com\/fr\/accueil\/\"},{\"@type\":\"ListItem\",\"position\":2,\"name\":\"Boutique\",\"item\":\"https:\/\/galagar.com\/fr\/boutique\/\"},{\"@type\":\"ListItem\",\"position\":3,\"name\":\"Produits\",\"item\":\"https:\/\/galagar.com\/fr\/tienda-online\/produits\/\"},{\"@type\":\"ListItem\",\"position\":4,\"name\":\"Soudage \u00e9lectrique\",\"item\":\"https:\/\/galagar.com\/fr\/tienda-online\/produits\/soudage-electrique\/\"},{\"@type\":\"ListItem\",\"position\":5,\"name\":\"MMA\",\"item\":\"https:\/\/galagar.com\/fr\/tienda-online\/produits\/soudage-electrique\/electrode-mma\/\"},{\"@type\":\"ListItem\",\"position\":6,\"name\":\"Smart 160 PFC\"}]},{\"@type\":\"WebSite\",\"@id\":\"https:\/\/galagar.com\/fr\/#website\",\"url\":\"https:\/\/galagar.com\/fr\/\",\"name\":\"GALA GAR - Productos de soldadura y reguladores de gas - Gas y soldadura\",\"description\":\"Gala Gar es fabricante de tecnolog\u00eda competitiva para soldadura (MMA-TIG-MIG\/MAG-CORTE POR PLASMA), regulaci\u00f3n de gases, y para soldadura y corte por gas.\",\"publisher\":{\"@id\":\"https:\/\/galagar.com\/fr\/#organization\"},\"potentialAction\":[{\"@type\":\"SearchAction\",\"target\":{\"@type\":\"EntryPoint\",\"urlTemplate\":\"https:\/\/galagar.com\/fr\/?s={search_term_string}\"},\"query-input\":{\"@type\":\"PropertyValueSpecification\",\"valueRequired\":true,\"valueName\":\"search_term_string\"}}],\"inLanguage\":\"fr-FR\"},{\"@type\":\"Organization\",\"@id\":\"https:\/\/galagar.com\/fr\/#organization\",\"name\":\"GALA GAR welding\",\"url\":\"https:\/\/galagar.com\/fr\/\",\"logo\":{\"@type\":\"ImageObject\",\"inLanguage\":\"fr-FR\",\"@id\":\"https:\/\/galagar.com\/fr\/#\/schema\/logo\/image\/\",\"url\":\"\",\"contentUrl\":\"\",\"caption\":\"GALA GAR welding\"},\"image\":{\"@id\":\"https:\/\/galagar.com\/fr\/#\/schema\/logo\/image\/\"},\"sameAs\":[\"https:\/\/www.facebook.com\/galagarsoldadura\/\",\"https:\/\/www.linkedin.com\/company\/gala-gar-sl\/?trk=biz-companies-cym\",\"https:\/\/www.youtube.com\/user\/galagarsp\",\"https:\/\/www.instagram.com\/galagar_soldadura\/?hl=es\"]}]}<\/script>\n<!-- \/ Yoast SEO plugin. -->","yoast_head_json":{"title":"Smart 160 PFC | GALA GAR - Productos de soldadura y reguladores de gas - Gas y soldadura","robots":{"index":"index","follow":"follow","max-snippet":"max-snippet:-1","max-image-preview":"max-image-preview:large","max-video-preview":"max-video-preview:-1"},"canonical":"https:\/\/galagar.com\/fr\/produit\/smart-160-pfc\/","og_locale":"fr_FR","og_type":"article","og_title":"Smart 160 PFC | GALA GAR - Productos de soldadura y reguladores de gas - Gas y soldadura","og_description":"Description : \u00c9quipement portable \u00e0 technologie inverter pour le soudage MMA \u00e0 \u00e9lectrode en b\u00e2ton et TIG \u00e0 courant continu. Technologie PFC pour une efficacit\u00e9 \u00e9nerg\u00e9tique maximale.  Principaux avantages : - Efficacit\u00e9 \u00e9nerg\u00e9tique maximale. Consommation minimale (-30%). - Large plage de tension d'alimentation 184 V - 276 V. - De longues extensions de connexion sont possibles (&gt;50 m) - Soudage MMA jusqu'\u00e0 3,25-4,0 mm de diam\u00e8tre. - Fonctions Hot Start, Arc Force et Anti-Sticking - Soudage d'\u00e9lectrodes rutiles et basiques. - Soudage TIG DC. Amor\u00e7age Lift-Arc  Proc\u00e9d\u00e9s : MMA - TIG DC Lift \u00c9lectrodes : Rutile - Basic - Inox - Sp\u00e9cial Applications : Charpente m\u00e9tallique et chaudronnerie - Entretien - R\u00e9paration - Agriculture  Inclus : C\u00e2ble de mise \u00e0 la terre - Pince d'\u00e9lectrodes - Pince d'\u00e9lectrodes    Qu'est-ce que le PFC ? 3 avantages :  - R\u00e9duction de la consommation, jusqu'\u00e0 30 % d'\u00e9conomies. - Utilisation dans les r\u00e9seaux domestiques. - Utilisation de l'appareil avec des rallonges jusqu'\u00e0 50 m. sans chute de tension.","og_url":"https:\/\/galagar.com\/fr\/produit\/smart-160-pfc\/","og_site_name":"GALA GAR - Productos de soldadura y reguladores de gas - Gas y soldadura","article_publisher":"https:\/\/www.facebook.com\/galagarsoldadura\/","article_modified_time":"2024-03-04T06:54:25+00:00","og_image":[{"width":640,"height":800,"url":"https:\/\/galagar.com\/wp-content\/uploads\/2022\/01\/Smart-160PFC.jpg","type":"image\/jpeg"}],"twitter_card":"summary_large_image","twitter_misc":{"Dur\u00e9e de lecture estim\u00e9e":"2 minutes"},"schema":{"@context":"https:\/\/schema.org","@graph":[{"@type":"WebPage","@id":"https:\/\/galagar.com\/fr\/produit\/smart-160-pfc\/","url":"https:\/\/galagar.com\/fr\/produit\/smart-160-pfc\/","name":"Smart 160 PFC | GALA GAR - Productos de soldadura y reguladores de gas - Gas y soldadura","isPartOf":{"@id":"https:\/\/galagar.com\/fr\/#website"},"primaryImageOfPage":{"@id":"https:\/\/galagar.com\/fr\/produit\/smart-160-pfc\/#primaryimage"},"image":{"@id":"https:\/\/galagar.com\/fr\/produit\/smart-160-pfc\/#primaryimage"},"thumbnailUrl":"https:\/\/galagar.com\/wp-content\/uploads\/2022\/01\/Smart-160PFC.jpg","datePublished":"2022-01-27T18:46:30+00:00","dateModified":"2024-03-04T06:54:25+00:00","breadcrumb":{"@id":"https:\/\/galagar.com\/fr\/produit\/smart-160-pfc\/#breadcrumb"},"inLanguage":"fr-FR","potentialAction":[{"@type":"ReadAction","target":["https:\/\/galagar.com\/fr\/produit\/smart-160-pfc\/"]}]},{"@type":"ImageObject","inLanguage":"fr-FR","@id":"https:\/\/galagar.com\/fr\/produit\/smart-160-pfc\/#primaryimage","url":"https:\/\/galagar.com\/wp-content\/uploads\/2022\/01\/Smart-160PFC.jpg","contentUrl":"https:\/\/galagar.com\/wp-content\/uploads\/2022\/01\/Smart-160PFC.jpg","width":640,"height":800},{"@type":"BreadcrumbList","@id":"https:\/\/galagar.com\/fr\/produit\/smart-160-pfc\/#breadcrumb","itemListElement":[{"@type":"ListItem","position":1,"name":"Inicio","item":"https:\/\/galagar.com\/fr\/accueil\/"},{"@type":"ListItem","position":2,"name":"Boutique","item":"https:\/\/galagar.com\/fr\/boutique\/"},{"@type":"ListItem","position":3,"name":"Produits","item":"https:\/\/galagar.com\/fr\/tienda-online\/produits\/"},{"@type":"ListItem","position":4,"name":"Soudage \u00e9lectrique","item":"https:\/\/galagar.com\/fr\/tienda-online\/produits\/soudage-electrique\/"},{"@type":"ListItem","position":5,"name":"MMA","item":"https:\/\/galagar.com\/fr\/tienda-online\/produits\/soudage-electrique\/electrode-mma\/"},{"@type":"ListItem","position":6,"name":"Smart 160 PFC"}]},{"@type":"WebSite","@id":"https:\/\/galagar.com\/fr\/#website","url":"https:\/\/galagar.com\/fr\/","name":"GALA GAR - Productos de soldadura y reguladores de gas - Gas y soldadura","description":"Gala Gar es fabricante de tecnolog\u00eda competitiva para soldadura (MMA-TIG-MIG\/MAG-CORTE POR PLASMA), regulaci\u00f3n de gases, y para soldadura y corte por gas.","publisher":{"@id":"https:\/\/galagar.com\/fr\/#organization"},"potentialAction":[{"@type":"SearchAction","target":{"@type":"EntryPoint","urlTemplate":"https:\/\/galagar.com\/fr\/?s={search_term_string}"},"query-input":{"@type":"PropertyValueSpecification","valueRequired":true,"valueName":"search_term_string"}}],"inLanguage":"fr-FR"},{"@type":"Organization","@id":"https:\/\/galagar.com\/fr\/#organization","name":"GALA GAR welding","url":"https:\/\/galagar.com\/fr\/","logo":{"@type":"ImageObject","inLanguage":"fr-FR","@id":"https:\/\/galagar.com\/fr\/#\/schema\/logo\/image\/","url":"","contentUrl":"","caption":"GALA GAR welding"},"image":{"@id":"https:\/\/galagar.com\/fr\/#\/schema\/logo\/image\/"},"sameAs":["https:\/\/www.facebook.com\/galagarsoldadura\/","https:\/\/www.linkedin.com\/company\/gala-gar-sl\/?trk=biz-companies-cym","https:\/\/www.youtube.com\/user\/galagarsp","https:\/\/www.instagram.com\/galagar_soldadura\/?hl=es"]}]}},"_links":{"self":[{"href":"https:\/\/galagar.com\/fr\/wp-json\/wp\/v2\/product\/17681","targetHints":{"allow":["GET"]}}],"collection":[{"href":"https:\/\/galagar.com\/fr\/wp-json\/wp\/v2\/product"}],"about":[{"href":"https:\/\/galagar.com\/fr\/wp-json\/wp\/v2\/types\/product"}],"wp:featuredmedia":[{"embeddable":true,"href":"https:\/\/galagar.com\/fr\/wp-json\/wp\/v2\/media\/17686"}],"wp:attachment":[{"href":"https:\/\/galagar.com\/fr\/wp-json\/wp\/v2\/media?parent=17681"}],"wp:term":[{"taxonomy":"product_brand","embeddable":true,"href":"https:\/\/galagar.com\/fr\/wp-json\/wp\/v2\/product_brand?post=17681"},{"taxonomy":"product_cat","embeddable":true,"href":"https:\/\/galagar.com\/fr\/wp-json\/wp\/v2\/product_cat?post=17681"},{"taxonomy":"product_tag","embeddable":true,"href":"https:\/\/galagar.com\/fr\/wp-json\/wp\/v2\/product_tag?post=17681"}],"curies":[{"name":"wp","href":"https:\/\/api.w.org\/{rel}","templated":true}]}}