{"id":17942,"date":"2022-01-27T19:45:59","date_gmt":"2022-01-27T18:45:59","guid":{"rendered":"https:\/\/dev.galagar.com\/producto\/bras-dextension-de-2-metres\/"},"modified":"2022-01-27T19:45:59","modified_gmt":"2022-01-27T18:45:59","slug":"bras-extensible-de-2-metres","status":"publish","type":"product","link":"https:\/\/galagar.com\/fr\/produit\/bras-extensible-de-2-metres\/","title":{"rendered":"Bras d&#8217;extension de 2 m\u00e8tres"},"content":{"rendered":"","protected":false},"excerpt":{"rendered":"<p><strong class=\"subsubtitle\">Description<br \/>\n<\/strong>Le NEC-2 Extender est un bras d&#8217;extension \u00e0 montage mural. Utilis\u00e9 pour augmenter la port\u00e9e d&#8217;un bras d&#8217;aspiration afin de couvrir des zones de travail tr\u00e8s \u00e9tendues et\/ou multiples. Le NEC-2 est \u00e9quip\u00e9 d&#8217;un syst\u00e8me HandyStop permettant de bloquer la base dans la position souhait\u00e9e (5 possibilit\u00e9s). Le NEC-2 Extender peut \u00eatre \u00e9tendu de 2 m\u00e8tres suppl\u00e9mentaires pour atteindre une port\u00e9e de 4 m.<\/p>\n<p><strong class=\"subsubtitle\">Caract\u00e9ristiques<br \/>\n<\/strong>Tubes plastiques industriels l\u00e9gers et r\u00e9sistants aux chocs<br \/>\nTubes lisses de 200 mm en standard pour permettre une capacit\u00e9 \u00e9lev\u00e9e avec une faible perte de charge<\/p>\n<p>HandyStop pour bloquer le bras dans la position souhait\u00e9e<br \/>\nVersion avec bras de 4 m. avec charni\u00e8re centrale \u00e0 friction adaptable pour un \u00e9quilibre optimal entre stabilit\u00e9 et flexibilit\u00e9<\/p>\n","protected":false},"featured_media":17953,"template":"","meta":{"_acf_changed":false,"content-type":"","inline_featured_image":false,"_monsterinsights_skip_tracking":false,"_monsterinsights_sitenote_active":false,"_monsterinsights_sitenote_note":"","_monsterinsights_sitenote_category":0,"_joinchat":[]},"product_brand":[],"product_cat":[937,1495,1496],"product_tag":[],"class_list":{"0":"post-17942","1":"product","2":"type-product","3":"status-publish","4":"has-post-thumbnail","6":"product_cat-produits","7":"product_cat-aspiration-des-fumees","8":"product_cat-bras-aspiration","10":"first","11":"instock","12":"taxable","13":"shipping-taxable","14":"product-type-simple"},"acf":[],"yoast_head":"<!-- This site is optimized with the Yoast SEO plugin v26.4 - https:\/\/yoast.com\/wordpress\/plugins\/seo\/ -->\n<title>Bras d&#039;extension de 2 m\u00e8tres | GALA GAR - Productos de soldadura y reguladores de gas - Gas y soldadura<\/title>\n<meta name=\"robots\" content=\"index, follow, max-snippet:-1, max-image-preview:large, max-video-preview:-1\" \/>\n<link rel=\"canonical\" href=\"https:\/\/galagar.com\/fr\/produit\/bras-extensible-de-2-metres\/\" \/>\n<meta property=\"og:locale\" content=\"fr_FR\" \/>\n<meta property=\"og:type\" content=\"article\" \/>\n<meta property=\"og:title\" content=\"Bras d&#039;extension de 2 m\u00e8tres | GALA GAR - Productos de soldadura y reguladores de gas - Gas y soldadura\" \/>\n<meta property=\"og:description\" content=\"Description Le NEC-2 Extender est un bras d&#039;extension \u00e0 montage mural. Utilis\u00e9 pour augmenter la port\u00e9e d&#039;un bras d&#039;aspiration afin de couvrir des zones de travail tr\u00e8s \u00e9tendues et\/ou multiples. Le NEC-2 est \u00e9quip\u00e9 d&#039;un syst\u00e8me HandyStop permettant de bloquer la base dans la position souhait\u00e9e (5 possibilit\u00e9s). Le NEC-2 Extender peut \u00eatre \u00e9tendu de 2 m\u00e8tres suppl\u00e9mentaires pour atteindre une port\u00e9e de 4 m. Caract\u00e9ristiques Tubes plastiques industriels l\u00e9gers et r\u00e9sistants aux chocs Tubes lisses de 200 mm en standard pour permettre une capacit\u00e9 \u00e9lev\u00e9e avec une faible perte de charge HandyStop pour bloquer le bras dans la position souhait\u00e9e Version avec bras de 4 m. avec charni\u00e8re centrale \u00e0 friction adaptable pour un \u00e9quilibre optimal entre stabilit\u00e9 et flexibilit\u00e9\" \/>\n<meta property=\"og:url\" content=\"https:\/\/galagar.com\/fr\/produit\/bras-extensible-de-2-metres\/\" \/>\n<meta property=\"og:site_name\" content=\"GALA GAR - Productos de soldadura y reguladores de gas - Gas y soldadura\" \/>\n<meta property=\"article:publisher\" content=\"https:\/\/www.facebook.com\/galagarsoldadura\/\" \/>\n<meta property=\"og:image\" content=\"https:\/\/galagar.com\/wp-content\/uploads\/2023\/04\/BrazoExtensor.jpg\" \/>\n\t<meta property=\"og:image:width\" content=\"640\" \/>\n\t<meta property=\"og:image:height\" content=\"800\" \/>\n\t<meta property=\"og:image:type\" content=\"image\/jpeg\" \/>\n<meta name=\"twitter:card\" content=\"summary_large_image\" \/>\n<script type=\"application\/ld+json\" class=\"yoast-schema-graph\">{\"@context\":\"https:\/\/schema.org\",\"@graph\":[{\"@type\":\"WebPage\",\"@id\":\"https:\/\/galagar.com\/fr\/produit\/bras-extensible-de-2-metres\/\",\"url\":\"https:\/\/galagar.com\/fr\/produit\/bras-extensible-de-2-metres\/\",\"name\":\"Bras d'extension de 2 m\u00e8tres | GALA GAR - Productos de soldadura y reguladores de gas - Gas y soldadura\",\"isPartOf\":{\"@id\":\"https:\/\/galagar.com\/fr\/#website\"},\"primaryImageOfPage\":{\"@id\":\"https:\/\/galagar.com\/fr\/produit\/bras-extensible-de-2-metres\/#primaryimage\"},\"image\":{\"@id\":\"https:\/\/galagar.com\/fr\/produit\/bras-extensible-de-2-metres\/#primaryimage\"},\"thumbnailUrl\":\"https:\/\/galagar.com\/wp-content\/uploads\/2023\/04\/BrazoExtensor.jpg\",\"datePublished\":\"2022-01-27T18:45:59+00:00\",\"breadcrumb\":{\"@id\":\"https:\/\/galagar.com\/fr\/produit\/bras-extensible-de-2-metres\/#breadcrumb\"},\"inLanguage\":\"fr-FR\",\"potentialAction\":[{\"@type\":\"ReadAction\",\"target\":[\"https:\/\/galagar.com\/fr\/produit\/bras-extensible-de-2-metres\/\"]}]},{\"@type\":\"ImageObject\",\"inLanguage\":\"fr-FR\",\"@id\":\"https:\/\/galagar.com\/fr\/produit\/bras-extensible-de-2-metres\/#primaryimage\",\"url\":\"https:\/\/galagar.com\/wp-content\/uploads\/2023\/04\/BrazoExtensor.jpg\",\"contentUrl\":\"https:\/\/galagar.com\/wp-content\/uploads\/2023\/04\/BrazoExtensor.jpg\",\"width\":640,\"height\":800},{\"@type\":\"BreadcrumbList\",\"@id\":\"https:\/\/galagar.com\/fr\/produit\/bras-extensible-de-2-metres\/#breadcrumb\",\"itemListElement\":[{\"@type\":\"ListItem\",\"position\":1,\"name\":\"Inicio\",\"item\":\"https:\/\/galagar.com\/fr\/accueil\/\"},{\"@type\":\"ListItem\",\"position\":2,\"name\":\"Boutique\",\"item\":\"https:\/\/galagar.com\/fr\/boutique\/\"},{\"@type\":\"ListItem\",\"position\":3,\"name\":\"Produits\",\"item\":\"https:\/\/galagar.com\/fr\/tienda-online\/produits\/\"},{\"@type\":\"ListItem\",\"position\":4,\"name\":\"Protection\",\"item\":\"https:\/\/galagar.com\/fr\/tienda-online\/produits\/protection\/\"},{\"@type\":\"ListItem\",\"position\":5,\"name\":\"Aspiration des fum\u00e9es\",\"item\":\"https:\/\/galagar.com\/fr\/tienda-online\/produits\/protection\/aspiration-des-fumees\/\"},{\"@type\":\"ListItem\",\"position\":6,\"name\":\"Bras d'aspiration\",\"item\":\"https:\/\/galagar.com\/fr\/tienda-online\/produits\/protection\/aspiration-des-fumees\/bras-aspiration\/\"},{\"@type\":\"ListItem\",\"position\":7,\"name\":\"Bras d&#8217;extension de 2 m\u00e8tres\"}]},{\"@type\":\"WebSite\",\"@id\":\"https:\/\/galagar.com\/fr\/#website\",\"url\":\"https:\/\/galagar.com\/fr\/\",\"name\":\"GALA GAR - Productos de soldadura y reguladores de gas - Gas y soldadura\",\"description\":\"Gala Gar es fabricante de tecnolog\u00eda competitiva para soldadura (MMA-TIG-MIG\/MAG-CORTE POR PLASMA), regulaci\u00f3n de gases, y para soldadura y corte por gas.\",\"publisher\":{\"@id\":\"https:\/\/galagar.com\/fr\/#organization\"},\"potentialAction\":[{\"@type\":\"SearchAction\",\"target\":{\"@type\":\"EntryPoint\",\"urlTemplate\":\"https:\/\/galagar.com\/fr\/?s={search_term_string}\"},\"query-input\":{\"@type\":\"PropertyValueSpecification\",\"valueRequired\":true,\"valueName\":\"search_term_string\"}}],\"inLanguage\":\"fr-FR\"},{\"@type\":\"Organization\",\"@id\":\"https:\/\/galagar.com\/fr\/#organization\",\"name\":\"GALA GAR welding\",\"url\":\"https:\/\/galagar.com\/fr\/\",\"logo\":{\"@type\":\"ImageObject\",\"inLanguage\":\"fr-FR\",\"@id\":\"https:\/\/galagar.com\/fr\/#\/schema\/logo\/image\/\",\"url\":\"\",\"contentUrl\":\"\",\"caption\":\"GALA GAR welding\"},\"image\":{\"@id\":\"https:\/\/galagar.com\/fr\/#\/schema\/logo\/image\/\"},\"sameAs\":[\"https:\/\/www.facebook.com\/galagarsoldadura\/\",\"https:\/\/www.linkedin.com\/company\/gala-gar-sl\/?trk=biz-companies-cym\",\"https:\/\/www.youtube.com\/user\/galagarsp\",\"https:\/\/www.instagram.com\/galagar_soldadura\/?hl=es\"]}]}<\/script>\n<!-- \/ Yoast SEO plugin. -->","yoast_head_json":{"title":"Bras d'extension de 2 m\u00e8tres | GALA GAR - Productos de soldadura y reguladores de gas - Gas y soldadura","robots":{"index":"index","follow":"follow","max-snippet":"max-snippet:-1","max-image-preview":"max-image-preview:large","max-video-preview":"max-video-preview:-1"},"canonical":"https:\/\/galagar.com\/fr\/produit\/bras-extensible-de-2-metres\/","og_locale":"fr_FR","og_type":"article","og_title":"Bras d'extension de 2 m\u00e8tres | GALA GAR - Productos de soldadura y reguladores de gas - Gas y soldadura","og_description":"Description Le NEC-2 Extender est un bras d'extension \u00e0 montage mural. Utilis\u00e9 pour augmenter la port\u00e9e d'un bras d'aspiration afin de couvrir des zones de travail tr\u00e8s \u00e9tendues et\/ou multiples. Le NEC-2 est \u00e9quip\u00e9 d'un syst\u00e8me HandyStop permettant de bloquer la base dans la position souhait\u00e9e (5 possibilit\u00e9s). Le NEC-2 Extender peut \u00eatre \u00e9tendu de 2 m\u00e8tres suppl\u00e9mentaires pour atteindre une port\u00e9e de 4 m. Caract\u00e9ristiques Tubes plastiques industriels l\u00e9gers et r\u00e9sistants aux chocs Tubes lisses de 200 mm en standard pour permettre une capacit\u00e9 \u00e9lev\u00e9e avec une faible perte de charge HandyStop pour bloquer le bras dans la position souhait\u00e9e Version avec bras de 4 m. avec charni\u00e8re centrale \u00e0 friction adaptable pour un \u00e9quilibre optimal entre stabilit\u00e9 et flexibilit\u00e9","og_url":"https:\/\/galagar.com\/fr\/produit\/bras-extensible-de-2-metres\/","og_site_name":"GALA GAR - Productos de soldadura y reguladores de gas - Gas y soldadura","article_publisher":"https:\/\/www.facebook.com\/galagarsoldadura\/","og_image":[{"width":640,"height":800,"url":"https:\/\/galagar.com\/wp-content\/uploads\/2023\/04\/BrazoExtensor.jpg","type":"image\/jpeg"}],"twitter_card":"summary_large_image","schema":{"@context":"https:\/\/schema.org","@graph":[{"@type":"WebPage","@id":"https:\/\/galagar.com\/fr\/produit\/bras-extensible-de-2-metres\/","url":"https:\/\/galagar.com\/fr\/produit\/bras-extensible-de-2-metres\/","name":"Bras d'extension de 2 m\u00e8tres | GALA GAR - Productos de soldadura y reguladores de gas - Gas y soldadura","isPartOf":{"@id":"https:\/\/galagar.com\/fr\/#website"},"primaryImageOfPage":{"@id":"https:\/\/galagar.com\/fr\/produit\/bras-extensible-de-2-metres\/#primaryimage"},"image":{"@id":"https:\/\/galagar.com\/fr\/produit\/bras-extensible-de-2-metres\/#primaryimage"},"thumbnailUrl":"https:\/\/galagar.com\/wp-content\/uploads\/2023\/04\/BrazoExtensor.jpg","datePublished":"2022-01-27T18:45:59+00:00","breadcrumb":{"@id":"https:\/\/galagar.com\/fr\/produit\/bras-extensible-de-2-metres\/#breadcrumb"},"inLanguage":"fr-FR","potentialAction":[{"@type":"ReadAction","target":["https:\/\/galagar.com\/fr\/produit\/bras-extensible-de-2-metres\/"]}]},{"@type":"ImageObject","inLanguage":"fr-FR","@id":"https:\/\/galagar.com\/fr\/produit\/bras-extensible-de-2-metres\/#primaryimage","url":"https:\/\/galagar.com\/wp-content\/uploads\/2023\/04\/BrazoExtensor.jpg","contentUrl":"https:\/\/galagar.com\/wp-content\/uploads\/2023\/04\/BrazoExtensor.jpg","width":640,"height":800},{"@type":"BreadcrumbList","@id":"https:\/\/galagar.com\/fr\/produit\/bras-extensible-de-2-metres\/#breadcrumb","itemListElement":[{"@type":"ListItem","position":1,"name":"Inicio","item":"https:\/\/galagar.com\/fr\/accueil\/"},{"@type":"ListItem","position":2,"name":"Boutique","item":"https:\/\/galagar.com\/fr\/boutique\/"},{"@type":"ListItem","position":3,"name":"Produits","item":"https:\/\/galagar.com\/fr\/tienda-online\/produits\/"},{"@type":"ListItem","position":4,"name":"Protection","item":"https:\/\/galagar.com\/fr\/tienda-online\/produits\/protection\/"},{"@type":"ListItem","position":5,"name":"Aspiration des fum\u00e9es","item":"https:\/\/galagar.com\/fr\/tienda-online\/produits\/protection\/aspiration-des-fumees\/"},{"@type":"ListItem","position":6,"name":"Bras d'aspiration","item":"https:\/\/galagar.com\/fr\/tienda-online\/produits\/protection\/aspiration-des-fumees\/bras-aspiration\/"},{"@type":"ListItem","position":7,"name":"Bras d&#8217;extension de 2 m\u00e8tres"}]},{"@type":"WebSite","@id":"https:\/\/galagar.com\/fr\/#website","url":"https:\/\/galagar.com\/fr\/","name":"GALA GAR - Productos de soldadura y reguladores de gas - Gas y soldadura","description":"Gala Gar es fabricante de tecnolog\u00eda competitiva para soldadura (MMA-TIG-MIG\/MAG-CORTE POR PLASMA), regulaci\u00f3n de gases, y para soldadura y corte por gas.","publisher":{"@id":"https:\/\/galagar.com\/fr\/#organization"},"potentialAction":[{"@type":"SearchAction","target":{"@type":"EntryPoint","urlTemplate":"https:\/\/galagar.com\/fr\/?s={search_term_string}"},"query-input":{"@type":"PropertyValueSpecification","valueRequired":true,"valueName":"search_term_string"}}],"inLanguage":"fr-FR"},{"@type":"Organization","@id":"https:\/\/galagar.com\/fr\/#organization","name":"GALA GAR welding","url":"https:\/\/galagar.com\/fr\/","logo":{"@type":"ImageObject","inLanguage":"fr-FR","@id":"https:\/\/galagar.com\/fr\/#\/schema\/logo\/image\/","url":"","contentUrl":"","caption":"GALA GAR welding"},"image":{"@id":"https:\/\/galagar.com\/fr\/#\/schema\/logo\/image\/"},"sameAs":["https:\/\/www.facebook.com\/galagarsoldadura\/","https:\/\/www.linkedin.com\/company\/gala-gar-sl\/?trk=biz-companies-cym","https:\/\/www.youtube.com\/user\/galagarsp","https:\/\/www.instagram.com\/galagar_soldadura\/?hl=es"]}]}},"_links":{"self":[{"href":"https:\/\/galagar.com\/fr\/wp-json\/wp\/v2\/product\/17942","targetHints":{"allow":["GET"]}}],"collection":[{"href":"https:\/\/galagar.com\/fr\/wp-json\/wp\/v2\/product"}],"about":[{"href":"https:\/\/galagar.com\/fr\/wp-json\/wp\/v2\/types\/product"}],"wp:featuredmedia":[{"embeddable":true,"href":"https:\/\/galagar.com\/fr\/wp-json\/wp\/v2\/media\/17953"}],"wp:attachment":[{"href":"https:\/\/galagar.com\/fr\/wp-json\/wp\/v2\/media?parent=17942"}],"wp:term":[{"taxonomy":"product_brand","embeddable":true,"href":"https:\/\/galagar.com\/fr\/wp-json\/wp\/v2\/product_brand?post=17942"},{"taxonomy":"product_cat","embeddable":true,"href":"https:\/\/galagar.com\/fr\/wp-json\/wp\/v2\/product_cat?post=17942"},{"taxonomy":"product_tag","embeddable":true,"href":"https:\/\/galagar.com\/fr\/wp-json\/wp\/v2\/product_tag?post=17942"}],"curies":[{"name":"wp","href":"https:\/\/api.w.org\/{rel}","templated":true}]}}