{"id":17954,"date":"2023-04-04T09:57:40","date_gmt":"2023-04-04T07:57:40","guid":{"rendered":"https:\/\/dev.galagar.com\/producto\/assemblage-daspiration-eco\/"},"modified":"2023-04-04T09:57:40","modified_gmt":"2023-04-04T07:57:40","slug":"kit-decho-aspiration","status":"publish","type":"product","link":"https:\/\/galagar.com\/fr\/produit\/kit-decho-aspiration\/","title":{"rendered":"Assemblage d&#8217;aspiration ECO"},"content":{"rendered":"","protected":false},"excerpt":{"rendered":"<p>Hoover et tuyau flexible de 2,5 m\u00e8tres avec buse et une capacit\u00e9 d&#8217;aspiration de 2 400 m3\/h.<br \/>\nC\u00e2ble de 6 m\u00e8tres, interrupteur magn\u00e9to-thermique et pied de l&#8217;aspirateur.<\/p>\n<p><strong class=\"subsubtitle\">Description :<br \/>\n<\/strong>Les op\u00e9rations de soudage sont parfois effectu\u00e9es dans des espaces confin\u00e9s, tels que des structures de tuyauterie ou des r\u00e9servoirs. Dans ces cas, l&#8217;utilisation d&#8217;une unit\u00e9 d&#8217;extraction mobile n&#8217;est pas pratique et le lieu de travail n&#8217;est pas accessible avec une unit\u00e9 fixe.<\/p>\n<p>L&#8217;ECO <strong><br \/>\n  <em>ECO set<\/em><br \/>\n<\/strong> peut \u00eatre combin\u00e9 avec des tuyaux flexibles d&#8217;extraction et d&#8217;\u00e9vacuation. \u00c9quip\u00e9 d&#8217;un moteur efficace de 0,75 kW.<\/p>\n<p><strong class=\"subsubtitle\">Recommand\u00e9 pour<br \/>\n<\/strong>Un point d&#8217;extraction pour les processus de soudage d&#8217;intensit\u00e9 l\u00e9g\u00e8re \u00e0 moyenne.<br \/>\nSoudage en espace confin\u00e9<br \/>\nSoudage \u00e0 des hauteurs excessives<\/p>\n<p>&nbsp;<\/p>\n","protected":false},"featured_media":17969,"template":"","meta":{"_acf_changed":false,"content-type":"","inline_featured_image":false,"_monsterinsights_skip_tracking":false,"_monsterinsights_sitenote_active":false,"_monsterinsights_sitenote_note":"","_monsterinsights_sitenote_category":0,"_joinchat":[]},"product_brand":[],"product_cat":[937,1495,1496],"product_tag":[],"class_list":{"0":"post-17954","1":"product","2":"type-product","3":"status-publish","4":"has-post-thumbnail","6":"product_cat-produits","7":"product_cat-aspiration-des-fumees","8":"product_cat-bras-aspiration","10":"first","11":"instock","12":"taxable","13":"shipping-taxable","14":"product-type-simple"},"acf":[],"yoast_head":"<!-- This site is optimized with the Yoast SEO plugin v26.4 - https:\/\/yoast.com\/wordpress\/plugins\/seo\/ -->\n<title>Assemblage d&#039;aspiration ECO | GALA GAR - Productos de soldadura y reguladores de gas - Gas y soldadura<\/title>\n<meta name=\"robots\" content=\"index, follow, max-snippet:-1, max-image-preview:large, max-video-preview:-1\" \/>\n<link rel=\"canonical\" href=\"https:\/\/galagar.com\/fr\/produit\/kit-decho-aspiration\/\" \/>\n<meta property=\"og:locale\" content=\"fr_FR\" \/>\n<meta property=\"og:type\" content=\"article\" \/>\n<meta property=\"og:title\" content=\"Assemblage d&#039;aspiration ECO | GALA GAR - Productos de soldadura y reguladores de gas - Gas y soldadura\" \/>\n<meta property=\"og:description\" content=\"Hoover et tuyau flexible de 2,5 m\u00e8tres avec buse et une capacit\u00e9 d&#039;aspiration de 2 400 m3\/h. C\u00e2ble de 6 m\u00e8tres, interrupteur magn\u00e9to-thermique et pied de l&#039;aspirateur. Description : Les op\u00e9rations de soudage sont parfois effectu\u00e9es dans des espaces confin\u00e9s, tels que des structures de tuyauterie ou des r\u00e9servoirs. Dans ces cas, l&#039;utilisation d&#039;une unit\u00e9 d&#039;extraction mobile n&#039;est pas pratique et le lieu de travail n&#039;est pas accessible avec une unit\u00e9 fixe. L&#039;ECO  ECO set peut \u00eatre combin\u00e9 avec des tuyaux flexibles d&#039;extraction et d&#039;\u00e9vacuation. \u00c9quip\u00e9 d&#039;un moteur efficace de 0,75 kW. Recommand\u00e9 pour Un point d&#039;extraction pour les processus de soudage d&#039;intensit\u00e9 l\u00e9g\u00e8re \u00e0 moyenne. Soudage en espace confin\u00e9 Soudage \u00e0 des hauteurs excessives &nbsp;\" \/>\n<meta property=\"og:url\" content=\"https:\/\/galagar.com\/fr\/produit\/kit-decho-aspiration\/\" \/>\n<meta property=\"og:site_name\" content=\"GALA GAR - Productos de soldadura y reguladores de gas - Gas y soldadura\" \/>\n<meta property=\"article:publisher\" content=\"https:\/\/www.facebook.com\/galagarsoldadura\/\" \/>\n<meta property=\"og:image\" content=\"https:\/\/galagar.com\/wp-content\/uploads\/2023\/04\/ConjuntoAspirador_Basic.jpg\" \/>\n\t<meta property=\"og:image:width\" content=\"640\" \/>\n\t<meta property=\"og:image:height\" content=\"800\" \/>\n\t<meta property=\"og:image:type\" content=\"image\/jpeg\" \/>\n<meta name=\"twitter:card\" content=\"summary_large_image\" \/>\n<script type=\"application\/ld+json\" class=\"yoast-schema-graph\">{\"@context\":\"https:\/\/schema.org\",\"@graph\":[{\"@type\":\"WebPage\",\"@id\":\"https:\/\/galagar.com\/fr\/produit\/kit-decho-aspiration\/\",\"url\":\"https:\/\/galagar.com\/fr\/produit\/kit-decho-aspiration\/\",\"name\":\"Assemblage d'aspiration ECO | GALA GAR - Productos de soldadura y reguladores de gas - Gas y soldadura\",\"isPartOf\":{\"@id\":\"https:\/\/galagar.com\/fr\/#website\"},\"primaryImageOfPage\":{\"@id\":\"https:\/\/galagar.com\/fr\/produit\/kit-decho-aspiration\/#primaryimage\"},\"image\":{\"@id\":\"https:\/\/galagar.com\/fr\/produit\/kit-decho-aspiration\/#primaryimage\"},\"thumbnailUrl\":\"https:\/\/galagar.com\/wp-content\/uploads\/2023\/04\/ConjuntoAspirador_Basic.jpg\",\"datePublished\":\"2023-04-04T07:57:40+00:00\",\"breadcrumb\":{\"@id\":\"https:\/\/galagar.com\/fr\/produit\/kit-decho-aspiration\/#breadcrumb\"},\"inLanguage\":\"fr-FR\",\"potentialAction\":[{\"@type\":\"ReadAction\",\"target\":[\"https:\/\/galagar.com\/fr\/produit\/kit-decho-aspiration\/\"]}]},{\"@type\":\"ImageObject\",\"inLanguage\":\"fr-FR\",\"@id\":\"https:\/\/galagar.com\/fr\/produit\/kit-decho-aspiration\/#primaryimage\",\"url\":\"https:\/\/galagar.com\/wp-content\/uploads\/2023\/04\/ConjuntoAspirador_Basic.jpg\",\"contentUrl\":\"https:\/\/galagar.com\/wp-content\/uploads\/2023\/04\/ConjuntoAspirador_Basic.jpg\",\"width\":640,\"height\":800},{\"@type\":\"BreadcrumbList\",\"@id\":\"https:\/\/galagar.com\/fr\/produit\/kit-decho-aspiration\/#breadcrumb\",\"itemListElement\":[{\"@type\":\"ListItem\",\"position\":1,\"name\":\"Inicio\",\"item\":\"https:\/\/galagar.com\/fr\/accueil\/\"},{\"@type\":\"ListItem\",\"position\":2,\"name\":\"Boutique\",\"item\":\"https:\/\/galagar.com\/fr\/boutique\/\"},{\"@type\":\"ListItem\",\"position\":3,\"name\":\"Produits\",\"item\":\"https:\/\/galagar.com\/fr\/tienda-online\/produits\/\"},{\"@type\":\"ListItem\",\"position\":4,\"name\":\"Protection\",\"item\":\"https:\/\/galagar.com\/fr\/tienda-online\/produits\/protection\/\"},{\"@type\":\"ListItem\",\"position\":5,\"name\":\"Aspiration des fum\u00e9es\",\"item\":\"https:\/\/galagar.com\/fr\/tienda-online\/produits\/protection\/aspiration-des-fumees\/\"},{\"@type\":\"ListItem\",\"position\":6,\"name\":\"Bras d'aspiration\",\"item\":\"https:\/\/galagar.com\/fr\/tienda-online\/produits\/protection\/aspiration-des-fumees\/bras-aspiration\/\"},{\"@type\":\"ListItem\",\"position\":7,\"name\":\"Assemblage d&#8217;aspiration ECO\"}]},{\"@type\":\"WebSite\",\"@id\":\"https:\/\/galagar.com\/fr\/#website\",\"url\":\"https:\/\/galagar.com\/fr\/\",\"name\":\"GALA GAR - Productos de soldadura y reguladores de gas - Gas y soldadura\",\"description\":\"Gala Gar es fabricante de tecnolog\u00eda competitiva para soldadura (MMA-TIG-MIG\/MAG-CORTE POR PLASMA), regulaci\u00f3n de gases, y para soldadura y corte por gas.\",\"publisher\":{\"@id\":\"https:\/\/galagar.com\/fr\/#organization\"},\"potentialAction\":[{\"@type\":\"SearchAction\",\"target\":{\"@type\":\"EntryPoint\",\"urlTemplate\":\"https:\/\/galagar.com\/fr\/?s={search_term_string}\"},\"query-input\":{\"@type\":\"PropertyValueSpecification\",\"valueRequired\":true,\"valueName\":\"search_term_string\"}}],\"inLanguage\":\"fr-FR\"},{\"@type\":\"Organization\",\"@id\":\"https:\/\/galagar.com\/fr\/#organization\",\"name\":\"GALA GAR welding\",\"url\":\"https:\/\/galagar.com\/fr\/\",\"logo\":{\"@type\":\"ImageObject\",\"inLanguage\":\"fr-FR\",\"@id\":\"https:\/\/galagar.com\/fr\/#\/schema\/logo\/image\/\",\"url\":\"\",\"contentUrl\":\"\",\"caption\":\"GALA GAR welding\"},\"image\":{\"@id\":\"https:\/\/galagar.com\/fr\/#\/schema\/logo\/image\/\"},\"sameAs\":[\"https:\/\/www.facebook.com\/galagarsoldadura\/\",\"https:\/\/www.linkedin.com\/company\/gala-gar-sl\/?trk=biz-companies-cym\",\"https:\/\/www.youtube.com\/user\/galagarsp\",\"https:\/\/www.instagram.com\/galagar_soldadura\/?hl=es\"]}]}<\/script>\n<!-- \/ Yoast SEO plugin. -->","yoast_head_json":{"title":"Assemblage d'aspiration ECO | GALA GAR - Productos de soldadura y reguladores de gas - Gas y soldadura","robots":{"index":"index","follow":"follow","max-snippet":"max-snippet:-1","max-image-preview":"max-image-preview:large","max-video-preview":"max-video-preview:-1"},"canonical":"https:\/\/galagar.com\/fr\/produit\/kit-decho-aspiration\/","og_locale":"fr_FR","og_type":"article","og_title":"Assemblage d'aspiration ECO | GALA GAR - Productos de soldadura y reguladores de gas - Gas y soldadura","og_description":"Hoover et tuyau flexible de 2,5 m\u00e8tres avec buse et une capacit\u00e9 d'aspiration de 2 400 m3\/h. C\u00e2ble de 6 m\u00e8tres, interrupteur magn\u00e9to-thermique et pied de l'aspirateur. Description : Les op\u00e9rations de soudage sont parfois effectu\u00e9es dans des espaces confin\u00e9s, tels que des structures de tuyauterie ou des r\u00e9servoirs. Dans ces cas, l'utilisation d'une unit\u00e9 d'extraction mobile n'est pas pratique et le lieu de travail n'est pas accessible avec une unit\u00e9 fixe. L'ECO  ECO set peut \u00eatre combin\u00e9 avec des tuyaux flexibles d'extraction et d'\u00e9vacuation. \u00c9quip\u00e9 d'un moteur efficace de 0,75 kW. Recommand\u00e9 pour Un point d'extraction pour les processus de soudage d'intensit\u00e9 l\u00e9g\u00e8re \u00e0 moyenne. Soudage en espace confin\u00e9 Soudage \u00e0 des hauteurs excessives &nbsp;","og_url":"https:\/\/galagar.com\/fr\/produit\/kit-decho-aspiration\/","og_site_name":"GALA GAR - Productos de soldadura y reguladores de gas - Gas y soldadura","article_publisher":"https:\/\/www.facebook.com\/galagarsoldadura\/","og_image":[{"width":640,"height":800,"url":"https:\/\/galagar.com\/wp-content\/uploads\/2023\/04\/ConjuntoAspirador_Basic.jpg","type":"image\/jpeg"}],"twitter_card":"summary_large_image","schema":{"@context":"https:\/\/schema.org","@graph":[{"@type":"WebPage","@id":"https:\/\/galagar.com\/fr\/produit\/kit-decho-aspiration\/","url":"https:\/\/galagar.com\/fr\/produit\/kit-decho-aspiration\/","name":"Assemblage d'aspiration ECO | GALA GAR - Productos de soldadura y reguladores de gas - Gas y soldadura","isPartOf":{"@id":"https:\/\/galagar.com\/fr\/#website"},"primaryImageOfPage":{"@id":"https:\/\/galagar.com\/fr\/produit\/kit-decho-aspiration\/#primaryimage"},"image":{"@id":"https:\/\/galagar.com\/fr\/produit\/kit-decho-aspiration\/#primaryimage"},"thumbnailUrl":"https:\/\/galagar.com\/wp-content\/uploads\/2023\/04\/ConjuntoAspirador_Basic.jpg","datePublished":"2023-04-04T07:57:40+00:00","breadcrumb":{"@id":"https:\/\/galagar.com\/fr\/produit\/kit-decho-aspiration\/#breadcrumb"},"inLanguage":"fr-FR","potentialAction":[{"@type":"ReadAction","target":["https:\/\/galagar.com\/fr\/produit\/kit-decho-aspiration\/"]}]},{"@type":"ImageObject","inLanguage":"fr-FR","@id":"https:\/\/galagar.com\/fr\/produit\/kit-decho-aspiration\/#primaryimage","url":"https:\/\/galagar.com\/wp-content\/uploads\/2023\/04\/ConjuntoAspirador_Basic.jpg","contentUrl":"https:\/\/galagar.com\/wp-content\/uploads\/2023\/04\/ConjuntoAspirador_Basic.jpg","width":640,"height":800},{"@type":"BreadcrumbList","@id":"https:\/\/galagar.com\/fr\/produit\/kit-decho-aspiration\/#breadcrumb","itemListElement":[{"@type":"ListItem","position":1,"name":"Inicio","item":"https:\/\/galagar.com\/fr\/accueil\/"},{"@type":"ListItem","position":2,"name":"Boutique","item":"https:\/\/galagar.com\/fr\/boutique\/"},{"@type":"ListItem","position":3,"name":"Produits","item":"https:\/\/galagar.com\/fr\/tienda-online\/produits\/"},{"@type":"ListItem","position":4,"name":"Protection","item":"https:\/\/galagar.com\/fr\/tienda-online\/produits\/protection\/"},{"@type":"ListItem","position":5,"name":"Aspiration des fum\u00e9es","item":"https:\/\/galagar.com\/fr\/tienda-online\/produits\/protection\/aspiration-des-fumees\/"},{"@type":"ListItem","position":6,"name":"Bras d'aspiration","item":"https:\/\/galagar.com\/fr\/tienda-online\/produits\/protection\/aspiration-des-fumees\/bras-aspiration\/"},{"@type":"ListItem","position":7,"name":"Assemblage d&#8217;aspiration ECO"}]},{"@type":"WebSite","@id":"https:\/\/galagar.com\/fr\/#website","url":"https:\/\/galagar.com\/fr\/","name":"GALA GAR - Productos de soldadura y reguladores de gas - Gas y soldadura","description":"Gala Gar es fabricante de tecnolog\u00eda competitiva para soldadura (MMA-TIG-MIG\/MAG-CORTE POR PLASMA), regulaci\u00f3n de gases, y para soldadura y corte por gas.","publisher":{"@id":"https:\/\/galagar.com\/fr\/#organization"},"potentialAction":[{"@type":"SearchAction","target":{"@type":"EntryPoint","urlTemplate":"https:\/\/galagar.com\/fr\/?s={search_term_string}"},"query-input":{"@type":"PropertyValueSpecification","valueRequired":true,"valueName":"search_term_string"}}],"inLanguage":"fr-FR"},{"@type":"Organization","@id":"https:\/\/galagar.com\/fr\/#organization","name":"GALA GAR welding","url":"https:\/\/galagar.com\/fr\/","logo":{"@type":"ImageObject","inLanguage":"fr-FR","@id":"https:\/\/galagar.com\/fr\/#\/schema\/logo\/image\/","url":"","contentUrl":"","caption":"GALA GAR welding"},"image":{"@id":"https:\/\/galagar.com\/fr\/#\/schema\/logo\/image\/"},"sameAs":["https:\/\/www.facebook.com\/galagarsoldadura\/","https:\/\/www.linkedin.com\/company\/gala-gar-sl\/?trk=biz-companies-cym","https:\/\/www.youtube.com\/user\/galagarsp","https:\/\/www.instagram.com\/galagar_soldadura\/?hl=es"]}]}},"_links":{"self":[{"href":"https:\/\/galagar.com\/fr\/wp-json\/wp\/v2\/product\/17954","targetHints":{"allow":["GET"]}}],"collection":[{"href":"https:\/\/galagar.com\/fr\/wp-json\/wp\/v2\/product"}],"about":[{"href":"https:\/\/galagar.com\/fr\/wp-json\/wp\/v2\/types\/product"}],"wp:featuredmedia":[{"embeddable":true,"href":"https:\/\/galagar.com\/fr\/wp-json\/wp\/v2\/media\/17969"}],"wp:attachment":[{"href":"https:\/\/galagar.com\/fr\/wp-json\/wp\/v2\/media?parent=17954"}],"wp:term":[{"taxonomy":"product_brand","embeddable":true,"href":"https:\/\/galagar.com\/fr\/wp-json\/wp\/v2\/product_brand?post=17954"},{"taxonomy":"product_cat","embeddable":true,"href":"https:\/\/galagar.com\/fr\/wp-json\/wp\/v2\/product_cat?post=17954"},{"taxonomy":"product_tag","embeddable":true,"href":"https:\/\/galagar.com\/fr\/wp-json\/wp\/v2\/product_tag?post=17954"}],"curies":[{"name":"wp","href":"https:\/\/api.w.org\/{rel}","templated":true}]}}