{"id":17976,"date":"2023-04-04T10:01:36","date_gmt":"2023-04-04T08:01:36","guid":{"rendered":"https:\/\/dev.galagar.com\/producto\/des-kits-daspiration-sur-mesure\/"},"modified":"2023-04-28T12:44:31","modified_gmt":"2023-04-28T10:44:31","slug":"des-kits-daspiration-sur-mesure","status":"publish","type":"product","link":"https:\/\/galagar.com\/fr\/produit\/des-kits-daspiration-sur-mesure\/","title":{"rendered":"Des kits d&#8217;aspiration sur mesure"},"content":{"rendered":"<div class=\"fusion-fullwidth fullwidth-box fusion-builder-row-1 fusion-flex-container nonhundred-percent-fullwidth non-hundred-percent-height-scrolling\" style=\"--awb-border-radius-top-left:0px;--awb-border-radius-top-right:0px;--awb-border-radius-bottom-right:0px;--awb-border-radius-bottom-left:0px;--awb-flex-wrap:wrap;\" ><div class=\"fusion-builder-row fusion-row fusion-flex-align-items-flex-start fusion-flex-content-wrap\" style=\"max-width:1216.8px;margin-left: calc(-4% \/ 2 );margin-right: calc(-4% \/ 2 );\"><div class=\"fusion-layout-column fusion_builder_column fusion-builder-column-0 fusion_builder_column_3_5 3_5 fusion-flex-column\" style=\"--awb-bg-size:cover;--awb-width-large:60%;--awb-margin-top-large:0px;--awb-spacing-right-large:3.84%;--awb-margin-bottom-large:0px;--awb-spacing-left-large:3.2%;--awb-width-medium:100%;--awb-spacing-right-medium:1.92%;--awb-spacing-left-medium:1.92%;--awb-width-small:100%;--awb-spacing-right-small:1.92%;--awb-spacing-left-small:1.92%;\"><div class=\"fusion-column-wrapper fusion-flex-justify-content-flex-start fusion-content-layout-column\">\n<div class=\"table-2\">\n<table width=\"100%\">\n<thead>\n<tr>\n<th align=\"left\">Caract\u00e9ristiques techniques Moteur Fan-28<\/th>\n<th align=\"left\"><\/th>\n<\/tr>\n<\/thead>\n<tbody>\n<tr>\n<td align=\"left\">Tension<\/td>\n<td align=\"left\">3 ph 400V &#8211; 50\/60 Hz<\/td>\n<\/tr>\n<tr>\n<td align=\"left\">Capacit\u00e9 d&#8217;aspiration<\/td>\n<td align=\"left\">2 400 m3\/ h.<\/td>\n<\/tr>\n<tr>\n<td align=\"left\">Vitesse<\/td>\n<td align=\"left\">2 800 TR\/MIN<\/td>\n<\/tr>\n<tr>\n<td align=\"left\">Puissance<\/td>\n<td align=\"left\">0,75 kw.<\/td>\n<\/tr>\n<tr>\n<td align=\"left\">\u00d8 Entr\u00e9e\/sortie<\/td>\n<td align=\"left\">200 mm. \/ 160 mm.<\/td>\n<\/tr>\n<tr>\n<td align=\"left\">Poids<\/td>\n<td align=\"left\">15 kg.<\/td>\n<\/tr>\n<\/tbody>\n<\/table>\n<\/div>\n<\/div><\/div><div class=\"fusion-layout-column fusion_builder_column fusion-builder-column-1 fusion_builder_column_2_5 2_5 fusion-flex-column\" style=\"--awb-bg-size:cover;--awb-width-large:40%;--awb-margin-top-large:0px;--awb-spacing-right-large:5.76%;--awb-margin-bottom-large:0px;--awb-spacing-left-large:4.8%;--awb-width-medium:100%;--awb-spacing-right-medium:1.92%;--awb-spacing-left-medium:1.92%;--awb-width-small:100%;--awb-spacing-right-small:1.92%;--awb-spacing-left-small:1.92%;\"><div class=\"fusion-column-wrapper fusion-flex-justify-content-flex-start fusion-content-layout-column\"><div class=\"fusion-text fusion-text-1\"><p><strong>Le moteur FAN-28 est compos\u00e9 de<\/strong><br \/>\nMoteur Hoover<br \/>\nSupport mural<br \/>\nDisjoncteur magn\u00e9to-thermique<\/p>\n<\/div><div class=\"fusion-separator fusion-full-width-sep\" style=\"align-self: center;margin-left: auto;margin-right: auto;width:100%;\"><div class=\"fusion-separator-border sep-single\" style=\"--awb-height:20px;--awb-amount:20px;border-color:#e2e3e3;border-top-width:0px;\"><\/div><\/div><div class=\"fusion-image-element \" style=\"--awb-caption-title-font-family:var(--h2_typography-font-family);--awb-caption-title-font-weight:var(--h2_typography-font-weight);--awb-caption-title-font-style:var(--h2_typography-font-style);--awb-caption-title-size:var(--h2_typography-font-size);--awb-caption-title-transform:var(--h2_typography-text-transform);--awb-caption-title-line-height:var(--h2_typography-line-height);--awb-caption-title-letter-spacing:var(--h2_typography-letter-spacing);\"><span class=\" fusion-imageframe imageframe-none imageframe-1 hover-type-none fusion-animated\" data-animationType=\"fadeInLeft\" data-animationDuration=\"0.3\" data-animationOffset=\"top-into-view\"><img decoding=\"async\" width=\"284\" height=\"300\" title=\"MotorAspirador-Fijo\" src=\"https:\/\/galagar.com\/wp-content\/uploads\/2023\/04\/MotorAspirador-Fijo.png\" data-orig-src=\"https:\/\/galagar.com\/wp-content\/uploads\/2023\/04\/MotorAspirador-Fijo-284x300.png\" alt class=\"lazyload img-responsive wp-image-18003\" srcset=\"data:image\/svg+xml,%3Csvg%20xmlns%3D%27http%3A%2F%2Fwww.w3.org%2F2000%2Fsvg%27%20width%3D%27492%27%20height%3D%27520%27%20viewBox%3D%270%200%20492%20520%27%3E%3Crect%20width%3D%27492%27%20height%3D%27520%27%20fill-opacity%3D%220%22%2F%3E%3C%2Fsvg%3E\" data-srcset=\"https:\/\/galagar.com\/wp-content\/uploads\/2023\/04\/MotorAspirador-Fijo-200x211.png 200w, https:\/\/galagar.com\/wp-content\/uploads\/2023\/04\/MotorAspirador-Fijo-400x423.png 400w, https:\/\/galagar.com\/wp-content\/uploads\/2023\/04\/MotorAspirador-Fijo.png 492w\" data-sizes=\"auto\" data-orig-sizes=\"(max-width: 1024px) 100vw, (max-width: 640px) 100vw, 284px\" \/><\/span><\/div><\/div><\/div><\/div><\/div>\n","protected":false},"excerpt":{"rendered":"<p><strong>Description :<\/strong><br \/>\nHoover a \u00e9t\u00e9 con\u00e7u pour s&#8217;adapter aux bras FLEX de notre programme de bras d&#8217;aspiration. L&#8217;utilisation d&#8217;aspirateurs individuels pour chaque bras d&#8217;aspiration garantit une aspiration optimale.<\/p>\n<p>Les bras FLEX de 3 et 4 m\u00e8tres se composent de deux \u00e9l\u00e9ments fixes et conviennent aux syst\u00e8mes fixes et mobiles.<\/p>\n<p>Le prolongateur est un bras sp\u00e9cial qui permet d&#8217;augmenter la port\u00e9e d&#8217;un bras d&#8217;extraction FLEX standard afin de couvrir des zones de travail plus grandes et\/ou multiples.<\/p>\n<h6><span style=\"color: #008000;\">Le conduit de fum\u00e9e reliant l&#8217;aspirateur \u00e0 l&#8217;ext\u00e9rieur n&#8217;est pas inclus.  <\/span><span style=\"color: #008000;\">Cet aspirateur ne filtre pas.<\/span><\/h6>\n<p><strong>Combinez l&#8217;ensemble en fonction de vos besoins :<\/strong><br \/>\n<strong><br \/>\n  <span style=\"color: #ff0000;\">Port\u00e9e 3 m\u00e8tres :<\/span><br \/>\n<\/strong> Moteur FAN-28 + bras FLEX 3 m\u00e8tres<br \/>\n<strong><br \/>\n  <span style=\"color: #ff0000;\">Port\u00e9e 4 m\u00e8tres :<\/span><br \/>\n<\/strong> Moteur FAN-28 + FLEX Bras 4 m\u00e8tres<br \/>\n<strong><span style=\"color: #ff0000;\">Port\u00e9e 5 m\u00e8tres :<\/span> <\/strong>Moteur FAN-28 + bras FLEX 3 m\u00e8tres + 2 m\u00e8tres d&#8217;extension<br \/>\n<strong><br \/>\n  <span style=\"color: #ff0000;\">Port\u00e9e de 6 m\u00e8tres :<\/span><br \/>\n<\/strong> Moteur FAN-28 + bras FLEX 4 m\u00e8tres + 2 m\u00e8tres d&#8217;extension<\/p>\n","protected":false},"featured_media":18000,"template":"","meta":{"_acf_changed":false,"content-type":"","inline_featured_image":false,"_monsterinsights_skip_tracking":false,"_monsterinsights_sitenote_active":false,"_monsterinsights_sitenote_note":"","_monsterinsights_sitenote_category":0,"_joinchat":[]},"product_brand":[],"product_cat":[937,1495,1496],"product_tag":[],"class_list":{"0":"post-17976","1":"product","2":"type-product","3":"status-publish","4":"has-post-thumbnail","6":"product_cat-produits","7":"product_cat-aspiration-des-fumees","8":"product_cat-bras-aspiration","10":"first","11":"instock","12":"taxable","13":"shipping-taxable","14":"product-type-simple"},"acf":[],"yoast_head":"<!-- This site is optimized with the Yoast SEO plugin v26.4 - https:\/\/yoast.com\/wordpress\/plugins\/seo\/ -->\n<title>Des kits d&#039;aspiration sur mesure | GALA GAR - Productos de soldadura y reguladores de gas - Gas y soldadura<\/title>\n<meta name=\"robots\" content=\"index, follow, max-snippet:-1, max-image-preview:large, max-video-preview:-1\" \/>\n<link rel=\"canonical\" href=\"https:\/\/galagar.com\/fr\/produit\/des-kits-daspiration-sur-mesure\/\" \/>\n<meta property=\"og:locale\" content=\"fr_FR\" \/>\n<meta property=\"og:type\" content=\"article\" \/>\n<meta property=\"og:title\" content=\"Des kits d&#039;aspiration sur mesure | GALA GAR - Productos de soldadura y reguladores de gas - Gas y soldadura\" \/>\n<meta property=\"og:description\" content=\"Description : Hoover a \u00e9t\u00e9 con\u00e7u pour s&#039;adapter aux bras FLEX de notre programme de bras d&#039;aspiration. L&#039;utilisation d&#039;aspirateurs individuels pour chaque bras d&#039;aspiration garantit une aspiration optimale. Les bras FLEX de 3 et 4 m\u00e8tres se composent de deux \u00e9l\u00e9ments fixes et conviennent aux syst\u00e8mes fixes et mobiles. Le prolongateur est un bras sp\u00e9cial qui permet d&#039;augmenter la port\u00e9e d&#039;un bras d&#039;extraction FLEX standard afin de couvrir des zones de travail plus grandes et\/ou multiples. Le conduit de fum\u00e9e reliant l&#039;aspirateur \u00e0 l&#039;ext\u00e9rieur n&#039;est pas inclus. Cet aspirateur ne filtre pas. Combinez l&#039;ensemble en fonction de vos besoins :  Port\u00e9e 3 m\u00e8tres : Moteur FAN-28 + bras FLEX 3 m\u00e8tres  Port\u00e9e 4 m\u00e8tres : Moteur FAN-28 + FLEX Bras 4 m\u00e8tres Port\u00e9e 5 m\u00e8tres : Moteur FAN-28 + bras FLEX 3 m\u00e8tres + 2 m\u00e8tres d&#039;extension  Port\u00e9e de 6 m\u00e8tres : Moteur FAN-28 + bras FLEX 4 m\u00e8tres + 2 m\u00e8tres d&#039;extension\" \/>\n<meta property=\"og:url\" content=\"https:\/\/galagar.com\/fr\/produit\/des-kits-daspiration-sur-mesure\/\" \/>\n<meta property=\"og:site_name\" content=\"GALA GAR - Productos de soldadura y reguladores de gas - Gas y soldadura\" \/>\n<meta property=\"article:publisher\" content=\"https:\/\/www.facebook.com\/galagarsoldadura\/\" \/>\n<meta property=\"article:modified_time\" content=\"2023-04-28T10:44:31+00:00\" \/>\n<meta property=\"og:image\" content=\"https:\/\/galagar.com\/wp-content\/uploads\/2023\/04\/Conjunto-Aspiracion.jpg\" \/>\n\t<meta property=\"og:image:width\" content=\"640\" \/>\n\t<meta property=\"og:image:height\" content=\"800\" \/>\n\t<meta property=\"og:image:type\" content=\"image\/jpeg\" \/>\n<meta name=\"twitter:card\" content=\"summary_large_image\" \/>\n<meta name=\"twitter:label1\" content=\"Dur\u00e9e de lecture estim\u00e9e\" \/>\n\t<meta name=\"twitter:data1\" content=\"2 minutes\" \/>\n<script type=\"application\/ld+json\" class=\"yoast-schema-graph\">{\"@context\":\"https:\/\/schema.org\",\"@graph\":[{\"@type\":\"WebPage\",\"@id\":\"https:\/\/galagar.com\/fr\/produit\/des-kits-daspiration-sur-mesure\/\",\"url\":\"https:\/\/galagar.com\/fr\/produit\/des-kits-daspiration-sur-mesure\/\",\"name\":\"Des kits d'aspiration sur mesure | GALA GAR - Productos de soldadura y reguladores de gas - Gas y soldadura\",\"isPartOf\":{\"@id\":\"https:\/\/galagar.com\/fr\/#website\"},\"primaryImageOfPage\":{\"@id\":\"https:\/\/galagar.com\/fr\/produit\/des-kits-daspiration-sur-mesure\/#primaryimage\"},\"image\":{\"@id\":\"https:\/\/galagar.com\/fr\/produit\/des-kits-daspiration-sur-mesure\/#primaryimage\"},\"thumbnailUrl\":\"https:\/\/galagar.com\/wp-content\/uploads\/2023\/04\/Conjunto-Aspiracion.jpg\",\"datePublished\":\"2023-04-04T08:01:36+00:00\",\"dateModified\":\"2023-04-28T10:44:31+00:00\",\"breadcrumb\":{\"@id\":\"https:\/\/galagar.com\/fr\/produit\/des-kits-daspiration-sur-mesure\/#breadcrumb\"},\"inLanguage\":\"fr-FR\",\"potentialAction\":[{\"@type\":\"ReadAction\",\"target\":[\"https:\/\/galagar.com\/fr\/produit\/des-kits-daspiration-sur-mesure\/\"]}]},{\"@type\":\"ImageObject\",\"inLanguage\":\"fr-FR\",\"@id\":\"https:\/\/galagar.com\/fr\/produit\/des-kits-daspiration-sur-mesure\/#primaryimage\",\"url\":\"https:\/\/galagar.com\/wp-content\/uploads\/2023\/04\/Conjunto-Aspiracion.jpg\",\"contentUrl\":\"https:\/\/galagar.com\/wp-content\/uploads\/2023\/04\/Conjunto-Aspiracion.jpg\",\"width\":640,\"height\":800},{\"@type\":\"BreadcrumbList\",\"@id\":\"https:\/\/galagar.com\/fr\/produit\/des-kits-daspiration-sur-mesure\/#breadcrumb\",\"itemListElement\":[{\"@type\":\"ListItem\",\"position\":1,\"name\":\"Inicio\",\"item\":\"https:\/\/galagar.com\/fr\/accueil\/\"},{\"@type\":\"ListItem\",\"position\":2,\"name\":\"Boutique\",\"item\":\"https:\/\/galagar.com\/fr\/boutique\/\"},{\"@type\":\"ListItem\",\"position\":3,\"name\":\"Produits\",\"item\":\"https:\/\/galagar.com\/fr\/tienda-online\/produits\/\"},{\"@type\":\"ListItem\",\"position\":4,\"name\":\"Des kits d&#8217;aspiration sur mesure\"}]},{\"@type\":\"WebSite\",\"@id\":\"https:\/\/galagar.com\/fr\/#website\",\"url\":\"https:\/\/galagar.com\/fr\/\",\"name\":\"GALA GAR - Productos de soldadura y reguladores de gas - Gas y soldadura\",\"description\":\"Gala Gar es fabricante de tecnolog\u00eda competitiva para soldadura (MMA-TIG-MIG\/MAG-CORTE POR PLASMA), regulaci\u00f3n de gases, y para soldadura y corte por gas.\",\"publisher\":{\"@id\":\"https:\/\/galagar.com\/fr\/#organization\"},\"potentialAction\":[{\"@type\":\"SearchAction\",\"target\":{\"@type\":\"EntryPoint\",\"urlTemplate\":\"https:\/\/galagar.com\/fr\/?s={search_term_string}\"},\"query-input\":{\"@type\":\"PropertyValueSpecification\",\"valueRequired\":true,\"valueName\":\"search_term_string\"}}],\"inLanguage\":\"fr-FR\"},{\"@type\":\"Organization\",\"@id\":\"https:\/\/galagar.com\/fr\/#organization\",\"name\":\"GALA GAR welding\",\"url\":\"https:\/\/galagar.com\/fr\/\",\"logo\":{\"@type\":\"ImageObject\",\"inLanguage\":\"fr-FR\",\"@id\":\"https:\/\/galagar.com\/fr\/#\/schema\/logo\/image\/\",\"url\":\"\",\"contentUrl\":\"\",\"caption\":\"GALA GAR welding\"},\"image\":{\"@id\":\"https:\/\/galagar.com\/fr\/#\/schema\/logo\/image\/\"},\"sameAs\":[\"https:\/\/www.facebook.com\/galagarsoldadura\/\",\"https:\/\/www.linkedin.com\/company\/gala-gar-sl\/?trk=biz-companies-cym\",\"https:\/\/www.youtube.com\/user\/galagarsp\",\"https:\/\/www.instagram.com\/galagar_soldadura\/?hl=es\"]}]}<\/script>\n<!-- \/ Yoast SEO plugin. -->","yoast_head_json":{"title":"Des kits d'aspiration sur mesure | GALA GAR - Productos de soldadura y reguladores de gas - Gas y soldadura","robots":{"index":"index","follow":"follow","max-snippet":"max-snippet:-1","max-image-preview":"max-image-preview:large","max-video-preview":"max-video-preview:-1"},"canonical":"https:\/\/galagar.com\/fr\/produit\/des-kits-daspiration-sur-mesure\/","og_locale":"fr_FR","og_type":"article","og_title":"Des kits d'aspiration sur mesure | GALA GAR - Productos de soldadura y reguladores de gas - Gas y soldadura","og_description":"Description : Hoover a \u00e9t\u00e9 con\u00e7u pour s'adapter aux bras FLEX de notre programme de bras d'aspiration. L'utilisation d'aspirateurs individuels pour chaque bras d'aspiration garantit une aspiration optimale. Les bras FLEX de 3 et 4 m\u00e8tres se composent de deux \u00e9l\u00e9ments fixes et conviennent aux syst\u00e8mes fixes et mobiles. Le prolongateur est un bras sp\u00e9cial qui permet d'augmenter la port\u00e9e d'un bras d'extraction FLEX standard afin de couvrir des zones de travail plus grandes et\/ou multiples. Le conduit de fum\u00e9e reliant l'aspirateur \u00e0 l'ext\u00e9rieur n'est pas inclus. Cet aspirateur ne filtre pas. Combinez l'ensemble en fonction de vos besoins :  Port\u00e9e 3 m\u00e8tres : Moteur FAN-28 + bras FLEX 3 m\u00e8tres  Port\u00e9e 4 m\u00e8tres : Moteur FAN-28 + FLEX Bras 4 m\u00e8tres Port\u00e9e 5 m\u00e8tres : Moteur FAN-28 + bras FLEX 3 m\u00e8tres + 2 m\u00e8tres d'extension  Port\u00e9e de 6 m\u00e8tres : Moteur FAN-28 + bras FLEX 4 m\u00e8tres + 2 m\u00e8tres d'extension","og_url":"https:\/\/galagar.com\/fr\/produit\/des-kits-daspiration-sur-mesure\/","og_site_name":"GALA GAR - Productos de soldadura y reguladores de gas - Gas y soldadura","article_publisher":"https:\/\/www.facebook.com\/galagarsoldadura\/","article_modified_time":"2023-04-28T10:44:31+00:00","og_image":[{"width":640,"height":800,"url":"https:\/\/galagar.com\/wp-content\/uploads\/2023\/04\/Conjunto-Aspiracion.jpg","type":"image\/jpeg"}],"twitter_card":"summary_large_image","twitter_misc":{"Dur\u00e9e de lecture estim\u00e9e":"2 minutes"},"schema":{"@context":"https:\/\/schema.org","@graph":[{"@type":"WebPage","@id":"https:\/\/galagar.com\/fr\/produit\/des-kits-daspiration-sur-mesure\/","url":"https:\/\/galagar.com\/fr\/produit\/des-kits-daspiration-sur-mesure\/","name":"Des kits d'aspiration sur mesure | GALA GAR - Productos de soldadura y reguladores de gas - Gas y soldadura","isPartOf":{"@id":"https:\/\/galagar.com\/fr\/#website"},"primaryImageOfPage":{"@id":"https:\/\/galagar.com\/fr\/produit\/des-kits-daspiration-sur-mesure\/#primaryimage"},"image":{"@id":"https:\/\/galagar.com\/fr\/produit\/des-kits-daspiration-sur-mesure\/#primaryimage"},"thumbnailUrl":"https:\/\/galagar.com\/wp-content\/uploads\/2023\/04\/Conjunto-Aspiracion.jpg","datePublished":"2023-04-04T08:01:36+00:00","dateModified":"2023-04-28T10:44:31+00:00","breadcrumb":{"@id":"https:\/\/galagar.com\/fr\/produit\/des-kits-daspiration-sur-mesure\/#breadcrumb"},"inLanguage":"fr-FR","potentialAction":[{"@type":"ReadAction","target":["https:\/\/galagar.com\/fr\/produit\/des-kits-daspiration-sur-mesure\/"]}]},{"@type":"ImageObject","inLanguage":"fr-FR","@id":"https:\/\/galagar.com\/fr\/produit\/des-kits-daspiration-sur-mesure\/#primaryimage","url":"https:\/\/galagar.com\/wp-content\/uploads\/2023\/04\/Conjunto-Aspiracion.jpg","contentUrl":"https:\/\/galagar.com\/wp-content\/uploads\/2023\/04\/Conjunto-Aspiracion.jpg","width":640,"height":800},{"@type":"BreadcrumbList","@id":"https:\/\/galagar.com\/fr\/produit\/des-kits-daspiration-sur-mesure\/#breadcrumb","itemListElement":[{"@type":"ListItem","position":1,"name":"Inicio","item":"https:\/\/galagar.com\/fr\/accueil\/"},{"@type":"ListItem","position":2,"name":"Boutique","item":"https:\/\/galagar.com\/fr\/boutique\/"},{"@type":"ListItem","position":3,"name":"Produits","item":"https:\/\/galagar.com\/fr\/tienda-online\/produits\/"},{"@type":"ListItem","position":4,"name":"Des kits d&#8217;aspiration sur mesure"}]},{"@type":"WebSite","@id":"https:\/\/galagar.com\/fr\/#website","url":"https:\/\/galagar.com\/fr\/","name":"GALA GAR - Productos de soldadura y reguladores de gas - Gas y soldadura","description":"Gala Gar es fabricante de tecnolog\u00eda competitiva para soldadura (MMA-TIG-MIG\/MAG-CORTE POR PLASMA), regulaci\u00f3n de gases, y para soldadura y corte por gas.","publisher":{"@id":"https:\/\/galagar.com\/fr\/#organization"},"potentialAction":[{"@type":"SearchAction","target":{"@type":"EntryPoint","urlTemplate":"https:\/\/galagar.com\/fr\/?s={search_term_string}"},"query-input":{"@type":"PropertyValueSpecification","valueRequired":true,"valueName":"search_term_string"}}],"inLanguage":"fr-FR"},{"@type":"Organization","@id":"https:\/\/galagar.com\/fr\/#organization","name":"GALA GAR welding","url":"https:\/\/galagar.com\/fr\/","logo":{"@type":"ImageObject","inLanguage":"fr-FR","@id":"https:\/\/galagar.com\/fr\/#\/schema\/logo\/image\/","url":"","contentUrl":"","caption":"GALA GAR welding"},"image":{"@id":"https:\/\/galagar.com\/fr\/#\/schema\/logo\/image\/"},"sameAs":["https:\/\/www.facebook.com\/galagarsoldadura\/","https:\/\/www.linkedin.com\/company\/gala-gar-sl\/?trk=biz-companies-cym","https:\/\/www.youtube.com\/user\/galagarsp","https:\/\/www.instagram.com\/galagar_soldadura\/?hl=es"]}]}},"_links":{"self":[{"href":"https:\/\/galagar.com\/fr\/wp-json\/wp\/v2\/product\/17976","targetHints":{"allow":["GET"]}}],"collection":[{"href":"https:\/\/galagar.com\/fr\/wp-json\/wp\/v2\/product"}],"about":[{"href":"https:\/\/galagar.com\/fr\/wp-json\/wp\/v2\/types\/product"}],"wp:featuredmedia":[{"embeddable":true,"href":"https:\/\/galagar.com\/fr\/wp-json\/wp\/v2\/media\/18000"}],"wp:attachment":[{"href":"https:\/\/galagar.com\/fr\/wp-json\/wp\/v2\/media?parent=17976"}],"wp:term":[{"taxonomy":"product_brand","embeddable":true,"href":"https:\/\/galagar.com\/fr\/wp-json\/wp\/v2\/product_brand?post=17976"},{"taxonomy":"product_cat","embeddable":true,"href":"https:\/\/galagar.com\/fr\/wp-json\/wp\/v2\/product_cat?post=17976"},{"taxonomy":"product_tag","embeddable":true,"href":"https:\/\/galagar.com\/fr\/wp-json\/wp\/v2\/product_tag?post=17976"}],"curies":[{"name":"wp","href":"https:\/\/api.w.org\/{rel}","templated":true}]}}