{"id":17999,"date":"2022-01-27T19:43:16","date_gmt":"2022-01-27T18:43:16","guid":{"rendered":"https:\/\/dev.galagar.com\/producto\/aspirateurs-stationnaires-a-un-bras\/"},"modified":"2023-04-28T12:44:38","modified_gmt":"2023-04-28T10:44:38","slug":"aspirateurs-stationnaires-a-un-bras","status":"publish","type":"product","link":"https:\/\/galagar.com\/fr\/produit\/aspirateurs-stationnaires-a-un-bras\/","title":{"rendered":"Aspirateurs stationnaires \u00e0 un bras"},"content":{"rendered":"<div class=\"fusion-fullwidth fullwidth-box fusion-builder-row-1 fusion-flex-container nonhundred-percent-fullwidth non-hundred-percent-height-scrolling\" style=\"--awb-border-radius-top-left:0px;--awb-border-radius-top-right:0px;--awb-border-radius-bottom-right:0px;--awb-border-radius-bottom-left:0px;--awb-padding-right:0px;--awb-padding-left:0px;--awb-flex-wrap:wrap;\" ><div class=\"fusion-builder-row fusion-row fusion-flex-align-items-flex-start fusion-flex-content-wrap\" style=\"max-width:1216.8px;margin-left: calc(-4% \/ 2 );margin-right: calc(-4% \/ 2 );\"><div class=\"fusion-layout-column fusion_builder_column fusion-builder-column-0 fusion_builder_column_3_5 3_5 fusion-flex-column\" style=\"--awb-bg-size:cover;--awb-width-large:60%;--awb-margin-top-large:0px;--awb-spacing-right-large:3.2%;--awb-margin-bottom-large:20px;--awb-spacing-left-large:3.2%;--awb-width-medium:100%;--awb-order-medium:0;--awb-spacing-right-medium:1.92%;--awb-spacing-left-medium:1.92%;--awb-width-small:100%;--awb-order-small:0;--awb-spacing-right-small:1.92%;--awb-spacing-left-small:1.92%;\"><div class=\"fusion-column-wrapper fusion-column-has-shadow fusion-flex-justify-content-flex-start fusion-content-layout-column\">\n<div class=\"table-2 gal-textos-menores\">\n<table width=\"100%\">\n<thead>\n<tr>\n<th align=\"left\">Caract\u00e9ristiques<\/th>\n<th align=\"left\"><\/th>\n<\/tr>\n<\/thead>\n<tbody>\n<tr>\n<td>Tension d&#8217;alimentation<\/td>\n<td>1 Ph \/ 230 V \/50 Hz<\/td>\n<\/tr>\n<tr>\n<td>Puissance<\/td>\n<td>1,1 kw<\/td>\n<\/tr>\n<tr>\n<td>Capacit\u00e9 d&#8217;aspiration<\/td>\n<td>850 <sup>m3\/h.<\/sup><\/td>\n<\/tr>\n<tr>\n<td>Niveau sonore<\/td>\n<td>67 db<\/td>\n<\/tr>\n<tr>\n<td>R\u00e9gime du moteur<\/td>\n<td>2 800 TR\/MIN<\/td>\n<\/tr>\n<tr>\n<td>Dimensions<\/td>\n<td>600 x 971 x 746 mm.<\/td>\n<\/tr>\n<tr>\n<td>Poids sans bras<\/td>\n<td>78 Kg.<\/td>\n<\/tr>\n<\/tbody>\n<\/table>\n<\/div>\n<\/div><\/div><div class=\"fusion-layout-column fusion_builder_column fusion-builder-column-1 fusion_builder_column_2_5 2_5 fusion-flex-column\" style=\"--awb-bg-size:cover;--awb-width-large:40%;--awb-margin-top-large:0px;--awb-spacing-right-large:4.8%;--awb-margin-bottom-large:20px;--awb-spacing-left-large:4.8%;--awb-width-medium:100%;--awb-order-medium:0;--awb-spacing-right-medium:1.92%;--awb-spacing-left-medium:1.92%;--awb-width-small:100%;--awb-order-small:0;--awb-spacing-right-small:1.92%;--awb-spacing-left-small:1.92%;\"><div class=\"fusion-column-wrapper fusion-column-has-shadow fusion-flex-justify-content-flex-start fusion-content-layout-column\"><div class=\"fusion-text fusion-text-1\"><h3><span style=\"color: #993300;\">Deux versions<\/span><\/h3>\n<p>Ce groupe de produits comprend deux versions, les deux versions de filtre pouvant \u00eatre combin\u00e9es avec un bras d&#8217;extraction de 2, 3 ou 4 m\u00e8tres de long et un mod\u00e8le en aluminium flexible ou articul\u00e9.<\/p>\n<p>Un indicateur de service signale la n\u00e9cessit\u00e9 de remplacer le filtre \u00e0 usage unique. Les appareils sont \u00e9galement \u00e9quip\u00e9s d&#8217;une alarme sonore et d&#8217;une plaque d\u00e9flectrice d&#8217;\u00e9tincelles int\u00e9gr\u00e9e pour plus de s\u00e9curit\u00e9.<\/p>\n<\/div><\/div><\/div><\/div><\/div>\n","protected":false},"excerpt":{"rendered":"<p><strong class=\"subsubtitle\">Description :<br \/>\n<\/strong>Aspirateur de fum\u00e9es de soudage fixe \u00e0 un bras, id\u00e9al pour les postes de travail fixes. Fix\u00e9 au mur, il a une port\u00e9e allant jusqu&#8217;\u00e0 4 m\u00e8tres. L&#8217;etracteur a un marquage W3, ce qui permet de l&#8217;utiliser dans des applications en acier et en acier inoxydable.<\/p>\n<p>Ces produits constituent un excellent point de d\u00e9part pour la protection contre l&#8217;exposition aux fum\u00e9es de soudage.<\/p>\n<p><strong>Applications :<\/strong><br \/>\nCe filtre fixe mural avec monobloc d&#8217;extraction est recommand\u00e9 pour les applications de soudage l\u00e9g\u00e8res ou occasionnelles. L&#8217;extraction des fum\u00e9es de soudage TIG est \u00e9galement possible.<\/p>\n<p>Cet extracteur de fum\u00e9es est recommand\u00e9 pour les ateliers de r\u00e9paration automobile, les \u00e9coles de soudure, les \u00e9coles techniques, les petits ateliers et le secteur agricole.<\/p>\n","protected":false},"featured_media":18015,"template":"","meta":{"_acf_changed":false,"content-type":"","inline_featured_image":false,"_monsterinsights_skip_tracking":false,"_monsterinsights_sitenote_active":false,"_monsterinsights_sitenote_note":"","_monsterinsights_sitenote_category":0,"_joinchat":[]},"product_brand":[],"product_cat":[937,1224,1495,1502],"product_tag":[],"class_list":{"0":"post-17999","1":"product","2":"type-product","3":"status-publish","4":"has-post-thumbnail","6":"product_cat-produits","7":"product_cat-protection","8":"product_cat-aspiration-des-fumees","9":"product_cat-aspirateurs-avec-filtres","11":"first","12":"instock","13":"taxable","14":"shipping-taxable","15":"product-type-variable"},"acf":[],"yoast_head":"<!-- This site is optimized with the Yoast SEO plugin v26.4 - https:\/\/yoast.com\/wordpress\/plugins\/seo\/ -->\n<title>Aspirateurs stationnaires \u00e0 un bras | GALA GAR - Productos de soldadura y reguladores de gas - Gas y soldadura<\/title>\n<meta name=\"robots\" content=\"index, follow, max-snippet:-1, max-image-preview:large, max-video-preview:-1\" \/>\n<link rel=\"canonical\" href=\"https:\/\/galagar.com\/fr\/produit\/aspirateurs-stationnaires-a-un-bras\/\" \/>\n<meta property=\"og:locale\" content=\"fr_FR\" \/>\n<meta property=\"og:type\" content=\"article\" \/>\n<meta property=\"og:title\" content=\"Aspirateurs stationnaires \u00e0 un bras | GALA GAR - Productos de soldadura y reguladores de gas - Gas y soldadura\" \/>\n<meta property=\"og:description\" content=\"Description : Aspirateur de fum\u00e9es de soudage fixe \u00e0 un bras, id\u00e9al pour les postes de travail fixes. Fix\u00e9 au mur, il a une port\u00e9e allant jusqu&#039;\u00e0 4 m\u00e8tres. L&#039;etracteur a un marquage W3, ce qui permet de l&#039;utiliser dans des applications en acier et en acier inoxydable. Ces produits constituent un excellent point de d\u00e9part pour la protection contre l&#039;exposition aux fum\u00e9es de soudage. Applications : Ce filtre fixe mural avec monobloc d&#039;extraction est recommand\u00e9 pour les applications de soudage l\u00e9g\u00e8res ou occasionnelles. L&#039;extraction des fum\u00e9es de soudage TIG est \u00e9galement possible. Cet extracteur de fum\u00e9es est recommand\u00e9 pour les ateliers de r\u00e9paration automobile, les \u00e9coles de soudure, les \u00e9coles techniques, les petits ateliers et le secteur agricole.\" \/>\n<meta property=\"og:url\" content=\"https:\/\/galagar.com\/fr\/produit\/aspirateurs-stationnaires-a-un-bras\/\" \/>\n<meta property=\"og:site_name\" content=\"GALA GAR - Productos de soldadura y reguladores de gas - Gas y soldadura\" \/>\n<meta property=\"article:publisher\" content=\"https:\/\/www.facebook.com\/galagarsoldadura\/\" \/>\n<meta property=\"article:modified_time\" content=\"2023-04-28T10:44:38+00:00\" \/>\n<meta property=\"og:image\" content=\"https:\/\/galagar.com\/wp-content\/uploads\/2022\/01\/Fijos-Monobrazo.jpg\" \/>\n\t<meta property=\"og:image:width\" content=\"640\" \/>\n\t<meta property=\"og:image:height\" content=\"800\" \/>\n\t<meta property=\"og:image:type\" content=\"image\/jpeg\" \/>\n<meta name=\"twitter:card\" content=\"summary_large_image\" \/>\n<meta name=\"twitter:label1\" content=\"Dur\u00e9e de lecture estim\u00e9e\" \/>\n\t<meta name=\"twitter:data1\" content=\"3 minutes\" \/>\n<script type=\"application\/ld+json\" class=\"yoast-schema-graph\">{\"@context\":\"https:\/\/schema.org\",\"@graph\":[{\"@type\":\"WebPage\",\"@id\":\"https:\/\/galagar.com\/fr\/produit\/aspirateurs-stationnaires-a-un-bras\/\",\"url\":\"https:\/\/galagar.com\/fr\/produit\/aspirateurs-stationnaires-a-un-bras\/\",\"name\":\"Aspirateurs stationnaires \u00e0 un bras | GALA GAR - Productos de soldadura y reguladores de gas - Gas y soldadura\",\"isPartOf\":{\"@id\":\"https:\/\/galagar.com\/fr\/#website\"},\"primaryImageOfPage\":{\"@id\":\"https:\/\/galagar.com\/fr\/produit\/aspirateurs-stationnaires-a-un-bras\/#primaryimage\"},\"image\":{\"@id\":\"https:\/\/galagar.com\/fr\/produit\/aspirateurs-stationnaires-a-un-bras\/#primaryimage\"},\"thumbnailUrl\":\"https:\/\/galagar.com\/wp-content\/uploads\/2022\/01\/Fijos-Monobrazo.jpg\",\"datePublished\":\"2022-01-27T18:43:16+00:00\",\"dateModified\":\"2023-04-28T10:44:38+00:00\",\"breadcrumb\":{\"@id\":\"https:\/\/galagar.com\/fr\/produit\/aspirateurs-stationnaires-a-un-bras\/#breadcrumb\"},\"inLanguage\":\"fr-FR\",\"potentialAction\":[{\"@type\":\"ReadAction\",\"target\":[\"https:\/\/galagar.com\/fr\/produit\/aspirateurs-stationnaires-a-un-bras\/\"]}]},{\"@type\":\"ImageObject\",\"inLanguage\":\"fr-FR\",\"@id\":\"https:\/\/galagar.com\/fr\/produit\/aspirateurs-stationnaires-a-un-bras\/#primaryimage\",\"url\":\"https:\/\/galagar.com\/wp-content\/uploads\/2022\/01\/Fijos-Monobrazo.jpg\",\"contentUrl\":\"https:\/\/galagar.com\/wp-content\/uploads\/2022\/01\/Fijos-Monobrazo.jpg\",\"width\":640,\"height\":800},{\"@type\":\"BreadcrumbList\",\"@id\":\"https:\/\/galagar.com\/fr\/produit\/aspirateurs-stationnaires-a-un-bras\/#breadcrumb\",\"itemListElement\":[{\"@type\":\"ListItem\",\"position\":1,\"name\":\"Inicio\",\"item\":\"https:\/\/galagar.com\/fr\/accueil\/\"},{\"@type\":\"ListItem\",\"position\":2,\"name\":\"Boutique\",\"item\":\"https:\/\/galagar.com\/fr\/boutique\/\"},{\"@type\":\"ListItem\",\"position\":3,\"name\":\"Produits\",\"item\":\"https:\/\/galagar.com\/fr\/tienda-online\/produits\/\"},{\"@type\":\"ListItem\",\"position\":4,\"name\":\"Protection\",\"item\":\"https:\/\/galagar.com\/fr\/tienda-online\/produits\/protection\/\"},{\"@type\":\"ListItem\",\"position\":5,\"name\":\"Aspiration des fum\u00e9es\",\"item\":\"https:\/\/galagar.com\/fr\/tienda-online\/produits\/protection\/aspiration-des-fumees\/\"},{\"@type\":\"ListItem\",\"position\":6,\"name\":\"Aspirateurs avec filtres\",\"item\":\"https:\/\/galagar.com\/fr\/tienda-online\/produits\/protection\/aspiration-des-fumees\/aspirateurs-avec-filtres\/\"},{\"@type\":\"ListItem\",\"position\":7,\"name\":\"Aspirateurs stationnaires \u00e0 un bras\"}]},{\"@type\":\"WebSite\",\"@id\":\"https:\/\/galagar.com\/fr\/#website\",\"url\":\"https:\/\/galagar.com\/fr\/\",\"name\":\"GALA GAR - Productos de soldadura y reguladores de gas - Gas y soldadura\",\"description\":\"Gala Gar es fabricante de tecnolog\u00eda competitiva para soldadura (MMA-TIG-MIG\/MAG-CORTE POR PLASMA), regulaci\u00f3n de gases, y para soldadura y corte por gas.\",\"publisher\":{\"@id\":\"https:\/\/galagar.com\/fr\/#organization\"},\"potentialAction\":[{\"@type\":\"SearchAction\",\"target\":{\"@type\":\"EntryPoint\",\"urlTemplate\":\"https:\/\/galagar.com\/fr\/?s={search_term_string}\"},\"query-input\":{\"@type\":\"PropertyValueSpecification\",\"valueRequired\":true,\"valueName\":\"search_term_string\"}}],\"inLanguage\":\"fr-FR\"},{\"@type\":\"Organization\",\"@id\":\"https:\/\/galagar.com\/fr\/#organization\",\"name\":\"GALA GAR welding\",\"url\":\"https:\/\/galagar.com\/fr\/\",\"logo\":{\"@type\":\"ImageObject\",\"inLanguage\":\"fr-FR\",\"@id\":\"https:\/\/galagar.com\/fr\/#\/schema\/logo\/image\/\",\"url\":\"\",\"contentUrl\":\"\",\"caption\":\"GALA GAR welding\"},\"image\":{\"@id\":\"https:\/\/galagar.com\/fr\/#\/schema\/logo\/image\/\"},\"sameAs\":[\"https:\/\/www.facebook.com\/galagarsoldadura\/\",\"https:\/\/www.linkedin.com\/company\/gala-gar-sl\/?trk=biz-companies-cym\",\"https:\/\/www.youtube.com\/user\/galagarsp\",\"https:\/\/www.instagram.com\/galagar_soldadura\/?hl=es\"]}]}<\/script>\n<!-- \/ Yoast SEO plugin. -->","yoast_head_json":{"title":"Aspirateurs stationnaires \u00e0 un bras | GALA GAR - Productos de soldadura y reguladores de gas - Gas y soldadura","robots":{"index":"index","follow":"follow","max-snippet":"max-snippet:-1","max-image-preview":"max-image-preview:large","max-video-preview":"max-video-preview:-1"},"canonical":"https:\/\/galagar.com\/fr\/produit\/aspirateurs-stationnaires-a-un-bras\/","og_locale":"fr_FR","og_type":"article","og_title":"Aspirateurs stationnaires \u00e0 un bras | GALA GAR - Productos de soldadura y reguladores de gas - Gas y soldadura","og_description":"Description : Aspirateur de fum\u00e9es de soudage fixe \u00e0 un bras, id\u00e9al pour les postes de travail fixes. Fix\u00e9 au mur, il a une port\u00e9e allant jusqu'\u00e0 4 m\u00e8tres. L'etracteur a un marquage W3, ce qui permet de l'utiliser dans des applications en acier et en acier inoxydable. Ces produits constituent un excellent point de d\u00e9part pour la protection contre l'exposition aux fum\u00e9es de soudage. Applications : Ce filtre fixe mural avec monobloc d'extraction est recommand\u00e9 pour les applications de soudage l\u00e9g\u00e8res ou occasionnelles. L'extraction des fum\u00e9es de soudage TIG est \u00e9galement possible. Cet extracteur de fum\u00e9es est recommand\u00e9 pour les ateliers de r\u00e9paration automobile, les \u00e9coles de soudure, les \u00e9coles techniques, les petits ateliers et le secteur agricole.","og_url":"https:\/\/galagar.com\/fr\/produit\/aspirateurs-stationnaires-a-un-bras\/","og_site_name":"GALA GAR - Productos de soldadura y reguladores de gas - Gas y soldadura","article_publisher":"https:\/\/www.facebook.com\/galagarsoldadura\/","article_modified_time":"2023-04-28T10:44:38+00:00","og_image":[{"width":640,"height":800,"url":"https:\/\/galagar.com\/wp-content\/uploads\/2022\/01\/Fijos-Monobrazo.jpg","type":"image\/jpeg"}],"twitter_card":"summary_large_image","twitter_misc":{"Dur\u00e9e de lecture estim\u00e9e":"3 minutes"},"schema":{"@context":"https:\/\/schema.org","@graph":[{"@type":"WebPage","@id":"https:\/\/galagar.com\/fr\/produit\/aspirateurs-stationnaires-a-un-bras\/","url":"https:\/\/galagar.com\/fr\/produit\/aspirateurs-stationnaires-a-un-bras\/","name":"Aspirateurs stationnaires \u00e0 un bras | GALA GAR - Productos de soldadura y reguladores de gas - Gas y soldadura","isPartOf":{"@id":"https:\/\/galagar.com\/fr\/#website"},"primaryImageOfPage":{"@id":"https:\/\/galagar.com\/fr\/produit\/aspirateurs-stationnaires-a-un-bras\/#primaryimage"},"image":{"@id":"https:\/\/galagar.com\/fr\/produit\/aspirateurs-stationnaires-a-un-bras\/#primaryimage"},"thumbnailUrl":"https:\/\/galagar.com\/wp-content\/uploads\/2022\/01\/Fijos-Monobrazo.jpg","datePublished":"2022-01-27T18:43:16+00:00","dateModified":"2023-04-28T10:44:38+00:00","breadcrumb":{"@id":"https:\/\/galagar.com\/fr\/produit\/aspirateurs-stationnaires-a-un-bras\/#breadcrumb"},"inLanguage":"fr-FR","potentialAction":[{"@type":"ReadAction","target":["https:\/\/galagar.com\/fr\/produit\/aspirateurs-stationnaires-a-un-bras\/"]}]},{"@type":"ImageObject","inLanguage":"fr-FR","@id":"https:\/\/galagar.com\/fr\/produit\/aspirateurs-stationnaires-a-un-bras\/#primaryimage","url":"https:\/\/galagar.com\/wp-content\/uploads\/2022\/01\/Fijos-Monobrazo.jpg","contentUrl":"https:\/\/galagar.com\/wp-content\/uploads\/2022\/01\/Fijos-Monobrazo.jpg","width":640,"height":800},{"@type":"BreadcrumbList","@id":"https:\/\/galagar.com\/fr\/produit\/aspirateurs-stationnaires-a-un-bras\/#breadcrumb","itemListElement":[{"@type":"ListItem","position":1,"name":"Inicio","item":"https:\/\/galagar.com\/fr\/accueil\/"},{"@type":"ListItem","position":2,"name":"Boutique","item":"https:\/\/galagar.com\/fr\/boutique\/"},{"@type":"ListItem","position":3,"name":"Produits","item":"https:\/\/galagar.com\/fr\/tienda-online\/produits\/"},{"@type":"ListItem","position":4,"name":"Protection","item":"https:\/\/galagar.com\/fr\/tienda-online\/produits\/protection\/"},{"@type":"ListItem","position":5,"name":"Aspiration des fum\u00e9es","item":"https:\/\/galagar.com\/fr\/tienda-online\/produits\/protection\/aspiration-des-fumees\/"},{"@type":"ListItem","position":6,"name":"Aspirateurs avec filtres","item":"https:\/\/galagar.com\/fr\/tienda-online\/produits\/protection\/aspiration-des-fumees\/aspirateurs-avec-filtres\/"},{"@type":"ListItem","position":7,"name":"Aspirateurs stationnaires \u00e0 un bras"}]},{"@type":"WebSite","@id":"https:\/\/galagar.com\/fr\/#website","url":"https:\/\/galagar.com\/fr\/","name":"GALA GAR - Productos de soldadura y reguladores de gas - Gas y soldadura","description":"Gala Gar es fabricante de tecnolog\u00eda competitiva para soldadura (MMA-TIG-MIG\/MAG-CORTE POR PLASMA), regulaci\u00f3n de gases, y para soldadura y corte por gas.","publisher":{"@id":"https:\/\/galagar.com\/fr\/#organization"},"potentialAction":[{"@type":"SearchAction","target":{"@type":"EntryPoint","urlTemplate":"https:\/\/galagar.com\/fr\/?s={search_term_string}"},"query-input":{"@type":"PropertyValueSpecification","valueRequired":true,"valueName":"search_term_string"}}],"inLanguage":"fr-FR"},{"@type":"Organization","@id":"https:\/\/galagar.com\/fr\/#organization","name":"GALA GAR welding","url":"https:\/\/galagar.com\/fr\/","logo":{"@type":"ImageObject","inLanguage":"fr-FR","@id":"https:\/\/galagar.com\/fr\/#\/schema\/logo\/image\/","url":"","contentUrl":"","caption":"GALA GAR welding"},"image":{"@id":"https:\/\/galagar.com\/fr\/#\/schema\/logo\/image\/"},"sameAs":["https:\/\/www.facebook.com\/galagarsoldadura\/","https:\/\/www.linkedin.com\/company\/gala-gar-sl\/?trk=biz-companies-cym","https:\/\/www.youtube.com\/user\/galagarsp","https:\/\/www.instagram.com\/galagar_soldadura\/?hl=es"]}]}},"_links":{"self":[{"href":"https:\/\/galagar.com\/fr\/wp-json\/wp\/v2\/product\/17999","targetHints":{"allow":["GET"]}}],"collection":[{"href":"https:\/\/galagar.com\/fr\/wp-json\/wp\/v2\/product"}],"about":[{"href":"https:\/\/galagar.com\/fr\/wp-json\/wp\/v2\/types\/product"}],"wp:featuredmedia":[{"embeddable":true,"href":"https:\/\/galagar.com\/fr\/wp-json\/wp\/v2\/media\/18015"}],"wp:attachment":[{"href":"https:\/\/galagar.com\/fr\/wp-json\/wp\/v2\/media?parent=17999"}],"wp:term":[{"taxonomy":"product_brand","embeddable":true,"href":"https:\/\/galagar.com\/fr\/wp-json\/wp\/v2\/product_brand?post=17999"},{"taxonomy":"product_cat","embeddable":true,"href":"https:\/\/galagar.com\/fr\/wp-json\/wp\/v2\/product_cat?post=17999"},{"taxonomy":"product_tag","embeddable":true,"href":"https:\/\/galagar.com\/fr\/wp-json\/wp\/v2\/product_tag?post=17999"}],"curies":[{"name":"wp","href":"https:\/\/api.w.org\/{rel}","templated":true}]}}