{"id":18029,"date":"2022-01-27T19:43:12","date_gmt":"2022-01-27T18:43:12","guid":{"rendered":"https:\/\/dev.galagar.com\/producto\/box-elect-inox-316l-16-25x300mm-10u\/"},"modified":"2023-09-18T11:47:15","modified_gmt":"2023-09-18T09:47:15","slug":"acier-inoxydable-electrolytique","status":"publish","type":"product","link":"https:\/\/galagar.com\/fr\/produit\/acier-inoxydable-electrolytique\/","title":{"rendered":"\u00c9lectrode en acier inoxydable"},"content":{"rendered":"<div class=\"fusion-fullwidth fullwidth-box fusion-builder-row-1 fusion-flex-container nonhundred-percent-fullwidth non-hundred-percent-height-scrolling\" style=\"--awb-border-radius-top-left:0px;--awb-border-radius-top-right:0px;--awb-border-radius-bottom-right:0px;--awb-border-radius-bottom-left:0px;--awb-flex-wrap:wrap;\" ><div class=\"fusion-builder-row fusion-row fusion-flex-align-items-flex-start fusion-flex-content-wrap\" style=\"max-width:1216.8px;margin-left: calc(-4% \/ 2 );margin-right: calc(-4% \/ 2 );\"><div class=\"fusion-layout-column fusion_builder_column fusion-builder-column-0 fusion_builder_column_1_2 1_2 fusion-flex-column\" style=\"--awb-bg-size:cover;--awb-width-large:50%;--awb-margin-top-large:0px;--awb-spacing-right-large:5.12%;--awb-margin-bottom-large:0px;--awb-spacing-left-large:3.84%;--awb-width-medium:100%;--awb-spacing-right-medium:1.92%;--awb-spacing-left-medium:1.92%;--awb-width-small:100%;--awb-spacing-right-small:1.92%;--awb-spacing-left-small:1.92%;\"><div class=\"fusion-column-wrapper fusion-flex-justify-content-flex-start fusion-content-layout-column\"><div class=\"fusion-text fusion-text-1\"><h5><span style=\"color: #cc0000;\">CONSULTEZ-NOUS pour d&#8217;autres types d&#8217;\u00e9lectroros dont vous pourriez avoir besoin, ainsi que pour notre liste de prix actualis\u00e9e.<\/span><\/h5>\n<\/div><\/div><\/div><div class=\"fusion-layout-column fusion_builder_column fusion-builder-column-1 fusion_builder_column_1_3 1_3 fusion-flex-column fusion-flex-align-self-center\" style=\"--awb-bg-size:cover;--awb-width-large:33.333333333333%;--awb-margin-top-large:0px;--awb-spacing-right-large:5.76%;--awb-margin-bottom-large:0px;--awb-spacing-left-large:5.76%;--awb-width-medium:100%;--awb-order-medium:0;--awb-spacing-right-medium:1.92%;--awb-spacing-left-medium:1.92%;--awb-width-small:100%;--awb-order-small:0;--awb-spacing-right-small:1.92%;--awb-spacing-left-small:1.92%;\" data-scroll-devices=\"small-visibility,medium-visibility,large-visibility\"><div class=\"fusion-column-wrapper fusion-column-has-shadow fusion-flex-justify-content-flex-start fusion-content-layout-column\"><div ><a class=\"fusion-button button-flat button-xlarge button-default fusion-button-default button-1 fusion-button-default-span fusion-animated\" style=\"--button_text_transform:lowercase;\" data-animationType=\"fadeInRight\" data-animationDuration=\"0.5\" data-animationDelay=\"1.0\" data-animationOffset=\"top-into-view\" target=\"_blank\" rel=\"noopener noreferrer\" href=\"https:\/\/galagar.com\/fr\/contact\/\"><span class=\"fusion-button-text\">Nous contacter<\/span><\/a><\/div><\/div><\/div><\/div><\/div>\n","protected":false},"excerpt":{"rendered":"<p><strong>Caract\u00e9ristiques :<\/strong><br \/>\n&#8211; \u00c9lectrodes aust\u00e9nitiques, adapt\u00e9es aux applications dans les r\u00e9servoirs, les tuyaux et les \u00e9quipements en aciers \u00e0 faible teneur en carbone CR-NI-MO utilis\u00e9s dans les industries alimentaire, textile, chimique et de la peinture.<br \/>\n&#8211; Le m\u00e9tal soud\u00e9 est r\u00e9sistant aux agents corrosifs et tr\u00e8s r\u00e9sistant \u00e0 la corrosion environnementale.<br \/>\n&#8211; Convient m\u00eame pour les applications de produits manufactur\u00e9s qui doivent fonctionner jusqu&#8217;\u00e0 400\u00b0C.<br \/>\n&#8211; En cas d&#8217;humidit\u00e9, s\u00e9cher \u00e0 300\u00ba C pendant au moins 2 heures.<\/p>\n<p><strong>Acier inoxydable E-316L<\/strong><\/p>\n<p>Choisissez le bon diam\u00e8tre d&#8217;\u00e9lectrode pour votre \u00e9quipement de soudage MMA<br \/>\n<strong>Les quantit\u00e9s varient en fonction de l&#8217;emballage choisi.<\/strong><\/p>\n","protected":false},"featured_media":18844,"template":"","meta":{"_acf_changed":false,"content-type":"","inline_featured_image":false,"_monsterinsights_skip_tracking":false,"_monsterinsights_sitenote_active":false,"_monsterinsights_sitenote_note":"","_monsterinsights_sitenote_category":0,"_joinchat":[]},"product_brand":[],"product_cat":[1765,1766],"product_tag":[],"class_list":{"0":"post-18029","1":"product","2":"type-product","3":"status-publish","4":"has-post-thumbnail","6":"product_cat-consommables","7":"product_cat-electrodes-fr","9":"first","10":"instock","11":"taxable","12":"shipping-taxable","13":"product-type-variable"},"acf":[],"yoast_head":"<!-- This site is optimized with the Yoast SEO plugin v26.4 - https:\/\/yoast.com\/wordpress\/plugins\/seo\/ -->\n<title>\u00c9lectrode en acier inoxydable | GALA GAR - Productos de soldadura y reguladores de gas - Gas y soldadura<\/title>\n<meta name=\"robots\" content=\"index, follow, max-snippet:-1, max-image-preview:large, max-video-preview:-1\" \/>\n<link rel=\"canonical\" href=\"https:\/\/galagar.com\/fr\/produit\/acier-inoxydable-electrolytique\/\" \/>\n<meta property=\"og:locale\" content=\"fr_FR\" \/>\n<meta property=\"og:type\" content=\"article\" \/>\n<meta property=\"og:title\" content=\"\u00c9lectrode en acier inoxydable | GALA GAR - Productos de soldadura y reguladores de gas - Gas y soldadura\" \/>\n<meta property=\"og:description\" content=\"Caract\u00e9ristiques : - \u00c9lectrodes aust\u00e9nitiques, adapt\u00e9es aux applications dans les r\u00e9servoirs, les tuyaux et les \u00e9quipements en aciers \u00e0 faible teneur en carbone CR-NI-MO utilis\u00e9s dans les industries alimentaire, textile, chimique et de la peinture. - Le m\u00e9tal soud\u00e9 est r\u00e9sistant aux agents corrosifs et tr\u00e8s r\u00e9sistant \u00e0 la corrosion environnementale. - Convient m\u00eame pour les applications de produits manufactur\u00e9s qui doivent fonctionner jusqu&#039;\u00e0 400\u00b0C. - En cas d&#039;humidit\u00e9, s\u00e9cher \u00e0 300\u00ba C pendant au moins 2 heures.  Acier inoxydable E-316L  Choisissez le bon diam\u00e8tre d&#039;\u00e9lectrode pour votre \u00e9quipement de soudage MMA Les quantit\u00e9s varient en fonction de l&#039;emballage choisi.\" \/>\n<meta property=\"og:url\" content=\"https:\/\/galagar.com\/fr\/produit\/acier-inoxydable-electrolytique\/\" \/>\n<meta property=\"og:site_name\" content=\"GALA GAR - Productos de soldadura y reguladores de gas - Gas y soldadura\" \/>\n<meta property=\"article:publisher\" content=\"https:\/\/www.facebook.com\/galagarsoldadura\/\" \/>\n<meta property=\"article:modified_time\" content=\"2023-09-18T09:47:15+00:00\" \/>\n<meta property=\"og:image\" content=\"https:\/\/galagar.com\/wp-content\/uploads\/2022\/01\/Electrodos-Paquete.jpg\" \/>\n\t<meta property=\"og:image:width\" content=\"640\" \/>\n\t<meta property=\"og:image:height\" content=\"800\" \/>\n\t<meta property=\"og:image:type\" content=\"image\/jpeg\" \/>\n<meta name=\"twitter:card\" content=\"summary_large_image\" \/>\n<meta name=\"twitter:label1\" content=\"Dur\u00e9e de lecture estim\u00e9e\" \/>\n\t<meta name=\"twitter:data1\" content=\"2 minutes\" \/>\n<script type=\"application\/ld+json\" class=\"yoast-schema-graph\">{\"@context\":\"https:\/\/schema.org\",\"@graph\":[{\"@type\":\"WebPage\",\"@id\":\"https:\/\/galagar.com\/fr\/produit\/acier-inoxydable-electrolytique\/\",\"url\":\"https:\/\/galagar.com\/fr\/produit\/acier-inoxydable-electrolytique\/\",\"name\":\"\u00c9lectrode en acier inoxydable | GALA GAR - Productos de soldadura y reguladores de gas - Gas y soldadura\",\"isPartOf\":{\"@id\":\"https:\/\/galagar.com\/fr\/#website\"},\"primaryImageOfPage\":{\"@id\":\"https:\/\/galagar.com\/fr\/produit\/acier-inoxydable-electrolytique\/#primaryimage\"},\"image\":{\"@id\":\"https:\/\/galagar.com\/fr\/produit\/acier-inoxydable-electrolytique\/#primaryimage\"},\"thumbnailUrl\":\"https:\/\/galagar.com\/wp-content\/uploads\/2022\/01\/Electrodos-Paquete.jpg\",\"datePublished\":\"2022-01-27T18:43:12+00:00\",\"dateModified\":\"2023-09-18T09:47:15+00:00\",\"breadcrumb\":{\"@id\":\"https:\/\/galagar.com\/fr\/produit\/acier-inoxydable-electrolytique\/#breadcrumb\"},\"inLanguage\":\"fr-FR\",\"potentialAction\":[{\"@type\":\"ReadAction\",\"target\":[\"https:\/\/galagar.com\/fr\/produit\/acier-inoxydable-electrolytique\/\"]}]},{\"@type\":\"ImageObject\",\"inLanguage\":\"fr-FR\",\"@id\":\"https:\/\/galagar.com\/fr\/produit\/acier-inoxydable-electrolytique\/#primaryimage\",\"url\":\"https:\/\/galagar.com\/wp-content\/uploads\/2022\/01\/Electrodos-Paquete.jpg\",\"contentUrl\":\"https:\/\/galagar.com\/wp-content\/uploads\/2022\/01\/Electrodos-Paquete.jpg\",\"width\":640,\"height\":800},{\"@type\":\"BreadcrumbList\",\"@id\":\"https:\/\/galagar.com\/fr\/produit\/acier-inoxydable-electrolytique\/#breadcrumb\",\"itemListElement\":[{\"@type\":\"ListItem\",\"position\":1,\"name\":\"Inicio\",\"item\":\"https:\/\/galagar.com\/fr\/accueil\/\"},{\"@type\":\"ListItem\",\"position\":2,\"name\":\"Boutique\",\"item\":\"https:\/\/galagar.com\/fr\/boutique\/\"},{\"@type\":\"ListItem\",\"position\":3,\"name\":\"Consommables\",\"item\":\"https:\/\/galagar.com\/fr\/tienda-online\/consommables\/\"},{\"@type\":\"ListItem\",\"position\":4,\"name\":\"\u00c9lectrode en acier inoxydable\"}]},{\"@type\":\"WebSite\",\"@id\":\"https:\/\/galagar.com\/fr\/#website\",\"url\":\"https:\/\/galagar.com\/fr\/\",\"name\":\"GALA GAR - Productos de soldadura y reguladores de gas - Gas y soldadura\",\"description\":\"Gala Gar es fabricante de tecnolog\u00eda competitiva para soldadura (MMA-TIG-MIG\/MAG-CORTE POR PLASMA), regulaci\u00f3n de gases, y para soldadura y corte por gas.\",\"publisher\":{\"@id\":\"https:\/\/galagar.com\/fr\/#organization\"},\"potentialAction\":[{\"@type\":\"SearchAction\",\"target\":{\"@type\":\"EntryPoint\",\"urlTemplate\":\"https:\/\/galagar.com\/fr\/?s={search_term_string}\"},\"query-input\":{\"@type\":\"PropertyValueSpecification\",\"valueRequired\":true,\"valueName\":\"search_term_string\"}}],\"inLanguage\":\"fr-FR\"},{\"@type\":\"Organization\",\"@id\":\"https:\/\/galagar.com\/fr\/#organization\",\"name\":\"GALA GAR welding\",\"url\":\"https:\/\/galagar.com\/fr\/\",\"logo\":{\"@type\":\"ImageObject\",\"inLanguage\":\"fr-FR\",\"@id\":\"https:\/\/galagar.com\/fr\/#\/schema\/logo\/image\/\",\"url\":\"\",\"contentUrl\":\"\",\"caption\":\"GALA GAR welding\"},\"image\":{\"@id\":\"https:\/\/galagar.com\/fr\/#\/schema\/logo\/image\/\"},\"sameAs\":[\"https:\/\/www.facebook.com\/galagarsoldadura\/\",\"https:\/\/www.linkedin.com\/company\/gala-gar-sl\/?trk=biz-companies-cym\",\"https:\/\/www.youtube.com\/user\/galagarsp\",\"https:\/\/www.instagram.com\/galagar_soldadura\/?hl=es\"]}]}<\/script>\n<!-- \/ Yoast SEO plugin. -->","yoast_head_json":{"title":"\u00c9lectrode en acier inoxydable | GALA GAR - Productos de soldadura y reguladores de gas - Gas y soldadura","robots":{"index":"index","follow":"follow","max-snippet":"max-snippet:-1","max-image-preview":"max-image-preview:large","max-video-preview":"max-video-preview:-1"},"canonical":"https:\/\/galagar.com\/fr\/produit\/acier-inoxydable-electrolytique\/","og_locale":"fr_FR","og_type":"article","og_title":"\u00c9lectrode en acier inoxydable | GALA GAR - Productos de soldadura y reguladores de gas - Gas y soldadura","og_description":"Caract\u00e9ristiques : - \u00c9lectrodes aust\u00e9nitiques, adapt\u00e9es aux applications dans les r\u00e9servoirs, les tuyaux et les \u00e9quipements en aciers \u00e0 faible teneur en carbone CR-NI-MO utilis\u00e9s dans les industries alimentaire, textile, chimique et de la peinture. - Le m\u00e9tal soud\u00e9 est r\u00e9sistant aux agents corrosifs et tr\u00e8s r\u00e9sistant \u00e0 la corrosion environnementale. - Convient m\u00eame pour les applications de produits manufactur\u00e9s qui doivent fonctionner jusqu'\u00e0 400\u00b0C. - En cas d'humidit\u00e9, s\u00e9cher \u00e0 300\u00ba C pendant au moins 2 heures.  Acier inoxydable E-316L  Choisissez le bon diam\u00e8tre d'\u00e9lectrode pour votre \u00e9quipement de soudage MMA Les quantit\u00e9s varient en fonction de l'emballage choisi.","og_url":"https:\/\/galagar.com\/fr\/produit\/acier-inoxydable-electrolytique\/","og_site_name":"GALA GAR - Productos de soldadura y reguladores de gas - Gas y soldadura","article_publisher":"https:\/\/www.facebook.com\/galagarsoldadura\/","article_modified_time":"2023-09-18T09:47:15+00:00","og_image":[{"width":640,"height":800,"url":"https:\/\/galagar.com\/wp-content\/uploads\/2022\/01\/Electrodos-Paquete.jpg","type":"image\/jpeg"}],"twitter_card":"summary_large_image","twitter_misc":{"Dur\u00e9e de lecture estim\u00e9e":"2 minutes"},"schema":{"@context":"https:\/\/schema.org","@graph":[{"@type":"WebPage","@id":"https:\/\/galagar.com\/fr\/produit\/acier-inoxydable-electrolytique\/","url":"https:\/\/galagar.com\/fr\/produit\/acier-inoxydable-electrolytique\/","name":"\u00c9lectrode en acier inoxydable | GALA GAR - Productos de soldadura y reguladores de gas - Gas y soldadura","isPartOf":{"@id":"https:\/\/galagar.com\/fr\/#website"},"primaryImageOfPage":{"@id":"https:\/\/galagar.com\/fr\/produit\/acier-inoxydable-electrolytique\/#primaryimage"},"image":{"@id":"https:\/\/galagar.com\/fr\/produit\/acier-inoxydable-electrolytique\/#primaryimage"},"thumbnailUrl":"https:\/\/galagar.com\/wp-content\/uploads\/2022\/01\/Electrodos-Paquete.jpg","datePublished":"2022-01-27T18:43:12+00:00","dateModified":"2023-09-18T09:47:15+00:00","breadcrumb":{"@id":"https:\/\/galagar.com\/fr\/produit\/acier-inoxydable-electrolytique\/#breadcrumb"},"inLanguage":"fr-FR","potentialAction":[{"@type":"ReadAction","target":["https:\/\/galagar.com\/fr\/produit\/acier-inoxydable-electrolytique\/"]}]},{"@type":"ImageObject","inLanguage":"fr-FR","@id":"https:\/\/galagar.com\/fr\/produit\/acier-inoxydable-electrolytique\/#primaryimage","url":"https:\/\/galagar.com\/wp-content\/uploads\/2022\/01\/Electrodos-Paquete.jpg","contentUrl":"https:\/\/galagar.com\/wp-content\/uploads\/2022\/01\/Electrodos-Paquete.jpg","width":640,"height":800},{"@type":"BreadcrumbList","@id":"https:\/\/galagar.com\/fr\/produit\/acier-inoxydable-electrolytique\/#breadcrumb","itemListElement":[{"@type":"ListItem","position":1,"name":"Inicio","item":"https:\/\/galagar.com\/fr\/accueil\/"},{"@type":"ListItem","position":2,"name":"Boutique","item":"https:\/\/galagar.com\/fr\/boutique\/"},{"@type":"ListItem","position":3,"name":"Consommables","item":"https:\/\/galagar.com\/fr\/tienda-online\/consommables\/"},{"@type":"ListItem","position":4,"name":"\u00c9lectrode en acier inoxydable"}]},{"@type":"WebSite","@id":"https:\/\/galagar.com\/fr\/#website","url":"https:\/\/galagar.com\/fr\/","name":"GALA GAR - Productos de soldadura y reguladores de gas - Gas y soldadura","description":"Gala Gar es fabricante de tecnolog\u00eda competitiva para soldadura (MMA-TIG-MIG\/MAG-CORTE POR PLASMA), regulaci\u00f3n de gases, y para soldadura y corte por gas.","publisher":{"@id":"https:\/\/galagar.com\/fr\/#organization"},"potentialAction":[{"@type":"SearchAction","target":{"@type":"EntryPoint","urlTemplate":"https:\/\/galagar.com\/fr\/?s={search_term_string}"},"query-input":{"@type":"PropertyValueSpecification","valueRequired":true,"valueName":"search_term_string"}}],"inLanguage":"fr-FR"},{"@type":"Organization","@id":"https:\/\/galagar.com\/fr\/#organization","name":"GALA GAR welding","url":"https:\/\/galagar.com\/fr\/","logo":{"@type":"ImageObject","inLanguage":"fr-FR","@id":"https:\/\/galagar.com\/fr\/#\/schema\/logo\/image\/","url":"","contentUrl":"","caption":"GALA GAR welding"},"image":{"@id":"https:\/\/galagar.com\/fr\/#\/schema\/logo\/image\/"},"sameAs":["https:\/\/www.facebook.com\/galagarsoldadura\/","https:\/\/www.linkedin.com\/company\/gala-gar-sl\/?trk=biz-companies-cym","https:\/\/www.youtube.com\/user\/galagarsp","https:\/\/www.instagram.com\/galagar_soldadura\/?hl=es"]}]}},"_links":{"self":[{"href":"https:\/\/galagar.com\/fr\/wp-json\/wp\/v2\/product\/18029","targetHints":{"allow":["GET"]}}],"collection":[{"href":"https:\/\/galagar.com\/fr\/wp-json\/wp\/v2\/product"}],"about":[{"href":"https:\/\/galagar.com\/fr\/wp-json\/wp\/v2\/types\/product"}],"wp:featuredmedia":[{"embeddable":true,"href":"https:\/\/galagar.com\/fr\/wp-json\/wp\/v2\/media\/18844"}],"wp:attachment":[{"href":"https:\/\/galagar.com\/fr\/wp-json\/wp\/v2\/media?parent=18029"}],"wp:term":[{"taxonomy":"product_brand","embeddable":true,"href":"https:\/\/galagar.com\/fr\/wp-json\/wp\/v2\/product_brand?post=18029"},{"taxonomy":"product_cat","embeddable":true,"href":"https:\/\/galagar.com\/fr\/wp-json\/wp\/v2\/product_cat?post=18029"},{"taxonomy":"product_tag","embeddable":true,"href":"https:\/\/galagar.com\/fr\/wp-json\/wp\/v2\/product_tag?post=18029"}],"curies":[{"name":"wp","href":"https:\/\/api.w.org\/{rel}","templated":true}]}}