{"id":18030,"date":"2022-01-27T19:43:51","date_gmt":"2022-01-27T18:43:51","guid":{"rendered":"https:\/\/dev.galagar.com\/producto\/cas-aerogala\/"},"modified":"2022-01-27T19:43:51","modified_gmt":"2022-01-27T18:43:51","slug":"cas-aerogala","status":"publish","type":"product","link":"https:\/\/galagar.com\/fr\/produit\/cas-aerogala\/","title":{"rendered":"Cas Aerogala"},"content":{"rendered":"","protected":false},"excerpt":{"rendered":"<p><strong>Torches autonomes \u00e0 l&#8217;a\u00e9robutane<\/strong><\/p>\n<p>Plomberie professionnelle et travaux de bricolage. Convient pour le soudage et le brasage jusqu&#8217;\u00e0 un diam\u00e8tre de 22 mm. Il permet de travailler en position invers\u00e9e.<\/p>\n<p>La mallette contient 3 bouteilles de gaz propane et une torche aerogala.<\/p>\n","protected":false},"featured_media":18038,"template":"","meta":{"_acf_changed":false,"content-type":"","inline_featured_image":false,"_monsterinsights_skip_tracking":false,"_monsterinsights_sitenote_active":false,"_monsterinsights_sitenote_note":"","_monsterinsights_sitenote_category":0,"_joinchat":[]},"product_brand":[],"product_cat":[937,1373,1461],"product_tag":[],"class_list":{"0":"post-18030","1":"product","2":"type-product","3":"status-publish","4":"has-post-thumbnail","6":"product_cat-produits","7":"product_cat-soudage-flamme","8":"product_cat-aerobutane","10":"first","11":"instock","12":"taxable","13":"shipping-taxable","14":"product-type-simple"},"acf":[],"yoast_head":"<!-- This site is optimized with the Yoast SEO plugin v26.4 - https:\/\/yoast.com\/wordpress\/plugins\/seo\/ -->\n<title>Cas Aerogala | GALA GAR - Productos de soldadura y reguladores de gas - Gas y soldadura<\/title>\n<meta name=\"robots\" content=\"index, follow, max-snippet:-1, max-image-preview:large, max-video-preview:-1\" \/>\n<link rel=\"canonical\" href=\"https:\/\/galagar.com\/fr\/produit\/cas-aerogala\/\" \/>\n<meta property=\"og:locale\" content=\"fr_FR\" \/>\n<meta property=\"og:type\" content=\"article\" \/>\n<meta property=\"og:title\" content=\"Cas Aerogala | GALA GAR - Productos de soldadura y reguladores de gas - Gas y soldadura\" \/>\n<meta property=\"og:description\" content=\"Torches autonomes \u00e0 l&#039;a\u00e9robutane Plomberie professionnelle et travaux de bricolage. Convient pour le soudage et le brasage jusqu&#039;\u00e0 un diam\u00e8tre de 22 mm. Il permet de travailler en position invers\u00e9e. La mallette contient 3 bouteilles de gaz propane et une torche aerogala.\" \/>\n<meta property=\"og:url\" content=\"https:\/\/galagar.com\/fr\/produit\/cas-aerogala\/\" \/>\n<meta property=\"og:site_name\" content=\"GALA GAR - Productos de soldadura y reguladores de gas - Gas y soldadura\" \/>\n<meta property=\"article:publisher\" content=\"https:\/\/www.facebook.com\/galagarsoldadura\/\" \/>\n<meta property=\"og:image\" content=\"https:\/\/galagar.com\/wp-content\/uploads\/2022\/02\/Maletin-Chemtane.jpg\" \/>\n\t<meta property=\"og:image:width\" content=\"640\" \/>\n\t<meta property=\"og:image:height\" content=\"800\" \/>\n\t<meta property=\"og:image:type\" content=\"image\/jpeg\" \/>\n<meta name=\"twitter:card\" content=\"summary_large_image\" \/>\n<script type=\"application\/ld+json\" class=\"yoast-schema-graph\">{\"@context\":\"https:\/\/schema.org\",\"@graph\":[{\"@type\":\"WebPage\",\"@id\":\"https:\/\/galagar.com\/fr\/produit\/cas-aerogala\/\",\"url\":\"https:\/\/galagar.com\/fr\/produit\/cas-aerogala\/\",\"name\":\"Cas Aerogala | GALA GAR - Productos de soldadura y reguladores de gas - Gas y soldadura\",\"isPartOf\":{\"@id\":\"https:\/\/galagar.com\/fr\/#website\"},\"primaryImageOfPage\":{\"@id\":\"https:\/\/galagar.com\/fr\/produit\/cas-aerogala\/#primaryimage\"},\"image\":{\"@id\":\"https:\/\/galagar.com\/fr\/produit\/cas-aerogala\/#primaryimage\"},\"thumbnailUrl\":\"https:\/\/galagar.com\/wp-content\/uploads\/2022\/02\/Maletin-Chemtane.jpg\",\"datePublished\":\"2022-01-27T18:43:51+00:00\",\"breadcrumb\":{\"@id\":\"https:\/\/galagar.com\/fr\/produit\/cas-aerogala\/#breadcrumb\"},\"inLanguage\":\"fr-FR\",\"potentialAction\":[{\"@type\":\"ReadAction\",\"target\":[\"https:\/\/galagar.com\/fr\/produit\/cas-aerogala\/\"]}]},{\"@type\":\"ImageObject\",\"inLanguage\":\"fr-FR\",\"@id\":\"https:\/\/galagar.com\/fr\/produit\/cas-aerogala\/#primaryimage\",\"url\":\"https:\/\/galagar.com\/wp-content\/uploads\/2022\/02\/Maletin-Chemtane.jpg\",\"contentUrl\":\"https:\/\/galagar.com\/wp-content\/uploads\/2022\/02\/Maletin-Chemtane.jpg\",\"width\":640,\"height\":800},{\"@type\":\"BreadcrumbList\",\"@id\":\"https:\/\/galagar.com\/fr\/produit\/cas-aerogala\/#breadcrumb\",\"itemListElement\":[{\"@type\":\"ListItem\",\"position\":1,\"name\":\"Inicio\",\"item\":\"https:\/\/galagar.com\/fr\/accueil\/\"},{\"@type\":\"ListItem\",\"position\":2,\"name\":\"Boutique\",\"item\":\"https:\/\/galagar.com\/fr\/boutique\/\"},{\"@type\":\"ListItem\",\"position\":3,\"name\":\"Produits\",\"item\":\"https:\/\/galagar.com\/fr\/tienda-online\/produits\/\"},{\"@type\":\"ListItem\",\"position\":4,\"name\":\"Soudage flamme\",\"item\":\"https:\/\/galagar.com\/fr\/tienda-online\/produits\/soudage-flamme\/\"},{\"@type\":\"ListItem\",\"position\":5,\"name\":\"A\u00e9robutane\",\"item\":\"https:\/\/galagar.com\/fr\/tienda-online\/produits\/soudage-flamme\/aerobutane\/\"},{\"@type\":\"ListItem\",\"position\":6,\"name\":\"Cas Aerogala\"}]},{\"@type\":\"WebSite\",\"@id\":\"https:\/\/galagar.com\/fr\/#website\",\"url\":\"https:\/\/galagar.com\/fr\/\",\"name\":\"GALA GAR - Productos de soldadura y reguladores de gas - Gas y soldadura\",\"description\":\"Gala Gar es fabricante de tecnolog\u00eda competitiva para soldadura (MMA-TIG-MIG\/MAG-CORTE POR PLASMA), regulaci\u00f3n de gases, y para soldadura y corte por gas.\",\"publisher\":{\"@id\":\"https:\/\/galagar.com\/fr\/#organization\"},\"potentialAction\":[{\"@type\":\"SearchAction\",\"target\":{\"@type\":\"EntryPoint\",\"urlTemplate\":\"https:\/\/galagar.com\/fr\/?s={search_term_string}\"},\"query-input\":{\"@type\":\"PropertyValueSpecification\",\"valueRequired\":true,\"valueName\":\"search_term_string\"}}],\"inLanguage\":\"fr-FR\"},{\"@type\":\"Organization\",\"@id\":\"https:\/\/galagar.com\/fr\/#organization\",\"name\":\"GALA GAR welding\",\"url\":\"https:\/\/galagar.com\/fr\/\",\"logo\":{\"@type\":\"ImageObject\",\"inLanguage\":\"fr-FR\",\"@id\":\"https:\/\/galagar.com\/fr\/#\/schema\/logo\/image\/\",\"url\":\"\",\"contentUrl\":\"\",\"caption\":\"GALA GAR welding\"},\"image\":{\"@id\":\"https:\/\/galagar.com\/fr\/#\/schema\/logo\/image\/\"},\"sameAs\":[\"https:\/\/www.facebook.com\/galagarsoldadura\/\",\"https:\/\/www.linkedin.com\/company\/gala-gar-sl\/?trk=biz-companies-cym\",\"https:\/\/www.youtube.com\/user\/galagarsp\",\"https:\/\/www.instagram.com\/galagar_soldadura\/?hl=es\"]}]}<\/script>\n<!-- \/ Yoast SEO plugin. -->","yoast_head_json":{"title":"Cas Aerogala | GALA GAR - Productos de soldadura y reguladores de gas - Gas y soldadura","robots":{"index":"index","follow":"follow","max-snippet":"max-snippet:-1","max-image-preview":"max-image-preview:large","max-video-preview":"max-video-preview:-1"},"canonical":"https:\/\/galagar.com\/fr\/produit\/cas-aerogala\/","og_locale":"fr_FR","og_type":"article","og_title":"Cas Aerogala | GALA GAR - Productos de soldadura y reguladores de gas - Gas y soldadura","og_description":"Torches autonomes \u00e0 l'a\u00e9robutane Plomberie professionnelle et travaux de bricolage. Convient pour le soudage et le brasage jusqu'\u00e0 un diam\u00e8tre de 22 mm. Il permet de travailler en position invers\u00e9e. La mallette contient 3 bouteilles de gaz propane et une torche aerogala.","og_url":"https:\/\/galagar.com\/fr\/produit\/cas-aerogala\/","og_site_name":"GALA GAR - Productos de soldadura y reguladores de gas - Gas y soldadura","article_publisher":"https:\/\/www.facebook.com\/galagarsoldadura\/","og_image":[{"width":640,"height":800,"url":"https:\/\/galagar.com\/wp-content\/uploads\/2022\/02\/Maletin-Chemtane.jpg","type":"image\/jpeg"}],"twitter_card":"summary_large_image","schema":{"@context":"https:\/\/schema.org","@graph":[{"@type":"WebPage","@id":"https:\/\/galagar.com\/fr\/produit\/cas-aerogala\/","url":"https:\/\/galagar.com\/fr\/produit\/cas-aerogala\/","name":"Cas Aerogala | GALA GAR - Productos de soldadura y reguladores de gas - Gas y soldadura","isPartOf":{"@id":"https:\/\/galagar.com\/fr\/#website"},"primaryImageOfPage":{"@id":"https:\/\/galagar.com\/fr\/produit\/cas-aerogala\/#primaryimage"},"image":{"@id":"https:\/\/galagar.com\/fr\/produit\/cas-aerogala\/#primaryimage"},"thumbnailUrl":"https:\/\/galagar.com\/wp-content\/uploads\/2022\/02\/Maletin-Chemtane.jpg","datePublished":"2022-01-27T18:43:51+00:00","breadcrumb":{"@id":"https:\/\/galagar.com\/fr\/produit\/cas-aerogala\/#breadcrumb"},"inLanguage":"fr-FR","potentialAction":[{"@type":"ReadAction","target":["https:\/\/galagar.com\/fr\/produit\/cas-aerogala\/"]}]},{"@type":"ImageObject","inLanguage":"fr-FR","@id":"https:\/\/galagar.com\/fr\/produit\/cas-aerogala\/#primaryimage","url":"https:\/\/galagar.com\/wp-content\/uploads\/2022\/02\/Maletin-Chemtane.jpg","contentUrl":"https:\/\/galagar.com\/wp-content\/uploads\/2022\/02\/Maletin-Chemtane.jpg","width":640,"height":800},{"@type":"BreadcrumbList","@id":"https:\/\/galagar.com\/fr\/produit\/cas-aerogala\/#breadcrumb","itemListElement":[{"@type":"ListItem","position":1,"name":"Inicio","item":"https:\/\/galagar.com\/fr\/accueil\/"},{"@type":"ListItem","position":2,"name":"Boutique","item":"https:\/\/galagar.com\/fr\/boutique\/"},{"@type":"ListItem","position":3,"name":"Produits","item":"https:\/\/galagar.com\/fr\/tienda-online\/produits\/"},{"@type":"ListItem","position":4,"name":"Soudage flamme","item":"https:\/\/galagar.com\/fr\/tienda-online\/produits\/soudage-flamme\/"},{"@type":"ListItem","position":5,"name":"A\u00e9robutane","item":"https:\/\/galagar.com\/fr\/tienda-online\/produits\/soudage-flamme\/aerobutane\/"},{"@type":"ListItem","position":6,"name":"Cas Aerogala"}]},{"@type":"WebSite","@id":"https:\/\/galagar.com\/fr\/#website","url":"https:\/\/galagar.com\/fr\/","name":"GALA GAR - Productos de soldadura y reguladores de gas - Gas y soldadura","description":"Gala Gar es fabricante de tecnolog\u00eda competitiva para soldadura (MMA-TIG-MIG\/MAG-CORTE POR PLASMA), regulaci\u00f3n de gases, y para soldadura y corte por gas.","publisher":{"@id":"https:\/\/galagar.com\/fr\/#organization"},"potentialAction":[{"@type":"SearchAction","target":{"@type":"EntryPoint","urlTemplate":"https:\/\/galagar.com\/fr\/?s={search_term_string}"},"query-input":{"@type":"PropertyValueSpecification","valueRequired":true,"valueName":"search_term_string"}}],"inLanguage":"fr-FR"},{"@type":"Organization","@id":"https:\/\/galagar.com\/fr\/#organization","name":"GALA GAR welding","url":"https:\/\/galagar.com\/fr\/","logo":{"@type":"ImageObject","inLanguage":"fr-FR","@id":"https:\/\/galagar.com\/fr\/#\/schema\/logo\/image\/","url":"","contentUrl":"","caption":"GALA GAR welding"},"image":{"@id":"https:\/\/galagar.com\/fr\/#\/schema\/logo\/image\/"},"sameAs":["https:\/\/www.facebook.com\/galagarsoldadura\/","https:\/\/www.linkedin.com\/company\/gala-gar-sl\/?trk=biz-companies-cym","https:\/\/www.youtube.com\/user\/galagarsp","https:\/\/www.instagram.com\/galagar_soldadura\/?hl=es"]}]}},"_links":{"self":[{"href":"https:\/\/galagar.com\/fr\/wp-json\/wp\/v2\/product\/18030","targetHints":{"allow":["GET"]}}],"collection":[{"href":"https:\/\/galagar.com\/fr\/wp-json\/wp\/v2\/product"}],"about":[{"href":"https:\/\/galagar.com\/fr\/wp-json\/wp\/v2\/types\/product"}],"wp:featuredmedia":[{"embeddable":true,"href":"https:\/\/galagar.com\/fr\/wp-json\/wp\/v2\/media\/18038"}],"wp:attachment":[{"href":"https:\/\/galagar.com\/fr\/wp-json\/wp\/v2\/media?parent=18030"}],"wp:term":[{"taxonomy":"product_brand","embeddable":true,"href":"https:\/\/galagar.com\/fr\/wp-json\/wp\/v2\/product_brand?post=18030"},{"taxonomy":"product_cat","embeddable":true,"href":"https:\/\/galagar.com\/fr\/wp-json\/wp\/v2\/product_cat?post=18030"},{"taxonomy":"product_tag","embeddable":true,"href":"https:\/\/galagar.com\/fr\/wp-json\/wp\/v2\/product_tag?post=18030"}],"curies":[{"name":"wp","href":"https:\/\/api.w.org\/{rel}","templated":true}]}}