{"id":18034,"date":"2022-01-27T19:45:59","date_gmt":"2022-01-27T18:45:59","guid":{"rendered":"https:\/\/dev.galagar.com\/producto\/bras-flex-de-4-metres\/"},"modified":"2022-01-27T19:45:59","modified_gmt":"2022-01-27T18:45:59","slug":"bras-flexible-de-4-metres","status":"publish","type":"product","link":"https:\/\/galagar.com\/fr\/produit\/bras-flexible-de-4-metres\/","title":{"rendered":"Bras FLEX de 4 m\u00e8tres"},"content":{"rendered":"","protected":false},"excerpt":{"rendered":"<p>Le Flex-4 est un bras d&#8217;aspiration flexible dot\u00e9 d&#8217;une <em>hotte<\/em> rotative. Une vanne de r\u00e9gulation a \u00e9t\u00e9 int\u00e9gr\u00e9e dans la hotte. Elle peut \u00eatre enti\u00e8rement ouverte, partiellement ouverte ou enti\u00e8rement ferm\u00e9e pour contr\u00f4ler le flux d&#8217;air dans l&#8217;ouverture de la hotte.<\/p>\n<p>Le bras est dot\u00e9 d&#8217;un spoiler \u00e0 aspiration cibl\u00e9e qui dirige l&#8217;air vers le capot, compos\u00e9 de deux \u00e9l\u00e9ments fixes, synth\u00e9tiques et r\u00e9sistants aux chocs, avec le syst\u00e8me <em>EasyLift<\/em> incorpor\u00e9 dans les charni\u00e8res. Cela permet de d\u00e9placer facilement le bras d&#8217;aspiration.<\/p>\n<div class=\"product-info\">\n<p>Le Flex est disponible dans des longueurs de bras de 3 et 4 m et a une capacit\u00e9 d&#8217;aspiration de 600 \u00e0 1600 <sup>m3\/h.<\/sup> peut \u00eatre combin\u00e9 avec un ventilateur FAN-28.<br \/>\nLe Flex convient aux syst\u00e8mes d&#8217;extraction des fum\u00e9es de soudage fixes et mobiles.<\/p>\n<p><strong class=\"subsubtitle\">Caract\u00e9ristiques<br \/>\n<\/strong>Le syst\u00e8me <em>EasyLift<\/em> d\u00e9bloque le syst\u00e8me de friction de la charni\u00e8re centrale du bras, permettant un levage l\u00e9ger et sans friction du bras.<br \/>\nCapot d&#8217;aspiration rotatif \u00e0 360\u00b0 sans frottement avec <em>RotaHood<\/em> pour une installation facile<br \/>\nTubes plastiques industriels l\u00e9gers et r\u00e9sistants aux chocs<br \/>\nTubes lisses de \u00d8 200 mm en standard pour une capacit\u00e9 \u00e9lev\u00e9e avec une faible perte de charge<\/p>\n<\/div>\n","protected":false},"featured_media":18001,"template":"","meta":{"_acf_changed":false,"content-type":"","inline_featured_image":false,"_monsterinsights_skip_tracking":false,"_monsterinsights_sitenote_active":false,"_monsterinsights_sitenote_note":"","_monsterinsights_sitenote_category":0,"_joinchat":[]},"product_brand":[],"product_cat":[937,1495,1496],"product_tag":[],"class_list":{"0":"post-18034","1":"product","2":"type-product","3":"status-publish","4":"has-post-thumbnail","6":"product_cat-produits","7":"product_cat-aspiration-des-fumees","8":"product_cat-bras-aspiration","10":"first","11":"instock","12":"taxable","13":"shipping-taxable","14":"product-type-simple"},"acf":[],"yoast_head":"<!-- This site is optimized with the Yoast SEO plugin v26.4 - https:\/\/yoast.com\/wordpress\/plugins\/seo\/ -->\n<title>Bras FLEX de 4 m\u00e8tres | GALA GAR - Productos de soldadura y reguladores de gas - Gas y soldadura<\/title>\n<meta name=\"robots\" content=\"index, follow, max-snippet:-1, max-image-preview:large, max-video-preview:-1\" \/>\n<link rel=\"canonical\" href=\"https:\/\/galagar.com\/fr\/produit\/bras-flexible-de-4-metres\/\" \/>\n<meta property=\"og:locale\" content=\"fr_FR\" \/>\n<meta property=\"og:type\" content=\"article\" \/>\n<meta property=\"og:title\" content=\"Bras FLEX de 4 m\u00e8tres | GALA GAR - Productos de soldadura y reguladores de gas - Gas y soldadura\" \/>\n<meta property=\"og:description\" content=\"Le Flex-4 est un bras d&#039;aspiration flexible dot\u00e9 d&#039;une hotte rotative. Une vanne de r\u00e9gulation a \u00e9t\u00e9 int\u00e9gr\u00e9e dans la hotte. Elle peut \u00eatre enti\u00e8rement ouverte, partiellement ouverte ou enti\u00e8rement ferm\u00e9e pour contr\u00f4ler le flux d&#039;air dans l&#039;ouverture de la hotte. Le bras est dot\u00e9 d&#039;un spoiler \u00e0 aspiration cibl\u00e9e qui dirige l&#039;air vers le capot, compos\u00e9 de deux \u00e9l\u00e9ments fixes, synth\u00e9tiques et r\u00e9sistants aux chocs, avec le syst\u00e8me EasyLift incorpor\u00e9 dans les charni\u00e8res. Cela permet de d\u00e9placer facilement le bras d&#039;aspiration.  Le Flex est disponible dans des longueurs de bras de 3 et 4 m et a une capacit\u00e9 d&#039;aspiration de 600 \u00e0 1600 m3\/h. peut \u00eatre combin\u00e9 avec un ventilateur FAN-28. Le Flex convient aux syst\u00e8mes d&#039;extraction des fum\u00e9es de soudage fixes et mobiles. Caract\u00e9ristiques Le syst\u00e8me EasyLift d\u00e9bloque le syst\u00e8me de friction de la charni\u00e8re centrale du bras, permettant un levage l\u00e9ger et sans friction du bras. Capot d&#039;aspiration rotatif \u00e0 360\u00b0 sans frottement avec RotaHood pour une installation facile Tubes plastiques industriels l\u00e9gers et r\u00e9sistants aux chocs Tubes lisses de \u00d8 200 mm en standard pour une capacit\u00e9 \u00e9lev\u00e9e avec une faible perte de charge\" \/>\n<meta property=\"og:url\" content=\"https:\/\/galagar.com\/fr\/produit\/bras-flexible-de-4-metres\/\" \/>\n<meta property=\"og:site_name\" content=\"GALA GAR - Productos de soldadura y reguladores de gas - Gas y soldadura\" \/>\n<meta property=\"article:publisher\" content=\"https:\/\/www.facebook.com\/galagarsoldadura\/\" \/>\n<meta property=\"og:image\" content=\"https:\/\/galagar.com\/wp-content\/uploads\/2023\/04\/Brazo_3-4m.jpg\" \/>\n\t<meta property=\"og:image:width\" content=\"640\" \/>\n\t<meta property=\"og:image:height\" content=\"800\" \/>\n\t<meta property=\"og:image:type\" content=\"image\/jpeg\" \/>\n<meta name=\"twitter:card\" content=\"summary_large_image\" \/>\n<script type=\"application\/ld+json\" class=\"yoast-schema-graph\">{\"@context\":\"https:\/\/schema.org\",\"@graph\":[{\"@type\":\"WebPage\",\"@id\":\"https:\/\/galagar.com\/fr\/produit\/bras-flexible-de-4-metres\/\",\"url\":\"https:\/\/galagar.com\/fr\/produit\/bras-flexible-de-4-metres\/\",\"name\":\"Bras FLEX de 4 m\u00e8tres | GALA GAR - Productos de soldadura y reguladores de gas - Gas y soldadura\",\"isPartOf\":{\"@id\":\"https:\/\/galagar.com\/fr\/#website\"},\"primaryImageOfPage\":{\"@id\":\"https:\/\/galagar.com\/fr\/produit\/bras-flexible-de-4-metres\/#primaryimage\"},\"image\":{\"@id\":\"https:\/\/galagar.com\/fr\/produit\/bras-flexible-de-4-metres\/#primaryimage\"},\"thumbnailUrl\":\"https:\/\/galagar.com\/wp-content\/uploads\/2023\/04\/Brazo_3-4m.jpg\",\"datePublished\":\"2022-01-27T18:45:59+00:00\",\"breadcrumb\":{\"@id\":\"https:\/\/galagar.com\/fr\/produit\/bras-flexible-de-4-metres\/#breadcrumb\"},\"inLanguage\":\"fr-FR\",\"potentialAction\":[{\"@type\":\"ReadAction\",\"target\":[\"https:\/\/galagar.com\/fr\/produit\/bras-flexible-de-4-metres\/\"]}]},{\"@type\":\"ImageObject\",\"inLanguage\":\"fr-FR\",\"@id\":\"https:\/\/galagar.com\/fr\/produit\/bras-flexible-de-4-metres\/#primaryimage\",\"url\":\"https:\/\/galagar.com\/wp-content\/uploads\/2023\/04\/Brazo_3-4m.jpg\",\"contentUrl\":\"https:\/\/galagar.com\/wp-content\/uploads\/2023\/04\/Brazo_3-4m.jpg\",\"width\":640,\"height\":800},{\"@type\":\"BreadcrumbList\",\"@id\":\"https:\/\/galagar.com\/fr\/produit\/bras-flexible-de-4-metres\/#breadcrumb\",\"itemListElement\":[{\"@type\":\"ListItem\",\"position\":1,\"name\":\"Inicio\",\"item\":\"https:\/\/galagar.com\/fr\/accueil\/\"},{\"@type\":\"ListItem\",\"position\":2,\"name\":\"Boutique\",\"item\":\"https:\/\/galagar.com\/fr\/boutique\/\"},{\"@type\":\"ListItem\",\"position\":3,\"name\":\"Produits\",\"item\":\"https:\/\/galagar.com\/fr\/tienda-online\/produits\/\"},{\"@type\":\"ListItem\",\"position\":4,\"name\":\"Protection\",\"item\":\"https:\/\/galagar.com\/fr\/tienda-online\/produits\/protection\/\"},{\"@type\":\"ListItem\",\"position\":5,\"name\":\"Aspiration des fum\u00e9es\",\"item\":\"https:\/\/galagar.com\/fr\/tienda-online\/produits\/protection\/aspiration-des-fumees\/\"},{\"@type\":\"ListItem\",\"position\":6,\"name\":\"Bras d'aspiration\",\"item\":\"https:\/\/galagar.com\/fr\/tienda-online\/produits\/protection\/aspiration-des-fumees\/bras-aspiration\/\"},{\"@type\":\"ListItem\",\"position\":7,\"name\":\"Bras FLEX de 4 m\u00e8tres\"}]},{\"@type\":\"WebSite\",\"@id\":\"https:\/\/galagar.com\/fr\/#website\",\"url\":\"https:\/\/galagar.com\/fr\/\",\"name\":\"GALA GAR - Productos de soldadura y reguladores de gas - Gas y soldadura\",\"description\":\"Gala Gar es fabricante de tecnolog\u00eda competitiva para soldadura (MMA-TIG-MIG\/MAG-CORTE POR PLASMA), regulaci\u00f3n de gases, y para soldadura y corte por gas.\",\"publisher\":{\"@id\":\"https:\/\/galagar.com\/fr\/#organization\"},\"potentialAction\":[{\"@type\":\"SearchAction\",\"target\":{\"@type\":\"EntryPoint\",\"urlTemplate\":\"https:\/\/galagar.com\/fr\/?s={search_term_string}\"},\"query-input\":{\"@type\":\"PropertyValueSpecification\",\"valueRequired\":true,\"valueName\":\"search_term_string\"}}],\"inLanguage\":\"fr-FR\"},{\"@type\":\"Organization\",\"@id\":\"https:\/\/galagar.com\/fr\/#organization\",\"name\":\"GALA GAR welding\",\"url\":\"https:\/\/galagar.com\/fr\/\",\"logo\":{\"@type\":\"ImageObject\",\"inLanguage\":\"fr-FR\",\"@id\":\"https:\/\/galagar.com\/fr\/#\/schema\/logo\/image\/\",\"url\":\"\",\"contentUrl\":\"\",\"caption\":\"GALA GAR welding\"},\"image\":{\"@id\":\"https:\/\/galagar.com\/fr\/#\/schema\/logo\/image\/\"},\"sameAs\":[\"https:\/\/www.facebook.com\/galagarsoldadura\/\",\"https:\/\/www.linkedin.com\/company\/gala-gar-sl\/?trk=biz-companies-cym\",\"https:\/\/www.youtube.com\/user\/galagarsp\",\"https:\/\/www.instagram.com\/galagar_soldadura\/?hl=es\"]}]}<\/script>\n<!-- \/ Yoast SEO plugin. -->","yoast_head_json":{"title":"Bras FLEX de 4 m\u00e8tres | GALA GAR - Productos de soldadura y reguladores de gas - Gas y soldadura","robots":{"index":"index","follow":"follow","max-snippet":"max-snippet:-1","max-image-preview":"max-image-preview:large","max-video-preview":"max-video-preview:-1"},"canonical":"https:\/\/galagar.com\/fr\/produit\/bras-flexible-de-4-metres\/","og_locale":"fr_FR","og_type":"article","og_title":"Bras FLEX de 4 m\u00e8tres | GALA GAR - Productos de soldadura y reguladores de gas - Gas y soldadura","og_description":"Le Flex-4 est un bras d'aspiration flexible dot\u00e9 d'une hotte rotative. Une vanne de r\u00e9gulation a \u00e9t\u00e9 int\u00e9gr\u00e9e dans la hotte. Elle peut \u00eatre enti\u00e8rement ouverte, partiellement ouverte ou enti\u00e8rement ferm\u00e9e pour contr\u00f4ler le flux d'air dans l'ouverture de la hotte. Le bras est dot\u00e9 d'un spoiler \u00e0 aspiration cibl\u00e9e qui dirige l'air vers le capot, compos\u00e9 de deux \u00e9l\u00e9ments fixes, synth\u00e9tiques et r\u00e9sistants aux chocs, avec le syst\u00e8me EasyLift incorpor\u00e9 dans les charni\u00e8res. Cela permet de d\u00e9placer facilement le bras d'aspiration.  Le Flex est disponible dans des longueurs de bras de 3 et 4 m et a une capacit\u00e9 d'aspiration de 600 \u00e0 1600 m3\/h. peut \u00eatre combin\u00e9 avec un ventilateur FAN-28. Le Flex convient aux syst\u00e8mes d'extraction des fum\u00e9es de soudage fixes et mobiles. Caract\u00e9ristiques Le syst\u00e8me EasyLift d\u00e9bloque le syst\u00e8me de friction de la charni\u00e8re centrale du bras, permettant un levage l\u00e9ger et sans friction du bras. Capot d'aspiration rotatif \u00e0 360\u00b0 sans frottement avec RotaHood pour une installation facile Tubes plastiques industriels l\u00e9gers et r\u00e9sistants aux chocs Tubes lisses de \u00d8 200 mm en standard pour une capacit\u00e9 \u00e9lev\u00e9e avec une faible perte de charge","og_url":"https:\/\/galagar.com\/fr\/produit\/bras-flexible-de-4-metres\/","og_site_name":"GALA GAR - Productos de soldadura y reguladores de gas - Gas y soldadura","article_publisher":"https:\/\/www.facebook.com\/galagarsoldadura\/","og_image":[{"width":640,"height":800,"url":"https:\/\/galagar.com\/wp-content\/uploads\/2023\/04\/Brazo_3-4m.jpg","type":"image\/jpeg"}],"twitter_card":"summary_large_image","schema":{"@context":"https:\/\/schema.org","@graph":[{"@type":"WebPage","@id":"https:\/\/galagar.com\/fr\/produit\/bras-flexible-de-4-metres\/","url":"https:\/\/galagar.com\/fr\/produit\/bras-flexible-de-4-metres\/","name":"Bras FLEX de 4 m\u00e8tres | GALA GAR - Productos de soldadura y reguladores de gas - Gas y soldadura","isPartOf":{"@id":"https:\/\/galagar.com\/fr\/#website"},"primaryImageOfPage":{"@id":"https:\/\/galagar.com\/fr\/produit\/bras-flexible-de-4-metres\/#primaryimage"},"image":{"@id":"https:\/\/galagar.com\/fr\/produit\/bras-flexible-de-4-metres\/#primaryimage"},"thumbnailUrl":"https:\/\/galagar.com\/wp-content\/uploads\/2023\/04\/Brazo_3-4m.jpg","datePublished":"2022-01-27T18:45:59+00:00","breadcrumb":{"@id":"https:\/\/galagar.com\/fr\/produit\/bras-flexible-de-4-metres\/#breadcrumb"},"inLanguage":"fr-FR","potentialAction":[{"@type":"ReadAction","target":["https:\/\/galagar.com\/fr\/produit\/bras-flexible-de-4-metres\/"]}]},{"@type":"ImageObject","inLanguage":"fr-FR","@id":"https:\/\/galagar.com\/fr\/produit\/bras-flexible-de-4-metres\/#primaryimage","url":"https:\/\/galagar.com\/wp-content\/uploads\/2023\/04\/Brazo_3-4m.jpg","contentUrl":"https:\/\/galagar.com\/wp-content\/uploads\/2023\/04\/Brazo_3-4m.jpg","width":640,"height":800},{"@type":"BreadcrumbList","@id":"https:\/\/galagar.com\/fr\/produit\/bras-flexible-de-4-metres\/#breadcrumb","itemListElement":[{"@type":"ListItem","position":1,"name":"Inicio","item":"https:\/\/galagar.com\/fr\/accueil\/"},{"@type":"ListItem","position":2,"name":"Boutique","item":"https:\/\/galagar.com\/fr\/boutique\/"},{"@type":"ListItem","position":3,"name":"Produits","item":"https:\/\/galagar.com\/fr\/tienda-online\/produits\/"},{"@type":"ListItem","position":4,"name":"Protection","item":"https:\/\/galagar.com\/fr\/tienda-online\/produits\/protection\/"},{"@type":"ListItem","position":5,"name":"Aspiration des fum\u00e9es","item":"https:\/\/galagar.com\/fr\/tienda-online\/produits\/protection\/aspiration-des-fumees\/"},{"@type":"ListItem","position":6,"name":"Bras d'aspiration","item":"https:\/\/galagar.com\/fr\/tienda-online\/produits\/protection\/aspiration-des-fumees\/bras-aspiration\/"},{"@type":"ListItem","position":7,"name":"Bras FLEX de 4 m\u00e8tres"}]},{"@type":"WebSite","@id":"https:\/\/galagar.com\/fr\/#website","url":"https:\/\/galagar.com\/fr\/","name":"GALA GAR - Productos de soldadura y reguladores de gas - Gas y soldadura","description":"Gala Gar es fabricante de tecnolog\u00eda competitiva para soldadura (MMA-TIG-MIG\/MAG-CORTE POR PLASMA), regulaci\u00f3n de gases, y para soldadura y corte por gas.","publisher":{"@id":"https:\/\/galagar.com\/fr\/#organization"},"potentialAction":[{"@type":"SearchAction","target":{"@type":"EntryPoint","urlTemplate":"https:\/\/galagar.com\/fr\/?s={search_term_string}"},"query-input":{"@type":"PropertyValueSpecification","valueRequired":true,"valueName":"search_term_string"}}],"inLanguage":"fr-FR"},{"@type":"Organization","@id":"https:\/\/galagar.com\/fr\/#organization","name":"GALA GAR welding","url":"https:\/\/galagar.com\/fr\/","logo":{"@type":"ImageObject","inLanguage":"fr-FR","@id":"https:\/\/galagar.com\/fr\/#\/schema\/logo\/image\/","url":"","contentUrl":"","caption":"GALA GAR welding"},"image":{"@id":"https:\/\/galagar.com\/fr\/#\/schema\/logo\/image\/"},"sameAs":["https:\/\/www.facebook.com\/galagarsoldadura\/","https:\/\/www.linkedin.com\/company\/gala-gar-sl\/?trk=biz-companies-cym","https:\/\/www.youtube.com\/user\/galagarsp","https:\/\/www.instagram.com\/galagar_soldadura\/?hl=es"]}]}},"_links":{"self":[{"href":"https:\/\/galagar.com\/fr\/wp-json\/wp\/v2\/product\/18034","targetHints":{"allow":["GET"]}}],"collection":[{"href":"https:\/\/galagar.com\/fr\/wp-json\/wp\/v2\/product"}],"about":[{"href":"https:\/\/galagar.com\/fr\/wp-json\/wp\/v2\/types\/product"}],"wp:featuredmedia":[{"embeddable":true,"href":"https:\/\/galagar.com\/fr\/wp-json\/wp\/v2\/media\/18001"}],"wp:attachment":[{"href":"https:\/\/galagar.com\/fr\/wp-json\/wp\/v2\/media?parent=18034"}],"wp:term":[{"taxonomy":"product_brand","embeddable":true,"href":"https:\/\/galagar.com\/fr\/wp-json\/wp\/v2\/product_brand?post=18034"},{"taxonomy":"product_cat","embeddable":true,"href":"https:\/\/galagar.com\/fr\/wp-json\/wp\/v2\/product_cat?post=18034"},{"taxonomy":"product_tag","embeddable":true,"href":"https:\/\/galagar.com\/fr\/wp-json\/wp\/v2\/product_tag?post=18034"}],"curies":[{"name":"wp","href":"https:\/\/api.w.org\/{rel}","templated":true}]}}