{"id":18036,"date":"2022-01-27T19:43:16","date_gmt":"2022-01-27T18:43:16","guid":{"rendered":"https:\/\/dev.galagar.com\/producto\/aspirateurs-stationnaires-a-double-bras\/"},"modified":"2023-04-28T12:44:38","modified_gmt":"2023-04-28T10:44:38","slug":"aspirateurs-stationnaires-a-double-bras","status":"publish","type":"product","link":"https:\/\/galagar.com\/fr\/produit\/aspirateurs-stationnaires-a-double-bras\/","title":{"rendered":"Aspirateurs stationnaires \u00e0 double bras"},"content":{"rendered":"<div class=\"fusion-fullwidth fullwidth-box fusion-builder-row-1 fusion-flex-container nonhundred-percent-fullwidth non-hundred-percent-height-scrolling\" style=\"--awb-border-radius-top-left:0px;--awb-border-radius-top-right:0px;--awb-border-radius-bottom-right:0px;--awb-border-radius-bottom-left:0px;--awb-padding-right:0px;--awb-padding-left:0px;--awb-flex-wrap:wrap;\" ><div class=\"fusion-builder-row fusion-row fusion-flex-align-items-flex-start fusion-flex-content-wrap\" style=\"max-width:1216.8px;margin-left: calc(-4% \/ 2 );margin-right: calc(-4% \/ 2 );\"><div class=\"fusion-layout-column fusion_builder_column fusion-builder-column-0 fusion_builder_column_3_5 3_5 fusion-flex-column\" style=\"--awb-bg-size:cover;--awb-width-large:60%;--awb-margin-top-large:0px;--awb-spacing-right-large:3.2%;--awb-margin-bottom-large:20px;--awb-spacing-left-large:3.2%;--awb-width-medium:100%;--awb-order-medium:0;--awb-spacing-right-medium:1.92%;--awb-spacing-left-medium:1.92%;--awb-width-small:100%;--awb-order-small:0;--awb-spacing-right-small:1.92%;--awb-spacing-left-small:1.92%;\"><div class=\"fusion-column-wrapper fusion-column-has-shadow fusion-flex-justify-content-flex-start fusion-content-layout-column\">\n<div class=\"table-2 gal-textos-menores\">\n<table width=\"100%\">\n<thead>\n<tr>\n<th align=\"left\">Caract\u00e9ristiques<\/th>\n<th align=\"left\"><\/th>\n<\/tr>\n<\/thead>\n<tbody>\n<tr>\n<td>Tension d&#8217;alimentation<\/td>\n<td>3 Ph \/ 400 V \/50 Hz<\/td>\n<\/tr>\n<tr>\n<td>Puissance<\/td>\n<td>2,2 kw<\/td>\n<\/tr>\n<tr>\n<td>Capacit\u00e9 d&#8217;aspiration<\/td>\n<td>1 700 m&amp;sup3\/h.<\/td>\n<\/tr>\n<tr>\n<td>Niveau sonore<\/td>\n<td>79 db<\/td>\n<\/tr>\n<tr>\n<td>R\u00e9gime du moteur<\/td>\n<td>2 800 TR\/MIN<\/td>\n<\/tr>\n<tr>\n<td>Dimensions<\/td>\n<td>633 x 1 011 x 746 mm.<\/td>\n<\/tr>\n<tr>\n<td>Poids sans bras<\/td>\n<td>125 Kg.<\/td>\n<\/tr>\n<\/tbody>\n<\/table>\n<\/div>\n<\/div><\/div><div class=\"fusion-layout-column fusion_builder_column fusion-builder-column-1 fusion_builder_column_2_5 2_5 fusion-flex-column\" style=\"--awb-bg-size:cover;--awb-width-large:40%;--awb-margin-top-large:0px;--awb-spacing-right-large:4.8%;--awb-margin-bottom-large:20px;--awb-spacing-left-large:4.8%;--awb-width-medium:100%;--awb-order-medium:0;--awb-spacing-right-medium:1.92%;--awb-spacing-left-medium:1.92%;--awb-width-small:100%;--awb-order-small:0;--awb-spacing-right-small:1.92%;--awb-spacing-left-small:1.92%;\"><div class=\"fusion-column-wrapper fusion-column-has-shadow fusion-flex-justify-content-flex-start fusion-content-layout-column\"><div class=\"fusion-text fusion-text-1\"><h3><span style=\"color: #993300;\">Deux versions<\/span><\/h3>\n<p>Mod\u00e8le \u00e0 bras flexible : deux bras de tuyaux flexibles sont reli\u00e9s \u00e0 l&#8217;unit\u00e9 de filtration. Ce bras pour tuyau flexible, un EconomyArm, est le choix \u00e9conomique recommand\u00e9 pour les activit\u00e9s de soudage l\u00e9g\u00e8res.<\/p>\n<p>Mod\u00e8le avec bras en aluminium : Cet appareil est fourni avec deux bras en aluminium. Ces bras sont le premier choix de nos clients, gr\u00e2ce \u00e0 leur facilit\u00e9 d&#8217;utilisation, leur flexibilit\u00e9 et leur simplicit\u00e9 de manipulation.<\/p>\n<\/div><\/div><\/div><\/div><\/div>\n","protected":false},"excerpt":{"rendered":"<p class=\"textosubtitulosficha margintop5\"><strong>Description<\/strong><br \/>\nLes aspirateurs stationnaires \u00e0 deux bras sont des unit\u00e9s de filtration stationnaires dot\u00e9es d&#8217;un ventilateur int\u00e9gr\u00e9 et de deux bras d&#8217;aspiration. Le filtre est jetable.<br \/>\nIl est con\u00e7u pour des activit\u00e9s de soudage occasionnelles et r\u00e9guli\u00e8res (environ 1 bobine de fil solide ou 7,5 kg d&#8217;\u00e9lectrodes par poste de travail et par mois) et pour le soudage TIG.<\/p>\n<p><strong>Avantages :<br \/>\n<\/strong>Excellent rapport qualit\u00e9-prix<br \/>\nProtection efficace contre l&#8217;exposition aux fum\u00e9es de soudage<br \/>\nConforme \u00e0 la norme NEN EN ISO 15012-1:2013\/W3<br \/>\nConvient aux applications de soudage de l&#8217;acier et de l&#8217;acier inoxydable<\/p>\n<p><strong class=\"subsubtitle\">Applications :<br \/>\n<\/strong>Activit\u00e9s de soudage l\u00e9g\u00e8res ou occasionnelles<br \/>\nSoudage de l&#8217;acier ou de l&#8217;acier inoxydable &#8211; Soudage TIG<br \/>\nAteliers de r\u00e9paration automobile &#8211; Secteur agricole<br \/>\n\u00c9coles de soudage &#8211; Coll\u00e8ges techniques<\/p>\n","protected":false},"featured_media":18039,"template":"","meta":{"_acf_changed":false,"content-type":"","inline_featured_image":false,"_monsterinsights_skip_tracking":false,"_monsterinsights_sitenote_active":false,"_monsterinsights_sitenote_note":"","_monsterinsights_sitenote_category":0,"_joinchat":[]},"product_brand":[],"product_cat":[937,1224,1495,1502],"product_tag":[],"class_list":{"0":"post-18036","1":"product","2":"type-product","3":"status-publish","4":"has-post-thumbnail","6":"product_cat-produits","7":"product_cat-protection","8":"product_cat-aspiration-des-fumees","9":"product_cat-aspirateurs-avec-filtres","11":"first","12":"instock","13":"taxable","14":"shipping-taxable","15":"product-type-variable"},"acf":[],"yoast_head":"<!-- This site is optimized with the Yoast SEO plugin v26.4 - https:\/\/yoast.com\/wordpress\/plugins\/seo\/ -->\n<title>Aspirateurs stationnaires \u00e0 double bras | GALA GAR - Productos de soldadura y reguladores de gas - Gas y soldadura<\/title>\n<meta name=\"robots\" content=\"index, follow, max-snippet:-1, max-image-preview:large, max-video-preview:-1\" \/>\n<link rel=\"canonical\" href=\"https:\/\/galagar.com\/fr\/produit\/aspirateurs-stationnaires-a-double-bras\/\" \/>\n<meta property=\"og:locale\" content=\"fr_FR\" \/>\n<meta property=\"og:type\" content=\"article\" \/>\n<meta property=\"og:title\" content=\"Aspirateurs stationnaires \u00e0 double bras | GALA GAR - Productos de soldadura y reguladores de gas - Gas y soldadura\" \/>\n<meta property=\"og:description\" content=\"Description Les aspirateurs stationnaires \u00e0 deux bras sont des unit\u00e9s de filtration stationnaires dot\u00e9es d&#039;un ventilateur int\u00e9gr\u00e9 et de deux bras d&#039;aspiration. Le filtre est jetable. Il est con\u00e7u pour des activit\u00e9s de soudage occasionnelles et r\u00e9guli\u00e8res (environ 1 bobine de fil solide ou 7,5 kg d&#039;\u00e9lectrodes par poste de travail et par mois) et pour le soudage TIG. Avantages : Excellent rapport qualit\u00e9-prix Protection efficace contre l&#039;exposition aux fum\u00e9es de soudage Conforme \u00e0 la norme NEN EN ISO 15012-1:2013\/W3 Convient aux applications de soudage de l&#039;acier et de l&#039;acier inoxydable Applications : Activit\u00e9s de soudage l\u00e9g\u00e8res ou occasionnelles Soudage de l&#039;acier ou de l&#039;acier inoxydable - Soudage TIG Ateliers de r\u00e9paration automobile - Secteur agricole \u00c9coles de soudage - Coll\u00e8ges techniques\" \/>\n<meta property=\"og:url\" content=\"https:\/\/galagar.com\/fr\/produit\/aspirateurs-stationnaires-a-double-bras\/\" \/>\n<meta property=\"og:site_name\" content=\"GALA GAR - Productos de soldadura y reguladores de gas - Gas y soldadura\" \/>\n<meta property=\"article:publisher\" content=\"https:\/\/www.facebook.com\/galagarsoldadura\/\" \/>\n<meta property=\"article:modified_time\" content=\"2023-04-28T10:44:38+00:00\" \/>\n<meta property=\"og:image\" content=\"https:\/\/galagar.com\/wp-content\/uploads\/2022\/01\/Fijos-DobleBrazo_1.jpg\" \/>\n\t<meta property=\"og:image:width\" content=\"640\" \/>\n\t<meta property=\"og:image:height\" content=\"800\" \/>\n\t<meta property=\"og:image:type\" content=\"image\/jpeg\" \/>\n<meta name=\"twitter:card\" content=\"summary_large_image\" \/>\n<meta name=\"twitter:label1\" content=\"Dur\u00e9e de lecture estim\u00e9e\" \/>\n\t<meta name=\"twitter:data1\" content=\"3 minutes\" \/>\n<script type=\"application\/ld+json\" class=\"yoast-schema-graph\">{\"@context\":\"https:\/\/schema.org\",\"@graph\":[{\"@type\":\"WebPage\",\"@id\":\"https:\/\/galagar.com\/fr\/produit\/aspirateurs-stationnaires-a-double-bras\/\",\"url\":\"https:\/\/galagar.com\/fr\/produit\/aspirateurs-stationnaires-a-double-bras\/\",\"name\":\"Aspirateurs stationnaires \u00e0 double bras | GALA GAR - Productos de soldadura y reguladores de gas - Gas y soldadura\",\"isPartOf\":{\"@id\":\"https:\/\/galagar.com\/fr\/#website\"},\"primaryImageOfPage\":{\"@id\":\"https:\/\/galagar.com\/fr\/produit\/aspirateurs-stationnaires-a-double-bras\/#primaryimage\"},\"image\":{\"@id\":\"https:\/\/galagar.com\/fr\/produit\/aspirateurs-stationnaires-a-double-bras\/#primaryimage\"},\"thumbnailUrl\":\"https:\/\/galagar.com\/wp-content\/uploads\/2022\/01\/Fijos-DobleBrazo_1.jpg\",\"datePublished\":\"2022-01-27T18:43:16+00:00\",\"dateModified\":\"2023-04-28T10:44:38+00:00\",\"breadcrumb\":{\"@id\":\"https:\/\/galagar.com\/fr\/produit\/aspirateurs-stationnaires-a-double-bras\/#breadcrumb\"},\"inLanguage\":\"fr-FR\",\"potentialAction\":[{\"@type\":\"ReadAction\",\"target\":[\"https:\/\/galagar.com\/fr\/produit\/aspirateurs-stationnaires-a-double-bras\/\"]}]},{\"@type\":\"ImageObject\",\"inLanguage\":\"fr-FR\",\"@id\":\"https:\/\/galagar.com\/fr\/produit\/aspirateurs-stationnaires-a-double-bras\/#primaryimage\",\"url\":\"https:\/\/galagar.com\/wp-content\/uploads\/2022\/01\/Fijos-DobleBrazo_1.jpg\",\"contentUrl\":\"https:\/\/galagar.com\/wp-content\/uploads\/2022\/01\/Fijos-DobleBrazo_1.jpg\",\"width\":640,\"height\":800},{\"@type\":\"BreadcrumbList\",\"@id\":\"https:\/\/galagar.com\/fr\/produit\/aspirateurs-stationnaires-a-double-bras\/#breadcrumb\",\"itemListElement\":[{\"@type\":\"ListItem\",\"position\":1,\"name\":\"Inicio\",\"item\":\"https:\/\/galagar.com\/fr\/accueil\/\"},{\"@type\":\"ListItem\",\"position\":2,\"name\":\"Boutique\",\"item\":\"https:\/\/galagar.com\/fr\/boutique\/\"},{\"@type\":\"ListItem\",\"position\":3,\"name\":\"Produits\",\"item\":\"https:\/\/galagar.com\/fr\/tienda-online\/produits\/\"},{\"@type\":\"ListItem\",\"position\":4,\"name\":\"Protection\",\"item\":\"https:\/\/galagar.com\/fr\/tienda-online\/produits\/protection\/\"},{\"@type\":\"ListItem\",\"position\":5,\"name\":\"Aspiration des fum\u00e9es\",\"item\":\"https:\/\/galagar.com\/fr\/tienda-online\/produits\/protection\/aspiration-des-fumees\/\"},{\"@type\":\"ListItem\",\"position\":6,\"name\":\"Aspirateurs avec filtres\",\"item\":\"https:\/\/galagar.com\/fr\/tienda-online\/produits\/protection\/aspiration-des-fumees\/aspirateurs-avec-filtres\/\"},{\"@type\":\"ListItem\",\"position\":7,\"name\":\"Aspirateurs stationnaires \u00e0 double bras\"}]},{\"@type\":\"WebSite\",\"@id\":\"https:\/\/galagar.com\/fr\/#website\",\"url\":\"https:\/\/galagar.com\/fr\/\",\"name\":\"GALA GAR - Productos de soldadura y reguladores de gas - Gas y soldadura\",\"description\":\"Gala Gar es fabricante de tecnolog\u00eda competitiva para soldadura (MMA-TIG-MIG\/MAG-CORTE POR PLASMA), regulaci\u00f3n de gases, y para soldadura y corte por gas.\",\"publisher\":{\"@id\":\"https:\/\/galagar.com\/fr\/#organization\"},\"potentialAction\":[{\"@type\":\"SearchAction\",\"target\":{\"@type\":\"EntryPoint\",\"urlTemplate\":\"https:\/\/galagar.com\/fr\/?s={search_term_string}\"},\"query-input\":{\"@type\":\"PropertyValueSpecification\",\"valueRequired\":true,\"valueName\":\"search_term_string\"}}],\"inLanguage\":\"fr-FR\"},{\"@type\":\"Organization\",\"@id\":\"https:\/\/galagar.com\/fr\/#organization\",\"name\":\"GALA GAR welding\",\"url\":\"https:\/\/galagar.com\/fr\/\",\"logo\":{\"@type\":\"ImageObject\",\"inLanguage\":\"fr-FR\",\"@id\":\"https:\/\/galagar.com\/fr\/#\/schema\/logo\/image\/\",\"url\":\"\",\"contentUrl\":\"\",\"caption\":\"GALA GAR welding\"},\"image\":{\"@id\":\"https:\/\/galagar.com\/fr\/#\/schema\/logo\/image\/\"},\"sameAs\":[\"https:\/\/www.facebook.com\/galagarsoldadura\/\",\"https:\/\/www.linkedin.com\/company\/gala-gar-sl\/?trk=biz-companies-cym\",\"https:\/\/www.youtube.com\/user\/galagarsp\",\"https:\/\/www.instagram.com\/galagar_soldadura\/?hl=es\"]}]}<\/script>\n<!-- \/ Yoast SEO plugin. -->","yoast_head_json":{"title":"Aspirateurs stationnaires \u00e0 double bras | GALA GAR - Productos de soldadura y reguladores de gas - Gas y soldadura","robots":{"index":"index","follow":"follow","max-snippet":"max-snippet:-1","max-image-preview":"max-image-preview:large","max-video-preview":"max-video-preview:-1"},"canonical":"https:\/\/galagar.com\/fr\/produit\/aspirateurs-stationnaires-a-double-bras\/","og_locale":"fr_FR","og_type":"article","og_title":"Aspirateurs stationnaires \u00e0 double bras | GALA GAR - Productos de soldadura y reguladores de gas - Gas y soldadura","og_description":"Description Les aspirateurs stationnaires \u00e0 deux bras sont des unit\u00e9s de filtration stationnaires dot\u00e9es d'un ventilateur int\u00e9gr\u00e9 et de deux bras d'aspiration. Le filtre est jetable. Il est con\u00e7u pour des activit\u00e9s de soudage occasionnelles et r\u00e9guli\u00e8res (environ 1 bobine de fil solide ou 7,5 kg d'\u00e9lectrodes par poste de travail et par mois) et pour le soudage TIG. Avantages : Excellent rapport qualit\u00e9-prix Protection efficace contre l'exposition aux fum\u00e9es de soudage Conforme \u00e0 la norme NEN EN ISO 15012-1:2013\/W3 Convient aux applications de soudage de l'acier et de l'acier inoxydable Applications : Activit\u00e9s de soudage l\u00e9g\u00e8res ou occasionnelles Soudage de l'acier ou de l'acier inoxydable - Soudage TIG Ateliers de r\u00e9paration automobile - Secteur agricole \u00c9coles de soudage - Coll\u00e8ges techniques","og_url":"https:\/\/galagar.com\/fr\/produit\/aspirateurs-stationnaires-a-double-bras\/","og_site_name":"GALA GAR - Productos de soldadura y reguladores de gas - Gas y soldadura","article_publisher":"https:\/\/www.facebook.com\/galagarsoldadura\/","article_modified_time":"2023-04-28T10:44:38+00:00","og_image":[{"width":640,"height":800,"url":"https:\/\/galagar.com\/wp-content\/uploads\/2022\/01\/Fijos-DobleBrazo_1.jpg","type":"image\/jpeg"}],"twitter_card":"summary_large_image","twitter_misc":{"Dur\u00e9e de lecture estim\u00e9e":"3 minutes"},"schema":{"@context":"https:\/\/schema.org","@graph":[{"@type":"WebPage","@id":"https:\/\/galagar.com\/fr\/produit\/aspirateurs-stationnaires-a-double-bras\/","url":"https:\/\/galagar.com\/fr\/produit\/aspirateurs-stationnaires-a-double-bras\/","name":"Aspirateurs stationnaires \u00e0 double bras | GALA GAR - Productos de soldadura y reguladores de gas - Gas y soldadura","isPartOf":{"@id":"https:\/\/galagar.com\/fr\/#website"},"primaryImageOfPage":{"@id":"https:\/\/galagar.com\/fr\/produit\/aspirateurs-stationnaires-a-double-bras\/#primaryimage"},"image":{"@id":"https:\/\/galagar.com\/fr\/produit\/aspirateurs-stationnaires-a-double-bras\/#primaryimage"},"thumbnailUrl":"https:\/\/galagar.com\/wp-content\/uploads\/2022\/01\/Fijos-DobleBrazo_1.jpg","datePublished":"2022-01-27T18:43:16+00:00","dateModified":"2023-04-28T10:44:38+00:00","breadcrumb":{"@id":"https:\/\/galagar.com\/fr\/produit\/aspirateurs-stationnaires-a-double-bras\/#breadcrumb"},"inLanguage":"fr-FR","potentialAction":[{"@type":"ReadAction","target":["https:\/\/galagar.com\/fr\/produit\/aspirateurs-stationnaires-a-double-bras\/"]}]},{"@type":"ImageObject","inLanguage":"fr-FR","@id":"https:\/\/galagar.com\/fr\/produit\/aspirateurs-stationnaires-a-double-bras\/#primaryimage","url":"https:\/\/galagar.com\/wp-content\/uploads\/2022\/01\/Fijos-DobleBrazo_1.jpg","contentUrl":"https:\/\/galagar.com\/wp-content\/uploads\/2022\/01\/Fijos-DobleBrazo_1.jpg","width":640,"height":800},{"@type":"BreadcrumbList","@id":"https:\/\/galagar.com\/fr\/produit\/aspirateurs-stationnaires-a-double-bras\/#breadcrumb","itemListElement":[{"@type":"ListItem","position":1,"name":"Inicio","item":"https:\/\/galagar.com\/fr\/accueil\/"},{"@type":"ListItem","position":2,"name":"Boutique","item":"https:\/\/galagar.com\/fr\/boutique\/"},{"@type":"ListItem","position":3,"name":"Produits","item":"https:\/\/galagar.com\/fr\/tienda-online\/produits\/"},{"@type":"ListItem","position":4,"name":"Protection","item":"https:\/\/galagar.com\/fr\/tienda-online\/produits\/protection\/"},{"@type":"ListItem","position":5,"name":"Aspiration des fum\u00e9es","item":"https:\/\/galagar.com\/fr\/tienda-online\/produits\/protection\/aspiration-des-fumees\/"},{"@type":"ListItem","position":6,"name":"Aspirateurs avec filtres","item":"https:\/\/galagar.com\/fr\/tienda-online\/produits\/protection\/aspiration-des-fumees\/aspirateurs-avec-filtres\/"},{"@type":"ListItem","position":7,"name":"Aspirateurs stationnaires \u00e0 double bras"}]},{"@type":"WebSite","@id":"https:\/\/galagar.com\/fr\/#website","url":"https:\/\/galagar.com\/fr\/","name":"GALA GAR - Productos de soldadura y reguladores de gas - Gas y soldadura","description":"Gala Gar es fabricante de tecnolog\u00eda competitiva para soldadura (MMA-TIG-MIG\/MAG-CORTE POR PLASMA), regulaci\u00f3n de gases, y para soldadura y corte por gas.","publisher":{"@id":"https:\/\/galagar.com\/fr\/#organization"},"potentialAction":[{"@type":"SearchAction","target":{"@type":"EntryPoint","urlTemplate":"https:\/\/galagar.com\/fr\/?s={search_term_string}"},"query-input":{"@type":"PropertyValueSpecification","valueRequired":true,"valueName":"search_term_string"}}],"inLanguage":"fr-FR"},{"@type":"Organization","@id":"https:\/\/galagar.com\/fr\/#organization","name":"GALA GAR welding","url":"https:\/\/galagar.com\/fr\/","logo":{"@type":"ImageObject","inLanguage":"fr-FR","@id":"https:\/\/galagar.com\/fr\/#\/schema\/logo\/image\/","url":"","contentUrl":"","caption":"GALA GAR welding"},"image":{"@id":"https:\/\/galagar.com\/fr\/#\/schema\/logo\/image\/"},"sameAs":["https:\/\/www.facebook.com\/galagarsoldadura\/","https:\/\/www.linkedin.com\/company\/gala-gar-sl\/?trk=biz-companies-cym","https:\/\/www.youtube.com\/user\/galagarsp","https:\/\/www.instagram.com\/galagar_soldadura\/?hl=es"]}]}},"_links":{"self":[{"href":"https:\/\/galagar.com\/fr\/wp-json\/wp\/v2\/product\/18036","targetHints":{"allow":["GET"]}}],"collection":[{"href":"https:\/\/galagar.com\/fr\/wp-json\/wp\/v2\/product"}],"about":[{"href":"https:\/\/galagar.com\/fr\/wp-json\/wp\/v2\/types\/product"}],"wp:featuredmedia":[{"embeddable":true,"href":"https:\/\/galagar.com\/fr\/wp-json\/wp\/v2\/media\/18039"}],"wp:attachment":[{"href":"https:\/\/galagar.com\/fr\/wp-json\/wp\/v2\/media?parent=18036"}],"wp:term":[{"taxonomy":"product_brand","embeddable":true,"href":"https:\/\/galagar.com\/fr\/wp-json\/wp\/v2\/product_brand?post=18036"},{"taxonomy":"product_cat","embeddable":true,"href":"https:\/\/galagar.com\/fr\/wp-json\/wp\/v2\/product_cat?post=18036"},{"taxonomy":"product_tag","embeddable":true,"href":"https:\/\/galagar.com\/fr\/wp-json\/wp\/v2\/product_tag?post=18036"}],"curies":[{"name":"wp","href":"https:\/\/api.w.org\/{rel}","templated":true}]}}