{"id":18052,"date":"2022-01-27T19:45:59","date_gmt":"2022-01-27T18:45:59","guid":{"rendered":"https:\/\/dev.galagar.com\/producto\/aspirateur-portable-modele-phv\/"},"modified":"2023-04-28T12:44:38","modified_gmt":"2023-04-28T10:44:38","slug":"aspirateur-portable-modele-phv","status":"publish","type":"product","link":"https:\/\/galagar.com\/fr\/produit\/aspirateur-portable-modele-phv\/","title":{"rendered":"Aspirateur portable mod\u00e8le PHV"},"content":{"rendered":"<div class=\"fusion-fullwidth fullwidth-box fusion-builder-row-1 fusion-flex-container nonhundred-percent-fullwidth non-hundred-percent-height-scrolling\" style=\"--awb-border-radius-top-left:0px;--awb-border-radius-top-right:0px;--awb-border-radius-bottom-right:0px;--awb-border-radius-bottom-left:0px;--awb-padding-right:0px;--awb-padding-left:0px;--awb-flex-wrap:wrap;\" ><div class=\"fusion-builder-row fusion-row fusion-flex-align-items-flex-start fusion-flex-content-wrap\" style=\"max-width:1216.8px;margin-left: calc(-4% \/ 2 );margin-right: calc(-4% \/ 2 );\"><div class=\"fusion-layout-column fusion_builder_column fusion-builder-column-0 fusion_builder_column_3_5 3_5 fusion-flex-column\" style=\"--awb-bg-size:cover;--awb-width-large:60%;--awb-margin-top-large:0px;--awb-spacing-right-large:3.2%;--awb-margin-bottom-large:20px;--awb-spacing-left-large:3.2%;--awb-width-medium:100%;--awb-order-medium:0;--awb-spacing-right-medium:1.92%;--awb-spacing-left-medium:1.92%;--awb-width-small:100%;--awb-order-small:0;--awb-spacing-right-small:1.92%;--awb-spacing-left-small:1.92%;\"><div class=\"fusion-column-wrapper fusion-column-has-shadow fusion-flex-justify-content-flex-start fusion-content-layout-column\">\n<div class=\"table-2 gal-textos-menores\">\n<table width=\"100%\">\n<thead>\n<tr>\n<th align=\"left\">Caract\u00e9ristiques<\/th>\n<th align=\"left\"><\/th>\n<\/tr>\n<\/thead>\n<tbody>\n<tr>\n<td>Tension d&#8217;alimentation<\/td>\n<td>1 Ph \/ 230 V &#8211; 50\/60 Hz<\/td>\n<\/tr>\n<tr>\n<td>Mode d&#8217;aspiration faible<\/td>\n<td>140 <sup>m3\/h.<\/sup><\/td>\n<\/tr>\n<tr>\n<td>Mode d&#8217;aspiration \u00e9lev\u00e9<\/td>\n<td>220 <sup>m3\/h.<\/sup><\/td>\n<\/tr>\n<tr>\n<td>Niveau sonore<\/td>\n<td>63 db<\/td>\n<\/tr>\n<tr>\n<td>Poids sans bras<\/td>\n<td>18.6 Kg.<\/td>\n<\/tr>\n<\/tbody>\n<\/table>\n<\/div>\n<\/div><\/div><div class=\"fusion-layout-column fusion_builder_column fusion-builder-column-1 fusion_builder_column_2_5 2_5 fusion-flex-column\" style=\"--awb-bg-size:cover;--awb-width-large:40%;--awb-margin-top-large:0px;--awb-spacing-right-large:4.8%;--awb-margin-bottom-large:20px;--awb-spacing-left-large:4.8%;--awb-width-medium:100%;--awb-order-medium:0;--awb-spacing-right-medium:1.92%;--awb-spacing-left-medium:1.92%;--awb-width-small:100%;--awb-order-small:0;--awb-spacing-right-small:1.92%;--awb-spacing-left-small:1.92%;\"><div class=\"fusion-column-wrapper fusion-column-has-shadow fusion-flex-justify-content-flex-start fusion-content-layout-column\"><div class=\"fusion-text fusion-text-1\"><h3><span style=\"color: #993300;\">Utilisations<\/span><\/h3>\n<p><em><strong>Soudage MIG-MAG\/GMAW<\/strong><\/em><br \/>\n<em><strong>Soudage TIG<\/strong><\/em><br \/>\n<em><strong>Soudage FCAW<\/strong><\/em><br \/>\n<em><strong>Soudage \u00e0 l&#8217;arc en b\u00e2ton\/MMAW<\/strong><\/em><\/p>\n<\/div><\/div><\/div><\/div><\/div>\n","protected":false},"excerpt":{"rendered":"<p><strong class=\"subsubtitle\">Description<br \/>\n<\/strong>Le PHV est un aspirateur portable. Aspire les fum\u00e9es de soudage et les poussi\u00e8res de meulage \u00e0 proximit\u00e9 de la source, peut \u00eatre utilis\u00e9 partout, y compris dans des endroits pratiquement inaccessibles aux bras d&#8217;extraction normaux ou \u00e0 l&#8217;\u00e9quipement mobile, vide \u00e9lev\u00e9 de la taille d&#8217;un aspirateur. Il peut \u00eatre utilis\u00e9 partout, m\u00eame dans des endroits pratiquement inaccessibles aux \u00e9quipements fixes et aux \u00e9quipements mobiles de plus grande taille.<\/p>\n<p><strong class=\"subsubtitle\">Principaux avantages :<br \/>\n<\/strong>Syst\u00e8me de filtration en quatre \u00e9tapes, filtre principal Dura-H unique, manipulation facile et s\u00fbre, syst\u00e8me de d\u00e9marrage\/arr\u00eat automatique, \u00e9conomies d&#8217;\u00e9nergie.<\/p>\n<p><strong>Applications<br \/>\n<\/strong>Applications l\u00e9g\u00e8res avec soudage occasionnel &#8211; Ateliers de r\u00e9paration &#8211; \u00c9coles de soudage<\/p>\n<p><strong>Il comprend<br \/>\n<em>Tuyau d&#8217;aspiration de 2,5 m.<\/em><\/strong><br \/>\nFiltre en cellulose jetable 12 m2 &#8211; Filtre HEPA et pr\u00e9-filtre en aluminium<br \/>\nInterrupteur de d\u00e9marrage\/arr\u00eat automatique<br \/>\nBuse \u00e0 entonnoir avec syst\u00e8me de serrage magn\u00e9tique et raccord pour tuyau.<\/p>\n","protected":false},"featured_media":18054,"template":"","meta":{"_acf_changed":false,"content-type":"","inline_featured_image":false,"_monsterinsights_skip_tracking":false,"_monsterinsights_sitenote_active":false,"_monsterinsights_sitenote_note":"","_monsterinsights_sitenote_category":0,"_joinchat":[]},"product_brand":[],"product_cat":[937,1224,1495,1502],"product_tag":[],"class_list":{"0":"post-18052","1":"product","2":"type-product","3":"status-publish","4":"has-post-thumbnail","6":"product_cat-produits","7":"product_cat-protection","8":"product_cat-aspiration-des-fumees","9":"product_cat-aspirateurs-avec-filtres","11":"first","12":"instock","13":"taxable","14":"shipping-taxable","15":"product-type-simple"},"acf":[],"yoast_head":"<!-- This site is optimized with the Yoast SEO plugin v26.4 - https:\/\/yoast.com\/wordpress\/plugins\/seo\/ -->\n<title>Aspirateur portable mod\u00e8le PHV | GALA GAR - Productos de soldadura y reguladores de gas - Gas y soldadura<\/title>\n<meta name=\"robots\" content=\"index, follow, max-snippet:-1, max-image-preview:large, max-video-preview:-1\" \/>\n<link rel=\"canonical\" href=\"https:\/\/galagar.com\/fr\/produit\/aspirateur-portable-modele-phv\/\" \/>\n<meta property=\"og:locale\" content=\"fr_FR\" \/>\n<meta property=\"og:type\" content=\"article\" \/>\n<meta property=\"og:title\" content=\"Aspirateur portable mod\u00e8le PHV | GALA GAR - Productos de soldadura y reguladores de gas - Gas y soldadura\" \/>\n<meta property=\"og:description\" content=\"Description Le PHV est un aspirateur portable. Aspire les fum\u00e9es de soudage et les poussi\u00e8res de meulage \u00e0 proximit\u00e9 de la source, peut \u00eatre utilis\u00e9 partout, y compris dans des endroits pratiquement inaccessibles aux bras d&#039;extraction normaux ou \u00e0 l&#039;\u00e9quipement mobile, vide \u00e9lev\u00e9 de la taille d&#039;un aspirateur. Il peut \u00eatre utilis\u00e9 partout, m\u00eame dans des endroits pratiquement inaccessibles aux \u00e9quipements fixes et aux \u00e9quipements mobiles de plus grande taille. Principaux avantages : Syst\u00e8me de filtration en quatre \u00e9tapes, filtre principal Dura-H unique, manipulation facile et s\u00fbre, syst\u00e8me de d\u00e9marrage\/arr\u00eat automatique, \u00e9conomies d&#039;\u00e9nergie. Applications Applications l\u00e9g\u00e8res avec soudage occasionnel - Ateliers de r\u00e9paration - \u00c9coles de soudage Il comprend Tuyau d&#039;aspiration de 2,5 m. Filtre en cellulose jetable 12 m2 - Filtre HEPA et pr\u00e9-filtre en aluminium Interrupteur de d\u00e9marrage\/arr\u00eat automatique Buse \u00e0 entonnoir avec syst\u00e8me de serrage magn\u00e9tique et raccord pour tuyau.\" \/>\n<meta property=\"og:url\" content=\"https:\/\/galagar.com\/fr\/produit\/aspirateur-portable-modele-phv\/\" \/>\n<meta property=\"og:site_name\" content=\"GALA GAR - Productos de soldadura y reguladores de gas - Gas y soldadura\" \/>\n<meta property=\"article:publisher\" content=\"https:\/\/www.facebook.com\/galagarsoldadura\/\" \/>\n<meta property=\"article:modified_time\" content=\"2023-04-28T10:44:38+00:00\" \/>\n<meta property=\"og:image\" content=\"https:\/\/galagar.com\/wp-content\/uploads\/2022\/01\/PHV-portatil.jpg\" \/>\n\t<meta property=\"og:image:width\" content=\"640\" \/>\n\t<meta property=\"og:image:height\" content=\"800\" \/>\n\t<meta property=\"og:image:type\" content=\"image\/jpeg\" \/>\n<meta name=\"twitter:card\" content=\"summary_large_image\" \/>\n<meta name=\"twitter:label1\" content=\"Dur\u00e9e de lecture estim\u00e9e\" \/>\n\t<meta name=\"twitter:data1\" content=\"2 minutes\" \/>\n<script type=\"application\/ld+json\" class=\"yoast-schema-graph\">{\"@context\":\"https:\/\/schema.org\",\"@graph\":[{\"@type\":\"WebPage\",\"@id\":\"https:\/\/galagar.com\/fr\/produit\/aspirateur-portable-modele-phv\/\",\"url\":\"https:\/\/galagar.com\/fr\/produit\/aspirateur-portable-modele-phv\/\",\"name\":\"Aspirateur portable mod\u00e8le PHV | GALA GAR - Productos de soldadura y reguladores de gas - Gas y soldadura\",\"isPartOf\":{\"@id\":\"https:\/\/galagar.com\/fr\/#website\"},\"primaryImageOfPage\":{\"@id\":\"https:\/\/galagar.com\/fr\/produit\/aspirateur-portable-modele-phv\/#primaryimage\"},\"image\":{\"@id\":\"https:\/\/galagar.com\/fr\/produit\/aspirateur-portable-modele-phv\/#primaryimage\"},\"thumbnailUrl\":\"https:\/\/galagar.com\/wp-content\/uploads\/2022\/01\/PHV-portatil.jpg\",\"datePublished\":\"2022-01-27T18:45:59+00:00\",\"dateModified\":\"2023-04-28T10:44:38+00:00\",\"breadcrumb\":{\"@id\":\"https:\/\/galagar.com\/fr\/produit\/aspirateur-portable-modele-phv\/#breadcrumb\"},\"inLanguage\":\"fr-FR\",\"potentialAction\":[{\"@type\":\"ReadAction\",\"target\":[\"https:\/\/galagar.com\/fr\/produit\/aspirateur-portable-modele-phv\/\"]}]},{\"@type\":\"ImageObject\",\"inLanguage\":\"fr-FR\",\"@id\":\"https:\/\/galagar.com\/fr\/produit\/aspirateur-portable-modele-phv\/#primaryimage\",\"url\":\"https:\/\/galagar.com\/wp-content\/uploads\/2022\/01\/PHV-portatil.jpg\",\"contentUrl\":\"https:\/\/galagar.com\/wp-content\/uploads\/2022\/01\/PHV-portatil.jpg\",\"width\":640,\"height\":800},{\"@type\":\"BreadcrumbList\",\"@id\":\"https:\/\/galagar.com\/fr\/produit\/aspirateur-portable-modele-phv\/#breadcrumb\",\"itemListElement\":[{\"@type\":\"ListItem\",\"position\":1,\"name\":\"Inicio\",\"item\":\"https:\/\/galagar.com\/fr\/accueil\/\"},{\"@type\":\"ListItem\",\"position\":2,\"name\":\"Boutique\",\"item\":\"https:\/\/galagar.com\/fr\/boutique\/\"},{\"@type\":\"ListItem\",\"position\":3,\"name\":\"Produits\",\"item\":\"https:\/\/galagar.com\/fr\/tienda-online\/produits\/\"},{\"@type\":\"ListItem\",\"position\":4,\"name\":\"Protection\",\"item\":\"https:\/\/galagar.com\/fr\/tienda-online\/produits\/protection\/\"},{\"@type\":\"ListItem\",\"position\":5,\"name\":\"Aspiration des fum\u00e9es\",\"item\":\"https:\/\/galagar.com\/fr\/tienda-online\/produits\/protection\/aspiration-des-fumees\/\"},{\"@type\":\"ListItem\",\"position\":6,\"name\":\"Aspirateurs avec filtres\",\"item\":\"https:\/\/galagar.com\/fr\/tienda-online\/produits\/protection\/aspiration-des-fumees\/aspirateurs-avec-filtres\/\"},{\"@type\":\"ListItem\",\"position\":7,\"name\":\"Aspirateur portable mod\u00e8le PHV\"}]},{\"@type\":\"WebSite\",\"@id\":\"https:\/\/galagar.com\/fr\/#website\",\"url\":\"https:\/\/galagar.com\/fr\/\",\"name\":\"GALA GAR - Productos de soldadura y reguladores de gas - Gas y soldadura\",\"description\":\"Gala Gar es fabricante de tecnolog\u00eda competitiva para soldadura (MMA-TIG-MIG\/MAG-CORTE POR PLASMA), regulaci\u00f3n de gases, y para soldadura y corte por gas.\",\"publisher\":{\"@id\":\"https:\/\/galagar.com\/fr\/#organization\"},\"potentialAction\":[{\"@type\":\"SearchAction\",\"target\":{\"@type\":\"EntryPoint\",\"urlTemplate\":\"https:\/\/galagar.com\/fr\/?s={search_term_string}\"},\"query-input\":{\"@type\":\"PropertyValueSpecification\",\"valueRequired\":true,\"valueName\":\"search_term_string\"}}],\"inLanguage\":\"fr-FR\"},{\"@type\":\"Organization\",\"@id\":\"https:\/\/galagar.com\/fr\/#organization\",\"name\":\"GALA GAR welding\",\"url\":\"https:\/\/galagar.com\/fr\/\",\"logo\":{\"@type\":\"ImageObject\",\"inLanguage\":\"fr-FR\",\"@id\":\"https:\/\/galagar.com\/fr\/#\/schema\/logo\/image\/\",\"url\":\"\",\"contentUrl\":\"\",\"caption\":\"GALA GAR welding\"},\"image\":{\"@id\":\"https:\/\/galagar.com\/fr\/#\/schema\/logo\/image\/\"},\"sameAs\":[\"https:\/\/www.facebook.com\/galagarsoldadura\/\",\"https:\/\/www.linkedin.com\/company\/gala-gar-sl\/?trk=biz-companies-cym\",\"https:\/\/www.youtube.com\/user\/galagarsp\",\"https:\/\/www.instagram.com\/galagar_soldadura\/?hl=es\"]}]}<\/script>\n<!-- \/ Yoast SEO plugin. -->","yoast_head_json":{"title":"Aspirateur portable mod\u00e8le PHV | GALA GAR - Productos de soldadura y reguladores de gas - Gas y soldadura","robots":{"index":"index","follow":"follow","max-snippet":"max-snippet:-1","max-image-preview":"max-image-preview:large","max-video-preview":"max-video-preview:-1"},"canonical":"https:\/\/galagar.com\/fr\/produit\/aspirateur-portable-modele-phv\/","og_locale":"fr_FR","og_type":"article","og_title":"Aspirateur portable mod\u00e8le PHV | GALA GAR - Productos de soldadura y reguladores de gas - Gas y soldadura","og_description":"Description Le PHV est un aspirateur portable. Aspire les fum\u00e9es de soudage et les poussi\u00e8res de meulage \u00e0 proximit\u00e9 de la source, peut \u00eatre utilis\u00e9 partout, y compris dans des endroits pratiquement inaccessibles aux bras d'extraction normaux ou \u00e0 l'\u00e9quipement mobile, vide \u00e9lev\u00e9 de la taille d'un aspirateur. Il peut \u00eatre utilis\u00e9 partout, m\u00eame dans des endroits pratiquement inaccessibles aux \u00e9quipements fixes et aux \u00e9quipements mobiles de plus grande taille. Principaux avantages : Syst\u00e8me de filtration en quatre \u00e9tapes, filtre principal Dura-H unique, manipulation facile et s\u00fbre, syst\u00e8me de d\u00e9marrage\/arr\u00eat automatique, \u00e9conomies d'\u00e9nergie. Applications Applications l\u00e9g\u00e8res avec soudage occasionnel - Ateliers de r\u00e9paration - \u00c9coles de soudage Il comprend Tuyau d'aspiration de 2,5 m. Filtre en cellulose jetable 12 m2 - Filtre HEPA et pr\u00e9-filtre en aluminium Interrupteur de d\u00e9marrage\/arr\u00eat automatique Buse \u00e0 entonnoir avec syst\u00e8me de serrage magn\u00e9tique et raccord pour tuyau.","og_url":"https:\/\/galagar.com\/fr\/produit\/aspirateur-portable-modele-phv\/","og_site_name":"GALA GAR - Productos de soldadura y reguladores de gas - Gas y soldadura","article_publisher":"https:\/\/www.facebook.com\/galagarsoldadura\/","article_modified_time":"2023-04-28T10:44:38+00:00","og_image":[{"width":640,"height":800,"url":"https:\/\/galagar.com\/wp-content\/uploads\/2022\/01\/PHV-portatil.jpg","type":"image\/jpeg"}],"twitter_card":"summary_large_image","twitter_misc":{"Dur\u00e9e de lecture estim\u00e9e":"2 minutes"},"schema":{"@context":"https:\/\/schema.org","@graph":[{"@type":"WebPage","@id":"https:\/\/galagar.com\/fr\/produit\/aspirateur-portable-modele-phv\/","url":"https:\/\/galagar.com\/fr\/produit\/aspirateur-portable-modele-phv\/","name":"Aspirateur portable mod\u00e8le PHV | GALA GAR - Productos de soldadura y reguladores de gas - Gas y soldadura","isPartOf":{"@id":"https:\/\/galagar.com\/fr\/#website"},"primaryImageOfPage":{"@id":"https:\/\/galagar.com\/fr\/produit\/aspirateur-portable-modele-phv\/#primaryimage"},"image":{"@id":"https:\/\/galagar.com\/fr\/produit\/aspirateur-portable-modele-phv\/#primaryimage"},"thumbnailUrl":"https:\/\/galagar.com\/wp-content\/uploads\/2022\/01\/PHV-portatil.jpg","datePublished":"2022-01-27T18:45:59+00:00","dateModified":"2023-04-28T10:44:38+00:00","breadcrumb":{"@id":"https:\/\/galagar.com\/fr\/produit\/aspirateur-portable-modele-phv\/#breadcrumb"},"inLanguage":"fr-FR","potentialAction":[{"@type":"ReadAction","target":["https:\/\/galagar.com\/fr\/produit\/aspirateur-portable-modele-phv\/"]}]},{"@type":"ImageObject","inLanguage":"fr-FR","@id":"https:\/\/galagar.com\/fr\/produit\/aspirateur-portable-modele-phv\/#primaryimage","url":"https:\/\/galagar.com\/wp-content\/uploads\/2022\/01\/PHV-portatil.jpg","contentUrl":"https:\/\/galagar.com\/wp-content\/uploads\/2022\/01\/PHV-portatil.jpg","width":640,"height":800},{"@type":"BreadcrumbList","@id":"https:\/\/galagar.com\/fr\/produit\/aspirateur-portable-modele-phv\/#breadcrumb","itemListElement":[{"@type":"ListItem","position":1,"name":"Inicio","item":"https:\/\/galagar.com\/fr\/accueil\/"},{"@type":"ListItem","position":2,"name":"Boutique","item":"https:\/\/galagar.com\/fr\/boutique\/"},{"@type":"ListItem","position":3,"name":"Produits","item":"https:\/\/galagar.com\/fr\/tienda-online\/produits\/"},{"@type":"ListItem","position":4,"name":"Protection","item":"https:\/\/galagar.com\/fr\/tienda-online\/produits\/protection\/"},{"@type":"ListItem","position":5,"name":"Aspiration des fum\u00e9es","item":"https:\/\/galagar.com\/fr\/tienda-online\/produits\/protection\/aspiration-des-fumees\/"},{"@type":"ListItem","position":6,"name":"Aspirateurs avec filtres","item":"https:\/\/galagar.com\/fr\/tienda-online\/produits\/protection\/aspiration-des-fumees\/aspirateurs-avec-filtres\/"},{"@type":"ListItem","position":7,"name":"Aspirateur portable mod\u00e8le PHV"}]},{"@type":"WebSite","@id":"https:\/\/galagar.com\/fr\/#website","url":"https:\/\/galagar.com\/fr\/","name":"GALA GAR - Productos de soldadura y reguladores de gas - Gas y soldadura","description":"Gala Gar es fabricante de tecnolog\u00eda competitiva para soldadura (MMA-TIG-MIG\/MAG-CORTE POR PLASMA), regulaci\u00f3n de gases, y para soldadura y corte por gas.","publisher":{"@id":"https:\/\/galagar.com\/fr\/#organization"},"potentialAction":[{"@type":"SearchAction","target":{"@type":"EntryPoint","urlTemplate":"https:\/\/galagar.com\/fr\/?s={search_term_string}"},"query-input":{"@type":"PropertyValueSpecification","valueRequired":true,"valueName":"search_term_string"}}],"inLanguage":"fr-FR"},{"@type":"Organization","@id":"https:\/\/galagar.com\/fr\/#organization","name":"GALA GAR welding","url":"https:\/\/galagar.com\/fr\/","logo":{"@type":"ImageObject","inLanguage":"fr-FR","@id":"https:\/\/galagar.com\/fr\/#\/schema\/logo\/image\/","url":"","contentUrl":"","caption":"GALA GAR welding"},"image":{"@id":"https:\/\/galagar.com\/fr\/#\/schema\/logo\/image\/"},"sameAs":["https:\/\/www.facebook.com\/galagarsoldadura\/","https:\/\/www.linkedin.com\/company\/gala-gar-sl\/?trk=biz-companies-cym","https:\/\/www.youtube.com\/user\/galagarsp","https:\/\/www.instagram.com\/galagar_soldadura\/?hl=es"]}]}},"_links":{"self":[{"href":"https:\/\/galagar.com\/fr\/wp-json\/wp\/v2\/product\/18052","targetHints":{"allow":["GET"]}}],"collection":[{"href":"https:\/\/galagar.com\/fr\/wp-json\/wp\/v2\/product"}],"about":[{"href":"https:\/\/galagar.com\/fr\/wp-json\/wp\/v2\/types\/product"}],"wp:featuredmedia":[{"embeddable":true,"href":"https:\/\/galagar.com\/fr\/wp-json\/wp\/v2\/media\/18054"}],"wp:attachment":[{"href":"https:\/\/galagar.com\/fr\/wp-json\/wp\/v2\/media?parent=18052"}],"wp:term":[{"taxonomy":"product_brand","embeddable":true,"href":"https:\/\/galagar.com\/fr\/wp-json\/wp\/v2\/product_brand?post=18052"},{"taxonomy":"product_cat","embeddable":true,"href":"https:\/\/galagar.com\/fr\/wp-json\/wp\/v2\/product_cat?post=18052"},{"taxonomy":"product_tag","embeddable":true,"href":"https:\/\/galagar.com\/fr\/wp-json\/wp\/v2\/product_tag?post=18052"}],"curies":[{"name":"wp","href":"https:\/\/api.w.org\/{rel}","templated":true}]}}