{"id":18053,"date":"2023-04-03T13:03:44","date_gmt":"2023-04-03T11:03:44","guid":{"rendered":"https:\/\/dev.galagar.com\/producto\/aspirateur-portable-modele-mfd\/"},"modified":"2023-05-11T22:37:56","modified_gmt":"2023-05-11T20:37:56","slug":"aspirateur-portable-modele-mfd","status":"publish","type":"product","link":"https:\/\/galagar.com\/fr\/produit\/aspirateur-portable-modele-mfd\/","title":{"rendered":"Aspirateur portable mod\u00e8le MFD"},"content":{"rendered":"<div class=\"fusion-fullwidth fullwidth-box fusion-builder-row-1 fusion-flex-container has-pattern-background has-mask-background nonhundred-percent-fullwidth non-hundred-percent-height-scrolling\" style=\"--awb-border-radius-top-left:0px;--awb-border-radius-top-right:0px;--awb-border-radius-bottom-right:0px;--awb-border-radius-bottom-left:0px;--awb-flex-wrap:wrap;\" ><div class=\"fusion-builder-row fusion-row fusion-flex-align-items-flex-start fusion-flex-content-wrap\" style=\"max-width:1216.8px;margin-left: calc(-4% \/ 2 );margin-right: calc(-4% \/ 2 );\"><div class=\"fusion-layout-column fusion_builder_column fusion-builder-column-0 fusion_builder_column_3_5 3_5 fusion-flex-column\" style=\"--awb-bg-size:cover;--awb-width-large:60%;--awb-margin-top-large:0px;--awb-spacing-right-large:3.2%;--awb-margin-bottom-large:20px;--awb-spacing-left-large:3.2%;--awb-width-medium:100%;--awb-order-medium:0;--awb-spacing-right-medium:1.92%;--awb-spacing-left-medium:1.92%;--awb-width-small:100%;--awb-order-small:0;--awb-spacing-right-small:1.92%;--awb-spacing-left-small:1.92%;\"><div class=\"fusion-column-wrapper fusion-column-has-shadow fusion-flex-justify-content-flex-start fusion-content-layout-column\">\n<div class=\"table-2 gal-textos-menores\">\n<table width=\"100%\">\n<thead>\n<tr>\n<th align=\"left\">Caract\u00e9ristiques<\/th>\n<th align=\"left\"><\/th>\n<\/tr>\n<\/thead>\n<tbody>\n<tr>\n<td>Tension d&#8217;alimentation<\/td>\n<td>3 Ph \/ 400 V &#8211; 50\/60 Hz<\/td>\n<\/tr>\n<tr>\n<td>Puissance<\/td>\n<td>0,75 kw.<\/td>\n<\/tr>\n<tr>\n<td>Capacit\u00e9 d&#8217;aspiration<\/td>\n<td>1 250 m3\/h.<\/td>\n<\/tr>\n<tr>\n<td>Filtre<\/td>\n<td>Cartouche 50 m2<\/td>\n<\/tr>\n<tr>\n<td>Niveau sonore<\/td>\n<td>69 db.<\/td>\n<\/tr>\n<tr>\n<td align=\"left\">R\u00e9gime du moteur<\/td>\n<td align=\"left\">2 800 tr\/min<\/td>\n<\/tr>\n<tr>\n<td align=\"left\">Dimensions<\/td>\n<td align=\"left\">810x1210x900 mm.<\/td>\n<\/tr>\n<tr>\n<td align=\"left\">Poids sans bras<\/td>\n<td align=\"left\">82 kg.<\/td>\n<\/tr>\n<\/tbody>\n<\/table>\n<\/div>\n<\/div><\/div><div class=\"fusion-layout-column fusion_builder_column fusion-builder-column-1 fusion_builder_column_2_5 2_5 fusion-flex-column\" style=\"--awb-bg-size:cover;--awb-width-large:40%;--awb-margin-top-large:0px;--awb-spacing-right-large:4.8%;--awb-margin-bottom-large:20px;--awb-spacing-left-large:4.8%;--awb-width-medium:100%;--awb-order-medium:0;--awb-spacing-right-medium:1.92%;--awb-spacing-left-medium:1.92%;--awb-width-small:100%;--awb-order-small:0;--awb-spacing-right-small:1.92%;--awb-spacing-left-small:1.92%;\"><div class=\"fusion-column-wrapper fusion-column-has-shadow fusion-flex-justify-content-flex-start fusion-content-layout-column\"><div class=\"fusion-text fusion-text-1\"><p><strong>Il comprend<\/strong><br \/>\nUnit\u00e9 d&#8217;aspiration et de filtration MFD<br \/>\nBras articul\u00e9 de 3 \/ 4 m &#8211; \u00d8 203 mm.<br \/>\nVanne de r\u00e9gulation<\/p>\n<\/div><\/div><\/div><\/div><\/div>\n","protected":false},"excerpt":{"rendered":"<p class=\"textosubtitulosficha margintop5\"><strong>Description<br \/>\n<\/strong>Le MFD est une unit\u00e9 de filtration mobile avec ventilateur int\u00e9gr\u00e9 qui assure l&#8217;aspiration et la filtration et s&#8217;utilise avec un bras flexible ou un tuyau d&#8217;aspiration.<\/p>\n<p class=\"textosubtitulosficha margintop5\">L&#8217;appareil est \u00e9quip\u00e9 d&#8217;un pare-\u00e9tincelles en aluminium et d&#8217;une cartouche filtrante carr\u00e9e jetable en cellulose.<\/p>\n<p class=\"textosubtitulosficha margintop5\">Cette cartouche filtrante est recouverte d&#8217;un rev\u00eatement qui prolonge la dur\u00e9e de vie et l&#8217;efficacit\u00e9 du filtre initial. Un indicateur d&#8217;encrassement du filtre signale la n\u00e9cessit\u00e9 de le remplacer.<\/p>\n<p class=\"textosubtitulosficha margintop5\">Gr\u00e2ce \u00e0 ses quatre roulettes de transport (dont deux pivotantes), le MFD convient parfaitement \u00e0 une utilisation dans des espaces relativement confin\u00e9s ou \u00e0 proximit\u00e9 de sources de pollution sans emplacement fixe.<\/p>\n<div class=\"textodescripcionproductos\">\n<h5><span style=\"color: #008000;\">\u00c9quip\u00e9 du syst\u00e8me d&#8217;\u00e9quilibrage &#8220;Easy Lift&#8221; pour faciliter le mouvement des bras.<\/span><\/h5>\n<\/div>\n","protected":false},"featured_media":18060,"template":"","meta":{"_acf_changed":false,"content-type":"","inline_featured_image":false,"_monsterinsights_skip_tracking":false,"_monsterinsights_sitenote_active":false,"_monsterinsights_sitenote_note":"","_monsterinsights_sitenote_category":0,"_joinchat":[]},"product_brand":[],"product_cat":[1224,1495,1502],"product_tag":[],"class_list":{"0":"post-18053","1":"product","2":"type-product","3":"status-publish","4":"has-post-thumbnail","6":"product_cat-protection","7":"product_cat-aspiration-des-fumees","8":"product_cat-aspirateurs-avec-filtres","10":"first","11":"instock","12":"product-type-simple"},"acf":[],"yoast_head":"<!-- This site is optimized with the Yoast SEO plugin v26.4 - https:\/\/yoast.com\/wordpress\/plugins\/seo\/ -->\n<title>Aspirateur portable mod\u00e8le MFD | GALA GAR - Productos de soldadura y reguladores de gas - Gas y soldadura<\/title>\n<meta name=\"robots\" content=\"index, follow, max-snippet:-1, max-image-preview:large, max-video-preview:-1\" \/>\n<link rel=\"canonical\" href=\"https:\/\/galagar.com\/fr\/produit\/aspirateur-portable-modele-mfd\/\" \/>\n<meta property=\"og:locale\" content=\"fr_FR\" \/>\n<meta property=\"og:type\" content=\"article\" \/>\n<meta property=\"og:title\" content=\"Aspirateur portable mod\u00e8le MFD | GALA GAR - Productos de soldadura y reguladores de gas - Gas y soldadura\" \/>\n<meta property=\"og:description\" content=\"Description Le MFD est une unit\u00e9 de filtration mobile avec ventilateur int\u00e9gr\u00e9 qui assure l&#039;aspiration et la filtration et s&#039;utilise avec un bras flexible ou un tuyau d&#039;aspiration. L&#039;appareil est \u00e9quip\u00e9 d&#039;un pare-\u00e9tincelles en aluminium et d&#039;une cartouche filtrante carr\u00e9e jetable en cellulose. Cette cartouche filtrante est recouverte d&#039;un rev\u00eatement qui prolonge la dur\u00e9e de vie et l&#039;efficacit\u00e9 du filtre initial. Un indicateur d&#039;encrassement du filtre signale la n\u00e9cessit\u00e9 de le remplacer. Gr\u00e2ce \u00e0 ses quatre roulettes de transport (dont deux pivotantes), le MFD convient parfaitement \u00e0 une utilisation dans des espaces relativement confin\u00e9s ou \u00e0 proximit\u00e9 de sources de pollution sans emplacement fixe.  \u00c9quip\u00e9 du syst\u00e8me d&#039;\u00e9quilibrage &quot;Easy Lift&quot; pour faciliter le mouvement des bras.\" \/>\n<meta property=\"og:url\" content=\"https:\/\/galagar.com\/fr\/produit\/aspirateur-portable-modele-mfd\/\" \/>\n<meta property=\"og:site_name\" content=\"GALA GAR - Productos de soldadura y reguladores de gas - Gas y soldadura\" \/>\n<meta property=\"article:publisher\" content=\"https:\/\/www.facebook.com\/galagarsoldadura\/\" \/>\n<meta property=\"article:modified_time\" content=\"2023-05-11T20:37:56+00:00\" \/>\n<meta property=\"og:image\" content=\"https:\/\/galagar.com\/wp-content\/uploads\/2023\/04\/Aspirador-MFD.jpg\" \/>\n\t<meta property=\"og:image:width\" content=\"640\" \/>\n\t<meta property=\"og:image:height\" content=\"800\" \/>\n\t<meta property=\"og:image:type\" content=\"image\/jpeg\" \/>\n<meta name=\"twitter:card\" content=\"summary_large_image\" \/>\n<meta name=\"twitter:label1\" content=\"Dur\u00e9e de lecture estim\u00e9e\" \/>\n\t<meta name=\"twitter:data1\" content=\"2 minutes\" \/>\n<script type=\"application\/ld+json\" class=\"yoast-schema-graph\">{\"@context\":\"https:\/\/schema.org\",\"@graph\":[{\"@type\":\"WebPage\",\"@id\":\"https:\/\/galagar.com\/fr\/produit\/aspirateur-portable-modele-mfd\/\",\"url\":\"https:\/\/galagar.com\/fr\/produit\/aspirateur-portable-modele-mfd\/\",\"name\":\"Aspirateur portable mod\u00e8le MFD | GALA GAR - Productos de soldadura y reguladores de gas - Gas y soldadura\",\"isPartOf\":{\"@id\":\"https:\/\/galagar.com\/fr\/#website\"},\"primaryImageOfPage\":{\"@id\":\"https:\/\/galagar.com\/fr\/produit\/aspirateur-portable-modele-mfd\/#primaryimage\"},\"image\":{\"@id\":\"https:\/\/galagar.com\/fr\/produit\/aspirateur-portable-modele-mfd\/#primaryimage\"},\"thumbnailUrl\":\"https:\/\/galagar.com\/wp-content\/uploads\/2023\/04\/Aspirador-MFD.jpg\",\"datePublished\":\"2023-04-03T11:03:44+00:00\",\"dateModified\":\"2023-05-11T20:37:56+00:00\",\"breadcrumb\":{\"@id\":\"https:\/\/galagar.com\/fr\/produit\/aspirateur-portable-modele-mfd\/#breadcrumb\"},\"inLanguage\":\"fr-FR\",\"potentialAction\":[{\"@type\":\"ReadAction\",\"target\":[\"https:\/\/galagar.com\/fr\/produit\/aspirateur-portable-modele-mfd\/\"]}]},{\"@type\":\"ImageObject\",\"inLanguage\":\"fr-FR\",\"@id\":\"https:\/\/galagar.com\/fr\/produit\/aspirateur-portable-modele-mfd\/#primaryimage\",\"url\":\"https:\/\/galagar.com\/wp-content\/uploads\/2023\/04\/Aspirador-MFD.jpg\",\"contentUrl\":\"https:\/\/galagar.com\/wp-content\/uploads\/2023\/04\/Aspirador-MFD.jpg\",\"width\":640,\"height\":800},{\"@type\":\"BreadcrumbList\",\"@id\":\"https:\/\/galagar.com\/fr\/produit\/aspirateur-portable-modele-mfd\/#breadcrumb\",\"itemListElement\":[{\"@type\":\"ListItem\",\"position\":1,\"name\":\"Inicio\",\"item\":\"https:\/\/galagar.com\/fr\/accueil\/\"},{\"@type\":\"ListItem\",\"position\":2,\"name\":\"Boutique\",\"item\":\"https:\/\/galagar.com\/fr\/boutique\/\"},{\"@type\":\"ListItem\",\"position\":3,\"name\":\"Produits\",\"item\":\"https:\/\/galagar.com\/fr\/tienda-online\/produits\/\"},{\"@type\":\"ListItem\",\"position\":4,\"name\":\"Protection\",\"item\":\"https:\/\/galagar.com\/fr\/tienda-online\/produits\/protection\/\"},{\"@type\":\"ListItem\",\"position\":5,\"name\":\"Aspiration des fum\u00e9es\",\"item\":\"https:\/\/galagar.com\/fr\/tienda-online\/produits\/protection\/aspiration-des-fumees\/\"},{\"@type\":\"ListItem\",\"position\":6,\"name\":\"Aspirateurs avec filtres\",\"item\":\"https:\/\/galagar.com\/fr\/tienda-online\/produits\/protection\/aspiration-des-fumees\/aspirateurs-avec-filtres\/\"},{\"@type\":\"ListItem\",\"position\":7,\"name\":\"Aspirateur portable mod\u00e8le MFD\"}]},{\"@type\":\"WebSite\",\"@id\":\"https:\/\/galagar.com\/fr\/#website\",\"url\":\"https:\/\/galagar.com\/fr\/\",\"name\":\"GALA GAR - Productos de soldadura y reguladores de gas - Gas y soldadura\",\"description\":\"Gala Gar es fabricante de tecnolog\u00eda competitiva para soldadura (MMA-TIG-MIG\/MAG-CORTE POR PLASMA), regulaci\u00f3n de gases, y para soldadura y corte por gas.\",\"publisher\":{\"@id\":\"https:\/\/galagar.com\/fr\/#organization\"},\"potentialAction\":[{\"@type\":\"SearchAction\",\"target\":{\"@type\":\"EntryPoint\",\"urlTemplate\":\"https:\/\/galagar.com\/fr\/?s={search_term_string}\"},\"query-input\":{\"@type\":\"PropertyValueSpecification\",\"valueRequired\":true,\"valueName\":\"search_term_string\"}}],\"inLanguage\":\"fr-FR\"},{\"@type\":\"Organization\",\"@id\":\"https:\/\/galagar.com\/fr\/#organization\",\"name\":\"GALA GAR welding\",\"url\":\"https:\/\/galagar.com\/fr\/\",\"logo\":{\"@type\":\"ImageObject\",\"inLanguage\":\"fr-FR\",\"@id\":\"https:\/\/galagar.com\/fr\/#\/schema\/logo\/image\/\",\"url\":\"\",\"contentUrl\":\"\",\"caption\":\"GALA GAR welding\"},\"image\":{\"@id\":\"https:\/\/galagar.com\/fr\/#\/schema\/logo\/image\/\"},\"sameAs\":[\"https:\/\/www.facebook.com\/galagarsoldadura\/\",\"https:\/\/www.linkedin.com\/company\/gala-gar-sl\/?trk=biz-companies-cym\",\"https:\/\/www.youtube.com\/user\/galagarsp\",\"https:\/\/www.instagram.com\/galagar_soldadura\/?hl=es\"]}]}<\/script>\n<!-- \/ Yoast SEO plugin. -->","yoast_head_json":{"title":"Aspirateur portable mod\u00e8le MFD | GALA GAR - Productos de soldadura y reguladores de gas - Gas y soldadura","robots":{"index":"index","follow":"follow","max-snippet":"max-snippet:-1","max-image-preview":"max-image-preview:large","max-video-preview":"max-video-preview:-1"},"canonical":"https:\/\/galagar.com\/fr\/produit\/aspirateur-portable-modele-mfd\/","og_locale":"fr_FR","og_type":"article","og_title":"Aspirateur portable mod\u00e8le MFD | GALA GAR - Productos de soldadura y reguladores de gas - Gas y soldadura","og_description":"Description Le MFD est une unit\u00e9 de filtration mobile avec ventilateur int\u00e9gr\u00e9 qui assure l'aspiration et la filtration et s'utilise avec un bras flexible ou un tuyau d'aspiration. L'appareil est \u00e9quip\u00e9 d'un pare-\u00e9tincelles en aluminium et d'une cartouche filtrante carr\u00e9e jetable en cellulose. Cette cartouche filtrante est recouverte d'un rev\u00eatement qui prolonge la dur\u00e9e de vie et l'efficacit\u00e9 du filtre initial. Un indicateur d'encrassement du filtre signale la n\u00e9cessit\u00e9 de le remplacer. Gr\u00e2ce \u00e0 ses quatre roulettes de transport (dont deux pivotantes), le MFD convient parfaitement \u00e0 une utilisation dans des espaces relativement confin\u00e9s ou \u00e0 proximit\u00e9 de sources de pollution sans emplacement fixe.  \u00c9quip\u00e9 du syst\u00e8me d'\u00e9quilibrage \"Easy Lift\" pour faciliter le mouvement des bras.","og_url":"https:\/\/galagar.com\/fr\/produit\/aspirateur-portable-modele-mfd\/","og_site_name":"GALA GAR - Productos de soldadura y reguladores de gas - Gas y soldadura","article_publisher":"https:\/\/www.facebook.com\/galagarsoldadura\/","article_modified_time":"2023-05-11T20:37:56+00:00","og_image":[{"width":640,"height":800,"url":"https:\/\/galagar.com\/wp-content\/uploads\/2023\/04\/Aspirador-MFD.jpg","type":"image\/jpeg"}],"twitter_card":"summary_large_image","twitter_misc":{"Dur\u00e9e de lecture estim\u00e9e":"2 minutes"},"schema":{"@context":"https:\/\/schema.org","@graph":[{"@type":"WebPage","@id":"https:\/\/galagar.com\/fr\/produit\/aspirateur-portable-modele-mfd\/","url":"https:\/\/galagar.com\/fr\/produit\/aspirateur-portable-modele-mfd\/","name":"Aspirateur portable mod\u00e8le MFD | GALA GAR - Productos de soldadura y reguladores de gas - Gas y soldadura","isPartOf":{"@id":"https:\/\/galagar.com\/fr\/#website"},"primaryImageOfPage":{"@id":"https:\/\/galagar.com\/fr\/produit\/aspirateur-portable-modele-mfd\/#primaryimage"},"image":{"@id":"https:\/\/galagar.com\/fr\/produit\/aspirateur-portable-modele-mfd\/#primaryimage"},"thumbnailUrl":"https:\/\/galagar.com\/wp-content\/uploads\/2023\/04\/Aspirador-MFD.jpg","datePublished":"2023-04-03T11:03:44+00:00","dateModified":"2023-05-11T20:37:56+00:00","breadcrumb":{"@id":"https:\/\/galagar.com\/fr\/produit\/aspirateur-portable-modele-mfd\/#breadcrumb"},"inLanguage":"fr-FR","potentialAction":[{"@type":"ReadAction","target":["https:\/\/galagar.com\/fr\/produit\/aspirateur-portable-modele-mfd\/"]}]},{"@type":"ImageObject","inLanguage":"fr-FR","@id":"https:\/\/galagar.com\/fr\/produit\/aspirateur-portable-modele-mfd\/#primaryimage","url":"https:\/\/galagar.com\/wp-content\/uploads\/2023\/04\/Aspirador-MFD.jpg","contentUrl":"https:\/\/galagar.com\/wp-content\/uploads\/2023\/04\/Aspirador-MFD.jpg","width":640,"height":800},{"@type":"BreadcrumbList","@id":"https:\/\/galagar.com\/fr\/produit\/aspirateur-portable-modele-mfd\/#breadcrumb","itemListElement":[{"@type":"ListItem","position":1,"name":"Inicio","item":"https:\/\/galagar.com\/fr\/accueil\/"},{"@type":"ListItem","position":2,"name":"Boutique","item":"https:\/\/galagar.com\/fr\/boutique\/"},{"@type":"ListItem","position":3,"name":"Produits","item":"https:\/\/galagar.com\/fr\/tienda-online\/produits\/"},{"@type":"ListItem","position":4,"name":"Protection","item":"https:\/\/galagar.com\/fr\/tienda-online\/produits\/protection\/"},{"@type":"ListItem","position":5,"name":"Aspiration des fum\u00e9es","item":"https:\/\/galagar.com\/fr\/tienda-online\/produits\/protection\/aspiration-des-fumees\/"},{"@type":"ListItem","position":6,"name":"Aspirateurs avec filtres","item":"https:\/\/galagar.com\/fr\/tienda-online\/produits\/protection\/aspiration-des-fumees\/aspirateurs-avec-filtres\/"},{"@type":"ListItem","position":7,"name":"Aspirateur portable mod\u00e8le MFD"}]},{"@type":"WebSite","@id":"https:\/\/galagar.com\/fr\/#website","url":"https:\/\/galagar.com\/fr\/","name":"GALA GAR - Productos de soldadura y reguladores de gas - Gas y soldadura","description":"Gala Gar es fabricante de tecnolog\u00eda competitiva para soldadura (MMA-TIG-MIG\/MAG-CORTE POR PLASMA), regulaci\u00f3n de gases, y para soldadura y corte por gas.","publisher":{"@id":"https:\/\/galagar.com\/fr\/#organization"},"potentialAction":[{"@type":"SearchAction","target":{"@type":"EntryPoint","urlTemplate":"https:\/\/galagar.com\/fr\/?s={search_term_string}"},"query-input":{"@type":"PropertyValueSpecification","valueRequired":true,"valueName":"search_term_string"}}],"inLanguage":"fr-FR"},{"@type":"Organization","@id":"https:\/\/galagar.com\/fr\/#organization","name":"GALA GAR welding","url":"https:\/\/galagar.com\/fr\/","logo":{"@type":"ImageObject","inLanguage":"fr-FR","@id":"https:\/\/galagar.com\/fr\/#\/schema\/logo\/image\/","url":"","contentUrl":"","caption":"GALA GAR welding"},"image":{"@id":"https:\/\/galagar.com\/fr\/#\/schema\/logo\/image\/"},"sameAs":["https:\/\/www.facebook.com\/galagarsoldadura\/","https:\/\/www.linkedin.com\/company\/gala-gar-sl\/?trk=biz-companies-cym","https:\/\/www.youtube.com\/user\/galagarsp","https:\/\/www.instagram.com\/galagar_soldadura\/?hl=es"]}]}},"_links":{"self":[{"href":"https:\/\/galagar.com\/fr\/wp-json\/wp\/v2\/product\/18053","targetHints":{"allow":["GET"]}}],"collection":[{"href":"https:\/\/galagar.com\/fr\/wp-json\/wp\/v2\/product"}],"about":[{"href":"https:\/\/galagar.com\/fr\/wp-json\/wp\/v2\/types\/product"}],"wp:featuredmedia":[{"embeddable":true,"href":"https:\/\/galagar.com\/fr\/wp-json\/wp\/v2\/media\/18060"}],"wp:attachment":[{"href":"https:\/\/galagar.com\/fr\/wp-json\/wp\/v2\/media?parent=18053"}],"wp:term":[{"taxonomy":"product_brand","embeddable":true,"href":"https:\/\/galagar.com\/fr\/wp-json\/wp\/v2\/product_brand?post=18053"},{"taxonomy":"product_cat","embeddable":true,"href":"https:\/\/galagar.com\/fr\/wp-json\/wp\/v2\/product_cat?post=18053"},{"taxonomy":"product_tag","embeddable":true,"href":"https:\/\/galagar.com\/fr\/wp-json\/wp\/v2\/product_tag?post=18053"}],"curies":[{"name":"wp","href":"https:\/\/api.w.org\/{rel}","templated":true}]}}