{"id":18203,"date":"2022-01-27T19:43:46","date_gmt":"2022-01-27T18:43:46","guid":{"rendered":"https:\/\/dev.galagar.com\/producto\/dispositif-de-coupe-pour-torche-minor\/"},"modified":"2023-06-13T07:53:26","modified_gmt":"2023-06-13T05:53:26","slug":"dispositif-de-coupe-pour-chalumeau-mineur","status":"publish","type":"product","link":"https:\/\/galagar.com\/fr\/produit\/dispositif-de-coupe-pour-chalumeau-mineur\/","title":{"rendered":"Dispositif de coupe pour chalumeau Minor"},"content":{"rendered":"","protected":false},"excerpt":{"rendered":"<p>Dispositif de coupe \u00e0 utiliser avec l&#8217;ensemble chalumeau de coupe Oxyg\u00e8ne-Ac\u00e9tyl\u00e8ne\/Propane Minor jusqu&#8217;\u00e0 50 mm.<\/p>\n<p><strong>Peut \u00eatre install\u00e9 sur :<\/strong><br \/>\nPoign\u00e9e Minor Ref. 10500000 (Ox-Ac\u00e9tyl\u00e8ne) &#8211; R\u00e9f. 10500200 (Ox-Propane)<\/p>\n<p><strong>Applications :<\/strong> d\u00e9coupe de t\u00f4les et de tuyaux de petit diam\u00e8tre.<\/p>\n<h6><strong>Gala Gar recommande que l&#8217;appareil soit entretenu une fois par an par un technicien qualifi\u00e9 <\/strong><strong>afin de maintenir l&#8217;\u00e9quipement dans des conditions optimales.<\/strong><\/h6>\n","protected":false},"featured_media":18209,"template":"","meta":{"_acf_changed":false,"content-type":"","inline_featured_image":false,"_monsterinsights_skip_tracking":false,"_monsterinsights_sitenote_active":false,"_monsterinsights_sitenote_note":"","_monsterinsights_sitenote_category":0,"_joinchat":[]},"product_brand":[],"product_cat":[937,1544],"product_tag":[],"class_list":{"0":"post-18203","1":"product","2":"type-product","3":"status-publish","4":"has-post-thumbnail","6":"product_cat-produits","7":"product_cat-chalumeaux","9":"first","10":"instock","11":"taxable","12":"shipping-taxable","13":"product-type-variable"},"acf":[],"yoast_head":"<!-- This site is optimized with the Yoast SEO plugin v26.4 - https:\/\/yoast.com\/wordpress\/plugins\/seo\/ -->\n<title>Dispositif de coupe pour chalumeau Minor | GALA GAR - Productos de soldadura y reguladores de gas - Gas y soldadura<\/title>\n<meta name=\"robots\" content=\"index, follow, max-snippet:-1, max-image-preview:large, max-video-preview:-1\" \/>\n<link rel=\"canonical\" href=\"https:\/\/galagar.com\/fr\/produit\/dispositif-de-coupe-pour-chalumeau-mineur\/\" \/>\n<meta property=\"og:locale\" content=\"fr_FR\" \/>\n<meta property=\"og:type\" content=\"article\" \/>\n<meta property=\"og:title\" content=\"Dispositif de coupe pour chalumeau Minor | GALA GAR - Productos de soldadura y reguladores de gas - Gas y soldadura\" \/>\n<meta property=\"og:description\" content=\"Dispositif de coupe \u00e0 utiliser avec l&#039;ensemble chalumeau de coupe Oxyg\u00e8ne-Ac\u00e9tyl\u00e8ne\/Propane Minor jusqu&#039;\u00e0 50 mm.  Peut \u00eatre install\u00e9 sur : Poign\u00e9e Minor Ref. 10500000 (Ox-Ac\u00e9tyl\u00e8ne) - R\u00e9f. 10500200 (Ox-Propane)  Applications : d\u00e9coupe de t\u00f4les et de tuyaux de petit diam\u00e8tre. Gala Gar recommande que l&#039;appareil soit entretenu une fois par an par un technicien qualifi\u00e9 afin de maintenir l&#039;\u00e9quipement dans des conditions optimales.\" \/>\n<meta property=\"og:url\" content=\"https:\/\/galagar.com\/fr\/produit\/dispositif-de-coupe-pour-chalumeau-mineur\/\" \/>\n<meta property=\"og:site_name\" content=\"GALA GAR - Productos de soldadura y reguladores de gas - Gas y soldadura\" \/>\n<meta property=\"article:publisher\" content=\"https:\/\/www.facebook.com\/galagarsoldadura\/\" \/>\n<meta property=\"article:modified_time\" content=\"2023-06-13T05:53:26+00:00\" \/>\n<meta property=\"og:image\" content=\"https:\/\/galagar.com\/wp-content\/uploads\/2022\/01\/DispCorte-Minor.jpg\" \/>\n\t<meta property=\"og:image:width\" content=\"640\" \/>\n\t<meta property=\"og:image:height\" content=\"800\" \/>\n\t<meta property=\"og:image:type\" content=\"image\/jpeg\" \/>\n<meta name=\"twitter:card\" content=\"summary_large_image\" \/>\n<script type=\"application\/ld+json\" class=\"yoast-schema-graph\">{\"@context\":\"https:\/\/schema.org\",\"@graph\":[{\"@type\":\"WebPage\",\"@id\":\"https:\/\/galagar.com\/fr\/produit\/dispositif-de-coupe-pour-chalumeau-mineur\/\",\"url\":\"https:\/\/galagar.com\/fr\/produit\/dispositif-de-coupe-pour-chalumeau-mineur\/\",\"name\":\"Dispositif de coupe pour chalumeau Minor | GALA GAR - Productos de soldadura y reguladores de gas - Gas y soldadura\",\"isPartOf\":{\"@id\":\"https:\/\/galagar.com\/fr\/#website\"},\"primaryImageOfPage\":{\"@id\":\"https:\/\/galagar.com\/fr\/produit\/dispositif-de-coupe-pour-chalumeau-mineur\/#primaryimage\"},\"image\":{\"@id\":\"https:\/\/galagar.com\/fr\/produit\/dispositif-de-coupe-pour-chalumeau-mineur\/#primaryimage\"},\"thumbnailUrl\":\"https:\/\/galagar.com\/wp-content\/uploads\/2022\/01\/DispCorte-Minor.jpg\",\"datePublished\":\"2022-01-27T18:43:46+00:00\",\"dateModified\":\"2023-06-13T05:53:26+00:00\",\"breadcrumb\":{\"@id\":\"https:\/\/galagar.com\/fr\/produit\/dispositif-de-coupe-pour-chalumeau-mineur\/#breadcrumb\"},\"inLanguage\":\"fr-FR\",\"potentialAction\":[{\"@type\":\"ReadAction\",\"target\":[\"https:\/\/galagar.com\/fr\/produit\/dispositif-de-coupe-pour-chalumeau-mineur\/\"]}]},{\"@type\":\"ImageObject\",\"inLanguage\":\"fr-FR\",\"@id\":\"https:\/\/galagar.com\/fr\/produit\/dispositif-de-coupe-pour-chalumeau-mineur\/#primaryimage\",\"url\":\"https:\/\/galagar.com\/wp-content\/uploads\/2022\/01\/DispCorte-Minor.jpg\",\"contentUrl\":\"https:\/\/galagar.com\/wp-content\/uploads\/2022\/01\/DispCorte-Minor.jpg\",\"width\":640,\"height\":800},{\"@type\":\"BreadcrumbList\",\"@id\":\"https:\/\/galagar.com\/fr\/produit\/dispositif-de-coupe-pour-chalumeau-mineur\/#breadcrumb\",\"itemListElement\":[{\"@type\":\"ListItem\",\"position\":1,\"name\":\"Inicio\",\"item\":\"https:\/\/galagar.com\/fr\/accueil\/\"},{\"@type\":\"ListItem\",\"position\":2,\"name\":\"Boutique\",\"item\":\"https:\/\/galagar.com\/fr\/boutique\/\"},{\"@type\":\"ListItem\",\"position\":3,\"name\":\"Produits\",\"item\":\"https:\/\/galagar.com\/fr\/tienda-online\/produits\/\"},{\"@type\":\"ListItem\",\"position\":4,\"name\":\"Soudage flamme\",\"item\":\"https:\/\/galagar.com\/fr\/tienda-online\/produits\/soudage-flamme\/\"},{\"@type\":\"ListItem\",\"position\":5,\"name\":\"Chalumeaux\",\"item\":\"https:\/\/galagar.com\/fr\/tienda-online\/produits\/soudage-flamme\/chalumeaux\/\"},{\"@type\":\"ListItem\",\"position\":6,\"name\":\"Dispositif de coupe pour chalumeau Minor\"}]},{\"@type\":\"WebSite\",\"@id\":\"https:\/\/galagar.com\/fr\/#website\",\"url\":\"https:\/\/galagar.com\/fr\/\",\"name\":\"GALA GAR - Productos de soldadura y reguladores de gas - Gas y soldadura\",\"description\":\"Gala Gar es fabricante de tecnolog\u00eda competitiva para soldadura (MMA-TIG-MIG\/MAG-CORTE POR PLASMA), regulaci\u00f3n de gases, y para soldadura y corte por gas.\",\"publisher\":{\"@id\":\"https:\/\/galagar.com\/fr\/#organization\"},\"potentialAction\":[{\"@type\":\"SearchAction\",\"target\":{\"@type\":\"EntryPoint\",\"urlTemplate\":\"https:\/\/galagar.com\/fr\/?s={search_term_string}\"},\"query-input\":{\"@type\":\"PropertyValueSpecification\",\"valueRequired\":true,\"valueName\":\"search_term_string\"}}],\"inLanguage\":\"fr-FR\"},{\"@type\":\"Organization\",\"@id\":\"https:\/\/galagar.com\/fr\/#organization\",\"name\":\"GALA GAR welding\",\"url\":\"https:\/\/galagar.com\/fr\/\",\"logo\":{\"@type\":\"ImageObject\",\"inLanguage\":\"fr-FR\",\"@id\":\"https:\/\/galagar.com\/fr\/#\/schema\/logo\/image\/\",\"url\":\"\",\"contentUrl\":\"\",\"caption\":\"GALA GAR welding\"},\"image\":{\"@id\":\"https:\/\/galagar.com\/fr\/#\/schema\/logo\/image\/\"},\"sameAs\":[\"https:\/\/www.facebook.com\/galagarsoldadura\/\",\"https:\/\/www.linkedin.com\/company\/gala-gar-sl\/?trk=biz-companies-cym\",\"https:\/\/www.youtube.com\/user\/galagarsp\",\"https:\/\/www.instagram.com\/galagar_soldadura\/?hl=es\"]}]}<\/script>\n<!-- \/ Yoast SEO plugin. -->","yoast_head_json":{"title":"Dispositif de coupe pour chalumeau Minor | GALA GAR - Productos de soldadura y reguladores de gas - Gas y soldadura","robots":{"index":"index","follow":"follow","max-snippet":"max-snippet:-1","max-image-preview":"max-image-preview:large","max-video-preview":"max-video-preview:-1"},"canonical":"https:\/\/galagar.com\/fr\/produit\/dispositif-de-coupe-pour-chalumeau-mineur\/","og_locale":"fr_FR","og_type":"article","og_title":"Dispositif de coupe pour chalumeau Minor | GALA GAR - Productos de soldadura y reguladores de gas - Gas y soldadura","og_description":"Dispositif de coupe \u00e0 utiliser avec l'ensemble chalumeau de coupe Oxyg\u00e8ne-Ac\u00e9tyl\u00e8ne\/Propane Minor jusqu'\u00e0 50 mm.  Peut \u00eatre install\u00e9 sur : Poign\u00e9e Minor Ref. 10500000 (Ox-Ac\u00e9tyl\u00e8ne) - R\u00e9f. 10500200 (Ox-Propane)  Applications : d\u00e9coupe de t\u00f4les et de tuyaux de petit diam\u00e8tre. Gala Gar recommande que l'appareil soit entretenu une fois par an par un technicien qualifi\u00e9 afin de maintenir l'\u00e9quipement dans des conditions optimales.","og_url":"https:\/\/galagar.com\/fr\/produit\/dispositif-de-coupe-pour-chalumeau-mineur\/","og_site_name":"GALA GAR - Productos de soldadura y reguladores de gas - Gas y soldadura","article_publisher":"https:\/\/www.facebook.com\/galagarsoldadura\/","article_modified_time":"2023-06-13T05:53:26+00:00","og_image":[{"width":640,"height":800,"url":"https:\/\/galagar.com\/wp-content\/uploads\/2022\/01\/DispCorte-Minor.jpg","type":"image\/jpeg"}],"twitter_card":"summary_large_image","schema":{"@context":"https:\/\/schema.org","@graph":[{"@type":"WebPage","@id":"https:\/\/galagar.com\/fr\/produit\/dispositif-de-coupe-pour-chalumeau-mineur\/","url":"https:\/\/galagar.com\/fr\/produit\/dispositif-de-coupe-pour-chalumeau-mineur\/","name":"Dispositif de coupe pour chalumeau Minor | GALA GAR - Productos de soldadura y reguladores de gas - Gas y soldadura","isPartOf":{"@id":"https:\/\/galagar.com\/fr\/#website"},"primaryImageOfPage":{"@id":"https:\/\/galagar.com\/fr\/produit\/dispositif-de-coupe-pour-chalumeau-mineur\/#primaryimage"},"image":{"@id":"https:\/\/galagar.com\/fr\/produit\/dispositif-de-coupe-pour-chalumeau-mineur\/#primaryimage"},"thumbnailUrl":"https:\/\/galagar.com\/wp-content\/uploads\/2022\/01\/DispCorte-Minor.jpg","datePublished":"2022-01-27T18:43:46+00:00","dateModified":"2023-06-13T05:53:26+00:00","breadcrumb":{"@id":"https:\/\/galagar.com\/fr\/produit\/dispositif-de-coupe-pour-chalumeau-mineur\/#breadcrumb"},"inLanguage":"fr-FR","potentialAction":[{"@type":"ReadAction","target":["https:\/\/galagar.com\/fr\/produit\/dispositif-de-coupe-pour-chalumeau-mineur\/"]}]},{"@type":"ImageObject","inLanguage":"fr-FR","@id":"https:\/\/galagar.com\/fr\/produit\/dispositif-de-coupe-pour-chalumeau-mineur\/#primaryimage","url":"https:\/\/galagar.com\/wp-content\/uploads\/2022\/01\/DispCorte-Minor.jpg","contentUrl":"https:\/\/galagar.com\/wp-content\/uploads\/2022\/01\/DispCorte-Minor.jpg","width":640,"height":800},{"@type":"BreadcrumbList","@id":"https:\/\/galagar.com\/fr\/produit\/dispositif-de-coupe-pour-chalumeau-mineur\/#breadcrumb","itemListElement":[{"@type":"ListItem","position":1,"name":"Inicio","item":"https:\/\/galagar.com\/fr\/accueil\/"},{"@type":"ListItem","position":2,"name":"Boutique","item":"https:\/\/galagar.com\/fr\/boutique\/"},{"@type":"ListItem","position":3,"name":"Produits","item":"https:\/\/galagar.com\/fr\/tienda-online\/produits\/"},{"@type":"ListItem","position":4,"name":"Soudage flamme","item":"https:\/\/galagar.com\/fr\/tienda-online\/produits\/soudage-flamme\/"},{"@type":"ListItem","position":5,"name":"Chalumeaux","item":"https:\/\/galagar.com\/fr\/tienda-online\/produits\/soudage-flamme\/chalumeaux\/"},{"@type":"ListItem","position":6,"name":"Dispositif de coupe pour chalumeau Minor"}]},{"@type":"WebSite","@id":"https:\/\/galagar.com\/fr\/#website","url":"https:\/\/galagar.com\/fr\/","name":"GALA GAR - Productos de soldadura y reguladores de gas - Gas y soldadura","description":"Gala Gar es fabricante de tecnolog\u00eda competitiva para soldadura (MMA-TIG-MIG\/MAG-CORTE POR PLASMA), regulaci\u00f3n de gases, y para soldadura y corte por gas.","publisher":{"@id":"https:\/\/galagar.com\/fr\/#organization"},"potentialAction":[{"@type":"SearchAction","target":{"@type":"EntryPoint","urlTemplate":"https:\/\/galagar.com\/fr\/?s={search_term_string}"},"query-input":{"@type":"PropertyValueSpecification","valueRequired":true,"valueName":"search_term_string"}}],"inLanguage":"fr-FR"},{"@type":"Organization","@id":"https:\/\/galagar.com\/fr\/#organization","name":"GALA GAR welding","url":"https:\/\/galagar.com\/fr\/","logo":{"@type":"ImageObject","inLanguage":"fr-FR","@id":"https:\/\/galagar.com\/fr\/#\/schema\/logo\/image\/","url":"","contentUrl":"","caption":"GALA GAR welding"},"image":{"@id":"https:\/\/galagar.com\/fr\/#\/schema\/logo\/image\/"},"sameAs":["https:\/\/www.facebook.com\/galagarsoldadura\/","https:\/\/www.linkedin.com\/company\/gala-gar-sl\/?trk=biz-companies-cym","https:\/\/www.youtube.com\/user\/galagarsp","https:\/\/www.instagram.com\/galagar_soldadura\/?hl=es"]}]}},"_links":{"self":[{"href":"https:\/\/galagar.com\/fr\/wp-json\/wp\/v2\/product\/18203","targetHints":{"allow":["GET"]}}],"collection":[{"href":"https:\/\/galagar.com\/fr\/wp-json\/wp\/v2\/product"}],"about":[{"href":"https:\/\/galagar.com\/fr\/wp-json\/wp\/v2\/types\/product"}],"wp:featuredmedia":[{"embeddable":true,"href":"https:\/\/galagar.com\/fr\/wp-json\/wp\/v2\/media\/18209"}],"wp:attachment":[{"href":"https:\/\/galagar.com\/fr\/wp-json\/wp\/v2\/media?parent=18203"}],"wp:term":[{"taxonomy":"product_brand","embeddable":true,"href":"https:\/\/galagar.com\/fr\/wp-json\/wp\/v2\/product_brand?post=18203"},{"taxonomy":"product_cat","embeddable":true,"href":"https:\/\/galagar.com\/fr\/wp-json\/wp\/v2\/product_cat?post=18203"},{"taxonomy":"product_tag","embeddable":true,"href":"https:\/\/galagar.com\/fr\/wp-json\/wp\/v2\/product_tag?post=18203"}],"curies":[{"name":"wp","href":"https:\/\/api.w.org\/{rel}","templated":true}]}}