{"id":18215,"date":"2022-01-27T19:45:32","date_gmt":"2022-01-27T18:45:32","guid":{"rendered":"https:\/\/dev.galagar.com\/producto\/torche-de-decoupe-h-optimus\/"},"modified":"2023-11-30T10:58:44","modified_gmt":"2023-11-30T09:58:44","slug":"chalumeau-de-decoupe-h-optimus","status":"publish","type":"product","link":"https:\/\/galagar.com\/fr\/produit\/chalumeau-de-decoupe-h-optimus\/","title":{"rendered":"Torche de d\u00e9coupe H-Optimus"},"content":{"rendered":"<div class=\"fusion-fullwidth fullwidth-box fusion-builder-row-1 fusion-flex-container nonhundred-percent-fullwidth non-hundred-percent-height-scrolling\" style=\"--awb-border-radius-top-left:0px;--awb-border-radius-top-right:0px;--awb-border-radius-bottom-right:0px;--awb-border-radius-bottom-left:0px;--awb-flex-wrap:wrap;\" ><div class=\"fusion-builder-row fusion-row fusion-flex-align-items-flex-start fusion-flex-content-wrap\" style=\"max-width:1216.8px;margin-left: calc(-4% \/ 2 );margin-right: calc(-4% \/ 2 );\"><div class=\"fusion-layout-column fusion_builder_column fusion-builder-column-0 fusion_builder_column_1_1 1_1 fusion-flex-column\" style=\"--awb-bg-size:cover;--awb-width-large:100%;--awb-margin-top-large:0px;--awb-spacing-right-large:1.92%;--awb-margin-bottom-large:0px;--awb-spacing-left-large:1.92%;--awb-width-medium:100%;--awb-spacing-right-medium:1.92%;--awb-spacing-left-medium:1.92%;--awb-width-small:100%;--awb-spacing-right-small:1.92%;--awb-spacing-left-small:1.92%;\"><div class=\"fusion-column-wrapper fusion-flex-justify-content-flex-start fusion-content-layout-column\"><div class=\"fusion-text fusion-text-1 fusion-text-no-margin\" style=\"--awb-margin-bottom:-50px;\"><h3><span style=\"color: #800000;\">R\u00e9gime de base<\/span><\/h3>\n<\/div><div class=\"fusion-image-element \" style=\"--awb-caption-title-font-family:var(--h2_typography-font-family);--awb-caption-title-font-weight:var(--h2_typography-font-weight);--awb-caption-title-font-style:var(--h2_typography-font-style);--awb-caption-title-size:var(--h2_typography-font-size);--awb-caption-title-transform:var(--h2_typography-text-transform);--awb-caption-title-line-height:var(--h2_typography-line-height);--awb-caption-title-letter-spacing:var(--h2_typography-letter-spacing);\"><span class=\" fusion-imageframe imageframe-none imageframe-1 hover-type-none\"><img decoding=\"async\" width=\"1024\" height=\"295\" title=\"Esquema-Hoptimus_FR\" src=\"https:\/\/galagar.com\/wp-content\/uploads\/2022\/01\/Esquema-Hoptimus_FR.png\" data-orig-src=\"https:\/\/galagar.com\/wp-content\/uploads\/2022\/01\/Esquema-Hoptimus_FR-1024x295.png\" alt class=\"lazyload img-responsive wp-image-27100\" srcset=\"data:image\/svg+xml,%3Csvg%20xmlns%3D%27http%3A%2F%2Fwww.w3.org%2F2000%2Fsvg%27%20width%3D%272371%27%20height%3D%27683%27%20viewBox%3D%270%200%202371%20683%27%3E%3Crect%20width%3D%272371%27%20height%3D%27683%27%20fill-opacity%3D%220%22%2F%3E%3C%2Fsvg%3E\" data-srcset=\"https:\/\/galagar.com\/wp-content\/uploads\/2022\/01\/Esquema-Hoptimus_FR-200x58.png 200w, https:\/\/galagar.com\/wp-content\/uploads\/2022\/01\/Esquema-Hoptimus_FR-400x115.png 400w, https:\/\/galagar.com\/wp-content\/uploads\/2022\/01\/Esquema-Hoptimus_FR-600x173.png 600w, https:\/\/galagar.com\/wp-content\/uploads\/2022\/01\/Esquema-Hoptimus_FR-800x230.png 800w, https:\/\/galagar.com\/wp-content\/uploads\/2022\/01\/Esquema-Hoptimus_FR-1200x346.png 1200w\" data-sizes=\"auto\" data-orig-sizes=\"(max-width: 1024px) 100vw, (max-width: 640px) 100vw, 1200px\" \/><\/span><\/div><\/div><\/div><\/div><\/div>\n","protected":false},"excerpt":{"rendered":"<p>Chalumeau coupeur <strong>H-Optimus<\/strong> pour couper des aciers jusqu&#8217;\u00e0 300 mm. \u00e0 l&#8217;ox-ac\u00e9tyl\u00e8ne\/propane avec des buses de coupe sp\u00e9cifiques pour ce mod\u00e8le.<\/p>\n<p><strong>Applications :<\/strong> Grattage de structures &#8211; D\u00e9coupe de grandes \u00e9paisseurs &#8211; Chaudronnerie<\/p>\n<p><strong>Sur demande :<\/strong><br \/>\nTorches H-Optimus avec des angles de t\u00eate de 70\u00ba et 180\u00ba et diff\u00e9rentes tailles de torches renforc\u00e9es : 120, 150 et 250 centim\u00e8tres.<\/p>\n<p>&nbsp;<\/p>\n","protected":false},"featured_media":18226,"template":"","meta":{"_acf_changed":false,"content-type":"","inline_featured_image":false,"_monsterinsights_skip_tracking":false,"_monsterinsights_sitenote_active":false,"_monsterinsights_sitenote_note":"","_monsterinsights_sitenote_category":0,"_joinchat":[]},"product_brand":[],"product_cat":[937,1373,1544],"product_tag":[],"class_list":{"0":"post-18215","1":"product","2":"type-product","3":"status-publish","4":"has-post-thumbnail","6":"product_cat-produits","7":"product_cat-soudage-flamme","8":"product_cat-chalumeaux","10":"first","11":"instock","12":"taxable","13":"shipping-taxable","14":"product-type-variable"},"acf":[],"yoast_head":"<!-- This site is optimized with the Yoast SEO plugin v26.4 - https:\/\/yoast.com\/wordpress\/plugins\/seo\/ -->\n<title>Torche de d\u00e9coupe H-Optimus | GALA GAR - Productos de soldadura y reguladores de gas - Gas y soldadura<\/title>\n<meta name=\"robots\" content=\"index, follow, max-snippet:-1, max-image-preview:large, max-video-preview:-1\" \/>\n<link rel=\"canonical\" href=\"https:\/\/galagar.com\/fr\/produit\/chalumeau-de-decoupe-h-optimus\/\" \/>\n<meta property=\"og:locale\" content=\"fr_FR\" \/>\n<meta property=\"og:type\" content=\"article\" \/>\n<meta property=\"og:title\" content=\"Torche de d\u00e9coupe H-Optimus | GALA GAR - Productos de soldadura y reguladores de gas - Gas y soldadura\" \/>\n<meta property=\"og:description\" content=\"Chalumeau coupeur H-Optimus pour couper des aciers jusqu&#039;\u00e0 300 mm. \u00e0 l&#039;ox-ac\u00e9tyl\u00e8ne\/propane avec des buses de coupe sp\u00e9cifiques pour ce mod\u00e8le.  Applications : Grattage de structures - D\u00e9coupe de grandes \u00e9paisseurs - Chaudronnerie  Sur demande : Torches H-Optimus avec des angles de t\u00eate de 70\u00ba et 180\u00ba et diff\u00e9rentes tailles de torches renforc\u00e9es : 120, 150 et 250 centim\u00e8tres.  &nbsp;\" \/>\n<meta property=\"og:url\" content=\"https:\/\/galagar.com\/fr\/produit\/chalumeau-de-decoupe-h-optimus\/\" \/>\n<meta property=\"og:site_name\" content=\"GALA GAR - Productos de soldadura y reguladores de gas - Gas y soldadura\" \/>\n<meta property=\"article:publisher\" content=\"https:\/\/www.facebook.com\/galagarsoldadura\/\" \/>\n<meta property=\"article:modified_time\" content=\"2023-11-30T09:58:44+00:00\" \/>\n<meta property=\"og:image\" content=\"https:\/\/galagar.com\/wp-content\/uploads\/2022\/07\/Soplete-H-Op.jpg\" \/>\n\t<meta property=\"og:image:width\" content=\"640\" \/>\n\t<meta property=\"og:image:height\" content=\"800\" \/>\n\t<meta property=\"og:image:type\" content=\"image\/jpeg\" \/>\n<meta name=\"twitter:card\" content=\"summary_large_image\" \/>\n<meta name=\"twitter:label1\" content=\"Dur\u00e9e de lecture estim\u00e9e\" \/>\n\t<meta name=\"twitter:data1\" content=\"1 minute\" \/>\n<script type=\"application\/ld+json\" class=\"yoast-schema-graph\">{\"@context\":\"https:\/\/schema.org\",\"@graph\":[{\"@type\":\"WebPage\",\"@id\":\"https:\/\/galagar.com\/fr\/produit\/chalumeau-de-decoupe-h-optimus\/\",\"url\":\"https:\/\/galagar.com\/fr\/produit\/chalumeau-de-decoupe-h-optimus\/\",\"name\":\"Torche de d\u00e9coupe H-Optimus | GALA GAR - Productos de soldadura y reguladores de gas - Gas y soldadura\",\"isPartOf\":{\"@id\":\"https:\/\/galagar.com\/fr\/#website\"},\"primaryImageOfPage\":{\"@id\":\"https:\/\/galagar.com\/fr\/produit\/chalumeau-de-decoupe-h-optimus\/#primaryimage\"},\"image\":{\"@id\":\"https:\/\/galagar.com\/fr\/produit\/chalumeau-de-decoupe-h-optimus\/#primaryimage\"},\"thumbnailUrl\":\"https:\/\/galagar.com\/wp-content\/uploads\/2022\/07\/Soplete-H-Op.jpg\",\"datePublished\":\"2022-01-27T18:45:32+00:00\",\"dateModified\":\"2023-11-30T09:58:44+00:00\",\"breadcrumb\":{\"@id\":\"https:\/\/galagar.com\/fr\/produit\/chalumeau-de-decoupe-h-optimus\/#breadcrumb\"},\"inLanguage\":\"fr-FR\",\"potentialAction\":[{\"@type\":\"ReadAction\",\"target\":[\"https:\/\/galagar.com\/fr\/produit\/chalumeau-de-decoupe-h-optimus\/\"]}]},{\"@type\":\"ImageObject\",\"inLanguage\":\"fr-FR\",\"@id\":\"https:\/\/galagar.com\/fr\/produit\/chalumeau-de-decoupe-h-optimus\/#primaryimage\",\"url\":\"https:\/\/galagar.com\/wp-content\/uploads\/2022\/07\/Soplete-H-Op.jpg\",\"contentUrl\":\"https:\/\/galagar.com\/wp-content\/uploads\/2022\/07\/Soplete-H-Op.jpg\",\"width\":640,\"height\":800},{\"@type\":\"BreadcrumbList\",\"@id\":\"https:\/\/galagar.com\/fr\/produit\/chalumeau-de-decoupe-h-optimus\/#breadcrumb\",\"itemListElement\":[{\"@type\":\"ListItem\",\"position\":1,\"name\":\"Inicio\",\"item\":\"https:\/\/galagar.com\/fr\/accueil\/\"},{\"@type\":\"ListItem\",\"position\":2,\"name\":\"Boutique\",\"item\":\"https:\/\/galagar.com\/fr\/boutique\/\"},{\"@type\":\"ListItem\",\"position\":3,\"name\":\"Produits\",\"item\":\"https:\/\/galagar.com\/fr\/tienda-online\/produits\/\"},{\"@type\":\"ListItem\",\"position\":4,\"name\":\"Soudage flamme\",\"item\":\"https:\/\/galagar.com\/fr\/tienda-online\/produits\/soudage-flamme\/\"},{\"@type\":\"ListItem\",\"position\":5,\"name\":\"Chalumeaux\",\"item\":\"https:\/\/galagar.com\/fr\/tienda-online\/produits\/soudage-flamme\/chalumeaux\/\"},{\"@type\":\"ListItem\",\"position\":6,\"name\":\"Torche de d\u00e9coupe H-Optimus\"}]},{\"@type\":\"WebSite\",\"@id\":\"https:\/\/galagar.com\/fr\/#website\",\"url\":\"https:\/\/galagar.com\/fr\/\",\"name\":\"GALA GAR - Productos de soldadura y reguladores de gas - Gas y soldadura\",\"description\":\"Gala Gar es fabricante de tecnolog\u00eda competitiva para soldadura (MMA-TIG-MIG\/MAG-CORTE POR PLASMA), regulaci\u00f3n de gases, y para soldadura y corte por gas.\",\"publisher\":{\"@id\":\"https:\/\/galagar.com\/fr\/#organization\"},\"potentialAction\":[{\"@type\":\"SearchAction\",\"target\":{\"@type\":\"EntryPoint\",\"urlTemplate\":\"https:\/\/galagar.com\/fr\/?s={search_term_string}\"},\"query-input\":{\"@type\":\"PropertyValueSpecification\",\"valueRequired\":true,\"valueName\":\"search_term_string\"}}],\"inLanguage\":\"fr-FR\"},{\"@type\":\"Organization\",\"@id\":\"https:\/\/galagar.com\/fr\/#organization\",\"name\":\"GALA GAR welding\",\"url\":\"https:\/\/galagar.com\/fr\/\",\"logo\":{\"@type\":\"ImageObject\",\"inLanguage\":\"fr-FR\",\"@id\":\"https:\/\/galagar.com\/fr\/#\/schema\/logo\/image\/\",\"url\":\"\",\"contentUrl\":\"\",\"caption\":\"GALA GAR welding\"},\"image\":{\"@id\":\"https:\/\/galagar.com\/fr\/#\/schema\/logo\/image\/\"},\"sameAs\":[\"https:\/\/www.facebook.com\/galagarsoldadura\/\",\"https:\/\/www.linkedin.com\/company\/gala-gar-sl\/?trk=biz-companies-cym\",\"https:\/\/www.youtube.com\/user\/galagarsp\",\"https:\/\/www.instagram.com\/galagar_soldadura\/?hl=es\"]}]}<\/script>\n<!-- \/ Yoast SEO plugin. -->","yoast_head_json":{"title":"Torche de d\u00e9coupe H-Optimus | GALA GAR - Productos de soldadura y reguladores de gas - Gas y soldadura","robots":{"index":"index","follow":"follow","max-snippet":"max-snippet:-1","max-image-preview":"max-image-preview:large","max-video-preview":"max-video-preview:-1"},"canonical":"https:\/\/galagar.com\/fr\/produit\/chalumeau-de-decoupe-h-optimus\/","og_locale":"fr_FR","og_type":"article","og_title":"Torche de d\u00e9coupe H-Optimus | GALA GAR - Productos de soldadura y reguladores de gas - Gas y soldadura","og_description":"Chalumeau coupeur H-Optimus pour couper des aciers jusqu'\u00e0 300 mm. \u00e0 l'ox-ac\u00e9tyl\u00e8ne\/propane avec des buses de coupe sp\u00e9cifiques pour ce mod\u00e8le.  Applications : Grattage de structures - D\u00e9coupe de grandes \u00e9paisseurs - Chaudronnerie  Sur demande : Torches H-Optimus avec des angles de t\u00eate de 70\u00ba et 180\u00ba et diff\u00e9rentes tailles de torches renforc\u00e9es : 120, 150 et 250 centim\u00e8tres.  &nbsp;","og_url":"https:\/\/galagar.com\/fr\/produit\/chalumeau-de-decoupe-h-optimus\/","og_site_name":"GALA GAR - Productos de soldadura y reguladores de gas - Gas y soldadura","article_publisher":"https:\/\/www.facebook.com\/galagarsoldadura\/","article_modified_time":"2023-11-30T09:58:44+00:00","og_image":[{"width":640,"height":800,"url":"https:\/\/galagar.com\/wp-content\/uploads\/2022\/07\/Soplete-H-Op.jpg","type":"image\/jpeg"}],"twitter_card":"summary_large_image","twitter_misc":{"Dur\u00e9e de lecture estim\u00e9e":"1 minute"},"schema":{"@context":"https:\/\/schema.org","@graph":[{"@type":"WebPage","@id":"https:\/\/galagar.com\/fr\/produit\/chalumeau-de-decoupe-h-optimus\/","url":"https:\/\/galagar.com\/fr\/produit\/chalumeau-de-decoupe-h-optimus\/","name":"Torche de d\u00e9coupe H-Optimus | GALA GAR - Productos de soldadura y reguladores de gas - Gas y soldadura","isPartOf":{"@id":"https:\/\/galagar.com\/fr\/#website"},"primaryImageOfPage":{"@id":"https:\/\/galagar.com\/fr\/produit\/chalumeau-de-decoupe-h-optimus\/#primaryimage"},"image":{"@id":"https:\/\/galagar.com\/fr\/produit\/chalumeau-de-decoupe-h-optimus\/#primaryimage"},"thumbnailUrl":"https:\/\/galagar.com\/wp-content\/uploads\/2022\/07\/Soplete-H-Op.jpg","datePublished":"2022-01-27T18:45:32+00:00","dateModified":"2023-11-30T09:58:44+00:00","breadcrumb":{"@id":"https:\/\/galagar.com\/fr\/produit\/chalumeau-de-decoupe-h-optimus\/#breadcrumb"},"inLanguage":"fr-FR","potentialAction":[{"@type":"ReadAction","target":["https:\/\/galagar.com\/fr\/produit\/chalumeau-de-decoupe-h-optimus\/"]}]},{"@type":"ImageObject","inLanguage":"fr-FR","@id":"https:\/\/galagar.com\/fr\/produit\/chalumeau-de-decoupe-h-optimus\/#primaryimage","url":"https:\/\/galagar.com\/wp-content\/uploads\/2022\/07\/Soplete-H-Op.jpg","contentUrl":"https:\/\/galagar.com\/wp-content\/uploads\/2022\/07\/Soplete-H-Op.jpg","width":640,"height":800},{"@type":"BreadcrumbList","@id":"https:\/\/galagar.com\/fr\/produit\/chalumeau-de-decoupe-h-optimus\/#breadcrumb","itemListElement":[{"@type":"ListItem","position":1,"name":"Inicio","item":"https:\/\/galagar.com\/fr\/accueil\/"},{"@type":"ListItem","position":2,"name":"Boutique","item":"https:\/\/galagar.com\/fr\/boutique\/"},{"@type":"ListItem","position":3,"name":"Produits","item":"https:\/\/galagar.com\/fr\/tienda-online\/produits\/"},{"@type":"ListItem","position":4,"name":"Soudage flamme","item":"https:\/\/galagar.com\/fr\/tienda-online\/produits\/soudage-flamme\/"},{"@type":"ListItem","position":5,"name":"Chalumeaux","item":"https:\/\/galagar.com\/fr\/tienda-online\/produits\/soudage-flamme\/chalumeaux\/"},{"@type":"ListItem","position":6,"name":"Torche de d\u00e9coupe H-Optimus"}]},{"@type":"WebSite","@id":"https:\/\/galagar.com\/fr\/#website","url":"https:\/\/galagar.com\/fr\/","name":"GALA GAR - Productos de soldadura y reguladores de gas - Gas y soldadura","description":"Gala Gar es fabricante de tecnolog\u00eda competitiva para soldadura (MMA-TIG-MIG\/MAG-CORTE POR PLASMA), regulaci\u00f3n de gases, y para soldadura y corte por gas.","publisher":{"@id":"https:\/\/galagar.com\/fr\/#organization"},"potentialAction":[{"@type":"SearchAction","target":{"@type":"EntryPoint","urlTemplate":"https:\/\/galagar.com\/fr\/?s={search_term_string}"},"query-input":{"@type":"PropertyValueSpecification","valueRequired":true,"valueName":"search_term_string"}}],"inLanguage":"fr-FR"},{"@type":"Organization","@id":"https:\/\/galagar.com\/fr\/#organization","name":"GALA GAR welding","url":"https:\/\/galagar.com\/fr\/","logo":{"@type":"ImageObject","inLanguage":"fr-FR","@id":"https:\/\/galagar.com\/fr\/#\/schema\/logo\/image\/","url":"","contentUrl":"","caption":"GALA GAR welding"},"image":{"@id":"https:\/\/galagar.com\/fr\/#\/schema\/logo\/image\/"},"sameAs":["https:\/\/www.facebook.com\/galagarsoldadura\/","https:\/\/www.linkedin.com\/company\/gala-gar-sl\/?trk=biz-companies-cym","https:\/\/www.youtube.com\/user\/galagarsp","https:\/\/www.instagram.com\/galagar_soldadura\/?hl=es"]}]}},"_links":{"self":[{"href":"https:\/\/galagar.com\/fr\/wp-json\/wp\/v2\/product\/18215","targetHints":{"allow":["GET"]}}],"collection":[{"href":"https:\/\/galagar.com\/fr\/wp-json\/wp\/v2\/product"}],"about":[{"href":"https:\/\/galagar.com\/fr\/wp-json\/wp\/v2\/types\/product"}],"wp:featuredmedia":[{"embeddable":true,"href":"https:\/\/galagar.com\/fr\/wp-json\/wp\/v2\/media\/18226"}],"wp:attachment":[{"href":"https:\/\/galagar.com\/fr\/wp-json\/wp\/v2\/media?parent=18215"}],"wp:term":[{"taxonomy":"product_brand","embeddable":true,"href":"https:\/\/galagar.com\/fr\/wp-json\/wp\/v2\/product_brand?post=18215"},{"taxonomy":"product_cat","embeddable":true,"href":"https:\/\/galagar.com\/fr\/wp-json\/wp\/v2\/product_cat?post=18215"},{"taxonomy":"product_tag","embeddable":true,"href":"https:\/\/galagar.com\/fr\/wp-json\/wp\/v2\/product_tag?post=18215"}],"curies":[{"name":"wp","href":"https:\/\/api.w.org\/{rel}","templated":true}]}}