{"id":18284,"date":"2022-01-27T19:45:53","date_gmt":"2022-01-27T18:45:53","guid":{"rendered":"https:\/\/dev.galagar.com\/producto\/structures-de-rideaux-de-protection\/"},"modified":"2023-05-11T22:40:17","modified_gmt":"2023-05-11T20:40:17","slug":"structures-de-rideaux-de-protection","status":"publish","type":"product","link":"https:\/\/galagar.com\/fr\/produit\/structures-de-rideaux-de-protection\/","title":{"rendered":"Structures de rideaux de protection"},"content":{"rendered":"<div class=\"fusion-fullwidth fullwidth-box fusion-builder-row-1 fusion-flex-container has-pattern-background has-mask-background nonhundred-percent-fullwidth non-hundred-percent-height-scrolling\" style=\"--awb-border-radius-top-left:0px;--awb-border-radius-top-right:0px;--awb-border-radius-bottom-right:0px;--awb-border-radius-bottom-left:0px;--awb-flex-wrap:wrap;\" ><div class=\"fusion-builder-row fusion-row fusion-flex-align-items-flex-start fusion-flex-content-wrap\" style=\"max-width:1216.8px;margin-left: calc(-4% \/ 2 );margin-right: calc(-4% \/ 2 );\"><div class=\"fusion-layout-column fusion_builder_column fusion-builder-column-0 fusion_builder_column_2_5 2_5 fusion-flex-column\" style=\"--awb-bg-size:cover;--awb-width-large:40%;--awb-margin-top-large:0px;--awb-spacing-right-large:4.8%;--awb-margin-bottom-large:20px;--awb-spacing-left-large:4.8%;--awb-width-medium:100%;--awb-order-medium:0;--awb-spacing-right-medium:1.92%;--awb-spacing-left-medium:1.92%;--awb-width-small:100%;--awb-order-small:0;--awb-spacing-right-small:1.92%;--awb-spacing-left-small:1.92%;\"><div class=\"fusion-column-wrapper fusion-column-has-shadow fusion-flex-justify-content-flex-start fusion-content-layout-column\"><div class=\"fusion-image-element \" style=\"--awb-caption-title-font-family:var(--h2_typography-font-family);--awb-caption-title-font-weight:var(--h2_typography-font-weight);--awb-caption-title-font-style:var(--h2_typography-font-style);--awb-caption-title-size:var(--h2_typography-font-size);--awb-caption-title-transform:var(--h2_typography-text-transform);--awb-caption-title-line-height:var(--h2_typography-line-height);--awb-caption-title-letter-spacing:var(--h2_typography-letter-spacing);\"><span class=\" fusion-imageframe imageframe-none imageframe-1 hover-type-none\"><img decoding=\"async\" width=\"591\" height=\"435\" title=\"Instalaciones-Cortinas\" src=\"https:\/\/galagar.com\/wp-content\/uploads\/2022\/01\/Instalaciones-Cortinas.jpg\" data-orig-src=\"https:\/\/galagar.com\/wp-content\/uploads\/2022\/01\/Instalaciones-Cortinas.jpg\" alt class=\"lazyload img-responsive wp-image-16773\" srcset=\"data:image\/svg+xml,%3Csvg%20xmlns%3D%27http%3A%2F%2Fwww.w3.org%2F2000%2Fsvg%27%20width%3D%27591%27%20height%3D%27435%27%20viewBox%3D%270%200%20591%20435%27%3E%3Crect%20width%3D%27591%27%20height%3D%27435%27%20fill-opacity%3D%220%22%2F%3E%3C%2Fsvg%3E\" data-srcset=\"https:\/\/galagar.com\/wp-content\/uploads\/2022\/01\/Instalaciones-Cortinas-200x147.jpg 200w, https:\/\/galagar.com\/wp-content\/uploads\/2022\/01\/Instalaciones-Cortinas-400x294.jpg 400w, https:\/\/galagar.com\/wp-content\/uploads\/2022\/01\/Instalaciones-Cortinas.jpg 591w\" data-sizes=\"auto\" data-orig-sizes=\"(max-width: 1024px) 100vw, (max-width: 640px) 100vw, 591px\" \/><\/span><\/div><div class=\"fusion-separator fusion-full-width-sep\" style=\"align-self: center;margin-left: auto;margin-right: auto;margin-top:10px;margin-bottom:10px;width:100%;\"><div class=\"fusion-separator-border sep-single\" style=\"--awb-height:20px;--awb-amount:20px;border-color:#e2e3e3;border-top-width:1px;\"><\/div><\/div><\/div><\/div><div class=\"fusion-layout-column fusion_builder_column fusion-builder-column-1 fusion_builder_column_2_5 2_5 fusion-flex-column\" style=\"--awb-bg-size:cover;--awb-width-large:40%;--awb-margin-top-large:0px;--awb-spacing-right-large:4.8%;--awb-margin-bottom-large:20px;--awb-spacing-left-large:4.8%;--awb-width-medium:100%;--awb-order-medium:0;--awb-spacing-right-medium:1.92%;--awb-spacing-left-medium:1.92%;--awb-width-small:100%;--awb-order-small:0;--awb-spacing-right-small:1.92%;--awb-spacing-left-small:1.92%;\"><div class=\"fusion-column-wrapper fusion-column-has-shadow fusion-flex-justify-content-flex-start fusion-content-layout-column\"><div class=\"fusion-text fusion-text-1\"><p><strong>Installations de rideaux<br \/>\n<\/strong>Conception et devis des structures fixes requises pour les cabines et\/ou les zones robotis\u00e9es.<br \/>\nNous nous chargeons de l&#8217;installation et du montage.<\/p>\n<h4><a href=\"https:\/\/galagar.com\/fr\/contact\/\" target=\"_blank\" rel=\"noopener\"><span style=\"color: #008000;\">Demandez-nous une \u00e9tude de projet et un devis sur mesure.<\/span><\/a><\/h4>\n<\/div><div ><a class=\"fusion-button button-flat fusion-button-default-size button-default fusion-button-default button-1 fusion-button-default-span fusion-button-default-type fusion-animated\" data-animationType=\"fadeInLeft\" data-animationDuration=\"0.3\" data-animationDelay=\"0.5\" data-animationOffset=\"top-into-view\" target=\"_self\" href=\"https:\/\/galagar.com\/contacto\/\"><span class=\"fusion-button-text\">Ici<\/span><\/a><\/div><\/div><\/div><\/div><\/div>\n","protected":false},"excerpt":{"rendered":"<p><strong>Description :<\/strong><br \/>\nNos rideaux offrent une protection contre la lumi\u00e8re bleue dangereuse et les rayons ultraviolets (UV). En cas d&#8217;exposition prolong\u00e9e, ces rayons peuvent provoquer des conjonctivites actiniques et m\u00eame des cataractes. Les rideaux prot\u00e8gent \u00e9galement le soudeur contre l&#8217;\u00e9blouissement d\u00fb \u00e0 la lumi\u00e8re de soudage.<br \/>\nGala Gar propose des rideaux en trois couleurs, conform\u00e9ment \u00e0 la norme europ\u00e9enne EN-1598.<\/p>\n<p><strong>Caract\u00e9ristiques :<\/strong><br \/>\nFabriqu\u00e9 en PVC d&#8217;une \u00e9paisseur d&#8217;environ 0,40 mm.<br \/>\nCouture enti\u00e8rement ferm\u00e9e, 5 cm de large.<br \/>\nOeillets de suspension synth\u00e9tiques dans la couture sup\u00e9rieure<br \/>\nMousquetons des deux c\u00f4t\u00e9s \u00e0 40 cm l&#8217;un de l&#8217;autre.<br \/>\nl&#8217;un sur l&#8217;autre pour joindre les rideaux.<br \/>\nY compris 7 anneaux de suspension en acier pour les 7 \u0153illets<br \/>\npour tube \u00d8 33,7 mm (tube non inclus).<\/p>\n<h6><span style=\"color: #008000;\"><strong>Autres tailles de structures personnalis\u00e9es sur demande.<\/strong><\/span><\/h6>\n","protected":false},"featured_media":16774,"template":"","meta":{"_acf_changed":false,"content-type":"","inline_featured_image":false,"_monsterinsights_skip_tracking":false,"_monsterinsights_sitenote_active":false,"_monsterinsights_sitenote_note":"","_monsterinsights_sitenote_category":0,"_joinchat":[]},"product_brand":[],"product_cat":[937,1224,1356],"product_tag":[],"class_list":{"0":"post-18284","1":"product","2":"type-product","3":"status-publish","4":"has-post-thumbnail","6":"product_cat-produits","7":"product_cat-protection","8":"product_cat-rideaux","10":"first","11":"instock","12":"taxable","13":"shipping-taxable","14":"product-type-variable"},"acf":[],"yoast_head":"<!-- This site is optimized with the Yoast SEO plugin v26.4 - https:\/\/yoast.com\/wordpress\/plugins\/seo\/ -->\n<title>Structures de rideaux de protection | GALA GAR - Productos de soldadura y reguladores de gas - Gas y soldadura<\/title>\n<meta name=\"robots\" content=\"index, follow, max-snippet:-1, max-image-preview:large, max-video-preview:-1\" \/>\n<link rel=\"canonical\" href=\"https:\/\/galagar.com\/fr\/produit\/structures-de-rideaux-de-protection\/\" \/>\n<meta property=\"og:locale\" content=\"fr_FR\" \/>\n<meta property=\"og:type\" content=\"article\" \/>\n<meta property=\"og:title\" content=\"Structures de rideaux de protection | GALA GAR - Productos de soldadura y reguladores de gas - Gas y soldadura\" \/>\n<meta property=\"og:description\" content=\"Description : Nos rideaux offrent une protection contre la lumi\u00e8re bleue dangereuse et les rayons ultraviolets (UV). En cas d&#039;exposition prolong\u00e9e, ces rayons peuvent provoquer des conjonctivites actiniques et m\u00eame des cataractes. Les rideaux prot\u00e8gent \u00e9galement le soudeur contre l&#039;\u00e9blouissement d\u00fb \u00e0 la lumi\u00e8re de soudage. Gala Gar propose des rideaux en trois couleurs, conform\u00e9ment \u00e0 la norme europ\u00e9enne EN-1598. Caract\u00e9ristiques : Fabriqu\u00e9 en PVC d&#039;une \u00e9paisseur d&#039;environ 0,40 mm. Couture enti\u00e8rement ferm\u00e9e, 5 cm de large. Oeillets de suspension synth\u00e9tiques dans la couture sup\u00e9rieure Mousquetons des deux c\u00f4t\u00e9s \u00e0 40 cm l&#039;un de l&#039;autre. l&#039;un sur l&#039;autre pour joindre les rideaux. Y compris 7 anneaux de suspension en acier pour les 7 \u0153illets pour tube \u00d8 33,7 mm (tube non inclus). Autres tailles de structures personnalis\u00e9es sur demande.\" \/>\n<meta property=\"og:url\" content=\"https:\/\/galagar.com\/fr\/produit\/structures-de-rideaux-de-protection\/\" \/>\n<meta property=\"og:site_name\" content=\"GALA GAR - Productos de soldadura y reguladores de gas - Gas y soldadura\" \/>\n<meta property=\"article:publisher\" content=\"https:\/\/www.facebook.com\/galagarsoldadura\/\" \/>\n<meta property=\"article:modified_time\" content=\"2023-05-11T20:40:17+00:00\" \/>\n<meta property=\"og:image\" content=\"https:\/\/galagar.com\/wp-content\/uploads\/2022\/01\/Cortinas-ConEstructuras.jpg\" \/>\n\t<meta property=\"og:image:width\" content=\"640\" \/>\n\t<meta property=\"og:image:height\" content=\"800\" \/>\n\t<meta property=\"og:image:type\" content=\"image\/jpeg\" \/>\n<meta name=\"twitter:card\" content=\"summary_large_image\" \/>\n<meta name=\"twitter:label1\" content=\"Dur\u00e9e de lecture estim\u00e9e\" \/>\n\t<meta name=\"twitter:data1\" content=\"3 minutes\" \/>\n<script type=\"application\/ld+json\" class=\"yoast-schema-graph\">{\"@context\":\"https:\/\/schema.org\",\"@graph\":[{\"@type\":\"WebPage\",\"@id\":\"https:\/\/galagar.com\/fr\/produit\/structures-de-rideaux-de-protection\/\",\"url\":\"https:\/\/galagar.com\/fr\/produit\/structures-de-rideaux-de-protection\/\",\"name\":\"Structures de rideaux de protection | GALA GAR - Productos de soldadura y reguladores de gas - Gas y soldadura\",\"isPartOf\":{\"@id\":\"https:\/\/galagar.com\/fr\/#website\"},\"primaryImageOfPage\":{\"@id\":\"https:\/\/galagar.com\/fr\/produit\/structures-de-rideaux-de-protection\/#primaryimage\"},\"image\":{\"@id\":\"https:\/\/galagar.com\/fr\/produit\/structures-de-rideaux-de-protection\/#primaryimage\"},\"thumbnailUrl\":\"https:\/\/galagar.com\/wp-content\/uploads\/2022\/01\/Cortinas-ConEstructuras.jpg\",\"datePublished\":\"2022-01-27T18:45:53+00:00\",\"dateModified\":\"2023-05-11T20:40:17+00:00\",\"breadcrumb\":{\"@id\":\"https:\/\/galagar.com\/fr\/produit\/structures-de-rideaux-de-protection\/#breadcrumb\"},\"inLanguage\":\"fr-FR\",\"potentialAction\":[{\"@type\":\"ReadAction\",\"target\":[\"https:\/\/galagar.com\/fr\/produit\/structures-de-rideaux-de-protection\/\"]}]},{\"@type\":\"ImageObject\",\"inLanguage\":\"fr-FR\",\"@id\":\"https:\/\/galagar.com\/fr\/produit\/structures-de-rideaux-de-protection\/#primaryimage\",\"url\":\"https:\/\/galagar.com\/wp-content\/uploads\/2022\/01\/Cortinas-ConEstructuras.jpg\",\"contentUrl\":\"https:\/\/galagar.com\/wp-content\/uploads\/2022\/01\/Cortinas-ConEstructuras.jpg\",\"width\":640,\"height\":800},{\"@type\":\"BreadcrumbList\",\"@id\":\"https:\/\/galagar.com\/fr\/produit\/structures-de-rideaux-de-protection\/#breadcrumb\",\"itemListElement\":[{\"@type\":\"ListItem\",\"position\":1,\"name\":\"Inicio\",\"item\":\"https:\/\/galagar.com\/fr\/accueil\/\"},{\"@type\":\"ListItem\",\"position\":2,\"name\":\"Boutique\",\"item\":\"https:\/\/galagar.com\/fr\/boutique\/\"},{\"@type\":\"ListItem\",\"position\":3,\"name\":\"Produits\",\"item\":\"https:\/\/galagar.com\/fr\/tienda-online\/produits\/\"},{\"@type\":\"ListItem\",\"position\":4,\"name\":\"Protection\",\"item\":\"https:\/\/galagar.com\/fr\/tienda-online\/produits\/protection\/\"},{\"@type\":\"ListItem\",\"position\":5,\"name\":\"Rideaux\",\"item\":\"https:\/\/galagar.com\/fr\/tienda-online\/produits\/protection\/rideaux\/\"},{\"@type\":\"ListItem\",\"position\":6,\"name\":\"Structures de rideaux de protection\"}]},{\"@type\":\"WebSite\",\"@id\":\"https:\/\/galagar.com\/fr\/#website\",\"url\":\"https:\/\/galagar.com\/fr\/\",\"name\":\"GALA GAR - Productos de soldadura y reguladores de gas - Gas y soldadura\",\"description\":\"Gala Gar es fabricante de tecnolog\u00eda competitiva para soldadura (MMA-TIG-MIG\/MAG-CORTE POR PLASMA), regulaci\u00f3n de gases, y para soldadura y corte por gas.\",\"publisher\":{\"@id\":\"https:\/\/galagar.com\/fr\/#organization\"},\"potentialAction\":[{\"@type\":\"SearchAction\",\"target\":{\"@type\":\"EntryPoint\",\"urlTemplate\":\"https:\/\/galagar.com\/fr\/?s={search_term_string}\"},\"query-input\":{\"@type\":\"PropertyValueSpecification\",\"valueRequired\":true,\"valueName\":\"search_term_string\"}}],\"inLanguage\":\"fr-FR\"},{\"@type\":\"Organization\",\"@id\":\"https:\/\/galagar.com\/fr\/#organization\",\"name\":\"GALA GAR welding\",\"url\":\"https:\/\/galagar.com\/fr\/\",\"logo\":{\"@type\":\"ImageObject\",\"inLanguage\":\"fr-FR\",\"@id\":\"https:\/\/galagar.com\/fr\/#\/schema\/logo\/image\/\",\"url\":\"\",\"contentUrl\":\"\",\"caption\":\"GALA GAR welding\"},\"image\":{\"@id\":\"https:\/\/galagar.com\/fr\/#\/schema\/logo\/image\/\"},\"sameAs\":[\"https:\/\/www.facebook.com\/galagarsoldadura\/\",\"https:\/\/www.linkedin.com\/company\/gala-gar-sl\/?trk=biz-companies-cym\",\"https:\/\/www.youtube.com\/user\/galagarsp\",\"https:\/\/www.instagram.com\/galagar_soldadura\/?hl=es\"]}]}<\/script>\n<!-- \/ Yoast SEO plugin. -->","yoast_head_json":{"title":"Structures de rideaux de protection | GALA GAR - Productos de soldadura y reguladores de gas - Gas y soldadura","robots":{"index":"index","follow":"follow","max-snippet":"max-snippet:-1","max-image-preview":"max-image-preview:large","max-video-preview":"max-video-preview:-1"},"canonical":"https:\/\/galagar.com\/fr\/produit\/structures-de-rideaux-de-protection\/","og_locale":"fr_FR","og_type":"article","og_title":"Structures de rideaux de protection | GALA GAR - Productos de soldadura y reguladores de gas - Gas y soldadura","og_description":"Description : Nos rideaux offrent une protection contre la lumi\u00e8re bleue dangereuse et les rayons ultraviolets (UV). En cas d'exposition prolong\u00e9e, ces rayons peuvent provoquer des conjonctivites actiniques et m\u00eame des cataractes. Les rideaux prot\u00e8gent \u00e9galement le soudeur contre l'\u00e9blouissement d\u00fb \u00e0 la lumi\u00e8re de soudage. Gala Gar propose des rideaux en trois couleurs, conform\u00e9ment \u00e0 la norme europ\u00e9enne EN-1598. Caract\u00e9ristiques : Fabriqu\u00e9 en PVC d'une \u00e9paisseur d'environ 0,40 mm. Couture enti\u00e8rement ferm\u00e9e, 5 cm de large. Oeillets de suspension synth\u00e9tiques dans la couture sup\u00e9rieure Mousquetons des deux c\u00f4t\u00e9s \u00e0 40 cm l'un de l'autre. l'un sur l'autre pour joindre les rideaux. Y compris 7 anneaux de suspension en acier pour les 7 \u0153illets pour tube \u00d8 33,7 mm (tube non inclus). Autres tailles de structures personnalis\u00e9es sur demande.","og_url":"https:\/\/galagar.com\/fr\/produit\/structures-de-rideaux-de-protection\/","og_site_name":"GALA GAR - Productos de soldadura y reguladores de gas - Gas y soldadura","article_publisher":"https:\/\/www.facebook.com\/galagarsoldadura\/","article_modified_time":"2023-05-11T20:40:17+00:00","og_image":[{"width":640,"height":800,"url":"https:\/\/galagar.com\/wp-content\/uploads\/2022\/01\/Cortinas-ConEstructuras.jpg","type":"image\/jpeg"}],"twitter_card":"summary_large_image","twitter_misc":{"Dur\u00e9e de lecture estim\u00e9e":"3 minutes"},"schema":{"@context":"https:\/\/schema.org","@graph":[{"@type":"WebPage","@id":"https:\/\/galagar.com\/fr\/produit\/structures-de-rideaux-de-protection\/","url":"https:\/\/galagar.com\/fr\/produit\/structures-de-rideaux-de-protection\/","name":"Structures de rideaux de protection | GALA GAR - Productos de soldadura y reguladores de gas - Gas y soldadura","isPartOf":{"@id":"https:\/\/galagar.com\/fr\/#website"},"primaryImageOfPage":{"@id":"https:\/\/galagar.com\/fr\/produit\/structures-de-rideaux-de-protection\/#primaryimage"},"image":{"@id":"https:\/\/galagar.com\/fr\/produit\/structures-de-rideaux-de-protection\/#primaryimage"},"thumbnailUrl":"https:\/\/galagar.com\/wp-content\/uploads\/2022\/01\/Cortinas-ConEstructuras.jpg","datePublished":"2022-01-27T18:45:53+00:00","dateModified":"2023-05-11T20:40:17+00:00","breadcrumb":{"@id":"https:\/\/galagar.com\/fr\/produit\/structures-de-rideaux-de-protection\/#breadcrumb"},"inLanguage":"fr-FR","potentialAction":[{"@type":"ReadAction","target":["https:\/\/galagar.com\/fr\/produit\/structures-de-rideaux-de-protection\/"]}]},{"@type":"ImageObject","inLanguage":"fr-FR","@id":"https:\/\/galagar.com\/fr\/produit\/structures-de-rideaux-de-protection\/#primaryimage","url":"https:\/\/galagar.com\/wp-content\/uploads\/2022\/01\/Cortinas-ConEstructuras.jpg","contentUrl":"https:\/\/galagar.com\/wp-content\/uploads\/2022\/01\/Cortinas-ConEstructuras.jpg","width":640,"height":800},{"@type":"BreadcrumbList","@id":"https:\/\/galagar.com\/fr\/produit\/structures-de-rideaux-de-protection\/#breadcrumb","itemListElement":[{"@type":"ListItem","position":1,"name":"Inicio","item":"https:\/\/galagar.com\/fr\/accueil\/"},{"@type":"ListItem","position":2,"name":"Boutique","item":"https:\/\/galagar.com\/fr\/boutique\/"},{"@type":"ListItem","position":3,"name":"Produits","item":"https:\/\/galagar.com\/fr\/tienda-online\/produits\/"},{"@type":"ListItem","position":4,"name":"Protection","item":"https:\/\/galagar.com\/fr\/tienda-online\/produits\/protection\/"},{"@type":"ListItem","position":5,"name":"Rideaux","item":"https:\/\/galagar.com\/fr\/tienda-online\/produits\/protection\/rideaux\/"},{"@type":"ListItem","position":6,"name":"Structures de rideaux de protection"}]},{"@type":"WebSite","@id":"https:\/\/galagar.com\/fr\/#website","url":"https:\/\/galagar.com\/fr\/","name":"GALA GAR - Productos de soldadura y reguladores de gas - Gas y soldadura","description":"Gala Gar es fabricante de tecnolog\u00eda competitiva para soldadura (MMA-TIG-MIG\/MAG-CORTE POR PLASMA), regulaci\u00f3n de gases, y para soldadura y corte por gas.","publisher":{"@id":"https:\/\/galagar.com\/fr\/#organization"},"potentialAction":[{"@type":"SearchAction","target":{"@type":"EntryPoint","urlTemplate":"https:\/\/galagar.com\/fr\/?s={search_term_string}"},"query-input":{"@type":"PropertyValueSpecification","valueRequired":true,"valueName":"search_term_string"}}],"inLanguage":"fr-FR"},{"@type":"Organization","@id":"https:\/\/galagar.com\/fr\/#organization","name":"GALA GAR welding","url":"https:\/\/galagar.com\/fr\/","logo":{"@type":"ImageObject","inLanguage":"fr-FR","@id":"https:\/\/galagar.com\/fr\/#\/schema\/logo\/image\/","url":"","contentUrl":"","caption":"GALA GAR welding"},"image":{"@id":"https:\/\/galagar.com\/fr\/#\/schema\/logo\/image\/"},"sameAs":["https:\/\/www.facebook.com\/galagarsoldadura\/","https:\/\/www.linkedin.com\/company\/gala-gar-sl\/?trk=biz-companies-cym","https:\/\/www.youtube.com\/user\/galagarsp","https:\/\/www.instagram.com\/galagar_soldadura\/?hl=es"]}]}},"_links":{"self":[{"href":"https:\/\/galagar.com\/fr\/wp-json\/wp\/v2\/product\/18284","targetHints":{"allow":["GET"]}}],"collection":[{"href":"https:\/\/galagar.com\/fr\/wp-json\/wp\/v2\/product"}],"about":[{"href":"https:\/\/galagar.com\/fr\/wp-json\/wp\/v2\/types\/product"}],"wp:featuredmedia":[{"embeddable":true,"href":"https:\/\/galagar.com\/fr\/wp-json\/wp\/v2\/media\/16774"}],"wp:attachment":[{"href":"https:\/\/galagar.com\/fr\/wp-json\/wp\/v2\/media?parent=18284"}],"wp:term":[{"taxonomy":"product_brand","embeddable":true,"href":"https:\/\/galagar.com\/fr\/wp-json\/wp\/v2\/product_brand?post=18284"},{"taxonomy":"product_cat","embeddable":true,"href":"https:\/\/galagar.com\/fr\/wp-json\/wp\/v2\/product_cat?post=18284"},{"taxonomy":"product_tag","embeddable":true,"href":"https:\/\/galagar.com\/fr\/wp-json\/wp\/v2\/product_tag?post=18284"}],"curies":[{"name":"wp","href":"https:\/\/api.w.org\/{rel}","templated":true}]}}