{"id":18475,"date":"2022-05-04T20:46:46","date_gmt":"2022-05-04T18:46:46","guid":{"rendered":"https:\/\/dev.galagar.com\/producto\/spray-anti-projection\/"},"modified":"2023-05-11T22:41:12","modified_gmt":"2023-05-11T20:41:12","slug":"spray-antiproyecc-ceramique","status":"publish","type":"product","link":"https:\/\/galagar.com\/fr\/produit\/spray-antiproyecc-ceramique\/","title":{"rendered":"Spray anti-projection"},"content":{"rendered":"","protected":false},"excerpt":{"rendered":"<p>Spray antiadh\u00e9sif sans silicone pour le soudage des m\u00e9taux. Il est utilis\u00e9 comme anti-adh\u00e9sif sur les pi\u00e8ces \u00e0 souder et comme protecteur de la buse du chalumeau. Gr\u00e2ce \u00e0 sa formule sans silicone, il peut \u00eatre utilis\u00e9 pour le laquage, la m\u00e9tallisation et le chromage. Facilite et acc\u00e9l\u00e8re le soudage en emp\u00eachant l&#8217;adh\u00e9rence des \u00e9tincelles de soudage.<\/p>\n","protected":false},"featured_media":18477,"template":"","meta":{"_acf_changed":false,"content-type":"","inline_featured_image":false,"_monsterinsights_skip_tracking":false,"_monsterinsights_sitenote_active":false,"_monsterinsights_sitenote_note":"","_monsterinsights_sitenote_category":0,"_joinchat":[]},"product_brand":[],"product_cat":[80],"product_tag":[],"class_list":{"0":"post-18475","1":"product","2":"type-product","3":"status-publish","4":"has-post-thumbnail","6":"product_cat-productos-de-soldadura-gala-gar","8":"first","9":"instock","10":"taxable","11":"shipping-taxable","12":"product-type-simple"},"acf":[],"yoast_head":"<!-- This site is optimized with the Yoast SEO plugin v26.4 - https:\/\/yoast.com\/wordpress\/plugins\/seo\/ -->\n<title>Spray anti-projection | GALA GAR - Productos de soldadura y reguladores de gas - Gas y soldadura<\/title>\n<meta name=\"robots\" content=\"index, follow, max-snippet:-1, max-image-preview:large, max-video-preview:-1\" \/>\n<link rel=\"canonical\" href=\"https:\/\/galagar.com\/fr\/produit\/spray-antiproyecc-ceramique\/\" \/>\n<meta property=\"og:locale\" content=\"fr_FR\" \/>\n<meta property=\"og:type\" content=\"article\" \/>\n<meta property=\"og:title\" content=\"Spray anti-projection | GALA GAR - Productos de soldadura y reguladores de gas - Gas y soldadura\" \/>\n<meta property=\"og:description\" content=\"Spray antiadh\u00e9sif sans silicone pour le soudage des m\u00e9taux. Il est utilis\u00e9 comme anti-adh\u00e9sif sur les pi\u00e8ces \u00e0 souder et comme protecteur de la buse du chalumeau. Gr\u00e2ce \u00e0 sa formule sans silicone, il peut \u00eatre utilis\u00e9 pour le laquage, la m\u00e9tallisation et le chromage. Facilite et acc\u00e9l\u00e8re le soudage en emp\u00eachant l&#039;adh\u00e9rence des \u00e9tincelles de soudage.\" \/>\n<meta property=\"og:url\" content=\"https:\/\/galagar.com\/fr\/produit\/spray-antiproyecc-ceramique\/\" \/>\n<meta property=\"og:site_name\" content=\"GALA GAR - Productos de soldadura y reguladores de gas - Gas y soldadura\" \/>\n<meta property=\"article:publisher\" content=\"https:\/\/www.facebook.com\/galagarsoldadura\/\" \/>\n<meta property=\"article:modified_time\" content=\"2023-05-11T20:41:12+00:00\" \/>\n<meta property=\"og:image\" content=\"https:\/\/galagar.com\/wp-content\/uploads\/2022\/05\/Spray-Antiproyecc.jpg\" \/>\n\t<meta property=\"og:image:width\" content=\"640\" \/>\n\t<meta property=\"og:image:height\" content=\"800\" \/>\n\t<meta property=\"og:image:type\" content=\"image\/jpeg\" \/>\n<meta name=\"twitter:card\" content=\"summary_large_image\" \/>\n<script type=\"application\/ld+json\" class=\"yoast-schema-graph\">{\"@context\":\"https:\/\/schema.org\",\"@graph\":[{\"@type\":\"WebPage\",\"@id\":\"https:\/\/galagar.com\/fr\/produit\/spray-antiproyecc-ceramique\/\",\"url\":\"https:\/\/galagar.com\/fr\/produit\/spray-antiproyecc-ceramique\/\",\"name\":\"Spray anti-projection | GALA GAR - Productos de soldadura y reguladores de gas - Gas y soldadura\",\"isPartOf\":{\"@id\":\"https:\/\/galagar.com\/fr\/#website\"},\"primaryImageOfPage\":{\"@id\":\"https:\/\/galagar.com\/fr\/produit\/spray-antiproyecc-ceramique\/#primaryimage\"},\"image\":{\"@id\":\"https:\/\/galagar.com\/fr\/produit\/spray-antiproyecc-ceramique\/#primaryimage\"},\"thumbnailUrl\":\"https:\/\/galagar.com\/wp-content\/uploads\/2022\/05\/Spray-Antiproyecc.jpg\",\"datePublished\":\"2022-05-04T18:46:46+00:00\",\"dateModified\":\"2023-05-11T20:41:12+00:00\",\"breadcrumb\":{\"@id\":\"https:\/\/galagar.com\/fr\/produit\/spray-antiproyecc-ceramique\/#breadcrumb\"},\"inLanguage\":\"fr-FR\",\"potentialAction\":[{\"@type\":\"ReadAction\",\"target\":[\"https:\/\/galagar.com\/fr\/produit\/spray-antiproyecc-ceramique\/\"]}]},{\"@type\":\"ImageObject\",\"inLanguage\":\"fr-FR\",\"@id\":\"https:\/\/galagar.com\/fr\/produit\/spray-antiproyecc-ceramique\/#primaryimage\",\"url\":\"https:\/\/galagar.com\/wp-content\/uploads\/2022\/05\/Spray-Antiproyecc.jpg\",\"contentUrl\":\"https:\/\/galagar.com\/wp-content\/uploads\/2022\/05\/Spray-Antiproyecc.jpg\",\"width\":640,\"height\":800},{\"@type\":\"BreadcrumbList\",\"@id\":\"https:\/\/galagar.com\/fr\/produit\/spray-antiproyecc-ceramique\/#breadcrumb\",\"itemListElement\":[{\"@type\":\"ListItem\",\"position\":1,\"name\":\"Inicio\",\"item\":\"https:\/\/galagar.com\/fr\/accueil\/\"},{\"@type\":\"ListItem\",\"position\":2,\"name\":\"Boutique\",\"item\":\"https:\/\/galagar.com\/fr\/boutique\/\"},{\"@type\":\"ListItem\",\"position\":3,\"name\":\"Sin categor\u00eda\",\"item\":\"https:\/\/galagar.com\/tienda-online\/sin-categoria\/\"},{\"@type\":\"ListItem\",\"position\":4,\"name\":\"Spray anti-projection\"}]},{\"@type\":\"WebSite\",\"@id\":\"https:\/\/galagar.com\/fr\/#website\",\"url\":\"https:\/\/galagar.com\/fr\/\",\"name\":\"GALA GAR - Productos de soldadura y reguladores de gas - Gas y soldadura\",\"description\":\"Gala Gar es fabricante de tecnolog\u00eda competitiva para soldadura (MMA-TIG-MIG\/MAG-CORTE POR PLASMA), regulaci\u00f3n de gases, y para soldadura y corte por gas.\",\"publisher\":{\"@id\":\"https:\/\/galagar.com\/fr\/#organization\"},\"potentialAction\":[{\"@type\":\"SearchAction\",\"target\":{\"@type\":\"EntryPoint\",\"urlTemplate\":\"https:\/\/galagar.com\/fr\/?s={search_term_string}\"},\"query-input\":{\"@type\":\"PropertyValueSpecification\",\"valueRequired\":true,\"valueName\":\"search_term_string\"}}],\"inLanguage\":\"fr-FR\"},{\"@type\":\"Organization\",\"@id\":\"https:\/\/galagar.com\/fr\/#organization\",\"name\":\"GALA GAR welding\",\"url\":\"https:\/\/galagar.com\/fr\/\",\"logo\":{\"@type\":\"ImageObject\",\"inLanguage\":\"fr-FR\",\"@id\":\"https:\/\/galagar.com\/fr\/#\/schema\/logo\/image\/\",\"url\":\"\",\"contentUrl\":\"\",\"caption\":\"GALA GAR welding\"},\"image\":{\"@id\":\"https:\/\/galagar.com\/fr\/#\/schema\/logo\/image\/\"},\"sameAs\":[\"https:\/\/www.facebook.com\/galagarsoldadura\/\",\"https:\/\/www.linkedin.com\/company\/gala-gar-sl\/?trk=biz-companies-cym\",\"https:\/\/www.youtube.com\/user\/galagarsp\",\"https:\/\/www.instagram.com\/galagar_soldadura\/?hl=es\"]}]}<\/script>\n<!-- \/ Yoast SEO plugin. -->","yoast_head_json":{"title":"Spray anti-projection | GALA GAR - Productos de soldadura y reguladores de gas - Gas y soldadura","robots":{"index":"index","follow":"follow","max-snippet":"max-snippet:-1","max-image-preview":"max-image-preview:large","max-video-preview":"max-video-preview:-1"},"canonical":"https:\/\/galagar.com\/fr\/produit\/spray-antiproyecc-ceramique\/","og_locale":"fr_FR","og_type":"article","og_title":"Spray anti-projection | GALA GAR - Productos de soldadura y reguladores de gas - Gas y soldadura","og_description":"Spray antiadh\u00e9sif sans silicone pour le soudage des m\u00e9taux. Il est utilis\u00e9 comme anti-adh\u00e9sif sur les pi\u00e8ces \u00e0 souder et comme protecteur de la buse du chalumeau. Gr\u00e2ce \u00e0 sa formule sans silicone, il peut \u00eatre utilis\u00e9 pour le laquage, la m\u00e9tallisation et le chromage. Facilite et acc\u00e9l\u00e8re le soudage en emp\u00eachant l'adh\u00e9rence des \u00e9tincelles de soudage.","og_url":"https:\/\/galagar.com\/fr\/produit\/spray-antiproyecc-ceramique\/","og_site_name":"GALA GAR - Productos de soldadura y reguladores de gas - Gas y soldadura","article_publisher":"https:\/\/www.facebook.com\/galagarsoldadura\/","article_modified_time":"2023-05-11T20:41:12+00:00","og_image":[{"width":640,"height":800,"url":"https:\/\/galagar.com\/wp-content\/uploads\/2022\/05\/Spray-Antiproyecc.jpg","type":"image\/jpeg"}],"twitter_card":"summary_large_image","schema":{"@context":"https:\/\/schema.org","@graph":[{"@type":"WebPage","@id":"https:\/\/galagar.com\/fr\/produit\/spray-antiproyecc-ceramique\/","url":"https:\/\/galagar.com\/fr\/produit\/spray-antiproyecc-ceramique\/","name":"Spray anti-projection | GALA GAR - Productos de soldadura y reguladores de gas - Gas y soldadura","isPartOf":{"@id":"https:\/\/galagar.com\/fr\/#website"},"primaryImageOfPage":{"@id":"https:\/\/galagar.com\/fr\/produit\/spray-antiproyecc-ceramique\/#primaryimage"},"image":{"@id":"https:\/\/galagar.com\/fr\/produit\/spray-antiproyecc-ceramique\/#primaryimage"},"thumbnailUrl":"https:\/\/galagar.com\/wp-content\/uploads\/2022\/05\/Spray-Antiproyecc.jpg","datePublished":"2022-05-04T18:46:46+00:00","dateModified":"2023-05-11T20:41:12+00:00","breadcrumb":{"@id":"https:\/\/galagar.com\/fr\/produit\/spray-antiproyecc-ceramique\/#breadcrumb"},"inLanguage":"fr-FR","potentialAction":[{"@type":"ReadAction","target":["https:\/\/galagar.com\/fr\/produit\/spray-antiproyecc-ceramique\/"]}]},{"@type":"ImageObject","inLanguage":"fr-FR","@id":"https:\/\/galagar.com\/fr\/produit\/spray-antiproyecc-ceramique\/#primaryimage","url":"https:\/\/galagar.com\/wp-content\/uploads\/2022\/05\/Spray-Antiproyecc.jpg","contentUrl":"https:\/\/galagar.com\/wp-content\/uploads\/2022\/05\/Spray-Antiproyecc.jpg","width":640,"height":800},{"@type":"BreadcrumbList","@id":"https:\/\/galagar.com\/fr\/produit\/spray-antiproyecc-ceramique\/#breadcrumb","itemListElement":[{"@type":"ListItem","position":1,"name":"Inicio","item":"https:\/\/galagar.com\/fr\/accueil\/"},{"@type":"ListItem","position":2,"name":"Boutique","item":"https:\/\/galagar.com\/fr\/boutique\/"},{"@type":"ListItem","position":3,"name":"Sin categor\u00eda","item":"https:\/\/galagar.com\/tienda-online\/sin-categoria\/"},{"@type":"ListItem","position":4,"name":"Spray anti-projection"}]},{"@type":"WebSite","@id":"https:\/\/galagar.com\/fr\/#website","url":"https:\/\/galagar.com\/fr\/","name":"GALA GAR - Productos de soldadura y reguladores de gas - Gas y soldadura","description":"Gala Gar es fabricante de tecnolog\u00eda competitiva para soldadura (MMA-TIG-MIG\/MAG-CORTE POR PLASMA), regulaci\u00f3n de gases, y para soldadura y corte por gas.","publisher":{"@id":"https:\/\/galagar.com\/fr\/#organization"},"potentialAction":[{"@type":"SearchAction","target":{"@type":"EntryPoint","urlTemplate":"https:\/\/galagar.com\/fr\/?s={search_term_string}"},"query-input":{"@type":"PropertyValueSpecification","valueRequired":true,"valueName":"search_term_string"}}],"inLanguage":"fr-FR"},{"@type":"Organization","@id":"https:\/\/galagar.com\/fr\/#organization","name":"GALA GAR welding","url":"https:\/\/galagar.com\/fr\/","logo":{"@type":"ImageObject","inLanguage":"fr-FR","@id":"https:\/\/galagar.com\/fr\/#\/schema\/logo\/image\/","url":"","contentUrl":"","caption":"GALA GAR welding"},"image":{"@id":"https:\/\/galagar.com\/fr\/#\/schema\/logo\/image\/"},"sameAs":["https:\/\/www.facebook.com\/galagarsoldadura\/","https:\/\/www.linkedin.com\/company\/gala-gar-sl\/?trk=biz-companies-cym","https:\/\/www.youtube.com\/user\/galagarsp","https:\/\/www.instagram.com\/galagar_soldadura\/?hl=es"]}]}},"_links":{"self":[{"href":"https:\/\/galagar.com\/fr\/wp-json\/wp\/v2\/product\/18475","targetHints":{"allow":["GET"]}}],"collection":[{"href":"https:\/\/galagar.com\/fr\/wp-json\/wp\/v2\/product"}],"about":[{"href":"https:\/\/galagar.com\/fr\/wp-json\/wp\/v2\/types\/product"}],"wp:featuredmedia":[{"embeddable":true,"href":"https:\/\/galagar.com\/fr\/wp-json\/wp\/v2\/media\/18477"}],"wp:attachment":[{"href":"https:\/\/galagar.com\/fr\/wp-json\/wp\/v2\/media?parent=18475"}],"wp:term":[{"taxonomy":"product_brand","embeddable":true,"href":"https:\/\/galagar.com\/fr\/wp-json\/wp\/v2\/product_brand?post=18475"},{"taxonomy":"product_cat","embeddable":true,"href":"https:\/\/galagar.com\/fr\/wp-json\/wp\/v2\/product_cat?post=18475"},{"taxonomy":"product_tag","embeddable":true,"href":"https:\/\/galagar.com\/fr\/wp-json\/wp\/v2\/product_tag?post=18475"}],"curies":[{"name":"wp","href":"https:\/\/api.w.org\/{rel}","templated":true}]}}