{"id":18480,"date":"2022-01-27T19:46:41","date_gmt":"2022-01-27T18:46:41","guid":{"rendered":"https:\/\/dev.galagar.com\/producto\/gala-arc-1500\/"},"modified":"2024-08-02T11:01:28","modified_gmt":"2024-08-02T09:01:28","slug":"gala-arc-1500","status":"publish","type":"product","link":"https:\/\/galagar.com\/fr\/produit\/gala-arc-1500\/","title":{"rendered":"Gala ARC 1500"},"content":{"rendered":"<div class=\"fusion-fullwidth fullwidth-box fusion-builder-row-1 fusion-flex-container nonhundred-percent-fullwidth non-hundred-percent-height-scrolling\" style=\"--awb-border-radius-top-left:0px;--awb-border-radius-top-right:0px;--awb-border-radius-bottom-right:0px;--awb-border-radius-bottom-left:0px;--awb-padding-right:0px;--awb-padding-left:0px;--awb-flex-wrap:wrap;\" ><div class=\"fusion-builder-row fusion-row fusion-flex-align-items-flex-start fusion-flex-content-wrap\" style=\"max-width:1216.8px;margin-left: calc(-4% \/ 2 );margin-right: calc(-4% \/ 2 );\"><div class=\"fusion-layout-column fusion_builder_column fusion-builder-column-0 fusion_builder_column_3_5 3_5 fusion-flex-column\" style=\"--awb-bg-size:cover;--awb-width-large:60%;--awb-margin-top-large:0px;--awb-spacing-right-large:3.2%;--awb-margin-bottom-large:20px;--awb-spacing-left-large:3.2%;--awb-width-medium:100%;--awb-order-medium:0;--awb-spacing-right-medium:1.92%;--awb-spacing-left-medium:1.92%;--awb-width-small:100%;--awb-order-small:0;--awb-spacing-right-small:1.92%;--awb-spacing-left-small:1.92%;\"><div class=\"fusion-column-wrapper fusion-column-has-shadow fusion-flex-justify-content-flex-start fusion-content-layout-column\">\n<div class=\"table-2 gal-textos-menores\">\n<table width=\"100%\">\n<thead>\n<tr>\n<th align=\"left\">Caract\u00e9ristiques<\/th>\n<th align=\"left\"><\/th>\n<\/tr>\n<\/thead>\n<tbody>\n<tr>\n<td>Tension d&#8217;alimentation<\/td>\n<td>3 Ph 400V \u00b1 10 % &#8211; 50\/60 Hz.<\/td>\n<\/tr>\n<tr>\n<td>Marge r\u00e9glementaire<\/td>\n<td>15A \u00f7 1500 A<\/td>\n<\/tr>\n<tr>\n<td>Facteur d&#8217;engrenage<\/td>\n<td>1500 A \/ 100%<\/td>\n<\/tr>\n<tr>\n<td>Puissance maximale absorb\u00e9e<\/td>\n<td>89 Kva<\/td>\n<\/tr>\n<tr>\n<td>\u00c9paisseur de coupe maximale<\/td>\n<td>50 mm.<\/td>\n<\/tr>\n<tr>\n<td>D\u00e9bit d&#8217;air minimum requis<\/td>\n<td>805 L\/min. (5,6 bar)<\/td>\n<\/tr>\n<tr>\n<td>Compresseur recommand\u00e9<\/td>\n<td>10 PH 500 L.<\/td>\n<\/tr>\n<tr>\n<td align=\"left\">Dimensions<\/td>\n<td align=\"left\">590 x 1100 x 1200 mm.<\/td>\n<\/tr>\n<tr>\n<td align=\"left\">Poids<\/td>\n<td align=\"left\">550 Kg.<\/td>\n<\/tr>\n<\/tbody>\n<\/table>\n<\/div>\n<\/div><\/div><\/div><\/div>\n","protected":false},"excerpt":{"rendered":"<p>G\u00e9n\u00e9rateur \u00e0 commande \u00e9lectronique (thyristors) pour le soudage \u00e0 l&#8217;arc submerg\u00e9 en configuration simple et double fil. La tension de soudage peut \u00eatre r\u00e9gl\u00e9e \u00e0 l&#8217;avant ou sur le chariot de la t\u00eate de soudage.<\/p>\n<p>Le courant de soudage (en A) est r\u00e9gl\u00e9 sur le chariot. Sa configuration unique \u00e0 double pont permet d&#8217;obtenir un arc lisse et un cordon de soudure bien \u00e9tabli pour chaque valeur de courant. Il peut fonctionner \u00e0 tension constante (caract\u00e9ristique plate) s&#8217;il est utilis\u00e9 pour l&#8217;arc submerg\u00e9, et \u00e0 courant constant (caract\u00e9ristique de chute) s&#8217;il est utilis\u00e9 pour l&#8217;\u00e9bauche.<\/p>\n<p><strong>Proc\u00e9d\u00e9s : <\/strong>Arc \u00e0 air<\/p>\n<p><strong>Mat\u00e9riaux :<\/strong> Acier au carbone &#8211; Acier inoxydable &#8211; Aluminium<\/p>\n<p><strong>Applications :<\/strong><br \/>\nCharpenterie m\u00e9tallique &#8211; Chaudronnerie &#8211; Construction navale &#8211; Chantiers navals &#8211; Construction d&#8217;\u00e9quipements et de machines &#8211; Industrie p\u00e9trochimique &#8211; Industrie automobile &#8211; Industrie ferroviaire &#8211; Maintenance &#8211; Ateliers m\u00e9caniques &#8211; R\u00e9parations<\/p>\n<h6><span style=\"color: #008000;\">Pour des informations et\/ou l&#8217;achat d&#8217;\u00e9lectrodes en carbone, CONSULTEZ-NOUS.<\/span><\/h6>\n<p>&nbsp;<\/p>\n<p>&nbsp;<\/p>\n","protected":false},"featured_media":18484,"template":"","meta":{"_acf_changed":false,"content-type":"","inline_featured_image":false,"_monsterinsights_skip_tracking":false,"_monsterinsights_sitenote_active":false,"_monsterinsights_sitenote_note":"","_monsterinsights_sitenote_category":0,"_joinchat":[]},"product_brand":[],"product_cat":[937,1577],"product_tag":[],"class_list":{"0":"post-18480","1":"product","2":"type-product","3":"status-publish","4":"has-post-thumbnail","6":"product_cat-produits","7":"product_cat-arc-air","9":"first","10":"instock","11":"taxable","12":"shipping-taxable","13":"product-type-simple"},"acf":[],"yoast_head":"<!-- This site is optimized with the Yoast SEO plugin v26.4 - https:\/\/yoast.com\/wordpress\/plugins\/seo\/ -->\n<title>Gala ARC 1500 | GALA GAR - Productos de soldadura y reguladores de gas - Gas y soldadura<\/title>\n<meta name=\"robots\" content=\"index, follow, max-snippet:-1, max-image-preview:large, max-video-preview:-1\" \/>\n<link rel=\"canonical\" href=\"https:\/\/galagar.com\/fr\/produit\/gala-arc-1500\/\" \/>\n<meta property=\"og:locale\" content=\"fr_FR\" \/>\n<meta property=\"og:type\" content=\"article\" \/>\n<meta property=\"og:title\" content=\"Gala ARC 1500 | GALA GAR - Productos de soldadura y reguladores de gas - Gas y soldadura\" \/>\n<meta property=\"og:description\" content=\"G\u00e9n\u00e9rateur \u00e0 commande \u00e9lectronique (thyristors) pour le soudage \u00e0 l&#039;arc submerg\u00e9 en configuration simple et double fil. La tension de soudage peut \u00eatre r\u00e9gl\u00e9e \u00e0 l&#039;avant ou sur le chariot de la t\u00eate de soudage.  Le courant de soudage (en A) est r\u00e9gl\u00e9 sur le chariot. Sa configuration unique \u00e0 double pont permet d&#039;obtenir un arc lisse et un cordon de soudure bien \u00e9tabli pour chaque valeur de courant. Il peut fonctionner \u00e0 tension constante (caract\u00e9ristique plate) s&#039;il est utilis\u00e9 pour l&#039;arc submerg\u00e9, et \u00e0 courant constant (caract\u00e9ristique de chute) s&#039;il est utilis\u00e9 pour l&#039;\u00e9bauche.  Proc\u00e9d\u00e9s : Arc \u00e0 air  Mat\u00e9riaux : Acier au carbone - Acier inoxydable - Aluminium  Applications : Charpenterie m\u00e9tallique - Chaudronnerie - Construction navale - Chantiers navals - Construction d&#039;\u00e9quipements et de machines - Industrie p\u00e9trochimique - Industrie automobile - Industrie ferroviaire - Maintenance - Ateliers m\u00e9caniques - R\u00e9parations Pour des informations et\/ou l&#039;achat d&#039;\u00e9lectrodes en carbone, CONSULTEZ-NOUS. &nbsp;  &nbsp;\" \/>\n<meta property=\"og:url\" content=\"https:\/\/galagar.com\/fr\/produit\/gala-arc-1500\/\" \/>\n<meta property=\"og:site_name\" content=\"GALA GAR - Productos de soldadura y reguladores de gas - Gas y soldadura\" \/>\n<meta property=\"article:publisher\" content=\"https:\/\/www.facebook.com\/galagarsoldadura\/\" \/>\n<meta property=\"article:modified_time\" content=\"2024-08-02T09:01:28+00:00\" \/>\n<meta property=\"og:image\" content=\"https:\/\/galagar.com\/wp-content\/uploads\/2022\/01\/THT152_ARC_pq.jpg\" \/>\n\t<meta property=\"og:image:width\" content=\"640\" \/>\n\t<meta property=\"og:image:height\" content=\"800\" \/>\n\t<meta property=\"og:image:type\" content=\"image\/jpeg\" \/>\n<meta name=\"twitter:card\" content=\"summary_large_image\" \/>\n<meta name=\"twitter:label1\" content=\"Dur\u00e9e de lecture estim\u00e9e\" \/>\n\t<meta name=\"twitter:data1\" content=\"1 minute\" \/>\n<script type=\"application\/ld+json\" class=\"yoast-schema-graph\">{\"@context\":\"https:\/\/schema.org\",\"@graph\":[{\"@type\":\"WebPage\",\"@id\":\"https:\/\/galagar.com\/fr\/produit\/gala-arc-1500\/\",\"url\":\"https:\/\/galagar.com\/fr\/produit\/gala-arc-1500\/\",\"name\":\"Gala ARC 1500 | GALA GAR - Productos de soldadura y reguladores de gas - Gas y soldadura\",\"isPartOf\":{\"@id\":\"https:\/\/galagar.com\/fr\/#website\"},\"primaryImageOfPage\":{\"@id\":\"https:\/\/galagar.com\/fr\/produit\/gala-arc-1500\/#primaryimage\"},\"image\":{\"@id\":\"https:\/\/galagar.com\/fr\/produit\/gala-arc-1500\/#primaryimage\"},\"thumbnailUrl\":\"https:\/\/galagar.com\/wp-content\/uploads\/2022\/01\/THT152_ARC_pq.jpg\",\"datePublished\":\"2022-01-27T18:46:41+00:00\",\"dateModified\":\"2024-08-02T09:01:28+00:00\",\"breadcrumb\":{\"@id\":\"https:\/\/galagar.com\/fr\/produit\/gala-arc-1500\/#breadcrumb\"},\"inLanguage\":\"fr-FR\",\"potentialAction\":[{\"@type\":\"ReadAction\",\"target\":[\"https:\/\/galagar.com\/fr\/produit\/gala-arc-1500\/\"]}]},{\"@type\":\"ImageObject\",\"inLanguage\":\"fr-FR\",\"@id\":\"https:\/\/galagar.com\/fr\/produit\/gala-arc-1500\/#primaryimage\",\"url\":\"https:\/\/galagar.com\/wp-content\/uploads\/2022\/01\/THT152_ARC_pq.jpg\",\"contentUrl\":\"https:\/\/galagar.com\/wp-content\/uploads\/2022\/01\/THT152_ARC_pq.jpg\",\"width\":640,\"height\":800},{\"@type\":\"BreadcrumbList\",\"@id\":\"https:\/\/galagar.com\/fr\/produit\/gala-arc-1500\/#breadcrumb\",\"itemListElement\":[{\"@type\":\"ListItem\",\"position\":1,\"name\":\"Inicio\",\"item\":\"https:\/\/galagar.com\/fr\/accueil\/\"},{\"@type\":\"ListItem\",\"position\":2,\"name\":\"Boutique\",\"item\":\"https:\/\/galagar.com\/fr\/boutique\/\"},{\"@type\":\"ListItem\",\"position\":3,\"name\":\"Produits\",\"item\":\"https:\/\/galagar.com\/fr\/tienda-online\/produits\/\"},{\"@type\":\"ListItem\",\"position\":4,\"name\":\"Soudage \u00e9lectrique\",\"item\":\"https:\/\/galagar.com\/fr\/tienda-online\/produits\/soudage-electrique\/\"},{\"@type\":\"ListItem\",\"position\":5,\"name\":\"Arc Air\",\"item\":\"https:\/\/galagar.com\/fr\/tienda-online\/produits\/soudage-electrique\/arc-air\/\"},{\"@type\":\"ListItem\",\"position\":6,\"name\":\"Gala ARC 1500\"}]},{\"@type\":\"WebSite\",\"@id\":\"https:\/\/galagar.com\/fr\/#website\",\"url\":\"https:\/\/galagar.com\/fr\/\",\"name\":\"GALA GAR - Productos de soldadura y reguladores de gas - Gas y soldadura\",\"description\":\"Gala Gar es fabricante de tecnolog\u00eda competitiva para soldadura (MMA-TIG-MIG\/MAG-CORTE POR PLASMA), regulaci\u00f3n de gases, y para soldadura y corte por gas.\",\"publisher\":{\"@id\":\"https:\/\/galagar.com\/fr\/#organization\"},\"potentialAction\":[{\"@type\":\"SearchAction\",\"target\":{\"@type\":\"EntryPoint\",\"urlTemplate\":\"https:\/\/galagar.com\/fr\/?s={search_term_string}\"},\"query-input\":{\"@type\":\"PropertyValueSpecification\",\"valueRequired\":true,\"valueName\":\"search_term_string\"}}],\"inLanguage\":\"fr-FR\"},{\"@type\":\"Organization\",\"@id\":\"https:\/\/galagar.com\/fr\/#organization\",\"name\":\"GALA GAR welding\",\"url\":\"https:\/\/galagar.com\/fr\/\",\"logo\":{\"@type\":\"ImageObject\",\"inLanguage\":\"fr-FR\",\"@id\":\"https:\/\/galagar.com\/fr\/#\/schema\/logo\/image\/\",\"url\":\"\",\"contentUrl\":\"\",\"caption\":\"GALA GAR welding\"},\"image\":{\"@id\":\"https:\/\/galagar.com\/fr\/#\/schema\/logo\/image\/\"},\"sameAs\":[\"https:\/\/www.facebook.com\/galagarsoldadura\/\",\"https:\/\/www.linkedin.com\/company\/gala-gar-sl\/?trk=biz-companies-cym\",\"https:\/\/www.youtube.com\/user\/galagarsp\",\"https:\/\/www.instagram.com\/galagar_soldadura\/?hl=es\"]}]}<\/script>\n<!-- \/ Yoast SEO plugin. -->","yoast_head_json":{"title":"Gala ARC 1500 | GALA GAR - Productos de soldadura y reguladores de gas - Gas y soldadura","robots":{"index":"index","follow":"follow","max-snippet":"max-snippet:-1","max-image-preview":"max-image-preview:large","max-video-preview":"max-video-preview:-1"},"canonical":"https:\/\/galagar.com\/fr\/produit\/gala-arc-1500\/","og_locale":"fr_FR","og_type":"article","og_title":"Gala ARC 1500 | GALA GAR - Productos de soldadura y reguladores de gas - Gas y soldadura","og_description":"G\u00e9n\u00e9rateur \u00e0 commande \u00e9lectronique (thyristors) pour le soudage \u00e0 l'arc submerg\u00e9 en configuration simple et double fil. La tension de soudage peut \u00eatre r\u00e9gl\u00e9e \u00e0 l'avant ou sur le chariot de la t\u00eate de soudage.  Le courant de soudage (en A) est r\u00e9gl\u00e9 sur le chariot. Sa configuration unique \u00e0 double pont permet d'obtenir un arc lisse et un cordon de soudure bien \u00e9tabli pour chaque valeur de courant. Il peut fonctionner \u00e0 tension constante (caract\u00e9ristique plate) s'il est utilis\u00e9 pour l'arc submerg\u00e9, et \u00e0 courant constant (caract\u00e9ristique de chute) s'il est utilis\u00e9 pour l'\u00e9bauche.  Proc\u00e9d\u00e9s : Arc \u00e0 air  Mat\u00e9riaux : Acier au carbone - Acier inoxydable - Aluminium  Applications : Charpenterie m\u00e9tallique - Chaudronnerie - Construction navale - Chantiers navals - Construction d'\u00e9quipements et de machines - Industrie p\u00e9trochimique - Industrie automobile - Industrie ferroviaire - Maintenance - Ateliers m\u00e9caniques - R\u00e9parations Pour des informations et\/ou l'achat d'\u00e9lectrodes en carbone, CONSULTEZ-NOUS. &nbsp;  &nbsp;","og_url":"https:\/\/galagar.com\/fr\/produit\/gala-arc-1500\/","og_site_name":"GALA GAR - Productos de soldadura y reguladores de gas - Gas y soldadura","article_publisher":"https:\/\/www.facebook.com\/galagarsoldadura\/","article_modified_time":"2024-08-02T09:01:28+00:00","og_image":[{"width":640,"height":800,"url":"https:\/\/galagar.com\/wp-content\/uploads\/2022\/01\/THT152_ARC_pq.jpg","type":"image\/jpeg"}],"twitter_card":"summary_large_image","twitter_misc":{"Dur\u00e9e de lecture estim\u00e9e":"1 minute"},"schema":{"@context":"https:\/\/schema.org","@graph":[{"@type":"WebPage","@id":"https:\/\/galagar.com\/fr\/produit\/gala-arc-1500\/","url":"https:\/\/galagar.com\/fr\/produit\/gala-arc-1500\/","name":"Gala ARC 1500 | GALA GAR - Productos de soldadura y reguladores de gas - Gas y soldadura","isPartOf":{"@id":"https:\/\/galagar.com\/fr\/#website"},"primaryImageOfPage":{"@id":"https:\/\/galagar.com\/fr\/produit\/gala-arc-1500\/#primaryimage"},"image":{"@id":"https:\/\/galagar.com\/fr\/produit\/gala-arc-1500\/#primaryimage"},"thumbnailUrl":"https:\/\/galagar.com\/wp-content\/uploads\/2022\/01\/THT152_ARC_pq.jpg","datePublished":"2022-01-27T18:46:41+00:00","dateModified":"2024-08-02T09:01:28+00:00","breadcrumb":{"@id":"https:\/\/galagar.com\/fr\/produit\/gala-arc-1500\/#breadcrumb"},"inLanguage":"fr-FR","potentialAction":[{"@type":"ReadAction","target":["https:\/\/galagar.com\/fr\/produit\/gala-arc-1500\/"]}]},{"@type":"ImageObject","inLanguage":"fr-FR","@id":"https:\/\/galagar.com\/fr\/produit\/gala-arc-1500\/#primaryimage","url":"https:\/\/galagar.com\/wp-content\/uploads\/2022\/01\/THT152_ARC_pq.jpg","contentUrl":"https:\/\/galagar.com\/wp-content\/uploads\/2022\/01\/THT152_ARC_pq.jpg","width":640,"height":800},{"@type":"BreadcrumbList","@id":"https:\/\/galagar.com\/fr\/produit\/gala-arc-1500\/#breadcrumb","itemListElement":[{"@type":"ListItem","position":1,"name":"Inicio","item":"https:\/\/galagar.com\/fr\/accueil\/"},{"@type":"ListItem","position":2,"name":"Boutique","item":"https:\/\/galagar.com\/fr\/boutique\/"},{"@type":"ListItem","position":3,"name":"Produits","item":"https:\/\/galagar.com\/fr\/tienda-online\/produits\/"},{"@type":"ListItem","position":4,"name":"Soudage \u00e9lectrique","item":"https:\/\/galagar.com\/fr\/tienda-online\/produits\/soudage-electrique\/"},{"@type":"ListItem","position":5,"name":"Arc Air","item":"https:\/\/galagar.com\/fr\/tienda-online\/produits\/soudage-electrique\/arc-air\/"},{"@type":"ListItem","position":6,"name":"Gala ARC 1500"}]},{"@type":"WebSite","@id":"https:\/\/galagar.com\/fr\/#website","url":"https:\/\/galagar.com\/fr\/","name":"GALA GAR - Productos de soldadura y reguladores de gas - Gas y soldadura","description":"Gala Gar es fabricante de tecnolog\u00eda competitiva para soldadura (MMA-TIG-MIG\/MAG-CORTE POR PLASMA), regulaci\u00f3n de gases, y para soldadura y corte por gas.","publisher":{"@id":"https:\/\/galagar.com\/fr\/#organization"},"potentialAction":[{"@type":"SearchAction","target":{"@type":"EntryPoint","urlTemplate":"https:\/\/galagar.com\/fr\/?s={search_term_string}"},"query-input":{"@type":"PropertyValueSpecification","valueRequired":true,"valueName":"search_term_string"}}],"inLanguage":"fr-FR"},{"@type":"Organization","@id":"https:\/\/galagar.com\/fr\/#organization","name":"GALA GAR welding","url":"https:\/\/galagar.com\/fr\/","logo":{"@type":"ImageObject","inLanguage":"fr-FR","@id":"https:\/\/galagar.com\/fr\/#\/schema\/logo\/image\/","url":"","contentUrl":"","caption":"GALA GAR welding"},"image":{"@id":"https:\/\/galagar.com\/fr\/#\/schema\/logo\/image\/"},"sameAs":["https:\/\/www.facebook.com\/galagarsoldadura\/","https:\/\/www.linkedin.com\/company\/gala-gar-sl\/?trk=biz-companies-cym","https:\/\/www.youtube.com\/user\/galagarsp","https:\/\/www.instagram.com\/galagar_soldadura\/?hl=es"]}]}},"_links":{"self":[{"href":"https:\/\/galagar.com\/fr\/wp-json\/wp\/v2\/product\/18480","targetHints":{"allow":["GET"]}}],"collection":[{"href":"https:\/\/galagar.com\/fr\/wp-json\/wp\/v2\/product"}],"about":[{"href":"https:\/\/galagar.com\/fr\/wp-json\/wp\/v2\/types\/product"}],"wp:featuredmedia":[{"embeddable":true,"href":"https:\/\/galagar.com\/fr\/wp-json\/wp\/v2\/media\/18484"}],"wp:attachment":[{"href":"https:\/\/galagar.com\/fr\/wp-json\/wp\/v2\/media?parent=18480"}],"wp:term":[{"taxonomy":"product_brand","embeddable":true,"href":"https:\/\/galagar.com\/fr\/wp-json\/wp\/v2\/product_brand?post=18480"},{"taxonomy":"product_cat","embeddable":true,"href":"https:\/\/galagar.com\/fr\/wp-json\/wp\/v2\/product_cat?post=18480"},{"taxonomy":"product_tag","embeddable":true,"href":"https:\/\/galagar.com\/fr\/wp-json\/wp\/v2\/product_tag?post=18480"}],"curies":[{"name":"wp","href":"https:\/\/api.w.org\/{rel}","templated":true}]}}