{"id":18521,"date":"2022-01-27T19:47:19","date_gmt":"2022-01-27T18:47:19","guid":{"rendered":"https:\/\/dev.galagar.com\/producto\/gala-cleaner-eco\/"},"modified":"2023-05-11T22:42:09","modified_gmt":"2023-05-11T20:42:09","slug":"gala-cleaner-eco","status":"publish","type":"product","link":"https:\/\/galagar.com\/fr\/produit\/gala-cleaner-eco\/","title":{"rendered":"Gala Cleaner ECO"},"content":{"rendered":"<div class=\"fusion-fullwidth fullwidth-box fusion-builder-row-1 fusion-flex-container nonhundred-percent-fullwidth non-hundred-percent-height-scrolling\" style=\"--awb-border-radius-top-left:0px;--awb-border-radius-top-right:0px;--awb-border-radius-bottom-right:0px;--awb-border-radius-bottom-left:0px;--awb-padding-right:0px;--awb-padding-left:0px;--awb-flex-wrap:wrap;\" ><div class=\"fusion-builder-row fusion-row fusion-flex-align-items-flex-start fusion-flex-content-wrap\" style=\"max-width:1216.8px;margin-left: calc(-4% \/ 2 );margin-right: calc(-4% \/ 2 );\"><div class=\"fusion-layout-column fusion_builder_column fusion-builder-column-0 fusion_builder_column_3_4 3_4 fusion-flex-column\" style=\"--awb-bg-size:cover;--awb-width-large:75%;--awb-margin-top-large:0px;--awb-spacing-right-large:2.56%;--awb-margin-bottom-large:20px;--awb-spacing-left-large:2.56%;--awb-width-medium:100%;--awb-order-medium:0;--awb-spacing-right-medium:1.92%;--awb-spacing-left-medium:1.92%;--awb-width-small:100%;--awb-order-small:0;--awb-spacing-right-small:1.92%;--awb-spacing-left-small:1.92%;\"><div class=\"fusion-column-wrapper fusion-column-has-shadow fusion-flex-justify-content-flex-start fusion-content-layout-column\">\n<div class=\"table-2 gal-textos-menores\">\n<table width=\"100%\">\n<thead>\n<tr>\n<th align=\"left\">Caract\u00e9ristiques techniques de base<\/th>\n<th align=\"left\"><\/th>\n<\/tr>\n<\/thead>\n<tbody>\n<tr>\n<td>Tension d&#8217;alimentation<\/td>\n<td>  1 Ph. 230V &#8211; 50\/60 Hz. \u00b110%<\/td>\n<\/tr>\n<tr>\n<td>Puissance<\/td>\n<td>450 W<\/td>\n<\/tr>\n<tr>\n<td>Tension de l&#8217;\u00e9lectrode<\/td>\n<td>10\/30V AC\/DC<\/td>\n<\/tr>\n<tr>\n<td align=\"left\">Classe d&#8217;isolation IP<\/td>\n<td align=\"left\">IP 23<\/td>\n<\/tr>\n<tr>\n<td align=\"left\">Niveau sonore<\/td>\n<td align=\"left\">&lt;  10 dB A<\/td>\n<\/tr>\n<tr>\n<td align=\"left\">Dimensions de la machine :<\/td>\n<td align=\"left\">320 x 220 x 120 mm.<\/td>\n<\/tr>\n<tr>\n<td align=\"left\">Poids de la machine (\u00e0 vide)<\/td>\n<td align=\"left\">7 Kg.<\/td>\n<\/tr>\n<\/tbody>\n<\/table>\n<\/div>\n<\/div><\/div><\/div><\/div>\n","protected":false},"excerpt":{"rendered":"<p>Gala Cleaner Eco est utilis\u00e9 pour le traitement \u00e9cologique instantan\u00e9 des soudures TIG, laser, par r\u00e9sistance, orbitales, plasma et par lots.<\/p>\n<p><strong>Caract\u00e9ristiques :<\/strong><br \/>\nGala Cleaner Eco est la machine la plus l\u00e9g\u00e8re et la plus maniable de la s\u00e9rie Gala Cleaner. Gr\u00e2ce \u00e0 la technologie Inverter, elle garantit une efficacit\u00e9 r\u00e9elle de 96% (au lieu des 44% des machines qui utilisent un transformateur), elle est \u00e9quip\u00e9e d&#8217;une torche brevet\u00e9e avec r\u00e9servoir de dosage manuel int\u00e9gr\u00e9 et d&#8217;un panneau qui permet d&#8217;atteindre facilement les points les moins accessibles.<\/p>\n<p><strong>Il comprend<\/strong><br \/>\nMallette de transport &#8211; Chalumeau manuel complet &#8211; Liquides pour chalumeau &#8211; Chamois, brosses et embouts de chalumeau.<\/p>\n","protected":false},"featured_media":18533,"template":"","meta":{"_acf_changed":false,"content-type":"","inline_featured_image":false,"_monsterinsights_skip_tracking":false,"_monsterinsights_sitenote_active":false,"_monsterinsights_sitenote_note":"","_monsterinsights_sitenote_category":0,"_joinchat":[]},"product_brand":[],"product_cat":[937,1252],"product_tag":[],"class_list":{"0":"post-18521","1":"product","2":"type-product","3":"status-publish","4":"has-post-thumbnail","6":"product_cat-produits","7":"product_cat-nettoyage-de-lacier-inoxydable","9":"first","10":"instock","11":"taxable","12":"shipping-taxable","13":"product-type-simple"},"acf":[],"yoast_head":"<!-- This site is optimized with the Yoast SEO plugin v26.4 - https:\/\/yoast.com\/wordpress\/plugins\/seo\/ -->\n<title>Gala Cleaner ECO | GALA GAR - Productos de soldadura y reguladores de gas - Gas y soldadura<\/title>\n<meta name=\"robots\" content=\"index, follow, max-snippet:-1, max-image-preview:large, max-video-preview:-1\" \/>\n<link rel=\"canonical\" href=\"https:\/\/galagar.com\/fr\/produit\/gala-cleaner-eco\/\" \/>\n<meta property=\"og:locale\" content=\"fr_FR\" \/>\n<meta property=\"og:type\" content=\"article\" \/>\n<meta property=\"og:title\" content=\"Gala Cleaner ECO | GALA GAR - Productos de soldadura y reguladores de gas - Gas y soldadura\" \/>\n<meta property=\"og:description\" content=\"Gala Cleaner Eco est utilis\u00e9 pour le traitement \u00e9cologique instantan\u00e9 des soudures TIG, laser, par r\u00e9sistance, orbitales, plasma et par lots. Caract\u00e9ristiques : Gala Cleaner Eco est la machine la plus l\u00e9g\u00e8re et la plus maniable de la s\u00e9rie Gala Cleaner. Gr\u00e2ce \u00e0 la technologie Inverter, elle garantit une efficacit\u00e9 r\u00e9elle de 96% (au lieu des 44% des machines qui utilisent un transformateur), elle est \u00e9quip\u00e9e d&#039;une torche brevet\u00e9e avec r\u00e9servoir de dosage manuel int\u00e9gr\u00e9 et d&#039;un panneau qui permet d&#039;atteindre facilement les points les moins accessibles. Il comprend Mallette de transport - Chalumeau manuel complet - Liquides pour chalumeau - Chamois, brosses et embouts de chalumeau.\" \/>\n<meta property=\"og:url\" content=\"https:\/\/galagar.com\/fr\/produit\/gala-cleaner-eco\/\" \/>\n<meta property=\"og:site_name\" content=\"GALA GAR - Productos de soldadura y reguladores de gas - Gas y soldadura\" \/>\n<meta property=\"article:publisher\" content=\"https:\/\/www.facebook.com\/galagarsoldadura\/\" \/>\n<meta property=\"article:modified_time\" content=\"2023-05-11T20:42:09+00:00\" \/>\n<meta property=\"og:image\" content=\"https:\/\/galagar.com\/wp-content\/uploads\/2022\/01\/GalaCleaner-ECO_1.jpg\" \/>\n\t<meta property=\"og:image:width\" content=\"640\" \/>\n\t<meta property=\"og:image:height\" content=\"800\" \/>\n\t<meta property=\"og:image:type\" content=\"image\/jpeg\" \/>\n<meta name=\"twitter:card\" content=\"summary_large_image\" \/>\n<meta name=\"twitter:label1\" content=\"Dur\u00e9e de lecture estim\u00e9e\" \/>\n\t<meta name=\"twitter:data1\" content=\"2 minutes\" \/>\n<script type=\"application\/ld+json\" class=\"yoast-schema-graph\">{\"@context\":\"https:\/\/schema.org\",\"@graph\":[{\"@type\":\"WebPage\",\"@id\":\"https:\/\/galagar.com\/fr\/produit\/gala-cleaner-eco\/\",\"url\":\"https:\/\/galagar.com\/fr\/produit\/gala-cleaner-eco\/\",\"name\":\"Gala Cleaner ECO | GALA GAR - Productos de soldadura y reguladores de gas - Gas y soldadura\",\"isPartOf\":{\"@id\":\"https:\/\/galagar.com\/fr\/#website\"},\"primaryImageOfPage\":{\"@id\":\"https:\/\/galagar.com\/fr\/produit\/gala-cleaner-eco\/#primaryimage\"},\"image\":{\"@id\":\"https:\/\/galagar.com\/fr\/produit\/gala-cleaner-eco\/#primaryimage\"},\"thumbnailUrl\":\"https:\/\/galagar.com\/wp-content\/uploads\/2022\/01\/GalaCleaner-ECO_1.jpg\",\"datePublished\":\"2022-01-27T18:47:19+00:00\",\"dateModified\":\"2023-05-11T20:42:09+00:00\",\"breadcrumb\":{\"@id\":\"https:\/\/galagar.com\/fr\/produit\/gala-cleaner-eco\/#breadcrumb\"},\"inLanguage\":\"fr-FR\",\"potentialAction\":[{\"@type\":\"ReadAction\",\"target\":[\"https:\/\/galagar.com\/fr\/produit\/gala-cleaner-eco\/\"]}]},{\"@type\":\"ImageObject\",\"inLanguage\":\"fr-FR\",\"@id\":\"https:\/\/galagar.com\/fr\/produit\/gala-cleaner-eco\/#primaryimage\",\"url\":\"https:\/\/galagar.com\/wp-content\/uploads\/2022\/01\/GalaCleaner-ECO_1.jpg\",\"contentUrl\":\"https:\/\/galagar.com\/wp-content\/uploads\/2022\/01\/GalaCleaner-ECO_1.jpg\",\"width\":640,\"height\":800},{\"@type\":\"BreadcrumbList\",\"@id\":\"https:\/\/galagar.com\/fr\/produit\/gala-cleaner-eco\/#breadcrumb\",\"itemListElement\":[{\"@type\":\"ListItem\",\"position\":1,\"name\":\"Inicio\",\"item\":\"https:\/\/galagar.com\/fr\/accueil\/\"},{\"@type\":\"ListItem\",\"position\":2,\"name\":\"Boutique\",\"item\":\"https:\/\/galagar.com\/fr\/boutique\/\"},{\"@type\":\"ListItem\",\"position\":3,\"name\":\"Produits\",\"item\":\"https:\/\/galagar.com\/fr\/tienda-online\/produits\/\"},{\"@type\":\"ListItem\",\"position\":4,\"name\":\"Soudage \u00e9lectrique\",\"item\":\"https:\/\/galagar.com\/fr\/tienda-online\/produits\/soudage-electrique\/\"},{\"@type\":\"ListItem\",\"position\":5,\"name\":\"Nettoyage de l'acier inoxydable\",\"item\":\"https:\/\/galagar.com\/fr\/tienda-online\/produits\/soudage-electrique\/nettoyage-de-lacier-inoxydable\/\"},{\"@type\":\"ListItem\",\"position\":6,\"name\":\"Gala Cleaner ECO\"}]},{\"@type\":\"WebSite\",\"@id\":\"https:\/\/galagar.com\/fr\/#website\",\"url\":\"https:\/\/galagar.com\/fr\/\",\"name\":\"GALA GAR - Productos de soldadura y reguladores de gas - Gas y soldadura\",\"description\":\"Gala Gar es fabricante de tecnolog\u00eda competitiva para soldadura (MMA-TIG-MIG\/MAG-CORTE POR PLASMA), regulaci\u00f3n de gases, y para soldadura y corte por gas.\",\"publisher\":{\"@id\":\"https:\/\/galagar.com\/fr\/#organization\"},\"potentialAction\":[{\"@type\":\"SearchAction\",\"target\":{\"@type\":\"EntryPoint\",\"urlTemplate\":\"https:\/\/galagar.com\/fr\/?s={search_term_string}\"},\"query-input\":{\"@type\":\"PropertyValueSpecification\",\"valueRequired\":true,\"valueName\":\"search_term_string\"}}],\"inLanguage\":\"fr-FR\"},{\"@type\":\"Organization\",\"@id\":\"https:\/\/galagar.com\/fr\/#organization\",\"name\":\"GALA GAR welding\",\"url\":\"https:\/\/galagar.com\/fr\/\",\"logo\":{\"@type\":\"ImageObject\",\"inLanguage\":\"fr-FR\",\"@id\":\"https:\/\/galagar.com\/fr\/#\/schema\/logo\/image\/\",\"url\":\"\",\"contentUrl\":\"\",\"caption\":\"GALA GAR welding\"},\"image\":{\"@id\":\"https:\/\/galagar.com\/fr\/#\/schema\/logo\/image\/\"},\"sameAs\":[\"https:\/\/www.facebook.com\/galagarsoldadura\/\",\"https:\/\/www.linkedin.com\/company\/gala-gar-sl\/?trk=biz-companies-cym\",\"https:\/\/www.youtube.com\/user\/galagarsp\",\"https:\/\/www.instagram.com\/galagar_soldadura\/?hl=es\"]}]}<\/script>\n<!-- \/ Yoast SEO plugin. -->","yoast_head_json":{"title":"Gala Cleaner ECO | GALA GAR - Productos de soldadura y reguladores de gas - Gas y soldadura","robots":{"index":"index","follow":"follow","max-snippet":"max-snippet:-1","max-image-preview":"max-image-preview:large","max-video-preview":"max-video-preview:-1"},"canonical":"https:\/\/galagar.com\/fr\/produit\/gala-cleaner-eco\/","og_locale":"fr_FR","og_type":"article","og_title":"Gala Cleaner ECO | GALA GAR - Productos de soldadura y reguladores de gas - Gas y soldadura","og_description":"Gala Cleaner Eco est utilis\u00e9 pour le traitement \u00e9cologique instantan\u00e9 des soudures TIG, laser, par r\u00e9sistance, orbitales, plasma et par lots. Caract\u00e9ristiques : Gala Cleaner Eco est la machine la plus l\u00e9g\u00e8re et la plus maniable de la s\u00e9rie Gala Cleaner. Gr\u00e2ce \u00e0 la technologie Inverter, elle garantit une efficacit\u00e9 r\u00e9elle de 96% (au lieu des 44% des machines qui utilisent un transformateur), elle est \u00e9quip\u00e9e d'une torche brevet\u00e9e avec r\u00e9servoir de dosage manuel int\u00e9gr\u00e9 et d'un panneau qui permet d'atteindre facilement les points les moins accessibles. Il comprend Mallette de transport - Chalumeau manuel complet - Liquides pour chalumeau - Chamois, brosses et embouts de chalumeau.","og_url":"https:\/\/galagar.com\/fr\/produit\/gala-cleaner-eco\/","og_site_name":"GALA GAR - Productos de soldadura y reguladores de gas - Gas y soldadura","article_publisher":"https:\/\/www.facebook.com\/galagarsoldadura\/","article_modified_time":"2023-05-11T20:42:09+00:00","og_image":[{"width":640,"height":800,"url":"https:\/\/galagar.com\/wp-content\/uploads\/2022\/01\/GalaCleaner-ECO_1.jpg","type":"image\/jpeg"}],"twitter_card":"summary_large_image","twitter_misc":{"Dur\u00e9e de lecture estim\u00e9e":"2 minutes"},"schema":{"@context":"https:\/\/schema.org","@graph":[{"@type":"WebPage","@id":"https:\/\/galagar.com\/fr\/produit\/gala-cleaner-eco\/","url":"https:\/\/galagar.com\/fr\/produit\/gala-cleaner-eco\/","name":"Gala Cleaner ECO | GALA GAR - Productos de soldadura y reguladores de gas - Gas y soldadura","isPartOf":{"@id":"https:\/\/galagar.com\/fr\/#website"},"primaryImageOfPage":{"@id":"https:\/\/galagar.com\/fr\/produit\/gala-cleaner-eco\/#primaryimage"},"image":{"@id":"https:\/\/galagar.com\/fr\/produit\/gala-cleaner-eco\/#primaryimage"},"thumbnailUrl":"https:\/\/galagar.com\/wp-content\/uploads\/2022\/01\/GalaCleaner-ECO_1.jpg","datePublished":"2022-01-27T18:47:19+00:00","dateModified":"2023-05-11T20:42:09+00:00","breadcrumb":{"@id":"https:\/\/galagar.com\/fr\/produit\/gala-cleaner-eco\/#breadcrumb"},"inLanguage":"fr-FR","potentialAction":[{"@type":"ReadAction","target":["https:\/\/galagar.com\/fr\/produit\/gala-cleaner-eco\/"]}]},{"@type":"ImageObject","inLanguage":"fr-FR","@id":"https:\/\/galagar.com\/fr\/produit\/gala-cleaner-eco\/#primaryimage","url":"https:\/\/galagar.com\/wp-content\/uploads\/2022\/01\/GalaCleaner-ECO_1.jpg","contentUrl":"https:\/\/galagar.com\/wp-content\/uploads\/2022\/01\/GalaCleaner-ECO_1.jpg","width":640,"height":800},{"@type":"BreadcrumbList","@id":"https:\/\/galagar.com\/fr\/produit\/gala-cleaner-eco\/#breadcrumb","itemListElement":[{"@type":"ListItem","position":1,"name":"Inicio","item":"https:\/\/galagar.com\/fr\/accueil\/"},{"@type":"ListItem","position":2,"name":"Boutique","item":"https:\/\/galagar.com\/fr\/boutique\/"},{"@type":"ListItem","position":3,"name":"Produits","item":"https:\/\/galagar.com\/fr\/tienda-online\/produits\/"},{"@type":"ListItem","position":4,"name":"Soudage \u00e9lectrique","item":"https:\/\/galagar.com\/fr\/tienda-online\/produits\/soudage-electrique\/"},{"@type":"ListItem","position":5,"name":"Nettoyage de l'acier inoxydable","item":"https:\/\/galagar.com\/fr\/tienda-online\/produits\/soudage-electrique\/nettoyage-de-lacier-inoxydable\/"},{"@type":"ListItem","position":6,"name":"Gala Cleaner ECO"}]},{"@type":"WebSite","@id":"https:\/\/galagar.com\/fr\/#website","url":"https:\/\/galagar.com\/fr\/","name":"GALA GAR - Productos de soldadura y reguladores de gas - Gas y soldadura","description":"Gala Gar es fabricante de tecnolog\u00eda competitiva para soldadura (MMA-TIG-MIG\/MAG-CORTE POR PLASMA), regulaci\u00f3n de gases, y para soldadura y corte por gas.","publisher":{"@id":"https:\/\/galagar.com\/fr\/#organization"},"potentialAction":[{"@type":"SearchAction","target":{"@type":"EntryPoint","urlTemplate":"https:\/\/galagar.com\/fr\/?s={search_term_string}"},"query-input":{"@type":"PropertyValueSpecification","valueRequired":true,"valueName":"search_term_string"}}],"inLanguage":"fr-FR"},{"@type":"Organization","@id":"https:\/\/galagar.com\/fr\/#organization","name":"GALA GAR welding","url":"https:\/\/galagar.com\/fr\/","logo":{"@type":"ImageObject","inLanguage":"fr-FR","@id":"https:\/\/galagar.com\/fr\/#\/schema\/logo\/image\/","url":"","contentUrl":"","caption":"GALA GAR welding"},"image":{"@id":"https:\/\/galagar.com\/fr\/#\/schema\/logo\/image\/"},"sameAs":["https:\/\/www.facebook.com\/galagarsoldadura\/","https:\/\/www.linkedin.com\/company\/gala-gar-sl\/?trk=biz-companies-cym","https:\/\/www.youtube.com\/user\/galagarsp","https:\/\/www.instagram.com\/galagar_soldadura\/?hl=es"]}]}},"_links":{"self":[{"href":"https:\/\/galagar.com\/fr\/wp-json\/wp\/v2\/product\/18521","targetHints":{"allow":["GET"]}}],"collection":[{"href":"https:\/\/galagar.com\/fr\/wp-json\/wp\/v2\/product"}],"about":[{"href":"https:\/\/galagar.com\/fr\/wp-json\/wp\/v2\/types\/product"}],"wp:featuredmedia":[{"embeddable":true,"href":"https:\/\/galagar.com\/fr\/wp-json\/wp\/v2\/media\/18533"}],"wp:attachment":[{"href":"https:\/\/galagar.com\/fr\/wp-json\/wp\/v2\/media?parent=18521"}],"wp:term":[{"taxonomy":"product_brand","embeddable":true,"href":"https:\/\/galagar.com\/fr\/wp-json\/wp\/v2\/product_brand?post=18521"},{"taxonomy":"product_cat","embeddable":true,"href":"https:\/\/galagar.com\/fr\/wp-json\/wp\/v2\/product_cat?post=18521"},{"taxonomy":"product_tag","embeddable":true,"href":"https:\/\/galagar.com\/fr\/wp-json\/wp\/v2\/product_tag?post=18521"}],"curies":[{"name":"wp","href":"https:\/\/api.w.org\/{rel}","templated":true}]}}