{"id":18565,"date":"2022-01-27T19:46:41","date_gmt":"2022-01-27T18:46:41","guid":{"rendered":"https:\/\/dev.galagar.com\/producto\/gala-mig-3800\/"},"modified":"2024-09-30T09:06:05","modified_gmt":"2024-09-30T07:06:05","slug":"gala-mig-3800","status":"publish","type":"product","link":"https:\/\/galagar.com\/fr\/produit\/gala-mig-3800\/","title":{"rendered":"Gala MIG 3800"},"content":{"rendered":"<div class=\"fusion-fullwidth fullwidth-box fusion-builder-row-1 fusion-flex-container nonhundred-percent-fullwidth non-hundred-percent-height-scrolling\" style=\"--awb-border-radius-top-left:0px;--awb-border-radius-top-right:0px;--awb-border-radius-bottom-right:0px;--awb-border-radius-bottom-left:0px;--awb-padding-right:0px;--awb-padding-left:0px;--awb-flex-wrap:wrap;\" ><div class=\"fusion-builder-row fusion-row fusion-flex-align-items-flex-start fusion-flex-content-wrap\" style=\"max-width:1216.8px;margin-left: calc(-4% \/ 2 );margin-right: calc(-4% \/ 2 );\"><div class=\"fusion-layout-column fusion_builder_column fusion-builder-column-0 fusion_builder_column_3_5 3_5 fusion-flex-column\" style=\"--awb-bg-size:cover;--awb-width-large:60%;--awb-margin-top-large:0px;--awb-spacing-right-large:3.2%;--awb-margin-bottom-large:20px;--awb-spacing-left-large:3.2%;--awb-width-medium:100%;--awb-order-medium:0;--awb-spacing-right-medium:1.92%;--awb-spacing-left-medium:1.92%;--awb-width-small:100%;--awb-order-small:0;--awb-spacing-right-small:1.92%;--awb-spacing-left-small:1.92%;\"><div class=\"fusion-column-wrapper fusion-column-has-shadow fusion-flex-justify-content-flex-start fusion-content-layout-column\">\n<div class=\"table-2 gal-textos-menores\">\n<table width=\"100%\">\n<thead>\n<tr>\n<th align=\"left\">Caract\u00e9ristiques<\/th>\n<th align=\"left\"><\/th>\n<\/tr>\n<\/thead>\n<tbody>\n<tr>\n<td>Tension d&#8217;alimentation<\/td>\n<td>3 Ph 230\/400V &#8211; 50\/60 Hz.<\/td>\n<\/tr>\n<tr>\n<td>Marge de r\u00e9gulation<\/td>\n<td>35 A \u00f7 300 A<\/td>\n<\/tr>\n<tr>\n<td>Facteur de marche<\/td>\n<td>400 A \/ 35 %<\/td>\n<\/tr>\n<tr>\n<td>Nombre d&#8217;\u00e9chelles<\/td>\n<td>2 x 10 positions<\/td>\n<\/tr>\n<tr>\n<td>Puissance maximale absorb\u00e9e<\/td>\n<td>16,6 Kva<\/td>\n<\/tr>\n<tr>\n<td>Vitesse maximale du fil<\/td>\n<td>D\u00e9vidoir D12A &#8211; 19 m\/min.<\/td>\n<\/tr>\n<tr>\n<td>Dimensions<\/td>\n<td>556 x 767 x 900 mm.<\/td>\n<\/tr>\n<tr>\n<td>Poids<\/td>\n<td>95 Kg.<\/td>\n<\/tr>\n<\/tbody>\n<\/table>\n<\/div>\n<\/div><\/div><div class=\"fusion-layout-column fusion_builder_column fusion-builder-column-1 fusion_builder_column_2_5 2_5 fusion-flex-column\" style=\"--awb-bg-size:cover;--awb-width-large:40%;--awb-margin-top-large:0px;--awb-spacing-right-large:4.8%;--awb-margin-bottom-large:20px;--awb-spacing-left-large:4.8%;--awb-width-medium:100%;--awb-order-medium:0;--awb-spacing-right-medium:1.92%;--awb-spacing-left-medium:1.92%;--awb-width-small:100%;--awb-order-small:0;--awb-spacing-right-small:1.92%;--awb-spacing-left-small:1.92%;\"><div class=\"fusion-column-wrapper fusion-column-has-shadow fusion-flex-justify-content-flex-start fusion-content-layout-column\">\n<div class=\"table-2 gal-textos-menores\">\n<table width=\"100%\">\n<thead>\n<tr>\n<th align=\"left\">Options d&#8217;\u00e9quipement<\/th>\n<th align=\"left\"><\/th>\n<\/tr>\n<\/thead>\n<tbody>\n<tr>\n<td>R\u00e9f\u00e9rence<\/td>\n<td><\/td>\n<\/tr>\n<tr>\n<td>GM<\/td>\n<td>Assemblage des \u00e9quipements<\/td>\n<\/tr>\n<tr>\n<td>GMT<\/td>\n<td>Assemblage et test des \u00e9quipements<\/td>\n<\/tr>\n<tr>\n<td>43981075<\/td>\n<td>Kit voltm\u00e8tre \/ amp\u00e8rem\u00e8tre<\/td>\n<\/tr>\n<tr>\n<td>M253000<\/td>\n<td>Torche MIG 25 &#8211; 3 m. Aluminium<\/td>\n<\/tr>\n<tr>\n<td>5722<\/td>\n<td>Gaine graphite<\/td>\n<\/tr>\n<tr>\n<td>63106021<\/td>\n<td>Galet aluminium &#8220;U&#8221; 40 mm. \u00d81,0-1,2 mm.<\/td>\n<\/tr>\n<tr>\n<td>63781000<\/td>\n<td>Faisceau \u00a010 m.<\/td>\n<\/tr>\n<tr>\n<td align=\"left\">63787000<\/td>\n<td align=\"left\">Faisceau \u00a015 m.<\/td>\n<\/tr>\n<tr>\n<td align=\"left\">63782000<\/td>\n<td align=\"left\">Faisceau \u00a020 m.<\/td>\n<\/tr>\n<tr>\n<td align=\"left\">62100000<\/td>\n<td align=\"left\">D\u00e9vidoir 4 galets D-20A<\/td>\n<\/tr>\n<tr>\n<td align=\"left\">35500000<\/td>\n<td align=\"left\">\u00c9conomiseur de gaz<\/td>\n<\/tr>\n<\/tbody>\n<\/table>\n<\/div>\n<\/div><\/div><\/div><\/div>\n","protected":false},"excerpt":{"rendered":"<p><strong>Proc\u00e9d\u00e9s :<\/strong> MIG\/MAG<br \/>\n<strong>Mat\u00e9riaux :<\/strong> Acier au carbone &#8211; Acier inoxydable &#8211; Aluminium<\/p>\n<p><strong>Applications :<\/strong> Charpente m\u00e9tallique et chaudronnerie &#8211; Construction d&#8217;\u00e9quipements et de machines &#8211; Maintenance &#8211; Ateliers m\u00e9caniques &#8211; R\u00e9parations<\/p>\n<p><strong>L&#8217;\u00e9quipement comprend :<\/strong><br \/>\nD\u00e9vidoir D-12A et faisceau de 5 m.<br \/>\nGalet acier &#8220;V&#8221; 40 mm. de 0,8-1,0 mm.<br \/>\nC\u00e2ble avec prise de terre et tuyau de gaz<br \/>\nChariot avec porte-bouteille<br \/>\nPr\u00e9-installation du voltm\u00e8tre et de l&#8217;amp\u00e8rem\u00e8tre<\/p>\n<h3><span style=\"color: #008000;\"><strong>\u00c9conomisez jusqu&#8217;\u00e0 30 % sur le gaz<\/strong><\/span><\/h3>\n<p><a href=\"https:\/\/galagar.com\/fr\/produit\/economiseur-de-gaz\/\" target=\"_blank\" rel=\"noopener\"><span style=\"color: #3366ff;\">En savoir plus sur nos \u00e9conomiseurs de gaz.<\/span><\/a><\/p>\n","protected":false},"featured_media":18570,"template":"","meta":{"_acf_changed":false,"content-type":"","inline_featured_image":false,"_monsterinsights_skip_tracking":false,"_monsterinsights_sitenote_active":false,"_monsterinsights_sitenote_note":"","_monsterinsights_sitenote_category":0,"_joinchat":[]},"product_brand":[],"product_cat":[1578,937],"product_tag":[],"class_list":{"0":"post-18565","1":"product","2":"type-product","3":"status-publish","4":"has-post-thumbnail","6":"product_cat-mig-mag-fr","7":"product_cat-produits","9":"first","10":"instock","11":"taxable","12":"shipping-taxable","13":"product-type-simple"},"acf":[],"yoast_head":"<!-- This site is optimized with the Yoast SEO plugin v26.4 - https:\/\/yoast.com\/wordpress\/plugins\/seo\/ -->\n<title>Gala MIG 3800 | GALA GAR - Productos de soldadura y reguladores de gas - Gas y soldadura<\/title>\n<meta name=\"robots\" content=\"index, follow, max-snippet:-1, max-image-preview:large, max-video-preview:-1\" \/>\n<link rel=\"canonical\" href=\"https:\/\/galagar.com\/fr\/produit\/gala-mig-3800\/\" \/>\n<meta property=\"og:locale\" content=\"fr_FR\" \/>\n<meta property=\"og:type\" content=\"article\" \/>\n<meta property=\"og:title\" content=\"Gala MIG 3800 | GALA GAR - Productos de soldadura y reguladores de gas - Gas y soldadura\" \/>\n<meta property=\"og:description\" content=\"Proc\u00e9d\u00e9s : MIG\/MAG Mat\u00e9riaux : Acier au carbone - Acier inoxydable - Aluminium  Applications : Charpente m\u00e9tallique et chaudronnerie - Construction d&#039;\u00e9quipements et de machines - Maintenance - Ateliers m\u00e9caniques - R\u00e9parations  L&#039;\u00e9quipement comprend : D\u00e9vidoir D-12A et faisceau de 5 m. Galet acier &quot;V&quot; 40 mm. de 0,8-1,0 mm. C\u00e2ble avec prise de terre et tuyau de gaz Chariot avec porte-bouteille Pr\u00e9-installation du voltm\u00e8tre et de l&#039;amp\u00e8rem\u00e8tre \u00c9conomisez jusqu&#039;\u00e0 30 % sur le gaz En savoir plus sur nos \u00e9conomiseurs de gaz.\" \/>\n<meta property=\"og:url\" content=\"https:\/\/galagar.com\/fr\/produit\/gala-mig-3800\/\" \/>\n<meta property=\"og:site_name\" content=\"GALA GAR - Productos de soldadura y reguladores de gas - Gas y soldadura\" \/>\n<meta property=\"article:publisher\" content=\"https:\/\/www.facebook.com\/galagarsoldadura\/\" \/>\n<meta property=\"article:modified_time\" content=\"2024-09-30T07:06:05+00:00\" \/>\n<meta property=\"og:image\" content=\"https:\/\/galagar.com\/wp-content\/uploads\/2022\/01\/GalaMIG-3800.jpg\" \/>\n\t<meta property=\"og:image:width\" content=\"640\" \/>\n\t<meta property=\"og:image:height\" content=\"800\" \/>\n\t<meta property=\"og:image:type\" content=\"image\/jpeg\" \/>\n<meta name=\"twitter:card\" content=\"summary_large_image\" \/>\n<meta name=\"twitter:label1\" content=\"Dur\u00e9e de lecture estim\u00e9e\" \/>\n\t<meta name=\"twitter:data1\" content=\"1 minute\" \/>\n<script type=\"application\/ld+json\" class=\"yoast-schema-graph\">{\"@context\":\"https:\/\/schema.org\",\"@graph\":[{\"@type\":\"WebPage\",\"@id\":\"https:\/\/galagar.com\/fr\/produit\/gala-mig-3800\/\",\"url\":\"https:\/\/galagar.com\/fr\/produit\/gala-mig-3800\/\",\"name\":\"Gala MIG 3800 | GALA GAR - Productos de soldadura y reguladores de gas - Gas y soldadura\",\"isPartOf\":{\"@id\":\"https:\/\/galagar.com\/fr\/#website\"},\"primaryImageOfPage\":{\"@id\":\"https:\/\/galagar.com\/fr\/produit\/gala-mig-3800\/#primaryimage\"},\"image\":{\"@id\":\"https:\/\/galagar.com\/fr\/produit\/gala-mig-3800\/#primaryimage\"},\"thumbnailUrl\":\"https:\/\/galagar.com\/wp-content\/uploads\/2022\/01\/GalaMIG-3800.jpg\",\"datePublished\":\"2022-01-27T18:46:41+00:00\",\"dateModified\":\"2024-09-30T07:06:05+00:00\",\"breadcrumb\":{\"@id\":\"https:\/\/galagar.com\/fr\/produit\/gala-mig-3800\/#breadcrumb\"},\"inLanguage\":\"fr-FR\",\"potentialAction\":[{\"@type\":\"ReadAction\",\"target\":[\"https:\/\/galagar.com\/fr\/produit\/gala-mig-3800\/\"]}]},{\"@type\":\"ImageObject\",\"inLanguage\":\"fr-FR\",\"@id\":\"https:\/\/galagar.com\/fr\/produit\/gala-mig-3800\/#primaryimage\",\"url\":\"https:\/\/galagar.com\/wp-content\/uploads\/2022\/01\/GalaMIG-3800.jpg\",\"contentUrl\":\"https:\/\/galagar.com\/wp-content\/uploads\/2022\/01\/GalaMIG-3800.jpg\",\"width\":640,\"height\":800},{\"@type\":\"BreadcrumbList\",\"@id\":\"https:\/\/galagar.com\/fr\/produit\/gala-mig-3800\/#breadcrumb\",\"itemListElement\":[{\"@type\":\"ListItem\",\"position\":1,\"name\":\"Inicio\",\"item\":\"https:\/\/galagar.com\/fr\/accueil\/\"},{\"@type\":\"ListItem\",\"position\":2,\"name\":\"Boutique\",\"item\":\"https:\/\/galagar.com\/fr\/boutique\/\"},{\"@type\":\"ListItem\",\"position\":3,\"name\":\"Produits\",\"item\":\"https:\/\/galagar.com\/fr\/tienda-online\/produits\/\"},{\"@type\":\"ListItem\",\"position\":4,\"name\":\"Soudage \u00e9lectrique\",\"item\":\"https:\/\/galagar.com\/fr\/tienda-online\/produits\/soudage-electrique\/\"},{\"@type\":\"ListItem\",\"position\":5,\"name\":\"MIG\/MAG\",\"item\":\"https:\/\/galagar.com\/fr\/tienda-online\/produits\/soudage-electrique\/mig-mag-fr\/\"},{\"@type\":\"ListItem\",\"position\":6,\"name\":\"Gala MIG 3800\"}]},{\"@type\":\"WebSite\",\"@id\":\"https:\/\/galagar.com\/fr\/#website\",\"url\":\"https:\/\/galagar.com\/fr\/\",\"name\":\"GALA GAR - Productos de soldadura y reguladores de gas - Gas y soldadura\",\"description\":\"Gala Gar es fabricante de tecnolog\u00eda competitiva para soldadura (MMA-TIG-MIG\/MAG-CORTE POR PLASMA), regulaci\u00f3n de gases, y para soldadura y corte por gas.\",\"publisher\":{\"@id\":\"https:\/\/galagar.com\/fr\/#organization\"},\"potentialAction\":[{\"@type\":\"SearchAction\",\"target\":{\"@type\":\"EntryPoint\",\"urlTemplate\":\"https:\/\/galagar.com\/fr\/?s={search_term_string}\"},\"query-input\":{\"@type\":\"PropertyValueSpecification\",\"valueRequired\":true,\"valueName\":\"search_term_string\"}}],\"inLanguage\":\"fr-FR\"},{\"@type\":\"Organization\",\"@id\":\"https:\/\/galagar.com\/fr\/#organization\",\"name\":\"GALA GAR welding\",\"url\":\"https:\/\/galagar.com\/fr\/\",\"logo\":{\"@type\":\"ImageObject\",\"inLanguage\":\"fr-FR\",\"@id\":\"https:\/\/galagar.com\/fr\/#\/schema\/logo\/image\/\",\"url\":\"\",\"contentUrl\":\"\",\"caption\":\"GALA GAR welding\"},\"image\":{\"@id\":\"https:\/\/galagar.com\/fr\/#\/schema\/logo\/image\/\"},\"sameAs\":[\"https:\/\/www.facebook.com\/galagarsoldadura\/\",\"https:\/\/www.linkedin.com\/company\/gala-gar-sl\/?trk=biz-companies-cym\",\"https:\/\/www.youtube.com\/user\/galagarsp\",\"https:\/\/www.instagram.com\/galagar_soldadura\/?hl=es\"]}]}<\/script>\n<!-- \/ Yoast SEO plugin. -->","yoast_head_json":{"title":"Gala MIG 3800 | GALA GAR - Productos de soldadura y reguladores de gas - Gas y soldadura","robots":{"index":"index","follow":"follow","max-snippet":"max-snippet:-1","max-image-preview":"max-image-preview:large","max-video-preview":"max-video-preview:-1"},"canonical":"https:\/\/galagar.com\/fr\/produit\/gala-mig-3800\/","og_locale":"fr_FR","og_type":"article","og_title":"Gala MIG 3800 | GALA GAR - Productos de soldadura y reguladores de gas - Gas y soldadura","og_description":"Proc\u00e9d\u00e9s : MIG\/MAG Mat\u00e9riaux : Acier au carbone - Acier inoxydable - Aluminium  Applications : Charpente m\u00e9tallique et chaudronnerie - Construction d'\u00e9quipements et de machines - Maintenance - Ateliers m\u00e9caniques - R\u00e9parations  L'\u00e9quipement comprend : D\u00e9vidoir D-12A et faisceau de 5 m. Galet acier \"V\" 40 mm. de 0,8-1,0 mm. C\u00e2ble avec prise de terre et tuyau de gaz Chariot avec porte-bouteille Pr\u00e9-installation du voltm\u00e8tre et de l'amp\u00e8rem\u00e8tre \u00c9conomisez jusqu'\u00e0 30 % sur le gaz En savoir plus sur nos \u00e9conomiseurs de gaz.","og_url":"https:\/\/galagar.com\/fr\/produit\/gala-mig-3800\/","og_site_name":"GALA GAR - Productos de soldadura y reguladores de gas - Gas y soldadura","article_publisher":"https:\/\/www.facebook.com\/galagarsoldadura\/","article_modified_time":"2024-09-30T07:06:05+00:00","og_image":[{"width":640,"height":800,"url":"https:\/\/galagar.com\/wp-content\/uploads\/2022\/01\/GalaMIG-3800.jpg","type":"image\/jpeg"}],"twitter_card":"summary_large_image","twitter_misc":{"Dur\u00e9e de lecture estim\u00e9e":"1 minute"},"schema":{"@context":"https:\/\/schema.org","@graph":[{"@type":"WebPage","@id":"https:\/\/galagar.com\/fr\/produit\/gala-mig-3800\/","url":"https:\/\/galagar.com\/fr\/produit\/gala-mig-3800\/","name":"Gala MIG 3800 | GALA GAR - Productos de soldadura y reguladores de gas - Gas y soldadura","isPartOf":{"@id":"https:\/\/galagar.com\/fr\/#website"},"primaryImageOfPage":{"@id":"https:\/\/galagar.com\/fr\/produit\/gala-mig-3800\/#primaryimage"},"image":{"@id":"https:\/\/galagar.com\/fr\/produit\/gala-mig-3800\/#primaryimage"},"thumbnailUrl":"https:\/\/galagar.com\/wp-content\/uploads\/2022\/01\/GalaMIG-3800.jpg","datePublished":"2022-01-27T18:46:41+00:00","dateModified":"2024-09-30T07:06:05+00:00","breadcrumb":{"@id":"https:\/\/galagar.com\/fr\/produit\/gala-mig-3800\/#breadcrumb"},"inLanguage":"fr-FR","potentialAction":[{"@type":"ReadAction","target":["https:\/\/galagar.com\/fr\/produit\/gala-mig-3800\/"]}]},{"@type":"ImageObject","inLanguage":"fr-FR","@id":"https:\/\/galagar.com\/fr\/produit\/gala-mig-3800\/#primaryimage","url":"https:\/\/galagar.com\/wp-content\/uploads\/2022\/01\/GalaMIG-3800.jpg","contentUrl":"https:\/\/galagar.com\/wp-content\/uploads\/2022\/01\/GalaMIG-3800.jpg","width":640,"height":800},{"@type":"BreadcrumbList","@id":"https:\/\/galagar.com\/fr\/produit\/gala-mig-3800\/#breadcrumb","itemListElement":[{"@type":"ListItem","position":1,"name":"Inicio","item":"https:\/\/galagar.com\/fr\/accueil\/"},{"@type":"ListItem","position":2,"name":"Boutique","item":"https:\/\/galagar.com\/fr\/boutique\/"},{"@type":"ListItem","position":3,"name":"Produits","item":"https:\/\/galagar.com\/fr\/tienda-online\/produits\/"},{"@type":"ListItem","position":4,"name":"Soudage \u00e9lectrique","item":"https:\/\/galagar.com\/fr\/tienda-online\/produits\/soudage-electrique\/"},{"@type":"ListItem","position":5,"name":"MIG\/MAG","item":"https:\/\/galagar.com\/fr\/tienda-online\/produits\/soudage-electrique\/mig-mag-fr\/"},{"@type":"ListItem","position":6,"name":"Gala MIG 3800"}]},{"@type":"WebSite","@id":"https:\/\/galagar.com\/fr\/#website","url":"https:\/\/galagar.com\/fr\/","name":"GALA GAR - Productos de soldadura y reguladores de gas - Gas y soldadura","description":"Gala Gar es fabricante de tecnolog\u00eda competitiva para soldadura (MMA-TIG-MIG\/MAG-CORTE POR PLASMA), regulaci\u00f3n de gases, y para soldadura y corte por gas.","publisher":{"@id":"https:\/\/galagar.com\/fr\/#organization"},"potentialAction":[{"@type":"SearchAction","target":{"@type":"EntryPoint","urlTemplate":"https:\/\/galagar.com\/fr\/?s={search_term_string}"},"query-input":{"@type":"PropertyValueSpecification","valueRequired":true,"valueName":"search_term_string"}}],"inLanguage":"fr-FR"},{"@type":"Organization","@id":"https:\/\/galagar.com\/fr\/#organization","name":"GALA GAR welding","url":"https:\/\/galagar.com\/fr\/","logo":{"@type":"ImageObject","inLanguage":"fr-FR","@id":"https:\/\/galagar.com\/fr\/#\/schema\/logo\/image\/","url":"","contentUrl":"","caption":"GALA GAR welding"},"image":{"@id":"https:\/\/galagar.com\/fr\/#\/schema\/logo\/image\/"},"sameAs":["https:\/\/www.facebook.com\/galagarsoldadura\/","https:\/\/www.linkedin.com\/company\/gala-gar-sl\/?trk=biz-companies-cym","https:\/\/www.youtube.com\/user\/galagarsp","https:\/\/www.instagram.com\/galagar_soldadura\/?hl=es"]}]}},"_links":{"self":[{"href":"https:\/\/galagar.com\/fr\/wp-json\/wp\/v2\/product\/18565","targetHints":{"allow":["GET"]}}],"collection":[{"href":"https:\/\/galagar.com\/fr\/wp-json\/wp\/v2\/product"}],"about":[{"href":"https:\/\/galagar.com\/fr\/wp-json\/wp\/v2\/types\/product"}],"wp:featuredmedia":[{"embeddable":true,"href":"https:\/\/galagar.com\/fr\/wp-json\/wp\/v2\/media\/18570"}],"wp:attachment":[{"href":"https:\/\/galagar.com\/fr\/wp-json\/wp\/v2\/media?parent=18565"}],"wp:term":[{"taxonomy":"product_brand","embeddable":true,"href":"https:\/\/galagar.com\/fr\/wp-json\/wp\/v2\/product_brand?post=18565"},{"taxonomy":"product_cat","embeddable":true,"href":"https:\/\/galagar.com\/fr\/wp-json\/wp\/v2\/product_cat?post=18565"},{"taxonomy":"product_tag","embeddable":true,"href":"https:\/\/galagar.com\/fr\/wp-json\/wp\/v2\/product_tag?post=18565"}],"curies":[{"name":"wp","href":"https:\/\/api.w.org\/{rel}","templated":true}]}}