{"id":18811,"date":"2022-01-27T19:45:04","date_gmt":"2022-01-27T18:45:04","guid":{"rendered":"https:\/\/dev.galagar.com\/producto\/chariot-lineaire-pour-oxyfuel\/"},"modified":"2024-08-05T08:52:41","modified_gmt":"2024-08-05T06:52:41","slug":"chariot-lineaire-pour-oxyfuel","status":"publish","type":"product","link":"https:\/\/galagar.com\/fr\/produit\/chariot-lineaire-pour-oxyfuel\/","title":{"rendered":"Chariot lin\u00e9aire pour oxyfuel"},"content":{"rendered":"<div class=\"fusion-fullwidth fullwidth-box fusion-builder-row-1 fusion-flex-container nonhundred-percent-fullwidth non-hundred-percent-height-scrolling\" style=\"--awb-border-radius-top-left:0px;--awb-border-radius-top-right:0px;--awb-border-radius-bottom-right:0px;--awb-border-radius-bottom-left:0px;--awb-flex-wrap:wrap;\" ><div class=\"fusion-builder-row fusion-row fusion-flex-align-items-flex-start fusion-flex-content-wrap\" style=\"max-width:1216.8px;margin-left: calc(-4% \/ 2 );margin-right: calc(-4% \/ 2 );\"><div class=\"fusion-layout-column fusion_builder_column fusion-builder-column-0 fusion_builder_column_3_5 3_5 fusion-flex-column\" style=\"--awb-bg-size:cover;--awb-width-large:60%;--awb-margin-top-large:0px;--awb-spacing-right-large:3.2%;--awb-margin-bottom-large:20px;--awb-spacing-left-large:3.2%;--awb-width-medium:100%;--awb-order-medium:0;--awb-spacing-right-medium:1.92%;--awb-spacing-left-medium:1.92%;--awb-width-small:100%;--awb-order-small:0;--awb-spacing-right-small:1.92%;--awb-spacing-left-small:1.92%;\"><div class=\"fusion-column-wrapper fusion-column-has-shadow fusion-flex-justify-content-flex-start fusion-content-layout-column\">\n<div class=\"table-2 gal-textos-menores\">\n<table width=\"100%\">\n<thead>\n<tr>\n<th align=\"left\">Caract\u00e9ristiques techniques de base<\/th>\n<th align=\"left\"><\/th>\n<\/tr>\n<\/thead>\n<tbody>\n<tr>\n<td>Tension d&#8217;alimentation<\/td>\n<td>1 ph 230\/400 V \u00b1 10% &#8211; 50\/60 Hz<\/td>\n<\/tr>\n<tr>\n<td>Vitesse de coupe<\/td>\n<td>10-100 mm\/min.<\/td>\n<\/tr>\n<tr>\n<td>Dimensions (WxHxD)<\/td>\n<td>440 x 220 x 215 mm.<\/td>\n<\/tr>\n<tr>\n<td>Poids avec torche<\/td>\n<td>11 kg.<\/td>\n<\/tr>\n<\/tbody>\n<\/table>\n<\/div>\n<\/div><\/div><div class=\"fusion-layout-column fusion_builder_column fusion-builder-column-1 fusion_builder_column_2_5 2_5 fusion-flex-column\" style=\"--awb-bg-size:cover;--awb-width-large:40%;--awb-margin-top-large:0px;--awb-spacing-right-large:4.8%;--awb-margin-bottom-large:0px;--awb-spacing-left-large:4.8%;--awb-width-medium:100%;--awb-spacing-right-medium:1.92%;--awb-spacing-left-medium:1.92%;--awb-width-small:100%;--awb-spacing-right-small:1.92%;--awb-spacing-left-small:1.92%;\"><div class=\"fusion-column-wrapper fusion-flex-justify-content-flex-start fusion-content-layout-column\"><div class=\"fusion-text fusion-text-1\"><p><strong>L&#8217;\u00e9quipement comprend :<\/strong><br \/>\nDistributeur de gaz &#8211; Chalumeau coupeur &#8211; Tuyaux rouge, bleu et noir &#8211; Tige de guidage du chalumeau<br \/>\nSupport de barre coulissante &#8211; Support de torche &#8211; Cl\u00e9s de serrage pour buses et tournevis<br \/>\nAl\u00e9soirs &#8211; Buses de coupe 3 pcs &#8211; Guide de d\u00e9placement 1,8 mts.<\/p>\n<\/div><\/div><\/div><\/div><\/div>\n","protected":false},"excerpt":{"rendered":"<p>Le syst\u00e8me d&#8217;entra\u00eenement unique permet un r\u00e9glage infini ou illimit\u00e9 de la plage de vitesse lors de l&#8217;utilisation d&#8217;un moteur \u00e0 vitesse constante.<\/p>\n<p><strong>Polyvalence et convertibilit\u00e9 :<\/strong><br \/>\nTous les types de coupes droites et en biseau sont possibles.<\/p>\n<p><strong>Coupe de qualit\u00e9 :<\/strong><br \/>\nIl utilise des buses d&#8217;oxyfuel \u00e0 si\u00e8ge conique Koike et un chalumeau d&#8217;une pr\u00e9cision exceptionnelle et in\u00e9gal\u00e9e en termes de propret\u00e9 de coupe et d&#8217;aff\u00fbtage des ar\u00eates.<\/p>\n<div class=\"textosubtitulosficha margintop5\"><strong>Caract\u00e9ristiques<\/strong><br \/>\nChanfreins d&#8217;union : 0\u00ba-45\u00ba.<br \/>\nCoupes droites : 1,8 m et ses multiples<br \/>\nInjecteur de torche adapt\u00e9 \u00e0 l&#8217;ac\u00e9tyl\u00e8ne\/GPL<br \/>\nRaccordement au gaz : 1\/4 &#8220;G;9\/16&#8221;, etc.<br \/>\nPoids total : 11,5 kg (1 torche) \/ 16 kg (2 torches)<br \/>\nDimensions sans rail de guidage : 440 x 220 x 215<\/div>\n","protected":false},"featured_media":18815,"template":"","meta":{"_acf_changed":false,"content-type":"","inline_featured_image":false,"_monsterinsights_skip_tracking":false,"_monsterinsights_sitenote_active":false,"_monsterinsights_sitenote_note":"","_monsterinsights_sitenote_category":0,"_joinchat":[]},"product_brand":[],"product_cat":[937,1215],"product_tag":[],"class_list":{"0":"post-18811","1":"product","2":"type-product","3":"status-publish","4":"has-post-thumbnail","6":"product_cat-produits","7":"product_cat-semi-automatisation","9":"first","10":"instock","11":"taxable","12":"shipping-taxable","13":"product-type-simple"},"acf":[],"yoast_head":"<!-- This site is optimized with the Yoast SEO plugin v26.4 - https:\/\/yoast.com\/wordpress\/plugins\/seo\/ -->\n<title>Chariot lin\u00e9aire pour oxyfuel | GALA GAR - Productos de soldadura y reguladores de gas - Gas y soldadura<\/title>\n<meta name=\"robots\" content=\"index, follow, max-snippet:-1, max-image-preview:large, max-video-preview:-1\" \/>\n<link rel=\"canonical\" href=\"https:\/\/galagar.com\/fr\/produit\/chariot-lineaire-pour-oxyfuel\/\" \/>\n<meta property=\"og:locale\" content=\"fr_FR\" \/>\n<meta property=\"og:type\" content=\"article\" \/>\n<meta property=\"og:title\" content=\"Chariot lin\u00e9aire pour oxyfuel | GALA GAR - Productos de soldadura y reguladores de gas - Gas y soldadura\" \/>\n<meta property=\"og:description\" content=\"Le syst\u00e8me d&#039;entra\u00eenement unique permet un r\u00e9glage infini ou illimit\u00e9 de la plage de vitesse lors de l&#039;utilisation d&#039;un moteur \u00e0 vitesse constante.  Polyvalence et convertibilit\u00e9 : Tous les types de coupes droites et en biseau sont possibles.  Coupe de qualit\u00e9 : Il utilise des buses d&#039;oxyfuel \u00e0 si\u00e8ge conique Koike et un chalumeau d&#039;une pr\u00e9cision exceptionnelle et in\u00e9gal\u00e9e en termes de propret\u00e9 de coupe et d&#039;aff\u00fbtage des ar\u00eates. Caract\u00e9ristiques Chanfreins d&#039;union : 0\u00ba-45\u00ba. Coupes droites : 1,8 m et ses multiples Injecteur de torche adapt\u00e9 \u00e0 l&#039;ac\u00e9tyl\u00e8ne\/GPL Raccordement au gaz : 1\/4 &quot;G;9\/16&quot;, etc. Poids total : 11,5 kg (1 torche) \/ 16 kg (2 torches) Dimensions sans rail de guidage : 440 x 220 x 215\" \/>\n<meta property=\"og:url\" content=\"https:\/\/galagar.com\/fr\/produit\/chariot-lineaire-pour-oxyfuel\/\" \/>\n<meta property=\"og:site_name\" content=\"GALA GAR - Productos de soldadura y reguladores de gas - Gas y soldadura\" \/>\n<meta property=\"article:publisher\" content=\"https:\/\/www.facebook.com\/galagarsoldadura\/\" \/>\n<meta property=\"article:modified_time\" content=\"2024-08-05T06:52:41+00:00\" \/>\n<meta property=\"og:image\" content=\"https:\/\/galagar.com\/wp-content\/uploads\/2022\/01\/Carro-Oxicorte.jpg\" \/>\n\t<meta property=\"og:image:width\" content=\"640\" \/>\n\t<meta property=\"og:image:height\" content=\"800\" \/>\n\t<meta property=\"og:image:type\" content=\"image\/jpeg\" \/>\n<meta name=\"twitter:card\" content=\"summary_large_image\" \/>\n<meta name=\"twitter:label1\" content=\"Dur\u00e9e de lecture estim\u00e9e\" \/>\n\t<meta name=\"twitter:data1\" content=\"1 minute\" \/>\n<script type=\"application\/ld+json\" class=\"yoast-schema-graph\">{\"@context\":\"https:\/\/schema.org\",\"@graph\":[{\"@type\":\"WebPage\",\"@id\":\"https:\/\/galagar.com\/fr\/produit\/chariot-lineaire-pour-oxyfuel\/\",\"url\":\"https:\/\/galagar.com\/fr\/produit\/chariot-lineaire-pour-oxyfuel\/\",\"name\":\"Chariot lin\u00e9aire pour oxyfuel | GALA GAR - Productos de soldadura y reguladores de gas - Gas y soldadura\",\"isPartOf\":{\"@id\":\"https:\/\/galagar.com\/fr\/#website\"},\"primaryImageOfPage\":{\"@id\":\"https:\/\/galagar.com\/fr\/produit\/chariot-lineaire-pour-oxyfuel\/#primaryimage\"},\"image\":{\"@id\":\"https:\/\/galagar.com\/fr\/produit\/chariot-lineaire-pour-oxyfuel\/#primaryimage\"},\"thumbnailUrl\":\"https:\/\/galagar.com\/wp-content\/uploads\/2022\/01\/Carro-Oxicorte.jpg\",\"datePublished\":\"2022-01-27T18:45:04+00:00\",\"dateModified\":\"2024-08-05T06:52:41+00:00\",\"breadcrumb\":{\"@id\":\"https:\/\/galagar.com\/fr\/produit\/chariot-lineaire-pour-oxyfuel\/#breadcrumb\"},\"inLanguage\":\"fr-FR\",\"potentialAction\":[{\"@type\":\"ReadAction\",\"target\":[\"https:\/\/galagar.com\/fr\/produit\/chariot-lineaire-pour-oxyfuel\/\"]}]},{\"@type\":\"ImageObject\",\"inLanguage\":\"fr-FR\",\"@id\":\"https:\/\/galagar.com\/fr\/produit\/chariot-lineaire-pour-oxyfuel\/#primaryimage\",\"url\":\"https:\/\/galagar.com\/wp-content\/uploads\/2022\/01\/Carro-Oxicorte.jpg\",\"contentUrl\":\"https:\/\/galagar.com\/wp-content\/uploads\/2022\/01\/Carro-Oxicorte.jpg\",\"width\":640,\"height\":800},{\"@type\":\"BreadcrumbList\",\"@id\":\"https:\/\/galagar.com\/fr\/produit\/chariot-lineaire-pour-oxyfuel\/#breadcrumb\",\"itemListElement\":[{\"@type\":\"ListItem\",\"position\":1,\"name\":\"Inicio\",\"item\":\"https:\/\/galagar.com\/fr\/accueil\/\"},{\"@type\":\"ListItem\",\"position\":2,\"name\":\"Boutique\",\"item\":\"https:\/\/galagar.com\/fr\/boutique\/\"},{\"@type\":\"ListItem\",\"position\":3,\"name\":\"Produits\",\"item\":\"https:\/\/galagar.com\/fr\/tienda-online\/produits\/\"},{\"@type\":\"ListItem\",\"position\":4,\"name\":\"Soudage \u00e9lectrique\",\"item\":\"https:\/\/galagar.com\/fr\/tienda-online\/produits\/soudage-electrique\/\"},{\"@type\":\"ListItem\",\"position\":5,\"name\":\"Semi-automatisation\",\"item\":\"https:\/\/galagar.com\/fr\/tienda-online\/produits\/soudage-electrique\/semi-automatisation\/\"},{\"@type\":\"ListItem\",\"position\":6,\"name\":\"Chariot lin\u00e9aire pour oxyfuel\"}]},{\"@type\":\"WebSite\",\"@id\":\"https:\/\/galagar.com\/fr\/#website\",\"url\":\"https:\/\/galagar.com\/fr\/\",\"name\":\"GALA GAR - Productos de soldadura y reguladores de gas - Gas y soldadura\",\"description\":\"Gala Gar es fabricante de tecnolog\u00eda competitiva para soldadura (MMA-TIG-MIG\/MAG-CORTE POR PLASMA), regulaci\u00f3n de gases, y para soldadura y corte por gas.\",\"publisher\":{\"@id\":\"https:\/\/galagar.com\/fr\/#organization\"},\"potentialAction\":[{\"@type\":\"SearchAction\",\"target\":{\"@type\":\"EntryPoint\",\"urlTemplate\":\"https:\/\/galagar.com\/fr\/?s={search_term_string}\"},\"query-input\":{\"@type\":\"PropertyValueSpecification\",\"valueRequired\":true,\"valueName\":\"search_term_string\"}}],\"inLanguage\":\"fr-FR\"},{\"@type\":\"Organization\",\"@id\":\"https:\/\/galagar.com\/fr\/#organization\",\"name\":\"GALA GAR welding\",\"url\":\"https:\/\/galagar.com\/fr\/\",\"logo\":{\"@type\":\"ImageObject\",\"inLanguage\":\"fr-FR\",\"@id\":\"https:\/\/galagar.com\/fr\/#\/schema\/logo\/image\/\",\"url\":\"\",\"contentUrl\":\"\",\"caption\":\"GALA GAR welding\"},\"image\":{\"@id\":\"https:\/\/galagar.com\/fr\/#\/schema\/logo\/image\/\"},\"sameAs\":[\"https:\/\/www.facebook.com\/galagarsoldadura\/\",\"https:\/\/www.linkedin.com\/company\/gala-gar-sl\/?trk=biz-companies-cym\",\"https:\/\/www.youtube.com\/user\/galagarsp\",\"https:\/\/www.instagram.com\/galagar_soldadura\/?hl=es\"]}]}<\/script>\n<!-- \/ Yoast SEO plugin. -->","yoast_head_json":{"title":"Chariot lin\u00e9aire pour oxyfuel | GALA GAR - Productos de soldadura y reguladores de gas - Gas y soldadura","robots":{"index":"index","follow":"follow","max-snippet":"max-snippet:-1","max-image-preview":"max-image-preview:large","max-video-preview":"max-video-preview:-1"},"canonical":"https:\/\/galagar.com\/fr\/produit\/chariot-lineaire-pour-oxyfuel\/","og_locale":"fr_FR","og_type":"article","og_title":"Chariot lin\u00e9aire pour oxyfuel | GALA GAR - Productos de soldadura y reguladores de gas - Gas y soldadura","og_description":"Le syst\u00e8me d'entra\u00eenement unique permet un r\u00e9glage infini ou illimit\u00e9 de la plage de vitesse lors de l'utilisation d'un moteur \u00e0 vitesse constante.  Polyvalence et convertibilit\u00e9 : Tous les types de coupes droites et en biseau sont possibles.  Coupe de qualit\u00e9 : Il utilise des buses d'oxyfuel \u00e0 si\u00e8ge conique Koike et un chalumeau d'une pr\u00e9cision exceptionnelle et in\u00e9gal\u00e9e en termes de propret\u00e9 de coupe et d'aff\u00fbtage des ar\u00eates. Caract\u00e9ristiques Chanfreins d'union : 0\u00ba-45\u00ba. Coupes droites : 1,8 m et ses multiples Injecteur de torche adapt\u00e9 \u00e0 l'ac\u00e9tyl\u00e8ne\/GPL Raccordement au gaz : 1\/4 \"G;9\/16\", etc. Poids total : 11,5 kg (1 torche) \/ 16 kg (2 torches) Dimensions sans rail de guidage : 440 x 220 x 215","og_url":"https:\/\/galagar.com\/fr\/produit\/chariot-lineaire-pour-oxyfuel\/","og_site_name":"GALA GAR - Productos de soldadura y reguladores de gas - Gas y soldadura","article_publisher":"https:\/\/www.facebook.com\/galagarsoldadura\/","article_modified_time":"2024-08-05T06:52:41+00:00","og_image":[{"width":640,"height":800,"url":"https:\/\/galagar.com\/wp-content\/uploads\/2022\/01\/Carro-Oxicorte.jpg","type":"image\/jpeg"}],"twitter_card":"summary_large_image","twitter_misc":{"Dur\u00e9e de lecture estim\u00e9e":"1 minute"},"schema":{"@context":"https:\/\/schema.org","@graph":[{"@type":"WebPage","@id":"https:\/\/galagar.com\/fr\/produit\/chariot-lineaire-pour-oxyfuel\/","url":"https:\/\/galagar.com\/fr\/produit\/chariot-lineaire-pour-oxyfuel\/","name":"Chariot lin\u00e9aire pour oxyfuel | GALA GAR - Productos de soldadura y reguladores de gas - Gas y soldadura","isPartOf":{"@id":"https:\/\/galagar.com\/fr\/#website"},"primaryImageOfPage":{"@id":"https:\/\/galagar.com\/fr\/produit\/chariot-lineaire-pour-oxyfuel\/#primaryimage"},"image":{"@id":"https:\/\/galagar.com\/fr\/produit\/chariot-lineaire-pour-oxyfuel\/#primaryimage"},"thumbnailUrl":"https:\/\/galagar.com\/wp-content\/uploads\/2022\/01\/Carro-Oxicorte.jpg","datePublished":"2022-01-27T18:45:04+00:00","dateModified":"2024-08-05T06:52:41+00:00","breadcrumb":{"@id":"https:\/\/galagar.com\/fr\/produit\/chariot-lineaire-pour-oxyfuel\/#breadcrumb"},"inLanguage":"fr-FR","potentialAction":[{"@type":"ReadAction","target":["https:\/\/galagar.com\/fr\/produit\/chariot-lineaire-pour-oxyfuel\/"]}]},{"@type":"ImageObject","inLanguage":"fr-FR","@id":"https:\/\/galagar.com\/fr\/produit\/chariot-lineaire-pour-oxyfuel\/#primaryimage","url":"https:\/\/galagar.com\/wp-content\/uploads\/2022\/01\/Carro-Oxicorte.jpg","contentUrl":"https:\/\/galagar.com\/wp-content\/uploads\/2022\/01\/Carro-Oxicorte.jpg","width":640,"height":800},{"@type":"BreadcrumbList","@id":"https:\/\/galagar.com\/fr\/produit\/chariot-lineaire-pour-oxyfuel\/#breadcrumb","itemListElement":[{"@type":"ListItem","position":1,"name":"Inicio","item":"https:\/\/galagar.com\/fr\/accueil\/"},{"@type":"ListItem","position":2,"name":"Boutique","item":"https:\/\/galagar.com\/fr\/boutique\/"},{"@type":"ListItem","position":3,"name":"Produits","item":"https:\/\/galagar.com\/fr\/tienda-online\/produits\/"},{"@type":"ListItem","position":4,"name":"Soudage \u00e9lectrique","item":"https:\/\/galagar.com\/fr\/tienda-online\/produits\/soudage-electrique\/"},{"@type":"ListItem","position":5,"name":"Semi-automatisation","item":"https:\/\/galagar.com\/fr\/tienda-online\/produits\/soudage-electrique\/semi-automatisation\/"},{"@type":"ListItem","position":6,"name":"Chariot lin\u00e9aire pour oxyfuel"}]},{"@type":"WebSite","@id":"https:\/\/galagar.com\/fr\/#website","url":"https:\/\/galagar.com\/fr\/","name":"GALA GAR - Productos de soldadura y reguladores de gas - Gas y soldadura","description":"Gala Gar es fabricante de tecnolog\u00eda competitiva para soldadura (MMA-TIG-MIG\/MAG-CORTE POR PLASMA), regulaci\u00f3n de gases, y para soldadura y corte por gas.","publisher":{"@id":"https:\/\/galagar.com\/fr\/#organization"},"potentialAction":[{"@type":"SearchAction","target":{"@type":"EntryPoint","urlTemplate":"https:\/\/galagar.com\/fr\/?s={search_term_string}"},"query-input":{"@type":"PropertyValueSpecification","valueRequired":true,"valueName":"search_term_string"}}],"inLanguage":"fr-FR"},{"@type":"Organization","@id":"https:\/\/galagar.com\/fr\/#organization","name":"GALA GAR welding","url":"https:\/\/galagar.com\/fr\/","logo":{"@type":"ImageObject","inLanguage":"fr-FR","@id":"https:\/\/galagar.com\/fr\/#\/schema\/logo\/image\/","url":"","contentUrl":"","caption":"GALA GAR welding"},"image":{"@id":"https:\/\/galagar.com\/fr\/#\/schema\/logo\/image\/"},"sameAs":["https:\/\/www.facebook.com\/galagarsoldadura\/","https:\/\/www.linkedin.com\/company\/gala-gar-sl\/?trk=biz-companies-cym","https:\/\/www.youtube.com\/user\/galagarsp","https:\/\/www.instagram.com\/galagar_soldadura\/?hl=es"]}]}},"_links":{"self":[{"href":"https:\/\/galagar.com\/fr\/wp-json\/wp\/v2\/product\/18811","targetHints":{"allow":["GET"]}}],"collection":[{"href":"https:\/\/galagar.com\/fr\/wp-json\/wp\/v2\/product"}],"about":[{"href":"https:\/\/galagar.com\/fr\/wp-json\/wp\/v2\/types\/product"}],"wp:featuredmedia":[{"embeddable":true,"href":"https:\/\/galagar.com\/fr\/wp-json\/wp\/v2\/media\/18815"}],"wp:attachment":[{"href":"https:\/\/galagar.com\/fr\/wp-json\/wp\/v2\/media?parent=18811"}],"wp:term":[{"taxonomy":"product_brand","embeddable":true,"href":"https:\/\/galagar.com\/fr\/wp-json\/wp\/v2\/product_brand?post=18811"},{"taxonomy":"product_cat","embeddable":true,"href":"https:\/\/galagar.com\/fr\/wp-json\/wp\/v2\/product_cat?post=18811"},{"taxonomy":"product_tag","embeddable":true,"href":"https:\/\/galagar.com\/fr\/wp-json\/wp\/v2\/product_tag?post=18811"}],"curies":[{"name":"wp","href":"https:\/\/api.w.org\/{rel}","templated":true}]}}