{"id":18885,"date":"2022-01-27T19:43:59","date_gmt":"2022-01-27T18:43:59","guid":{"rendered":"https:\/\/dev.galagar.com\/producto\/regulateurs-a-grand-debit\/"},"modified":"2023-06-16T12:39:01","modified_gmt":"2023-06-16T10:39:01","slug":"regulateurs-a-grand-debit","status":"publish","type":"product","link":"https:\/\/galagar.com\/fr\/produit\/regulateurs-a-grand-debit\/","title":{"rendered":"D\u00e9tendeurs Mod\u00e8le Grand D\u00e9bit"},"content":{"rendered":"<div class=\"fusion-fullwidth fullwidth-box fusion-builder-row-1 fusion-flex-container nonhundred-percent-fullwidth non-hundred-percent-height-scrolling\" style=\"--awb-border-radius-top-left:0px;--awb-border-radius-top-right:0px;--awb-border-radius-bottom-right:0px;--awb-border-radius-bottom-left:0px;--awb-padding-right:0px;--awb-padding-left:0px;--awb-flex-wrap:wrap;\" ><div class=\"fusion-builder-row fusion-row fusion-flex-align-items-flex-start fusion-flex-content-wrap\" style=\"max-width:1216.8px;margin-left: calc(-4% \/ 2 );margin-right: calc(-4% \/ 2 );\"><div class=\"fusion-layout-column fusion_builder_column fusion-builder-column-0 fusion_builder_column_4_5 4_5 fusion-flex-column\" style=\"--awb-bg-size:cover;--awb-width-large:80%;--awb-margin-top-large:0px;--awb-spacing-right-large:2.4%;--awb-margin-bottom-large:20px;--awb-spacing-left-large:2.4%;--awb-width-medium:100%;--awb-order-medium:0;--awb-spacing-right-medium:1.92%;--awb-spacing-left-medium:1.92%;--awb-width-small:100%;--awb-order-small:0;--awb-spacing-right-small:1.92%;--awb-spacing-left-small:1.92%;\"><div class=\"fusion-column-wrapper fusion-column-has-shadow fusion-flex-justify-content-flex-start fusion-content-layout-column\">\n<div class=\"table-2 gal-textos-menores\">\n<table width=\"100%\">\n<thead>\n<tr>\n<th align=\"left\">Mod\u00e8les \u00e0 haut d\u00e9bit<\/th>\n<th align=\"left\"><\/th>\n<th align=\"left\"><\/th>\n<th align=\"left\"><\/th>\n<th align=\"left\"><\/th>\n<\/tr>\n<\/thead>\n<tbody>\n<tr>\n<td>R\u00e9f\u00e9rence<\/td>\n<td>Gaz<\/td>\n<td align=\"left\">Pression d&#8217;entr\u00e9e (bar)<\/td>\n<td align=\"left\">Pression de sortie (bar)<\/td>\n<td align=\"left\">D\u00e9bit nominal<\/td>\n<\/tr>\n<tr>\n<td>30300000<\/td>\n<td>Oxyg\u00e8ne<\/td>\n<td align=\"left\">200<\/td>\n<td align=\"left\">12,5<\/td>\n<td align=\"left\">150 m3\/h.<\/td>\n<\/tr>\n<tr>\n<td>31300000<\/td>\n<td>Ac\u00e9tyl\u00e8ne<\/td>\n<td align=\"left\">25<\/td>\n<td align=\"left\">1,5<\/td>\n<td align=\"left\">25 m3\/h.<\/td>\n<\/tr>\n<tr>\n<td>30300500<\/td>\n<td>Ar-CO2<\/td>\n<td align=\"left\">200<\/td>\n<td align=\"left\">12,5<\/td>\n<td align=\"left\">150 m3\/h.<\/td>\n<\/tr>\n<tr>\n<td>33300000<\/td>\n<td>Azote<\/td>\n<td align=\"left\">200<\/td>\n<td align=\"left\">12,5<\/td>\n<td align=\"left\">150 m3\/h.<\/td>\n<\/tr>\n<tr>\n<td>34300000<\/td>\n<td>Hydrog\u00e8ne<\/td>\n<td align=\"left\">200<\/td>\n<td align=\"left\">12,5<\/td>\n<td align=\"left\">200 m3\/h.<\/td>\n<\/tr>\n<tr>\n<td>30300055<\/td>\n<td>Oxyg\u00e8ne<\/td>\n<td align=\"left\">200<\/td>\n<td align=\"left\">50<\/td>\n<td align=\"left\">300 m3\/h.<\/td>\n<\/tr>\n<tr>\n<td>33300050<\/td>\n<td>Azote<\/td>\n<td align=\"left\">200<\/td>\n<td align=\"left\">50<\/td>\n<td align=\"left\">300 m3\/h.<\/td>\n<\/tr>\n<\/tbody>\n<\/table>\n<\/div>\n<div class=\"fusion-text fusion-text-1\" style=\"--awb-text-color:var(--awb-custom_color_1);\"><h6>Nous pouvons fabriquer sur commande pour une entr\u00e9e de 300 bars. CONSULTEZ-NOUS !<\/h6>\n<\/div><\/div><\/div><\/div><\/div>\n","protected":false},"excerpt":{"rendered":"<p><strong>Fonctions principales :<\/strong><br \/>\nPour l&#8217;installation dans les usines de gaz, les gazoducs et la consommation \u00e0 grande \u00e9chelle.<br \/>\nFourniture de gaz aux installations industrielles et aux ateliers.<br \/>\nPour les blocs de bouteille, les centrales de distribution et les canalisations.<\/p>\n<h6>S\u00e9curit\u00e9 et fiabilit\u00e9 totales. Tous nos r\u00e9gulateurs sont test\u00e9s en termes d&#8217;\u00e9tanch\u00e9it\u00e9 et de fonctionnement.<\/h6>\n<p>&nbsp;<\/p>\n","protected":false},"featured_media":17330,"template":"","meta":{"_acf_changed":false,"content-type":"","inline_featured_image":false,"_monsterinsights_skip_tracking":false,"_monsterinsights_sitenote_active":false,"_monsterinsights_sitenote_note":"","_monsterinsights_sitenote_category":0,"_joinchat":[]},"product_brand":[],"product_cat":[937,1387],"product_tag":[],"class_list":{"0":"post-18885","1":"product","2":"type-product","3":"status-publish","4":"has-post-thumbnail","6":"product_cat-produits","7":"product_cat-detendeurs","9":"first","10":"instock","11":"taxable","12":"shipping-taxable","13":"product-type-variable"},"acf":[],"yoast_head":"<!-- This site is optimized with the Yoast SEO plugin v26.4 - https:\/\/yoast.com\/wordpress\/plugins\/seo\/ -->\n<title>D\u00e9tendeurs Mod\u00e8le Grand D\u00e9bit | GALA GAR - Productos de soldadura y reguladores de gas - Gas y soldadura<\/title>\n<meta name=\"robots\" content=\"index, follow, max-snippet:-1, max-image-preview:large, max-video-preview:-1\" \/>\n<link rel=\"canonical\" href=\"https:\/\/galagar.com\/fr\/produit\/regulateurs-a-grand-debit\/\" \/>\n<meta property=\"og:locale\" content=\"fr_FR\" \/>\n<meta property=\"og:type\" content=\"article\" \/>\n<meta property=\"og:title\" content=\"D\u00e9tendeurs Mod\u00e8le Grand D\u00e9bit | GALA GAR - Productos de soldadura y reguladores de gas - Gas y soldadura\" \/>\n<meta property=\"og:description\" content=\"Fonctions principales : Pour l&#039;installation dans les usines de gaz, les gazoducs et la consommation \u00e0 grande \u00e9chelle. Fourniture de gaz aux installations industrielles et aux ateliers. Pour les blocs de bouteille, les centrales de distribution et les canalisations. S\u00e9curit\u00e9 et fiabilit\u00e9 totales. Tous nos r\u00e9gulateurs sont test\u00e9s en termes d&#039;\u00e9tanch\u00e9it\u00e9 et de fonctionnement. &nbsp;\" \/>\n<meta property=\"og:url\" content=\"https:\/\/galagar.com\/fr\/produit\/regulateurs-a-grand-debit\/\" \/>\n<meta property=\"og:site_name\" content=\"GALA GAR - Productos de soldadura y reguladores de gas - Gas y soldadura\" \/>\n<meta property=\"article:publisher\" content=\"https:\/\/www.facebook.com\/galagarsoldadura\/\" \/>\n<meta property=\"article:modified_time\" content=\"2023-06-16T10:39:01+00:00\" \/>\n<meta property=\"og:image\" content=\"https:\/\/galagar.com\/wp-content\/uploads\/2022\/01\/GranCaudal.jpg\" \/>\n\t<meta property=\"og:image:width\" content=\"640\" \/>\n\t<meta property=\"og:image:height\" content=\"800\" \/>\n\t<meta property=\"og:image:type\" content=\"image\/jpeg\" \/>\n<meta name=\"twitter:card\" content=\"summary_large_image\" \/>\n<meta name=\"twitter:label1\" content=\"Dur\u00e9e de lecture estim\u00e9e\" \/>\n\t<meta name=\"twitter:data1\" content=\"2 minutes\" \/>\n<script type=\"application\/ld+json\" class=\"yoast-schema-graph\">{\"@context\":\"https:\/\/schema.org\",\"@graph\":[{\"@type\":\"WebPage\",\"@id\":\"https:\/\/galagar.com\/fr\/produit\/regulateurs-a-grand-debit\/\",\"url\":\"https:\/\/galagar.com\/fr\/produit\/regulateurs-a-grand-debit\/\",\"name\":\"D\u00e9tendeurs Mod\u00e8le Grand D\u00e9bit | GALA GAR - Productos de soldadura y reguladores de gas - Gas y soldadura\",\"isPartOf\":{\"@id\":\"https:\/\/galagar.com\/fr\/#website\"},\"primaryImageOfPage\":{\"@id\":\"https:\/\/galagar.com\/fr\/produit\/regulateurs-a-grand-debit\/#primaryimage\"},\"image\":{\"@id\":\"https:\/\/galagar.com\/fr\/produit\/regulateurs-a-grand-debit\/#primaryimage\"},\"thumbnailUrl\":\"https:\/\/galagar.com\/wp-content\/uploads\/2022\/01\/GranCaudal.jpg\",\"datePublished\":\"2022-01-27T18:43:59+00:00\",\"dateModified\":\"2023-06-16T10:39:01+00:00\",\"breadcrumb\":{\"@id\":\"https:\/\/galagar.com\/fr\/produit\/regulateurs-a-grand-debit\/#breadcrumb\"},\"inLanguage\":\"fr-FR\",\"potentialAction\":[{\"@type\":\"ReadAction\",\"target\":[\"https:\/\/galagar.com\/fr\/produit\/regulateurs-a-grand-debit\/\"]}]},{\"@type\":\"ImageObject\",\"inLanguage\":\"fr-FR\",\"@id\":\"https:\/\/galagar.com\/fr\/produit\/regulateurs-a-grand-debit\/#primaryimage\",\"url\":\"https:\/\/galagar.com\/wp-content\/uploads\/2022\/01\/GranCaudal.jpg\",\"contentUrl\":\"https:\/\/galagar.com\/wp-content\/uploads\/2022\/01\/GranCaudal.jpg\",\"width\":640,\"height\":800},{\"@type\":\"BreadcrumbList\",\"@id\":\"https:\/\/galagar.com\/fr\/produit\/regulateurs-a-grand-debit\/#breadcrumb\",\"itemListElement\":[{\"@type\":\"ListItem\",\"position\":1,\"name\":\"Inicio\",\"item\":\"https:\/\/galagar.com\/fr\/accueil\/\"},{\"@type\":\"ListItem\",\"position\":2,\"name\":\"Boutique\",\"item\":\"https:\/\/galagar.com\/fr\/boutique\/\"},{\"@type\":\"ListItem\",\"position\":3,\"name\":\"Produits\",\"item\":\"https:\/\/galagar.com\/fr\/tienda-online\/produits\/\"},{\"@type\":\"ListItem\",\"position\":4,\"name\":\"R\u00e9gulation des gaz\",\"item\":\"https:\/\/galagar.com\/fr\/tienda-online\/produits\/regulation-des-gaz\/\"},{\"@type\":\"ListItem\",\"position\":5,\"name\":\"D\u00e9tendeurs\",\"item\":\"https:\/\/galagar.com\/fr\/tienda-online\/produits\/regulation-des-gaz\/detendeurs\/\"},{\"@type\":\"ListItem\",\"position\":6,\"name\":\"D\u00e9tendeurs Mod\u00e8le Grand D\u00e9bit\"}]},{\"@type\":\"WebSite\",\"@id\":\"https:\/\/galagar.com\/fr\/#website\",\"url\":\"https:\/\/galagar.com\/fr\/\",\"name\":\"GALA GAR - Productos de soldadura y reguladores de gas - Gas y soldadura\",\"description\":\"Gala Gar es fabricante de tecnolog\u00eda competitiva para soldadura (MMA-TIG-MIG\/MAG-CORTE POR PLASMA), regulaci\u00f3n de gases, y para soldadura y corte por gas.\",\"publisher\":{\"@id\":\"https:\/\/galagar.com\/fr\/#organization\"},\"potentialAction\":[{\"@type\":\"SearchAction\",\"target\":{\"@type\":\"EntryPoint\",\"urlTemplate\":\"https:\/\/galagar.com\/fr\/?s={search_term_string}\"},\"query-input\":{\"@type\":\"PropertyValueSpecification\",\"valueRequired\":true,\"valueName\":\"search_term_string\"}}],\"inLanguage\":\"fr-FR\"},{\"@type\":\"Organization\",\"@id\":\"https:\/\/galagar.com\/fr\/#organization\",\"name\":\"GALA GAR welding\",\"url\":\"https:\/\/galagar.com\/fr\/\",\"logo\":{\"@type\":\"ImageObject\",\"inLanguage\":\"fr-FR\",\"@id\":\"https:\/\/galagar.com\/fr\/#\/schema\/logo\/image\/\",\"url\":\"\",\"contentUrl\":\"\",\"caption\":\"GALA GAR welding\"},\"image\":{\"@id\":\"https:\/\/galagar.com\/fr\/#\/schema\/logo\/image\/\"},\"sameAs\":[\"https:\/\/www.facebook.com\/galagarsoldadura\/\",\"https:\/\/www.linkedin.com\/company\/gala-gar-sl\/?trk=biz-companies-cym\",\"https:\/\/www.youtube.com\/user\/galagarsp\",\"https:\/\/www.instagram.com\/galagar_soldadura\/?hl=es\"]}]}<\/script>\n<!-- \/ Yoast SEO plugin. -->","yoast_head_json":{"title":"D\u00e9tendeurs Mod\u00e8le Grand D\u00e9bit | GALA GAR - Productos de soldadura y reguladores de gas - Gas y soldadura","robots":{"index":"index","follow":"follow","max-snippet":"max-snippet:-1","max-image-preview":"max-image-preview:large","max-video-preview":"max-video-preview:-1"},"canonical":"https:\/\/galagar.com\/fr\/produit\/regulateurs-a-grand-debit\/","og_locale":"fr_FR","og_type":"article","og_title":"D\u00e9tendeurs Mod\u00e8le Grand D\u00e9bit | GALA GAR - Productos de soldadura y reguladores de gas - Gas y soldadura","og_description":"Fonctions principales : Pour l'installation dans les usines de gaz, les gazoducs et la consommation \u00e0 grande \u00e9chelle. Fourniture de gaz aux installations industrielles et aux ateliers. Pour les blocs de bouteille, les centrales de distribution et les canalisations. S\u00e9curit\u00e9 et fiabilit\u00e9 totales. Tous nos r\u00e9gulateurs sont test\u00e9s en termes d'\u00e9tanch\u00e9it\u00e9 et de fonctionnement. &nbsp;","og_url":"https:\/\/galagar.com\/fr\/produit\/regulateurs-a-grand-debit\/","og_site_name":"GALA GAR - Productos de soldadura y reguladores de gas - Gas y soldadura","article_publisher":"https:\/\/www.facebook.com\/galagarsoldadura\/","article_modified_time":"2023-06-16T10:39:01+00:00","og_image":[{"width":640,"height":800,"url":"https:\/\/galagar.com\/wp-content\/uploads\/2022\/01\/GranCaudal.jpg","type":"image\/jpeg"}],"twitter_card":"summary_large_image","twitter_misc":{"Dur\u00e9e de lecture estim\u00e9e":"2 minutes"},"schema":{"@context":"https:\/\/schema.org","@graph":[{"@type":"WebPage","@id":"https:\/\/galagar.com\/fr\/produit\/regulateurs-a-grand-debit\/","url":"https:\/\/galagar.com\/fr\/produit\/regulateurs-a-grand-debit\/","name":"D\u00e9tendeurs Mod\u00e8le Grand D\u00e9bit | GALA GAR - Productos de soldadura y reguladores de gas - Gas y soldadura","isPartOf":{"@id":"https:\/\/galagar.com\/fr\/#website"},"primaryImageOfPage":{"@id":"https:\/\/galagar.com\/fr\/produit\/regulateurs-a-grand-debit\/#primaryimage"},"image":{"@id":"https:\/\/galagar.com\/fr\/produit\/regulateurs-a-grand-debit\/#primaryimage"},"thumbnailUrl":"https:\/\/galagar.com\/wp-content\/uploads\/2022\/01\/GranCaudal.jpg","datePublished":"2022-01-27T18:43:59+00:00","dateModified":"2023-06-16T10:39:01+00:00","breadcrumb":{"@id":"https:\/\/galagar.com\/fr\/produit\/regulateurs-a-grand-debit\/#breadcrumb"},"inLanguage":"fr-FR","potentialAction":[{"@type":"ReadAction","target":["https:\/\/galagar.com\/fr\/produit\/regulateurs-a-grand-debit\/"]}]},{"@type":"ImageObject","inLanguage":"fr-FR","@id":"https:\/\/galagar.com\/fr\/produit\/regulateurs-a-grand-debit\/#primaryimage","url":"https:\/\/galagar.com\/wp-content\/uploads\/2022\/01\/GranCaudal.jpg","contentUrl":"https:\/\/galagar.com\/wp-content\/uploads\/2022\/01\/GranCaudal.jpg","width":640,"height":800},{"@type":"BreadcrumbList","@id":"https:\/\/galagar.com\/fr\/produit\/regulateurs-a-grand-debit\/#breadcrumb","itemListElement":[{"@type":"ListItem","position":1,"name":"Inicio","item":"https:\/\/galagar.com\/fr\/accueil\/"},{"@type":"ListItem","position":2,"name":"Boutique","item":"https:\/\/galagar.com\/fr\/boutique\/"},{"@type":"ListItem","position":3,"name":"Produits","item":"https:\/\/galagar.com\/fr\/tienda-online\/produits\/"},{"@type":"ListItem","position":4,"name":"R\u00e9gulation des gaz","item":"https:\/\/galagar.com\/fr\/tienda-online\/produits\/regulation-des-gaz\/"},{"@type":"ListItem","position":5,"name":"D\u00e9tendeurs","item":"https:\/\/galagar.com\/fr\/tienda-online\/produits\/regulation-des-gaz\/detendeurs\/"},{"@type":"ListItem","position":6,"name":"D\u00e9tendeurs Mod\u00e8le Grand D\u00e9bit"}]},{"@type":"WebSite","@id":"https:\/\/galagar.com\/fr\/#website","url":"https:\/\/galagar.com\/fr\/","name":"GALA GAR - Productos de soldadura y reguladores de gas - Gas y soldadura","description":"Gala Gar es fabricante de tecnolog\u00eda competitiva para soldadura (MMA-TIG-MIG\/MAG-CORTE POR PLASMA), regulaci\u00f3n de gases, y para soldadura y corte por gas.","publisher":{"@id":"https:\/\/galagar.com\/fr\/#organization"},"potentialAction":[{"@type":"SearchAction","target":{"@type":"EntryPoint","urlTemplate":"https:\/\/galagar.com\/fr\/?s={search_term_string}"},"query-input":{"@type":"PropertyValueSpecification","valueRequired":true,"valueName":"search_term_string"}}],"inLanguage":"fr-FR"},{"@type":"Organization","@id":"https:\/\/galagar.com\/fr\/#organization","name":"GALA GAR welding","url":"https:\/\/galagar.com\/fr\/","logo":{"@type":"ImageObject","inLanguage":"fr-FR","@id":"https:\/\/galagar.com\/fr\/#\/schema\/logo\/image\/","url":"","contentUrl":"","caption":"GALA GAR welding"},"image":{"@id":"https:\/\/galagar.com\/fr\/#\/schema\/logo\/image\/"},"sameAs":["https:\/\/www.facebook.com\/galagarsoldadura\/","https:\/\/www.linkedin.com\/company\/gala-gar-sl\/?trk=biz-companies-cym","https:\/\/www.youtube.com\/user\/galagarsp","https:\/\/www.instagram.com\/galagar_soldadura\/?hl=es"]}]}},"_links":{"self":[{"href":"https:\/\/galagar.com\/fr\/wp-json\/wp\/v2\/product\/18885","targetHints":{"allow":["GET"]}}],"collection":[{"href":"https:\/\/galagar.com\/fr\/wp-json\/wp\/v2\/product"}],"about":[{"href":"https:\/\/galagar.com\/fr\/wp-json\/wp\/v2\/types\/product"}],"wp:featuredmedia":[{"embeddable":true,"href":"https:\/\/galagar.com\/fr\/wp-json\/wp\/v2\/media\/17330"}],"wp:attachment":[{"href":"https:\/\/galagar.com\/fr\/wp-json\/wp\/v2\/media?parent=18885"}],"wp:term":[{"taxonomy":"product_brand","embeddable":true,"href":"https:\/\/galagar.com\/fr\/wp-json\/wp\/v2\/product_brand?post=18885"},{"taxonomy":"product_cat","embeddable":true,"href":"https:\/\/galagar.com\/fr\/wp-json\/wp\/v2\/product_cat?post=18885"},{"taxonomy":"product_tag","embeddable":true,"href":"https:\/\/galagar.com\/fr\/wp-json\/wp\/v2\/product_tag?post=18885"}],"curies":[{"name":"wp","href":"https:\/\/api.w.org\/{rel}","templated":true}]}}