{"id":18933,"date":"2022-01-27T19:45:32","date_gmt":"2022-01-27T18:45:32","guid":{"rendered":"https:\/\/dev.galagar.com\/producto\/vannes-pour-regulateur\/"},"modified":"2023-06-20T07:49:41","modified_gmt":"2023-06-20T05:49:41","slug":"vannes-regulateurs","status":"publish","type":"product","link":"https:\/\/galagar.com\/fr\/produit\/vannes-regulateurs\/","title":{"rendered":"Vannes pour r\u00e9gulateur"},"content":{"rendered":"","protected":false},"excerpt":{"rendered":"<p>Les soupapes de s\u00e9curit\u00e9 Gala Gar remplissent deux fonctions :<br \/>\n<strong>\u00c9teindre la combustion et arr\u00eater le passage des gaz apr\u00e8s un retour de flamme.<\/strong><\/p>\n<p>L&#8217;utilisation de soupapes de s\u00e9curit\u00e9 \u00e0 la sortie du r\u00e9gulateur est exig\u00e9e par la loi conform\u00e9ment \u00e0 l&#8217;ITC-MIE-5.<br \/>\nL&#8217;utilisation de soupapes de s\u00e9curit\u00e9 \u00e0 l&#8217;entr\u00e9e de la torche est recommand\u00e9e par <strong>Gala Gar<\/strong>.<\/p>\n","protected":false},"featured_media":23326,"template":"","meta":{"_acf_changed":false,"content-type":"","inline_featured_image":false,"_monsterinsights_skip_tracking":false,"_monsterinsights_sitenote_active":false,"_monsterinsights_sitenote_note":"","_monsterinsights_sitenote_category":0,"_joinchat":[]},"product_brand":[],"product_cat":[937,1373,1613],"product_tag":[],"class_list":{"0":"post-18933","1":"product","2":"type-product","3":"status-publish","4":"has-post-thumbnail","6":"product_cat-produits","7":"product_cat-soudage-flamme","8":"product_cat-clapets-anti-retour","10":"first","11":"instock","12":"taxable","13":"shipping-taxable","14":"product-type-variable"},"acf":[],"yoast_head":"<!-- This site is optimized with the Yoast SEO plugin v26.4 - https:\/\/yoast.com\/wordpress\/plugins\/seo\/ -->\n<title>Vannes pour r\u00e9gulateur | GALA GAR - Productos de soldadura y reguladores de gas - Gas y soldadura<\/title>\n<meta name=\"robots\" content=\"index, follow, max-snippet:-1, max-image-preview:large, max-video-preview:-1\" \/>\n<link rel=\"canonical\" href=\"https:\/\/galagar.com\/fr\/produit\/vannes-regulateurs\/\" \/>\n<meta property=\"og:locale\" content=\"fr_FR\" \/>\n<meta property=\"og:type\" content=\"article\" \/>\n<meta property=\"og:title\" content=\"Vannes pour r\u00e9gulateur | GALA GAR - Productos de soldadura y reguladores de gas - Gas y soldadura\" \/>\n<meta property=\"og:description\" content=\"Les soupapes de s\u00e9curit\u00e9 Gala Gar remplissent deux fonctions : \u00c9teindre la combustion et arr\u00eater le passage des gaz apr\u00e8s un retour de flamme. L&#039;utilisation de soupapes de s\u00e9curit\u00e9 \u00e0 la sortie du r\u00e9gulateur est exig\u00e9e par la loi conform\u00e9ment \u00e0 l&#039;ITC-MIE-5. L&#039;utilisation de soupapes de s\u00e9curit\u00e9 \u00e0 l&#039;entr\u00e9e de la torche est recommand\u00e9e par Gala Gar.\" \/>\n<meta property=\"og:url\" content=\"https:\/\/galagar.com\/fr\/produit\/vannes-regulateurs\/\" \/>\n<meta property=\"og:site_name\" content=\"GALA GAR - Productos de soldadura y reguladores de gas - Gas y soldadura\" \/>\n<meta property=\"article:publisher\" content=\"https:\/\/www.facebook.com\/galagarsoldadura\/\" \/>\n<meta property=\"article:modified_time\" content=\"2023-06-20T05:49:41+00:00\" \/>\n<meta property=\"og:image\" content=\"https:\/\/galagar.com\/wp-content\/uploads\/2023\/06\/Valvula-Regulador_Bode.jpg\" \/>\n\t<meta property=\"og:image:width\" content=\"640\" \/>\n\t<meta property=\"og:image:height\" content=\"800\" \/>\n\t<meta property=\"og:image:type\" content=\"image\/jpeg\" \/>\n<meta name=\"twitter:card\" content=\"summary_large_image\" \/>\n<script type=\"application\/ld+json\" class=\"yoast-schema-graph\">{\"@context\":\"https:\/\/schema.org\",\"@graph\":[{\"@type\":\"WebPage\",\"@id\":\"https:\/\/galagar.com\/fr\/produit\/vannes-regulateurs\/\",\"url\":\"https:\/\/galagar.com\/fr\/produit\/vannes-regulateurs\/\",\"name\":\"Vannes pour r\u00e9gulateur | GALA GAR - Productos de soldadura y reguladores de gas - Gas y soldadura\",\"isPartOf\":{\"@id\":\"https:\/\/galagar.com\/fr\/#website\"},\"primaryImageOfPage\":{\"@id\":\"https:\/\/galagar.com\/fr\/produit\/vannes-regulateurs\/#primaryimage\"},\"image\":{\"@id\":\"https:\/\/galagar.com\/fr\/produit\/vannes-regulateurs\/#primaryimage\"},\"thumbnailUrl\":\"https:\/\/galagar.com\/wp-content\/uploads\/2023\/06\/Valvula-Regulador_Bode.jpg\",\"datePublished\":\"2022-01-27T18:45:32+00:00\",\"dateModified\":\"2023-06-20T05:49:41+00:00\",\"breadcrumb\":{\"@id\":\"https:\/\/galagar.com\/fr\/produit\/vannes-regulateurs\/#breadcrumb\"},\"inLanguage\":\"fr-FR\",\"potentialAction\":[{\"@type\":\"ReadAction\",\"target\":[\"https:\/\/galagar.com\/fr\/produit\/vannes-regulateurs\/\"]}]},{\"@type\":\"ImageObject\",\"inLanguage\":\"fr-FR\",\"@id\":\"https:\/\/galagar.com\/fr\/produit\/vannes-regulateurs\/#primaryimage\",\"url\":\"https:\/\/galagar.com\/wp-content\/uploads\/2023\/06\/Valvula-Regulador_Bode.jpg\",\"contentUrl\":\"https:\/\/galagar.com\/wp-content\/uploads\/2023\/06\/Valvula-Regulador_Bode.jpg\",\"width\":640,\"height\":800},{\"@type\":\"BreadcrumbList\",\"@id\":\"https:\/\/galagar.com\/fr\/produit\/vannes-regulateurs\/#breadcrumb\",\"itemListElement\":[{\"@type\":\"ListItem\",\"position\":1,\"name\":\"Inicio\",\"item\":\"https:\/\/galagar.com\/fr\/accueil\/\"},{\"@type\":\"ListItem\",\"position\":2,\"name\":\"Boutique\",\"item\":\"https:\/\/galagar.com\/fr\/boutique\/\"},{\"@type\":\"ListItem\",\"position\":3,\"name\":\"Produits\",\"item\":\"https:\/\/galagar.com\/fr\/tienda-online\/produits\/\"},{\"@type\":\"ListItem\",\"position\":4,\"name\":\"Soudage flamme\",\"item\":\"https:\/\/galagar.com\/fr\/tienda-online\/produits\/soudage-flamme\/\"},{\"@type\":\"ListItem\",\"position\":5,\"name\":\"Accessoires\",\"item\":\"https:\/\/galagar.com\/fr\/tienda-online\/produits\/soudage-flamme\/accessoires\/\"},{\"@type\":\"ListItem\",\"position\":6,\"name\":\"Clapets anti-retour\",\"item\":\"https:\/\/galagar.com\/fr\/tienda-online\/produits\/soudage-flamme\/accessoires\/clapets-anti-retour\/\"},{\"@type\":\"ListItem\",\"position\":7,\"name\":\"Vannes pour r\u00e9gulateur\"}]},{\"@type\":\"WebSite\",\"@id\":\"https:\/\/galagar.com\/fr\/#website\",\"url\":\"https:\/\/galagar.com\/fr\/\",\"name\":\"GALA GAR - Productos de soldadura y reguladores de gas - Gas y soldadura\",\"description\":\"Gala Gar es fabricante de tecnolog\u00eda competitiva para soldadura (MMA-TIG-MIG\/MAG-CORTE POR PLASMA), regulaci\u00f3n de gases, y para soldadura y corte por gas.\",\"publisher\":{\"@id\":\"https:\/\/galagar.com\/fr\/#organization\"},\"potentialAction\":[{\"@type\":\"SearchAction\",\"target\":{\"@type\":\"EntryPoint\",\"urlTemplate\":\"https:\/\/galagar.com\/fr\/?s={search_term_string}\"},\"query-input\":{\"@type\":\"PropertyValueSpecification\",\"valueRequired\":true,\"valueName\":\"search_term_string\"}}],\"inLanguage\":\"fr-FR\"},{\"@type\":\"Organization\",\"@id\":\"https:\/\/galagar.com\/fr\/#organization\",\"name\":\"GALA GAR welding\",\"url\":\"https:\/\/galagar.com\/fr\/\",\"logo\":{\"@type\":\"ImageObject\",\"inLanguage\":\"fr-FR\",\"@id\":\"https:\/\/galagar.com\/fr\/#\/schema\/logo\/image\/\",\"url\":\"\",\"contentUrl\":\"\",\"caption\":\"GALA GAR welding\"},\"image\":{\"@id\":\"https:\/\/galagar.com\/fr\/#\/schema\/logo\/image\/\"},\"sameAs\":[\"https:\/\/www.facebook.com\/galagarsoldadura\/\",\"https:\/\/www.linkedin.com\/company\/gala-gar-sl\/?trk=biz-companies-cym\",\"https:\/\/www.youtube.com\/user\/galagarsp\",\"https:\/\/www.instagram.com\/galagar_soldadura\/?hl=es\"]}]}<\/script>\n<!-- \/ Yoast SEO plugin. -->","yoast_head_json":{"title":"Vannes pour r\u00e9gulateur | GALA GAR - Productos de soldadura y reguladores de gas - Gas y soldadura","robots":{"index":"index","follow":"follow","max-snippet":"max-snippet:-1","max-image-preview":"max-image-preview:large","max-video-preview":"max-video-preview:-1"},"canonical":"https:\/\/galagar.com\/fr\/produit\/vannes-regulateurs\/","og_locale":"fr_FR","og_type":"article","og_title":"Vannes pour r\u00e9gulateur | GALA GAR - Productos de soldadura y reguladores de gas - Gas y soldadura","og_description":"Les soupapes de s\u00e9curit\u00e9 Gala Gar remplissent deux fonctions : \u00c9teindre la combustion et arr\u00eater le passage des gaz apr\u00e8s un retour de flamme. L'utilisation de soupapes de s\u00e9curit\u00e9 \u00e0 la sortie du r\u00e9gulateur est exig\u00e9e par la loi conform\u00e9ment \u00e0 l'ITC-MIE-5. L'utilisation de soupapes de s\u00e9curit\u00e9 \u00e0 l'entr\u00e9e de la torche est recommand\u00e9e par Gala Gar.","og_url":"https:\/\/galagar.com\/fr\/produit\/vannes-regulateurs\/","og_site_name":"GALA GAR - Productos de soldadura y reguladores de gas - Gas y soldadura","article_publisher":"https:\/\/www.facebook.com\/galagarsoldadura\/","article_modified_time":"2023-06-20T05:49:41+00:00","og_image":[{"width":640,"height":800,"url":"https:\/\/galagar.com\/wp-content\/uploads\/2023\/06\/Valvula-Regulador_Bode.jpg","type":"image\/jpeg"}],"twitter_card":"summary_large_image","schema":{"@context":"https:\/\/schema.org","@graph":[{"@type":"WebPage","@id":"https:\/\/galagar.com\/fr\/produit\/vannes-regulateurs\/","url":"https:\/\/galagar.com\/fr\/produit\/vannes-regulateurs\/","name":"Vannes pour r\u00e9gulateur | GALA GAR - Productos de soldadura y reguladores de gas - Gas y soldadura","isPartOf":{"@id":"https:\/\/galagar.com\/fr\/#website"},"primaryImageOfPage":{"@id":"https:\/\/galagar.com\/fr\/produit\/vannes-regulateurs\/#primaryimage"},"image":{"@id":"https:\/\/galagar.com\/fr\/produit\/vannes-regulateurs\/#primaryimage"},"thumbnailUrl":"https:\/\/galagar.com\/wp-content\/uploads\/2023\/06\/Valvula-Regulador_Bode.jpg","datePublished":"2022-01-27T18:45:32+00:00","dateModified":"2023-06-20T05:49:41+00:00","breadcrumb":{"@id":"https:\/\/galagar.com\/fr\/produit\/vannes-regulateurs\/#breadcrumb"},"inLanguage":"fr-FR","potentialAction":[{"@type":"ReadAction","target":["https:\/\/galagar.com\/fr\/produit\/vannes-regulateurs\/"]}]},{"@type":"ImageObject","inLanguage":"fr-FR","@id":"https:\/\/galagar.com\/fr\/produit\/vannes-regulateurs\/#primaryimage","url":"https:\/\/galagar.com\/wp-content\/uploads\/2023\/06\/Valvula-Regulador_Bode.jpg","contentUrl":"https:\/\/galagar.com\/wp-content\/uploads\/2023\/06\/Valvula-Regulador_Bode.jpg","width":640,"height":800},{"@type":"BreadcrumbList","@id":"https:\/\/galagar.com\/fr\/produit\/vannes-regulateurs\/#breadcrumb","itemListElement":[{"@type":"ListItem","position":1,"name":"Inicio","item":"https:\/\/galagar.com\/fr\/accueil\/"},{"@type":"ListItem","position":2,"name":"Boutique","item":"https:\/\/galagar.com\/fr\/boutique\/"},{"@type":"ListItem","position":3,"name":"Produits","item":"https:\/\/galagar.com\/fr\/tienda-online\/produits\/"},{"@type":"ListItem","position":4,"name":"Soudage flamme","item":"https:\/\/galagar.com\/fr\/tienda-online\/produits\/soudage-flamme\/"},{"@type":"ListItem","position":5,"name":"Accessoires","item":"https:\/\/galagar.com\/fr\/tienda-online\/produits\/soudage-flamme\/accessoires\/"},{"@type":"ListItem","position":6,"name":"Clapets anti-retour","item":"https:\/\/galagar.com\/fr\/tienda-online\/produits\/soudage-flamme\/accessoires\/clapets-anti-retour\/"},{"@type":"ListItem","position":7,"name":"Vannes pour r\u00e9gulateur"}]},{"@type":"WebSite","@id":"https:\/\/galagar.com\/fr\/#website","url":"https:\/\/galagar.com\/fr\/","name":"GALA GAR - Productos de soldadura y reguladores de gas - Gas y soldadura","description":"Gala Gar es fabricante de tecnolog\u00eda competitiva para soldadura (MMA-TIG-MIG\/MAG-CORTE POR PLASMA), regulaci\u00f3n de gases, y para soldadura y corte por gas.","publisher":{"@id":"https:\/\/galagar.com\/fr\/#organization"},"potentialAction":[{"@type":"SearchAction","target":{"@type":"EntryPoint","urlTemplate":"https:\/\/galagar.com\/fr\/?s={search_term_string}"},"query-input":{"@type":"PropertyValueSpecification","valueRequired":true,"valueName":"search_term_string"}}],"inLanguage":"fr-FR"},{"@type":"Organization","@id":"https:\/\/galagar.com\/fr\/#organization","name":"GALA GAR welding","url":"https:\/\/galagar.com\/fr\/","logo":{"@type":"ImageObject","inLanguage":"fr-FR","@id":"https:\/\/galagar.com\/fr\/#\/schema\/logo\/image\/","url":"","contentUrl":"","caption":"GALA GAR welding"},"image":{"@id":"https:\/\/galagar.com\/fr\/#\/schema\/logo\/image\/"},"sameAs":["https:\/\/www.facebook.com\/galagarsoldadura\/","https:\/\/www.linkedin.com\/company\/gala-gar-sl\/?trk=biz-companies-cym","https:\/\/www.youtube.com\/user\/galagarsp","https:\/\/www.instagram.com\/galagar_soldadura\/?hl=es"]}]}},"_links":{"self":[{"href":"https:\/\/galagar.com\/fr\/wp-json\/wp\/v2\/product\/18933","targetHints":{"allow":["GET"]}}],"collection":[{"href":"https:\/\/galagar.com\/fr\/wp-json\/wp\/v2\/product"}],"about":[{"href":"https:\/\/galagar.com\/fr\/wp-json\/wp\/v2\/types\/product"}],"wp:featuredmedia":[{"embeddable":true,"href":"https:\/\/galagar.com\/fr\/wp-json\/wp\/v2\/media\/23326"}],"wp:attachment":[{"href":"https:\/\/galagar.com\/fr\/wp-json\/wp\/v2\/media?parent=18933"}],"wp:term":[{"taxonomy":"product_brand","embeddable":true,"href":"https:\/\/galagar.com\/fr\/wp-json\/wp\/v2\/product_brand?post=18933"},{"taxonomy":"product_cat","embeddable":true,"href":"https:\/\/galagar.com\/fr\/wp-json\/wp\/v2\/product_cat?post=18933"},{"taxonomy":"product_tag","embeddable":true,"href":"https:\/\/galagar.com\/fr\/wp-json\/wp\/v2\/product_tag?post=18933"}],"curies":[{"name":"wp","href":"https:\/\/api.w.org\/{rel}","templated":true}]}}