{"id":27232,"date":"2023-09-29T07:20:03","date_gmt":"2023-09-29T05:20:03","guid":{"rendered":"https:\/\/galagar.com\/?post_type=product&#038;p=27232"},"modified":"2024-09-26T12:02:37","modified_gmt":"2024-09-26T10:02:37","slug":"gala-mig-4000i-d-pulse","status":"publish","type":"product","link":"https:\/\/galagar.com\/fr\/produit\/gala-mig-4000i-d-pulse\/","title":{"rendered":"Gala MIG 4000i D-Puls\u00e9"},"content":{"rendered":"<div class=\"fusion-fullwidth fullwidth-box fusion-builder-row-1 fusion-flex-container nonhundred-percent-fullwidth non-hundred-percent-height-scrolling\" style=\"--awb-border-radius-top-left:0px;--awb-border-radius-top-right:0px;--awb-border-radius-bottom-right:0px;--awb-border-radius-bottom-left:0px;--awb-padding-right:0px;--awb-padding-left:0px;--awb-flex-wrap:wrap;\" ><div class=\"fusion-builder-row fusion-row fusion-flex-align-items-flex-start fusion-flex-content-wrap\" style=\"max-width:1216.8px;margin-left: calc(-4% \/ 2 );margin-right: calc(-4% \/ 2 );\"><div class=\"fusion-layout-column fusion_builder_column fusion-builder-column-0 fusion_builder_column_3_4 3_4 fusion-flex-column\" style=\"--awb-bg-size:cover;--awb-width-large:75%;--awb-margin-top-large:0px;--awb-spacing-right-large:2.56%;--awb-margin-bottom-large:20px;--awb-spacing-left-large:2.56%;--awb-width-medium:100%;--awb-order-medium:0;--awb-spacing-right-medium:1.92%;--awb-spacing-left-medium:1.92%;--awb-width-small:100%;--awb-order-small:0;--awb-spacing-right-small:1.92%;--awb-spacing-left-small:1.92%;\"><div class=\"fusion-column-wrapper fusion-column-has-shadow fusion-flex-justify-content-flex-start fusion-content-layout-column\">\n<div class=\"table-2 gal-textos-menores\">\n<table width=\"100%\">\n<thead>\n<tr>\n<th align=\"left\">Caract\u00e9ristiques<\/th>\n<th align=\"left\"><\/th>\n<\/tr>\n<\/thead>\n<tbody>\n<tr>\n<td>Tension d&#8217;alimentation<\/td>\n<td>3 Ph 400V &#8211; 50\/60 Hz.<\/td>\n<\/tr>\n<tr>\n<td>Marge de r\u00e9gulation (60%)<\/td>\n<td>30 A \u00f7 350 A<\/td>\n<\/tr>\n<tr>\n<td>Facteur d&#8217;engrenage<\/td>\n<td>350 A \/ 100% &#8211; 400 A \/ 60 % &#8211; 350 A \/ 100% &#8211; 400 A \/ 60% &#8211; 350 A \/ 100% &#8211; 400 A \/ 60<\/td>\n<\/tr>\n<tr>\n<td>Syst\u00e8me d&#8217;entra\u00eenement<\/td>\n<td>4 Roulettes<\/td>\n<\/tr>\n<tr>\n<td>\u00d8 fils de soudure<\/td>\n<td>0,8-1,0-1,2 mm.<\/td>\n<\/tr>\n<tr>\n<td>Vitesse maximale du fil<\/td>\n<td>24 m\/min.<\/td>\n<\/tr>\n<tr>\n<td>Dimensions<\/td>\n<td>1335-938 x 551 x 924 mm.<\/td>\n<\/tr>\n<tr>\n<td>Poids avec\/sans Dev.<\/td>\n<td>85\/62 Kg.<\/td>\n<\/tr>\n<\/tbody>\n<\/table>\n<\/div>\n<\/div><\/div><div class=\"fusion-layout-column fusion_builder_column fusion-builder-column-1 fusion_builder_column_1_4 1_4 fusion-flex-column\" style=\"--awb-bg-size:cover;--awb-width-large:25%;--awb-margin-top-large:0px;--awb-spacing-right-large:7.68%;--awb-margin-bottom-large:20px;--awb-spacing-left-large:7.68%;--awb-width-medium:100%;--awb-order-medium:0;--awb-spacing-right-medium:1.92%;--awb-spacing-left-medium:1.92%;--awb-width-small:100%;--awb-order-small:0;--awb-spacing-right-small:1.92%;--awb-spacing-left-small:1.92%;\"><div class=\"fusion-column-wrapper fusion-column-has-shadow fusion-flex-justify-content-flex-start fusion-content-layout-column\"><div class=\"fusion-image-element \" style=\"--awb-caption-title-font-family:var(--h2_typography-font-family);--awb-caption-title-font-weight:var(--h2_typography-font-weight);--awb-caption-title-font-style:var(--h2_typography-font-style);--awb-caption-title-size:var(--h2_typography-font-size);--awb-caption-title-transform:var(--h2_typography-text-transform);--awb-caption-title-line-height:var(--h2_typography-line-height);--awb-caption-title-letter-spacing:var(--h2_typography-letter-spacing);\"><span class=\" fusion-imageframe imageframe-none imageframe-1 hover-type-none\"><img decoding=\"async\" width=\"300\" height=\"153\" title=\"Iconos-4000\" src=\"https:\/\/galagar.com\/wp-content\/uploads\/2023\/09\/Iconos-4000-e1702389076207.png\" data-orig-src=\"https:\/\/galagar.com\/wp-content\/uploads\/2023\/09\/Iconos-4000-300x153.png\" alt class=\"lazyload img-responsive wp-image-27225\" srcset=\"data:image\/svg+xml,%3Csvg%20xmlns%3D%27http%3A%2F%2Fwww.w3.org%2F2000%2Fsvg%27%20width%3D%27787%27%20height%3D%27401%27%20viewBox%3D%270%200%20787%20401%27%3E%3Crect%20width%3D%27787%27%20height%3D%27401%27%20fill-opacity%3D%220%22%2F%3E%3C%2Fsvg%3E\" data-srcset=\"https:\/\/galagar.com\/wp-content\/uploads\/2023\/09\/Iconos-4000-200x102.png 200w, https:\/\/galagar.com\/wp-content\/uploads\/2023\/09\/Iconos-4000-400x204.png 400w, https:\/\/galagar.com\/wp-content\/uploads\/2023\/09\/Iconos-4000-600x306.png 600w, https:\/\/galagar.com\/wp-content\/uploads\/2023\/09\/Iconos-4000.png 787w\" data-sizes=\"auto\" data-orig-sizes=\"(max-width: 1024px) 100vw, (max-width: 640px) 100vw, 400px\" \/><\/span><\/div><\/div><\/div><\/div><\/div>\n","protected":false},"excerpt":{"rendered":"<p><strong>Description :<\/strong><br \/>\nG\u00e9n\u00e9rateur de soudage MIG\/MAG &#8211; MMA multi-proc\u00e9d\u00e9s.<br \/>\nOnduleur \u00e0 impulsion synergique Onduleur contr\u00f4l\u00e9<br \/>\nSyst\u00e8me modulaire avec enrouleur ind\u00e9pendant.<\/p>\n<p><strong>Utiliser :<\/strong><br \/>\nUtilisation industrielle.<br \/>\nSoudage MIG\/MAG d&#8217;aciers normaux, d&#8217;aciers inoxydables et d&#8217;aluminium.<br \/>\nRecommand\u00e9 pour les travaux lourds avec des fils d&#8217;acier de 1,2 mm.<br \/>\nmode de soudage \u00e0 l&#8217;\u00e9lectrode en b\u00e2ton (MMA).<\/p>\n<p><strong>Caract\u00e9ristiques principales :<\/strong><br \/>\nSyst\u00e8me modulaire. Service intensif : 350 A \/ 100 % &#8211; 400 A \/ 60 %.<br \/>\nEnrouleur autonome robuste et portable<br \/>\nSoudage MIG-MAG de fils solides de \u00d8 0,8-1,0-1,2 mm.<br \/>\nSoudage par fil fourr\u00e9 MIG-MAG.<br \/>\nSoudage MMA. Fonction VRD<br \/>\nR\u00e9gulation synergique de la puissance. Facilit\u00e9 d&#8217;utilisation<br \/>\nProgrammes de soudage par impulsion synergique pour les aciers<br \/>\nAffichage num\u00e9rique pour le contr\u00f4le et la lecture des param\u00e8tres<br \/>\nMoteur d&#8217;entra\u00eenement avec syst\u00e8me de roulette \u00e0 4 engrenages<\/p>\n<h4><span style=\"color: #008000;\"><strong><span style=\"color: #008000;\"><a style=\"color: #008000;\" href=\"https:\/\/galagar.com\/contacto\/\" target=\"_blank\" rel=\"noopener\">Demandez-nous l&#8217;option avec r\u00e9frig\u00e9ration.<\/a><\/span><br \/>\n<\/strong><\/span><\/h4>\n","protected":false},"featured_media":27189,"template":"","meta":{"_acf_changed":false,"content-type":"","inline_featured_image":false,"_monsterinsights_skip_tracking":false,"_monsterinsights_sitenote_active":false,"_monsterinsights_sitenote_note":"","_monsterinsights_sitenote_category":0,"_joinchat":[]},"product_brand":[],"product_cat":[1578,1579],"product_tag":[],"class_list":{"0":"post-27232","1":"product","2":"type-product","3":"status-publish","4":"has-post-thumbnail","6":"product_cat-mig-mag-fr","7":"product_cat-multiprocede","9":"first","10":"instock","11":"product-type-simple"},"acf":[],"yoast_head":"<!-- This site is optimized with the Yoast SEO plugin v26.4 - https:\/\/yoast.com\/wordpress\/plugins\/seo\/ -->\n<title>Gala MIG 4000i D-Puls\u00e9 | GALA GAR - Productos de soldadura y reguladores de gas - Gas y soldadura<\/title>\n<meta name=\"robots\" content=\"index, follow, max-snippet:-1, max-image-preview:large, max-video-preview:-1\" \/>\n<link rel=\"canonical\" href=\"https:\/\/galagar.com\/fr\/produit\/gala-mig-4000i-d-pulse\/\" \/>\n<meta property=\"og:locale\" content=\"fr_FR\" \/>\n<meta property=\"og:type\" content=\"article\" \/>\n<meta property=\"og:title\" content=\"Gala MIG 4000i D-Puls\u00e9 | GALA GAR - Productos de soldadura y reguladores de gas - Gas y soldadura\" \/>\n<meta property=\"og:description\" content=\"Description : G\u00e9n\u00e9rateur de soudage MIG\/MAG - MMA multi-proc\u00e9d\u00e9s. Onduleur \u00e0 impulsion synergique Onduleur contr\u00f4l\u00e9 Syst\u00e8me modulaire avec enrouleur ind\u00e9pendant.  Utiliser : Utilisation industrielle. Soudage MIG\/MAG d&#039;aciers normaux, d&#039;aciers inoxydables et d&#039;aluminium. Recommand\u00e9 pour les travaux lourds avec des fils d&#039;acier de 1,2 mm. mode de soudage \u00e0 l&#039;\u00e9lectrode en b\u00e2ton (MMA).  Caract\u00e9ristiques principales : Syst\u00e8me modulaire. Service intensif : 350 A \/ 100 % - 400 A \/ 60 %. Enrouleur autonome robuste et portable Soudage MIG-MAG de fils solides de \u00d8 0,8-1,0-1,2 mm. Soudage par fil fourr\u00e9 MIG-MAG. Soudage MMA. Fonction VRD R\u00e9gulation synergique de la puissance. Facilit\u00e9 d&#039;utilisation Programmes de soudage par impulsion synergique pour les aciers Affichage num\u00e9rique pour le contr\u00f4le et la lecture des param\u00e8tres Moteur d&#039;entra\u00eenement avec syst\u00e8me de roulette \u00e0 4 engrenages Demandez-nous l&#039;option avec r\u00e9frig\u00e9ration.\" \/>\n<meta property=\"og:url\" content=\"https:\/\/galagar.com\/fr\/produit\/gala-mig-4000i-d-pulse\/\" \/>\n<meta property=\"og:site_name\" content=\"GALA GAR - Productos de soldadura y reguladores de gas - Gas y soldadura\" \/>\n<meta property=\"article:publisher\" content=\"https:\/\/www.facebook.com\/galagarsoldadura\/\" \/>\n<meta property=\"article:modified_time\" content=\"2024-09-26T10:02:37+00:00\" \/>\n<meta property=\"og:image\" content=\"https:\/\/galagar.com\/wp-content\/uploads\/2023\/09\/GalaMIG-Srf_4000i.jpg\" \/>\n\t<meta property=\"og:image:width\" content=\"640\" \/>\n\t<meta property=\"og:image:height\" content=\"800\" \/>\n\t<meta property=\"og:image:type\" content=\"image\/jpeg\" \/>\n<meta name=\"twitter:card\" content=\"summary_large_image\" \/>\n<meta name=\"twitter:label1\" content=\"Dur\u00e9e de lecture estim\u00e9e\" \/>\n\t<meta name=\"twitter:data1\" content=\"1 minute\" \/>\n<script type=\"application\/ld+json\" class=\"yoast-schema-graph\">{\"@context\":\"https:\/\/schema.org\",\"@graph\":[{\"@type\":\"WebPage\",\"@id\":\"https:\/\/galagar.com\/fr\/produit\/gala-mig-4000i-d-pulse\/\",\"url\":\"https:\/\/galagar.com\/fr\/produit\/gala-mig-4000i-d-pulse\/\",\"name\":\"Gala MIG 4000i D-Puls\u00e9 | GALA GAR - Productos de soldadura y reguladores de gas - Gas y soldadura\",\"isPartOf\":{\"@id\":\"https:\/\/galagar.com\/fr\/#website\"},\"primaryImageOfPage\":{\"@id\":\"https:\/\/galagar.com\/fr\/produit\/gala-mig-4000i-d-pulse\/#primaryimage\"},\"image\":{\"@id\":\"https:\/\/galagar.com\/fr\/produit\/gala-mig-4000i-d-pulse\/#primaryimage\"},\"thumbnailUrl\":\"https:\/\/galagar.com\/wp-content\/uploads\/2023\/09\/GalaMIG-Srf_4000i.jpg\",\"datePublished\":\"2023-09-29T05:20:03+00:00\",\"dateModified\":\"2024-09-26T10:02:37+00:00\",\"breadcrumb\":{\"@id\":\"https:\/\/galagar.com\/fr\/produit\/gala-mig-4000i-d-pulse\/#breadcrumb\"},\"inLanguage\":\"fr-FR\",\"potentialAction\":[{\"@type\":\"ReadAction\",\"target\":[\"https:\/\/galagar.com\/fr\/produit\/gala-mig-4000i-d-pulse\/\"]}]},{\"@type\":\"ImageObject\",\"inLanguage\":\"fr-FR\",\"@id\":\"https:\/\/galagar.com\/fr\/produit\/gala-mig-4000i-d-pulse\/#primaryimage\",\"url\":\"https:\/\/galagar.com\/wp-content\/uploads\/2023\/09\/GalaMIG-Srf_4000i.jpg\",\"contentUrl\":\"https:\/\/galagar.com\/wp-content\/uploads\/2023\/09\/GalaMIG-Srf_4000i.jpg\",\"width\":640,\"height\":800},{\"@type\":\"BreadcrumbList\",\"@id\":\"https:\/\/galagar.com\/fr\/produit\/gala-mig-4000i-d-pulse\/#breadcrumb\",\"itemListElement\":[{\"@type\":\"ListItem\",\"position\":1,\"name\":\"Inicio\",\"item\":\"https:\/\/galagar.com\/fr\/accueil\/\"},{\"@type\":\"ListItem\",\"position\":2,\"name\":\"Boutique\",\"item\":\"https:\/\/galagar.com\/fr\/boutique\/\"},{\"@type\":\"ListItem\",\"position\":3,\"name\":\"Produits\",\"item\":\"https:\/\/galagar.com\/fr\/tienda-online\/produits\/\"},{\"@type\":\"ListItem\",\"position\":4,\"name\":\"Soudage \u00e9lectrique\",\"item\":\"https:\/\/galagar.com\/fr\/tienda-online\/produits\/soudage-electrique\/\"},{\"@type\":\"ListItem\",\"position\":5,\"name\":\"MIG\/MAG\",\"item\":\"https:\/\/galagar.com\/fr\/tienda-online\/produits\/soudage-electrique\/mig-mag-fr\/\"},{\"@type\":\"ListItem\",\"position\":6,\"name\":\"Multi-proc\u00e9d\u00e9\",\"item\":\"https:\/\/galagar.com\/fr\/tienda-online\/produits\/soudage-electrique\/mig-mag-fr\/multiprocede\/\"},{\"@type\":\"ListItem\",\"position\":7,\"name\":\"Gala MIG 4000i D-Puls\u00e9\"}]},{\"@type\":\"WebSite\",\"@id\":\"https:\/\/galagar.com\/fr\/#website\",\"url\":\"https:\/\/galagar.com\/fr\/\",\"name\":\"GALA GAR - Productos de soldadura y reguladores de gas - Gas y soldadura\",\"description\":\"Gala Gar es fabricante de tecnolog\u00eda competitiva para soldadura (MMA-TIG-MIG\/MAG-CORTE POR PLASMA), regulaci\u00f3n de gases, y para soldadura y corte por gas.\",\"publisher\":{\"@id\":\"https:\/\/galagar.com\/fr\/#organization\"},\"potentialAction\":[{\"@type\":\"SearchAction\",\"target\":{\"@type\":\"EntryPoint\",\"urlTemplate\":\"https:\/\/galagar.com\/fr\/?s={search_term_string}\"},\"query-input\":{\"@type\":\"PropertyValueSpecification\",\"valueRequired\":true,\"valueName\":\"search_term_string\"}}],\"inLanguage\":\"fr-FR\"},{\"@type\":\"Organization\",\"@id\":\"https:\/\/galagar.com\/fr\/#organization\",\"name\":\"GALA GAR welding\",\"url\":\"https:\/\/galagar.com\/fr\/\",\"logo\":{\"@type\":\"ImageObject\",\"inLanguage\":\"fr-FR\",\"@id\":\"https:\/\/galagar.com\/fr\/#\/schema\/logo\/image\/\",\"url\":\"\",\"contentUrl\":\"\",\"caption\":\"GALA GAR welding\"},\"image\":{\"@id\":\"https:\/\/galagar.com\/fr\/#\/schema\/logo\/image\/\"},\"sameAs\":[\"https:\/\/www.facebook.com\/galagarsoldadura\/\",\"https:\/\/www.linkedin.com\/company\/gala-gar-sl\/?trk=biz-companies-cym\",\"https:\/\/www.youtube.com\/user\/galagarsp\",\"https:\/\/www.instagram.com\/galagar_soldadura\/?hl=es\"]}]}<\/script>\n<!-- \/ Yoast SEO plugin. -->","yoast_head_json":{"title":"Gala MIG 4000i D-Puls\u00e9 | GALA GAR - Productos de soldadura y reguladores de gas - Gas y soldadura","robots":{"index":"index","follow":"follow","max-snippet":"max-snippet:-1","max-image-preview":"max-image-preview:large","max-video-preview":"max-video-preview:-1"},"canonical":"https:\/\/galagar.com\/fr\/produit\/gala-mig-4000i-d-pulse\/","og_locale":"fr_FR","og_type":"article","og_title":"Gala MIG 4000i D-Puls\u00e9 | GALA GAR - Productos de soldadura y reguladores de gas - Gas y soldadura","og_description":"Description : G\u00e9n\u00e9rateur de soudage MIG\/MAG - MMA multi-proc\u00e9d\u00e9s. Onduleur \u00e0 impulsion synergique Onduleur contr\u00f4l\u00e9 Syst\u00e8me modulaire avec enrouleur ind\u00e9pendant.  Utiliser : Utilisation industrielle. Soudage MIG\/MAG d'aciers normaux, d'aciers inoxydables et d'aluminium. Recommand\u00e9 pour les travaux lourds avec des fils d'acier de 1,2 mm. mode de soudage \u00e0 l'\u00e9lectrode en b\u00e2ton (MMA).  Caract\u00e9ristiques principales : Syst\u00e8me modulaire. Service intensif : 350 A \/ 100 % - 400 A \/ 60 %. Enrouleur autonome robuste et portable Soudage MIG-MAG de fils solides de \u00d8 0,8-1,0-1,2 mm. Soudage par fil fourr\u00e9 MIG-MAG. Soudage MMA. Fonction VRD R\u00e9gulation synergique de la puissance. Facilit\u00e9 d'utilisation Programmes de soudage par impulsion synergique pour les aciers Affichage num\u00e9rique pour le contr\u00f4le et la lecture des param\u00e8tres Moteur d'entra\u00eenement avec syst\u00e8me de roulette \u00e0 4 engrenages Demandez-nous l'option avec r\u00e9frig\u00e9ration.","og_url":"https:\/\/galagar.com\/fr\/produit\/gala-mig-4000i-d-pulse\/","og_site_name":"GALA GAR - Productos de soldadura y reguladores de gas - Gas y soldadura","article_publisher":"https:\/\/www.facebook.com\/galagarsoldadura\/","article_modified_time":"2024-09-26T10:02:37+00:00","og_image":[{"width":640,"height":800,"url":"https:\/\/galagar.com\/wp-content\/uploads\/2023\/09\/GalaMIG-Srf_4000i.jpg","type":"image\/jpeg"}],"twitter_card":"summary_large_image","twitter_misc":{"Dur\u00e9e de lecture estim\u00e9e":"1 minute"},"schema":{"@context":"https:\/\/schema.org","@graph":[{"@type":"WebPage","@id":"https:\/\/galagar.com\/fr\/produit\/gala-mig-4000i-d-pulse\/","url":"https:\/\/galagar.com\/fr\/produit\/gala-mig-4000i-d-pulse\/","name":"Gala MIG 4000i D-Puls\u00e9 | GALA GAR - Productos de soldadura y reguladores de gas - Gas y soldadura","isPartOf":{"@id":"https:\/\/galagar.com\/fr\/#website"},"primaryImageOfPage":{"@id":"https:\/\/galagar.com\/fr\/produit\/gala-mig-4000i-d-pulse\/#primaryimage"},"image":{"@id":"https:\/\/galagar.com\/fr\/produit\/gala-mig-4000i-d-pulse\/#primaryimage"},"thumbnailUrl":"https:\/\/galagar.com\/wp-content\/uploads\/2023\/09\/GalaMIG-Srf_4000i.jpg","datePublished":"2023-09-29T05:20:03+00:00","dateModified":"2024-09-26T10:02:37+00:00","breadcrumb":{"@id":"https:\/\/galagar.com\/fr\/produit\/gala-mig-4000i-d-pulse\/#breadcrumb"},"inLanguage":"fr-FR","potentialAction":[{"@type":"ReadAction","target":["https:\/\/galagar.com\/fr\/produit\/gala-mig-4000i-d-pulse\/"]}]},{"@type":"ImageObject","inLanguage":"fr-FR","@id":"https:\/\/galagar.com\/fr\/produit\/gala-mig-4000i-d-pulse\/#primaryimage","url":"https:\/\/galagar.com\/wp-content\/uploads\/2023\/09\/GalaMIG-Srf_4000i.jpg","contentUrl":"https:\/\/galagar.com\/wp-content\/uploads\/2023\/09\/GalaMIG-Srf_4000i.jpg","width":640,"height":800},{"@type":"BreadcrumbList","@id":"https:\/\/galagar.com\/fr\/produit\/gala-mig-4000i-d-pulse\/#breadcrumb","itemListElement":[{"@type":"ListItem","position":1,"name":"Inicio","item":"https:\/\/galagar.com\/fr\/accueil\/"},{"@type":"ListItem","position":2,"name":"Boutique","item":"https:\/\/galagar.com\/fr\/boutique\/"},{"@type":"ListItem","position":3,"name":"Produits","item":"https:\/\/galagar.com\/fr\/tienda-online\/produits\/"},{"@type":"ListItem","position":4,"name":"Soudage \u00e9lectrique","item":"https:\/\/galagar.com\/fr\/tienda-online\/produits\/soudage-electrique\/"},{"@type":"ListItem","position":5,"name":"MIG\/MAG","item":"https:\/\/galagar.com\/fr\/tienda-online\/produits\/soudage-electrique\/mig-mag-fr\/"},{"@type":"ListItem","position":6,"name":"Multi-proc\u00e9d\u00e9","item":"https:\/\/galagar.com\/fr\/tienda-online\/produits\/soudage-electrique\/mig-mag-fr\/multiprocede\/"},{"@type":"ListItem","position":7,"name":"Gala MIG 4000i D-Puls\u00e9"}]},{"@type":"WebSite","@id":"https:\/\/galagar.com\/fr\/#website","url":"https:\/\/galagar.com\/fr\/","name":"GALA GAR - Productos de soldadura y reguladores de gas - Gas y soldadura","description":"Gala Gar es fabricante de tecnolog\u00eda competitiva para soldadura (MMA-TIG-MIG\/MAG-CORTE POR PLASMA), regulaci\u00f3n de gases, y para soldadura y corte por gas.","publisher":{"@id":"https:\/\/galagar.com\/fr\/#organization"},"potentialAction":[{"@type":"SearchAction","target":{"@type":"EntryPoint","urlTemplate":"https:\/\/galagar.com\/fr\/?s={search_term_string}"},"query-input":{"@type":"PropertyValueSpecification","valueRequired":true,"valueName":"search_term_string"}}],"inLanguage":"fr-FR"},{"@type":"Organization","@id":"https:\/\/galagar.com\/fr\/#organization","name":"GALA GAR welding","url":"https:\/\/galagar.com\/fr\/","logo":{"@type":"ImageObject","inLanguage":"fr-FR","@id":"https:\/\/galagar.com\/fr\/#\/schema\/logo\/image\/","url":"","contentUrl":"","caption":"GALA GAR welding"},"image":{"@id":"https:\/\/galagar.com\/fr\/#\/schema\/logo\/image\/"},"sameAs":["https:\/\/www.facebook.com\/galagarsoldadura\/","https:\/\/www.linkedin.com\/company\/gala-gar-sl\/?trk=biz-companies-cym","https:\/\/www.youtube.com\/user\/galagarsp","https:\/\/www.instagram.com\/galagar_soldadura\/?hl=es"]}]}},"_links":{"self":[{"href":"https:\/\/galagar.com\/fr\/wp-json\/wp\/v2\/product\/27232","targetHints":{"allow":["GET"]}}],"collection":[{"href":"https:\/\/galagar.com\/fr\/wp-json\/wp\/v2\/product"}],"about":[{"href":"https:\/\/galagar.com\/fr\/wp-json\/wp\/v2\/types\/product"}],"wp:featuredmedia":[{"embeddable":true,"href":"https:\/\/galagar.com\/fr\/wp-json\/wp\/v2\/media\/27189"}],"wp:attachment":[{"href":"https:\/\/galagar.com\/fr\/wp-json\/wp\/v2\/media?parent=27232"}],"wp:term":[{"taxonomy":"product_brand","embeddable":true,"href":"https:\/\/galagar.com\/fr\/wp-json\/wp\/v2\/product_brand?post=27232"},{"taxonomy":"product_cat","embeddable":true,"href":"https:\/\/galagar.com\/fr\/wp-json\/wp\/v2\/product_cat?post=27232"},{"taxonomy":"product_tag","embeddable":true,"href":"https:\/\/galagar.com\/fr\/wp-json\/wp\/v2\/product_tag?post=27232"}],"curies":[{"name":"wp","href":"https:\/\/api.w.org\/{rel}","templated":true}]}}