{"id":28583,"date":"2024-05-23T10:16:09","date_gmt":"2024-05-23T08:16:09","guid":{"rendered":"https:\/\/galagar.com\/?post_type=product&#038;p=28583"},"modified":"2024-05-31T07:21:42","modified_gmt":"2024-05-31T05:21:42","slug":"arko-flux-105","status":"publish","type":"product","link":"https:\/\/galagar.com\/fr\/produit\/arko-flux-105\/","title":{"rendered":"Arko FLUX 105"},"content":{"rendered":"<div class=\"fusion-fullwidth fullwidth-box fusion-builder-row-1 fusion-flex-container has-pattern-background has-mask-background nonhundred-percent-fullwidth non-hundred-percent-height-scrolling\" style=\"--awb-border-radius-top-left:0px;--awb-border-radius-top-right:0px;--awb-border-radius-bottom-right:0px;--awb-border-radius-bottom-left:0px;--awb-flex-wrap:wrap;\" ><div class=\"fusion-builder-row fusion-row fusion-flex-align-items-flex-start fusion-flex-content-wrap\" style=\"max-width:1216.8px;margin-left: calc(-4% \/ 2 );margin-right: calc(-4% \/ 2 );\"><div class=\"fusion-layout-column fusion_builder_column fusion-builder-column-0 fusion_builder_column_2_3 2_3 fusion-flex-column\" style=\"--awb-bg-size:cover;--awb-width-large:66.666666666667%;--awb-margin-top-large:0px;--awb-spacing-right-large:2.88%;--awb-margin-bottom-large:20px;--awb-spacing-left-large:2.88%;--awb-width-medium:100%;--awb-order-medium:0;--awb-spacing-right-medium:1.92%;--awb-spacing-left-medium:1.92%;--awb-width-small:100%;--awb-order-small:0;--awb-spacing-right-small:1.92%;--awb-spacing-left-small:1.92%;\"><div class=\"fusion-column-wrapper fusion-column-has-shadow fusion-flex-justify-content-flex-start fusion-content-layout-column\">\n<div class=\"table-2\">\n<table width=\"100%\">\n<thead>\n<tr>\n<th align=\"left\">Caract\u00e9ristiques de base<\/th>\n<th align=\"left\">FLUX 105<\/th>\n<\/tr>\n<\/thead>\n<tbody>\n<tr>\n<td align=\"left\">Tension d&#8217;alimentation (U1 50\/60 Hz)<\/td>\n<td align=\"left\">(1F) 230V \u00b115%<\/td>\n<\/tr>\n<tr>\n<td align=\"left\">Intensit\u00e9 primaire maximale (I1max )<\/td>\n<td align=\"left\">13.4 A<\/td>\n<\/tr>\n<tr>\n<td align=\"left\">Intensit\u00e9 primaire effective (I1eff)<\/td>\n<td align=\"left\">6 A<\/td>\n<\/tr>\n<tr>\n<td align=\"left\">Plage de r\u00e9gulation continue I2min-I2max<\/td>\n<td align=\"left\">20-100 A<\/td>\n<\/tr>\n<tr>\n<td align=\"left\">Intensit\u00e9 de soudage maximale I2max.<\/td>\n<td align=\"left\">90 A \/ 20%<\/td>\n<\/tr>\n<tr>\n<td align=\"left\">Courant de soudage nominal (100%.)<\/td>\n<td align=\"left\">45 A<\/td>\n<\/tr>\n<tr>\n<td align=\"left\">Tension de soudage U2m\u00edn-U2m\u00e1x.<\/td>\n<td align=\"left\">16.3-19 V<\/td>\n<\/tr>\n<tr>\n<td align=\"left\">Diam\u00e8tre de filetage applicable<\/td>\n<td align=\"left\">0.8 mm. (Fil tubulaire)<\/td>\n<\/tr>\n<tr>\n<td align=\"left\">Isolation thermique<\/td>\n<td align=\"left\">F (155\u00ba C)<\/td>\n<\/tr>\n<tr>\n<td align=\"left\">Degr\u00e9 de protection<\/td>\n<td align=\"left\">IP21S<\/td>\n<\/tr>\n<tr>\n<td align=\"left\">Ventilation<\/td>\n<td align=\"left\">Forc\u00e9<\/td>\n<\/tr>\n<tr>\n<td align=\"left\">Dimensions hors tout( L x A x H ) mm.<\/td>\n<td align=\"left\">318 x 135 x 240<\/td>\n<\/tr>\n<tr>\n<td align=\"left\">Poids<\/td>\n<td align=\"left\">5.4 Kg.<\/td>\n<\/tr>\n<\/tbody>\n<\/table>\n<\/div>\n<\/div><\/div><\/div><\/div>\n","protected":false},"excerpt":{"rendered":"<div class=\"fusion-text fusion-text-1\">\n<p>L&#8217;\u00e9quipement ARKO FLUX permet le soudage selon le proc\u00e9d\u00e9 FCAW (Flux-Cored Arc Welding), qui est un proc\u00e9d\u00e9 de soudage utilisant un fil tubulaire continu comme m\u00e9tal d&#8217;apport. Ce proc\u00e9d\u00e9 est utilis\u00e9 avec la protection d&#8217;un flux contenu \u00e0 l&#8217;int\u00e9rieur du fil tubulaire, \u00e9liminant ainsi le besoin de gaz de protection. C&#8217;est un proc\u00e9d\u00e9 plus rapide et plus facile \u00e0 op\u00e9rer que le soudage \u00e0 l&#8217;\u00e9lectrode. Adapt\u00e9 au soudage des aciers au carbone, le m\u00e9tal le plus utilis\u00e9 dans l&#8217;industrie moderne.<\/p>\n<p><strong>Avantages:<\/strong><\/p>\n<ul>\n<li>Application beaucoup plus simple que le soudage \u00e0 l&#8217;\u00e9lectrode conventionnelle. Pas besoin de changer constamment de mat\u00e9riau d&#8217;apport.<\/li>\n<li>\u00c9quipement portable, pesant 5,4 kg avec la bobine et le pistolet inclus.<\/li>\n<li>R\u00e9glage tr\u00e8s simple et intuitif.<\/li>\n<li>Pas besoin de gaz.<\/li>\n<li>Machine monophas\u00e9e avec connexion \u00e0 une prise domestique.<\/li>\n<li>Bobine de fil de 1 kg.<\/li>\n<li>Soude des \u00e9paisseurs allant jusqu&#8217;\u00e0 4 mm.<\/li>\n<\/ul>\n<\/div>\n","protected":false},"featured_media":33388,"template":"","meta":{"_acf_changed":false,"content-type":"","inline_featured_image":false,"_monsterinsights_skip_tracking":false,"_monsterinsights_sitenote_active":false,"_monsterinsights_sitenote_note":"","_monsterinsights_sitenote_category":0,"_joinchat":[]},"product_brand":[],"product_cat":[1578],"product_tag":[],"class_list":{"0":"post-28583","1":"product","2":"type-product","3":"status-publish","4":"has-post-thumbnail","6":"product_cat-mig-mag-fr","8":"first","9":"instock","10":"product-type-simple"},"acf":[],"yoast_head":"<!-- This site is optimized with the Yoast SEO plugin v26.4 - https:\/\/yoast.com\/wordpress\/plugins\/seo\/ -->\n<title>Arko FLUX 105 | GALA GAR - Productos de soldadura y reguladores de gas - Gas y soldadura<\/title>\n<meta name=\"robots\" content=\"index, follow, max-snippet:-1, max-image-preview:large, max-video-preview:-1\" \/>\n<link rel=\"canonical\" href=\"https:\/\/galagar.com\/fr\/produit\/arko-flux-105\/\" \/>\n<meta property=\"og:locale\" content=\"fr_FR\" \/>\n<meta property=\"og:type\" content=\"article\" \/>\n<meta property=\"og:title\" content=\"Arko FLUX 105 | GALA GAR - Productos de soldadura y reguladores de gas - Gas y soldadura\" \/>\n<meta property=\"og:description\" content=\"L&#039;\u00e9quipement ARKO FLUX permet le soudage selon le proc\u00e9d\u00e9 FCAW (Flux-Cored Arc Welding), qui est un proc\u00e9d\u00e9 de soudage utilisant un fil tubulaire continu comme m\u00e9tal d&#039;apport. Ce proc\u00e9d\u00e9 est utilis\u00e9 avec la protection d&#039;un flux contenu \u00e0 l&#039;int\u00e9rieur du fil tubulaire, \u00e9liminant ainsi le besoin de gaz de protection. C&#039;est un proc\u00e9d\u00e9 plus rapide et plus facile \u00e0 op\u00e9rer que le soudage \u00e0 l&#039;\u00e9lectrode. Adapt\u00e9 au soudage des aciers au carbone, le m\u00e9tal le plus utilis\u00e9 dans l&#039;industrie moderne.  Avantages:   Application beaucoup plus simple que le soudage \u00e0 l&#039;\u00e9lectrode conventionnelle. Pas besoin de changer constamment de mat\u00e9riau d&#039;apport.  \u00c9quipement portable, pesant 5,4 kg avec la bobine et le pistolet inclus.  R\u00e9glage tr\u00e8s simple et intuitif.  Pas besoin de gaz.  Machine monophas\u00e9e avec connexion \u00e0 une prise domestique.  Bobine de fil de 1 kg.  Soude des \u00e9paisseurs allant jusqu&#039;\u00e0 4 mm.\" \/>\n<meta property=\"og:url\" content=\"https:\/\/galagar.com\/fr\/produit\/arko-flux-105\/\" \/>\n<meta property=\"og:site_name\" content=\"GALA GAR - Productos de soldadura y reguladores de gas - Gas y soldadura\" \/>\n<meta property=\"article:publisher\" content=\"https:\/\/www.facebook.com\/galagarsoldadura\/\" \/>\n<meta property=\"article:modified_time\" content=\"2024-05-31T05:21:42+00:00\" \/>\n<meta property=\"og:image\" content=\"https:\/\/galagar.com\/wp-content\/uploads\/2024\/05\/Arko-Flux105.jpg\" \/>\n\t<meta property=\"og:image:width\" content=\"640\" \/>\n\t<meta property=\"og:image:height\" content=\"800\" \/>\n\t<meta property=\"og:image:type\" content=\"image\/jpeg\" \/>\n<meta name=\"twitter:card\" content=\"summary_large_image\" \/>\n<meta name=\"twitter:label1\" content=\"Dur\u00e9e de lecture estim\u00e9e\" \/>\n\t<meta name=\"twitter:data1\" content=\"1 minute\" \/>\n<script type=\"application\/ld+json\" class=\"yoast-schema-graph\">{\"@context\":\"https:\/\/schema.org\",\"@graph\":[{\"@type\":\"WebPage\",\"@id\":\"https:\/\/galagar.com\/fr\/produit\/arko-flux-105\/\",\"url\":\"https:\/\/galagar.com\/fr\/produit\/arko-flux-105\/\",\"name\":\"Arko FLUX 105 | GALA GAR - Productos de soldadura y reguladores de gas - Gas y soldadura\",\"isPartOf\":{\"@id\":\"https:\/\/galagar.com\/fr\/#website\"},\"primaryImageOfPage\":{\"@id\":\"https:\/\/galagar.com\/fr\/produit\/arko-flux-105\/#primaryimage\"},\"image\":{\"@id\":\"https:\/\/galagar.com\/fr\/produit\/arko-flux-105\/#primaryimage\"},\"thumbnailUrl\":\"https:\/\/galagar.com\/wp-content\/uploads\/2024\/05\/Smart-Flux105.jpg\",\"datePublished\":\"2024-05-23T08:16:09+00:00\",\"dateModified\":\"2024-05-31T05:21:42+00:00\",\"breadcrumb\":{\"@id\":\"https:\/\/galagar.com\/fr\/produit\/arko-flux-105\/#breadcrumb\"},\"inLanguage\":\"fr-FR\",\"potentialAction\":[{\"@type\":\"ReadAction\",\"target\":[\"https:\/\/galagar.com\/fr\/produit\/arko-flux-105\/\"]}]},{\"@type\":\"ImageObject\",\"inLanguage\":\"fr-FR\",\"@id\":\"https:\/\/galagar.com\/fr\/produit\/arko-flux-105\/#primaryimage\",\"url\":\"https:\/\/galagar.com\/wp-content\/uploads\/2024\/05\/Smart-Flux105.jpg\",\"contentUrl\":\"https:\/\/galagar.com\/wp-content\/uploads\/2024\/05\/Smart-Flux105.jpg\",\"width\":640,\"height\":800},{\"@type\":\"BreadcrumbList\",\"@id\":\"https:\/\/galagar.com\/fr\/produit\/arko-flux-105\/#breadcrumb\",\"itemListElement\":[{\"@type\":\"ListItem\",\"position\":1,\"name\":\"Inicio\",\"item\":\"https:\/\/galagar.com\/fr\/accueil\/\"},{\"@type\":\"ListItem\",\"position\":2,\"name\":\"Boutique\",\"item\":\"https:\/\/galagar.com\/fr\/boutique\/\"},{\"@type\":\"ListItem\",\"position\":3,\"name\":\"Produits\",\"item\":\"https:\/\/galagar.com\/fr\/tienda-online\/produits\/\"},{\"@type\":\"ListItem\",\"position\":4,\"name\":\"Soudage \u00e9lectrique\",\"item\":\"https:\/\/galagar.com\/fr\/tienda-online\/produits\/soudage-electrique\/\"},{\"@type\":\"ListItem\",\"position\":5,\"name\":\"MIG\/MAG\",\"item\":\"https:\/\/galagar.com\/fr\/tienda-online\/produits\/soudage-electrique\/mig-mag-fr\/\"},{\"@type\":\"ListItem\",\"position\":6,\"name\":\"Arko FLUX 105\"}]},{\"@type\":\"WebSite\",\"@id\":\"https:\/\/galagar.com\/fr\/#website\",\"url\":\"https:\/\/galagar.com\/fr\/\",\"name\":\"GALA GAR - Productos de soldadura y reguladores de gas - Gas y soldadura\",\"description\":\"Gala Gar es fabricante de tecnolog\u00eda competitiva para soldadura (MMA-TIG-MIG\/MAG-CORTE POR PLASMA), regulaci\u00f3n de gases, y para soldadura y corte por gas.\",\"publisher\":{\"@id\":\"https:\/\/galagar.com\/fr\/#organization\"},\"potentialAction\":[{\"@type\":\"SearchAction\",\"target\":{\"@type\":\"EntryPoint\",\"urlTemplate\":\"https:\/\/galagar.com\/fr\/?s={search_term_string}\"},\"query-input\":{\"@type\":\"PropertyValueSpecification\",\"valueRequired\":true,\"valueName\":\"search_term_string\"}}],\"inLanguage\":\"fr-FR\"},{\"@type\":\"Organization\",\"@id\":\"https:\/\/galagar.com\/fr\/#organization\",\"name\":\"GALA GAR welding\",\"url\":\"https:\/\/galagar.com\/fr\/\",\"logo\":{\"@type\":\"ImageObject\",\"inLanguage\":\"fr-FR\",\"@id\":\"https:\/\/galagar.com\/fr\/#\/schema\/logo\/image\/\",\"url\":\"\",\"contentUrl\":\"\",\"caption\":\"GALA GAR welding\"},\"image\":{\"@id\":\"https:\/\/galagar.com\/fr\/#\/schema\/logo\/image\/\"},\"sameAs\":[\"https:\/\/www.facebook.com\/galagarsoldadura\/\",\"https:\/\/www.linkedin.com\/company\/gala-gar-sl\/?trk=biz-companies-cym\",\"https:\/\/www.youtube.com\/user\/galagarsp\",\"https:\/\/www.instagram.com\/galagar_soldadura\/?hl=es\"]}]}<\/script>\n<!-- \/ Yoast SEO plugin. -->","yoast_head_json":{"title":"Arko FLUX 105 | GALA GAR - Productos de soldadura y reguladores de gas - Gas y soldadura","robots":{"index":"index","follow":"follow","max-snippet":"max-snippet:-1","max-image-preview":"max-image-preview:large","max-video-preview":"max-video-preview:-1"},"canonical":"https:\/\/galagar.com\/fr\/produit\/arko-flux-105\/","og_locale":"fr_FR","og_type":"article","og_title":"Arko FLUX 105 | GALA GAR - Productos de soldadura y reguladores de gas - Gas y soldadura","og_description":"L'\u00e9quipement ARKO FLUX permet le soudage selon le proc\u00e9d\u00e9 FCAW (Flux-Cored Arc Welding), qui est un proc\u00e9d\u00e9 de soudage utilisant un fil tubulaire continu comme m\u00e9tal d'apport. Ce proc\u00e9d\u00e9 est utilis\u00e9 avec la protection d'un flux contenu \u00e0 l'int\u00e9rieur du fil tubulaire, \u00e9liminant ainsi le besoin de gaz de protection. C'est un proc\u00e9d\u00e9 plus rapide et plus facile \u00e0 op\u00e9rer que le soudage \u00e0 l'\u00e9lectrode. Adapt\u00e9 au soudage des aciers au carbone, le m\u00e9tal le plus utilis\u00e9 dans l'industrie moderne.  Avantages:   Application beaucoup plus simple que le soudage \u00e0 l'\u00e9lectrode conventionnelle. Pas besoin de changer constamment de mat\u00e9riau d'apport.  \u00c9quipement portable, pesant 5,4 kg avec la bobine et le pistolet inclus.  R\u00e9glage tr\u00e8s simple et intuitif.  Pas besoin de gaz.  Machine monophas\u00e9e avec connexion \u00e0 une prise domestique.  Bobine de fil de 1 kg.  Soude des \u00e9paisseurs allant jusqu'\u00e0 4 mm.","og_url":"https:\/\/galagar.com\/fr\/produit\/arko-flux-105\/","og_site_name":"GALA GAR - Productos de soldadura y reguladores de gas - Gas y soldadura","article_publisher":"https:\/\/www.facebook.com\/galagarsoldadura\/","article_modified_time":"2024-05-31T05:21:42+00:00","og_image":[{"width":640,"height":800,"url":"https:\/\/galagar.com\/wp-content\/uploads\/2024\/05\/Arko-Flux105.jpg","type":"image\/jpeg"}],"twitter_card":"summary_large_image","twitter_misc":{"Dur\u00e9e de lecture estim\u00e9e":"1 minute"},"schema":{"@context":"https:\/\/schema.org","@graph":[{"@type":"WebPage","@id":"https:\/\/galagar.com\/fr\/produit\/arko-flux-105\/","url":"https:\/\/galagar.com\/fr\/produit\/arko-flux-105\/","name":"Arko FLUX 105 | GALA GAR - Productos de soldadura y reguladores de gas - Gas y soldadura","isPartOf":{"@id":"https:\/\/galagar.com\/fr\/#website"},"primaryImageOfPage":{"@id":"https:\/\/galagar.com\/fr\/produit\/arko-flux-105\/#primaryimage"},"image":{"@id":"https:\/\/galagar.com\/fr\/produit\/arko-flux-105\/#primaryimage"},"thumbnailUrl":"https:\/\/galagar.com\/wp-content\/uploads\/2024\/05\/Smart-Flux105.jpg","datePublished":"2024-05-23T08:16:09+00:00","dateModified":"2024-05-31T05:21:42+00:00","breadcrumb":{"@id":"https:\/\/galagar.com\/fr\/produit\/arko-flux-105\/#breadcrumb"},"inLanguage":"fr-FR","potentialAction":[{"@type":"ReadAction","target":["https:\/\/galagar.com\/fr\/produit\/arko-flux-105\/"]}]},{"@type":"ImageObject","inLanguage":"fr-FR","@id":"https:\/\/galagar.com\/fr\/produit\/arko-flux-105\/#primaryimage","url":"https:\/\/galagar.com\/wp-content\/uploads\/2024\/05\/Smart-Flux105.jpg","contentUrl":"https:\/\/galagar.com\/wp-content\/uploads\/2024\/05\/Smart-Flux105.jpg","width":640,"height":800},{"@type":"BreadcrumbList","@id":"https:\/\/galagar.com\/fr\/produit\/arko-flux-105\/#breadcrumb","itemListElement":[{"@type":"ListItem","position":1,"name":"Inicio","item":"https:\/\/galagar.com\/fr\/accueil\/"},{"@type":"ListItem","position":2,"name":"Boutique","item":"https:\/\/galagar.com\/fr\/boutique\/"},{"@type":"ListItem","position":3,"name":"Produits","item":"https:\/\/galagar.com\/fr\/tienda-online\/produits\/"},{"@type":"ListItem","position":4,"name":"Soudage \u00e9lectrique","item":"https:\/\/galagar.com\/fr\/tienda-online\/produits\/soudage-electrique\/"},{"@type":"ListItem","position":5,"name":"MIG\/MAG","item":"https:\/\/galagar.com\/fr\/tienda-online\/produits\/soudage-electrique\/mig-mag-fr\/"},{"@type":"ListItem","position":6,"name":"Arko FLUX 105"}]},{"@type":"WebSite","@id":"https:\/\/galagar.com\/fr\/#website","url":"https:\/\/galagar.com\/fr\/","name":"GALA GAR - Productos de soldadura y reguladores de gas - Gas y soldadura","description":"Gala Gar es fabricante de tecnolog\u00eda competitiva para soldadura (MMA-TIG-MIG\/MAG-CORTE POR PLASMA), regulaci\u00f3n de gases, y para soldadura y corte por gas.","publisher":{"@id":"https:\/\/galagar.com\/fr\/#organization"},"potentialAction":[{"@type":"SearchAction","target":{"@type":"EntryPoint","urlTemplate":"https:\/\/galagar.com\/fr\/?s={search_term_string}"},"query-input":{"@type":"PropertyValueSpecification","valueRequired":true,"valueName":"search_term_string"}}],"inLanguage":"fr-FR"},{"@type":"Organization","@id":"https:\/\/galagar.com\/fr\/#organization","name":"GALA GAR welding","url":"https:\/\/galagar.com\/fr\/","logo":{"@type":"ImageObject","inLanguage":"fr-FR","@id":"https:\/\/galagar.com\/fr\/#\/schema\/logo\/image\/","url":"","contentUrl":"","caption":"GALA GAR welding"},"image":{"@id":"https:\/\/galagar.com\/fr\/#\/schema\/logo\/image\/"},"sameAs":["https:\/\/www.facebook.com\/galagarsoldadura\/","https:\/\/www.linkedin.com\/company\/gala-gar-sl\/?trk=biz-companies-cym","https:\/\/www.youtube.com\/user\/galagarsp","https:\/\/www.instagram.com\/galagar_soldadura\/?hl=es"]}]}},"_links":{"self":[{"href":"https:\/\/galagar.com\/fr\/wp-json\/wp\/v2\/product\/28583","targetHints":{"allow":["GET"]}}],"collection":[{"href":"https:\/\/galagar.com\/fr\/wp-json\/wp\/v2\/product"}],"about":[{"href":"https:\/\/galagar.com\/fr\/wp-json\/wp\/v2\/types\/product"}],"wp:featuredmedia":[{"embeddable":true,"href":"https:\/\/galagar.com\/fr\/wp-json\/wp\/v2\/media\/33388"}],"wp:attachment":[{"href":"https:\/\/galagar.com\/fr\/wp-json\/wp\/v2\/media?parent=28583"}],"wp:term":[{"taxonomy":"product_brand","embeddable":true,"href":"https:\/\/galagar.com\/fr\/wp-json\/wp\/v2\/product_brand?post=28583"},{"taxonomy":"product_cat","embeddable":true,"href":"https:\/\/galagar.com\/fr\/wp-json\/wp\/v2\/product_cat?post=28583"},{"taxonomy":"product_tag","embeddable":true,"href":"https:\/\/galagar.com\/fr\/wp-json\/wp\/v2\/product_tag?post=28583"}],"curies":[{"name":"wp","href":"https:\/\/api.w.org\/{rel}","templated":true}]}}