{"id":28685,"date":"2024-06-03T08:50:07","date_gmt":"2024-06-03T06:50:07","guid":{"rendered":"https:\/\/galagar.com\/?post_type=product&#038;p=28685"},"modified":"2024-06-05T08:18:09","modified_gmt":"2024-06-05T06:18:09","slug":"smart-cut-850","status":"publish","type":"product","link":"https:\/\/galagar.com\/fr\/produit\/smart-cut-850\/","title":{"rendered":"Smart CUT 850"},"content":{"rendered":"<div class=\"fusion-fullwidth fullwidth-box fusion-builder-row-1 fusion-flex-container nonhundred-percent-fullwidth non-hundred-percent-height-scrolling\" style=\"--awb-border-radius-top-left:0px;--awb-border-radius-top-right:0px;--awb-border-radius-bottom-right:0px;--awb-border-radius-bottom-left:0px;--awb-padding-right:0px;--awb-padding-left:0px;--awb-flex-wrap:wrap;\" ><div class=\"fusion-builder-row fusion-row fusion-flex-align-items-flex-start fusion-flex-content-wrap\" style=\"max-width:1216.8px;margin-left: calc(-4% \/ 2 );margin-right: calc(-4% \/ 2 );\"><div class=\"fusion-layout-column fusion_builder_column fusion-builder-column-0 fusion_builder_column_3_5 3_5 fusion-flex-column\" style=\"--awb-bg-size:cover;--awb-width-large:60%;--awb-margin-top-large:0px;--awb-spacing-right-large:3.2%;--awb-margin-bottom-large:20px;--awb-spacing-left-large:3.2%;--awb-width-medium:100%;--awb-order-medium:0;--awb-spacing-right-medium:1.92%;--awb-spacing-left-medium:1.92%;--awb-width-small:100%;--awb-order-small:0;--awb-spacing-right-small:1.92%;--awb-spacing-left-small:1.92%;\"><div class=\"fusion-column-wrapper fusion-column-has-shadow fusion-flex-justify-content-flex-start fusion-content-layout-column\">\n<div class=\"table-2 gal-textos-menores\">\n<table width=\"100%\">\n<thead>\n<tr>\n<th align=\"left\">Caract\u00e9ristiques<\/th>\n<th align=\"left\"><\/th>\n<\/tr>\n<\/thead>\n<tbody>\n<tr>\n<td>Tension d&#8217;alimentation<\/td>\n<td>3 Ph 400V \u00b1 15 % &#8211; 50\/60 Hz.<\/td>\n<\/tr>\n<tr>\n<td>Plage de r\u00e9gulation<\/td>\n<td>20 A \u00f7 85 A<\/td>\n<\/tr>\n<tr>\n<td>Facteur de marche MIG\/MAG 40\u00baC<\/td>\n<td>85 A \/ 100 %<\/td>\n<\/tr>\n<tr>\n<td>Puissance maximale absorb\u00e9e<\/td>\n<td>13,7 Kva<\/td>\n<\/tr>\n<tr>\n<td>Epaisseur de coupe maximale<\/td>\n<td>38 mm.<\/td>\n<\/tr>\n<tr>\n<td>D\u00e9bit d&#8217;air minimum n\u00e9cessaire<\/td>\n<td>175 \u00f7 295 L\/min.<\/td>\n<\/tr>\n<tr>\n<td>Compresseur recommand\u00e9<\/td>\n<td>5 \u00f7 6 bar<\/td>\n<\/tr>\n<tr>\n<td>Dimensions (largeur x hauteur x longueur)<\/td>\n<td>470 x 250 X 200 mm.<\/td>\n<\/tr>\n<tr>\n<td>Poids<\/td>\n<td>26,1 Kg.<\/td>\n<\/tr>\n<\/tbody>\n<\/table>\n<\/div>\n<\/div><\/div><div class=\"fusion-layout-column fusion_builder_column fusion-builder-column-1 fusion_builder_column_2_5 2_5 fusion-flex-column\" style=\"--awb-bg-size:cover;--awb-width-large:40%;--awb-margin-top-large:0px;--awb-spacing-right-large:4.8%;--awb-margin-bottom-large:20px;--awb-spacing-left-large:4.8%;--awb-width-medium:100%;--awb-order-medium:0;--awb-spacing-right-medium:1.92%;--awb-spacing-left-medium:1.92%;--awb-width-small:100%;--awb-order-small:0;--awb-spacing-right-small:1.92%;--awb-spacing-left-small:1.92%;\"><div class=\"fusion-column-wrapper fusion-column-has-shadow fusion-flex-justify-content-flex-start fusion-content-layout-column\">\n<div class=\"table-2 gal-textos-menores\">\n<table width=\"100%\">\n<thead>\n<tr>\n<th align=\"left\">Epaisseur de coupe<\/th>\n<th align=\"left\"><\/th>\n<th align=\"left\"><\/th>\n<\/tr>\n<\/thead>\n<tbody>\n<tr>\n<td>Type de coupe<\/td>\n<td>Acier<\/td>\n<td align=\"left\">Aluminium<\/td>\n<\/tr>\n<tr>\n<td>S\u00e9paration<\/td>\n<td>38 mm.<\/td>\n<td align=\"left\">25 mm.<\/td>\n<\/tr>\n<tr>\n<td>Qualit\u00e9<\/td>\n<td>32 mm.<\/td>\n<td align=\"left\">20 mm.<\/td>\n<\/tr>\n<tr>\n<td>Gougeage<\/td>\n<td>Oui<\/td>\n<td align=\"left\"><\/td>\n<\/tr>\n<tr>\n<td align=\"left\">Grillage<\/td>\n<td align=\"left\">Oui<\/td>\n<td align=\"left\"><\/td>\n<\/tr>\n<tr>\n<td align=\"left\">Adapt\u00e9 \u00e0 la CNC<\/td>\n<td align=\"left\">Oui<\/td>\n<td align=\"left\"><\/td>\n<\/tr>\n<tr>\n<td align=\"left\">Brochage maximal<\/td>\n<td align=\"left\">7 mm.<\/td>\n<td align=\"left\">&#8212;<\/td>\n<\/tr>\n<\/tbody>\n<\/table>\n<\/div>\n<\/div><\/div><\/div><\/div>\n","protected":false},"excerpt":{"rendered":"<p><img decoding=\"async\" class=\"alignnone wp-image-28642\" src=\"https:\/\/galagar.com\/wp-content\/uploads\/2024\/06\/Ico-850-300x60.jpg\" alt=\"\" width=\"220\" height=\"44\" srcset=\"https:\/\/galagar.com\/wp-content\/uploads\/2024\/06\/Ico-850-200x40.jpg 200w, https:\/\/galagar.com\/wp-content\/uploads\/2024\/06\/Ico-850-300x60.jpg 300w, https:\/\/galagar.com\/wp-content\/uploads\/2024\/06\/Ico-850-400x80.jpg 400w, https:\/\/galagar.com\/wp-content\/uploads\/2024\/06\/Ico-850-500x101.jpg 500w, https:\/\/galagar.com\/wp-content\/uploads\/2024\/06\/Ico-850-600x121.jpg 600w, https:\/\/galagar.com\/wp-content\/uploads\/2024\/06\/Ico-850-700x141.jpg 700w, https:\/\/galagar.com\/wp-content\/uploads\/2024\/06\/Ico-850-768x154.jpg 768w, https:\/\/galagar.com\/wp-content\/uploads\/2024\/06\/Ico-850-800x161.jpg 800w, https:\/\/galagar.com\/wp-content\/uploads\/2024\/06\/Ico-850-940x192.jpg 940w, https:\/\/galagar.com\/wp-content\/uploads\/2024\/06\/Ico-850.jpg 955w\" sizes=\"(max-width: 220px) 100vw, 220px\" \/><\/p>\n<p><strong>Description: <\/strong><\/p>\n<p>\u00c9quipement de d\u00e9coupe au plasma \u00e9lectrique \u00e0 air comprim\u00e9. D\u00e9coupe de tous types de mat\u00e9riaux conducteurs d&#8217;\u00e9lectricit\u00e9 : acier, acier inoxydable, aluminium, laiton, etc. Syst\u00e8me Inverter de grande portabilit\u00e9 et de haute performance.<\/p>\n<p><strong>Utilisation: <\/strong><\/p>\n<p>Utilisation industrielle. Convient pour la coupe manuelle et automatique (CNC, THC)<\/p>\n<p><strong>Mat\u00e9riaux: <\/strong><\/p>\n<p>Acier au carbone &#8211; Galvanis\u00e9 &#8211; Acier inoxydable &#8211; Aluminium &#8211; Fonte &#8211; Cuivre<\/p>\n<p><strong>Applications: <\/strong><\/p>\n<p>Charpenterie moyenne &#8211; Chantiers navals &#8211; Carrosserie &#8211; Ateliers m\u00e9caniques &#8211; Carrosseries &#8211; Carrosseries &#8211; Construction.<\/p>\n","protected":false},"featured_media":28623,"template":"","meta":{"_acf_changed":false,"content-type":"","inline_featured_image":false,"_monsterinsights_skip_tracking":false,"_monsterinsights_sitenote_active":false,"_monsterinsights_sitenote_note":"","_monsterinsights_sitenote_category":0,"_joinchat":[]},"product_brand":[],"product_cat":[1357],"product_tag":[],"class_list":{"0":"post-28685","1":"product","2":"type-product","3":"status-publish","4":"has-post-thumbnail","6":"product_cat-decoupe-au-plasma","8":"first","9":"instock","10":"product-type-simple"},"acf":[],"yoast_head":"<!-- This site is optimized with the Yoast SEO plugin v26.4 - https:\/\/yoast.com\/wordpress\/plugins\/seo\/ -->\n<title>Smart CUT 850 | GALA GAR - Productos de soldadura y reguladores de gas - Gas y soldadura<\/title>\n<meta name=\"robots\" content=\"index, follow, max-snippet:-1, max-image-preview:large, max-video-preview:-1\" \/>\n<link rel=\"canonical\" href=\"https:\/\/galagar.com\/fr\/produit\/smart-cut-850\/\" \/>\n<meta property=\"og:locale\" content=\"fr_FR\" \/>\n<meta property=\"og:type\" content=\"article\" \/>\n<meta property=\"og:title\" content=\"Smart CUT 850 | GALA GAR - Productos de soldadura y reguladores de gas - Gas y soldadura\" \/>\n<meta property=\"og:description\" content=\"Description:   \u00c9quipement de d\u00e9coupe au plasma \u00e9lectrique \u00e0 air comprim\u00e9. D\u00e9coupe de tous types de mat\u00e9riaux conducteurs d&#039;\u00e9lectricit\u00e9 : acier, acier inoxydable, aluminium, laiton, etc. Syst\u00e8me Inverter de grande portabilit\u00e9 et de haute performance.  Utilisation:   Utilisation industrielle. Convient pour la coupe manuelle et automatique (CNC, THC)  Mat\u00e9riaux:   Acier au carbone - Galvanis\u00e9 - Acier inoxydable - Aluminium - Fonte - Cuivre  Applications:   Charpenterie moyenne - Chantiers navals - Carrosserie - Ateliers m\u00e9caniques - Carrosseries - Carrosseries - Construction.\" \/>\n<meta property=\"og:url\" content=\"https:\/\/galagar.com\/fr\/produit\/smart-cut-850\/\" \/>\n<meta property=\"og:site_name\" content=\"GALA GAR - Productos de soldadura y reguladores de gas - Gas y soldadura\" \/>\n<meta property=\"article:publisher\" content=\"https:\/\/www.facebook.com\/galagarsoldadura\/\" \/>\n<meta property=\"article:modified_time\" content=\"2024-06-05T06:18:09+00:00\" \/>\n<meta property=\"og:image\" content=\"https:\/\/galagar.com\/wp-content\/uploads\/2024\/06\/SmartCUT850_NEW.jpg\" \/>\n\t<meta property=\"og:image:width\" content=\"640\" \/>\n\t<meta property=\"og:image:height\" content=\"800\" \/>\n\t<meta property=\"og:image:type\" content=\"image\/jpeg\" \/>\n<meta name=\"twitter:card\" content=\"summary_large_image\" \/>\n<meta name=\"twitter:label1\" content=\"Dur\u00e9e de lecture estim\u00e9e\" \/>\n\t<meta name=\"twitter:data1\" content=\"1 minute\" \/>\n<script type=\"application\/ld+json\" class=\"yoast-schema-graph\">{\"@context\":\"https:\/\/schema.org\",\"@graph\":[{\"@type\":\"WebPage\",\"@id\":\"https:\/\/galagar.com\/fr\/produit\/smart-cut-850\/\",\"url\":\"https:\/\/galagar.com\/fr\/produit\/smart-cut-850\/\",\"name\":\"Smart CUT 850 | GALA GAR - Productos de soldadura y reguladores de gas - Gas y soldadura\",\"isPartOf\":{\"@id\":\"https:\/\/galagar.com\/fr\/#website\"},\"primaryImageOfPage\":{\"@id\":\"https:\/\/galagar.com\/fr\/produit\/smart-cut-850\/#primaryimage\"},\"image\":{\"@id\":\"https:\/\/galagar.com\/fr\/produit\/smart-cut-850\/#primaryimage\"},\"thumbnailUrl\":\"https:\/\/galagar.com\/wp-content\/uploads\/2024\/06\/SmartCUT850.jpg\",\"datePublished\":\"2024-06-03T06:50:07+00:00\",\"dateModified\":\"2024-06-05T06:18:09+00:00\",\"breadcrumb\":{\"@id\":\"https:\/\/galagar.com\/fr\/produit\/smart-cut-850\/#breadcrumb\"},\"inLanguage\":\"fr-FR\",\"potentialAction\":[{\"@type\":\"ReadAction\",\"target\":[\"https:\/\/galagar.com\/fr\/produit\/smart-cut-850\/\"]}]},{\"@type\":\"ImageObject\",\"inLanguage\":\"fr-FR\",\"@id\":\"https:\/\/galagar.com\/fr\/produit\/smart-cut-850\/#primaryimage\",\"url\":\"https:\/\/galagar.com\/wp-content\/uploads\/2024\/06\/SmartCUT850.jpg\",\"contentUrl\":\"https:\/\/galagar.com\/wp-content\/uploads\/2024\/06\/SmartCUT850.jpg\",\"width\":640,\"height\":800},{\"@type\":\"BreadcrumbList\",\"@id\":\"https:\/\/galagar.com\/fr\/produit\/smart-cut-850\/#breadcrumb\",\"itemListElement\":[{\"@type\":\"ListItem\",\"position\":1,\"name\":\"Inicio\",\"item\":\"https:\/\/galagar.com\/fr\/accueil\/\"},{\"@type\":\"ListItem\",\"position\":2,\"name\":\"Boutique\",\"item\":\"https:\/\/galagar.com\/fr\/boutique\/\"},{\"@type\":\"ListItem\",\"position\":3,\"name\":\"Produits\",\"item\":\"https:\/\/galagar.com\/fr\/tienda-online\/produits\/\"},{\"@type\":\"ListItem\",\"position\":4,\"name\":\"Soudage \u00e9lectrique\",\"item\":\"https:\/\/galagar.com\/fr\/tienda-online\/produits\/soudage-electrique\/\"},{\"@type\":\"ListItem\",\"position\":5,\"name\":\"D\u00e9coupe au plasma\",\"item\":\"https:\/\/galagar.com\/fr\/tienda-online\/produits\/soudage-electrique\/decoupe-au-plasma\/\"},{\"@type\":\"ListItem\",\"position\":6,\"name\":\"Smart CUT 850\"}]},{\"@type\":\"WebSite\",\"@id\":\"https:\/\/galagar.com\/fr\/#website\",\"url\":\"https:\/\/galagar.com\/fr\/\",\"name\":\"GALA GAR - Productos de soldadura y reguladores de gas - Gas y soldadura\",\"description\":\"Gala Gar es fabricante de tecnolog\u00eda competitiva para soldadura (MMA-TIG-MIG\/MAG-CORTE POR PLASMA), regulaci\u00f3n de gases, y para soldadura y corte por gas.\",\"publisher\":{\"@id\":\"https:\/\/galagar.com\/fr\/#organization\"},\"potentialAction\":[{\"@type\":\"SearchAction\",\"target\":{\"@type\":\"EntryPoint\",\"urlTemplate\":\"https:\/\/galagar.com\/fr\/?s={search_term_string}\"},\"query-input\":{\"@type\":\"PropertyValueSpecification\",\"valueRequired\":true,\"valueName\":\"search_term_string\"}}],\"inLanguage\":\"fr-FR\"},{\"@type\":\"Organization\",\"@id\":\"https:\/\/galagar.com\/fr\/#organization\",\"name\":\"GALA GAR welding\",\"url\":\"https:\/\/galagar.com\/fr\/\",\"logo\":{\"@type\":\"ImageObject\",\"inLanguage\":\"fr-FR\",\"@id\":\"https:\/\/galagar.com\/fr\/#\/schema\/logo\/image\/\",\"url\":\"\",\"contentUrl\":\"\",\"caption\":\"GALA GAR welding\"},\"image\":{\"@id\":\"https:\/\/galagar.com\/fr\/#\/schema\/logo\/image\/\"},\"sameAs\":[\"https:\/\/www.facebook.com\/galagarsoldadura\/\",\"https:\/\/www.linkedin.com\/company\/gala-gar-sl\/?trk=biz-companies-cym\",\"https:\/\/www.youtube.com\/user\/galagarsp\",\"https:\/\/www.instagram.com\/galagar_soldadura\/?hl=es\"]}]}<\/script>\n<!-- \/ Yoast SEO plugin. -->","yoast_head_json":{"title":"Smart CUT 850 | GALA GAR - Productos de soldadura y reguladores de gas - Gas y soldadura","robots":{"index":"index","follow":"follow","max-snippet":"max-snippet:-1","max-image-preview":"max-image-preview:large","max-video-preview":"max-video-preview:-1"},"canonical":"https:\/\/galagar.com\/fr\/produit\/smart-cut-850\/","og_locale":"fr_FR","og_type":"article","og_title":"Smart CUT 850 | GALA GAR - Productos de soldadura y reguladores de gas - Gas y soldadura","og_description":"Description:   \u00c9quipement de d\u00e9coupe au plasma \u00e9lectrique \u00e0 air comprim\u00e9. D\u00e9coupe de tous types de mat\u00e9riaux conducteurs d'\u00e9lectricit\u00e9 : acier, acier inoxydable, aluminium, laiton, etc. Syst\u00e8me Inverter de grande portabilit\u00e9 et de haute performance.  Utilisation:   Utilisation industrielle. Convient pour la coupe manuelle et automatique (CNC, THC)  Mat\u00e9riaux:   Acier au carbone - Galvanis\u00e9 - Acier inoxydable - Aluminium - Fonte - Cuivre  Applications:   Charpenterie moyenne - Chantiers navals - Carrosserie - Ateliers m\u00e9caniques - Carrosseries - Carrosseries - Construction.","og_url":"https:\/\/galagar.com\/fr\/produit\/smart-cut-850\/","og_site_name":"GALA GAR - Productos de soldadura y reguladores de gas - Gas y soldadura","article_publisher":"https:\/\/www.facebook.com\/galagarsoldadura\/","article_modified_time":"2024-06-05T06:18:09+00:00","og_image":[{"width":640,"height":800,"url":"https:\/\/galagar.com\/wp-content\/uploads\/2024\/06\/SmartCUT850_NEW.jpg","type":"image\/jpeg"}],"twitter_card":"summary_large_image","twitter_misc":{"Dur\u00e9e de lecture estim\u00e9e":"1 minute"},"schema":{"@context":"https:\/\/schema.org","@graph":[{"@type":"WebPage","@id":"https:\/\/galagar.com\/fr\/produit\/smart-cut-850\/","url":"https:\/\/galagar.com\/fr\/produit\/smart-cut-850\/","name":"Smart CUT 850 | GALA GAR - Productos de soldadura y reguladores de gas - Gas y soldadura","isPartOf":{"@id":"https:\/\/galagar.com\/fr\/#website"},"primaryImageOfPage":{"@id":"https:\/\/galagar.com\/fr\/produit\/smart-cut-850\/#primaryimage"},"image":{"@id":"https:\/\/galagar.com\/fr\/produit\/smart-cut-850\/#primaryimage"},"thumbnailUrl":"https:\/\/galagar.com\/wp-content\/uploads\/2024\/06\/SmartCUT850.jpg","datePublished":"2024-06-03T06:50:07+00:00","dateModified":"2024-06-05T06:18:09+00:00","breadcrumb":{"@id":"https:\/\/galagar.com\/fr\/produit\/smart-cut-850\/#breadcrumb"},"inLanguage":"fr-FR","potentialAction":[{"@type":"ReadAction","target":["https:\/\/galagar.com\/fr\/produit\/smart-cut-850\/"]}]},{"@type":"ImageObject","inLanguage":"fr-FR","@id":"https:\/\/galagar.com\/fr\/produit\/smart-cut-850\/#primaryimage","url":"https:\/\/galagar.com\/wp-content\/uploads\/2024\/06\/SmartCUT850.jpg","contentUrl":"https:\/\/galagar.com\/wp-content\/uploads\/2024\/06\/SmartCUT850.jpg","width":640,"height":800},{"@type":"BreadcrumbList","@id":"https:\/\/galagar.com\/fr\/produit\/smart-cut-850\/#breadcrumb","itemListElement":[{"@type":"ListItem","position":1,"name":"Inicio","item":"https:\/\/galagar.com\/fr\/accueil\/"},{"@type":"ListItem","position":2,"name":"Boutique","item":"https:\/\/galagar.com\/fr\/boutique\/"},{"@type":"ListItem","position":3,"name":"Produits","item":"https:\/\/galagar.com\/fr\/tienda-online\/produits\/"},{"@type":"ListItem","position":4,"name":"Soudage \u00e9lectrique","item":"https:\/\/galagar.com\/fr\/tienda-online\/produits\/soudage-electrique\/"},{"@type":"ListItem","position":5,"name":"D\u00e9coupe au plasma","item":"https:\/\/galagar.com\/fr\/tienda-online\/produits\/soudage-electrique\/decoupe-au-plasma\/"},{"@type":"ListItem","position":6,"name":"Smart CUT 850"}]},{"@type":"WebSite","@id":"https:\/\/galagar.com\/fr\/#website","url":"https:\/\/galagar.com\/fr\/","name":"GALA GAR - Productos de soldadura y reguladores de gas - Gas y soldadura","description":"Gala Gar es fabricante de tecnolog\u00eda competitiva para soldadura (MMA-TIG-MIG\/MAG-CORTE POR PLASMA), regulaci\u00f3n de gases, y para soldadura y corte por gas.","publisher":{"@id":"https:\/\/galagar.com\/fr\/#organization"},"potentialAction":[{"@type":"SearchAction","target":{"@type":"EntryPoint","urlTemplate":"https:\/\/galagar.com\/fr\/?s={search_term_string}"},"query-input":{"@type":"PropertyValueSpecification","valueRequired":true,"valueName":"search_term_string"}}],"inLanguage":"fr-FR"},{"@type":"Organization","@id":"https:\/\/galagar.com\/fr\/#organization","name":"GALA GAR welding","url":"https:\/\/galagar.com\/fr\/","logo":{"@type":"ImageObject","inLanguage":"fr-FR","@id":"https:\/\/galagar.com\/fr\/#\/schema\/logo\/image\/","url":"","contentUrl":"","caption":"GALA GAR welding"},"image":{"@id":"https:\/\/galagar.com\/fr\/#\/schema\/logo\/image\/"},"sameAs":["https:\/\/www.facebook.com\/galagarsoldadura\/","https:\/\/www.linkedin.com\/company\/gala-gar-sl\/?trk=biz-companies-cym","https:\/\/www.youtube.com\/user\/galagarsp","https:\/\/www.instagram.com\/galagar_soldadura\/?hl=es"]}]}},"_links":{"self":[{"href":"https:\/\/galagar.com\/fr\/wp-json\/wp\/v2\/product\/28685","targetHints":{"allow":["GET"]}}],"collection":[{"href":"https:\/\/galagar.com\/fr\/wp-json\/wp\/v2\/product"}],"about":[{"href":"https:\/\/galagar.com\/fr\/wp-json\/wp\/v2\/types\/product"}],"wp:featuredmedia":[{"embeddable":true,"href":"https:\/\/galagar.com\/fr\/wp-json\/wp\/v2\/media\/28623"}],"wp:attachment":[{"href":"https:\/\/galagar.com\/fr\/wp-json\/wp\/v2\/media?parent=28685"}],"wp:term":[{"taxonomy":"product_brand","embeddable":true,"href":"https:\/\/galagar.com\/fr\/wp-json\/wp\/v2\/product_brand?post=28685"},{"taxonomy":"product_cat","embeddable":true,"href":"https:\/\/galagar.com\/fr\/wp-json\/wp\/v2\/product_cat?post=28685"},{"taxonomy":"product_tag","embeddable":true,"href":"https:\/\/galagar.com\/fr\/wp-json\/wp\/v2\/product_tag?post=28685"}],"curies":[{"name":"wp","href":"https:\/\/api.w.org\/{rel}","templated":true}]}}