{"id":28704,"date":"2024-02-15T11:07:39","date_gmt":"2024-02-15T10:07:39","guid":{"rendered":"https:\/\/galagar.com\/?post_type=product&#038;p=28704"},"modified":"2024-06-05T09:35:53","modified_gmt":"2024-06-05T07:35:53","slug":"gala-mig-3500-i","status":"publish","type":"product","link":"https:\/\/galagar.com\/fr\/produit\/gala-mig-3500-i\/","title":{"rendered":"Gala MIG 3500 i"},"content":{"rendered":"<div class=\"fusion-fullwidth fullwidth-box fusion-builder-row-1 fusion-flex-container nonhundred-percent-fullwidth non-hundred-percent-height-scrolling\" style=\"--awb-border-radius-top-left:0px;--awb-border-radius-top-right:0px;--awb-border-radius-bottom-right:0px;--awb-border-radius-bottom-left:0px;--awb-padding-right:0px;--awb-padding-left:0px;--awb-flex-wrap:wrap;\" ><div class=\"fusion-builder-row fusion-row fusion-flex-align-items-flex-start fusion-flex-content-wrap\" style=\"max-width:1216.8px;margin-left: calc(-4% \/ 2 );margin-right: calc(-4% \/ 2 );\"><div class=\"fusion-layout-column fusion_builder_column fusion-builder-column-0 fusion_builder_column_3_4 3_4 fusion-flex-column\" style=\"--awb-bg-size:cover;--awb-width-large:75%;--awb-margin-top-large:0px;--awb-spacing-right-large:2.56%;--awb-margin-bottom-large:20px;--awb-spacing-left-large:2.56%;--awb-width-medium:100%;--awb-order-medium:0;--awb-spacing-right-medium:1.92%;--awb-spacing-left-medium:1.92%;--awb-width-small:100%;--awb-order-small:0;--awb-spacing-right-small:1.92%;--awb-spacing-left-small:1.92%;\"><div class=\"fusion-column-wrapper fusion-column-has-shadow fusion-flex-justify-content-flex-start fusion-content-layout-column\">\n<div class=\"table-2 gal-textos-menores\">\n<table width=\"100%\">\n<thead>\n<tr>\n<th align=\"left\">Caract\u00e9ristiques<\/th>\n<th align=\"left\"><\/th>\n<\/tr>\n<\/thead>\n<tbody>\n<tr>\n<td>Tension d&#8217;alimentation<\/td>\n<td>3 Ph 400V \u00f7 10% &#8211; 50\/60 Hz.<\/td>\n<\/tr>\n<tr>\n<td>Marge de r\u00e9gulation (50%)<\/td>\n<td>30 A \u00f7 350 A<\/td>\n<\/tr>\n<tr>\n<td>Cycle de service<\/td>\n<td>350 A \/ 60%\u00a0 &#8211;\u00a0 270 A \/ 100 %<\/td>\n<\/tr>\n<tr>\n<td>\u00d8 Fils<\/td>\n<td>0.8 \/ 1.0 \/ 1.2 mm.<\/td>\n<\/tr>\n<tr>\n<td>Puissance apparente effective \/ maximum<\/td>\n<td>11.8 \/ 15.2 Kva<\/td>\n<\/tr>\n<tr>\n<td>Vitesse de fil maximale<\/td>\n<td>24 m\/min.<\/td>\n<\/tr>\n<tr>\n<td>Dimensions (largeur x hauteur x longueur)<\/td>\n<td>770 x 550 x 920 mm.<\/td>\n<\/tr>\n<tr>\n<td>Poids<\/td>\n<td>54 Kg.<\/td>\n<\/tr>\n<\/tbody>\n<\/table>\n<\/div>\n<\/div><\/div><div class=\"fusion-layout-column fusion_builder_column fusion-builder-column-1 fusion_builder_column_1_4 1_4 fusion-flex-column\" style=\"--awb-bg-size:cover;--awb-width-large:25%;--awb-margin-top-large:0px;--awb-spacing-right-large:7.68%;--awb-margin-bottom-large:20px;--awb-spacing-left-large:7.68%;--awb-width-medium:100%;--awb-order-medium:0;--awb-spacing-right-medium:1.92%;--awb-spacing-left-medium:1.92%;--awb-width-small:100%;--awb-order-small:0;--awb-spacing-right-small:1.92%;--awb-spacing-left-small:1.92%;\"><div class=\"fusion-column-wrapper fusion-column-has-shadow fusion-flex-justify-content-flex-start fusion-content-layout-column\"><div class=\"fusion-image-element \" style=\"--awb-caption-title-font-family:var(--h2_typography-font-family);--awb-caption-title-font-weight:var(--h2_typography-font-weight);--awb-caption-title-font-style:var(--h2_typography-font-style);--awb-caption-title-size:var(--h2_typography-font-size);--awb-caption-title-transform:var(--h2_typography-text-transform);--awb-caption-title-line-height:var(--h2_typography-line-height);--awb-caption-title-letter-spacing:var(--h2_typography-letter-spacing);\"><span class=\" fusion-imageframe imageframe-none imageframe-1 hover-type-none\"><img decoding=\"async\" width=\"300\" height=\"181\" title=\"Iconos-3500\" src=\"https:\/\/galagar.com\/wp-content\/uploads\/2024\/02\/Iconos-3500.png\" data-orig-src=\"https:\/\/galagar.com\/wp-content\/uploads\/2024\/02\/Iconos-3500-300x181.png\" alt class=\"lazyload img-responsive wp-image-28653\" srcset=\"data:image\/svg+xml,%3Csvg%20xmlns%3D%27http%3A%2F%2Fwww.w3.org%2F2000%2Fsvg%27%20width%3D%27666%27%20height%3D%27401%27%20viewBox%3D%270%200%20666%20401%27%3E%3Crect%20width%3D%27666%27%20height%3D%27401%27%20fill-opacity%3D%220%22%2F%3E%3C%2Fsvg%3E\" data-srcset=\"https:\/\/galagar.com\/wp-content\/uploads\/2024\/02\/Iconos-3500-200x120.png 200w, https:\/\/galagar.com\/wp-content\/uploads\/2024\/02\/Iconos-3500-400x241.png 400w, https:\/\/galagar.com\/wp-content\/uploads\/2024\/02\/Iconos-3500-600x361.png 600w, https:\/\/galagar.com\/wp-content\/uploads\/2024\/02\/Iconos-3500.png 666w\" data-sizes=\"auto\" data-orig-sizes=\"(max-width: 1024px) 100vw, (max-width: 640px) 100vw, 400px\" \/><\/span><\/div><\/div><\/div><\/div><\/div>\n","protected":false},"excerpt":{"rendered":"<p><img decoding=\"async\" class=\"alignnone wp-image-28648\" src=\"https:\/\/galagar.com\/wp-content\/uploads\/2024\/02\/SynergicLine-Logo-300x41.jpg\" alt=\"\" width=\"220\" height=\"30\" srcset=\"https:\/\/galagar.com\/wp-content\/uploads\/2024\/02\/SynergicLine-Logo-200x27.jpg 200w, https:\/\/galagar.com\/wp-content\/uploads\/2024\/02\/SynergicLine-Logo-300x41.jpg 300w, https:\/\/galagar.com\/wp-content\/uploads\/2024\/02\/SynergicLine-Logo-400x55.jpg 400w, https:\/\/galagar.com\/wp-content\/uploads\/2024\/02\/SynergicLine-Logo-500x68.jpg 500w, https:\/\/galagar.com\/wp-content\/uploads\/2024\/02\/SynergicLine-Logo-600x82.jpg 600w, https:\/\/galagar.com\/wp-content\/uploads\/2024\/02\/SynergicLine-Logo-700x96.jpg 700w, https:\/\/galagar.com\/wp-content\/uploads\/2024\/02\/SynergicLine-Logo-768x105.jpg 768w, https:\/\/galagar.com\/wp-content\/uploads\/2024\/02\/SynergicLine-Logo-800x109.jpg 800w, https:\/\/galagar.com\/wp-content\/uploads\/2024\/02\/SynergicLine-Logo-1024x140.jpg 1024w, https:\/\/galagar.com\/wp-content\/uploads\/2024\/02\/SynergicLine-Logo-1200x164.jpg 1200w, https:\/\/galagar.com\/wp-content\/uploads\/2024\/02\/SynergicLine-Logo.jpg 1302w\" sizes=\"(max-width: 220px) 100vw, 220px\" \/><\/p>\n<p><strong>Description\u00a0<\/strong><br \/>\nG\u00e9n\u00e9rateur pour le soudage multi-proc\u00e9d\u00e9s \u00e0 l&#8217;onduleur avec r\u00e9gulation synergique. Machine compacte avec d\u00e9vidoir int\u00e9gr\u00e9 au g\u00e9n\u00e9rateur.<\/p>\n<p><strong>Utilisation<\/strong><br \/>\nUsage professionnel. Soudage \u00e0 l&#8217;arc MIG\/MAG standard des aciers normaux, des aciers inoxydables et de l&#8217;aluminium. Recommand\u00e9 pour les travaux avec des fils jusqu&#8217;\u00e0 1,2 mm. Mode de soudage avec \u00e9lectrode enrob\u00e9e (MMA).<\/p>\n<p><strong>Principaux avantages<\/strong><br \/>\n&#8211; Syst\u00e8me compact. Puissance \u00e9lev\u00e9e : 350 A \/60% &#8211; 270 A \/100%.<br \/>\n&#8211; Soudage MIG-MAG de fils solides &#8211; \u00d8 0,8- 1,0-1,2 mm.<br \/>\n&#8211; Soudage MIG-MAG de fils fourr\u00e9s. Changement de polarit\u00e9.<br \/>\n&#8211; Fonction VRD<br \/>\n&#8211; R\u00e9gulation synergique de la puissance. Facilit\u00e9 d&#8217;utilisation<br \/>\n&#8211; Affichage num\u00e9rique pour le r\u00e9glage et la lecture des param\u00e8tres.<br \/>\n&#8211; Moteur d&#8217;entra\u00eenement avec syst\u00e8me de roulette \u00e0 4 engrenages.<\/p>\n","protected":false},"featured_media":30607,"template":"","meta":{"_acf_changed":false,"content-type":"","inline_featured_image":false,"_monsterinsights_skip_tracking":false,"_monsterinsights_sitenote_active":false,"_monsterinsights_sitenote_note":"","_monsterinsights_sitenote_category":0,"_joinchat":[]},"product_brand":[],"product_cat":[1578,1579],"product_tag":[],"class_list":{"0":"post-28704","1":"product","2":"type-product","3":"status-publish","4":"has-post-thumbnail","6":"product_cat-mig-mag-fr","7":"product_cat-multiprocede","9":"first","10":"instock","11":"product-type-simple"},"acf":[],"yoast_head":"<!-- This site is optimized with the Yoast SEO plugin v26.4 - https:\/\/yoast.com\/wordpress\/plugins\/seo\/ -->\n<title>Gala MIG 3500 i | GALA GAR - Productos de soldadura y reguladores de gas - Gas y soldadura<\/title>\n<meta name=\"robots\" content=\"index, follow, max-snippet:-1, max-image-preview:large, max-video-preview:-1\" \/>\n<link rel=\"canonical\" href=\"https:\/\/galagar.com\/fr\/produit\/gala-mig-3500-i\/\" \/>\n<meta property=\"og:locale\" content=\"fr_FR\" \/>\n<meta property=\"og:type\" content=\"article\" \/>\n<meta property=\"og:title\" content=\"Gala MIG 3500 i | GALA GAR - Productos de soldadura y reguladores de gas - Gas y soldadura\" \/>\n<meta property=\"og:description\" content=\"Description\u00a0 G\u00e9n\u00e9rateur pour le soudage multi-proc\u00e9d\u00e9s \u00e0 l&#039;onduleur avec r\u00e9gulation synergique. Machine compacte avec d\u00e9vidoir int\u00e9gr\u00e9 au g\u00e9n\u00e9rateur.  Utilisation Usage professionnel. Soudage \u00e0 l&#039;arc MIG\/MAG standard des aciers normaux, des aciers inoxydables et de l&#039;aluminium. Recommand\u00e9 pour les travaux avec des fils jusqu&#039;\u00e0 1,2 mm. Mode de soudage avec \u00e9lectrode enrob\u00e9e (MMA).  Principaux avantages - Syst\u00e8me compact. Puissance \u00e9lev\u00e9e : 350 A \/60% - 270 A \/100%. - Soudage MIG-MAG de fils solides - \u00d8 0,8- 1,0-1,2 mm. - Soudage MIG-MAG de fils fourr\u00e9s. Changement de polarit\u00e9. - Fonction VRD - R\u00e9gulation synergique de la puissance. Facilit\u00e9 d&#039;utilisation - Affichage num\u00e9rique pour le r\u00e9glage et la lecture des param\u00e8tres. - Moteur d&#039;entra\u00eenement avec syst\u00e8me de roulette \u00e0 4 engrenages.\" \/>\n<meta property=\"og:url\" content=\"https:\/\/galagar.com\/fr\/produit\/gala-mig-3500-i\/\" \/>\n<meta property=\"og:site_name\" content=\"GALA GAR - Productos de soldadura y reguladores de gas - Gas y soldadura\" \/>\n<meta property=\"article:publisher\" content=\"https:\/\/www.facebook.com\/galagarsoldadura\/\" \/>\n<meta property=\"article:modified_time\" content=\"2024-06-05T07:35:53+00:00\" \/>\n<meta property=\"og:image\" content=\"https:\/\/galagar.com\/wp-content\/uploads\/2024\/02\/GalaMI-3500i.jpg\" \/>\n\t<meta property=\"og:image:width\" content=\"640\" \/>\n\t<meta property=\"og:image:height\" content=\"800\" \/>\n\t<meta property=\"og:image:type\" content=\"image\/jpeg\" \/>\n<meta name=\"twitter:card\" content=\"summary_large_image\" \/>\n<meta name=\"twitter:label1\" content=\"Dur\u00e9e de lecture estim\u00e9e\" \/>\n\t<meta name=\"twitter:data1\" content=\"1 minute\" \/>\n<script type=\"application\/ld+json\" class=\"yoast-schema-graph\">{\"@context\":\"https:\/\/schema.org\",\"@graph\":[{\"@type\":\"WebPage\",\"@id\":\"https:\/\/galagar.com\/fr\/produit\/gala-mig-3500-i\/\",\"url\":\"https:\/\/galagar.com\/fr\/produit\/gala-mig-3500-i\/\",\"name\":\"Gala MIG 3500 i | GALA GAR - Productos de soldadura y reguladores de gas - Gas y soldadura\",\"isPartOf\":{\"@id\":\"https:\/\/galagar.com\/fr\/#website\"},\"primaryImageOfPage\":{\"@id\":\"https:\/\/galagar.com\/fr\/produit\/gala-mig-3500-i\/#primaryimage\"},\"image\":{\"@id\":\"https:\/\/galagar.com\/fr\/produit\/gala-mig-3500-i\/#primaryimage\"},\"thumbnailUrl\":\"https:\/\/galagar.com\/wp-content\/uploads\/2024\/02\/GalaMI-3500i-1.jpg\",\"datePublished\":\"2024-02-15T10:07:39+00:00\",\"dateModified\":\"2024-06-05T07:35:53+00:00\",\"breadcrumb\":{\"@id\":\"https:\/\/galagar.com\/fr\/produit\/gala-mig-3500-i\/#breadcrumb\"},\"inLanguage\":\"fr-FR\",\"potentialAction\":[{\"@type\":\"ReadAction\",\"target\":[\"https:\/\/galagar.com\/fr\/produit\/gala-mig-3500-i\/\"]}]},{\"@type\":\"ImageObject\",\"inLanguage\":\"fr-FR\",\"@id\":\"https:\/\/galagar.com\/fr\/produit\/gala-mig-3500-i\/#primaryimage\",\"url\":\"https:\/\/galagar.com\/wp-content\/uploads\/2024\/02\/GalaMI-3500i-1.jpg\",\"contentUrl\":\"https:\/\/galagar.com\/wp-content\/uploads\/2024\/02\/GalaMI-3500i-1.jpg\",\"width\":640,\"height\":800},{\"@type\":\"BreadcrumbList\",\"@id\":\"https:\/\/galagar.com\/fr\/produit\/gala-mig-3500-i\/#breadcrumb\",\"itemListElement\":[{\"@type\":\"ListItem\",\"position\":1,\"name\":\"Inicio\",\"item\":\"https:\/\/galagar.com\/fr\/accueil\/\"},{\"@type\":\"ListItem\",\"position\":2,\"name\":\"Boutique\",\"item\":\"https:\/\/galagar.com\/fr\/boutique\/\"},{\"@type\":\"ListItem\",\"position\":3,\"name\":\"Produits\",\"item\":\"https:\/\/galagar.com\/fr\/tienda-online\/produits\/\"},{\"@type\":\"ListItem\",\"position\":4,\"name\":\"Soudage \u00e9lectrique\",\"item\":\"https:\/\/galagar.com\/fr\/tienda-online\/produits\/soudage-electrique\/\"},{\"@type\":\"ListItem\",\"position\":5,\"name\":\"MIG\/MAG\",\"item\":\"https:\/\/galagar.com\/fr\/tienda-online\/produits\/soudage-electrique\/mig-mag-fr\/\"},{\"@type\":\"ListItem\",\"position\":6,\"name\":\"Multi-proc\u00e9d\u00e9\",\"item\":\"https:\/\/galagar.com\/fr\/tienda-online\/produits\/soudage-electrique\/mig-mag-fr\/multiprocede\/\"},{\"@type\":\"ListItem\",\"position\":7,\"name\":\"Gala MIG 3500 i\"}]},{\"@type\":\"WebSite\",\"@id\":\"https:\/\/galagar.com\/fr\/#website\",\"url\":\"https:\/\/galagar.com\/fr\/\",\"name\":\"GALA GAR - Productos de soldadura y reguladores de gas - Gas y soldadura\",\"description\":\"Gala Gar es fabricante de tecnolog\u00eda competitiva para soldadura (MMA-TIG-MIG\/MAG-CORTE POR PLASMA), regulaci\u00f3n de gases, y para soldadura y corte por gas.\",\"publisher\":{\"@id\":\"https:\/\/galagar.com\/fr\/#organization\"},\"potentialAction\":[{\"@type\":\"SearchAction\",\"target\":{\"@type\":\"EntryPoint\",\"urlTemplate\":\"https:\/\/galagar.com\/fr\/?s={search_term_string}\"},\"query-input\":{\"@type\":\"PropertyValueSpecification\",\"valueRequired\":true,\"valueName\":\"search_term_string\"}}],\"inLanguage\":\"fr-FR\"},{\"@type\":\"Organization\",\"@id\":\"https:\/\/galagar.com\/fr\/#organization\",\"name\":\"GALA GAR welding\",\"url\":\"https:\/\/galagar.com\/fr\/\",\"logo\":{\"@type\":\"ImageObject\",\"inLanguage\":\"fr-FR\",\"@id\":\"https:\/\/galagar.com\/fr\/#\/schema\/logo\/image\/\",\"url\":\"\",\"contentUrl\":\"\",\"caption\":\"GALA GAR welding\"},\"image\":{\"@id\":\"https:\/\/galagar.com\/fr\/#\/schema\/logo\/image\/\"},\"sameAs\":[\"https:\/\/www.facebook.com\/galagarsoldadura\/\",\"https:\/\/www.linkedin.com\/company\/gala-gar-sl\/?trk=biz-companies-cym\",\"https:\/\/www.youtube.com\/user\/galagarsp\",\"https:\/\/www.instagram.com\/galagar_soldadura\/?hl=es\"]}]}<\/script>\n<!-- \/ Yoast SEO plugin. -->","yoast_head_json":{"title":"Gala MIG 3500 i | GALA GAR - Productos de soldadura y reguladores de gas - Gas y soldadura","robots":{"index":"index","follow":"follow","max-snippet":"max-snippet:-1","max-image-preview":"max-image-preview:large","max-video-preview":"max-video-preview:-1"},"canonical":"https:\/\/galagar.com\/fr\/produit\/gala-mig-3500-i\/","og_locale":"fr_FR","og_type":"article","og_title":"Gala MIG 3500 i | GALA GAR - Productos de soldadura y reguladores de gas - Gas y soldadura","og_description":"Description\u00a0 G\u00e9n\u00e9rateur pour le soudage multi-proc\u00e9d\u00e9s \u00e0 l'onduleur avec r\u00e9gulation synergique. Machine compacte avec d\u00e9vidoir int\u00e9gr\u00e9 au g\u00e9n\u00e9rateur.  Utilisation Usage professionnel. Soudage \u00e0 l'arc MIG\/MAG standard des aciers normaux, des aciers inoxydables et de l'aluminium. Recommand\u00e9 pour les travaux avec des fils jusqu'\u00e0 1,2 mm. Mode de soudage avec \u00e9lectrode enrob\u00e9e (MMA).  Principaux avantages - Syst\u00e8me compact. Puissance \u00e9lev\u00e9e : 350 A \/60% - 270 A \/100%. - Soudage MIG-MAG de fils solides - \u00d8 0,8- 1,0-1,2 mm. - Soudage MIG-MAG de fils fourr\u00e9s. Changement de polarit\u00e9. - Fonction VRD - R\u00e9gulation synergique de la puissance. Facilit\u00e9 d'utilisation - Affichage num\u00e9rique pour le r\u00e9glage et la lecture des param\u00e8tres. - Moteur d'entra\u00eenement avec syst\u00e8me de roulette \u00e0 4 engrenages.","og_url":"https:\/\/galagar.com\/fr\/produit\/gala-mig-3500-i\/","og_site_name":"GALA GAR - Productos de soldadura y reguladores de gas - Gas y soldadura","article_publisher":"https:\/\/www.facebook.com\/galagarsoldadura\/","article_modified_time":"2024-06-05T07:35:53+00:00","og_image":[{"width":640,"height":800,"url":"https:\/\/galagar.com\/wp-content\/uploads\/2024\/02\/GalaMI-3500i.jpg","type":"image\/jpeg"}],"twitter_card":"summary_large_image","twitter_misc":{"Dur\u00e9e de lecture estim\u00e9e":"1 minute"},"schema":{"@context":"https:\/\/schema.org","@graph":[{"@type":"WebPage","@id":"https:\/\/galagar.com\/fr\/produit\/gala-mig-3500-i\/","url":"https:\/\/galagar.com\/fr\/produit\/gala-mig-3500-i\/","name":"Gala MIG 3500 i | GALA GAR - Productos de soldadura y reguladores de gas - Gas y soldadura","isPartOf":{"@id":"https:\/\/galagar.com\/fr\/#website"},"primaryImageOfPage":{"@id":"https:\/\/galagar.com\/fr\/produit\/gala-mig-3500-i\/#primaryimage"},"image":{"@id":"https:\/\/galagar.com\/fr\/produit\/gala-mig-3500-i\/#primaryimage"},"thumbnailUrl":"https:\/\/galagar.com\/wp-content\/uploads\/2024\/02\/GalaMI-3500i-1.jpg","datePublished":"2024-02-15T10:07:39+00:00","dateModified":"2024-06-05T07:35:53+00:00","breadcrumb":{"@id":"https:\/\/galagar.com\/fr\/produit\/gala-mig-3500-i\/#breadcrumb"},"inLanguage":"fr-FR","potentialAction":[{"@type":"ReadAction","target":["https:\/\/galagar.com\/fr\/produit\/gala-mig-3500-i\/"]}]},{"@type":"ImageObject","inLanguage":"fr-FR","@id":"https:\/\/galagar.com\/fr\/produit\/gala-mig-3500-i\/#primaryimage","url":"https:\/\/galagar.com\/wp-content\/uploads\/2024\/02\/GalaMI-3500i-1.jpg","contentUrl":"https:\/\/galagar.com\/wp-content\/uploads\/2024\/02\/GalaMI-3500i-1.jpg","width":640,"height":800},{"@type":"BreadcrumbList","@id":"https:\/\/galagar.com\/fr\/produit\/gala-mig-3500-i\/#breadcrumb","itemListElement":[{"@type":"ListItem","position":1,"name":"Inicio","item":"https:\/\/galagar.com\/fr\/accueil\/"},{"@type":"ListItem","position":2,"name":"Boutique","item":"https:\/\/galagar.com\/fr\/boutique\/"},{"@type":"ListItem","position":3,"name":"Produits","item":"https:\/\/galagar.com\/fr\/tienda-online\/produits\/"},{"@type":"ListItem","position":4,"name":"Soudage \u00e9lectrique","item":"https:\/\/galagar.com\/fr\/tienda-online\/produits\/soudage-electrique\/"},{"@type":"ListItem","position":5,"name":"MIG\/MAG","item":"https:\/\/galagar.com\/fr\/tienda-online\/produits\/soudage-electrique\/mig-mag-fr\/"},{"@type":"ListItem","position":6,"name":"Multi-proc\u00e9d\u00e9","item":"https:\/\/galagar.com\/fr\/tienda-online\/produits\/soudage-electrique\/mig-mag-fr\/multiprocede\/"},{"@type":"ListItem","position":7,"name":"Gala MIG 3500 i"}]},{"@type":"WebSite","@id":"https:\/\/galagar.com\/fr\/#website","url":"https:\/\/galagar.com\/fr\/","name":"GALA GAR - Productos de soldadura y reguladores de gas - Gas y soldadura","description":"Gala Gar es fabricante de tecnolog\u00eda competitiva para soldadura (MMA-TIG-MIG\/MAG-CORTE POR PLASMA), regulaci\u00f3n de gases, y para soldadura y corte por gas.","publisher":{"@id":"https:\/\/galagar.com\/fr\/#organization"},"potentialAction":[{"@type":"SearchAction","target":{"@type":"EntryPoint","urlTemplate":"https:\/\/galagar.com\/fr\/?s={search_term_string}"},"query-input":{"@type":"PropertyValueSpecification","valueRequired":true,"valueName":"search_term_string"}}],"inLanguage":"fr-FR"},{"@type":"Organization","@id":"https:\/\/galagar.com\/fr\/#organization","name":"GALA GAR welding","url":"https:\/\/galagar.com\/fr\/","logo":{"@type":"ImageObject","inLanguage":"fr-FR","@id":"https:\/\/galagar.com\/fr\/#\/schema\/logo\/image\/","url":"","contentUrl":"","caption":"GALA GAR welding"},"image":{"@id":"https:\/\/galagar.com\/fr\/#\/schema\/logo\/image\/"},"sameAs":["https:\/\/www.facebook.com\/galagarsoldadura\/","https:\/\/www.linkedin.com\/company\/gala-gar-sl\/?trk=biz-companies-cym","https:\/\/www.youtube.com\/user\/galagarsp","https:\/\/www.instagram.com\/galagar_soldadura\/?hl=es"]}]}},"_links":{"self":[{"href":"https:\/\/galagar.com\/fr\/wp-json\/wp\/v2\/product\/28704","targetHints":{"allow":["GET"]}}],"collection":[{"href":"https:\/\/galagar.com\/fr\/wp-json\/wp\/v2\/product"}],"about":[{"href":"https:\/\/galagar.com\/fr\/wp-json\/wp\/v2\/types\/product"}],"wp:featuredmedia":[{"embeddable":true,"href":"https:\/\/galagar.com\/fr\/wp-json\/wp\/v2\/media\/30607"}],"wp:attachment":[{"href":"https:\/\/galagar.com\/fr\/wp-json\/wp\/v2\/media?parent=28704"}],"wp:term":[{"taxonomy":"product_brand","embeddable":true,"href":"https:\/\/galagar.com\/fr\/wp-json\/wp\/v2\/product_brand?post=28704"},{"taxonomy":"product_cat","embeddable":true,"href":"https:\/\/galagar.com\/fr\/wp-json\/wp\/v2\/product_cat?post=28704"},{"taxonomy":"product_tag","embeddable":true,"href":"https:\/\/galagar.com\/fr\/wp-json\/wp\/v2\/product_tag?post=28704"}],"curies":[{"name":"wp","href":"https:\/\/api.w.org\/{rel}","templated":true}]}}