{"id":32191,"date":"2025-02-26T07:16:36","date_gmt":"2025-02-26T06:16:36","guid":{"rendered":"https:\/\/galagar.com\/producto\/regulateurs-modele-armor\/"},"modified":"2025-08-08T09:47:03","modified_gmt":"2025-08-08T07:47:03","slug":"regulateurs-modele-armor","status":"publish","type":"product","link":"https:\/\/galagar.com\/fr\/produit\/regulateurs-modele-armor\/","title":{"rendered":"R\u00e9gulateurs mod\u00e8le Armor"},"content":{"rendered":"<div class=\"fusion-fullwidth fullwidth-box fusion-builder-row-1 fusion-flex-container nonhundred-percent-fullwidth non-hundred-percent-height-scrolling\" style=\"--awb-border-radius-top-left:0px;--awb-border-radius-top-right:0px;--awb-border-radius-bottom-right:0px;--awb-border-radius-bottom-left:0px;--awb-padding-right:0px;--awb-padding-left:0px;--awb-flex-wrap:wrap;\" ><div class=\"fusion-builder-row fusion-row fusion-flex-align-items-flex-start fusion-flex-content-wrap\" style=\"max-width:1216.8px;margin-left: calc(-4% \/ 2 );margin-right: calc(-4% \/ 2 );\"><div class=\"fusion-layout-column fusion_builder_column fusion-builder-column-0 fusion_builder_column_3_4 3_4 fusion-flex-column\" style=\"--awb-bg-size:cover;--awb-width-large:75%;--awb-margin-top-large:0px;--awb-spacing-right-large:2.56%;--awb-margin-bottom-large:20px;--awb-spacing-left-large:2.56%;--awb-width-medium:100%;--awb-order-medium:0;--awb-spacing-right-medium:1.92%;--awb-spacing-left-medium:1.92%;--awb-width-small:100%;--awb-order-small:0;--awb-spacing-right-small:1.92%;--awb-spacing-left-small:1.92%;\"><div class=\"fusion-column-wrapper fusion-column-has-shadow fusion-flex-justify-content-flex-start fusion-content-layout-column\">\n<div class=\"table-2 gal-textos-menores\">\n<table width=\"100%\">\n<thead>\n<tr>\n<th align=\"left\">Mod\u00e8les ARMOR<\/th>\n<th align=\"left\"><\/th>\n<th align=\"left\"><\/th>\n<th align=\"left\"><\/th>\n<th align=\"left\"><\/th>\n<\/tr>\n<\/thead>\n<tbody>\n<tr>\n<td>R\u00e9f\u00e9rence<\/td>\n<td>Gaz<\/td>\n<td align=\"left\">Pression d&#8217;entr\u00e9e<\/td>\n<td align=\"left\">Pression de sortie<\/td>\n<td align=\"left\">D\u00e9bit nominal<\/td>\n<\/tr>\n<tr>\n<td>30400500<\/td>\n<td>Oxyg\u00e8ne<\/td>\n<td align=\"left\">200<\/td>\n<td align=\"left\">10<\/td>\n<td align=\"left\">30 Nm3\/h.<\/td>\n<\/tr>\n<tr>\n<td>31500500<\/td>\n<td>Ac\u00e9tyl\u00e8ne<\/td>\n<td align=\"left\">25<\/td>\n<td align=\"left\">1,5<\/td>\n<td align=\"left\">5 Nm3\/h.<\/td>\n<\/tr>\n<tr>\n<td>35400500<\/td>\n<td>Argon C02<\/td>\n<td align=\"left\">200<\/td>\n<td align=\"left\">8<\/td>\n<td align=\"left\">25 L\/m.<\/td>\n<\/tr>\n<tr>\n<td align=\"left\">35100500<\/td>\n<td align=\"left\">Le propane<\/td>\n<td align=\"left\">25<\/td>\n<td align=\"left\">1,5<\/td>\n<td align=\"left\">5 Nm3\/h.<\/td>\n<\/tr>\n<\/tbody>\n<\/table>\n<\/div>\n<\/div><\/div><\/div><\/div>\n","protected":false},"excerpt":{"rendered":"<p><strong>Description :<\/strong><br \/>\nProc\u00e9d\u00e9s de soudage \u00e0 l&#8217;arc \u00e9lectrique en protection du cordon de soudure.<br \/>\nRemplissage de r\u00e9servoirs, ramonage de gaines et toute r\u00e9gulation de pression de gaz inerte.<br \/>\nInt\u00e8gre un volant de r\u00e9glage fin et une protection blind\u00e9e des manom\u00e8tres.<\/p>\n<p><strong>Avantages :<\/strong><br \/>\nDouble enveloppe en caoutchouc pour les deux manom\u00e8tres, les prot\u00e9geant des chocs \u00e9ventuels.<br \/>\nR\u00e9glage &#8220;plus pr\u00e9cis&#8221; du d\u00e9bit et de la pression de sortie.<br \/>\nContr\u00f4le de la fermeture du gaz, \u00e9vitant les fuites de gaz et g\u00e9n\u00e9rant des \u00e9conomies de consommation (par exemple avec des torches ouvertes non utilis\u00e9es)<br \/>\nVolant de r\u00e9glage plus int\u00e9gr\u00e9 dans le corps du d\u00e9tendeur.<\/p>\n","protected":false},"featured_media":29945,"template":"","meta":{"_acf_changed":false,"content-type":"","inline_featured_image":false,"_monsterinsights_skip_tracking":false,"_monsterinsights_sitenote_active":false,"_monsterinsights_sitenote_note":"","_monsterinsights_sitenote_category":0,"_joinchat":[]},"product_brand":[],"product_cat":[1303,1387],"product_tag":[],"class_list":{"0":"post-32191","1":"product","2":"type-product","3":"status-publish","4":"has-post-thumbnail","6":"product_cat-regulation-des-gaz","7":"product_cat-detendeurs","9":"first","10":"instock","11":"product-type-variable","12":"has-default-attributes"},"acf":[],"yoast_head":"<!-- This site is optimized with the Yoast SEO plugin v26.4 - https:\/\/yoast.com\/wordpress\/plugins\/seo\/ -->\n<title>R\u00e9gulateurs mod\u00e8le Armor | GALA GAR - Productos de soldadura y reguladores de gas - Gas y soldadura<\/title>\n<meta name=\"robots\" content=\"index, follow, max-snippet:-1, max-image-preview:large, max-video-preview:-1\" \/>\n<link rel=\"canonical\" href=\"https:\/\/galagar.com\/fr\/produit\/regulateurs-modele-armor\/\" \/>\n<meta property=\"og:locale\" content=\"fr_FR\" \/>\n<meta property=\"og:type\" content=\"article\" \/>\n<meta property=\"og:title\" content=\"R\u00e9gulateurs mod\u00e8le Armor | GALA GAR - Productos de soldadura y reguladores de gas - Gas y soldadura\" \/>\n<meta property=\"og:description\" content=\"Description : Proc\u00e9d\u00e9s de soudage \u00e0 l&#039;arc \u00e9lectrique en protection du cordon de soudure. Remplissage de r\u00e9servoirs, ramonage de gaines et toute r\u00e9gulation de pression de gaz inerte. Int\u00e8gre un volant de r\u00e9glage fin et une protection blind\u00e9e des manom\u00e8tres.  Avantages : Double enveloppe en caoutchouc pour les deux manom\u00e8tres, les prot\u00e9geant des chocs \u00e9ventuels. R\u00e9glage &quot;plus pr\u00e9cis&quot; du d\u00e9bit et de la pression de sortie. Contr\u00f4le de la fermeture du gaz, \u00e9vitant les fuites de gaz et g\u00e9n\u00e9rant des \u00e9conomies de consommation (par exemple avec des torches ouvertes non utilis\u00e9es) Volant de r\u00e9glage plus int\u00e9gr\u00e9 dans le corps du d\u00e9tendeur.\" \/>\n<meta property=\"og:url\" content=\"https:\/\/galagar.com\/fr\/produit\/regulateurs-modele-armor\/\" \/>\n<meta property=\"og:site_name\" content=\"GALA GAR - Productos de soldadura y reguladores de gas - Gas y soldadura\" \/>\n<meta property=\"article:publisher\" content=\"https:\/\/www.facebook.com\/galagarsoldadura\/\" \/>\n<meta property=\"article:modified_time\" content=\"2025-08-08T07:47:03+00:00\" \/>\n<meta property=\"og:image\" content=\"https:\/\/galagar.com\/wp-content\/uploads\/2025\/02\/Modelo-Armor_New.jpg\" \/>\n\t<meta property=\"og:image:width\" content=\"640\" \/>\n\t<meta property=\"og:image:height\" content=\"800\" \/>\n\t<meta property=\"og:image:type\" content=\"image\/jpeg\" \/>\n<meta name=\"twitter:card\" content=\"summary_large_image\" \/>\n<meta name=\"twitter:label1\" content=\"Dur\u00e9e de lecture estim\u00e9e\" \/>\n\t<meta name=\"twitter:data1\" content=\"1 minute\" \/>\n<script type=\"application\/ld+json\" class=\"yoast-schema-graph\">{\"@context\":\"https:\/\/schema.org\",\"@graph\":[{\"@type\":\"WebPage\",\"@id\":\"https:\/\/galagar.com\/fr\/produit\/regulateurs-modele-armor\/\",\"url\":\"https:\/\/galagar.com\/fr\/produit\/regulateurs-modele-armor\/\",\"name\":\"R\u00e9gulateurs mod\u00e8le Armor | GALA GAR - Productos de soldadura y reguladores de gas - Gas y soldadura\",\"isPartOf\":{\"@id\":\"https:\/\/galagar.com\/fr\/#website\"},\"primaryImageOfPage\":{\"@id\":\"https:\/\/galagar.com\/fr\/produit\/regulateurs-modele-armor\/#primaryimage\"},\"image\":{\"@id\":\"https:\/\/galagar.com\/fr\/produit\/regulateurs-modele-armor\/#primaryimage\"},\"thumbnailUrl\":\"https:\/\/galagar.com\/wp-content\/uploads\/2025\/02\/Modelo-Armor_New.jpg\",\"datePublished\":\"2025-02-26T06:16:36+00:00\",\"dateModified\":\"2025-08-08T07:47:03+00:00\",\"breadcrumb\":{\"@id\":\"https:\/\/galagar.com\/fr\/produit\/regulateurs-modele-armor\/#breadcrumb\"},\"inLanguage\":\"fr-FR\",\"potentialAction\":[{\"@type\":\"ReadAction\",\"target\":[\"https:\/\/galagar.com\/fr\/produit\/regulateurs-modele-armor\/\"]}]},{\"@type\":\"ImageObject\",\"inLanguage\":\"fr-FR\",\"@id\":\"https:\/\/galagar.com\/fr\/produit\/regulateurs-modele-armor\/#primaryimage\",\"url\":\"https:\/\/galagar.com\/wp-content\/uploads\/2025\/02\/Modelo-Armor_New.jpg\",\"contentUrl\":\"https:\/\/galagar.com\/wp-content\/uploads\/2025\/02\/Modelo-Armor_New.jpg\",\"width\":640,\"height\":800},{\"@type\":\"BreadcrumbList\",\"@id\":\"https:\/\/galagar.com\/fr\/produit\/regulateurs-modele-armor\/#breadcrumb\",\"itemListElement\":[{\"@type\":\"ListItem\",\"position\":1,\"name\":\"Inicio\",\"item\":\"https:\/\/galagar.com\/fr\/accueil\/\"},{\"@type\":\"ListItem\",\"position\":2,\"name\":\"Boutique\",\"item\":\"https:\/\/galagar.com\/fr\/boutique\/\"},{\"@type\":\"ListItem\",\"position\":3,\"name\":\"Produits\",\"item\":\"https:\/\/galagar.com\/fr\/tienda-online\/produits\/\"},{\"@type\":\"ListItem\",\"position\":4,\"name\":\"R\u00e9gulation des gaz\",\"item\":\"https:\/\/galagar.com\/fr\/tienda-online\/produits\/regulation-des-gaz\/\"},{\"@type\":\"ListItem\",\"position\":5,\"name\":\"R\u00e9gulateurs mod\u00e8le Armor\"}]},{\"@type\":\"WebSite\",\"@id\":\"https:\/\/galagar.com\/fr\/#website\",\"url\":\"https:\/\/galagar.com\/fr\/\",\"name\":\"GALA GAR - Productos de soldadura y reguladores de gas - Gas y soldadura\",\"description\":\"Gala Gar es fabricante de tecnolog\u00eda competitiva para soldadura (MMA-TIG-MIG\/MAG-CORTE POR PLASMA), regulaci\u00f3n de gases, y para soldadura y corte por gas.\",\"publisher\":{\"@id\":\"https:\/\/galagar.com\/fr\/#organization\"},\"potentialAction\":[{\"@type\":\"SearchAction\",\"target\":{\"@type\":\"EntryPoint\",\"urlTemplate\":\"https:\/\/galagar.com\/fr\/?s={search_term_string}\"},\"query-input\":{\"@type\":\"PropertyValueSpecification\",\"valueRequired\":true,\"valueName\":\"search_term_string\"}}],\"inLanguage\":\"fr-FR\"},{\"@type\":\"Organization\",\"@id\":\"https:\/\/galagar.com\/fr\/#organization\",\"name\":\"GALA GAR welding\",\"url\":\"https:\/\/galagar.com\/fr\/\",\"logo\":{\"@type\":\"ImageObject\",\"inLanguage\":\"fr-FR\",\"@id\":\"https:\/\/galagar.com\/fr\/#\/schema\/logo\/image\/\",\"url\":\"\",\"contentUrl\":\"\",\"caption\":\"GALA GAR welding\"},\"image\":{\"@id\":\"https:\/\/galagar.com\/fr\/#\/schema\/logo\/image\/\"},\"sameAs\":[\"https:\/\/www.facebook.com\/galagarsoldadura\/\",\"https:\/\/www.linkedin.com\/company\/gala-gar-sl\/?trk=biz-companies-cym\",\"https:\/\/www.youtube.com\/user\/galagarsp\",\"https:\/\/www.instagram.com\/galagar_soldadura\/?hl=es\"]}]}<\/script>\n<!-- \/ Yoast SEO plugin. -->","yoast_head_json":{"title":"R\u00e9gulateurs mod\u00e8le Armor | GALA GAR - Productos de soldadura y reguladores de gas - Gas y soldadura","robots":{"index":"index","follow":"follow","max-snippet":"max-snippet:-1","max-image-preview":"max-image-preview:large","max-video-preview":"max-video-preview:-1"},"canonical":"https:\/\/galagar.com\/fr\/produit\/regulateurs-modele-armor\/","og_locale":"fr_FR","og_type":"article","og_title":"R\u00e9gulateurs mod\u00e8le Armor | GALA GAR - Productos de soldadura y reguladores de gas - Gas y soldadura","og_description":"Description : Proc\u00e9d\u00e9s de soudage \u00e0 l'arc \u00e9lectrique en protection du cordon de soudure. Remplissage de r\u00e9servoirs, ramonage de gaines et toute r\u00e9gulation de pression de gaz inerte. Int\u00e8gre un volant de r\u00e9glage fin et une protection blind\u00e9e des manom\u00e8tres.  Avantages : Double enveloppe en caoutchouc pour les deux manom\u00e8tres, les prot\u00e9geant des chocs \u00e9ventuels. R\u00e9glage \"plus pr\u00e9cis\" du d\u00e9bit et de la pression de sortie. Contr\u00f4le de la fermeture du gaz, \u00e9vitant les fuites de gaz et g\u00e9n\u00e9rant des \u00e9conomies de consommation (par exemple avec des torches ouvertes non utilis\u00e9es) Volant de r\u00e9glage plus int\u00e9gr\u00e9 dans le corps du d\u00e9tendeur.","og_url":"https:\/\/galagar.com\/fr\/produit\/regulateurs-modele-armor\/","og_site_name":"GALA GAR - Productos de soldadura y reguladores de gas - Gas y soldadura","article_publisher":"https:\/\/www.facebook.com\/galagarsoldadura\/","article_modified_time":"2025-08-08T07:47:03+00:00","og_image":[{"width":640,"height":800,"url":"https:\/\/galagar.com\/wp-content\/uploads\/2025\/02\/Modelo-Armor_New.jpg","type":"image\/jpeg"}],"twitter_card":"summary_large_image","twitter_misc":{"Dur\u00e9e de lecture estim\u00e9e":"1 minute"},"schema":{"@context":"https:\/\/schema.org","@graph":[{"@type":"WebPage","@id":"https:\/\/galagar.com\/fr\/produit\/regulateurs-modele-armor\/","url":"https:\/\/galagar.com\/fr\/produit\/regulateurs-modele-armor\/","name":"R\u00e9gulateurs mod\u00e8le Armor | GALA GAR - Productos de soldadura y reguladores de gas - Gas y soldadura","isPartOf":{"@id":"https:\/\/galagar.com\/fr\/#website"},"primaryImageOfPage":{"@id":"https:\/\/galagar.com\/fr\/produit\/regulateurs-modele-armor\/#primaryimage"},"image":{"@id":"https:\/\/galagar.com\/fr\/produit\/regulateurs-modele-armor\/#primaryimage"},"thumbnailUrl":"https:\/\/galagar.com\/wp-content\/uploads\/2025\/02\/Modelo-Armor_New.jpg","datePublished":"2025-02-26T06:16:36+00:00","dateModified":"2025-08-08T07:47:03+00:00","breadcrumb":{"@id":"https:\/\/galagar.com\/fr\/produit\/regulateurs-modele-armor\/#breadcrumb"},"inLanguage":"fr-FR","potentialAction":[{"@type":"ReadAction","target":["https:\/\/galagar.com\/fr\/produit\/regulateurs-modele-armor\/"]}]},{"@type":"ImageObject","inLanguage":"fr-FR","@id":"https:\/\/galagar.com\/fr\/produit\/regulateurs-modele-armor\/#primaryimage","url":"https:\/\/galagar.com\/wp-content\/uploads\/2025\/02\/Modelo-Armor_New.jpg","contentUrl":"https:\/\/galagar.com\/wp-content\/uploads\/2025\/02\/Modelo-Armor_New.jpg","width":640,"height":800},{"@type":"BreadcrumbList","@id":"https:\/\/galagar.com\/fr\/produit\/regulateurs-modele-armor\/#breadcrumb","itemListElement":[{"@type":"ListItem","position":1,"name":"Inicio","item":"https:\/\/galagar.com\/fr\/accueil\/"},{"@type":"ListItem","position":2,"name":"Boutique","item":"https:\/\/galagar.com\/fr\/boutique\/"},{"@type":"ListItem","position":3,"name":"Produits","item":"https:\/\/galagar.com\/fr\/tienda-online\/produits\/"},{"@type":"ListItem","position":4,"name":"R\u00e9gulation des gaz","item":"https:\/\/galagar.com\/fr\/tienda-online\/produits\/regulation-des-gaz\/"},{"@type":"ListItem","position":5,"name":"R\u00e9gulateurs mod\u00e8le Armor"}]},{"@type":"WebSite","@id":"https:\/\/galagar.com\/fr\/#website","url":"https:\/\/galagar.com\/fr\/","name":"GALA GAR - Productos de soldadura y reguladores de gas - Gas y soldadura","description":"Gala Gar es fabricante de tecnolog\u00eda competitiva para soldadura (MMA-TIG-MIG\/MAG-CORTE POR PLASMA), regulaci\u00f3n de gases, y para soldadura y corte por gas.","publisher":{"@id":"https:\/\/galagar.com\/fr\/#organization"},"potentialAction":[{"@type":"SearchAction","target":{"@type":"EntryPoint","urlTemplate":"https:\/\/galagar.com\/fr\/?s={search_term_string}"},"query-input":{"@type":"PropertyValueSpecification","valueRequired":true,"valueName":"search_term_string"}}],"inLanguage":"fr-FR"},{"@type":"Organization","@id":"https:\/\/galagar.com\/fr\/#organization","name":"GALA GAR welding","url":"https:\/\/galagar.com\/fr\/","logo":{"@type":"ImageObject","inLanguage":"fr-FR","@id":"https:\/\/galagar.com\/fr\/#\/schema\/logo\/image\/","url":"","contentUrl":"","caption":"GALA GAR welding"},"image":{"@id":"https:\/\/galagar.com\/fr\/#\/schema\/logo\/image\/"},"sameAs":["https:\/\/www.facebook.com\/galagarsoldadura\/","https:\/\/www.linkedin.com\/company\/gala-gar-sl\/?trk=biz-companies-cym","https:\/\/www.youtube.com\/user\/galagarsp","https:\/\/www.instagram.com\/galagar_soldadura\/?hl=es"]}]}},"_links":{"self":[{"href":"https:\/\/galagar.com\/fr\/wp-json\/wp\/v2\/product\/32191","targetHints":{"allow":["GET"]}}],"collection":[{"href":"https:\/\/galagar.com\/fr\/wp-json\/wp\/v2\/product"}],"about":[{"href":"https:\/\/galagar.com\/fr\/wp-json\/wp\/v2\/types\/product"}],"wp:featuredmedia":[{"embeddable":true,"href":"https:\/\/galagar.com\/fr\/wp-json\/wp\/v2\/media\/29945"}],"wp:attachment":[{"href":"https:\/\/galagar.com\/fr\/wp-json\/wp\/v2\/media?parent=32191"}],"wp:term":[{"taxonomy":"product_brand","embeddable":true,"href":"https:\/\/galagar.com\/fr\/wp-json\/wp\/v2\/product_brand?post=32191"},{"taxonomy":"product_cat","embeddable":true,"href":"https:\/\/galagar.com\/fr\/wp-json\/wp\/v2\/product_cat?post=32191"},{"taxonomy":"product_tag","embeddable":true,"href":"https:\/\/galagar.com\/fr\/wp-json\/wp\/v2\/product_tag?post=32191"}],"curies":[{"name":"wp","href":"https:\/\/api.w.org\/{rel}","templated":true}]}}