{"id":32202,"date":"2024-07-17T07:01:45","date_gmt":"2024-07-17T05:01:45","guid":{"rendered":"https:\/\/galagar.com\/producto\/gala-2000-syner\/"},"modified":"2025-08-08T10:28:34","modified_gmt":"2025-08-08T08:28:34","slug":"gala-2000-syner","status":"publish","type":"product","link":"https:\/\/galagar.com\/fr\/produit\/gala-2000-syner\/","title":{"rendered":"Gala 2000 SYNER"},"content":{"rendered":"<div class=\"fusion-fullwidth fullwidth-box fusion-builder-row-1 fusion-flex-container has-pattern-background has-mask-background nonhundred-percent-fullwidth non-hundred-percent-height-scrolling\" style=\"--awb-border-radius-top-left:0px;--awb-border-radius-top-right:0px;--awb-border-radius-bottom-right:0px;--awb-border-radius-bottom-left:0px;--awb-flex-wrap:wrap;\" ><div class=\"fusion-builder-row fusion-row fusion-flex-align-items-flex-start fusion-flex-content-wrap\" style=\"max-width:1216.8px;margin-left: calc(-4% \/ 2 );margin-right: calc(-4% \/ 2 );\"><div class=\"fusion-layout-column fusion_builder_column fusion-builder-column-0 fusion_builder_column_2_3 2_3 fusion-flex-column\" style=\"--awb-bg-size:cover;--awb-width-large:66.666666666667%;--awb-margin-top-large:0px;--awb-spacing-right-large:2.88%;--awb-margin-bottom-large:20px;--awb-spacing-left-large:2.88%;--awb-width-medium:100%;--awb-order-medium:0;--awb-spacing-right-medium:1.92%;--awb-spacing-left-medium:1.92%;--awb-width-small:100%;--awb-order-small:0;--awb-spacing-right-small:1.92%;--awb-spacing-left-small:1.92%;\"><div class=\"fusion-column-wrapper fusion-column-has-shadow fusion-flex-justify-content-flex-start fusion-content-layout-column\">\n<div class=\"table-2\">\n<table width=\"100%\">\n<thead>\n<tr>\n<th align=\"left\">Caract\u00e9ristiques techniques de base<\/th>\n<th align=\"left\"><\/th>\n<\/tr>\n<\/thead>\n<tbody>\n<tr>\n<td align=\"left\">Tension d&#8217;alimentation<\/td>\n<td align=\"left\">1 Ph 230V \u00b1 15% &#8211; 50\/60 Hz.<\/td>\n<\/tr>\n<tr>\n<td align=\"left\">Plage de r\u00e9gulation<\/td>\n<td align=\"left\">20 \u00f7 200A<\/td>\n<\/tr>\n<tr>\n<td align=\"left\">Facteur de marche MMA 40\u00baC<\/td>\n<td align=\"left\">15 \u00f7 200A<\/td>\n<\/tr>\n<tr>\n<td align=\"left\">Facteur de service TIG 40\u00baC<\/td>\n<td align=\"left\">200 A \/ 35%<\/td>\n<\/tr>\n<tr>\n<td align=\"left\">\u00c9lectrodes X heure<\/td>\n<td align=\"left\">40 &#8211; \u00d8 3,25 mm. &#8211; 30 &#8211; \u00d8 400 mm.<\/td>\n<\/tr>\n<tr>\n<td align=\"left\">Puissance maximale absorb\u00e9e<\/td>\n<td align=\"left\">5,7 Kva<\/td>\n<\/tr>\n<tr>\n<td align=\"left\">Tension \u00e0 vide<\/td>\n<td align=\"left\">66 V.<\/td>\n<\/tr>\n<tr>\n<td align=\"left\">Poids<\/td>\n<td align=\"left\">4,5 kg.<\/td>\n<\/tr>\n<tr>\n<td align=\"left\">Dimensions (largeur x hauteur x longueur)<\/td>\n<td align=\"left\">135x242x338 mm.<\/td>\n<\/tr>\n<\/tbody>\n<\/table>\n<\/div>\n<\/div><\/div><div class=\"fusion-layout-column fusion_builder_column fusion-builder-column-1 fusion_builder_column_1_3 1_3 fusion-flex-column\" style=\"--awb-bg-size:cover;--awb-width-large:33.333333333333%;--awb-margin-top-large:0px;--awb-spacing-right-large:5.76%;--awb-margin-bottom-large:20px;--awb-spacing-left-large:5.76%;--awb-width-medium:100%;--awb-order-medium:0;--awb-spacing-right-medium:1.92%;--awb-spacing-left-medium:1.92%;--awb-width-small:100%;--awb-order-small:0;--awb-spacing-right-small:1.92%;--awb-spacing-left-small:1.92%;\"><div class=\"fusion-column-wrapper fusion-column-has-shadow fusion-flex-justify-content-flex-start fusion-content-layout-column\"><\/div><\/div><\/div><\/div>\n","protected":false},"excerpt":{"rendered":"<p><strong>Description :<\/strong><br \/>\nEquipement portable pour le soudage MMA et TIG en courant continu.<br \/>\nOnduleur haute performance \u00e0 technologie IGBT.<\/p>\n<p><strong>Utilisation :<\/strong><br \/>\nUsage professionnel, soudage d&#8217;\u00e9lectrodes enrob\u00e9es de rutile (MMA), d&#8217;\u00e9lectrodes basiques et inoxydables jusqu&#8217;\u00e0 \u00f8 4,00 mm. Soudage TIG avec allumage doux au moyen du syst\u00e8me Lift Arc, avec contr\u00f4le manuel du gaz.<\/p>\n<p><strong>Alimentation :<\/strong><br \/>\n1Ph. 230V \u00b110% &#8211; 50\/60Hz<\/p>\n<p><strong>Principaux avantages :<\/strong><br \/>\n&#8211; Grande portabilit\u00e9 avec poign\u00e9e de transport ergonomique, poids tr\u00e8s faible (4,5 kg) et dimensions r\u00e9duites.<br \/>\n&#8211; Syst\u00e8me de contr\u00f4le num\u00e9rique avanc\u00e9.<br \/>\n&#8211; Ecran LCD couleur 4 x 2 cm avec r\u00e9tro-\u00e9clairage LED.<br \/>\n&#8211; Mode MMA puls\u00e9 r\u00e9glable 1-5 Hz. &#8211; Hot Start r\u00e9glable 0-10 (aide \u00e0 l&#8217;amor\u00e7age). &#8211; Arc Force r\u00e9glable 0-10 (stabilise l&#8217;arc et la qualit\u00e9 de la soudure). Mode MMA puls\u00e9 r\u00e9glable 1-5 Hz.<br \/>\n&#8211; Hot Start r\u00e9glable 0-10 (aide \u00e0 l&#8217;amor\u00e7age)<br \/>\n&#8211; Arc Force r\u00e9glable 0-10 (stabilise l&#8217;arc et la qualit\u00e9 de soudage).<br \/>\n&#8211; Soudage TIG DC avec technologie Lift-Arc.<br \/>\n&#8211; Connecteurs de soudage 35\/50mm\u00b2.<\/p>\n","protected":false},"featured_media":29399,"template":"","meta":{"_acf_changed":false,"content-type":"","inline_featured_image":false,"_monsterinsights_skip_tracking":false,"_monsterinsights_sitenote_active":false,"_monsterinsights_sitenote_note":"","_monsterinsights_sitenote_category":0,"_joinchat":[]},"product_brand":[],"product_cat":[1329],"product_tag":[],"class_list":{"0":"post-32202","1":"product","2":"type-product","3":"status-publish","4":"has-post-thumbnail","6":"product_cat-electrode-mma","8":"first","9":"instock","10":"product-type-variable","11":"has-default-attributes"},"acf":[],"yoast_head":"<!-- This site is optimized with the Yoast SEO plugin v26.4 - https:\/\/yoast.com\/wordpress\/plugins\/seo\/ -->\n<title>Gala 2000 SYNER | GALA GAR - Productos de soldadura y reguladores de gas - Gas y soldadura<\/title>\n<meta name=\"robots\" content=\"index, follow, max-snippet:-1, max-image-preview:large, max-video-preview:-1\" \/>\n<link rel=\"canonical\" href=\"https:\/\/galagar.com\/fr\/produit\/gala-2000-syner\/\" \/>\n<meta property=\"og:locale\" content=\"fr_FR\" \/>\n<meta property=\"og:type\" content=\"article\" \/>\n<meta property=\"og:title\" content=\"Gala 2000 SYNER | GALA GAR - Productos de soldadura y reguladores de gas - Gas y soldadura\" \/>\n<meta property=\"og:description\" content=\"Description : Equipement portable pour le soudage MMA et TIG en courant continu. Onduleur haute performance \u00e0 technologie IGBT.  Utilisation : Usage professionnel, soudage d&#039;\u00e9lectrodes enrob\u00e9es de rutile (MMA), d&#039;\u00e9lectrodes basiques et inoxydables jusqu&#039;\u00e0 \u00f8 4,00 mm. Soudage TIG avec allumage doux au moyen du syst\u00e8me Lift Arc, avec contr\u00f4le manuel du gaz.  Alimentation : 1Ph. 230V \u00b110% - 50\/60Hz  Principaux avantages : - Grande portabilit\u00e9 avec poign\u00e9e de transport ergonomique, poids tr\u00e8s faible (4,5 kg) et dimensions r\u00e9duites. - Syst\u00e8me de contr\u00f4le num\u00e9rique avanc\u00e9. - Ecran LCD couleur 4 x 2 cm avec r\u00e9tro-\u00e9clairage LED. - Mode MMA puls\u00e9 r\u00e9glable 1-5 Hz. - Hot Start r\u00e9glable 0-10 (aide \u00e0 l&#039;amor\u00e7age). - Arc Force r\u00e9glable 0-10 (stabilise l&#039;arc et la qualit\u00e9 de la soudure). Mode MMA puls\u00e9 r\u00e9glable 1-5 Hz. - Hot Start r\u00e9glable 0-10 (aide \u00e0 l&#039;amor\u00e7age) - Arc Force r\u00e9glable 0-10 (stabilise l&#039;arc et la qualit\u00e9 de soudage). - Soudage TIG DC avec technologie Lift-Arc. - Connecteurs de soudage 35\/50mm\u00b2.\" \/>\n<meta property=\"og:url\" content=\"https:\/\/galagar.com\/fr\/produit\/gala-2000-syner\/\" \/>\n<meta property=\"og:site_name\" content=\"GALA GAR - Productos de soldadura y reguladores de gas - Gas y soldadura\" \/>\n<meta property=\"article:publisher\" content=\"https:\/\/www.facebook.com\/galagarsoldadura\/\" \/>\n<meta property=\"article:modified_time\" content=\"2025-08-08T08:28:34+00:00\" \/>\n<meta property=\"og:image\" content=\"https:\/\/galagar.com\/wp-content\/uploads\/2024\/07\/Gala2000-Syner-New.jpg\" \/>\n\t<meta property=\"og:image:width\" content=\"640\" \/>\n\t<meta property=\"og:image:height\" content=\"800\" \/>\n\t<meta property=\"og:image:type\" content=\"image\/jpeg\" \/>\n<meta name=\"twitter:card\" content=\"summary_large_image\" \/>\n<meta name=\"twitter:label1\" content=\"Dur\u00e9e de lecture estim\u00e9e\" \/>\n\t<meta name=\"twitter:data1\" content=\"1 minute\" \/>\n<script type=\"application\/ld+json\" class=\"yoast-schema-graph\">{\"@context\":\"https:\/\/schema.org\",\"@graph\":[{\"@type\":\"WebPage\",\"@id\":\"https:\/\/galagar.com\/fr\/produit\/gala-2000-syner\/\",\"url\":\"https:\/\/galagar.com\/fr\/produit\/gala-2000-syner\/\",\"name\":\"Gala 2000 SYNER | GALA GAR - Productos de soldadura y reguladores de gas - Gas y soldadura\",\"isPartOf\":{\"@id\":\"https:\/\/galagar.com\/fr\/#website\"},\"primaryImageOfPage\":{\"@id\":\"https:\/\/galagar.com\/fr\/produit\/gala-2000-syner\/#primaryimage\"},\"image\":{\"@id\":\"https:\/\/galagar.com\/fr\/produit\/gala-2000-syner\/#primaryimage\"},\"thumbnailUrl\":\"https:\/\/galagar.com\/wp-content\/uploads\/2024\/07\/Gala2000-Syner-New.jpg\",\"datePublished\":\"2024-07-17T05:01:45+00:00\",\"dateModified\":\"2025-08-08T08:28:34+00:00\",\"breadcrumb\":{\"@id\":\"https:\/\/galagar.com\/fr\/produit\/gala-2000-syner\/#breadcrumb\"},\"inLanguage\":\"fr-FR\",\"potentialAction\":[{\"@type\":\"ReadAction\",\"target\":[\"https:\/\/galagar.com\/fr\/produit\/gala-2000-syner\/\"]}]},{\"@type\":\"ImageObject\",\"inLanguage\":\"fr-FR\",\"@id\":\"https:\/\/galagar.com\/fr\/produit\/gala-2000-syner\/#primaryimage\",\"url\":\"https:\/\/galagar.com\/wp-content\/uploads\/2024\/07\/Gala2000-Syner-New.jpg\",\"contentUrl\":\"https:\/\/galagar.com\/wp-content\/uploads\/2024\/07\/Gala2000-Syner-New.jpg\",\"width\":640,\"height\":800},{\"@type\":\"BreadcrumbList\",\"@id\":\"https:\/\/galagar.com\/fr\/produit\/gala-2000-syner\/#breadcrumb\",\"itemListElement\":[{\"@type\":\"ListItem\",\"position\":1,\"name\":\"Inicio\",\"item\":\"https:\/\/galagar.com\/fr\/accueil\/\"},{\"@type\":\"ListItem\",\"position\":2,\"name\":\"Boutique\",\"item\":\"https:\/\/galagar.com\/fr\/boutique\/\"},{\"@type\":\"ListItem\",\"position\":3,\"name\":\"Produits\",\"item\":\"https:\/\/galagar.com\/fr\/tienda-online\/produits\/\"},{\"@type\":\"ListItem\",\"position\":4,\"name\":\"Soudage \u00e9lectrique\",\"item\":\"https:\/\/galagar.com\/fr\/tienda-online\/produits\/soudage-electrique\/\"},{\"@type\":\"ListItem\",\"position\":5,\"name\":\"MMA\",\"item\":\"https:\/\/galagar.com\/fr\/tienda-online\/produits\/soudage-electrique\/electrode-mma\/\"},{\"@type\":\"ListItem\",\"position\":6,\"name\":\"Gala 2000 SYNER\"}]},{\"@type\":\"WebSite\",\"@id\":\"https:\/\/galagar.com\/fr\/#website\",\"url\":\"https:\/\/galagar.com\/fr\/\",\"name\":\"GALA GAR - Productos de soldadura y reguladores de gas - Gas y soldadura\",\"description\":\"Gala Gar es fabricante de tecnolog\u00eda competitiva para soldadura (MMA-TIG-MIG\/MAG-CORTE POR PLASMA), regulaci\u00f3n de gases, y para soldadura y corte por gas.\",\"publisher\":{\"@id\":\"https:\/\/galagar.com\/fr\/#organization\"},\"potentialAction\":[{\"@type\":\"SearchAction\",\"target\":{\"@type\":\"EntryPoint\",\"urlTemplate\":\"https:\/\/galagar.com\/fr\/?s={search_term_string}\"},\"query-input\":{\"@type\":\"PropertyValueSpecification\",\"valueRequired\":true,\"valueName\":\"search_term_string\"}}],\"inLanguage\":\"fr-FR\"},{\"@type\":\"Organization\",\"@id\":\"https:\/\/galagar.com\/fr\/#organization\",\"name\":\"GALA GAR welding\",\"url\":\"https:\/\/galagar.com\/fr\/\",\"logo\":{\"@type\":\"ImageObject\",\"inLanguage\":\"fr-FR\",\"@id\":\"https:\/\/galagar.com\/fr\/#\/schema\/logo\/image\/\",\"url\":\"\",\"contentUrl\":\"\",\"caption\":\"GALA GAR welding\"},\"image\":{\"@id\":\"https:\/\/galagar.com\/fr\/#\/schema\/logo\/image\/\"},\"sameAs\":[\"https:\/\/www.facebook.com\/galagarsoldadura\/\",\"https:\/\/www.linkedin.com\/company\/gala-gar-sl\/?trk=biz-companies-cym\",\"https:\/\/www.youtube.com\/user\/galagarsp\",\"https:\/\/www.instagram.com\/galagar_soldadura\/?hl=es\"]}]}<\/script>\n<!-- \/ Yoast SEO plugin. -->","yoast_head_json":{"title":"Gala 2000 SYNER | GALA GAR - Productos de soldadura y reguladores de gas - Gas y soldadura","robots":{"index":"index","follow":"follow","max-snippet":"max-snippet:-1","max-image-preview":"max-image-preview:large","max-video-preview":"max-video-preview:-1"},"canonical":"https:\/\/galagar.com\/fr\/produit\/gala-2000-syner\/","og_locale":"fr_FR","og_type":"article","og_title":"Gala 2000 SYNER | GALA GAR - Productos de soldadura y reguladores de gas - Gas y soldadura","og_description":"Description : Equipement portable pour le soudage MMA et TIG en courant continu. Onduleur haute performance \u00e0 technologie IGBT.  Utilisation : Usage professionnel, soudage d'\u00e9lectrodes enrob\u00e9es de rutile (MMA), d'\u00e9lectrodes basiques et inoxydables jusqu'\u00e0 \u00f8 4,00 mm. Soudage TIG avec allumage doux au moyen du syst\u00e8me Lift Arc, avec contr\u00f4le manuel du gaz.  Alimentation : 1Ph. 230V \u00b110% - 50\/60Hz  Principaux avantages : - Grande portabilit\u00e9 avec poign\u00e9e de transport ergonomique, poids tr\u00e8s faible (4,5 kg) et dimensions r\u00e9duites. - Syst\u00e8me de contr\u00f4le num\u00e9rique avanc\u00e9. - Ecran LCD couleur 4 x 2 cm avec r\u00e9tro-\u00e9clairage LED. - Mode MMA puls\u00e9 r\u00e9glable 1-5 Hz. - Hot Start r\u00e9glable 0-10 (aide \u00e0 l'amor\u00e7age). - Arc Force r\u00e9glable 0-10 (stabilise l'arc et la qualit\u00e9 de la soudure). Mode MMA puls\u00e9 r\u00e9glable 1-5 Hz. - Hot Start r\u00e9glable 0-10 (aide \u00e0 l'amor\u00e7age) - Arc Force r\u00e9glable 0-10 (stabilise l'arc et la qualit\u00e9 de soudage). - Soudage TIG DC avec technologie Lift-Arc. - Connecteurs de soudage 35\/50mm\u00b2.","og_url":"https:\/\/galagar.com\/fr\/produit\/gala-2000-syner\/","og_site_name":"GALA GAR - Productos de soldadura y reguladores de gas - Gas y soldadura","article_publisher":"https:\/\/www.facebook.com\/galagarsoldadura\/","article_modified_time":"2025-08-08T08:28:34+00:00","og_image":[{"width":640,"height":800,"url":"https:\/\/galagar.com\/wp-content\/uploads\/2024\/07\/Gala2000-Syner-New.jpg","type":"image\/jpeg"}],"twitter_card":"summary_large_image","twitter_misc":{"Dur\u00e9e de lecture estim\u00e9e":"1 minute"},"schema":{"@context":"https:\/\/schema.org","@graph":[{"@type":"WebPage","@id":"https:\/\/galagar.com\/fr\/produit\/gala-2000-syner\/","url":"https:\/\/galagar.com\/fr\/produit\/gala-2000-syner\/","name":"Gala 2000 SYNER | GALA GAR - Productos de soldadura y reguladores de gas - Gas y soldadura","isPartOf":{"@id":"https:\/\/galagar.com\/fr\/#website"},"primaryImageOfPage":{"@id":"https:\/\/galagar.com\/fr\/produit\/gala-2000-syner\/#primaryimage"},"image":{"@id":"https:\/\/galagar.com\/fr\/produit\/gala-2000-syner\/#primaryimage"},"thumbnailUrl":"https:\/\/galagar.com\/wp-content\/uploads\/2024\/07\/Gala2000-Syner-New.jpg","datePublished":"2024-07-17T05:01:45+00:00","dateModified":"2025-08-08T08:28:34+00:00","breadcrumb":{"@id":"https:\/\/galagar.com\/fr\/produit\/gala-2000-syner\/#breadcrumb"},"inLanguage":"fr-FR","potentialAction":[{"@type":"ReadAction","target":["https:\/\/galagar.com\/fr\/produit\/gala-2000-syner\/"]}]},{"@type":"ImageObject","inLanguage":"fr-FR","@id":"https:\/\/galagar.com\/fr\/produit\/gala-2000-syner\/#primaryimage","url":"https:\/\/galagar.com\/wp-content\/uploads\/2024\/07\/Gala2000-Syner-New.jpg","contentUrl":"https:\/\/galagar.com\/wp-content\/uploads\/2024\/07\/Gala2000-Syner-New.jpg","width":640,"height":800},{"@type":"BreadcrumbList","@id":"https:\/\/galagar.com\/fr\/produit\/gala-2000-syner\/#breadcrumb","itemListElement":[{"@type":"ListItem","position":1,"name":"Inicio","item":"https:\/\/galagar.com\/fr\/accueil\/"},{"@type":"ListItem","position":2,"name":"Boutique","item":"https:\/\/galagar.com\/fr\/boutique\/"},{"@type":"ListItem","position":3,"name":"Produits","item":"https:\/\/galagar.com\/fr\/tienda-online\/produits\/"},{"@type":"ListItem","position":4,"name":"Soudage \u00e9lectrique","item":"https:\/\/galagar.com\/fr\/tienda-online\/produits\/soudage-electrique\/"},{"@type":"ListItem","position":5,"name":"MMA","item":"https:\/\/galagar.com\/fr\/tienda-online\/produits\/soudage-electrique\/electrode-mma\/"},{"@type":"ListItem","position":6,"name":"Gala 2000 SYNER"}]},{"@type":"WebSite","@id":"https:\/\/galagar.com\/fr\/#website","url":"https:\/\/galagar.com\/fr\/","name":"GALA GAR - Productos de soldadura y reguladores de gas - Gas y soldadura","description":"Gala Gar es fabricante de tecnolog\u00eda competitiva para soldadura (MMA-TIG-MIG\/MAG-CORTE POR PLASMA), regulaci\u00f3n de gases, y para soldadura y corte por gas.","publisher":{"@id":"https:\/\/galagar.com\/fr\/#organization"},"potentialAction":[{"@type":"SearchAction","target":{"@type":"EntryPoint","urlTemplate":"https:\/\/galagar.com\/fr\/?s={search_term_string}"},"query-input":{"@type":"PropertyValueSpecification","valueRequired":true,"valueName":"search_term_string"}}],"inLanguage":"fr-FR"},{"@type":"Organization","@id":"https:\/\/galagar.com\/fr\/#organization","name":"GALA GAR welding","url":"https:\/\/galagar.com\/fr\/","logo":{"@type":"ImageObject","inLanguage":"fr-FR","@id":"https:\/\/galagar.com\/fr\/#\/schema\/logo\/image\/","url":"","contentUrl":"","caption":"GALA GAR welding"},"image":{"@id":"https:\/\/galagar.com\/fr\/#\/schema\/logo\/image\/"},"sameAs":["https:\/\/www.facebook.com\/galagarsoldadura\/","https:\/\/www.linkedin.com\/company\/gala-gar-sl\/?trk=biz-companies-cym","https:\/\/www.youtube.com\/user\/galagarsp","https:\/\/www.instagram.com\/galagar_soldadura\/?hl=es"]}]}},"_links":{"self":[{"href":"https:\/\/galagar.com\/fr\/wp-json\/wp\/v2\/product\/32202","targetHints":{"allow":["GET"]}}],"collection":[{"href":"https:\/\/galagar.com\/fr\/wp-json\/wp\/v2\/product"}],"about":[{"href":"https:\/\/galagar.com\/fr\/wp-json\/wp\/v2\/types\/product"}],"wp:featuredmedia":[{"embeddable":true,"href":"https:\/\/galagar.com\/fr\/wp-json\/wp\/v2\/media\/29399"}],"wp:attachment":[{"href":"https:\/\/galagar.com\/fr\/wp-json\/wp\/v2\/media?parent=32202"}],"wp:term":[{"taxonomy":"product_brand","embeddable":true,"href":"https:\/\/galagar.com\/fr\/wp-json\/wp\/v2\/product_brand?post=32202"},{"taxonomy":"product_cat","embeddable":true,"href":"https:\/\/galagar.com\/fr\/wp-json\/wp\/v2\/product_cat?post=32202"},{"taxonomy":"product_tag","embeddable":true,"href":"https:\/\/galagar.com\/fr\/wp-json\/wp\/v2\/product_tag?post=32202"}],"curies":[{"name":"wp","href":"https:\/\/api.w.org\/{rel}","templated":true}]}}