{"id":32208,"date":"2024-07-17T07:01:45","date_gmt":"2024-07-17T05:01:45","guid":{"rendered":"https:\/\/galagar.com\/producto\/torche-turbogala-3pro\/"},"modified":"2025-08-08T10:37:01","modified_gmt":"2025-08-08T08:37:01","slug":"torche-turbogala-3pro","status":"publish","type":"product","link":"https:\/\/galagar.com\/fr\/produit\/torche-turbogala-3pro\/","title":{"rendered":"Torche TurboGala 3PRO"},"content":{"rendered":"","protected":false},"excerpt":{"rendered":"<p><strong>Description :<\/strong><br \/>\nTorche \u00e0 cartouche \u00e0 allumage pi\u00e9zo\u00e9lectrique jetable avec 3 lances interchangeables pour le brasage tendre et le chauffage.<\/p>\n<p><strong>Gaz :<\/strong><br \/>\n&#8211; Cartouches AeroGALA <strong>(filetage europ\u00e9en) :<\/strong><br \/>\nButane\/Propane\/Pentane\/Ac\u00e9tone<br \/>\n&#8211; Gaz MAPP<\/p>\n<p><strong>Applications :<\/strong><br \/>\n1. plomberie professionnelle et travaux de bricolage.<br \/>\n2. convient pour le brasage tendre et fort jusqu&#8217;\u00e0 \u00d8 22 mm.<br \/>\n3. brasage fin de bijoux et de petites pi\u00e8ces.<br \/>\n4. chauffage de pi\u00e8ces.<br \/>\n5.<\/p>\n<p><strong>Inclus :<\/strong><br \/>\n3 lances pour diff\u00e9rents types de soudure ou de chauffage.<\/p>\n","protected":false},"featured_media":29948,"template":"","meta":{"_acf_changed":false,"content-type":"","inline_featured_image":false,"_monsterinsights_skip_tracking":false,"_monsterinsights_sitenote_active":false,"_monsterinsights_sitenote_note":"","_monsterinsights_sitenote_category":0,"_joinchat":[]},"product_brand":[],"product_cat":[1373,1461,1544],"product_tag":[],"class_list":{"0":"post-32208","1":"product","2":"type-product","3":"status-publish","4":"has-post-thumbnail","6":"product_cat-soudage-flamme","7":"product_cat-aerobutane","8":"product_cat-chalumeaux","10":"first","11":"instock","12":"product-type-simple"},"acf":[],"yoast_head":"<!-- This site is optimized with the Yoast SEO plugin v26.4 - https:\/\/yoast.com\/wordpress\/plugins\/seo\/ -->\n<title>Torche TurboGala 3PRO | GALA GAR - Productos de soldadura y reguladores de gas - Gas y soldadura<\/title>\n<meta name=\"robots\" content=\"index, follow, max-snippet:-1, max-image-preview:large, max-video-preview:-1\" \/>\n<link rel=\"canonical\" href=\"https:\/\/galagar.com\/fr\/produit\/torche-turbogala-3pro\/\" \/>\n<meta property=\"og:locale\" content=\"fr_FR\" \/>\n<meta property=\"og:type\" content=\"article\" \/>\n<meta property=\"og:title\" content=\"Torche TurboGala 3PRO | GALA GAR - Productos de soldadura y reguladores de gas - Gas y soldadura\" \/>\n<meta property=\"og:description\" content=\"Description : Torche \u00e0 cartouche \u00e0 allumage pi\u00e9zo\u00e9lectrique jetable avec 3 lances interchangeables pour le brasage tendre et le chauffage.  Gaz : - Cartouches AeroGALA (filetage europ\u00e9en) : Butane\/Propane\/Pentane\/Ac\u00e9tone - Gaz MAPP  Applications : 1. plomberie professionnelle et travaux de bricolage. 2. convient pour le brasage tendre et fort jusqu&#039;\u00e0 \u00d8 22 mm. 3. brasage fin de bijoux et de petites pi\u00e8ces. 4. chauffage de pi\u00e8ces. 5.  Inclus : 3 lances pour diff\u00e9rents types de soudure ou de chauffage.\" \/>\n<meta property=\"og:url\" content=\"https:\/\/galagar.com\/fr\/produit\/torche-turbogala-3pro\/\" \/>\n<meta property=\"og:site_name\" content=\"GALA GAR - Productos de soldadura y reguladores de gas - Gas y soldadura\" \/>\n<meta property=\"article:publisher\" content=\"https:\/\/www.facebook.com\/galagarsoldadura\/\" \/>\n<meta property=\"article:modified_time\" content=\"2025-08-08T08:37:01+00:00\" \/>\n<meta property=\"og:image\" content=\"https:\/\/galagar.com\/wp-content\/uploads\/2024\/07\/SopleteMultiUsos_New.jpg\" \/>\n\t<meta property=\"og:image:width\" content=\"640\" \/>\n\t<meta property=\"og:image:height\" content=\"800\" \/>\n\t<meta property=\"og:image:type\" content=\"image\/jpeg\" \/>\n<meta name=\"twitter:card\" content=\"summary_large_image\" \/>\n<meta name=\"twitter:label1\" content=\"Dur\u00e9e de lecture estim\u00e9e\" \/>\n\t<meta name=\"twitter:data1\" content=\"1 minute\" \/>\n<script type=\"application\/ld+json\" class=\"yoast-schema-graph\">{\"@context\":\"https:\/\/schema.org\",\"@graph\":[{\"@type\":\"WebPage\",\"@id\":\"https:\/\/galagar.com\/fr\/produit\/torche-turbogala-3pro\/\",\"url\":\"https:\/\/galagar.com\/fr\/produit\/torche-turbogala-3pro\/\",\"name\":\"Torche TurboGala 3PRO | GALA GAR - Productos de soldadura y reguladores de gas - Gas y soldadura\",\"isPartOf\":{\"@id\":\"https:\/\/galagar.com\/fr\/#website\"},\"primaryImageOfPage\":{\"@id\":\"https:\/\/galagar.com\/fr\/produit\/torche-turbogala-3pro\/#primaryimage\"},\"image\":{\"@id\":\"https:\/\/galagar.com\/fr\/produit\/torche-turbogala-3pro\/#primaryimage\"},\"thumbnailUrl\":\"https:\/\/galagar.com\/wp-content\/uploads\/2024\/07\/SopleteMultiUsos_New.jpg\",\"datePublished\":\"2024-07-17T05:01:45+00:00\",\"dateModified\":\"2025-08-08T08:37:01+00:00\",\"breadcrumb\":{\"@id\":\"https:\/\/galagar.com\/fr\/produit\/torche-turbogala-3pro\/#breadcrumb\"},\"inLanguage\":\"fr-FR\",\"potentialAction\":[{\"@type\":\"ReadAction\",\"target\":[\"https:\/\/galagar.com\/fr\/produit\/torche-turbogala-3pro\/\"]}]},{\"@type\":\"ImageObject\",\"inLanguage\":\"fr-FR\",\"@id\":\"https:\/\/galagar.com\/fr\/produit\/torche-turbogala-3pro\/#primaryimage\",\"url\":\"https:\/\/galagar.com\/wp-content\/uploads\/2024\/07\/SopleteMultiUsos_New.jpg\",\"contentUrl\":\"https:\/\/galagar.com\/wp-content\/uploads\/2024\/07\/SopleteMultiUsos_New.jpg\",\"width\":640,\"height\":800},{\"@type\":\"BreadcrumbList\",\"@id\":\"https:\/\/galagar.com\/fr\/produit\/torche-turbogala-3pro\/#breadcrumb\",\"itemListElement\":[{\"@type\":\"ListItem\",\"position\":1,\"name\":\"Inicio\",\"item\":\"https:\/\/galagar.com\/fr\/accueil\/\"},{\"@type\":\"ListItem\",\"position\":2,\"name\":\"Boutique\",\"item\":\"https:\/\/galagar.com\/fr\/boutique\/\"},{\"@type\":\"ListItem\",\"position\":3,\"name\":\"Produits\",\"item\":\"https:\/\/galagar.com\/fr\/tienda-online\/produits\/\"},{\"@type\":\"ListItem\",\"position\":4,\"name\":\"Soudage flamme\",\"item\":\"https:\/\/galagar.com\/fr\/tienda-online\/produits\/soudage-flamme\/\"},{\"@type\":\"ListItem\",\"position\":5,\"name\":\"Torche TurboGala 3PRO\"}]},{\"@type\":\"WebSite\",\"@id\":\"https:\/\/galagar.com\/fr\/#website\",\"url\":\"https:\/\/galagar.com\/fr\/\",\"name\":\"GALA GAR - Productos de soldadura y reguladores de gas - Gas y soldadura\",\"description\":\"Gala Gar es fabricante de tecnolog\u00eda competitiva para soldadura (MMA-TIG-MIG\/MAG-CORTE POR PLASMA), regulaci\u00f3n de gases, y para soldadura y corte por gas.\",\"publisher\":{\"@id\":\"https:\/\/galagar.com\/fr\/#organization\"},\"potentialAction\":[{\"@type\":\"SearchAction\",\"target\":{\"@type\":\"EntryPoint\",\"urlTemplate\":\"https:\/\/galagar.com\/fr\/?s={search_term_string}\"},\"query-input\":{\"@type\":\"PropertyValueSpecification\",\"valueRequired\":true,\"valueName\":\"search_term_string\"}}],\"inLanguage\":\"fr-FR\"},{\"@type\":\"Organization\",\"@id\":\"https:\/\/galagar.com\/fr\/#organization\",\"name\":\"GALA GAR welding\",\"url\":\"https:\/\/galagar.com\/fr\/\",\"logo\":{\"@type\":\"ImageObject\",\"inLanguage\":\"fr-FR\",\"@id\":\"https:\/\/galagar.com\/fr\/#\/schema\/logo\/image\/\",\"url\":\"\",\"contentUrl\":\"\",\"caption\":\"GALA GAR welding\"},\"image\":{\"@id\":\"https:\/\/galagar.com\/fr\/#\/schema\/logo\/image\/\"},\"sameAs\":[\"https:\/\/www.facebook.com\/galagarsoldadura\/\",\"https:\/\/www.linkedin.com\/company\/gala-gar-sl\/?trk=biz-companies-cym\",\"https:\/\/www.youtube.com\/user\/galagarsp\",\"https:\/\/www.instagram.com\/galagar_soldadura\/?hl=es\"]}]}<\/script>\n<!-- \/ Yoast SEO plugin. -->","yoast_head_json":{"title":"Torche TurboGala 3PRO | GALA GAR - Productos de soldadura y reguladores de gas - Gas y soldadura","robots":{"index":"index","follow":"follow","max-snippet":"max-snippet:-1","max-image-preview":"max-image-preview:large","max-video-preview":"max-video-preview:-1"},"canonical":"https:\/\/galagar.com\/fr\/produit\/torche-turbogala-3pro\/","og_locale":"fr_FR","og_type":"article","og_title":"Torche TurboGala 3PRO | GALA GAR - Productos de soldadura y reguladores de gas - Gas y soldadura","og_description":"Description : Torche \u00e0 cartouche \u00e0 allumage pi\u00e9zo\u00e9lectrique jetable avec 3 lances interchangeables pour le brasage tendre et le chauffage.  Gaz : - Cartouches AeroGALA (filetage europ\u00e9en) : Butane\/Propane\/Pentane\/Ac\u00e9tone - Gaz MAPP  Applications : 1. plomberie professionnelle et travaux de bricolage. 2. convient pour le brasage tendre et fort jusqu'\u00e0 \u00d8 22 mm. 3. brasage fin de bijoux et de petites pi\u00e8ces. 4. chauffage de pi\u00e8ces. 5.  Inclus : 3 lances pour diff\u00e9rents types de soudure ou de chauffage.","og_url":"https:\/\/galagar.com\/fr\/produit\/torche-turbogala-3pro\/","og_site_name":"GALA GAR - Productos de soldadura y reguladores de gas - Gas y soldadura","article_publisher":"https:\/\/www.facebook.com\/galagarsoldadura\/","article_modified_time":"2025-08-08T08:37:01+00:00","og_image":[{"width":640,"height":800,"url":"https:\/\/galagar.com\/wp-content\/uploads\/2024\/07\/SopleteMultiUsos_New.jpg","type":"image\/jpeg"}],"twitter_card":"summary_large_image","twitter_misc":{"Dur\u00e9e de lecture estim\u00e9e":"1 minute"},"schema":{"@context":"https:\/\/schema.org","@graph":[{"@type":"WebPage","@id":"https:\/\/galagar.com\/fr\/produit\/torche-turbogala-3pro\/","url":"https:\/\/galagar.com\/fr\/produit\/torche-turbogala-3pro\/","name":"Torche TurboGala 3PRO | GALA GAR - Productos de soldadura y reguladores de gas - Gas y soldadura","isPartOf":{"@id":"https:\/\/galagar.com\/fr\/#website"},"primaryImageOfPage":{"@id":"https:\/\/galagar.com\/fr\/produit\/torche-turbogala-3pro\/#primaryimage"},"image":{"@id":"https:\/\/galagar.com\/fr\/produit\/torche-turbogala-3pro\/#primaryimage"},"thumbnailUrl":"https:\/\/galagar.com\/wp-content\/uploads\/2024\/07\/SopleteMultiUsos_New.jpg","datePublished":"2024-07-17T05:01:45+00:00","dateModified":"2025-08-08T08:37:01+00:00","breadcrumb":{"@id":"https:\/\/galagar.com\/fr\/produit\/torche-turbogala-3pro\/#breadcrumb"},"inLanguage":"fr-FR","potentialAction":[{"@type":"ReadAction","target":["https:\/\/galagar.com\/fr\/produit\/torche-turbogala-3pro\/"]}]},{"@type":"ImageObject","inLanguage":"fr-FR","@id":"https:\/\/galagar.com\/fr\/produit\/torche-turbogala-3pro\/#primaryimage","url":"https:\/\/galagar.com\/wp-content\/uploads\/2024\/07\/SopleteMultiUsos_New.jpg","contentUrl":"https:\/\/galagar.com\/wp-content\/uploads\/2024\/07\/SopleteMultiUsos_New.jpg","width":640,"height":800},{"@type":"BreadcrumbList","@id":"https:\/\/galagar.com\/fr\/produit\/torche-turbogala-3pro\/#breadcrumb","itemListElement":[{"@type":"ListItem","position":1,"name":"Inicio","item":"https:\/\/galagar.com\/fr\/accueil\/"},{"@type":"ListItem","position":2,"name":"Boutique","item":"https:\/\/galagar.com\/fr\/boutique\/"},{"@type":"ListItem","position":3,"name":"Produits","item":"https:\/\/galagar.com\/fr\/tienda-online\/produits\/"},{"@type":"ListItem","position":4,"name":"Soudage flamme","item":"https:\/\/galagar.com\/fr\/tienda-online\/produits\/soudage-flamme\/"},{"@type":"ListItem","position":5,"name":"Torche TurboGala 3PRO"}]},{"@type":"WebSite","@id":"https:\/\/galagar.com\/fr\/#website","url":"https:\/\/galagar.com\/fr\/","name":"GALA GAR - Productos de soldadura y reguladores de gas - Gas y soldadura","description":"Gala Gar es fabricante de tecnolog\u00eda competitiva para soldadura (MMA-TIG-MIG\/MAG-CORTE POR PLASMA), regulaci\u00f3n de gases, y para soldadura y corte por gas.","publisher":{"@id":"https:\/\/galagar.com\/fr\/#organization"},"potentialAction":[{"@type":"SearchAction","target":{"@type":"EntryPoint","urlTemplate":"https:\/\/galagar.com\/fr\/?s={search_term_string}"},"query-input":{"@type":"PropertyValueSpecification","valueRequired":true,"valueName":"search_term_string"}}],"inLanguage":"fr-FR"},{"@type":"Organization","@id":"https:\/\/galagar.com\/fr\/#organization","name":"GALA GAR welding","url":"https:\/\/galagar.com\/fr\/","logo":{"@type":"ImageObject","inLanguage":"fr-FR","@id":"https:\/\/galagar.com\/fr\/#\/schema\/logo\/image\/","url":"","contentUrl":"","caption":"GALA GAR welding"},"image":{"@id":"https:\/\/galagar.com\/fr\/#\/schema\/logo\/image\/"},"sameAs":["https:\/\/www.facebook.com\/galagarsoldadura\/","https:\/\/www.linkedin.com\/company\/gala-gar-sl\/?trk=biz-companies-cym","https:\/\/www.youtube.com\/user\/galagarsp","https:\/\/www.instagram.com\/galagar_soldadura\/?hl=es"]}]}},"_links":{"self":[{"href":"https:\/\/galagar.com\/fr\/wp-json\/wp\/v2\/product\/32208","targetHints":{"allow":["GET"]}}],"collection":[{"href":"https:\/\/galagar.com\/fr\/wp-json\/wp\/v2\/product"}],"about":[{"href":"https:\/\/galagar.com\/fr\/wp-json\/wp\/v2\/types\/product"}],"wp:featuredmedia":[{"embeddable":true,"href":"https:\/\/galagar.com\/fr\/wp-json\/wp\/v2\/media\/29948"}],"wp:attachment":[{"href":"https:\/\/galagar.com\/fr\/wp-json\/wp\/v2\/media?parent=32208"}],"wp:term":[{"taxonomy":"product_brand","embeddable":true,"href":"https:\/\/galagar.com\/fr\/wp-json\/wp\/v2\/product_brand?post=32208"},{"taxonomy":"product_cat","embeddable":true,"href":"https:\/\/galagar.com\/fr\/wp-json\/wp\/v2\/product_cat?post=32208"},{"taxonomy":"product_tag","embeddable":true,"href":"https:\/\/galagar.com\/fr\/wp-json\/wp\/v2\/product_tag?post=32208"}],"curies":[{"name":"wp","href":"https:\/\/api.w.org\/{rel}","templated":true}]}}