{"id":32216,"date":"2024-07-17T07:01:45","date_gmt":"2024-07-17T05:01:45","guid":{"rendered":"https:\/\/galagar.com\/producto\/gala-plus-torche-a-bruler\/"},"modified":"2025-08-08T10:46:28","modified_gmt":"2025-08-08T08:46:28","slug":"gala-plus-torche-a-bruler","status":"publish","type":"product","link":"https:\/\/galagar.com\/fr\/produit\/gala-plus-torche-a-bruler\/","title":{"rendered":"Gala PLUS torche \u00e0 br\u00fbler"},"content":{"rendered":"","protected":false},"excerpt":{"rendered":"<p><strong>Description :<\/strong><br \/>\nChalumeau aspirant Aerobutane avec poign\u00e9e en plastique. Syst\u00e8me de r\u00e9gulation du d\u00e9bit de gaz.<br \/>\nBuse \u00d8 75 mm pour les travaux de chauffage \u00e0 faible temp\u00e9rature de flamme et les grandes surfaces de travail.<\/p>\n<p><strong>Applications :<\/strong><br \/>\nTravail de chauffage professionnel pour la pose de mat\u00e9riaux plastiques, de feutre de toiture, etc.<\/p>\n","protected":false},"featured_media":30081,"template":"","meta":{"_acf_changed":false,"content-type":"","inline_featured_image":false,"_monsterinsights_skip_tracking":false,"_monsterinsights_sitenote_active":false,"_monsterinsights_sitenote_note":"","_monsterinsights_sitenote_category":0,"_joinchat":[]},"product_brand":[],"product_cat":[1461],"product_tag":[],"class_list":{"0":"post-32216","1":"product","2":"type-product","3":"status-publish","4":"has-post-thumbnail","6":"product_cat-aerobutane","8":"first","9":"instock","10":"product-type-simple"},"acf":[],"yoast_head":"<!-- This site is optimized with the Yoast SEO plugin v26.4 - https:\/\/yoast.com\/wordpress\/plugins\/seo\/ -->\n<title>Gala PLUS torche \u00e0 br\u00fbler | GALA GAR - Productos de soldadura y reguladores de gas - Gas y soldadura<\/title>\n<meta name=\"robots\" content=\"index, follow, max-snippet:-1, max-image-preview:large, max-video-preview:-1\" \/>\n<link rel=\"canonical\" href=\"https:\/\/galagar.com\/fr\/produit\/gala-plus-torche-a-bruler\/\" \/>\n<meta property=\"og:locale\" content=\"fr_FR\" \/>\n<meta property=\"og:type\" content=\"article\" \/>\n<meta property=\"og:title\" content=\"Gala PLUS torche \u00e0 br\u00fbler | GALA GAR - Productos de soldadura y reguladores de gas - Gas y soldadura\" \/>\n<meta property=\"og:description\" content=\"Description : Chalumeau aspirant Aerobutane avec poign\u00e9e en plastique. Syst\u00e8me de r\u00e9gulation du d\u00e9bit de gaz. Buse \u00d8 75 mm pour les travaux de chauffage \u00e0 faible temp\u00e9rature de flamme et les grandes surfaces de travail.  Applications : Travail de chauffage professionnel pour la pose de mat\u00e9riaux plastiques, de feutre de toiture, etc.\" \/>\n<meta property=\"og:url\" content=\"https:\/\/galagar.com\/fr\/produit\/gala-plus-torche-a-bruler\/\" \/>\n<meta property=\"og:site_name\" content=\"GALA GAR - Productos de soldadura y reguladores de gas - Gas y soldadura\" \/>\n<meta property=\"article:publisher\" content=\"https:\/\/www.facebook.com\/galagarsoldadura\/\" \/>\n<meta property=\"article:modified_time\" content=\"2025-08-08T08:46:28+00:00\" \/>\n<meta property=\"og:image\" content=\"https:\/\/galagar.com\/wp-content\/uploads\/2024\/07\/Chanuscador_New_2.jpg\" \/>\n\t<meta property=\"og:image:width\" content=\"640\" \/>\n\t<meta property=\"og:image:height\" content=\"800\" \/>\n\t<meta property=\"og:image:type\" content=\"image\/jpeg\" \/>\n<meta name=\"twitter:card\" content=\"summary_large_image\" \/>\n<meta name=\"twitter:label1\" content=\"Dur\u00e9e de lecture estim\u00e9e\" \/>\n\t<meta name=\"twitter:data1\" content=\"1 minute\" \/>\n<script type=\"application\/ld+json\" class=\"yoast-schema-graph\">{\"@context\":\"https:\/\/schema.org\",\"@graph\":[{\"@type\":\"WebPage\",\"@id\":\"https:\/\/galagar.com\/fr\/produit\/gala-plus-torche-a-bruler\/\",\"url\":\"https:\/\/galagar.com\/fr\/produit\/gala-plus-torche-a-bruler\/\",\"name\":\"Gala PLUS torche \u00e0 br\u00fbler | GALA GAR - Productos de soldadura y reguladores de gas - Gas y soldadura\",\"isPartOf\":{\"@id\":\"https:\/\/galagar.com\/fr\/#website\"},\"primaryImageOfPage\":{\"@id\":\"https:\/\/galagar.com\/fr\/produit\/gala-plus-torche-a-bruler\/#primaryimage\"},\"image\":{\"@id\":\"https:\/\/galagar.com\/fr\/produit\/gala-plus-torche-a-bruler\/#primaryimage\"},\"thumbnailUrl\":\"https:\/\/galagar.com\/wp-content\/uploads\/2024\/07\/Chanuscador_New_2.jpg\",\"datePublished\":\"2024-07-17T05:01:45+00:00\",\"dateModified\":\"2025-08-08T08:46:28+00:00\",\"breadcrumb\":{\"@id\":\"https:\/\/galagar.com\/fr\/produit\/gala-plus-torche-a-bruler\/#breadcrumb\"},\"inLanguage\":\"fr-FR\",\"potentialAction\":[{\"@type\":\"ReadAction\",\"target\":[\"https:\/\/galagar.com\/fr\/produit\/gala-plus-torche-a-bruler\/\"]}]},{\"@type\":\"ImageObject\",\"inLanguage\":\"fr-FR\",\"@id\":\"https:\/\/galagar.com\/fr\/produit\/gala-plus-torche-a-bruler\/#primaryimage\",\"url\":\"https:\/\/galagar.com\/wp-content\/uploads\/2024\/07\/Chanuscador_New_2.jpg\",\"contentUrl\":\"https:\/\/galagar.com\/wp-content\/uploads\/2024\/07\/Chanuscador_New_2.jpg\",\"width\":640,\"height\":800},{\"@type\":\"BreadcrumbList\",\"@id\":\"https:\/\/galagar.com\/fr\/produit\/gala-plus-torche-a-bruler\/#breadcrumb\",\"itemListElement\":[{\"@type\":\"ListItem\",\"position\":1,\"name\":\"Inicio\",\"item\":\"https:\/\/galagar.com\/fr\/accueil\/\"},{\"@type\":\"ListItem\",\"position\":2,\"name\":\"Boutique\",\"item\":\"https:\/\/galagar.com\/fr\/boutique\/\"},{\"@type\":\"ListItem\",\"position\":3,\"name\":\"Produits\",\"item\":\"https:\/\/galagar.com\/fr\/tienda-online\/produits\/\"},{\"@type\":\"ListItem\",\"position\":4,\"name\":\"Soudage flamme\",\"item\":\"https:\/\/galagar.com\/fr\/tienda-online\/produits\/soudage-flamme\/\"},{\"@type\":\"ListItem\",\"position\":5,\"name\":\"A\u00e9robutane\",\"item\":\"https:\/\/galagar.com\/fr\/tienda-online\/produits\/soudage-flamme\/aerobutane\/\"},{\"@type\":\"ListItem\",\"position\":6,\"name\":\"Gala PLUS torche \u00e0 br\u00fbler\"}]},{\"@type\":\"WebSite\",\"@id\":\"https:\/\/galagar.com\/fr\/#website\",\"url\":\"https:\/\/galagar.com\/fr\/\",\"name\":\"GALA GAR - Productos de soldadura y reguladores de gas - Gas y soldadura\",\"description\":\"Gala Gar es fabricante de tecnolog\u00eda competitiva para soldadura (MMA-TIG-MIG\/MAG-CORTE POR PLASMA), regulaci\u00f3n de gases, y para soldadura y corte por gas.\",\"publisher\":{\"@id\":\"https:\/\/galagar.com\/fr\/#organization\"},\"potentialAction\":[{\"@type\":\"SearchAction\",\"target\":{\"@type\":\"EntryPoint\",\"urlTemplate\":\"https:\/\/galagar.com\/fr\/?s={search_term_string}\"},\"query-input\":{\"@type\":\"PropertyValueSpecification\",\"valueRequired\":true,\"valueName\":\"search_term_string\"}}],\"inLanguage\":\"fr-FR\"},{\"@type\":\"Organization\",\"@id\":\"https:\/\/galagar.com\/fr\/#organization\",\"name\":\"GALA GAR welding\",\"url\":\"https:\/\/galagar.com\/fr\/\",\"logo\":{\"@type\":\"ImageObject\",\"inLanguage\":\"fr-FR\",\"@id\":\"https:\/\/galagar.com\/fr\/#\/schema\/logo\/image\/\",\"url\":\"\",\"contentUrl\":\"\",\"caption\":\"GALA GAR welding\"},\"image\":{\"@id\":\"https:\/\/galagar.com\/fr\/#\/schema\/logo\/image\/\"},\"sameAs\":[\"https:\/\/www.facebook.com\/galagarsoldadura\/\",\"https:\/\/www.linkedin.com\/company\/gala-gar-sl\/?trk=biz-companies-cym\",\"https:\/\/www.youtube.com\/user\/galagarsp\",\"https:\/\/www.instagram.com\/galagar_soldadura\/?hl=es\"]}]}<\/script>\n<!-- \/ Yoast SEO plugin. -->","yoast_head_json":{"title":"Gala PLUS torche \u00e0 br\u00fbler | GALA GAR - Productos de soldadura y reguladores de gas - Gas y soldadura","robots":{"index":"index","follow":"follow","max-snippet":"max-snippet:-1","max-image-preview":"max-image-preview:large","max-video-preview":"max-video-preview:-1"},"canonical":"https:\/\/galagar.com\/fr\/produit\/gala-plus-torche-a-bruler\/","og_locale":"fr_FR","og_type":"article","og_title":"Gala PLUS torche \u00e0 br\u00fbler | GALA GAR - Productos de soldadura y reguladores de gas - Gas y soldadura","og_description":"Description : Chalumeau aspirant Aerobutane avec poign\u00e9e en plastique. Syst\u00e8me de r\u00e9gulation du d\u00e9bit de gaz. Buse \u00d8 75 mm pour les travaux de chauffage \u00e0 faible temp\u00e9rature de flamme et les grandes surfaces de travail.  Applications : Travail de chauffage professionnel pour la pose de mat\u00e9riaux plastiques, de feutre de toiture, etc.","og_url":"https:\/\/galagar.com\/fr\/produit\/gala-plus-torche-a-bruler\/","og_site_name":"GALA GAR - Productos de soldadura y reguladores de gas - Gas y soldadura","article_publisher":"https:\/\/www.facebook.com\/galagarsoldadura\/","article_modified_time":"2025-08-08T08:46:28+00:00","og_image":[{"width":640,"height":800,"url":"https:\/\/galagar.com\/wp-content\/uploads\/2024\/07\/Chanuscador_New_2.jpg","type":"image\/jpeg"}],"twitter_card":"summary_large_image","twitter_misc":{"Dur\u00e9e de lecture estim\u00e9e":"1 minute"},"schema":{"@context":"https:\/\/schema.org","@graph":[{"@type":"WebPage","@id":"https:\/\/galagar.com\/fr\/produit\/gala-plus-torche-a-bruler\/","url":"https:\/\/galagar.com\/fr\/produit\/gala-plus-torche-a-bruler\/","name":"Gala PLUS torche \u00e0 br\u00fbler | GALA GAR - Productos de soldadura y reguladores de gas - Gas y soldadura","isPartOf":{"@id":"https:\/\/galagar.com\/fr\/#website"},"primaryImageOfPage":{"@id":"https:\/\/galagar.com\/fr\/produit\/gala-plus-torche-a-bruler\/#primaryimage"},"image":{"@id":"https:\/\/galagar.com\/fr\/produit\/gala-plus-torche-a-bruler\/#primaryimage"},"thumbnailUrl":"https:\/\/galagar.com\/wp-content\/uploads\/2024\/07\/Chanuscador_New_2.jpg","datePublished":"2024-07-17T05:01:45+00:00","dateModified":"2025-08-08T08:46:28+00:00","breadcrumb":{"@id":"https:\/\/galagar.com\/fr\/produit\/gala-plus-torche-a-bruler\/#breadcrumb"},"inLanguage":"fr-FR","potentialAction":[{"@type":"ReadAction","target":["https:\/\/galagar.com\/fr\/produit\/gala-plus-torche-a-bruler\/"]}]},{"@type":"ImageObject","inLanguage":"fr-FR","@id":"https:\/\/galagar.com\/fr\/produit\/gala-plus-torche-a-bruler\/#primaryimage","url":"https:\/\/galagar.com\/wp-content\/uploads\/2024\/07\/Chanuscador_New_2.jpg","contentUrl":"https:\/\/galagar.com\/wp-content\/uploads\/2024\/07\/Chanuscador_New_2.jpg","width":640,"height":800},{"@type":"BreadcrumbList","@id":"https:\/\/galagar.com\/fr\/produit\/gala-plus-torche-a-bruler\/#breadcrumb","itemListElement":[{"@type":"ListItem","position":1,"name":"Inicio","item":"https:\/\/galagar.com\/fr\/accueil\/"},{"@type":"ListItem","position":2,"name":"Boutique","item":"https:\/\/galagar.com\/fr\/boutique\/"},{"@type":"ListItem","position":3,"name":"Produits","item":"https:\/\/galagar.com\/fr\/tienda-online\/produits\/"},{"@type":"ListItem","position":4,"name":"Soudage flamme","item":"https:\/\/galagar.com\/fr\/tienda-online\/produits\/soudage-flamme\/"},{"@type":"ListItem","position":5,"name":"A\u00e9robutane","item":"https:\/\/galagar.com\/fr\/tienda-online\/produits\/soudage-flamme\/aerobutane\/"},{"@type":"ListItem","position":6,"name":"Gala PLUS torche \u00e0 br\u00fbler"}]},{"@type":"WebSite","@id":"https:\/\/galagar.com\/fr\/#website","url":"https:\/\/galagar.com\/fr\/","name":"GALA GAR - Productos de soldadura y reguladores de gas - Gas y soldadura","description":"Gala Gar es fabricante de tecnolog\u00eda competitiva para soldadura (MMA-TIG-MIG\/MAG-CORTE POR PLASMA), regulaci\u00f3n de gases, y para soldadura y corte por gas.","publisher":{"@id":"https:\/\/galagar.com\/fr\/#organization"},"potentialAction":[{"@type":"SearchAction","target":{"@type":"EntryPoint","urlTemplate":"https:\/\/galagar.com\/fr\/?s={search_term_string}"},"query-input":{"@type":"PropertyValueSpecification","valueRequired":true,"valueName":"search_term_string"}}],"inLanguage":"fr-FR"},{"@type":"Organization","@id":"https:\/\/galagar.com\/fr\/#organization","name":"GALA GAR welding","url":"https:\/\/galagar.com\/fr\/","logo":{"@type":"ImageObject","inLanguage":"fr-FR","@id":"https:\/\/galagar.com\/fr\/#\/schema\/logo\/image\/","url":"","contentUrl":"","caption":"GALA GAR welding"},"image":{"@id":"https:\/\/galagar.com\/fr\/#\/schema\/logo\/image\/"},"sameAs":["https:\/\/www.facebook.com\/galagarsoldadura\/","https:\/\/www.linkedin.com\/company\/gala-gar-sl\/?trk=biz-companies-cym","https:\/\/www.youtube.com\/user\/galagarsp","https:\/\/www.instagram.com\/galagar_soldadura\/?hl=es"]}]}},"_links":{"self":[{"href":"https:\/\/galagar.com\/fr\/wp-json\/wp\/v2\/product\/32216","targetHints":{"allow":["GET"]}}],"collection":[{"href":"https:\/\/galagar.com\/fr\/wp-json\/wp\/v2\/product"}],"about":[{"href":"https:\/\/galagar.com\/fr\/wp-json\/wp\/v2\/types\/product"}],"wp:featuredmedia":[{"embeddable":true,"href":"https:\/\/galagar.com\/fr\/wp-json\/wp\/v2\/media\/30081"}],"wp:attachment":[{"href":"https:\/\/galagar.com\/fr\/wp-json\/wp\/v2\/media?parent=32216"}],"wp:term":[{"taxonomy":"product_brand","embeddable":true,"href":"https:\/\/galagar.com\/fr\/wp-json\/wp\/v2\/product_brand?post=32216"},{"taxonomy":"product_cat","embeddable":true,"href":"https:\/\/galagar.com\/fr\/wp-json\/wp\/v2\/product_cat?post=32216"},{"taxonomy":"product_tag","embeddable":true,"href":"https:\/\/galagar.com\/fr\/wp-json\/wp\/v2\/product_tag?post=32216"}],"curies":[{"name":"wp","href":"https:\/\/api.w.org\/{rel}","templated":true}]}}